{"id":9041,"date":"2021-10-27T12:10:43","date_gmt":"2021-10-27T12:10:43","guid":{"rendered":"https:\/\/www.institutfrancais-lituanie.com\/?page_id=9041"},"modified":"2024-02-05T10:53:00","modified_gmt":"2024-02-05T10:53:00","slug":"programme-de-stage-fle","status":"publish","type":"page","link":"https:\/\/www.institutfrancais-lituanie.com\/fr\/langue-education\/programme-de-stage-fle\/","title":{"rendered":"PROGRAMME DE STAGE DE MASTER FLE"},"content":{"rendered":"<div class=\"wpb-content-wrapper\"><p>[vc_row][vc_column][vc_column_text]<span style=\"color: #008ac9;\"><strong>Programme de stage de master fran\u00e7ais langue \u00e9trang\u00e8re (FLE)<\/strong><\/span><\/p>\n<hr \/>\n<p>Propos\u00e9 par le minist\u00e8re de l\u2019Europe et des Affaires \u00e9trang\u00e8res (MEAE), le programme Fran\u00e7ais Langue \u00c9trang\u00e8re (FLE) est ouvert aux \u00e9tudiants inscrits en Master ou dipl\u00f4m\u00e9s de FLE en France. Il permet de partir enseigner le fran\u00e7ais dans des \u00e9tablissements \u00e9trangers pour une dur\u00e9e de 6 mois.<\/p>\n<p>Le programme de stage FLE permet d\u2019acqu\u00e9rir une double exp\u00e9rience : l\u2019\u2019 une au sein d\u2019un syst\u00e8me \u00e9ducatif \u00e9tranger, l\u2019autre au sein d\u2019un acteur du r\u00e9seau culturel fran\u00e7ais \u00e0 l\u2019\u00e9tranger.<\/p>\n<p>Ce programme de stage offre la possibilit\u00e9 de r\u00e9aliser un double stage : dans un \u00e9tablissement scolaire ou universitaire \u00e0 l\u2019\u00e9tranger (enseignement de FLE), et \u00e9galement dans un Institut fran\u00e7ais ou une Alliance fran\u00e7aise, dans le domaine de la coop\u00e9ration linguistique et \u00e9ducative.<\/p>\n<p>Dans le cadre de ce programme, l\u2019Institut fran\u00e7ais de Lituanie accueille depuis de nombreuses ann\u00e9es de jeunes futurs professionnels de l\u2019enseignement du FLE pour enseigner au sein des universit\u00e9s lituaniennes et des \u00e9tablissements scolaires proposant l\u2019enseignement de la langue fran\u00e7aise et du soutien des \u00e9tablissements bilingues.<\/p>\n<p><strong>Stagiaires<\/strong><\/p>\n<p>Chaque ann\u00e9e, l\u2019Institut fran\u00e7ais de Lituanie accueille au sein de son \u00e9quipe des stagiaires FLE qui interviennent dans les \u00e9tablissements scolaires et universitaires de Vilnius, de Kaunas et de Kla\u00efpeda.<\/p>\n<p><strong>Comment devenir stagiaire ?<\/strong><\/p>\n<p>Que vous soyez ici pour une candidature spontan\u00e9e ou en r\u00e9ponse \u00e0 une annonce de stage lue sur fle.fr, n\u2019h\u00e9sitez pas \u00e0 postulez !<\/p>\n<p>Le stage dure 6 mois, \u00e0 raison de 30 heures par semaine dont 20 heures d\u2019enseignement du fran\u00e7ais, de 5 heures de pr\u00e9paration de cours et de 10h de coop\u00e9ration \u00e9ducative et linguistique.<\/p>\n<p>Pour postuler, c\u2019est tr\u00e8s simple !\u00a0 Envoyer votre CV en fran\u00e7ais ainsi qu\u2019une lettre de motivation \u00e0 Mme Olga Paleckeni\u0117, Charg\u00e9e de mission linguistique et \u00e9ducative \u00e0 cette adresse m\u00e9l : <a href=\"mailto:olga.paleckiene@institutfrancais-lituanie.com\">olga.paleckiene@institutfrancais-lituanie.com<\/a><\/p>\n<p><a href=\"https:\/\/www.institutfrancais-lituanie.com\/wp-content\/uploads\/2024\/02\/Stage-Master-FLE-Final-1.pdf\" target=\"_blank\" rel=\"noopener\">T\u00e9l\u00e9chargez la plaquette en fran\u00e7ais<\/a><\/p>\n<p><a href=\"https:\/\/www.institutfrancais-lituanie.com\/wp-content\/uploads\/2024\/02\/Livret-daccueil-des-stagiaires-FINAL.pdf\" target=\"_blank\" rel=\"noopener\">T\u00e9l\u00e9chargez le livret d\u2019accueil des stagiaires<\/a>[\/vc_column_text][\/vc_column][\/vc_row]<\/p>\n<\/div>","protected":false},"excerpt":{"rendered":"[vc_row][vc_column][vc_column_text]Programme de stage de master fran\u00e7ais langue \u00e9trang\u00e8re (FLE) Propos\u00e9 par le minist\u00e8re de l\u2019Europe&hellip;","protected":false},"author":7,"featured_media":14427,"parent":8642,"menu_order":0,"comment_status":"closed","ping_status":"closed","template":"","meta":{"footnotes":""},"class_list":["post-9041","page","type-page","status-publish","has-post-thumbnail","hentry"],"yoast_head":"<!-- This site is optimized with the Yoast SEO plugin v23.2 - https:\/\/yoast.com\/wordpress\/plugins\/seo\/ -->\n<title>PROGRAMME DE STAGE DE MASTER FLE - IF Lituanie<\/title>\n<meta name=\"robots\" content=\"index, follow, max-snippet:-1, max-image-preview:large, max-video-preview:-1\" \/>\n<link rel=\"canonical\" href=\"https:\/\/www.institutfrancais-lituanie.com\/fr\/langue-education\/programme-de-stage-fle\/\" \/>\n<meta property=\"og:locale\" content=\"fr_FR\" \/>\n<meta property=\"og:type\" content=\"article\" \/>\n<meta property=\"og:title\" content=\"PROGRAMME DE STAGE DE MASTER FLE - IF Lituanie\" \/>\n<meta property=\"og:url\" content=\"https:\/\/www.institutfrancais-lituanie.com\/fr\/langue-education\/programme-de-stage-fle\/\" \/>\n<meta property=\"og:site_name\" content=\"IF Lituanie\" \/>\n<meta property=\"article:publisher\" content=\"https:\/\/www.facebook.com\/prancuzuinstitutas\/\" \/>\n<meta property=\"article:modified_time\" content=\"2024-02-05T10:53:00+00:00\" \/>\n<meta property=\"og:image\" content=\"https:\/\/www.institutfrancais-lituanie.com\/wp-content\/uploads\/2024\/02\/MASTER-FLE.jpg\" \/>\n\t<meta property=\"og:image:width\" content=\"1191\" \/>\n\t<meta property=\"og:image:height\" content=\"654\" \/>\n\t<meta property=\"og:image:type\" content=\"image\/jpeg\" \/>\n<meta name=\"twitter:card\" content=\"summary_large_image\" \/>\n<meta name=\"twitter:label1\" content=\"Est. reading time\" \/>\n\t<meta name=\"twitter:data1\" content=\"2 minutes\" \/>\n<script type=\"application\/ld+json\" class=\"yoast-schema-graph\">{\"@context\":\"https:\/\/schema.org\",\"@graph\":[{\"@type\":\"WebPage\",\"@id\":\"https:\/\/www.institutfrancais-lituanie.com\/fr\/langue-education\/programme-de-stage-fle\/\",\"url\":\"https:\/\/www.institutfrancais-lituanie.com\/fr\/langue-education\/programme-de-stage-fle\/\",\"name\":\"PROGRAMME DE STAGE DE MASTER FLE - IF Lituanie\",\"isPartOf\":{\"@id\":\"https:\/\/www.institutfrancais-lituanie.com\/fr\/#website\"},\"primaryImageOfPage\":{\"@id\":\"https:\/\/www.institutfrancais-lituanie.com\/fr\/langue-education\/programme-de-stage-fle\/#primaryimage\"},\"image\":{\"@id\":\"https:\/\/www.institutfrancais-lituanie.com\/fr\/langue-education\/programme-de-stage-fle\/#primaryimage\"},\"thumbnailUrl\":\"https:\/\/www.institutfrancais-lituanie.com\/wp-content\/uploads\/2024\/02\/MASTER-FLE.jpg\",\"datePublished\":\"2021-10-27T12:10:43+00:00\",\"dateModified\":\"2024-02-05T10:53:00+00:00\",\"breadcrumb\":{\"@id\":\"https:\/\/www.institutfrancais-lituanie.com\/fr\/langue-education\/programme-de-stage-fle\/#breadcrumb\"},\"inLanguage\":\"fr-FR\",\"potentialAction\":[{\"@type\":\"ReadAction\",\"target\":[\"https:\/\/www.institutfrancais-lituanie.com\/fr\/langue-education\/programme-de-stage-fle\/\"]}]},{\"@type\":\"ImageObject\",\"inLanguage\":\"fr-FR\",\"@id\":\"https:\/\/www.institutfrancais-lituanie.com\/fr\/langue-education\/programme-de-stage-fle\/#primaryimage\",\"url\":\"https:\/\/www.institutfrancais-lituanie.com\/wp-content\/uploads\/2024\/02\/MASTER-FLE.jpg\",\"contentUrl\":\"https:\/\/www.institutfrancais-lituanie.com\/wp-content\/uploads\/2024\/02\/MASTER-FLE.jpg\",\"width\":1191,\"height\":654},{\"@type\":\"BreadcrumbList\",\"@id\":\"https:\/\/www.institutfrancais-lituanie.com\/fr\/langue-education\/programme-de-stage-fle\/#breadcrumb\",\"itemListElement\":[{\"@type\":\"ListItem\",\"position\":1,\"name\":\"Home\",\"item\":\"https:\/\/www.institutfrancais-lituanie.com\/fr\/\"},{\"@type\":\"ListItem\",\"position\":2,\"name\":\"Langue et Education\",\"item\":\"https:\/\/www.institutfrancais-lituanie.com\/fr\/langue-education\/\"},{\"@type\":\"ListItem\",\"position\":3,\"name\":\"PROGRAMME DE STAGE DE MASTER FLE\"}]},{\"@type\":\"WebSite\",\"@id\":\"https:\/\/www.institutfrancais-lituanie.com\/fr\/#website\",\"url\":\"https:\/\/www.institutfrancais-lituanie.com\/fr\/\",\"name\":\"IF Lituanie\",\"description\":\"Pranc\u016bz\u0173 kalbos kursai, kult\u016bra, mediateka...\",\"publisher\":{\"@id\":\"https:\/\/www.institutfrancais-lituanie.com\/fr\/#organization\"},\"potentialAction\":[{\"@type\":\"SearchAction\",\"target\":{\"@type\":\"EntryPoint\",\"urlTemplate\":\"https:\/\/www.institutfrancais-lituanie.com\/fr\/?s={search_term_string}\"},\"query-input\":\"required name=search_term_string\"}],\"inLanguage\":\"fr-FR\"},{\"@type\":\"Organization\",\"@id\":\"https:\/\/www.institutfrancais-lituanie.com\/fr\/#organization\",\"name\":\"Pranc\u016bz\u0173 institutas\",\"url\":\"https:\/\/www.institutfrancais-lituanie.com\/fr\/\",\"logo\":{\"@type\":\"ImageObject\",\"inLanguage\":\"fr-FR\",\"@id\":\"https:\/\/www.institutfrancais-lituanie.com\/fr\/#\/schema\/logo\/image\/\",\"url\":\"https:\/\/www.institutfrancais-lituanie.com\/wp-content\/uploads\/2023\/04\/IF_Logo-Lituanie-RVB.jpg\",\"contentUrl\":\"https:\/\/www.institutfrancais-lituanie.com\/wp-content\/uploads\/2023\/04\/IF_Logo-Lituanie-RVB.jpg\",\"width\":827,\"height\":555,\"caption\":\"Pranc\u016bz\u0173 institutas\"},\"image\":{\"@id\":\"https:\/\/www.institutfrancais-lituanie.com\/fr\/#\/schema\/logo\/image\/\"},\"sameAs\":[\"https:\/\/www.facebook.com\/prancuzuinstitutas\/\",\"https:\/\/www.instagram.com\/institut_francais_lituanie\/\"]}]}<\/script>\n<!-- \/ Yoast SEO plugin. -->","yoast_head_json":{"title":"PROGRAMME DE STAGE DE MASTER FLE - IF Lituanie","robots":{"index":"index","follow":"follow","max-snippet":"max-snippet:-1","max-image-preview":"max-image-preview:large","max-video-preview":"max-video-preview:-1"},"canonical":"https:\/\/www.institutfrancais-lituanie.com\/fr\/langue-education\/programme-de-stage-fle\/","og_locale":"fr_FR","og_type":"article","og_title":"PROGRAMME DE STAGE DE MASTER FLE - IF Lituanie","og_url":"https:\/\/www.institutfrancais-lituanie.com\/fr\/langue-education\/programme-de-stage-fle\/","og_site_name":"IF Lituanie","article_publisher":"https:\/\/www.facebook.com\/prancuzuinstitutas\/","article_modified_time":"2024-02-05T10:53:00+00:00","og_image":[{"width":1191,"height":654,"url":"https:\/\/www.institutfrancais-lituanie.com\/wp-content\/uploads\/2024\/02\/MASTER-FLE.jpg","type":"image\/jpeg"}],"twitter_card":"summary_large_image","twitter_misc":{"Est. reading time":"2 minutes"},"schema":{"@context":"https:\/\/schema.org","@graph":[{"@type":"WebPage","@id":"https:\/\/www.institutfrancais-lituanie.com\/fr\/langue-education\/programme-de-stage-fle\/","url":"https:\/\/www.institutfrancais-lituanie.com\/fr\/langue-education\/programme-de-stage-fle\/","name":"PROGRAMME DE STAGE DE MASTER FLE - IF Lituanie","isPartOf":{"@id":"https:\/\/www.institutfrancais-lituanie.com\/fr\/#website"},"primaryImageOfPage":{"@id":"https:\/\/www.institutfrancais-lituanie.com\/fr\/langue-education\/programme-de-stage-fle\/#primaryimage"},"image":{"@id":"https:\/\/www.institutfrancais-lituanie.com\/fr\/langue-education\/programme-de-stage-fle\/#primaryimage"},"thumbnailUrl":"https:\/\/www.institutfrancais-lituanie.com\/wp-content\/uploads\/2024\/02\/MASTER-FLE.jpg","datePublished":"2021-10-27T12:10:43+00:00","dateModified":"2024-02-05T10:53:00+00:00","breadcrumb":{"@id":"https:\/\/www.institutfrancais-lituanie.com\/fr\/langue-education\/programme-de-stage-fle\/#breadcrumb"},"inLanguage":"fr-FR","potentialAction":[{"@type":"ReadAction","target":["https:\/\/www.institutfrancais-lituanie.com\/fr\/langue-education\/programme-de-stage-fle\/"]}]},{"@type":"ImageObject","inLanguage":"fr-FR","@id":"https:\/\/www.institutfrancais-lituanie.com\/fr\/langue-education\/programme-de-stage-fle\/#primaryimage","url":"https:\/\/www.institutfrancais-lituanie.com\/wp-content\/uploads\/2024\/02\/MASTER-FLE.jpg","contentUrl":"https:\/\/www.institutfrancais-lituanie.com\/wp-content\/uploads\/2024\/02\/MASTER-FLE.jpg","width":1191,"height":654},{"@type":"BreadcrumbList","@id":"https:\/\/www.institutfrancais-lituanie.com\/fr\/langue-education\/programme-de-stage-fle\/#breadcrumb","itemListElement":[{"@type":"ListItem","position":1,"name":"Home","item":"https:\/\/www.institutfrancais-lituanie.com\/fr\/"},{"@type":"ListItem","position":2,"name":"Langue et Education","item":"https:\/\/www.institutfrancais-lituanie.com\/fr\/langue-education\/"},{"@type":"ListItem","position":3,"name":"PROGRAMME DE STAGE DE MASTER FLE"}]},{"@type":"WebSite","@id":"https:\/\/www.institutfrancais-lituanie.com\/fr\/#website","url":"https:\/\/www.institutfrancais-lituanie.com\/fr\/","name":"IF Lituanie","description":"Pranc\u016bz\u0173 kalbos kursai, kult\u016bra, mediateka...","publisher":{"@id":"https:\/\/www.institutfrancais-lituanie.com\/fr\/#organization"},"potentialAction":[{"@type":"SearchAction","target":{"@type":"EntryPoint","urlTemplate":"https:\/\/www.institutfrancais-lituanie.com\/fr\/?s={search_term_string}"},"query-input":"required name=search_term_string"}],"inLanguage":"fr-FR"},{"@type":"Organization","@id":"https:\/\/www.institutfrancais-lituanie.com\/fr\/#organization","name":"Pranc\u016bz\u0173 institutas","url":"https:\/\/www.institutfrancais-lituanie.com\/fr\/","logo":{"@type":"ImageObject","inLanguage":"fr-FR","@id":"https:\/\/www.institutfrancais-lituanie.com\/fr\/#\/schema\/logo\/image\/","url":"https:\/\/www.institutfrancais-lituanie.com\/wp-content\/uploads\/2023\/04\/IF_Logo-Lituanie-RVB.jpg","contentUrl":"https:\/\/www.institutfrancais-lituanie.com\/wp-content\/uploads\/2023\/04\/IF_Logo-Lituanie-RVB.jpg","width":827,"height":555,"caption":"Pranc\u016bz\u0173 institutas"},"image":{"@id":"https:\/\/www.institutfrancais-lituanie.com\/fr\/#\/schema\/logo\/image\/"},"sameAs":["https:\/\/www.facebook.com\/prancuzuinstitutas\/","https:\/\/www.instagram.com\/institut_francais_lituanie\/"]}]}},"_links":{"self":[{"href":"https:\/\/www.institutfrancais-lituanie.com\/fr\/wp-json\/wp\/v2\/pages\/9041"}],"collection":[{"href":"https:\/\/www.institutfrancais-lituanie.com\/fr\/wp-json\/wp\/v2\/pages"}],"about":[{"href":"https:\/\/www.institutfrancais-lituanie.com\/fr\/wp-json\/wp\/v2\/types\/page"}],"author":[{"embeddable":true,"href":"https:\/\/www.institutfrancais-lituanie.com\/fr\/wp-json\/wp\/v2\/users\/7"}],"replies":[{"embeddable":true,"href":"https:\/\/www.institutfrancais-lituanie.com\/fr\/wp-json\/wp\/v2\/comments?post=9041"}],"version-history":[{"count":8,"href":"https:\/\/www.institutfrancais-lituanie.com\/fr\/wp-json\/wp\/v2\/pages\/9041\/revisions"}],"predecessor-version":[{"id":14435,"href":"https:\/\/www.institutfrancais-lituanie.com\/fr\/wp-json\/wp\/v2\/pages\/9041\/revisions\/14435"}],"up":[{"embeddable":true,"href":"https:\/\/www.institutfrancais-lituanie.com\/fr\/wp-json\/wp\/v2\/pages\/8642"}],"wp:featuredmedia":[{"embeddable":true,"href":"https:\/\/www.institutfrancais-lituanie.com\/fr\/wp-json\/wp\/v2\/media\/14427"}],"wp:attachment":[{"href":"https:\/\/www.institutfrancais-lituanie.com\/fr\/wp-json\/wp\/v2\/media?parent=9041"}],"curies":[{"name":"wp","href":"https:\/\/api.w.org\/{rel}","templated":true}]}}