{"id":7606,"date":"2021-07-23T14:31:04","date_gmt":"2021-07-23T14:31:04","guid":{"rendered":"https:\/\/www.institutfrancais-lituanie.com\/?page_id=7606"},"modified":"2021-09-22T14:20:56","modified_gmt":"2021-09-22T14:20:56","slug":"catalogue-en-ligne","status":"publish","type":"page","link":"https:\/\/www.institutfrancais-lituanie.com\/fr\/catalogue-en-ligne\/","title":{"rendered":"CATALOGUE EN LIGNE"},"content":{"rendered":"<div class=\"wpb-content-wrapper\"><p>[vc_row][vc_column][vc_column_text]\u00c0 partir de ce\u00a0portail, vous pouvez\u00a0:<\/p>\n<ul>\n<li>Faire des\u00a0<strong>recherches\u00a0<\/strong>dans le\u00a0<a href=\"http:\/\/prancuzuinstitutas-mediateka.lt\/opac\/catalog\/search?allfields%5B%5D=\"><strong>catalogue<\/strong><\/a>\u00a0en ligne de la m\u00e9diath\u00e8que.<\/li>\n<li><strong>R\u00e9server\u00a0<\/strong>des documents dans le catalogue en ligne en vous connectant \u00e0\u00a0votre \u201c<strong>compte lecteur<\/strong>\u201d.\u00a0Pour r\u00e9server un ouvrage, votre abonnement \u00e0 la m\u00e9diath\u00e8que doit \u00eatre valable. Le courriel\u00a0de confirmation de r\u00e9servation est envoy\u00e9 tous les mardis avant 17h.\u00a0Une fois ce courriel re\u00e7u, vous pouvez r\u00e9cup\u00e9rer votre ouvrage mis de c\u00f4t\u00e9.\u00a0<strong>N&#8217;oubliez pas de rendre vos documents pr\u00e9c\u00e9demment emprunt\u00e9s afin de pouvoir b\u00e9n\u00e9ficier \u00e0 nouveau du pr\u00eat.\u00a0<\/strong><\/li>\n<li>Un m\u00eame abonn\u00e9\u00a0<strong>peut emprunter<\/strong>\u00a0au m\u00eame moment un maximum de 5 livres \/ 5 CD musicaux \/ 5 magazines \/ 3 DVD \/ 2 partitions musicales.<strong>\u00a0<\/strong>Le m\u00eame nombre d&#8217;ouvrages peut \u00eatre r\u00e9server\u00a0<em>via<\/em>\u00a0le portail de la m\u00e9diath\u00e8que.\u00a0Tous les documents rendus resteront en quarantaine.<\/li>\n<li><strong>Prolonger\u00a0<\/strong>vos pr\u00eats en vous connectant \u00e0\u00a0votre \u201c<strong>compte lecteur<\/strong>\u201d (7 jours avant l\u2019\u00e9ch\u00e9ance du pr\u00eat jusqu\u2019\u00e0 7 jours du retard, 2 prolongations par pr\u00eat autoris\u00e9es).<\/li>\n<li>Si vous avez l\u2019abonnement \u00e0 la m\u00e9diath\u00e8que mais vous n\u2019avez pas de codes du compte lecteur du portail, merci de nous \u00e9crire\u00a0:\u00a0<a href=\"mailto:biblio@institutfrancais-lituanie.com\">biblio@institutfrancais-lituanie.com<\/a><\/li>\n<li>Vous trouverez aussi les\u00a0<strong>actualit\u00e9s de la m\u00e9diath\u00e8que<\/strong>,\u00a0<strong>les coups de c\u0153ur<\/strong>\u00a0des biblioth\u00e9caires ainsi que\u00a0le programme des\u00a0<a href=\"https:\/\/www.institutfrancais-lituanie.com\/fr\/mediatheque\/\"><strong>animations<\/strong><\/a><strong>\u00a0<\/strong>propos\u00e9es par la m\u00e9diath\u00e8que\u2026<\/li>\n<\/ul>\n<p>[\/vc_column_text][\/vc_column][\/vc_row]<\/p>\n<\/div>","protected":false},"excerpt":{"rendered":"[vc_row][vc_column][vc_column_text]\u00c0 partir de ce\u00a0portail, vous pouvez\u00a0: Faire des\u00a0recherches\u00a0dans le\u00a0catalogue\u00a0en ligne de la m\u00e9diath\u00e8que. R\u00e9server\u00a0des documents&hellip;","protected":false},"author":7,"featured_media":7601,"parent":0,"menu_order":0,"comment_status":"closed","ping_status":"closed","template":"page-sidebar.php","meta":{"footnotes":""},"class_list":["post-7606","page","type-page","status-publish","has-post-thumbnail","hentry"],"yoast_head":"<!-- This site is optimized with the Yoast SEO plugin v23.2 - https:\/\/yoast.com\/wordpress\/plugins\/seo\/ -->\n<title>CATALOGUE EN LIGNE - IF Lituanie<\/title>\n<meta name=\"robots\" content=\"index, follow, max-snippet:-1, max-image-preview:large, max-video-preview:-1\" \/>\n<link rel=\"canonical\" href=\"https:\/\/www.institutfrancais-lituanie.com\/fr\/catalogue-en-ligne\/\" \/>\n<meta property=\"og:locale\" content=\"fr_FR\" \/>\n<meta property=\"og:type\" content=\"article\" \/>\n<meta property=\"og:title\" content=\"CATALOGUE EN LIGNE - IF Lituanie\" \/>\n<meta property=\"og:url\" content=\"https:\/\/www.institutfrancais-lituanie.com\/fr\/catalogue-en-ligne\/\" \/>\n<meta property=\"og:site_name\" content=\"IF Lituanie\" \/>\n<meta property=\"article:publisher\" content=\"https:\/\/www.facebook.com\/prancuzuinstitutas\/\" \/>\n<meta property=\"article:modified_time\" content=\"2021-09-22T14:20:56+00:00\" \/>\n<meta property=\"og:image\" content=\"https:\/\/www.institutfrancais-lituanie.com\/wp-content\/uploads\/2021\/07\/thumb.jpg\" \/>\n\t<meta property=\"og:image:width\" content=\"800\" \/>\n\t<meta property=\"og:image:height\" content=\"500\" \/>\n\t<meta property=\"og:image:type\" content=\"image\/jpeg\" \/>\n<meta name=\"twitter:card\" content=\"summary_large_image\" \/>\n<meta name=\"twitter:label1\" content=\"Est. reading time\" \/>\n\t<meta name=\"twitter:data1\" content=\"1 minute\" \/>\n<script type=\"application\/ld+json\" class=\"yoast-schema-graph\">{\"@context\":\"https:\/\/schema.org\",\"@graph\":[{\"@type\":\"WebPage\",\"@id\":\"https:\/\/www.institutfrancais-lituanie.com\/fr\/catalogue-en-ligne\/\",\"url\":\"https:\/\/www.institutfrancais-lituanie.com\/fr\/catalogue-en-ligne\/\",\"name\":\"CATALOGUE EN LIGNE - IF Lituanie\",\"isPartOf\":{\"@id\":\"https:\/\/www.institutfrancais-lituanie.com\/fr\/#website\"},\"primaryImageOfPage\":{\"@id\":\"https:\/\/www.institutfrancais-lituanie.com\/fr\/catalogue-en-ligne\/#primaryimage\"},\"image\":{\"@id\":\"https:\/\/www.institutfrancais-lituanie.com\/fr\/catalogue-en-ligne\/#primaryimage\"},\"thumbnailUrl\":\"https:\/\/www.institutfrancais-lituanie.com\/wp-content\/uploads\/2021\/07\/thumb.jpg\",\"datePublished\":\"2021-07-23T14:31:04+00:00\",\"dateModified\":\"2021-09-22T14:20:56+00:00\",\"breadcrumb\":{\"@id\":\"https:\/\/www.institutfrancais-lituanie.com\/fr\/catalogue-en-ligne\/#breadcrumb\"},\"inLanguage\":\"fr-FR\",\"potentialAction\":[{\"@type\":\"ReadAction\",\"target\":[\"https:\/\/www.institutfrancais-lituanie.com\/fr\/catalogue-en-ligne\/\"]}]},{\"@type\":\"ImageObject\",\"inLanguage\":\"fr-FR\",\"@id\":\"https:\/\/www.institutfrancais-lituanie.com\/fr\/catalogue-en-ligne\/#primaryimage\",\"url\":\"https:\/\/www.institutfrancais-lituanie.com\/wp-content\/uploads\/2021\/07\/thumb.jpg\",\"contentUrl\":\"https:\/\/www.institutfrancais-lituanie.com\/wp-content\/uploads\/2021\/07\/thumb.jpg\",\"width\":800,\"height\":500},{\"@type\":\"BreadcrumbList\",\"@id\":\"https:\/\/www.institutfrancais-lituanie.com\/fr\/catalogue-en-ligne\/#breadcrumb\",\"itemListElement\":[{\"@type\":\"ListItem\",\"position\":1,\"name\":\"Home\",\"item\":\"https:\/\/www.institutfrancais-lituanie.com\/fr\/\"},{\"@type\":\"ListItem\",\"position\":2,\"name\":\"CATALOGUE EN LIGNE\"}]},{\"@type\":\"WebSite\",\"@id\":\"https:\/\/www.institutfrancais-lituanie.com\/fr\/#website\",\"url\":\"https:\/\/www.institutfrancais-lituanie.com\/fr\/\",\"name\":\"IF Lituanie\",\"description\":\"Pranc\u016bz\u0173 kalbos kursai, kult\u016bra, mediateka...\",\"publisher\":{\"@id\":\"https:\/\/www.institutfrancais-lituanie.com\/fr\/#organization\"},\"potentialAction\":[{\"@type\":\"SearchAction\",\"target\":{\"@type\":\"EntryPoint\",\"urlTemplate\":\"https:\/\/www.institutfrancais-lituanie.com\/fr\/?s={search_term_string}\"},\"query-input\":\"required name=search_term_string\"}],\"inLanguage\":\"fr-FR\"},{\"@type\":\"Organization\",\"@id\":\"https:\/\/www.institutfrancais-lituanie.com\/fr\/#organization\",\"name\":\"Pranc\u016bz\u0173 institutas\",\"url\":\"https:\/\/www.institutfrancais-lituanie.com\/fr\/\",\"logo\":{\"@type\":\"ImageObject\",\"inLanguage\":\"fr-FR\",\"@id\":\"https:\/\/www.institutfrancais-lituanie.com\/fr\/#\/schema\/logo\/image\/\",\"url\":\"https:\/\/www.institutfrancais-lituanie.com\/wp-content\/uploads\/2023\/04\/IF_Logo-Lituanie-RVB.jpg\",\"contentUrl\":\"https:\/\/www.institutfrancais-lituanie.com\/wp-content\/uploads\/2023\/04\/IF_Logo-Lituanie-RVB.jpg\",\"width\":827,\"height\":555,\"caption\":\"Pranc\u016bz\u0173 institutas\"},\"image\":{\"@id\":\"https:\/\/www.institutfrancais-lituanie.com\/fr\/#\/schema\/logo\/image\/\"},\"sameAs\":[\"https:\/\/www.facebook.com\/prancuzuinstitutas\/\",\"https:\/\/www.instagram.com\/institut_francais_lituanie\/\"]}]}<\/script>\n<!-- \/ Yoast SEO plugin. -->","yoast_head_json":{"title":"CATALOGUE EN LIGNE - IF Lituanie","robots":{"index":"index","follow":"follow","max-snippet":"max-snippet:-1","max-image-preview":"max-image-preview:large","max-video-preview":"max-video-preview:-1"},"canonical":"https:\/\/www.institutfrancais-lituanie.com\/fr\/catalogue-en-ligne\/","og_locale":"fr_FR","og_type":"article","og_title":"CATALOGUE EN LIGNE - IF Lituanie","og_url":"https:\/\/www.institutfrancais-lituanie.com\/fr\/catalogue-en-ligne\/","og_site_name":"IF Lituanie","article_publisher":"https:\/\/www.facebook.com\/prancuzuinstitutas\/","article_modified_time":"2021-09-22T14:20:56+00:00","og_image":[{"width":800,"height":500,"url":"https:\/\/www.institutfrancais-lituanie.com\/wp-content\/uploads\/2021\/07\/thumb.jpg","type":"image\/jpeg"}],"twitter_card":"summary_large_image","twitter_misc":{"Est. reading time":"1 minute"},"schema":{"@context":"https:\/\/schema.org","@graph":[{"@type":"WebPage","@id":"https:\/\/www.institutfrancais-lituanie.com\/fr\/catalogue-en-ligne\/","url":"https:\/\/www.institutfrancais-lituanie.com\/fr\/catalogue-en-ligne\/","name":"CATALOGUE EN LIGNE - IF Lituanie","isPartOf":{"@id":"https:\/\/www.institutfrancais-lituanie.com\/fr\/#website"},"primaryImageOfPage":{"@id":"https:\/\/www.institutfrancais-lituanie.com\/fr\/catalogue-en-ligne\/#primaryimage"},"image":{"@id":"https:\/\/www.institutfrancais-lituanie.com\/fr\/catalogue-en-ligne\/#primaryimage"},"thumbnailUrl":"https:\/\/www.institutfrancais-lituanie.com\/wp-content\/uploads\/2021\/07\/thumb.jpg","datePublished":"2021-07-23T14:31:04+00:00","dateModified":"2021-09-22T14:20:56+00:00","breadcrumb":{"@id":"https:\/\/www.institutfrancais-lituanie.com\/fr\/catalogue-en-ligne\/#breadcrumb"},"inLanguage":"fr-FR","potentialAction":[{"@type":"ReadAction","target":["https:\/\/www.institutfrancais-lituanie.com\/fr\/catalogue-en-ligne\/"]}]},{"@type":"ImageObject","inLanguage":"fr-FR","@id":"https:\/\/www.institutfrancais-lituanie.com\/fr\/catalogue-en-ligne\/#primaryimage","url":"https:\/\/www.institutfrancais-lituanie.com\/wp-content\/uploads\/2021\/07\/thumb.jpg","contentUrl":"https:\/\/www.institutfrancais-lituanie.com\/wp-content\/uploads\/2021\/07\/thumb.jpg","width":800,"height":500},{"@type":"BreadcrumbList","@id":"https:\/\/www.institutfrancais-lituanie.com\/fr\/catalogue-en-ligne\/#breadcrumb","itemListElement":[{"@type":"ListItem","position":1,"name":"Home","item":"https:\/\/www.institutfrancais-lituanie.com\/fr\/"},{"@type":"ListItem","position":2,"name":"CATALOGUE EN LIGNE"}]},{"@type":"WebSite","@id":"https:\/\/www.institutfrancais-lituanie.com\/fr\/#website","url":"https:\/\/www.institutfrancais-lituanie.com\/fr\/","name":"IF Lituanie","description":"Pranc\u016bz\u0173 kalbos kursai, kult\u016bra, mediateka...","publisher":{"@id":"https:\/\/www.institutfrancais-lituanie.com\/fr\/#organization"},"potentialAction":[{"@type":"SearchAction","target":{"@type":"EntryPoint","urlTemplate":"https:\/\/www.institutfrancais-lituanie.com\/fr\/?s={search_term_string}"},"query-input":"required name=search_term_string"}],"inLanguage":"fr-FR"},{"@type":"Organization","@id":"https:\/\/www.institutfrancais-lituanie.com\/fr\/#organization","name":"Pranc\u016bz\u0173 institutas","url":"https:\/\/www.institutfrancais-lituanie.com\/fr\/","logo":{"@type":"ImageObject","inLanguage":"fr-FR","@id":"https:\/\/www.institutfrancais-lituanie.com\/fr\/#\/schema\/logo\/image\/","url":"https:\/\/www.institutfrancais-lituanie.com\/wp-content\/uploads\/2023\/04\/IF_Logo-Lituanie-RVB.jpg","contentUrl":"https:\/\/www.institutfrancais-lituanie.com\/wp-content\/uploads\/2023\/04\/IF_Logo-Lituanie-RVB.jpg","width":827,"height":555,"caption":"Pranc\u016bz\u0173 institutas"},"image":{"@id":"https:\/\/www.institutfrancais-lituanie.com\/fr\/#\/schema\/logo\/image\/"},"sameAs":["https:\/\/www.facebook.com\/prancuzuinstitutas\/","https:\/\/www.instagram.com\/institut_francais_lituanie\/"]}]}},"_links":{"self":[{"href":"https:\/\/www.institutfrancais-lituanie.com\/fr\/wp-json\/wp\/v2\/pages\/7606"}],"collection":[{"href":"https:\/\/www.institutfrancais-lituanie.com\/fr\/wp-json\/wp\/v2\/pages"}],"about":[{"href":"https:\/\/www.institutfrancais-lituanie.com\/fr\/wp-json\/wp\/v2\/types\/page"}],"author":[{"embeddable":true,"href":"https:\/\/www.institutfrancais-lituanie.com\/fr\/wp-json\/wp\/v2\/users\/7"}],"replies":[{"embeddable":true,"href":"https:\/\/www.institutfrancais-lituanie.com\/fr\/wp-json\/wp\/v2\/comments?post=7606"}],"version-history":[{"count":5,"href":"https:\/\/www.institutfrancais-lituanie.com\/fr\/wp-json\/wp\/v2\/pages\/7606\/revisions"}],"predecessor-version":[{"id":8458,"href":"https:\/\/www.institutfrancais-lituanie.com\/fr\/wp-json\/wp\/v2\/pages\/7606\/revisions\/8458"}],"wp:featuredmedia":[{"embeddable":true,"href":"https:\/\/www.institutfrancais-lituanie.com\/fr\/wp-json\/wp\/v2\/media\/7601"}],"wp:attachment":[{"href":"https:\/\/www.institutfrancais-lituanie.com\/fr\/wp-json\/wp\/v2\/media?parent=7606"}],"curies":[{"name":"wp","href":"https:\/\/api.w.org\/{rel}","templated":true}]}}