{"id":6170,"date":"2020-05-19T07:46:57","date_gmt":"2020-05-19T07:46:57","guid":{"rendered":"https:\/\/www.institutfrancais-lituanie.com\/?page_id=6170"},"modified":"2020-05-19T07:46:57","modified_gmt":"2020-05-19T07:46:57","slug":"message-a-notre-public","status":"publish","type":"page","link":"https:\/\/www.institutfrancais-lituanie.com\/fr\/message-a-notre-public\/","title":{"rendered":"Message \u00e0 notre public"},"content":{"rendered":"<div class=\"wpb-content-wrapper\"><p>[vc_row][vc_column][vc_column_text]<strong>L\u2019Institut rouvre progressivement ses portes<\/strong><\/p>\n<p><strong>A partir du 20 mai :<\/strong><\/p>\n<p><strong>Les cours individuels peuvent \u00e0 nouveau \u00eatre organis\u00e9s \u00e0 l\u2019institut.<\/strong> Les professeurs contacteront individuellement les apprenants qui souhaitent reprendre les cours d\u00e8s \u00e0 pr\u00e9sent. Pour ceux qui souhaiteraient suivre des cours en individuel, les inscriptions sont ouvertes sur le site de l\u2019Institut. <a href=\"https:\/\/www.institutfrancais-lituanie.com\/fr\/cours-francais\/cours-individuels\/\" target=\"_blank\" rel=\"noopener noreferrer\">COURS INDIVIDUELS<\/a><\/p>\n<p><strong>A partir du 1er juin :<\/strong><\/p>\n<p><strong>L\u2019Institut sera ouvert au public une journ\u00e9e par semaine, chaque mercredi<\/strong> o\u00f9 le service des cours organisera une permanence de 9h \u00e0 13h et de 14h \u00e0 17h30 afin de r\u00e9pondre \u00e0 toutes vos questions. Si vous souhaitez prendre un rendez-vous individuel, vous pouvez contacter directement le service des cours par mail : <strong>cours.vilnius@gmail.com<\/strong><\/p>\n<p><strong>La m\u00e9diath\u00e8que sera ouverte au public tous les mercredis de 10h30 \u00e0 13h puis de 15h \u00e0 18h30.<\/strong> Seul le retour et l\u2019emprunt de documents sera possible ainsi que les inscriptions habituelles.<\/p>\n<p>Afin de conserver les gestes barri\u00e8res, nous vous rappelons que le port du masque reste obligatoire dans l\u2019enceinte de l\u2019Institut. De son c\u00f4t\u00e9, l\u2019Institut prend toutes les mesures pour la protection de la sant\u00e9 de ses usagers. Des solutions hydroalcooliques seront mises \u00e0 disposition \u00e0 chaque \u00e9tage, devant chaque salle de cours ainsi qu\u2019\u00e0 la m\u00e9diath\u00e8que.<\/p>\n<p><strong>Inscriptions aux Cours intensifs, examens et camps d\u2019\u00e9t\u00e9 pour enfants et adolescents<\/strong><\/p>\n<p>Les cours intensifs ainsi que les camps d\u2019\u00e9t\u00e9 pour enfants et adolescents auront lieu cet \u00e9t\u00e9 sous <strong>2 formats : \u00e0 distance au mois de juin, en pr\u00e9sentiel d\u00e8s juillet<\/strong> si les conditions sanitaires le permettent. <a href=\"https:\/\/www.institutfrancais-lituanie.com\/fr\/cours-francais\/cours-generaux\/cours-intensifs-3-semaines\/\" target=\"_blank\" rel=\"noopener noreferrer\">COURS INTENSIFS<\/a> &#8211; <a href=\"https:\/\/www.institutfrancais-lituanie.com\/fr\/cours-francais\/cours-enfants-et-adolescents\/camps-dete-pour-enfants-et-adolescents\/\" target=\"_blank\" rel=\"noopener noreferrer\">CAMPS D\u2019\u00c9T\u00c9 POUR ENFANTS ET ADOLESCENTS<\/a><\/p>\n<p>Les examens TCF et le <a href=\"https:\/\/www.institutfrancais-lituanie.com\/fr\/cours-francais\/examens\/delf-dalf\/\" target=\"_blank\" rel=\"noopener noreferrer\">DELF-DALF<\/a> du vendredi 26 juin sont maintenus.<\/p>\n<p>N\u2019h\u00e9sitez donc pas \u00e0 revenir faire un tour \u00e0 l\u2019Institut les mercredis \u00e0 partir du 1er juin. Nous esp\u00e9rons une r\u00e9ouverture compl\u00e8te au public \u00e0 partir du lundi 29 juin.<\/p>\n<p><em><strong>A tr\u00e8s bient\u00f4t<\/strong><\/em>[\/vc_column_text][\/vc_column][\/vc_row]<\/p>\n<\/div>","protected":false},"excerpt":{"rendered":"[vc_row][vc_column][vc_column_text]L\u2019Institut rouvre progressivement ses portes A partir du 20 mai : Les cours individuels peuvent&hellip;","protected":false},"author":2,"featured_media":6168,"parent":0,"menu_order":0,"comment_status":"closed","ping_status":"closed","template":"page-sidebar.php","meta":{"footnotes":""},"class_list":["post-6170","page","type-page","status-publish","has-post-thumbnail","hentry"],"yoast_head":"<!-- This site is optimized with the Yoast SEO plugin v23.2 - https:\/\/yoast.com\/wordpress\/plugins\/seo\/ -->\n<title>Message \u00e0 notre public - IF Lituanie<\/title>\n<meta name=\"robots\" content=\"index, follow, max-snippet:-1, max-image-preview:large, max-video-preview:-1\" \/>\n<link rel=\"canonical\" href=\"https:\/\/www.institutfrancais-lituanie.com\/fr\/message-a-notre-public\/\" \/>\n<meta property=\"og:locale\" content=\"fr_FR\" \/>\n<meta property=\"og:type\" content=\"article\" \/>\n<meta property=\"og:title\" content=\"Message \u00e0 notre public - IF Lituanie\" \/>\n<meta property=\"og:url\" content=\"https:\/\/www.institutfrancais-lituanie.com\/fr\/message-a-notre-public\/\" \/>\n<meta property=\"og:site_name\" content=\"IF Lituanie\" \/>\n<meta property=\"article:publisher\" content=\"https:\/\/www.facebook.com\/prancuzuinstitutas\/\" \/>\n<meta property=\"og:image\" content=\"https:\/\/www.institutfrancais-lituanie.com\/wp-content\/uploads\/2020\/05\/message-public.png\" \/>\n\t<meta property=\"og:image:width\" content=\"1170\" \/>\n\t<meta property=\"og:image:height\" content=\"585\" \/>\n\t<meta property=\"og:image:type\" content=\"image\/png\" \/>\n<meta name=\"twitter:card\" content=\"summary_large_image\" \/>\n<meta name=\"twitter:label1\" content=\"Est. reading time\" \/>\n\t<meta name=\"twitter:data1\" content=\"2 minutes\" \/>\n<script type=\"application\/ld+json\" class=\"yoast-schema-graph\">{\"@context\":\"https:\/\/schema.org\",\"@graph\":[{\"@type\":\"WebPage\",\"@id\":\"https:\/\/www.institutfrancais-lituanie.com\/fr\/message-a-notre-public\/\",\"url\":\"https:\/\/www.institutfrancais-lituanie.com\/fr\/message-a-notre-public\/\",\"name\":\"Message \u00e0 notre public - IF Lituanie\",\"isPartOf\":{\"@id\":\"https:\/\/www.institutfrancais-lituanie.com\/fr\/#website\"},\"primaryImageOfPage\":{\"@id\":\"https:\/\/www.institutfrancais-lituanie.com\/fr\/message-a-notre-public\/#primaryimage\"},\"image\":{\"@id\":\"https:\/\/www.institutfrancais-lituanie.com\/fr\/message-a-notre-public\/#primaryimage\"},\"thumbnailUrl\":\"https:\/\/www.institutfrancais-lituanie.com\/wp-content\/uploads\/2020\/05\/message-public.png\",\"datePublished\":\"2020-05-19T07:46:57+00:00\",\"dateModified\":\"2020-05-19T07:46:57+00:00\",\"breadcrumb\":{\"@id\":\"https:\/\/www.institutfrancais-lituanie.com\/fr\/message-a-notre-public\/#breadcrumb\"},\"inLanguage\":\"fr-FR\",\"potentialAction\":[{\"@type\":\"ReadAction\",\"target\":[\"https:\/\/www.institutfrancais-lituanie.com\/fr\/message-a-notre-public\/\"]}]},{\"@type\":\"ImageObject\",\"inLanguage\":\"fr-FR\",\"@id\":\"https:\/\/www.institutfrancais-lituanie.com\/fr\/message-a-notre-public\/#primaryimage\",\"url\":\"https:\/\/www.institutfrancais-lituanie.com\/wp-content\/uploads\/2020\/05\/message-public.png\",\"contentUrl\":\"https:\/\/www.institutfrancais-lituanie.com\/wp-content\/uploads\/2020\/05\/message-public.png\",\"width\":1170,\"height\":585},{\"@type\":\"BreadcrumbList\",\"@id\":\"https:\/\/www.institutfrancais-lituanie.com\/fr\/message-a-notre-public\/#breadcrumb\",\"itemListElement\":[{\"@type\":\"ListItem\",\"position\":1,\"name\":\"Home\",\"item\":\"https:\/\/www.institutfrancais-lituanie.com\/fr\/\"},{\"@type\":\"ListItem\",\"position\":2,\"name\":\"Message \u00e0 notre public\"}]},{\"@type\":\"WebSite\",\"@id\":\"https:\/\/www.institutfrancais-lituanie.com\/fr\/#website\",\"url\":\"https:\/\/www.institutfrancais-lituanie.com\/fr\/\",\"name\":\"IF Lituanie\",\"description\":\"Pranc\u016bz\u0173 kalbos kursai, kult\u016bra, mediateka...\",\"publisher\":{\"@id\":\"https:\/\/www.institutfrancais-lituanie.com\/fr\/#organization\"},\"potentialAction\":[{\"@type\":\"SearchAction\",\"target\":{\"@type\":\"EntryPoint\",\"urlTemplate\":\"https:\/\/www.institutfrancais-lituanie.com\/fr\/?s={search_term_string}\"},\"query-input\":\"required name=search_term_string\"}],\"inLanguage\":\"fr-FR\"},{\"@type\":\"Organization\",\"@id\":\"https:\/\/www.institutfrancais-lituanie.com\/fr\/#organization\",\"name\":\"Pranc\u016bz\u0173 institutas\",\"url\":\"https:\/\/www.institutfrancais-lituanie.com\/fr\/\",\"logo\":{\"@type\":\"ImageObject\",\"inLanguage\":\"fr-FR\",\"@id\":\"https:\/\/www.institutfrancais-lituanie.com\/fr\/#\/schema\/logo\/image\/\",\"url\":\"https:\/\/www.institutfrancais-lituanie.com\/wp-content\/uploads\/2023\/04\/IF_Logo-Lituanie-RVB.jpg\",\"contentUrl\":\"https:\/\/www.institutfrancais-lituanie.com\/wp-content\/uploads\/2023\/04\/IF_Logo-Lituanie-RVB.jpg\",\"width\":827,\"height\":555,\"caption\":\"Pranc\u016bz\u0173 institutas\"},\"image\":{\"@id\":\"https:\/\/www.institutfrancais-lituanie.com\/fr\/#\/schema\/logo\/image\/\"},\"sameAs\":[\"https:\/\/www.facebook.com\/prancuzuinstitutas\/\",\"https:\/\/www.instagram.com\/institut_francais_lituanie\/\"]}]}<\/script>\n<!-- \/ Yoast SEO plugin. -->","yoast_head_json":{"title":"Message \u00e0 notre public - IF Lituanie","robots":{"index":"index","follow":"follow","max-snippet":"max-snippet:-1","max-image-preview":"max-image-preview:large","max-video-preview":"max-video-preview:-1"},"canonical":"https:\/\/www.institutfrancais-lituanie.com\/fr\/message-a-notre-public\/","og_locale":"fr_FR","og_type":"article","og_title":"Message \u00e0 notre public - IF Lituanie","og_url":"https:\/\/www.institutfrancais-lituanie.com\/fr\/message-a-notre-public\/","og_site_name":"IF Lituanie","article_publisher":"https:\/\/www.facebook.com\/prancuzuinstitutas\/","og_image":[{"width":1170,"height":585,"url":"https:\/\/www.institutfrancais-lituanie.com\/wp-content\/uploads\/2020\/05\/message-public.png","type":"image\/png"}],"twitter_card":"summary_large_image","twitter_misc":{"Est. reading time":"2 minutes"},"schema":{"@context":"https:\/\/schema.org","@graph":[{"@type":"WebPage","@id":"https:\/\/www.institutfrancais-lituanie.com\/fr\/message-a-notre-public\/","url":"https:\/\/www.institutfrancais-lituanie.com\/fr\/message-a-notre-public\/","name":"Message \u00e0 notre public - IF Lituanie","isPartOf":{"@id":"https:\/\/www.institutfrancais-lituanie.com\/fr\/#website"},"primaryImageOfPage":{"@id":"https:\/\/www.institutfrancais-lituanie.com\/fr\/message-a-notre-public\/#primaryimage"},"image":{"@id":"https:\/\/www.institutfrancais-lituanie.com\/fr\/message-a-notre-public\/#primaryimage"},"thumbnailUrl":"https:\/\/www.institutfrancais-lituanie.com\/wp-content\/uploads\/2020\/05\/message-public.png","datePublished":"2020-05-19T07:46:57+00:00","dateModified":"2020-05-19T07:46:57+00:00","breadcrumb":{"@id":"https:\/\/www.institutfrancais-lituanie.com\/fr\/message-a-notre-public\/#breadcrumb"},"inLanguage":"fr-FR","potentialAction":[{"@type":"ReadAction","target":["https:\/\/www.institutfrancais-lituanie.com\/fr\/message-a-notre-public\/"]}]},{"@type":"ImageObject","inLanguage":"fr-FR","@id":"https:\/\/www.institutfrancais-lituanie.com\/fr\/message-a-notre-public\/#primaryimage","url":"https:\/\/www.institutfrancais-lituanie.com\/wp-content\/uploads\/2020\/05\/message-public.png","contentUrl":"https:\/\/www.institutfrancais-lituanie.com\/wp-content\/uploads\/2020\/05\/message-public.png","width":1170,"height":585},{"@type":"BreadcrumbList","@id":"https:\/\/www.institutfrancais-lituanie.com\/fr\/message-a-notre-public\/#breadcrumb","itemListElement":[{"@type":"ListItem","position":1,"name":"Home","item":"https:\/\/www.institutfrancais-lituanie.com\/fr\/"},{"@type":"ListItem","position":2,"name":"Message \u00e0 notre public"}]},{"@type":"WebSite","@id":"https:\/\/www.institutfrancais-lituanie.com\/fr\/#website","url":"https:\/\/www.institutfrancais-lituanie.com\/fr\/","name":"IF Lituanie","description":"Pranc\u016bz\u0173 kalbos kursai, kult\u016bra, mediateka...","publisher":{"@id":"https:\/\/www.institutfrancais-lituanie.com\/fr\/#organization"},"potentialAction":[{"@type":"SearchAction","target":{"@type":"EntryPoint","urlTemplate":"https:\/\/www.institutfrancais-lituanie.com\/fr\/?s={search_term_string}"},"query-input":"required name=search_term_string"}],"inLanguage":"fr-FR"},{"@type":"Organization","@id":"https:\/\/www.institutfrancais-lituanie.com\/fr\/#organization","name":"Pranc\u016bz\u0173 institutas","url":"https:\/\/www.institutfrancais-lituanie.com\/fr\/","logo":{"@type":"ImageObject","inLanguage":"fr-FR","@id":"https:\/\/www.institutfrancais-lituanie.com\/fr\/#\/schema\/logo\/image\/","url":"https:\/\/www.institutfrancais-lituanie.com\/wp-content\/uploads\/2023\/04\/IF_Logo-Lituanie-RVB.jpg","contentUrl":"https:\/\/www.institutfrancais-lituanie.com\/wp-content\/uploads\/2023\/04\/IF_Logo-Lituanie-RVB.jpg","width":827,"height":555,"caption":"Pranc\u016bz\u0173 institutas"},"image":{"@id":"https:\/\/www.institutfrancais-lituanie.com\/fr\/#\/schema\/logo\/image\/"},"sameAs":["https:\/\/www.facebook.com\/prancuzuinstitutas\/","https:\/\/www.instagram.com\/institut_francais_lituanie\/"]}]}},"_links":{"self":[{"href":"https:\/\/www.institutfrancais-lituanie.com\/fr\/wp-json\/wp\/v2\/pages\/6170"}],"collection":[{"href":"https:\/\/www.institutfrancais-lituanie.com\/fr\/wp-json\/wp\/v2\/pages"}],"about":[{"href":"https:\/\/www.institutfrancais-lituanie.com\/fr\/wp-json\/wp\/v2\/types\/page"}],"author":[{"embeddable":true,"href":"https:\/\/www.institutfrancais-lituanie.com\/fr\/wp-json\/wp\/v2\/users\/2"}],"replies":[{"embeddable":true,"href":"https:\/\/www.institutfrancais-lituanie.com\/fr\/wp-json\/wp\/v2\/comments?post=6170"}],"version-history":[{"count":1,"href":"https:\/\/www.institutfrancais-lituanie.com\/fr\/wp-json\/wp\/v2\/pages\/6170\/revisions"}],"predecessor-version":[{"id":6171,"href":"https:\/\/www.institutfrancais-lituanie.com\/fr\/wp-json\/wp\/v2\/pages\/6170\/revisions\/6171"}],"wp:featuredmedia":[{"embeddable":true,"href":"https:\/\/www.institutfrancais-lituanie.com\/fr\/wp-json\/wp\/v2\/media\/6168"}],"wp:attachment":[{"href":"https:\/\/www.institutfrancais-lituanie.com\/fr\/wp-json\/wp\/v2\/media?parent=6170"}],"curies":[{"name":"wp","href":"https:\/\/api.w.org\/{rel}","templated":true}]}}