{"id":6047,"date":"2020-03-25T13:46:28","date_gmt":"2020-03-25T13:46:28","guid":{"rendered":"https:\/\/www.institutfrancais-lituanie.com\/?page_id=6047"},"modified":"2024-03-01T10:50:46","modified_gmt":"2024-03-01T10:50:46","slug":"nouvelle-offre-culturetheque-accessible-a-tous","status":"publish","type":"page","link":"https:\/\/www.institutfrancais-lituanie.com\/fr\/mediatheque\/nouvelle-offre-culturetheque-accessible-a-tous\/","title":{"rendered":"Cultureth\u00e8que"},"content":{"rendered":"<div class=\"wpb-content-wrapper\"><p>[vc_row][vc_column][vc_column_text]<a href=\"https:\/\/www.culturetheque.com\/fr\" target=\"_blank\" rel=\"noopener\"><strong>CULTURETH\u00c8QUE<\/strong><\/a> est la biblioth\u00e8que num\u00e9rique de l&#8217;Institut fran\u00e7ais qui propose des centaines de magazines et journaux fran\u00e7ais, des romans, des bandes dessin\u00e9es, des modules d\u2019autoformation en fran\u00e7ais langues \u00e9trang\u00e8res (FLE), des livres adapt\u00e9s pour les apprenants de FLE (tous niveaux), des livres jeunesses et des albums pour les enfants avec les enregistrements sonores, des albums de musique, des vid\u00e9os reportages, des vid\u00e9o-documentaires, des vid\u00e9os de dessins anim\u00e9s, des web documentaires. <strong>Au total, plus de 230 000 documents sont disponibles sur la plateforme. <\/strong><\/p>\n<p>Toutes ces \u0153uvres sont disponibles en acc\u00e8s en ligne de mani\u00e8re permanente et les livres sont accessibles en t\u00e9l\u00e9chargement. La biblioth\u00e8que est accessible via smartphone, tablette, ou n\u2019importe quel ordinateur partout en Lituanie !<\/p>\n<p>Inscrivez-vous \u00e0 la m\u00e9diath\u00e8que de l&#8217;Institut fran\u00e7ais de Lituanie et vous obtiendrai les codes d&#8217;acc\u00e8s \u00e0 la CULTURETH\u00c8QUE pour une ann\u00e9e. <a href=\"https:\/\/www.institutfrancais-lituanie.com\/fr\/mediatheque\/infos-pratiques\/\">Plus d&#8217;informations<\/a>[\/vc_column_text][\/vc_column][\/vc_row][vc_row][vc_column][vc_message]<strong>Rappel :<\/strong> Pour rappel : les apprenants ainsi que les abonn\u00e9es de la m\u00e9diath\u00e8que de l\u2019IFL ont le droit d\u2018acc\u00e9der <b>gratuitement pendant<\/b> <b>un an<\/b> \u00e0 <i><a href=\"https:\/\/www.culturetheque.com\/LTU\/\" target=\"_blank\" rel=\"noopener noreferrer\" data-saferedirecturl=\"https:\/\/www.google.com\/url?q=https:\/\/www.culturetheque.com\/LTU\/&amp;source=gmail&amp;ust=1610535461617000&amp;usg=AFQjCNE7EasveElV7AfkQpwOQ5tFZuvsvA\">Cultureth\u00e8que<\/a><\/i>.[\/vc_message][\/vc_column][\/vc_row][vc_row][vc_column][vc_message message_box_color=&#8221;warning&#8221;]<strong>A savoir : vos codes d\u2018acc\u00e8s seront valables uniquement sur le territoire de la Lituanie (IP lituanienne)<\/strong>[\/vc_message][\/vc_column][\/vc_row][vc_row][vc_column][\/vc_column][\/vc_row][vc_row][vc_column][vc_separator][\/vc_column][\/vc_row][vc_row color=&#8221;&#8221; message_box_style=&#8221;standard&#8221; style=&#8221;rounded&#8221; message_box_color=&#8221;info&#8221; icon_type=&#8221;fontawesome&#8221; icon_fontawesome=&#8221;fa fa-envelope&#8221; icon_monosocial=&#8221;vc-mono vc-mono-fivehundredpx&#8221; icon_openiconic=&#8221;&#8221; icon_typicons=&#8221;&#8221; icon_entypo=&#8221;&#8221; icon_linecons=&#8221;&#8221; icon_pixelicons=&#8221;&#8221;][vc_column][vc_message icon_fontawesome=&#8221;fa fa-envelope&#8221;]<strong>M\u00e9diath\u00e8que<\/strong><br \/>\nT\u00e9l. : (8 5) 219 96 57<br \/>\nbiblio@institutfrancais-lituanie.com[\/vc_message][\/vc_column][\/vc_row]<\/p>\n<\/div>","protected":false},"excerpt":{"rendered":"[vc_row][vc_column][vc_column_text]CULTURETH\u00c8QUE est la biblioth\u00e8que num\u00e9rique de l'Institut fran\u00e7ais qui propose des centaines de magazines et&hellip;","protected":false},"author":2,"featured_media":6082,"parent":2080,"menu_order":0,"comment_status":"closed","ping_status":"closed","template":"page-sidebar.php","meta":{"footnotes":""},"class_list":["post-6047","page","type-page","status-publish","has-post-thumbnail","hentry"],"yoast_head":"<!-- This site is optimized with the Yoast SEO plugin v23.2 - https:\/\/yoast.com\/wordpress\/plugins\/seo\/ -->\n<title>Cultureth\u00e8que - IF Lituanie<\/title>\n<meta name=\"robots\" content=\"index, follow, max-snippet:-1, max-image-preview:large, max-video-preview:-1\" \/>\n<link rel=\"canonical\" href=\"https:\/\/www.institutfrancais-lituanie.com\/fr\/mediatheque\/nouvelle-offre-culturetheque-accessible-a-tous\/\" \/>\n<meta property=\"og:locale\" content=\"fr_FR\" \/>\n<meta property=\"og:type\" content=\"article\" \/>\n<meta property=\"og:title\" content=\"Cultureth\u00e8que - IF Lituanie\" \/>\n<meta property=\"og:url\" content=\"https:\/\/www.institutfrancais-lituanie.com\/fr\/mediatheque\/nouvelle-offre-culturetheque-accessible-a-tous\/\" \/>\n<meta property=\"og:site_name\" content=\"IF Lituanie\" \/>\n<meta property=\"article:publisher\" content=\"https:\/\/www.facebook.com\/prancuzuinstitutas\/\" \/>\n<meta property=\"article:modified_time\" content=\"2024-03-01T10:50:46+00:00\" \/>\n<meta property=\"og:image\" content=\"https:\/\/www.institutfrancais-lituanie.com\/wp-content\/uploads\/2020\/04\/culturetheque-site-normal.jpg\" \/>\n\t<meta property=\"og:image:width\" content=\"1170\" \/>\n\t<meta property=\"og:image:height\" content=\"585\" \/>\n\t<meta property=\"og:image:type\" content=\"image\/jpeg\" \/>\n<meta name=\"twitter:card\" content=\"summary_large_image\" \/>\n<meta name=\"twitter:label1\" content=\"Est. reading time\" \/>\n\t<meta name=\"twitter:data1\" content=\"1 minute\" \/>\n<script type=\"application\/ld+json\" class=\"yoast-schema-graph\">{\"@context\":\"https:\/\/schema.org\",\"@graph\":[{\"@type\":\"WebPage\",\"@id\":\"https:\/\/www.institutfrancais-lituanie.com\/fr\/mediatheque\/nouvelle-offre-culturetheque-accessible-a-tous\/\",\"url\":\"https:\/\/www.institutfrancais-lituanie.com\/fr\/mediatheque\/nouvelle-offre-culturetheque-accessible-a-tous\/\",\"name\":\"Cultureth\u00e8que - IF Lituanie\",\"isPartOf\":{\"@id\":\"https:\/\/www.institutfrancais-lituanie.com\/fr\/#website\"},\"primaryImageOfPage\":{\"@id\":\"https:\/\/www.institutfrancais-lituanie.com\/fr\/mediatheque\/nouvelle-offre-culturetheque-accessible-a-tous\/#primaryimage\"},\"image\":{\"@id\":\"https:\/\/www.institutfrancais-lituanie.com\/fr\/mediatheque\/nouvelle-offre-culturetheque-accessible-a-tous\/#primaryimage\"},\"thumbnailUrl\":\"https:\/\/www.institutfrancais-lituanie.com\/wp-content\/uploads\/2020\/04\/culturetheque-site-normal.jpg\",\"datePublished\":\"2020-03-25T13:46:28+00:00\",\"dateModified\":\"2024-03-01T10:50:46+00:00\",\"breadcrumb\":{\"@id\":\"https:\/\/www.institutfrancais-lituanie.com\/fr\/mediatheque\/nouvelle-offre-culturetheque-accessible-a-tous\/#breadcrumb\"},\"inLanguage\":\"fr-FR\",\"potentialAction\":[{\"@type\":\"ReadAction\",\"target\":[\"https:\/\/www.institutfrancais-lituanie.com\/fr\/mediatheque\/nouvelle-offre-culturetheque-accessible-a-tous\/\"]}]},{\"@type\":\"ImageObject\",\"inLanguage\":\"fr-FR\",\"@id\":\"https:\/\/www.institutfrancais-lituanie.com\/fr\/mediatheque\/nouvelle-offre-culturetheque-accessible-a-tous\/#primaryimage\",\"url\":\"https:\/\/www.institutfrancais-lituanie.com\/wp-content\/uploads\/2020\/04\/culturetheque-site-normal.jpg\",\"contentUrl\":\"https:\/\/www.institutfrancais-lituanie.com\/wp-content\/uploads\/2020\/04\/culturetheque-site-normal.jpg\",\"width\":1170,\"height\":585},{\"@type\":\"BreadcrumbList\",\"@id\":\"https:\/\/www.institutfrancais-lituanie.com\/fr\/mediatheque\/nouvelle-offre-culturetheque-accessible-a-tous\/#breadcrumb\",\"itemListElement\":[{\"@type\":\"ListItem\",\"position\":1,\"name\":\"Home\",\"item\":\"https:\/\/www.institutfrancais-lituanie.com\/fr\/\"},{\"@type\":\"ListItem\",\"position\":2,\"name\":\"M\u00e9diath\u00e8que\",\"item\":\"https:\/\/www.institutfrancais-lituanie.com\/fr\/mediatheque\/\"},{\"@type\":\"ListItem\",\"position\":3,\"name\":\"Cultureth\u00e8que\"}]},{\"@type\":\"WebSite\",\"@id\":\"https:\/\/www.institutfrancais-lituanie.com\/fr\/#website\",\"url\":\"https:\/\/www.institutfrancais-lituanie.com\/fr\/\",\"name\":\"IF Lituanie\",\"description\":\"Pranc\u016bz\u0173 kalbos kursai, kult\u016bra, mediateka...\",\"publisher\":{\"@id\":\"https:\/\/www.institutfrancais-lituanie.com\/fr\/#organization\"},\"potentialAction\":[{\"@type\":\"SearchAction\",\"target\":{\"@type\":\"EntryPoint\",\"urlTemplate\":\"https:\/\/www.institutfrancais-lituanie.com\/fr\/?s={search_term_string}\"},\"query-input\":\"required name=search_term_string\"}],\"inLanguage\":\"fr-FR\"},{\"@type\":\"Organization\",\"@id\":\"https:\/\/www.institutfrancais-lituanie.com\/fr\/#organization\",\"name\":\"Pranc\u016bz\u0173 institutas\",\"url\":\"https:\/\/www.institutfrancais-lituanie.com\/fr\/\",\"logo\":{\"@type\":\"ImageObject\",\"inLanguage\":\"fr-FR\",\"@id\":\"https:\/\/www.institutfrancais-lituanie.com\/fr\/#\/schema\/logo\/image\/\",\"url\":\"https:\/\/www.institutfrancais-lituanie.com\/wp-content\/uploads\/2023\/04\/IF_Logo-Lituanie-RVB.jpg\",\"contentUrl\":\"https:\/\/www.institutfrancais-lituanie.com\/wp-content\/uploads\/2023\/04\/IF_Logo-Lituanie-RVB.jpg\",\"width\":827,\"height\":555,\"caption\":\"Pranc\u016bz\u0173 institutas\"},\"image\":{\"@id\":\"https:\/\/www.institutfrancais-lituanie.com\/fr\/#\/schema\/logo\/image\/\"},\"sameAs\":[\"https:\/\/www.facebook.com\/prancuzuinstitutas\/\",\"https:\/\/www.instagram.com\/institut_francais_lituanie\/\"]}]}<\/script>\n<!-- \/ Yoast SEO plugin. -->","yoast_head_json":{"title":"Cultureth\u00e8que - IF Lituanie","robots":{"index":"index","follow":"follow","max-snippet":"max-snippet:-1","max-image-preview":"max-image-preview:large","max-video-preview":"max-video-preview:-1"},"canonical":"https:\/\/www.institutfrancais-lituanie.com\/fr\/mediatheque\/nouvelle-offre-culturetheque-accessible-a-tous\/","og_locale":"fr_FR","og_type":"article","og_title":"Cultureth\u00e8que - IF Lituanie","og_url":"https:\/\/www.institutfrancais-lituanie.com\/fr\/mediatheque\/nouvelle-offre-culturetheque-accessible-a-tous\/","og_site_name":"IF Lituanie","article_publisher":"https:\/\/www.facebook.com\/prancuzuinstitutas\/","article_modified_time":"2024-03-01T10:50:46+00:00","og_image":[{"width":1170,"height":585,"url":"https:\/\/www.institutfrancais-lituanie.com\/wp-content\/uploads\/2020\/04\/culturetheque-site-normal.jpg","type":"image\/jpeg"}],"twitter_card":"summary_large_image","twitter_misc":{"Est. reading time":"1 minute"},"schema":{"@context":"https:\/\/schema.org","@graph":[{"@type":"WebPage","@id":"https:\/\/www.institutfrancais-lituanie.com\/fr\/mediatheque\/nouvelle-offre-culturetheque-accessible-a-tous\/","url":"https:\/\/www.institutfrancais-lituanie.com\/fr\/mediatheque\/nouvelle-offre-culturetheque-accessible-a-tous\/","name":"Cultureth\u00e8que - IF Lituanie","isPartOf":{"@id":"https:\/\/www.institutfrancais-lituanie.com\/fr\/#website"},"primaryImageOfPage":{"@id":"https:\/\/www.institutfrancais-lituanie.com\/fr\/mediatheque\/nouvelle-offre-culturetheque-accessible-a-tous\/#primaryimage"},"image":{"@id":"https:\/\/www.institutfrancais-lituanie.com\/fr\/mediatheque\/nouvelle-offre-culturetheque-accessible-a-tous\/#primaryimage"},"thumbnailUrl":"https:\/\/www.institutfrancais-lituanie.com\/wp-content\/uploads\/2020\/04\/culturetheque-site-normal.jpg","datePublished":"2020-03-25T13:46:28+00:00","dateModified":"2024-03-01T10:50:46+00:00","breadcrumb":{"@id":"https:\/\/www.institutfrancais-lituanie.com\/fr\/mediatheque\/nouvelle-offre-culturetheque-accessible-a-tous\/#breadcrumb"},"inLanguage":"fr-FR","potentialAction":[{"@type":"ReadAction","target":["https:\/\/www.institutfrancais-lituanie.com\/fr\/mediatheque\/nouvelle-offre-culturetheque-accessible-a-tous\/"]}]},{"@type":"ImageObject","inLanguage":"fr-FR","@id":"https:\/\/www.institutfrancais-lituanie.com\/fr\/mediatheque\/nouvelle-offre-culturetheque-accessible-a-tous\/#primaryimage","url":"https:\/\/www.institutfrancais-lituanie.com\/wp-content\/uploads\/2020\/04\/culturetheque-site-normal.jpg","contentUrl":"https:\/\/www.institutfrancais-lituanie.com\/wp-content\/uploads\/2020\/04\/culturetheque-site-normal.jpg","width":1170,"height":585},{"@type":"BreadcrumbList","@id":"https:\/\/www.institutfrancais-lituanie.com\/fr\/mediatheque\/nouvelle-offre-culturetheque-accessible-a-tous\/#breadcrumb","itemListElement":[{"@type":"ListItem","position":1,"name":"Home","item":"https:\/\/www.institutfrancais-lituanie.com\/fr\/"},{"@type":"ListItem","position":2,"name":"M\u00e9diath\u00e8que","item":"https:\/\/www.institutfrancais-lituanie.com\/fr\/mediatheque\/"},{"@type":"ListItem","position":3,"name":"Cultureth\u00e8que"}]},{"@type":"WebSite","@id":"https:\/\/www.institutfrancais-lituanie.com\/fr\/#website","url":"https:\/\/www.institutfrancais-lituanie.com\/fr\/","name":"IF Lituanie","description":"Pranc\u016bz\u0173 kalbos kursai, kult\u016bra, mediateka...","publisher":{"@id":"https:\/\/www.institutfrancais-lituanie.com\/fr\/#organization"},"potentialAction":[{"@type":"SearchAction","target":{"@type":"EntryPoint","urlTemplate":"https:\/\/www.institutfrancais-lituanie.com\/fr\/?s={search_term_string}"},"query-input":"required name=search_term_string"}],"inLanguage":"fr-FR"},{"@type":"Organization","@id":"https:\/\/www.institutfrancais-lituanie.com\/fr\/#organization","name":"Pranc\u016bz\u0173 institutas","url":"https:\/\/www.institutfrancais-lituanie.com\/fr\/","logo":{"@type":"ImageObject","inLanguage":"fr-FR","@id":"https:\/\/www.institutfrancais-lituanie.com\/fr\/#\/schema\/logo\/image\/","url":"https:\/\/www.institutfrancais-lituanie.com\/wp-content\/uploads\/2023\/04\/IF_Logo-Lituanie-RVB.jpg","contentUrl":"https:\/\/www.institutfrancais-lituanie.com\/wp-content\/uploads\/2023\/04\/IF_Logo-Lituanie-RVB.jpg","width":827,"height":555,"caption":"Pranc\u016bz\u0173 institutas"},"image":{"@id":"https:\/\/www.institutfrancais-lituanie.com\/fr\/#\/schema\/logo\/image\/"},"sameAs":["https:\/\/www.facebook.com\/prancuzuinstitutas\/","https:\/\/www.instagram.com\/institut_francais_lituanie\/"]}]}},"_links":{"self":[{"href":"https:\/\/www.institutfrancais-lituanie.com\/fr\/wp-json\/wp\/v2\/pages\/6047"}],"collection":[{"href":"https:\/\/www.institutfrancais-lituanie.com\/fr\/wp-json\/wp\/v2\/pages"}],"about":[{"href":"https:\/\/www.institutfrancais-lituanie.com\/fr\/wp-json\/wp\/v2\/types\/page"}],"author":[{"embeddable":true,"href":"https:\/\/www.institutfrancais-lituanie.com\/fr\/wp-json\/wp\/v2\/users\/2"}],"replies":[{"embeddable":true,"href":"https:\/\/www.institutfrancais-lituanie.com\/fr\/wp-json\/wp\/v2\/comments?post=6047"}],"version-history":[{"count":14,"href":"https:\/\/www.institutfrancais-lituanie.com\/fr\/wp-json\/wp\/v2\/pages\/6047\/revisions"}],"predecessor-version":[{"id":14594,"href":"https:\/\/www.institutfrancais-lituanie.com\/fr\/wp-json\/wp\/v2\/pages\/6047\/revisions\/14594"}],"up":[{"embeddable":true,"href":"https:\/\/www.institutfrancais-lituanie.com\/fr\/wp-json\/wp\/v2\/pages\/2080"}],"wp:featuredmedia":[{"embeddable":true,"href":"https:\/\/www.institutfrancais-lituanie.com\/fr\/wp-json\/wp\/v2\/media\/6082"}],"wp:attachment":[{"href":"https:\/\/www.institutfrancais-lituanie.com\/fr\/wp-json\/wp\/v2\/media?parent=6047"}],"curies":[{"name":"wp","href":"https:\/\/api.w.org\/{rel}","templated":true}]}}