{"id":5962,"date":"2020-03-20T08:20:57","date_gmt":"2020-03-20T08:20:57","guid":{"rendered":"https:\/\/www.institutfrancais-lituanie.com\/?page_id=5962"},"modified":"2023-04-27T08:53:07","modified_gmt":"2023-04-27T08:53:07","slug":"votre-cours-de-francais-continue-en-ligne","status":"publish","type":"page","link":"https:\/\/www.institutfrancais-lituanie.com\/fr\/cours-francais\/votre-cours-de-francais-continue-en-ligne\/","title":{"rendered":"Fiche d&#8217;instruction : comment utiliser Zoom ?"},"content":{"rendered":"<div class=\"wpb-content-wrapper\"><p>[vc_row][vc_column][vc_message]Important : un cours en ligne \u00e0 distance n\u2019est pas exactement comme un cours en pr\u00e9sentiel. Le cours en ligne demande plus d\u2019attention, plus de concentration et une disponibilit\u00e9 constante. C\u2019est pourquoi le temps de cours en face \u00e0 face p\u00e9dagogique est diminu\u00e9 de 25% et est compl\u00e9t\u00e9 par ailleurs par une plateforme d\u2019apprentissage en ligne sur laquelle votre enseignant vous proposera des exercices en autoapprentissage et de production \u00e9crite.[\/vc_message][\/vc_column][\/vc_row][vc_row][vc_column][vc_column_text]Apr\u00e8s avoir rejoint votre cours en cliquant sur le lien fourni par votre enseignant, vous vous retrouverez sur le logiciel de visioconf\u00e9rence Zoom. Lors de votre premi\u00e8re connexion, en cliquant sur le lien, Zoom vous proposera d\u2019installer l\u2019application de vid\u00e9oconf\u00e9rence, puis d\u2019ouvrir l\u2019application. Cliquez ensuite sur<em><strong> Join with computer audio<\/strong><\/em>. Vous avez la possibilit\u00e9, juste avant d\u2019entrer dans la r\u00e9union, de tester votre son et votre micro.<\/p>\n<p>Ce qui suit vous pr\u00e9sente les diff\u00e9rentes fonctionnalit\u00e9s du logiciel du point de vue de l\u2019apprenant, afin de vous pr\u00e9parer au mieux \u00e0 votre premier cours en ligne.<\/p>\n<p>En rejoignant la r\u00e9union, si vous \u00eates en avance, il est possible que votre enseignant ne soit pas encore arriv\u00e9. Attendez l\u2019horaire de d\u00e9but du cours. Par ailleurs, votre micro devrait \u00eatre \u00e9teint par d\u00e9faut lorsque vous rejoignez le cours (plusieurs micros allum\u00e9s en m\u00eame temps ont en effet tendance \u00e0 d\u00e9grader la qualit\u00e9 d\u2019\u00e9coute et\/ou \u00e0 cr\u00e9er de l\u2019\u00e9cho), mais vous pouvez \u00e0 tout moment couper ou rallumer votre micro, et de m\u00eame pour votre cam\u00e9ra.[\/vc_column_text][\/vc_column][\/vc_row][vc_row][vc_column][vc_column_text]<strong>Menu principal, en bas de la fen\u00eatre de visioconf\u00e9rence :<\/strong>[\/vc_column_text][\/vc_column][\/vc_row][vc_row][vc_column][vc_single_image image=&#8221;5963&#8243; img_size=&#8221;full&#8221;][\/vc_column][\/vc_row][vc_row][vc_column][vc_column_text]<strong>Mute :<\/strong> permet de couper ou d\u2019allumer votre micro. Cette commande peut aussi \u00eatre activ\u00e9e par votre enseignant<\/p>\n<p><strong>Start Video :<\/strong> permet de couper ou de rallumer votre cam\u00e9ra<\/p>\n<p><strong>Participants :<\/strong> permet de voir la liste des participants. Permet \u00e9galement de lever la main pour faire savoir \u00e0 votre enseignant que vous souhaitez prendre la parole (option <strong>Raise hand<\/strong> en bas de la liste des participants) :[\/vc_column_text][\/vc_column][\/vc_row][vc_row][vc_column][vc_single_image image=&#8221;5965&#8243; img_size=&#8221;full&#8221;][\/vc_column][\/vc_row][vc_row][vc_column][vc_column_text]<strong>Share Screen :<\/strong> permet de partager votre \u00e9cran (ou un tableau blanc) avec le reste de la classe<\/p>\n<p><strong>Chat :<\/strong> permet de commencer ou d\u2019acc\u00e9der \u00e0 une discussion<\/p>\n<p><strong>Record :<\/strong> cette fonctionnalit\u00e9 d\u2019enregistrement n\u2019est en principe pas autoris\u00e9e pour les participants<\/p>\n<p><strong>Reactions :<\/strong> (qui n\u2019est pas visible sur cette capture d\u2019\u00e9cran ; cette fonctionnalit\u00e9 se trouve \u00e0 droite de Record) : permet de lever un pouce ou d\u2019applaudir<\/p>\n<p><strong>Davantage d\u2019informations sur le partage d\u2019\u00e9cran :<\/strong> pendant un partage d\u2019\u00e9cran (par exemple lorsque votre enseignant partage son \u00e9cran avec la classe), vous pouvez \u00e0 tout moment annoter ou enregistrer votre \u00e9cran en utilisant le menu du partage d\u2019\u00e9cran. Pour faire appara\u00eetre ce menu, lorsque c\u2019est votre enseignant ou un autre participant qui partage son \u00e9cran, cliquez en haut de la fen\u00eatre de visioconf\u00e9rence sur <strong>View Options<\/strong>, puis <strong>Annotate<\/strong> :[\/vc_column_text][\/vc_column][\/vc_row][vc_row][vc_column][vc_single_image image=&#8221;5967&#8243; img_size=&#8221;full&#8221;][\/vc_column][\/vc_row][vc_row][vc_column][vc_column_text]Si c\u2019est vous qui partagez votre \u00e9cran, faites bouger votre souris tout en haut de votre \u00e9cran et cliquez sur <strong>Annotate<\/strong> pour commencer \u00e0 annoter. Pour sauvegarder une capture d\u2019\u00e9cran, cliquez sur <strong>Save<\/strong> dans le menu <strong>Annotation<\/strong>.<\/p>\n<p><strong>Menu du partage d\u2019\u00e9cran lorsque c\u2019est vous qui partagez votre \u00e9cran :<\/strong>[\/vc_column_text][\/vc_column][\/vc_row][vc_row][vc_column][vc_single_image image=&#8221;5969&#8243; img_size=&#8221;full&#8221;][\/vc_column][\/vc_row][vc_row][vc_column][vc_column_text]<strong>Menu Annotation, quelle que soit la personne qui partage son \u00e9cran :<\/strong>[\/vc_column_text][\/vc_column][\/vc_row][vc_row][vc_column][vc_single_image image=&#8221;5971&#8243; img_size=&#8221;full&#8221;][\/vc_column][\/vc_row][vc_row][vc_column][vc_column_text]Le principe du partage d\u2019\u00e9cran reste le m\u00eame, qu\u2019il s\u2019agisse du partage d\u2019\u00e9cran ou du partage d\u2019un tableau blanc.[\/vc_column_text][\/vc_column][\/vc_row][vc_row][vc_column][vc_column_text]<strong>Un dernier point :<\/strong> la vue par d\u00e9faut dans la fen\u00eatre de visioconf\u00e9rence est en mode <strong>Speaker<\/strong> (= je vois principalement la personne qui est en train de parler, et les autres participants sont dans de petites fen\u00eatres en haut de l\u2019\u00e9cran), mais vous avez aussi la possibilit\u00e9 de passer en mode <strong>Gallery<\/strong> (= je vois tous les participants dans des fen\u00eatres de m\u00eame taille) en cliquant sur <strong>Gallery View :<\/strong>[\/vc_column_text][\/vc_column][\/vc_row][vc_row][vc_column][vc_single_image image=&#8221;5973&#8243; img_size=&#8221;full&#8221;][\/vc_column][\/vc_row][vc_row][vc_column][vc_column_text]Pour quitter le cours, cliquez tout simplement sur<strong> Leave Meeting<\/strong> dans le menu principal.[\/vc_column_text][\/vc_column][\/vc_row]<\/p>\n<\/div>","protected":false},"excerpt":{"rendered":"[vc_row][vc_column][vc_message]Important : un cours en ligne \u00e0 distance n\u2019est pas exactement comme un cours en&hellip;","protected":false},"author":2,"featured_media":5977,"parent":1736,"menu_order":0,"comment_status":"closed","ping_status":"closed","template":"page-sidebar.php","meta":{"footnotes":""},"class_list":["post-5962","page","type-page","status-publish","has-post-thumbnail","hentry"],"yoast_head":"<!-- This site is optimized with the Yoast SEO plugin v23.2 - https:\/\/yoast.com\/wordpress\/plugins\/seo\/ -->\n<title>Fiche d&#039;instruction : comment utiliser Zoom ? - IF Lituanie<\/title>\n<meta name=\"robots\" content=\"index, follow, max-snippet:-1, max-image-preview:large, max-video-preview:-1\" \/>\n<link rel=\"canonical\" href=\"https:\/\/www.institutfrancais-lituanie.com\/fr\/cours-francais\/votre-cours-de-francais-continue-en-ligne\/\" \/>\n<meta property=\"og:locale\" content=\"fr_FR\" \/>\n<meta property=\"og:type\" content=\"article\" \/>\n<meta property=\"og:title\" content=\"Fiche d&#039;instruction : comment utiliser Zoom ? - IF Lituanie\" \/>\n<meta property=\"og:url\" content=\"https:\/\/www.institutfrancais-lituanie.com\/fr\/cours-francais\/votre-cours-de-francais-continue-en-ligne\/\" \/>\n<meta property=\"og:site_name\" content=\"IF Lituanie\" \/>\n<meta property=\"article:publisher\" content=\"https:\/\/www.facebook.com\/prancuzuinstitutas\/\" \/>\n<meta property=\"article:modified_time\" content=\"2023-04-27T08:53:07+00:00\" \/>\n<meta property=\"og:image\" content=\"https:\/\/www.institutfrancais-lituanie.com\/wp-content\/uploads\/2020\/03\/cours-site.png\" \/>\n\t<meta property=\"og:image:width\" content=\"1170\" \/>\n\t<meta property=\"og:image:height\" content=\"585\" \/>\n\t<meta property=\"og:image:type\" content=\"image\/png\" \/>\n<meta name=\"twitter:card\" content=\"summary_large_image\" \/>\n<meta name=\"twitter:label1\" content=\"Est. reading time\" \/>\n\t<meta name=\"twitter:data1\" content=\"3 minutes\" \/>\n<script type=\"application\/ld+json\" class=\"yoast-schema-graph\">{\"@context\":\"https:\/\/schema.org\",\"@graph\":[{\"@type\":\"WebPage\",\"@id\":\"https:\/\/www.institutfrancais-lituanie.com\/fr\/cours-francais\/votre-cours-de-francais-continue-en-ligne\/\",\"url\":\"https:\/\/www.institutfrancais-lituanie.com\/fr\/cours-francais\/votre-cours-de-francais-continue-en-ligne\/\",\"name\":\"Fiche d'instruction : comment utiliser Zoom ? - IF Lituanie\",\"isPartOf\":{\"@id\":\"https:\/\/www.institutfrancais-lituanie.com\/fr\/#website\"},\"primaryImageOfPage\":{\"@id\":\"https:\/\/www.institutfrancais-lituanie.com\/fr\/cours-francais\/votre-cours-de-francais-continue-en-ligne\/#primaryimage\"},\"image\":{\"@id\":\"https:\/\/www.institutfrancais-lituanie.com\/fr\/cours-francais\/votre-cours-de-francais-continue-en-ligne\/#primaryimage\"},\"thumbnailUrl\":\"https:\/\/www.institutfrancais-lituanie.com\/wp-content\/uploads\/2020\/03\/cours-site.png\",\"datePublished\":\"2020-03-20T08:20:57+00:00\",\"dateModified\":\"2023-04-27T08:53:07+00:00\",\"breadcrumb\":{\"@id\":\"https:\/\/www.institutfrancais-lituanie.com\/fr\/cours-francais\/votre-cours-de-francais-continue-en-ligne\/#breadcrumb\"},\"inLanguage\":\"fr-FR\",\"potentialAction\":[{\"@type\":\"ReadAction\",\"target\":[\"https:\/\/www.institutfrancais-lituanie.com\/fr\/cours-francais\/votre-cours-de-francais-continue-en-ligne\/\"]}]},{\"@type\":\"ImageObject\",\"inLanguage\":\"fr-FR\",\"@id\":\"https:\/\/www.institutfrancais-lituanie.com\/fr\/cours-francais\/votre-cours-de-francais-continue-en-ligne\/#primaryimage\",\"url\":\"https:\/\/www.institutfrancais-lituanie.com\/wp-content\/uploads\/2020\/03\/cours-site.png\",\"contentUrl\":\"https:\/\/www.institutfrancais-lituanie.com\/wp-content\/uploads\/2020\/03\/cours-site.png\",\"width\":1170,\"height\":585},{\"@type\":\"BreadcrumbList\",\"@id\":\"https:\/\/www.institutfrancais-lituanie.com\/fr\/cours-francais\/votre-cours-de-francais-continue-en-ligne\/#breadcrumb\",\"itemListElement\":[{\"@type\":\"ListItem\",\"position\":1,\"name\":\"Home\",\"item\":\"https:\/\/www.institutfrancais-lituanie.com\/fr\/\"},{\"@type\":\"ListItem\",\"position\":2,\"name\":\"Cours et examens\",\"item\":\"https:\/\/www.institutfrancais-lituanie.com\/fr\/cours-francais\/\"},{\"@type\":\"ListItem\",\"position\":3,\"name\":\"Fiche d&#8217;instruction : comment utiliser Zoom ?\"}]},{\"@type\":\"WebSite\",\"@id\":\"https:\/\/www.institutfrancais-lituanie.com\/fr\/#website\",\"url\":\"https:\/\/www.institutfrancais-lituanie.com\/fr\/\",\"name\":\"IF Lituanie\",\"description\":\"Pranc\u016bz\u0173 kalbos kursai, kult\u016bra, mediateka...\",\"publisher\":{\"@id\":\"https:\/\/www.institutfrancais-lituanie.com\/fr\/#organization\"},\"potentialAction\":[{\"@type\":\"SearchAction\",\"target\":{\"@type\":\"EntryPoint\",\"urlTemplate\":\"https:\/\/www.institutfrancais-lituanie.com\/fr\/?s={search_term_string}\"},\"query-input\":\"required name=search_term_string\"}],\"inLanguage\":\"fr-FR\"},{\"@type\":\"Organization\",\"@id\":\"https:\/\/www.institutfrancais-lituanie.com\/fr\/#organization\",\"name\":\"Pranc\u016bz\u0173 institutas\",\"url\":\"https:\/\/www.institutfrancais-lituanie.com\/fr\/\",\"logo\":{\"@type\":\"ImageObject\",\"inLanguage\":\"fr-FR\",\"@id\":\"https:\/\/www.institutfrancais-lituanie.com\/fr\/#\/schema\/logo\/image\/\",\"url\":\"https:\/\/www.institutfrancais-lituanie.com\/wp-content\/uploads\/2023\/04\/IF_Logo-Lituanie-RVB.jpg\",\"contentUrl\":\"https:\/\/www.institutfrancais-lituanie.com\/wp-content\/uploads\/2023\/04\/IF_Logo-Lituanie-RVB.jpg\",\"width\":827,\"height\":555,\"caption\":\"Pranc\u016bz\u0173 institutas\"},\"image\":{\"@id\":\"https:\/\/www.institutfrancais-lituanie.com\/fr\/#\/schema\/logo\/image\/\"},\"sameAs\":[\"https:\/\/www.facebook.com\/prancuzuinstitutas\/\",\"https:\/\/www.instagram.com\/institut_francais_lituanie\/\"]}]}<\/script>\n<!-- \/ Yoast SEO plugin. -->","yoast_head_json":{"title":"Fiche d'instruction : comment utiliser Zoom ? - IF Lituanie","robots":{"index":"index","follow":"follow","max-snippet":"max-snippet:-1","max-image-preview":"max-image-preview:large","max-video-preview":"max-video-preview:-1"},"canonical":"https:\/\/www.institutfrancais-lituanie.com\/fr\/cours-francais\/votre-cours-de-francais-continue-en-ligne\/","og_locale":"fr_FR","og_type":"article","og_title":"Fiche d'instruction : comment utiliser Zoom ? - IF Lituanie","og_url":"https:\/\/www.institutfrancais-lituanie.com\/fr\/cours-francais\/votre-cours-de-francais-continue-en-ligne\/","og_site_name":"IF Lituanie","article_publisher":"https:\/\/www.facebook.com\/prancuzuinstitutas\/","article_modified_time":"2023-04-27T08:53:07+00:00","og_image":[{"width":1170,"height":585,"url":"https:\/\/www.institutfrancais-lituanie.com\/wp-content\/uploads\/2020\/03\/cours-site.png","type":"image\/png"}],"twitter_card":"summary_large_image","twitter_misc":{"Est. reading time":"3 minutes"},"schema":{"@context":"https:\/\/schema.org","@graph":[{"@type":"WebPage","@id":"https:\/\/www.institutfrancais-lituanie.com\/fr\/cours-francais\/votre-cours-de-francais-continue-en-ligne\/","url":"https:\/\/www.institutfrancais-lituanie.com\/fr\/cours-francais\/votre-cours-de-francais-continue-en-ligne\/","name":"Fiche d'instruction : comment utiliser Zoom ? - IF Lituanie","isPartOf":{"@id":"https:\/\/www.institutfrancais-lituanie.com\/fr\/#website"},"primaryImageOfPage":{"@id":"https:\/\/www.institutfrancais-lituanie.com\/fr\/cours-francais\/votre-cours-de-francais-continue-en-ligne\/#primaryimage"},"image":{"@id":"https:\/\/www.institutfrancais-lituanie.com\/fr\/cours-francais\/votre-cours-de-francais-continue-en-ligne\/#primaryimage"},"thumbnailUrl":"https:\/\/www.institutfrancais-lituanie.com\/wp-content\/uploads\/2020\/03\/cours-site.png","datePublished":"2020-03-20T08:20:57+00:00","dateModified":"2023-04-27T08:53:07+00:00","breadcrumb":{"@id":"https:\/\/www.institutfrancais-lituanie.com\/fr\/cours-francais\/votre-cours-de-francais-continue-en-ligne\/#breadcrumb"},"inLanguage":"fr-FR","potentialAction":[{"@type":"ReadAction","target":["https:\/\/www.institutfrancais-lituanie.com\/fr\/cours-francais\/votre-cours-de-francais-continue-en-ligne\/"]}]},{"@type":"ImageObject","inLanguage":"fr-FR","@id":"https:\/\/www.institutfrancais-lituanie.com\/fr\/cours-francais\/votre-cours-de-francais-continue-en-ligne\/#primaryimage","url":"https:\/\/www.institutfrancais-lituanie.com\/wp-content\/uploads\/2020\/03\/cours-site.png","contentUrl":"https:\/\/www.institutfrancais-lituanie.com\/wp-content\/uploads\/2020\/03\/cours-site.png","width":1170,"height":585},{"@type":"BreadcrumbList","@id":"https:\/\/www.institutfrancais-lituanie.com\/fr\/cours-francais\/votre-cours-de-francais-continue-en-ligne\/#breadcrumb","itemListElement":[{"@type":"ListItem","position":1,"name":"Home","item":"https:\/\/www.institutfrancais-lituanie.com\/fr\/"},{"@type":"ListItem","position":2,"name":"Cours et examens","item":"https:\/\/www.institutfrancais-lituanie.com\/fr\/cours-francais\/"},{"@type":"ListItem","position":3,"name":"Fiche d&#8217;instruction : comment utiliser Zoom ?"}]},{"@type":"WebSite","@id":"https:\/\/www.institutfrancais-lituanie.com\/fr\/#website","url":"https:\/\/www.institutfrancais-lituanie.com\/fr\/","name":"IF Lituanie","description":"Pranc\u016bz\u0173 kalbos kursai, kult\u016bra, mediateka...","publisher":{"@id":"https:\/\/www.institutfrancais-lituanie.com\/fr\/#organization"},"potentialAction":[{"@type":"SearchAction","target":{"@type":"EntryPoint","urlTemplate":"https:\/\/www.institutfrancais-lituanie.com\/fr\/?s={search_term_string}"},"query-input":"required name=search_term_string"}],"inLanguage":"fr-FR"},{"@type":"Organization","@id":"https:\/\/www.institutfrancais-lituanie.com\/fr\/#organization","name":"Pranc\u016bz\u0173 institutas","url":"https:\/\/www.institutfrancais-lituanie.com\/fr\/","logo":{"@type":"ImageObject","inLanguage":"fr-FR","@id":"https:\/\/www.institutfrancais-lituanie.com\/fr\/#\/schema\/logo\/image\/","url":"https:\/\/www.institutfrancais-lituanie.com\/wp-content\/uploads\/2023\/04\/IF_Logo-Lituanie-RVB.jpg","contentUrl":"https:\/\/www.institutfrancais-lituanie.com\/wp-content\/uploads\/2023\/04\/IF_Logo-Lituanie-RVB.jpg","width":827,"height":555,"caption":"Pranc\u016bz\u0173 institutas"},"image":{"@id":"https:\/\/www.institutfrancais-lituanie.com\/fr\/#\/schema\/logo\/image\/"},"sameAs":["https:\/\/www.facebook.com\/prancuzuinstitutas\/","https:\/\/www.instagram.com\/institut_francais_lituanie\/"]}]}},"_links":{"self":[{"href":"https:\/\/www.institutfrancais-lituanie.com\/fr\/wp-json\/wp\/v2\/pages\/5962"}],"collection":[{"href":"https:\/\/www.institutfrancais-lituanie.com\/fr\/wp-json\/wp\/v2\/pages"}],"about":[{"href":"https:\/\/www.institutfrancais-lituanie.com\/fr\/wp-json\/wp\/v2\/types\/page"}],"author":[{"embeddable":true,"href":"https:\/\/www.institutfrancais-lituanie.com\/fr\/wp-json\/wp\/v2\/users\/2"}],"replies":[{"embeddable":true,"href":"https:\/\/www.institutfrancais-lituanie.com\/fr\/wp-json\/wp\/v2\/comments?post=5962"}],"version-history":[{"count":7,"href":"https:\/\/www.institutfrancais-lituanie.com\/fr\/wp-json\/wp\/v2\/pages\/5962\/revisions"}],"predecessor-version":[{"id":13791,"href":"https:\/\/www.institutfrancais-lituanie.com\/fr\/wp-json\/wp\/v2\/pages\/5962\/revisions\/13791"}],"up":[{"embeddable":true,"href":"https:\/\/www.institutfrancais-lituanie.com\/fr\/wp-json\/wp\/v2\/pages\/1736"}],"wp:featuredmedia":[{"embeddable":true,"href":"https:\/\/www.institutfrancais-lituanie.com\/fr\/wp-json\/wp\/v2\/media\/5977"}],"wp:attachment":[{"href":"https:\/\/www.institutfrancais-lituanie.com\/fr\/wp-json\/wp\/v2\/media?parent=5962"}],"curies":[{"name":"wp","href":"https:\/\/api.w.org\/{rel}","templated":true}]}}