{"id":5795,"date":"2020-02-24T09:04:57","date_gmt":"2020-02-24T09:04:57","guid":{"rendered":"https:\/\/www.institutfrancais-lituanie.com\/?page_id=5795"},"modified":"2020-06-15T07:26:01","modified_gmt":"2020-06-15T07:26:01","slug":"histoire-france","status":"publish","type":"page","link":"https:\/\/www.institutfrancais-lituanie.com\/fr\/cours-francais\/cours-thematiques\/histoire-france\/","title":{"rendered":"Histoire de France (B2)"},"content":{"rendered":"<div class=\"wpb-content-wrapper\"><p>[vc_row][vc_column][vc_column_text]<span style=\"font-size: 12pt; color: #008ac9;\"><span style=\"color: #008ac9;\"><span style=\"font-size: 12pt;\"><b>Atelier <\/b><\/span><span style=\"font-size: 16px;\"><b>th\u00e9matique<\/b><\/span><span style=\"font-size: 12pt;\"><b>: <strong>Histoire de France (B2)<\/strong><\/b><\/span><\/span><\/span><\/p>\n<hr \/>\n<p>La France et la Lituanie\u00a0: une histoire parall\u00e8le. La France a-t-elle dans son histoire \u00e9t\u00e9 li\u00e9e \u00e0 la destin\u00e9e de la Lituanie ? Une r\u00e9flexion atypique de liens peu ou mal connus d\u2019une histoire commune du Moyen-\u00c2ge \u00e0 nos jours. Un voyage surprenant \u00e0 travers des figures, des \u00e9v\u00e9nements historiques, culturels qui ont jalonn\u00e9 l\u2019Histoire de ces deux pays.<\/p>\n<p><strong>RYTHME :<\/strong> 6 rencontres de 1,5 h (12 heures acad\u00e9miques)<br \/>\n<strong>NIVEAUX : <\/strong>B2<br \/>\n<strong>EMPLOI DU TEMPS :\u00a0<\/strong>Mardi-jeudi 13.00-12.00.\u00a07, 9, 14, 16, 21, 23 juillet<\/p>\n<p><strong>TARIF<\/strong> : 75\u00a0 \u20ac[\/vc_column_text][\/vc_column][\/vc_row][vc_row title=&#8221;Inscription&#8221; style=&#8221;modern&#8221; gradient_color_1=&#8221;turquoise&#8221; gradient_color_2=&#8221;blue&#8221; gradient_custom_color_1=&#8221;#dd3333&#8243; gradient_custom_color_2=&#8221;#eeee22&#8243; gradient_text_color=&#8221;#ffffff&#8221; custom_background=&#8221;#ededed&#8221; custom_text=&#8221;#666666&#8243; outline_custom_color=&#8221;#666666&#8243; outline_custom_hover_background=&#8221;#666666&#8243; outline_custom_hover_text=&#8221;#ffffff&#8221; shape=&#8221;square&#8221; color=&#8221;danger&#8221; size=&#8221;lg&#8221; align=&#8221;inline&#8221; button_block=&#8221;&#8221; add_icon=&#8221;&#8221; i_align=&#8221;left&#8221; i_type=&#8221;fontawesome&#8221; i_icon_fontawesome=&#8221;fa fa-adjust&#8221; i_icon_openiconic=&#8221;vc-oi vc-oi-dial&#8221; i_icon_typicons=&#8221;typcn typcn-adjust-brightness&#8221; i_icon_entypo=&#8221;entypo-icon entypo-icon-note&#8221; i_icon_linecons=&#8221;vc_li vc_li-heart&#8221; i_icon_monosocial=&#8221;vc-mono vc-mono-fivehundredpx&#8221; i_icon_material=&#8221;vc-material vc-material-cake&#8221; i_icon_pixelicons=&#8221;vc_pixel_icon vc_pixel_icon-alert&#8221; custom_onclick=&#8221;&#8221; link=&#8221;url:http%3A%2F%2Finscrire.hanaf.net%2Fvilnius.php||target:%20_blank|&#8221; custom_onclick_code=&#8221;&#8221;][vc_column][vc_btn title=&#8221;Inscription&#8221; shape=&#8221;square&#8221; color=&#8221;danger&#8221; size=&#8221;lg&#8221; link=&#8221;url:http%3A%2F%2Finscrire.hanaf.net%2Fvilnius.php||target:%20_blank|&#8221;][\/vc_column][\/vc_row][vc_row color=&#8221;&#8221; message_box_style=&#8221;standard&#8221; style=&#8221;rounded&#8221; message_box_color=&#8221;info&#8221; icon_type=&#8221;fontawesome&#8221; icon_fontawesome=&#8221;fa fa-envelope&#8221; icon_monosocial=&#8221;vc-mono vc-mono-fivehundredpx&#8221; icon_openiconic=&#8221;&#8221; icon_typicons=&#8221;&#8221; icon_entypo=&#8221;&#8221; icon_linecons=&#8221;&#8221; icon_pixelicons=&#8221;&#8221;][vc_column][vc_message icon_fontawesome=&#8221;fa fa-envelope&#8221;]<strong>Service des cours<\/strong><br \/>\nmokymai@prancuzuinstitutas.lt<br \/>\nt\u00e9l. +370 5 219 96 55[\/vc_message][\/vc_column][\/vc_row]<\/p>\n<\/div>","protected":false},"excerpt":{"rendered":"[vc_row][vc_column][vc_column_text]Atelier th\u00e9matique: Histoire de France (B2) La France et la Lituanie\u00a0: une histoire parall\u00e8le. La&hellip;","protected":false},"author":2,"featured_media":6212,"parent":1844,"menu_order":0,"comment_status":"closed","ping_status":"closed","template":"page-sidebar.php","meta":{"footnotes":""},"class_list":["post-5795","page","type-page","status-publish","has-post-thumbnail","hentry"],"yoast_head":"<!-- This site is optimized with the Yoast SEO plugin v23.2 - https:\/\/yoast.com\/wordpress\/plugins\/seo\/ -->\n<title>Histoire de France (B2) - IF Lituanie<\/title>\n<meta name=\"robots\" content=\"index, follow, max-snippet:-1, max-image-preview:large, max-video-preview:-1\" \/>\n<link rel=\"canonical\" href=\"https:\/\/www.institutfrancais-lituanie.com\/fr\/cours-francais\/cours-thematiques\/histoire-france\/\" \/>\n<meta property=\"og:locale\" content=\"fr_FR\" \/>\n<meta property=\"og:type\" content=\"article\" \/>\n<meta property=\"og:title\" content=\"Histoire de France (B2) - IF Lituanie\" \/>\n<meta property=\"og:url\" content=\"https:\/\/www.institutfrancais-lituanie.com\/fr\/cours-francais\/cours-thematiques\/histoire-france\/\" \/>\n<meta property=\"og:site_name\" content=\"IF Lituanie\" \/>\n<meta property=\"article:publisher\" content=\"https:\/\/www.facebook.com\/prancuzuinstitutas\/\" \/>\n<meta property=\"article:modified_time\" content=\"2020-06-15T07:26:01+00:00\" \/>\n<meta property=\"og:image\" content=\"https:\/\/www.institutfrancais-lituanie.com\/wp-content\/uploads\/2020\/06\/atelier-histoire.jpg\" \/>\n\t<meta property=\"og:image:width\" content=\"1170\" \/>\n\t<meta property=\"og:image:height\" content=\"585\" \/>\n\t<meta property=\"og:image:type\" content=\"image\/jpeg\" \/>\n<meta name=\"twitter:card\" content=\"summary_large_image\" \/>\n<meta name=\"twitter:label1\" content=\"Est. reading time\" \/>\n\t<meta name=\"twitter:data1\" content=\"2 minutes\" \/>\n<script type=\"application\/ld+json\" class=\"yoast-schema-graph\">{\"@context\":\"https:\/\/schema.org\",\"@graph\":[{\"@type\":\"WebPage\",\"@id\":\"https:\/\/www.institutfrancais-lituanie.com\/fr\/cours-francais\/cours-thematiques\/histoire-france\/\",\"url\":\"https:\/\/www.institutfrancais-lituanie.com\/fr\/cours-francais\/cours-thematiques\/histoire-france\/\",\"name\":\"Histoire de France (B2) - IF Lituanie\",\"isPartOf\":{\"@id\":\"https:\/\/www.institutfrancais-lituanie.com\/fr\/#website\"},\"primaryImageOfPage\":{\"@id\":\"https:\/\/www.institutfrancais-lituanie.com\/fr\/cours-francais\/cours-thematiques\/histoire-france\/#primaryimage\"},\"image\":{\"@id\":\"https:\/\/www.institutfrancais-lituanie.com\/fr\/cours-francais\/cours-thematiques\/histoire-france\/#primaryimage\"},\"thumbnailUrl\":\"https:\/\/www.institutfrancais-lituanie.com\/wp-content\/uploads\/2020\/06\/atelier-histoire.jpg\",\"datePublished\":\"2020-02-24T09:04:57+00:00\",\"dateModified\":\"2020-06-15T07:26:01+00:00\",\"breadcrumb\":{\"@id\":\"https:\/\/www.institutfrancais-lituanie.com\/fr\/cours-francais\/cours-thematiques\/histoire-france\/#breadcrumb\"},\"inLanguage\":\"fr-FR\",\"potentialAction\":[{\"@type\":\"ReadAction\",\"target\":[\"https:\/\/www.institutfrancais-lituanie.com\/fr\/cours-francais\/cours-thematiques\/histoire-france\/\"]}]},{\"@type\":\"ImageObject\",\"inLanguage\":\"fr-FR\",\"@id\":\"https:\/\/www.institutfrancais-lituanie.com\/fr\/cours-francais\/cours-thematiques\/histoire-france\/#primaryimage\",\"url\":\"https:\/\/www.institutfrancais-lituanie.com\/wp-content\/uploads\/2020\/06\/atelier-histoire.jpg\",\"contentUrl\":\"https:\/\/www.institutfrancais-lituanie.com\/wp-content\/uploads\/2020\/06\/atelier-histoire.jpg\",\"width\":1170,\"height\":585},{\"@type\":\"BreadcrumbList\",\"@id\":\"https:\/\/www.institutfrancais-lituanie.com\/fr\/cours-francais\/cours-thematiques\/histoire-france\/#breadcrumb\",\"itemListElement\":[{\"@type\":\"ListItem\",\"position\":1,\"name\":\"Home\",\"item\":\"https:\/\/www.institutfrancais-lituanie.com\/fr\/\"},{\"@type\":\"ListItem\",\"position\":2,\"name\":\"Cours et examens\",\"item\":\"https:\/\/www.institutfrancais-lituanie.com\/fr\/cours-francais\/\"},{\"@type\":\"ListItem\",\"position\":3,\"name\":\"Cours th\u00e9matiques de fran\u00e7ais\",\"item\":\"https:\/\/www.institutfrancais-lituanie.com\/fr\/cours-francais\/cours-thematiques\/\"},{\"@type\":\"ListItem\",\"position\":4,\"name\":\"Histoire de France (B2)\"}]},{\"@type\":\"WebSite\",\"@id\":\"https:\/\/www.institutfrancais-lituanie.com\/fr\/#website\",\"url\":\"https:\/\/www.institutfrancais-lituanie.com\/fr\/\",\"name\":\"IF Lituanie\",\"description\":\"Pranc\u016bz\u0173 kalbos kursai, kult\u016bra, mediateka...\",\"publisher\":{\"@id\":\"https:\/\/www.institutfrancais-lituanie.com\/fr\/#organization\"},\"potentialAction\":[{\"@type\":\"SearchAction\",\"target\":{\"@type\":\"EntryPoint\",\"urlTemplate\":\"https:\/\/www.institutfrancais-lituanie.com\/fr\/?s={search_term_string}\"},\"query-input\":\"required name=search_term_string\"}],\"inLanguage\":\"fr-FR\"},{\"@type\":\"Organization\",\"@id\":\"https:\/\/www.institutfrancais-lituanie.com\/fr\/#organization\",\"name\":\"Pranc\u016bz\u0173 institutas\",\"url\":\"https:\/\/www.institutfrancais-lituanie.com\/fr\/\",\"logo\":{\"@type\":\"ImageObject\",\"inLanguage\":\"fr-FR\",\"@id\":\"https:\/\/www.institutfrancais-lituanie.com\/fr\/#\/schema\/logo\/image\/\",\"url\":\"https:\/\/www.institutfrancais-lituanie.com\/wp-content\/uploads\/2023\/04\/IF_Logo-Lituanie-RVB.jpg\",\"contentUrl\":\"https:\/\/www.institutfrancais-lituanie.com\/wp-content\/uploads\/2023\/04\/IF_Logo-Lituanie-RVB.jpg\",\"width\":827,\"height\":555,\"caption\":\"Pranc\u016bz\u0173 institutas\"},\"image\":{\"@id\":\"https:\/\/www.institutfrancais-lituanie.com\/fr\/#\/schema\/logo\/image\/\"},\"sameAs\":[\"https:\/\/www.facebook.com\/prancuzuinstitutas\/\",\"https:\/\/www.instagram.com\/institut_francais_lituanie\/\"]}]}<\/script>\n<!-- \/ Yoast SEO plugin. -->","yoast_head_json":{"title":"Histoire de France (B2) - IF Lituanie","robots":{"index":"index","follow":"follow","max-snippet":"max-snippet:-1","max-image-preview":"max-image-preview:large","max-video-preview":"max-video-preview:-1"},"canonical":"https:\/\/www.institutfrancais-lituanie.com\/fr\/cours-francais\/cours-thematiques\/histoire-france\/","og_locale":"fr_FR","og_type":"article","og_title":"Histoire de France (B2) - IF Lituanie","og_url":"https:\/\/www.institutfrancais-lituanie.com\/fr\/cours-francais\/cours-thematiques\/histoire-france\/","og_site_name":"IF Lituanie","article_publisher":"https:\/\/www.facebook.com\/prancuzuinstitutas\/","article_modified_time":"2020-06-15T07:26:01+00:00","og_image":[{"width":1170,"height":585,"url":"https:\/\/www.institutfrancais-lituanie.com\/wp-content\/uploads\/2020\/06\/atelier-histoire.jpg","type":"image\/jpeg"}],"twitter_card":"summary_large_image","twitter_misc":{"Est. reading time":"2 minutes"},"schema":{"@context":"https:\/\/schema.org","@graph":[{"@type":"WebPage","@id":"https:\/\/www.institutfrancais-lituanie.com\/fr\/cours-francais\/cours-thematiques\/histoire-france\/","url":"https:\/\/www.institutfrancais-lituanie.com\/fr\/cours-francais\/cours-thematiques\/histoire-france\/","name":"Histoire de France (B2) - IF Lituanie","isPartOf":{"@id":"https:\/\/www.institutfrancais-lituanie.com\/fr\/#website"},"primaryImageOfPage":{"@id":"https:\/\/www.institutfrancais-lituanie.com\/fr\/cours-francais\/cours-thematiques\/histoire-france\/#primaryimage"},"image":{"@id":"https:\/\/www.institutfrancais-lituanie.com\/fr\/cours-francais\/cours-thematiques\/histoire-france\/#primaryimage"},"thumbnailUrl":"https:\/\/www.institutfrancais-lituanie.com\/wp-content\/uploads\/2020\/06\/atelier-histoire.jpg","datePublished":"2020-02-24T09:04:57+00:00","dateModified":"2020-06-15T07:26:01+00:00","breadcrumb":{"@id":"https:\/\/www.institutfrancais-lituanie.com\/fr\/cours-francais\/cours-thematiques\/histoire-france\/#breadcrumb"},"inLanguage":"fr-FR","potentialAction":[{"@type":"ReadAction","target":["https:\/\/www.institutfrancais-lituanie.com\/fr\/cours-francais\/cours-thematiques\/histoire-france\/"]}]},{"@type":"ImageObject","inLanguage":"fr-FR","@id":"https:\/\/www.institutfrancais-lituanie.com\/fr\/cours-francais\/cours-thematiques\/histoire-france\/#primaryimage","url":"https:\/\/www.institutfrancais-lituanie.com\/wp-content\/uploads\/2020\/06\/atelier-histoire.jpg","contentUrl":"https:\/\/www.institutfrancais-lituanie.com\/wp-content\/uploads\/2020\/06\/atelier-histoire.jpg","width":1170,"height":585},{"@type":"BreadcrumbList","@id":"https:\/\/www.institutfrancais-lituanie.com\/fr\/cours-francais\/cours-thematiques\/histoire-france\/#breadcrumb","itemListElement":[{"@type":"ListItem","position":1,"name":"Home","item":"https:\/\/www.institutfrancais-lituanie.com\/fr\/"},{"@type":"ListItem","position":2,"name":"Cours et examens","item":"https:\/\/www.institutfrancais-lituanie.com\/fr\/cours-francais\/"},{"@type":"ListItem","position":3,"name":"Cours th\u00e9matiques de fran\u00e7ais","item":"https:\/\/www.institutfrancais-lituanie.com\/fr\/cours-francais\/cours-thematiques\/"},{"@type":"ListItem","position":4,"name":"Histoire de France (B2)"}]},{"@type":"WebSite","@id":"https:\/\/www.institutfrancais-lituanie.com\/fr\/#website","url":"https:\/\/www.institutfrancais-lituanie.com\/fr\/","name":"IF Lituanie","description":"Pranc\u016bz\u0173 kalbos kursai, kult\u016bra, mediateka...","publisher":{"@id":"https:\/\/www.institutfrancais-lituanie.com\/fr\/#organization"},"potentialAction":[{"@type":"SearchAction","target":{"@type":"EntryPoint","urlTemplate":"https:\/\/www.institutfrancais-lituanie.com\/fr\/?s={search_term_string}"},"query-input":"required name=search_term_string"}],"inLanguage":"fr-FR"},{"@type":"Organization","@id":"https:\/\/www.institutfrancais-lituanie.com\/fr\/#organization","name":"Pranc\u016bz\u0173 institutas","url":"https:\/\/www.institutfrancais-lituanie.com\/fr\/","logo":{"@type":"ImageObject","inLanguage":"fr-FR","@id":"https:\/\/www.institutfrancais-lituanie.com\/fr\/#\/schema\/logo\/image\/","url":"https:\/\/www.institutfrancais-lituanie.com\/wp-content\/uploads\/2023\/04\/IF_Logo-Lituanie-RVB.jpg","contentUrl":"https:\/\/www.institutfrancais-lituanie.com\/wp-content\/uploads\/2023\/04\/IF_Logo-Lituanie-RVB.jpg","width":827,"height":555,"caption":"Pranc\u016bz\u0173 institutas"},"image":{"@id":"https:\/\/www.institutfrancais-lituanie.com\/fr\/#\/schema\/logo\/image\/"},"sameAs":["https:\/\/www.facebook.com\/prancuzuinstitutas\/","https:\/\/www.instagram.com\/institut_francais_lituanie\/"]}]}},"_links":{"self":[{"href":"https:\/\/www.institutfrancais-lituanie.com\/fr\/wp-json\/wp\/v2\/pages\/5795"}],"collection":[{"href":"https:\/\/www.institutfrancais-lituanie.com\/fr\/wp-json\/wp\/v2\/pages"}],"about":[{"href":"https:\/\/www.institutfrancais-lituanie.com\/fr\/wp-json\/wp\/v2\/types\/page"}],"author":[{"embeddable":true,"href":"https:\/\/www.institutfrancais-lituanie.com\/fr\/wp-json\/wp\/v2\/users\/2"}],"replies":[{"embeddable":true,"href":"https:\/\/www.institutfrancais-lituanie.com\/fr\/wp-json\/wp\/v2\/comments?post=5795"}],"version-history":[{"count":2,"href":"https:\/\/www.institutfrancais-lituanie.com\/fr\/wp-json\/wp\/v2\/pages\/5795\/revisions"}],"predecessor-version":[{"id":6214,"href":"https:\/\/www.institutfrancais-lituanie.com\/fr\/wp-json\/wp\/v2\/pages\/5795\/revisions\/6214"}],"up":[{"embeddable":true,"href":"https:\/\/www.institutfrancais-lituanie.com\/fr\/wp-json\/wp\/v2\/pages\/1844"}],"wp:featuredmedia":[{"embeddable":true,"href":"https:\/\/www.institutfrancais-lituanie.com\/fr\/wp-json\/wp\/v2\/media\/6212"}],"wp:attachment":[{"href":"https:\/\/www.institutfrancais-lituanie.com\/fr\/wp-json\/wp\/v2\/media?parent=5795"}],"curies":[{"name":"wp","href":"https:\/\/api.w.org\/{rel}","templated":true}]}}