{"id":5750,"date":"2020-02-20T13:19:01","date_gmt":"2020-02-20T13:19:01","guid":{"rendered":"https:\/\/www.institutfrancais-lituanie.com\/?page_id=5750"},"modified":"2020-03-02T07:36:45","modified_gmt":"2020-03-02T07:36:45","slug":"samedis-du-cinema-francophone","status":"publish","type":"page","link":"https:\/\/www.institutfrancais-lituanie.com\/fr\/francophonie\/samedis-du-cinema-francophone\/","title":{"rendered":"Samedis du Cin\u00e9ma Francophone"},"content":{"rendered":"<div class=\"wpb-content-wrapper\"><p>[vc_row][vc_column][vc_column_text]Les \u00ab Samedis du cin\u00e9ma francophone \u00bb a pour vocation de pr\u00e9senter des films provenant de pays membres ou observateurs de l\u2019Organisation Internationale de la Francophonie. Ainsi, le public pourra d\u00e9couvrir les diverses r\u00e9alit\u00e9s dans lesquelles la langue fran\u00e7aise \u00e9volue partout dans le monde, tout en profitant d\u2019une programmation vari\u00e9e et de qualit\u00e9, d\u00e9cid\u00e9e par les pays participants.<\/p>\n<p>En 2020, l\u2019Observatoire de la langue fran\u00e7aise estimait \u00e0 300 millions le nombre de francophones dans le monde, r\u00e9partis sur les cinq continents. Cela implique une incroyable diversit\u00e9 dans les cultures francophones, et m\u00eame dans la pratique de la langue.<\/p>\n<p>Les \u00ab Samedis du cin\u00e9ma francophone \u00bb aura lieu \u00e0 la Biblioth\u00e8que nationale Lietuvos nacionalin\u0117 Martyno Ma\u017evydo biblioteka du samedi 7 au samedi 28 mars.[\/vc_column_text][\/vc_column][\/vc_row][vc_row][vc_column][vc_raw_html]JTNDZGl2JTIwY2xhc3MlM0QlMjJwZW5jaS1ob21lLXBvcHVsYXItcG9zdHMlMjIlM0UlMDklMDklMDklMDklMDklMDklMDklM0NoMiUyMGNsYXNzJTNEJTIyaG9tZS1wdXB1bGFyLXBvc3RzLXRpdGxlJTIyJTNFJTBBJTNDc3BhbiUzRVByb2dyYW1tZSUzQyUyRnNwYW4lM0UlM0MlMkZoMiUzRSUwQSUzQyUyRmRpdiUzRQ==[\/vc_raw_html][\/vc_column][\/vc_row][vc_row][vc_column][vc_raw_html]JTNDZGl2JTIwY2xhc3MlM0QlMjJwZW5jaS1ob21lLXBvcHVsYXItcG9zdHMlMjIlM0UlMDklMDklMDklMDklMDklMDklMDklM0NoMiUyMGNsYXNzJTNEJTIyaG9tZS1wdXB1bGFyLXBvc3RzLXRpdGxlJTIyJTNFJTBBJTNDc3BhbiUzRVNhbWVkaSUyMDclMjBtYXJzJTNDJTJGc3BhbiUzRSUzQyUyRmgyJTNFJTBBJTNDJTJGZGl2JTNF[\/vc_raw_html][\/vc_column][\/vc_row][vc_row][vc_column][vc_raw_html]JTNDZGl2JTIwY2xhc3MlM0QlMjJwZW5jaS1ob21lLXBvcHVsYXItcG9zdHMlMjIlM0UlMDklMDklMDklMDklMDklMDklMDklM0NoMiUyMGNsYXNzJTNEJTIyaG9tZS1wdXB1bGFyLXBvc3RzLXRpdGxlJTIyJTNFJTBBJTNDc3BhbiUzRTE0JTIwaCUzQyUyRnNwYW4lM0UlM0MlMkZoMiUzRSUwQSUzQyUyRmRpdiUzRQ==[\/vc_raw_html][\/vc_column][\/vc_row][vc_row][vc_column][vc_column_text]<\/p>\n<h3>La Roumanie indompt\u00e9e<\/h3>\n<p>De : Tom Barton-Humphreys<br \/>\nSortie : 2018<br \/>\nGenre : Documentaire<br \/>\nDur\u00e9e : 90 min<br \/>\nProjection : Samedi 7 mars, 14h, Anglais, sous-titres fran\u00e7ais<br \/>\nLa Roumanie regorge de merveilles naturelles : vastes montagnes, for\u00eats verdoyantes, etc. Loin de l\u2019agitation des villes, ce documentaire est un hymne \u00e0 la nature et \u00e0 ses tr\u00e9sors.[\/vc_column_text][\/vc_column][\/vc_row][vc_row][vc_column][vc_video link=&#8221;https:\/\/www.youtube.com\/watch?v=zDHU1x3hkTs&#8221; align=&#8221;center&#8221;][\/vc_column][\/vc_row][vc_row css=&#8221;.vc_custom_1582204014776{background-color: #9bbb3 !important;}&#8221;][vc_column][vc_column_text css=&#8221;.vc_custom_1582726988173{background-color: #9bbb3c !important;}&#8221;]<\/p>\n<h3>Roumanie<\/h3>\n<p>Population : 19 530 000<br \/>\nFrancophones : 2 337 000<br \/>\nMembre de l\u2019OIF depuis : 1993[\/vc_column_text][\/vc_column][\/vc_row][vc_row][vc_column][vc_raw_html]JTNDZGl2JTIwY2xhc3MlM0QlMjJwZW5jaS1ob21lLXBvcHVsYXItcG9zdHMlMjIlM0UlMDklMDklMDklMDklMDklMDklMDklM0NoMiUyMGNsYXNzJTNEJTIyaG9tZS1wdXB1bGFyLXBvc3RzLXRpdGxlJTIyJTNFJTBBJTNDc3BhbiUzRTE2JTIwaCUzQyUyRnNwYW4lM0UlM0MlMkZoMiUzRSUwQSUzQyUyRmRpdiUzRQ==[\/vc_raw_html][\/vc_column][\/vc_row][vc_row][vc_column width=&#8221;1\/2&#8243;][vc_column_text]<\/p>\n<h3>Ressentiment<\/h3>\n<p>De : Natalia Shaufert<br \/>\nSortie : 2017<br \/>\nGenre : Drame, Guerre<br \/>\nDur\u00e9e : 95 min<br \/>\nProjection : Samedi 7 mars, 16h, VO, sous-titres fran\u00e7ais<\/p>\n<p>Andrei, le mari de Galina, dispara\u00eet subitement. Galina d\u00e9couvre qu\u2019Andrei s\u2019est enr\u00f4l\u00e9 comme mercenaire dans la guerre de Transnistrie. Ce drame inspir\u00e9 de faits r\u00e9els d\u00e9crit une histoire d\u2019amour sur fond de guerre.[\/vc_column_text][\/vc_column][vc_column width=&#8221;1\/2&#8243;][vc_single_image image=&#8221;5735&#8243; img_size=&#8221;full&#8221;][\/vc_column][\/vc_row][vc_row css=&#8221;.vc_custom_1582204014776{background-color: #9bbb3 !important;}&#8221;][vc_column][vc_column_text css=&#8221;.vc_custom_1582205708343{background-color: #9bbb3c !important;}&#8221;]<\/p>\n<h3>Moldavie<\/h3>\n<p>Population : 4 041 000<br \/>\nFrancophones : 55 000<br \/>\nMembre observateur de l\u2019OIF depuis : 1999[\/vc_column_text][\/vc_column][\/vc_row][vc_row][vc_column][vc_raw_html]JTNDZGl2JTIwY2xhc3MlM0QlMjJwZW5jaS1ob21lLXBvcHVsYXItcG9zdHMlMjIlM0UlMDklMDklMDklMDklMDklMDklMDklM0NoMiUyMGNsYXNzJTNEJTIyaG9tZS1wdXB1bGFyLXBvc3RzLXRpdGxlJTIyJTNFJTBBJTNDc3BhbiUzRVNhbWVkaSUyMDE0JTIwbWFycyUzQyUyRnNwYW4lM0UlM0MlMkZoMiUzRSUwQSUzQyUyRmRpdiUzRQ==[\/vc_raw_html][\/vc_column][\/vc_row][vc_row][vc_column][vc_raw_html]JTNDZGl2JTIwY2xhc3MlM0QlMjJwZW5jaS1ob21lLXBvcHVsYXItcG9zdHMlMjIlM0UlMDklMDklMDklMDklMDklMDklMDklM0NoMiUyMGNsYXNzJTNEJTIyaG9tZS1wdXB1bGFyLXBvc3RzLXRpdGxlJTIyJTNFJTBBJTNDc3BhbiUzRTE0JTIwaCUzQyUyRnNwYW4lM0UlM0MlMkZoMiUzRSUwQSUzQyUyRmRpdiUzRQ==[\/vc_raw_html][\/vc_column][\/vc_row][vc_row][vc_column][vc_column_text]<\/p>\n<h3>Gaspard va au mariage<\/h3>\n<p>De : Antony Cordier<br \/>\nSortie : 2017<br \/>\nGenre : Com\u00e9die, Romance<br \/>\nDur\u00e9e : 105 min<br \/>\nProjection : Samedi 14 mars, 14h, VO, sous-titres anglais<\/p>\n<p>Gaspard, 25 ans, renoue avec sa famille suite \u00e0 l\u2019annonce du remariage de son p\u00e8re. Il rencontre Laura, une femme fantasque, \u00e0 qui il propose de jouer le r\u00f4le de sa petite amie le temps du mariage. Gaspard retourne alors dans le zoo familial o\u00f9 il a grandi. Ce film est une ode \u00e0 l\u2019enfance et \u00e0 l\u2019innocence ![\/vc_column_text][\/vc_column][\/vc_row][vc_row][vc_column][vc_video link=&#8221;https:\/\/www.youtube.com\/watch?v=RkugptM6X8k&#8221; align=&#8221;center&#8221;][\/vc_column][\/vc_row][vc_row css=&#8221;.vc_custom_1582204014776{background-color: #9bbb3 !important;}&#8221;][vc_column][vc_column_text css=&#8221;.vc_custom_1582205721676{background-color: #9bbb3c !important;}&#8221;]<\/p>\n<h3>France<\/h3>\n<p>Population : 68 392 000<br \/>\nFrancophones : 66 060 000<br \/>\nMembre observateur de l\u2019OIF depuis : 1970[\/vc_column_text][\/vc_column][\/vc_row][vc_row][vc_column][vc_raw_html]JTNDZGl2JTIwY2xhc3MlM0QlMjJwZW5jaS1ob21lLXBvcHVsYXItcG9zdHMlMjIlM0UlMDklMDklMDklMDklMDklMDklMDklM0NoMiUyMGNsYXNzJTNEJTIyaG9tZS1wdXB1bGFyLXBvc3RzLXRpdGxlJTIyJTNFJTBBJTNDc3BhbiUzRTE2JTIwaCUzQyUyRnNwYW4lM0UlM0MlMkZoMiUzRSUwQSUzQyUyRmRpdiUzRQ==[\/vc_raw_html][\/vc_column][\/vc_row][vc_row][vc_column][vc_column_text]<\/p>\n<h3>L\u2019or vert<\/h3>\n<p>De : Sergio Ghizzardi<br \/>\nSortie : 2017<br \/>\nGenre : Documentaire<br \/>\nDur\u00e9e : 85 min<br \/>\nProjection : Samedi 14 mars, 16h VO, sous-titres anglais<\/p>\n<p>Ce documentaire d\u2019investigation met en lumi\u00e8re un projet politique majeur : les biocarburants. De Bruxelles, centre de d\u00e9cision, aux quatre coins du monde, le spectateur d\u00e9couvre les multiples enjeux de cette nouvelle industrie \u00e9nerg\u00e9tique.[\/vc_column_text][\/vc_column][\/vc_row][vc_row][vc_column][vc_video link=&#8221;https:\/\/vimeo.com\/240455839&#8243; align=&#8221;center&#8221;][\/vc_column][\/vc_row][vc_row css=&#8221;.vc_custom_1582204014776{background-color: #9bbb3 !important;}&#8221;][vc_column][vc_column_text css=&#8221;.vc_custom_1582727022319{background-color: #9bbb3c !important;}&#8221;]<\/p>\n<h3>Belgique &#8211; F\u00e9d\u00e9ration Wallonie-Bruxelles<\/h3>\n<p>Population : 11 499 000<br \/>\nFrancophones : 8 678 000<br \/>\nMembre observateur de l\u2019OIF depuis : 1970[\/vc_column_text][\/vc_column][\/vc_row][vc_row][vc_column][vc_raw_html]JTNDZGl2JTIwY2xhc3MlM0QlMjJwZW5jaS1ob21lLXBvcHVsYXItcG9zdHMlMjIlM0UlMDklMDklMDklMDklMDklMDklMDklM0NoMiUyMGNsYXNzJTNEJTIyaG9tZS1wdXB1bGFyLXBvc3RzLXRpdGxlJTIyJTNFJTBBJTNDc3BhbiUzRVNhbWVkaSUyMDIxJTIwbWFycyUzQyUyRnNwYW4lM0UlM0MlMkZoMiUzRSUwQSUzQyUyRmRpdiUzRQ==[\/vc_raw_html][\/vc_column][\/vc_row][vc_row][vc_column][vc_raw_html]JTNDZGl2JTIwY2xhc3MlM0QlMjJwZW5jaS1ob21lLXBvcHVsYXItcG9zdHMlMjIlM0UlMDklMDklMDklMDklMDklMDklMDklM0NoMiUyMGNsYXNzJTNEJTIyaG9tZS1wdXB1bGFyLXBvc3RzLXRpdGxlJTIyJTNFJTBBJTNDc3BhbiUzRTE0JTIwaCUzQyUyRnNwYW4lM0UlM0MlMkZoMiUzRSUwQSUzQyUyRmRpdiUzRQ==[\/vc_raw_html][\/vc_column][\/vc_row][vc_row][vc_column][vc_column_text]<\/p>\n<h3>La plan\u00e8te sauvage<\/h3>\n<p>De : Ren\u00e9 Laloux et Roland Topor<br \/>\nSortie : 1973<br \/>\nGenre : Drame, animation, science-fiction<br \/>\nDur\u00e9e : 72 min<br \/>\nProjection : Samedi 21 mars, 14h, fran\u00e7ais, sous-titres anglais<\/p>\n<p>Sur la plan\u00e8te Ygam vivent des Draags, des g\u00e9ants humano\u00efdes \u00e0 la peau bleue. Les Draags consid\u00e8rent les humains comme des animaux. Une enfant Draag s\u2019attache \u00e0 un humain et lui partage ses connaissances. \u00ab La plan\u00e8te sauvage \u00bb est un conte philosophique sur la libert\u00e9 et le pouvoir de la connaissance.[\/vc_column_text][\/vc_column][\/vc_row][vc_row][vc_column][vc_video link=&#8221;https:\/\/www.youtube.com\/watch?v=ZkIAkDsiUoo&#8221; align=&#8221;center&#8221;][\/vc_column][\/vc_row][vc_row css=&#8221;.vc_custom_1582204014776{background-color: #9bbb3 !important;}&#8221;][vc_column][vc_column_text css=&#8221;.vc_custom_1582205748572{background-color: #9bbb3c !important;}&#8221;]<\/p>\n<h3>R\u00e9publique Tch\u00e8que<\/h3>\n<p>Population : 10 625 000<br \/>\nFrancophones : 235 000<br \/>\nMembre observateur de l\u2019OIF depuis : 1999[\/vc_column_text][\/vc_column][\/vc_row][vc_row][vc_column][vc_raw_html]JTNDZGl2JTIwY2xhc3MlM0QlMjJwZW5jaS1ob21lLXBvcHVsYXItcG9zdHMlMjIlM0UlMDklMDklMDklMDklMDklMDklMDklM0NoMiUyMGNsYXNzJTNEJTIyaG9tZS1wdXB1bGFyLXBvc3RzLXRpdGxlJTIyJTNFJTBBJTNDc3BhbiUzRTE2JTIwaCUzQyUyRnNwYW4lM0UlM0MlMkZoMiUzRSUwQSUzQyUyRmRpdiUzRQ==[\/vc_raw_html][\/vc_column][\/vc_row][vc_row][vc_column width=&#8221;1\/2&#8243;][vc_column_text]<\/p>\n<h3>Le temps des Madelinots<\/h3>\n<p>De : Richard Lavoie<br \/>\nSortie : 2004<br \/>\nGenre : Documentaire<br \/>\nDur\u00e9e : 102 min<br \/>\nProjection : Samedi 21 mars, 16h, fran\u00e7ais<\/p>\n<p>Les \u00eeles-de-la-Madeleine sont un petit archipel de 202km\u00b2 au milieu du Golfe du Saint-Laurent. Ses habitants, les Madelinots, forment une soci\u00e9t\u00e9 distincte, attach\u00e9e \u00e0 son identit\u00e9. Un magnifique documentaire.[\/vc_column_text][\/vc_column][vc_column width=&#8221;1\/2&#8243;][vc_single_image image=&#8221;5738&#8243; img_size=&#8221;full&#8221;][\/vc_column][\/vc_row][vc_row css=&#8221;.vc_custom_1582204014776{background-color: #9bbb3 !important;}&#8221;][vc_column][vc_column_text css=&#8221;.vc_custom_1582205759390{background-color: #9bbb3c !important;}&#8221;]<\/p>\n<h3>Canada<\/h3>\n<p>Population : 37 590 000<br \/>\nFrancophones : 7 200 000<br \/>\nMembres de l\u2019OIF depuis : 1970[\/vc_column_text][\/vc_column][\/vc_row][vc_row][vc_column][vc_raw_html]JTNDZGl2JTIwY2xhc3MlM0QlMjJwZW5jaS1ob21lLXBvcHVsYXItcG9zdHMlMjIlM0UlMDklMDklMDklMDklMDklMDklMDklM0NoMiUyMGNsYXNzJTNEJTIyaG9tZS1wdXB1bGFyLXBvc3RzLXRpdGxlJTIyJTNFJTBBJTNDc3BhbiUzRVNhbWVkaSUyMDI4JTIwbWFycyUzQyUyRnNwYW4lM0UlM0MlMkZoMiUzRSUwQSUzQyUyRmRpdiUzRQ==[\/vc_raw_html][\/vc_column][\/vc_row][vc_row][vc_column][vc_raw_html]JTNDZGl2JTIwY2xhc3MlM0QlMjJwZW5jaS1ob21lLXBvcHVsYXItcG9zdHMlMjIlM0UlMDklMDklMDklMDklMDklMDklMDklM0NoMiUyMGNsYXNzJTNEJTIyaG9tZS1wdXB1bGFyLXBvc3RzLXRpdGxlJTIyJTNFJTBBJTNDc3BhbiUzRTE0JTIwaCUzQyUyRnNwYW4lM0UlM0MlMkZoMiUzRSUwQSUzQyUyRmRpdiUzRQ==[\/vc_raw_html][\/vc_column][\/vc_row][vc_row][vc_column width=&#8221;1\/2&#8243;][vc_column_text]<\/p>\n<h3>A\u00efda<\/h3>\n<p>De : Driss Mrini<br \/>\nSortie : 2015<br \/>\nGenre : Drame<br \/>\nDur\u00e9e : 94 min<br \/>\nProjection : Samedi 28 mars, 14h, film en arabe et fran\u00e7ais, sous-titres anglais<\/p>\n<p>A\u00efda, marocaine de confession juive, est professeur de musique \u00e0 Paris. Lorsqu\u2019elle apprend \u00eatre atteinte d\u2019une tumeur maligne, A\u00efda retourne \u00e0 Essaouira, la ville de son enfance. Elle renoue alors avec Youssef, son ami d\u2019enfance. Ils vont, ensemble, trouver un rem\u00e8de \u00e0 la m\u00e9lancolie qui les habite : la musique andalouse.[\/vc_column_text][\/vc_column][vc_column width=&#8221;1\/2&#8243;][vc_single_image image=&#8221;5741&#8243; img_size=&#8221;full&#8221;][\/vc_column][\/vc_row][vc_row css=&#8221;.vc_custom_1582204014776{background-color: #9bbb3 !important;}&#8221;][vc_column][vc_column_text css=&#8221;.vc_custom_1582205772731{background-color: #9bbb3c !important;}&#8221;]<\/p>\n<h3>Maroc<\/h3>\n<p>Population : 35 740 000<br \/>\nFrancophones : 12 729 432<br \/>\nMembre de l\u2019OIF depuis : 1981[\/vc_column_text][\/vc_column][\/vc_row][vc_row][vc_column][vc_raw_html]JTNDZGl2JTIwY2xhc3MlM0QlMjJwZW5jaS1ob21lLXBvcHVsYXItcG9zdHMlMjIlM0UlMDklMDklMDklMDklMDklMDklMDklM0NoMiUyMGNsYXNzJTNEJTIyaG9tZS1wdXB1bGFyLXBvc3RzLXRpdGxlJTIyJTNFJTBBJTNDc3BhbiUzRTE2JTIwaCUzQyUyRnNwYW4lM0UlM0MlMkZoMiUzRSUwQSUzQyUyRmRpdiUzRQ==[\/vc_raw_html][\/vc_column][\/vc_row][vc_row][vc_column][vc_column_text]<\/p>\n<h3>Le milieu de l\u2019horizon<\/h3>\n<p>De : Delphine Lehericey<br \/>\nSortie : 2019<br \/>\nGenre : Drame<br \/>\nDur\u00e9e : 90 min<br \/>\nProjection : Samedi 28 mars, 16h, VO, sous -titres anglais<\/p>\n<p>Et\u00e9 1976. La s\u00e9cheresse fait rage. Gus, treize ans, conna\u00eet les tourments de l\u2019adolescence. L\u2019arriv\u00e9e de C\u00e9cile, amie de la m\u00e8re de Gus, perturbe l\u2019\u00e9quilibre familial d\u00e9j\u00e0 chancelant.[\/vc_column_text][\/vc_column][\/vc_row][vc_row][vc_column][vc_video link=&#8221;https:\/\/www.youtube.com\/watch?v=O_f8m&#8211;ZE6c&#8221; align=&#8221;center&#8221;][\/vc_column][\/vc_row][vc_row css=&#8221;.vc_custom_1582204014776{background-color: #9bbb3 !important;}&#8221;][vc_column][vc_column_text css=&#8221;.vc_custom_1582530188446{background-color: #9bbb3c !important;}&#8221;]<\/p>\n<h3>Suisse<\/h3>\n<p>Population : 8 544 000<br \/>\nFrancophones : 1\u00a0956\u00a0000<br \/>\nMembre observateur de l\u2019OIF depuis : 1996[\/vc_column_text][\/vc_column][\/vc_row][vc_row][vc_column][vc_single_image image=&#8221;5745&#8243; img_size=&#8221;full&#8221; alignment=&#8221;center&#8221;][\/vc_column][\/vc_row]<\/p>\n<\/div>","protected":false},"excerpt":{"rendered":"[vc_row][vc_column][vc_column_text]Les \u00ab Samedis du cin\u00e9ma francophone \u00bb a pour vocation de pr\u00e9senter des films provenant&hellip;","protected":false},"author":2,"featured_media":5747,"parent":2758,"menu_order":0,"comment_status":"closed","ping_status":"closed","template":"page-sidebar.php","meta":{"footnotes":""},"class_list":["post-5750","page","type-page","status-publish","has-post-thumbnail","hentry"],"yoast_head":"<!-- This site is optimized with the Yoast SEO plugin v23.2 - https:\/\/yoast.com\/wordpress\/plugins\/seo\/ -->\n<title>Samedis du Cin\u00e9ma Francophone - IF Lituanie<\/title>\n<meta name=\"robots\" content=\"index, follow, max-snippet:-1, max-image-preview:large, max-video-preview:-1\" \/>\n<link rel=\"canonical\" href=\"https:\/\/www.institutfrancais-lituanie.com\/fr\/francophonie\/samedis-du-cinema-francophone\/\" \/>\n<meta property=\"og:locale\" content=\"fr_FR\" \/>\n<meta property=\"og:type\" content=\"article\" \/>\n<meta property=\"og:title\" content=\"Samedis du Cin\u00e9ma Francophone - IF Lituanie\" \/>\n<meta property=\"og:url\" content=\"https:\/\/www.institutfrancais-lituanie.com\/fr\/francophonie\/samedis-du-cinema-francophone\/\" \/>\n<meta property=\"og:site_name\" content=\"IF Lituanie\" \/>\n<meta property=\"article:publisher\" content=\"https:\/\/www.facebook.com\/prancuzuinstitutas\/\" \/>\n<meta property=\"article:modified_time\" content=\"2020-03-02T07:36:45+00:00\" \/>\n<meta property=\"og:image\" content=\"https:\/\/www.institutfrancais-lituanie.com\/wp-content\/uploads\/2020\/02\/image-site-cine.jpg\" \/>\n\t<meta property=\"og:image:width\" content=\"1170\" \/>\n\t<meta property=\"og:image:height\" content=\"585\" \/>\n\t<meta property=\"og:image:type\" content=\"image\/jpeg\" \/>\n<meta name=\"twitter:card\" content=\"summary_large_image\" \/>\n<meta name=\"twitter:label1\" content=\"Est. reading time\" \/>\n\t<meta name=\"twitter:data1\" content=\"8 minutes\" \/>\n<script type=\"application\/ld+json\" class=\"yoast-schema-graph\">{\"@context\":\"https:\/\/schema.org\",\"@graph\":[{\"@type\":\"WebPage\",\"@id\":\"https:\/\/www.institutfrancais-lituanie.com\/fr\/francophonie\/samedis-du-cinema-francophone\/\",\"url\":\"https:\/\/www.institutfrancais-lituanie.com\/fr\/francophonie\/samedis-du-cinema-francophone\/\",\"name\":\"Samedis du Cin\u00e9ma Francophone - IF Lituanie\",\"isPartOf\":{\"@id\":\"https:\/\/www.institutfrancais-lituanie.com\/fr\/#website\"},\"primaryImageOfPage\":{\"@id\":\"https:\/\/www.institutfrancais-lituanie.com\/fr\/francophonie\/samedis-du-cinema-francophone\/#primaryimage\"},\"image\":{\"@id\":\"https:\/\/www.institutfrancais-lituanie.com\/fr\/francophonie\/samedis-du-cinema-francophone\/#primaryimage\"},\"thumbnailUrl\":\"https:\/\/www.institutfrancais-lituanie.com\/wp-content\/uploads\/2020\/02\/image-site-cine.jpg\",\"datePublished\":\"2020-02-20T13:19:01+00:00\",\"dateModified\":\"2020-03-02T07:36:45+00:00\",\"breadcrumb\":{\"@id\":\"https:\/\/www.institutfrancais-lituanie.com\/fr\/francophonie\/samedis-du-cinema-francophone\/#breadcrumb\"},\"inLanguage\":\"fr-FR\",\"potentialAction\":[{\"@type\":\"ReadAction\",\"target\":[\"https:\/\/www.institutfrancais-lituanie.com\/fr\/francophonie\/samedis-du-cinema-francophone\/\"]}]},{\"@type\":\"ImageObject\",\"inLanguage\":\"fr-FR\",\"@id\":\"https:\/\/www.institutfrancais-lituanie.com\/fr\/francophonie\/samedis-du-cinema-francophone\/#primaryimage\",\"url\":\"https:\/\/www.institutfrancais-lituanie.com\/wp-content\/uploads\/2020\/02\/image-site-cine.jpg\",\"contentUrl\":\"https:\/\/www.institutfrancais-lituanie.com\/wp-content\/uploads\/2020\/02\/image-site-cine.jpg\",\"width\":1170,\"height\":585},{\"@type\":\"BreadcrumbList\",\"@id\":\"https:\/\/www.institutfrancais-lituanie.com\/fr\/francophonie\/samedis-du-cinema-francophone\/#breadcrumb\",\"itemListElement\":[{\"@type\":\"ListItem\",\"position\":1,\"name\":\"Home\",\"item\":\"https:\/\/www.institutfrancais-lituanie.com\/fr\/\"},{\"@type\":\"ListItem\",\"position\":2,\"name\":\"Francophonie 2021\",\"item\":\"https:\/\/www.institutfrancais-lituanie.com\/fr\/francophonie\/\"},{\"@type\":\"ListItem\",\"position\":3,\"name\":\"Samedis du Cin\u00e9ma Francophone\"}]},{\"@type\":\"WebSite\",\"@id\":\"https:\/\/www.institutfrancais-lituanie.com\/fr\/#website\",\"url\":\"https:\/\/www.institutfrancais-lituanie.com\/fr\/\",\"name\":\"IF Lituanie\",\"description\":\"Pranc\u016bz\u0173 kalbos kursai, kult\u016bra, mediateka...\",\"publisher\":{\"@id\":\"https:\/\/www.institutfrancais-lituanie.com\/fr\/#organization\"},\"potentialAction\":[{\"@type\":\"SearchAction\",\"target\":{\"@type\":\"EntryPoint\",\"urlTemplate\":\"https:\/\/www.institutfrancais-lituanie.com\/fr\/?s={search_term_string}\"},\"query-input\":\"required name=search_term_string\"}],\"inLanguage\":\"fr-FR\"},{\"@type\":\"Organization\",\"@id\":\"https:\/\/www.institutfrancais-lituanie.com\/fr\/#organization\",\"name\":\"Pranc\u016bz\u0173 institutas\",\"url\":\"https:\/\/www.institutfrancais-lituanie.com\/fr\/\",\"logo\":{\"@type\":\"ImageObject\",\"inLanguage\":\"fr-FR\",\"@id\":\"https:\/\/www.institutfrancais-lituanie.com\/fr\/#\/schema\/logo\/image\/\",\"url\":\"https:\/\/www.institutfrancais-lituanie.com\/wp-content\/uploads\/2023\/04\/IF_Logo-Lituanie-RVB.jpg\",\"contentUrl\":\"https:\/\/www.institutfrancais-lituanie.com\/wp-content\/uploads\/2023\/04\/IF_Logo-Lituanie-RVB.jpg\",\"width\":827,\"height\":555,\"caption\":\"Pranc\u016bz\u0173 institutas\"},\"image\":{\"@id\":\"https:\/\/www.institutfrancais-lituanie.com\/fr\/#\/schema\/logo\/image\/\"},\"sameAs\":[\"https:\/\/www.facebook.com\/prancuzuinstitutas\/\",\"https:\/\/www.instagram.com\/institut_francais_lituanie\/\"]}]}<\/script>\n<!-- \/ Yoast SEO plugin. -->","yoast_head_json":{"title":"Samedis du Cin\u00e9ma Francophone - IF Lituanie","robots":{"index":"index","follow":"follow","max-snippet":"max-snippet:-1","max-image-preview":"max-image-preview:large","max-video-preview":"max-video-preview:-1"},"canonical":"https:\/\/www.institutfrancais-lituanie.com\/fr\/francophonie\/samedis-du-cinema-francophone\/","og_locale":"fr_FR","og_type":"article","og_title":"Samedis du Cin\u00e9ma Francophone - IF Lituanie","og_url":"https:\/\/www.institutfrancais-lituanie.com\/fr\/francophonie\/samedis-du-cinema-francophone\/","og_site_name":"IF Lituanie","article_publisher":"https:\/\/www.facebook.com\/prancuzuinstitutas\/","article_modified_time":"2020-03-02T07:36:45+00:00","og_image":[{"width":1170,"height":585,"url":"https:\/\/www.institutfrancais-lituanie.com\/wp-content\/uploads\/2020\/02\/image-site-cine.jpg","type":"image\/jpeg"}],"twitter_card":"summary_large_image","twitter_misc":{"Est. reading time":"8 minutes"},"schema":{"@context":"https:\/\/schema.org","@graph":[{"@type":"WebPage","@id":"https:\/\/www.institutfrancais-lituanie.com\/fr\/francophonie\/samedis-du-cinema-francophone\/","url":"https:\/\/www.institutfrancais-lituanie.com\/fr\/francophonie\/samedis-du-cinema-francophone\/","name":"Samedis du Cin\u00e9ma Francophone - IF Lituanie","isPartOf":{"@id":"https:\/\/www.institutfrancais-lituanie.com\/fr\/#website"},"primaryImageOfPage":{"@id":"https:\/\/www.institutfrancais-lituanie.com\/fr\/francophonie\/samedis-du-cinema-francophone\/#primaryimage"},"image":{"@id":"https:\/\/www.institutfrancais-lituanie.com\/fr\/francophonie\/samedis-du-cinema-francophone\/#primaryimage"},"thumbnailUrl":"https:\/\/www.institutfrancais-lituanie.com\/wp-content\/uploads\/2020\/02\/image-site-cine.jpg","datePublished":"2020-02-20T13:19:01+00:00","dateModified":"2020-03-02T07:36:45+00:00","breadcrumb":{"@id":"https:\/\/www.institutfrancais-lituanie.com\/fr\/francophonie\/samedis-du-cinema-francophone\/#breadcrumb"},"inLanguage":"fr-FR","potentialAction":[{"@type":"ReadAction","target":["https:\/\/www.institutfrancais-lituanie.com\/fr\/francophonie\/samedis-du-cinema-francophone\/"]}]},{"@type":"ImageObject","inLanguage":"fr-FR","@id":"https:\/\/www.institutfrancais-lituanie.com\/fr\/francophonie\/samedis-du-cinema-francophone\/#primaryimage","url":"https:\/\/www.institutfrancais-lituanie.com\/wp-content\/uploads\/2020\/02\/image-site-cine.jpg","contentUrl":"https:\/\/www.institutfrancais-lituanie.com\/wp-content\/uploads\/2020\/02\/image-site-cine.jpg","width":1170,"height":585},{"@type":"BreadcrumbList","@id":"https:\/\/www.institutfrancais-lituanie.com\/fr\/francophonie\/samedis-du-cinema-francophone\/#breadcrumb","itemListElement":[{"@type":"ListItem","position":1,"name":"Home","item":"https:\/\/www.institutfrancais-lituanie.com\/fr\/"},{"@type":"ListItem","position":2,"name":"Francophonie 2021","item":"https:\/\/www.institutfrancais-lituanie.com\/fr\/francophonie\/"},{"@type":"ListItem","position":3,"name":"Samedis du Cin\u00e9ma Francophone"}]},{"@type":"WebSite","@id":"https:\/\/www.institutfrancais-lituanie.com\/fr\/#website","url":"https:\/\/www.institutfrancais-lituanie.com\/fr\/","name":"IF Lituanie","description":"Pranc\u016bz\u0173 kalbos kursai, kult\u016bra, mediateka...","publisher":{"@id":"https:\/\/www.institutfrancais-lituanie.com\/fr\/#organization"},"potentialAction":[{"@type":"SearchAction","target":{"@type":"EntryPoint","urlTemplate":"https:\/\/www.institutfrancais-lituanie.com\/fr\/?s={search_term_string}"},"query-input":"required name=search_term_string"}],"inLanguage":"fr-FR"},{"@type":"Organization","@id":"https:\/\/www.institutfrancais-lituanie.com\/fr\/#organization","name":"Pranc\u016bz\u0173 institutas","url":"https:\/\/www.institutfrancais-lituanie.com\/fr\/","logo":{"@type":"ImageObject","inLanguage":"fr-FR","@id":"https:\/\/www.institutfrancais-lituanie.com\/fr\/#\/schema\/logo\/image\/","url":"https:\/\/www.institutfrancais-lituanie.com\/wp-content\/uploads\/2023\/04\/IF_Logo-Lituanie-RVB.jpg","contentUrl":"https:\/\/www.institutfrancais-lituanie.com\/wp-content\/uploads\/2023\/04\/IF_Logo-Lituanie-RVB.jpg","width":827,"height":555,"caption":"Pranc\u016bz\u0173 institutas"},"image":{"@id":"https:\/\/www.institutfrancais-lituanie.com\/fr\/#\/schema\/logo\/image\/"},"sameAs":["https:\/\/www.facebook.com\/prancuzuinstitutas\/","https:\/\/www.instagram.com\/institut_francais_lituanie\/"]}]}},"_links":{"self":[{"href":"https:\/\/www.institutfrancais-lituanie.com\/fr\/wp-json\/wp\/v2\/pages\/5750"}],"collection":[{"href":"https:\/\/www.institutfrancais-lituanie.com\/fr\/wp-json\/wp\/v2\/pages"}],"about":[{"href":"https:\/\/www.institutfrancais-lituanie.com\/fr\/wp-json\/wp\/v2\/types\/page"}],"author":[{"embeddable":true,"href":"https:\/\/www.institutfrancais-lituanie.com\/fr\/wp-json\/wp\/v2\/users\/2"}],"replies":[{"embeddable":true,"href":"https:\/\/www.institutfrancais-lituanie.com\/fr\/wp-json\/wp\/v2\/comments?post=5750"}],"version-history":[{"count":9,"href":"https:\/\/www.institutfrancais-lituanie.com\/fr\/wp-json\/wp\/v2\/pages\/5750\/revisions"}],"predecessor-version":[{"id":5921,"href":"https:\/\/www.institutfrancais-lituanie.com\/fr\/wp-json\/wp\/v2\/pages\/5750\/revisions\/5921"}],"up":[{"embeddable":true,"href":"https:\/\/www.institutfrancais-lituanie.com\/fr\/wp-json\/wp\/v2\/pages\/2758"}],"wp:featuredmedia":[{"embeddable":true,"href":"https:\/\/www.institutfrancais-lituanie.com\/fr\/wp-json\/wp\/v2\/media\/5747"}],"wp:attachment":[{"href":"https:\/\/www.institutfrancais-lituanie.com\/fr\/wp-json\/wp\/v2\/media?parent=5750"}],"curies":[{"name":"wp","href":"https:\/\/api.w.org\/{rel}","templated":true}]}}