{"id":4119,"date":"2019-03-01T10:12:56","date_gmt":"2019-03-01T10:12:56","guid":{"rendered":"http:\/\/institutfrancais-lituanie.com\/?page_id=4119"},"modified":"2019-03-18T07:55:15","modified_gmt":"2019-03-18T07:55:15","slug":"cine-franco","status":"publish","type":"page","link":"https:\/\/www.institutfrancais-lituanie.com\/fr\/evenements\/cine-franco\/","title":{"rendered":"Fin de semaine du cin\u00e9ma francophone"},"content":{"rendered":"<div class=\"wpb-content-wrapper\"><p>[vc_row][vc_column][vc_column_text]Le \u00ab Week-end du cin\u00e9ma francophone \u00bb a pour vocation de pr\u00e9senter des films provenant de pays membres ou observateurs de l\u2019Organisation Internationale de la Francophonie. Ainsi, le public pourra d\u00e9couvrir les diverses r\u00e9alit\u00e9s dans lesquelles la langue fran\u00e7aise \u00e9volue partout dans le monde, tout en profitant d\u2019une programmation vari\u00e9e et de qualit\u00e9, d\u00e9cid\u00e9e par les pays participants.<\/p>\n<p>En 2018, l\u2019Observatoire de la langue fran\u00e7aise estimait \u00e0 300 millions le nombre de francophones dans le monde, r\u00e9partis sur les cinq continents. Cela implique une incroyable diversit\u00e9 dans les cultures francophones, et m\u00eame dans la pratique de la langue.<\/p>\n<p>La fin de semaine du cin\u00e9ma francophone aura lieu \u00e0 la Biblioth\u00e8que nationale Lietuvos nacionalin\u0117 Martyno Ma\u017evydo biblioteka le samedi 23 et dimanche 24 mars. Les horaires des projections seront pr\u00e9cis\u00e9s prochainement. Le programme est aussi susceptible d\u2019\u00eatre modifi\u00e9, de fa\u00e7on \u00e0 vous proposer davantage de films.[\/vc_column_text][\/vc_column][\/vc_row][vc_row][vc_column][vc_raw_html]JTNDZGl2JTIwY2xhc3MlM0QlMjJwZW5jaS1ob21lLXBvcHVsYXItcG9zdHMlMjIlM0UlMDklMDklMDklMDklMDklMDklMDklM0NoMiUyMGNsYXNzJTNEJTIyaG9tZS1wdXB1bGFyLXBvc3RzLXRpdGxlJTIyJTNFJTBBJTNDc3BhbiUzRVByb2dyYW1tZSUzQyUyRnNwYW4lM0UlM0MlMkZoMiUzRSUwQSUzQyUyRmRpdiUzRQ==[\/vc_raw_html][\/vc_column][\/vc_row][vc_row css=&#8221;.vc_custom_1551441428962{background-color: #9bbb3c !important;}&#8221;][vc_column][vc_column_text]<\/p>\n<h4>R\u00e9publique tch\u00e8que<\/h4>\n<p>Population : 10 625 000<br \/>\nFrancophones : 235 000<br \/>\nMembre observateur de l\u2019OIF depuis : 1999[\/vc_column_text][\/vc_column][\/vc_row][vc_row][vc_column width=&#8221;1\/2&#8243;][vc_single_image image=&#8221;4120&#8243; img_size=&#8221;full&#8221;][\/vc_column][vc_column width=&#8221;1\/2&#8243;][vc_column_text]<\/p>\n<h4><strong>Clownwise<\/strong><\/h4>\n<p>De : Viktor Taus<br \/>\nSortie : 2013<br \/>\nGenre : Com\u00e9die, Drame<br \/>\nDur\u00e9e : 120 min<br \/>\nProjection : <strong>Dimanche 24 mars, 14h50, VO, sous-titres fran\u00e7ais<\/strong><\/p>\n<p>Suite \u00e0 une dispute d\u00e9chirante jamais pardonn\u00e9e, un ancien trio de clowns c\u00e9l\u00e8bres, Oskar, Max et Viktor, font le point sur leurs trente ann\u00e9es de vie en solitaire, \u00e9reintante et hors sc\u00e8ne. Leur sens de l\u00b4humour est menac\u00e9 et ils vont tout risquer pour savoir s\u00b4il est encore possible pour eux de monter un dernier spectacle. Ils se r\u00e9unissent donc une derni\u00e8re fois et font face \u00e0 leur plus grand d\u00e9fi : se pardonner les uns les autres.[\/vc_column_text][\/vc_column][\/vc_row][vc_row css=&#8221;.vc_custom_1551435555929{background-color: #9bbb3c !important;}&#8221;][vc_column][vc_column_text]<\/p>\n<h4>Moldavie<\/h4>\n<p>Population : 4 041 000<br \/>\nFrancophones :\u00a055 000<br \/>\nMembre observateur de l\u2019OIF depuis : 1999[\/vc_column_text][\/vc_column][\/vc_row][vc_row][vc_column width=&#8221;1\/2&#8243;][vc_single_image image=&#8221;4141&#8243; img_size=&#8221;full&#8221;][\/vc_column][vc_column width=&#8221;1\/2&#8243;][vc_column_text]<\/p>\n<h4><strong>Spectrum<\/strong><\/h4>\n<p>De : Igor Sadovski<br \/>\nSortie : 2018<br \/>\nGenre : Courts-m\u00e9trages<br \/>\nDur\u00e9e : 19 min<br \/>\nProjection : <strong>Samedi 23 mars, 10h30, VO, sous-titres fran\u00e7ais\u00a0<\/strong><\/p>\n<p>Apr\u00e8s un accident tragique et la mort de son mari, Emma rentre finalement chez elle. Sa vie devient rapidement un cauchemar: quelque chose d\u2019irr\u00e9el hante cette maison.[\/vc_column_text][\/vc_column][\/vc_row][vc_row][vc_column width=&#8221;1\/2&#8243;][vc_single_image image=&#8221;4137&#8243; img_size=&#8221;full&#8221;][\/vc_column][vc_column width=&#8221;1\/2&#8243;][vc_column_text]<\/p>\n<h4><strong>S<\/strong><strong>alix Caprea<\/strong><\/h4>\n<p>De : Valeriu Andriuta<br \/>\nSortie : 2017<br \/>\nDur\u00e9e : 30 min<br \/>\nProjection :\u00a0<strong>Samedi 23 mars, 10h30, VO, sous-titres fran\u00e7ais\u00a0<\/strong><\/p>\n<p>Le maire et le policier d&#8217;un village interrogent un voleur suppos\u00e9. Mais la situation change radicalement avec la visite inopin\u00e9e d\u2019une d\u00e9l\u00e9gation d&#8217;Am\u00e9ricains.[\/vc_column_text][\/vc_column][\/vc_row][vc_row][vc_column width=&#8221;1\/2&#8243;][vc_single_image image=&#8221;4139&#8243; img_size=&#8221;full&#8221;][\/vc_column][vc_column width=&#8221;1\/2&#8243;][vc_column_text]<\/p>\n<h4><strong>Paparuda <\/strong><\/h4>\n<p>De :\u00a0Lucia Lupu<\/p>\n<p>Sortie : 2016<br \/>\nDur\u00e9e : 15 min<br \/>\nProjection :\u00a0<strong>Samedi 23 mars, 10h30, VO, sous-titres fran\u00e7ais\u00a0<\/strong><\/p>\n<p>Dans un village touch\u00e9 par la s\u00e9cheresse, Dumitru et Ioana se lancent dans une qu\u00eate d&#8217;eau, bravant la bassesse des gens qu&#8217;ils rencontrent sur leur chemin, trouveront de l\u2019eau l\u00e0 o\u00f9 ils s\u2019y attendent le moins.<\/p>\n<p>.[\/vc_column_text][\/vc_column][\/vc_row][vc_row css=&#8221;.vc_custom_1551435555929{background-color: #9bbb3c !important;}&#8221;][vc_column][vc_column_text]<\/p>\n<h4>Belgique (F\u00e9d\u00e9ration Wallonie-Bruxelles)<\/h4>\n<p>Population : 11 499 000<br \/>\nFrancophones : 8 678 000<br \/>\nMembre observateur de l\u2019OIF depuis : 1980[\/vc_column_text][\/vc_column][\/vc_row][vc_row][vc_column width=&#8221;1\/2&#8243;][vc_single_image image=&#8221;4128&#8243; img_size=&#8221;full&#8221;][\/vc_column][vc_column width=&#8221;1\/2&#8243;][vc_column_text]<\/p>\n<h4><strong>Noce<\/strong><\/h4>\n<p>De : Stephan Streker<br \/>\nSortie : 2016<br \/>\nGenre : Drame \/ Drama<br \/>\nDur\u00e9e : 98 min<br \/>\nProjection :<strong> Samedi 23 mars, 12h, VF, sous-titres anglais<\/strong><\/p>\n<p>Zahira, Belgo-Pakistanaise de 18 ans, est tr\u00e8s proche de chacun des membres de sa famille jusqu&#8217;au jour o\u00f9 on lui impose un mariage traditionnel. Ecartel\u00e9e entre les exigences de ses parents, son mode de vie occidental et ses aspirations de libert\u00e9, la jeune fille compte sur l&#8217;aide de son grand fr\u00e8re et confident, Amir.[\/vc_column_text][\/vc_column][\/vc_row][vc_row css=&#8221;.vc_custom_1551435555929{background-color: #9bbb3c !important;}&#8221;][vc_column][vc_column_text]<\/p>\n<h4>Suisse<\/h4>\n<p>Population : 8 544 000<br \/>\nFrancophones : 5 734 000<br \/>\nMembre observateur de l\u2019OIF depuis : 1996[\/vc_column_text][\/vc_column][\/vc_row][vc_row][vc_column width=&#8221;1\/2&#8243;][vc_single_image image=&#8221;4132&#8243; img_size=&#8221;full&#8221;][\/vc_column][vc_column width=&#8221;1\/2&#8243;][vc_column_text]<\/p>\n<h4><strong>Ceux qui travaillent<\/strong><\/h4>\n<p>De : Antoine Russbach<br \/>\nSortie : 2018<br \/>\nGenre : Drame \/ Drama<br \/>\nDur\u00e9e : 98 min<br \/>\nProjection : <strong>Samedi 23 mars, 16h, VF, sous-titres anglais<\/strong><\/p>\n<p>Cadre sup\u00e9rieur dans une grande compagnie de transport maritime, Frank consacre sa vie au travail. Alors qu&#8217;il doit faire face \u00e0 une situation de crise, il prend une d\u00e9cision dans l\u2019urgence et se fait licencier. Trahi par un syst\u00e8me auquel il a tout donn\u00e9, le voil\u00e0 contraint de remettre toute sa vie en question.[\/vc_column_text][\/vc_column][\/vc_row][vc_row css=&#8221;.vc_custom_1551435555929{background-color: #9bbb3c !important;}&#8221;][vc_column][vc_column_text]<\/p>\n<h4>France<\/h4>\n<p>Population : 68 392 000<br \/>\nFrancophones : 66 060 000<br \/>\nMembre observateur de l\u2019OIF depuis : 1970[\/vc_column_text][\/vc_column][\/vc_row][vc_row][vc_column width=&#8221;1\/2&#8243;][vc_single_image image=&#8221;4134&#8243; img_size=&#8221;full&#8221;][\/vc_column][vc_column width=&#8221;1\/2&#8243;][vc_column_text]<\/p>\n<h4><strong>A voix haute<\/strong><\/h4>\n<p>De : St\u00e9phane de Freitas, Ladj Ly<br \/>\nSortie : 2016<br \/>\nGenre : Documentaire \/ Dokumentinis<br \/>\nDur\u00e9e : 99 min<br \/>\nProjection : <strong>Samedi 23 mars, 14h, VF, sous-titres anglais<\/strong><\/p>\n<p>Dans une universit\u00e9 de banlieue parisienne se d\u00e9roule le concours &#8220;Eloquentia&#8221;, qui vise \u00e0 \u00e9lire &#8220;le meilleur orateur&#8221;. Des \u00e9tudiants de cette universit\u00e9 d\u00e9cident d&#8217;y participer et s&#8217;y pr\u00e9parent gr\u00e2ce \u00e0 des professionnels qui leur enseignent le difficile exercice de la prise de parole en public. Au fil des semaines, ils vont apprendre \u00e0 ma\u00eetriser la rh\u00e9torique, et \u00e0 s\u2019affirmer et \u00e0 se d\u00e9couvrir gr\u00e2ce \u00e0 elle.[\/vc_column_text][\/vc_column][\/vc_row][vc_row css=&#8221;.vc_custom_1551435555929{background-color: #9bbb3c !important;}&#8221;][vc_column][vc_column_text]<\/p>\n<h4>Roumanie<\/h4>\n<p>Population : 19 581 000<br \/>\nFrancophones : 2 337 000<br \/>\nMembre observateur de l\u2019OIF depuis : 1993[\/vc_column_text][\/vc_column][\/vc_row][vc_row][vc_column width=&#8221;1\/2&#8243;][vc_single_image image=&#8221;4366&#8243; img_size=&#8221;full&#8221;][\/vc_column][vc_column width=&#8221;1\/2&#8243;][vc_column_text]<\/p>\n<h4>Faux-trait\u00e9 du salut de l\u2019\u00e2me<\/h4>\n<p>De : Nicolae M\u0103rgineanu<br \/>\nGenre : Policier<br \/>\nDur\u00e9e : 90 min<br \/>\nProjection : <strong>Dimanche 24 mars, 11h, VO, sous-titres fran\u00e7ais\u00a0<\/strong><\/p>\n<p>&#8220;Faites attention \u00e0 ne pas perdre votre humanit\u00e9, m\u00eame lorsque vous partez \u00e0 la chasse aux gens&#8221;. Toma est inspecteur \u00e0 CNSAS &#8211; Conseil National pour l&#8217;\u00e9tude des archives de la S\u00e9curit\u00e9. Avec l\u2019aide de son \u00ab apprenti \u00bb, Radu, se lancent dans une enqu\u00eate \u00e0 propos d\u2019Eglise, de suicide et de crimes. Au d\u00e9nouement de l\u2019affaire, aucun d\u2019eux ne sera plus le m\u00eame.[\/vc_column_text][\/vc_column][\/vc_row][vc_row][vc_column width=&#8221;1\/2&#8243;][vc_single_image image=&#8221;4369&#8243; img_size=&#8221;full&#8221;][\/vc_column][vc_column width=&#8221;1\/2&#8243;][vc_column_text]<\/p>\n<h4>Court-circuit<\/h4>\n<p>Genre : Drame<br \/>\nDur\u00e9e : 19 min<br \/>\nProjection : <strong>Dimanche 24 mars, 12h45, VO, sous-titres fran\u00e7ais\u00a0<\/strong><\/p>\n<p>Melania, une \u00e9tudiante \u00e2g\u00e9e de 15 ans, tombe enceinte d&#8217;Emi, un camarade de classe.\u00a0\u00a0Les parents des deux jeunes d\u00e9cident de donner l&#8217;enfant pour adoption \u00e0 une famille de Roumains install\u00e9e \u00e0 l&#8217;\u00e9tranger. Mais Melania accouche pr\u00e9matur\u00e9ment et la situation se complique quand un incendie ravage la maternit\u00e9. Le film est bas\u00e9 sur des faits r\u00e9els qui ont eu lieu en ao\u00fbt 2010 \u00e0 Bucarest.[\/vc_column_text][\/vc_column][\/vc_row][vc_row][vc_column][vc_single_image image=&#8221;4359&#8243; img_size=&#8221;full&#8221; alignment=&#8221;center&#8221;][\/vc_column][\/vc_row]<\/p>\n<\/div>","protected":false},"excerpt":{"rendered":"[vc_row][vc_column][vc_column_text]Le \u00ab Week-end du cin\u00e9ma francophone \u00bb a pour vocation de pr\u00e9senter des films provenant&hellip;","protected":false},"author":2,"featured_media":4144,"parent":2249,"menu_order":0,"comment_status":"closed","ping_status":"closed","template":"page-sidebar.php","meta":{"footnotes":""},"class_list":["post-4119","page","type-page","status-publish","has-post-thumbnail","hentry"],"yoast_head":"<!-- This site is optimized with the Yoast SEO plugin v23.2 - https:\/\/yoast.com\/wordpress\/plugins\/seo\/ -->\n<title>Fin de semaine du cin\u00e9ma francophone - IF Lituanie<\/title>\n<meta name=\"robots\" content=\"index, follow, max-snippet:-1, max-image-preview:large, max-video-preview:-1\" \/>\n<link rel=\"canonical\" href=\"https:\/\/www.institutfrancais-lituanie.com\/fr\/evenements\/cine-franco\/\" \/>\n<meta property=\"og:locale\" content=\"fr_FR\" \/>\n<meta property=\"og:type\" content=\"article\" \/>\n<meta property=\"og:title\" content=\"Fin de semaine du cin\u00e9ma francophone - IF Lituanie\" \/>\n<meta property=\"og:url\" content=\"https:\/\/www.institutfrancais-lituanie.com\/fr\/evenements\/cine-franco\/\" \/>\n<meta property=\"og:site_name\" content=\"IF Lituanie\" \/>\n<meta property=\"article:publisher\" content=\"https:\/\/www.facebook.com\/prancuzuinstitutas\/\" \/>\n<meta property=\"article:modified_time\" content=\"2019-03-18T07:55:15+00:00\" \/>\n<meta property=\"og:image\" content=\"https:\/\/www.institutfrancais-lituanie.com\/wp-content\/uploads\/2019\/03\/we-site.jpg\" \/>\n\t<meta property=\"og:image:width\" content=\"1170\" \/>\n\t<meta property=\"og:image:height\" content=\"585\" \/>\n\t<meta property=\"og:image:type\" content=\"image\/jpeg\" \/>\n<meta name=\"twitter:card\" content=\"summary_large_image\" \/>\n<meta name=\"twitter:label1\" content=\"Est. reading time\" \/>\n\t<meta name=\"twitter:data1\" content=\"7 minutes\" \/>\n<script type=\"application\/ld+json\" class=\"yoast-schema-graph\">{\"@context\":\"https:\/\/schema.org\",\"@graph\":[{\"@type\":\"WebPage\",\"@id\":\"https:\/\/www.institutfrancais-lituanie.com\/fr\/evenements\/cine-franco\/\",\"url\":\"https:\/\/www.institutfrancais-lituanie.com\/fr\/evenements\/cine-franco\/\",\"name\":\"Fin de semaine du cin\u00e9ma francophone - IF Lituanie\",\"isPartOf\":{\"@id\":\"https:\/\/www.institutfrancais-lituanie.com\/fr\/#website\"},\"primaryImageOfPage\":{\"@id\":\"https:\/\/www.institutfrancais-lituanie.com\/fr\/evenements\/cine-franco\/#primaryimage\"},\"image\":{\"@id\":\"https:\/\/www.institutfrancais-lituanie.com\/fr\/evenements\/cine-franco\/#primaryimage\"},\"thumbnailUrl\":\"https:\/\/www.institutfrancais-lituanie.com\/wp-content\/uploads\/2019\/03\/we-site.jpg\",\"datePublished\":\"2019-03-01T10:12:56+00:00\",\"dateModified\":\"2019-03-18T07:55:15+00:00\",\"breadcrumb\":{\"@id\":\"https:\/\/www.institutfrancais-lituanie.com\/fr\/evenements\/cine-franco\/#breadcrumb\"},\"inLanguage\":\"fr-FR\",\"potentialAction\":[{\"@type\":\"ReadAction\",\"target\":[\"https:\/\/www.institutfrancais-lituanie.com\/fr\/evenements\/cine-franco\/\"]}]},{\"@type\":\"ImageObject\",\"inLanguage\":\"fr-FR\",\"@id\":\"https:\/\/www.institutfrancais-lituanie.com\/fr\/evenements\/cine-franco\/#primaryimage\",\"url\":\"https:\/\/www.institutfrancais-lituanie.com\/wp-content\/uploads\/2019\/03\/we-site.jpg\",\"contentUrl\":\"https:\/\/www.institutfrancais-lituanie.com\/wp-content\/uploads\/2019\/03\/we-site.jpg\",\"width\":1170,\"height\":585},{\"@type\":\"BreadcrumbList\",\"@id\":\"https:\/\/www.institutfrancais-lituanie.com\/fr\/evenements\/cine-franco\/#breadcrumb\",\"itemListElement\":[{\"@type\":\"ListItem\",\"position\":1,\"name\":\"Home\",\"item\":\"https:\/\/www.institutfrancais-lituanie.com\/fr\/\"},{\"@type\":\"ListItem\",\"position\":2,\"name\":\"\u00c9v\u00e9nements\",\"item\":\"https:\/\/www.institutfrancais-lituanie.com\/fr\/evenements\/\"},{\"@type\":\"ListItem\",\"position\":3,\"name\":\"Fin de semaine du cin\u00e9ma francophone\"}]},{\"@type\":\"WebSite\",\"@id\":\"https:\/\/www.institutfrancais-lituanie.com\/fr\/#website\",\"url\":\"https:\/\/www.institutfrancais-lituanie.com\/fr\/\",\"name\":\"IF Lituanie\",\"description\":\"Pranc\u016bz\u0173 kalbos kursai, kult\u016bra, mediateka...\",\"publisher\":{\"@id\":\"https:\/\/www.institutfrancais-lituanie.com\/fr\/#organization\"},\"potentialAction\":[{\"@type\":\"SearchAction\",\"target\":{\"@type\":\"EntryPoint\",\"urlTemplate\":\"https:\/\/www.institutfrancais-lituanie.com\/fr\/?s={search_term_string}\"},\"query-input\":\"required name=search_term_string\"}],\"inLanguage\":\"fr-FR\"},{\"@type\":\"Organization\",\"@id\":\"https:\/\/www.institutfrancais-lituanie.com\/fr\/#organization\",\"name\":\"Pranc\u016bz\u0173 institutas\",\"url\":\"https:\/\/www.institutfrancais-lituanie.com\/fr\/\",\"logo\":{\"@type\":\"ImageObject\",\"inLanguage\":\"fr-FR\",\"@id\":\"https:\/\/www.institutfrancais-lituanie.com\/fr\/#\/schema\/logo\/image\/\",\"url\":\"https:\/\/www.institutfrancais-lituanie.com\/wp-content\/uploads\/2023\/04\/IF_Logo-Lituanie-RVB.jpg\",\"contentUrl\":\"https:\/\/www.institutfrancais-lituanie.com\/wp-content\/uploads\/2023\/04\/IF_Logo-Lituanie-RVB.jpg\",\"width\":827,\"height\":555,\"caption\":\"Pranc\u016bz\u0173 institutas\"},\"image\":{\"@id\":\"https:\/\/www.institutfrancais-lituanie.com\/fr\/#\/schema\/logo\/image\/\"},\"sameAs\":[\"https:\/\/www.facebook.com\/prancuzuinstitutas\/\",\"https:\/\/www.instagram.com\/institut_francais_lituanie\/\"]}]}<\/script>\n<!-- \/ Yoast SEO plugin. -->","yoast_head_json":{"title":"Fin de semaine du cin\u00e9ma francophone - IF Lituanie","robots":{"index":"index","follow":"follow","max-snippet":"max-snippet:-1","max-image-preview":"max-image-preview:large","max-video-preview":"max-video-preview:-1"},"canonical":"https:\/\/www.institutfrancais-lituanie.com\/fr\/evenements\/cine-franco\/","og_locale":"fr_FR","og_type":"article","og_title":"Fin de semaine du cin\u00e9ma francophone - IF Lituanie","og_url":"https:\/\/www.institutfrancais-lituanie.com\/fr\/evenements\/cine-franco\/","og_site_name":"IF Lituanie","article_publisher":"https:\/\/www.facebook.com\/prancuzuinstitutas\/","article_modified_time":"2019-03-18T07:55:15+00:00","og_image":[{"width":1170,"height":585,"url":"https:\/\/www.institutfrancais-lituanie.com\/wp-content\/uploads\/2019\/03\/we-site.jpg","type":"image\/jpeg"}],"twitter_card":"summary_large_image","twitter_misc":{"Est. reading time":"7 minutes"},"schema":{"@context":"https:\/\/schema.org","@graph":[{"@type":"WebPage","@id":"https:\/\/www.institutfrancais-lituanie.com\/fr\/evenements\/cine-franco\/","url":"https:\/\/www.institutfrancais-lituanie.com\/fr\/evenements\/cine-franco\/","name":"Fin de semaine du cin\u00e9ma francophone - IF Lituanie","isPartOf":{"@id":"https:\/\/www.institutfrancais-lituanie.com\/fr\/#website"},"primaryImageOfPage":{"@id":"https:\/\/www.institutfrancais-lituanie.com\/fr\/evenements\/cine-franco\/#primaryimage"},"image":{"@id":"https:\/\/www.institutfrancais-lituanie.com\/fr\/evenements\/cine-franco\/#primaryimage"},"thumbnailUrl":"https:\/\/www.institutfrancais-lituanie.com\/wp-content\/uploads\/2019\/03\/we-site.jpg","datePublished":"2019-03-01T10:12:56+00:00","dateModified":"2019-03-18T07:55:15+00:00","breadcrumb":{"@id":"https:\/\/www.institutfrancais-lituanie.com\/fr\/evenements\/cine-franco\/#breadcrumb"},"inLanguage":"fr-FR","potentialAction":[{"@type":"ReadAction","target":["https:\/\/www.institutfrancais-lituanie.com\/fr\/evenements\/cine-franco\/"]}]},{"@type":"ImageObject","inLanguage":"fr-FR","@id":"https:\/\/www.institutfrancais-lituanie.com\/fr\/evenements\/cine-franco\/#primaryimage","url":"https:\/\/www.institutfrancais-lituanie.com\/wp-content\/uploads\/2019\/03\/we-site.jpg","contentUrl":"https:\/\/www.institutfrancais-lituanie.com\/wp-content\/uploads\/2019\/03\/we-site.jpg","width":1170,"height":585},{"@type":"BreadcrumbList","@id":"https:\/\/www.institutfrancais-lituanie.com\/fr\/evenements\/cine-franco\/#breadcrumb","itemListElement":[{"@type":"ListItem","position":1,"name":"Home","item":"https:\/\/www.institutfrancais-lituanie.com\/fr\/"},{"@type":"ListItem","position":2,"name":"\u00c9v\u00e9nements","item":"https:\/\/www.institutfrancais-lituanie.com\/fr\/evenements\/"},{"@type":"ListItem","position":3,"name":"Fin de semaine du cin\u00e9ma francophone"}]},{"@type":"WebSite","@id":"https:\/\/www.institutfrancais-lituanie.com\/fr\/#website","url":"https:\/\/www.institutfrancais-lituanie.com\/fr\/","name":"IF Lituanie","description":"Pranc\u016bz\u0173 kalbos kursai, kult\u016bra, mediateka...","publisher":{"@id":"https:\/\/www.institutfrancais-lituanie.com\/fr\/#organization"},"potentialAction":[{"@type":"SearchAction","target":{"@type":"EntryPoint","urlTemplate":"https:\/\/www.institutfrancais-lituanie.com\/fr\/?s={search_term_string}"},"query-input":"required name=search_term_string"}],"inLanguage":"fr-FR"},{"@type":"Organization","@id":"https:\/\/www.institutfrancais-lituanie.com\/fr\/#organization","name":"Pranc\u016bz\u0173 institutas","url":"https:\/\/www.institutfrancais-lituanie.com\/fr\/","logo":{"@type":"ImageObject","inLanguage":"fr-FR","@id":"https:\/\/www.institutfrancais-lituanie.com\/fr\/#\/schema\/logo\/image\/","url":"https:\/\/www.institutfrancais-lituanie.com\/wp-content\/uploads\/2023\/04\/IF_Logo-Lituanie-RVB.jpg","contentUrl":"https:\/\/www.institutfrancais-lituanie.com\/wp-content\/uploads\/2023\/04\/IF_Logo-Lituanie-RVB.jpg","width":827,"height":555,"caption":"Pranc\u016bz\u0173 institutas"},"image":{"@id":"https:\/\/www.institutfrancais-lituanie.com\/fr\/#\/schema\/logo\/image\/"},"sameAs":["https:\/\/www.facebook.com\/prancuzuinstitutas\/","https:\/\/www.instagram.com\/institut_francais_lituanie\/"]}]}},"_links":{"self":[{"href":"https:\/\/www.institutfrancais-lituanie.com\/fr\/wp-json\/wp\/v2\/pages\/4119"}],"collection":[{"href":"https:\/\/www.institutfrancais-lituanie.com\/fr\/wp-json\/wp\/v2\/pages"}],"about":[{"href":"https:\/\/www.institutfrancais-lituanie.com\/fr\/wp-json\/wp\/v2\/types\/page"}],"author":[{"embeddable":true,"href":"https:\/\/www.institutfrancais-lituanie.com\/fr\/wp-json\/wp\/v2\/users\/2"}],"replies":[{"embeddable":true,"href":"https:\/\/www.institutfrancais-lituanie.com\/fr\/wp-json\/wp\/v2\/comments?post=4119"}],"version-history":[{"count":13,"href":"https:\/\/www.institutfrancais-lituanie.com\/fr\/wp-json\/wp\/v2\/pages\/4119\/revisions"}],"predecessor-version":[{"id":4371,"href":"https:\/\/www.institutfrancais-lituanie.com\/fr\/wp-json\/wp\/v2\/pages\/4119\/revisions\/4371"}],"up":[{"embeddable":true,"href":"https:\/\/www.institutfrancais-lituanie.com\/fr\/wp-json\/wp\/v2\/pages\/2249"}],"wp:featuredmedia":[{"embeddable":true,"href":"https:\/\/www.institutfrancais-lituanie.com\/fr\/wp-json\/wp\/v2\/media\/4144"}],"wp:attachment":[{"href":"https:\/\/www.institutfrancais-lituanie.com\/fr\/wp-json\/wp\/v2\/media?parent=4119"}],"curies":[{"name":"wp","href":"https:\/\/api.w.org\/{rel}","templated":true}]}}