{"id":3280,"date":"2019-01-31T08:49:31","date_gmt":"2019-01-31T08:49:31","guid":{"rendered":"http:\/\/institutfrancais-lituanie.com\/?page_id=3280"},"modified":"2019-02-25T14:16:19","modified_gmt":"2019-02-25T14:16:19","slug":"atelier-voyage-voyage","status":"publish","type":"page","link":"https:\/\/www.institutfrancais-lituanie.com\/fr\/cours-francais\/cours-thematiques\/atelier-voyage-voyage\/","title":{"rendered":"Atelier Voyage Voyage"},"content":{"rendered":"<div class=\"wpb-content-wrapper\"><p>[vc_row][vc_column][vc_column_text]<span style=\"font-size: 12pt; color: #008ac9;\"><span style=\"color: #008ac9;\"><span style=\"font-size: 12pt;\"><b>Atelier <\/b><\/span><span style=\"font-size: 16px;\"><b>th\u00e9matique\u00a0<\/b><\/span><span style=\"font-size: 12pt;\"><b>: Voyage Voyage<\/b><\/span><\/span><\/span><\/p>\n<hr \/>\n<p>L\u2019Atelier est con\u00e7u pour les amateurs de voyages qui souhaitent approfondir leurs connaissances pratiques du fran\u00e7ais. Familiarisez-vous avec le lexique du tourisme, imaginez votre propre itin\u00e9raire, cr\u00e9ez des situations linguistiques et informez-vous sur les r\u00e9gions et les particularit\u00e9s gastronomiques fran\u00e7aises. L\u2019Atelier remplira votre bagage linguistique avec les connaissances n\u00e9cessaires pour communiquer de mani\u00e8re autonome dans diff\u00e9rentes situations de voyage: \u00e0 l\u2019h\u00f4tel, \u00e0 la gare, au restaurant.<\/p>\n<p><strong>RYTHME :<\/strong> 6 rencontres de 1,5 h (12 heures acad\u00e9miques)<br \/>\n<strong>NIVEAUX :\u00a0<\/strong>A2-B1<br \/>\n<strong>EMPLOI DU TEMPS :\u00a0<\/strong>Samedi 13.30 &#8211; 15.00 \/ 23 f\u00e9vrier, 2, 9, 16, 23, 30 mars<br \/>\n<strong>TARIF<\/strong>\u00a0: 52,50\u00a0 \u20ac[\/vc_column_text][\/vc_column][\/vc_row][vc_row title=&#8221;Inscription&#8221; style=&#8221;modern&#8221; gradient_color_1=&#8221;turquoise&#8221; gradient_color_2=&#8221;blue&#8221; gradient_custom_color_1=&#8221;#dd3333&#8243; gradient_custom_color_2=&#8221;#eeee22&#8243; gradient_text_color=&#8221;#ffffff&#8221; custom_background=&#8221;#ededed&#8221; custom_text=&#8221;#666666&#8243; outline_custom_color=&#8221;#666666&#8243; outline_custom_hover_background=&#8221;#666666&#8243; outline_custom_hover_text=&#8221;#ffffff&#8221; shape=&#8221;square&#8221; color=&#8221;danger&#8221; size=&#8221;lg&#8221; align=&#8221;inline&#8221; button_block=&#8221;&#8221; add_icon=&#8221;&#8221; i_align=&#8221;left&#8221; i_type=&#8221;fontawesome&#8221; i_icon_fontawesome=&#8221;fa fa-adjust&#8221; i_icon_openiconic=&#8221;vc-oi vc-oi-dial&#8221; i_icon_typicons=&#8221;typcn typcn-adjust-brightness&#8221; i_icon_entypo=&#8221;entypo-icon entypo-icon-note&#8221; i_icon_linecons=&#8221;vc_li vc_li-heart&#8221; i_icon_monosocial=&#8221;vc-mono vc-mono-fivehundredpx&#8221; i_icon_material=&#8221;vc-material vc-material-cake&#8221; i_icon_pixelicons=&#8221;vc_pixel_icon vc_pixel_icon-alert&#8221; custom_onclick=&#8221;&#8221; link=&#8221;url:http%3A%2F%2Finscrire.hanaf.net%2Fvilnius.php||target:%20_blank|&#8221; custom_onclick_code=&#8221;&#8221;][vc_column][vc_btn title=&#8221;Inscription&#8221; shape=&#8221;square&#8221; color=&#8221;danger&#8221; size=&#8221;lg&#8221; link=&#8221;url:http%3A%2F%2Finscrire.hanaf.net%2Fvilnius.php||target:%20_blank|&#8221;][\/vc_column][\/vc_row][vc_row][vc_column][vc_separator][\/vc_column][\/vc_row][vc_row color=&#8221;&#8221; message_box_style=&#8221;standard&#8221; style=&#8221;rounded&#8221; message_box_color=&#8221;grey&#8221; icon_type=&#8221;fontawesome&#8221; icon_fontawesome=&#8221;fa fa-info-circle&#8221; icon_monosocial=&#8221;vc-mono vc-mono-fivehundredpx&#8221; icon_openiconic=&#8221;&#8221; icon_typicons=&#8221;&#8221; icon_entypo=&#8221;&#8221; icon_linecons=&#8221;&#8221; icon_pixelicons=&#8221;&#8221;][vc_column][vc_message message_box_color=&#8221;grey&#8221;]<span style=\"font-size: 12pt;\"><strong><span style=\"color: #008ac9;\">*R\u00c9DUCTIONS<\/span><\/strong><\/span><\/p>\n<p>Tarif r\u00e9duit (scolaires, \u00e9tudiants, retrait\u00e9s, personnes handicap\u00e9es) <em><strong>ou<\/strong><\/em> (fid\u00e9lit\u00e9, famille, parrainage) : <strong>&#8211; 10 %<\/strong><\/p>\n<p><a href=\"http:\/\/institutfrancais-lituanie.com\/wp-content\/uploads\/2019\/02\/FR-Reglement_cours_2019.pdf\" target=\"_blank\" rel=\"noopener\">R\u00c8GLEMENT DES COURS<\/a>[\/vc_message][\/vc_column][\/vc_row][vc_row color=&#8221;&#8221; message_box_style=&#8221;standard&#8221; style=&#8221;rounded&#8221; message_box_color=&#8221;info&#8221; icon_type=&#8221;fontawesome&#8221; icon_fontawesome=&#8221;fa fa-envelope&#8221; icon_monosocial=&#8221;vc-mono vc-mono-fivehundredpx&#8221; icon_openiconic=&#8221;&#8221; icon_typicons=&#8221;&#8221; icon_entypo=&#8221;&#8221; icon_linecons=&#8221;&#8221; icon_pixelicons=&#8221;&#8221;][vc_column][vc_message icon_fontawesome=&#8221;fa fa-envelope&#8221;]<strong>Service des cours<\/strong><br \/>\nmokymai@prancuzuinstitutas.lt<br \/>\nt\u00e9l. +370 5 219 96 55[\/vc_message][\/vc_column][\/vc_row]<\/p>\n<\/div>","protected":false},"excerpt":{"rendered":"[vc_row][vc_column][vc_column_text]Atelier th\u00e9matique\u00a0: Voyage Voyage L\u2019Atelier est con\u00e7u pour les amateurs de voyages qui souhaitent approfondir&hellip;","protected":false},"author":2,"featured_media":3281,"parent":1844,"menu_order":0,"comment_status":"closed","ping_status":"closed","template":"page-sidebar.php","meta":{"footnotes":""},"class_list":["post-3280","page","type-page","status-publish","has-post-thumbnail","hentry"],"yoast_head":"<!-- This site is optimized with the Yoast SEO plugin v23.2 - https:\/\/yoast.com\/wordpress\/plugins\/seo\/ -->\n<title>Atelier Voyage Voyage - IF Lituanie<\/title>\n<meta name=\"robots\" content=\"index, follow, max-snippet:-1, max-image-preview:large, max-video-preview:-1\" \/>\n<link rel=\"canonical\" href=\"https:\/\/www.institutfrancais-lituanie.com\/fr\/cours-francais\/cours-thematiques\/atelier-voyage-voyage\/\" \/>\n<meta property=\"og:locale\" content=\"fr_FR\" \/>\n<meta property=\"og:type\" content=\"article\" \/>\n<meta property=\"og:title\" content=\"Atelier Voyage Voyage - IF Lituanie\" \/>\n<meta property=\"og:url\" content=\"https:\/\/www.institutfrancais-lituanie.com\/fr\/cours-francais\/cours-thematiques\/atelier-voyage-voyage\/\" \/>\n<meta property=\"og:site_name\" content=\"IF Lituanie\" \/>\n<meta property=\"article:publisher\" content=\"https:\/\/www.facebook.com\/prancuzuinstitutas\/\" \/>\n<meta property=\"article:modified_time\" content=\"2019-02-25T14:16:19+00:00\" \/>\n<meta property=\"og:image\" content=\"https:\/\/www.institutfrancais-lituanie.com\/wp-content\/uploads\/2019\/01\/Atelier-voyage.jpg\" \/>\n\t<meta property=\"og:image:width\" content=\"1170\" \/>\n\t<meta property=\"og:image:height\" content=\"585\" \/>\n\t<meta property=\"og:image:type\" content=\"image\/jpeg\" \/>\n<meta name=\"twitter:card\" content=\"summary_large_image\" \/>\n<meta name=\"twitter:label1\" content=\"Est. reading time\" \/>\n\t<meta name=\"twitter:data1\" content=\"2 minutes\" \/>\n<script type=\"application\/ld+json\" class=\"yoast-schema-graph\">{\"@context\":\"https:\/\/schema.org\",\"@graph\":[{\"@type\":\"WebPage\",\"@id\":\"https:\/\/www.institutfrancais-lituanie.com\/fr\/cours-francais\/cours-thematiques\/atelier-voyage-voyage\/\",\"url\":\"https:\/\/www.institutfrancais-lituanie.com\/fr\/cours-francais\/cours-thematiques\/atelier-voyage-voyage\/\",\"name\":\"Atelier Voyage Voyage - IF Lituanie\",\"isPartOf\":{\"@id\":\"https:\/\/www.institutfrancais-lituanie.com\/fr\/#website\"},\"primaryImageOfPage\":{\"@id\":\"https:\/\/www.institutfrancais-lituanie.com\/fr\/cours-francais\/cours-thematiques\/atelier-voyage-voyage\/#primaryimage\"},\"image\":{\"@id\":\"https:\/\/www.institutfrancais-lituanie.com\/fr\/cours-francais\/cours-thematiques\/atelier-voyage-voyage\/#primaryimage\"},\"thumbnailUrl\":\"https:\/\/www.institutfrancais-lituanie.com\/wp-content\/uploads\/2019\/01\/Atelier-voyage.jpg\",\"datePublished\":\"2019-01-31T08:49:31+00:00\",\"dateModified\":\"2019-02-25T14:16:19+00:00\",\"breadcrumb\":{\"@id\":\"https:\/\/www.institutfrancais-lituanie.com\/fr\/cours-francais\/cours-thematiques\/atelier-voyage-voyage\/#breadcrumb\"},\"inLanguage\":\"fr-FR\",\"potentialAction\":[{\"@type\":\"ReadAction\",\"target\":[\"https:\/\/www.institutfrancais-lituanie.com\/fr\/cours-francais\/cours-thematiques\/atelier-voyage-voyage\/\"]}]},{\"@type\":\"ImageObject\",\"inLanguage\":\"fr-FR\",\"@id\":\"https:\/\/www.institutfrancais-lituanie.com\/fr\/cours-francais\/cours-thematiques\/atelier-voyage-voyage\/#primaryimage\",\"url\":\"https:\/\/www.institutfrancais-lituanie.com\/wp-content\/uploads\/2019\/01\/Atelier-voyage.jpg\",\"contentUrl\":\"https:\/\/www.institutfrancais-lituanie.com\/wp-content\/uploads\/2019\/01\/Atelier-voyage.jpg\",\"width\":1170,\"height\":585},{\"@type\":\"BreadcrumbList\",\"@id\":\"https:\/\/www.institutfrancais-lituanie.com\/fr\/cours-francais\/cours-thematiques\/atelier-voyage-voyage\/#breadcrumb\",\"itemListElement\":[{\"@type\":\"ListItem\",\"position\":1,\"name\":\"Home\",\"item\":\"https:\/\/www.institutfrancais-lituanie.com\/fr\/\"},{\"@type\":\"ListItem\",\"position\":2,\"name\":\"Cours et examens\",\"item\":\"https:\/\/www.institutfrancais-lituanie.com\/fr\/cours-francais\/\"},{\"@type\":\"ListItem\",\"position\":3,\"name\":\"Cours th\u00e9matiques de fran\u00e7ais\",\"item\":\"https:\/\/www.institutfrancais-lituanie.com\/fr\/cours-francais\/cours-thematiques\/\"},{\"@type\":\"ListItem\",\"position\":4,\"name\":\"Atelier Voyage Voyage\"}]},{\"@type\":\"WebSite\",\"@id\":\"https:\/\/www.institutfrancais-lituanie.com\/fr\/#website\",\"url\":\"https:\/\/www.institutfrancais-lituanie.com\/fr\/\",\"name\":\"IF Lituanie\",\"description\":\"Pranc\u016bz\u0173 kalbos kursai, kult\u016bra, mediateka...\",\"publisher\":{\"@id\":\"https:\/\/www.institutfrancais-lituanie.com\/fr\/#organization\"},\"potentialAction\":[{\"@type\":\"SearchAction\",\"target\":{\"@type\":\"EntryPoint\",\"urlTemplate\":\"https:\/\/www.institutfrancais-lituanie.com\/fr\/?s={search_term_string}\"},\"query-input\":\"required name=search_term_string\"}],\"inLanguage\":\"fr-FR\"},{\"@type\":\"Organization\",\"@id\":\"https:\/\/www.institutfrancais-lituanie.com\/fr\/#organization\",\"name\":\"Pranc\u016bz\u0173 institutas\",\"url\":\"https:\/\/www.institutfrancais-lituanie.com\/fr\/\",\"logo\":{\"@type\":\"ImageObject\",\"inLanguage\":\"fr-FR\",\"@id\":\"https:\/\/www.institutfrancais-lituanie.com\/fr\/#\/schema\/logo\/image\/\",\"url\":\"https:\/\/www.institutfrancais-lituanie.com\/wp-content\/uploads\/2023\/04\/IF_Logo-Lituanie-RVB.jpg\",\"contentUrl\":\"https:\/\/www.institutfrancais-lituanie.com\/wp-content\/uploads\/2023\/04\/IF_Logo-Lituanie-RVB.jpg\",\"width\":827,\"height\":555,\"caption\":\"Pranc\u016bz\u0173 institutas\"},\"image\":{\"@id\":\"https:\/\/www.institutfrancais-lituanie.com\/fr\/#\/schema\/logo\/image\/\"},\"sameAs\":[\"https:\/\/www.facebook.com\/prancuzuinstitutas\/\",\"https:\/\/www.instagram.com\/institut_francais_lituanie\/\"]}]}<\/script>\n<!-- \/ Yoast SEO plugin. -->","yoast_head_json":{"title":"Atelier Voyage Voyage - IF Lituanie","robots":{"index":"index","follow":"follow","max-snippet":"max-snippet:-1","max-image-preview":"max-image-preview:large","max-video-preview":"max-video-preview:-1"},"canonical":"https:\/\/www.institutfrancais-lituanie.com\/fr\/cours-francais\/cours-thematiques\/atelier-voyage-voyage\/","og_locale":"fr_FR","og_type":"article","og_title":"Atelier Voyage Voyage - IF Lituanie","og_url":"https:\/\/www.institutfrancais-lituanie.com\/fr\/cours-francais\/cours-thematiques\/atelier-voyage-voyage\/","og_site_name":"IF Lituanie","article_publisher":"https:\/\/www.facebook.com\/prancuzuinstitutas\/","article_modified_time":"2019-02-25T14:16:19+00:00","og_image":[{"width":1170,"height":585,"url":"https:\/\/www.institutfrancais-lituanie.com\/wp-content\/uploads\/2019\/01\/Atelier-voyage.jpg","type":"image\/jpeg"}],"twitter_card":"summary_large_image","twitter_misc":{"Est. reading time":"2 minutes"},"schema":{"@context":"https:\/\/schema.org","@graph":[{"@type":"WebPage","@id":"https:\/\/www.institutfrancais-lituanie.com\/fr\/cours-francais\/cours-thematiques\/atelier-voyage-voyage\/","url":"https:\/\/www.institutfrancais-lituanie.com\/fr\/cours-francais\/cours-thematiques\/atelier-voyage-voyage\/","name":"Atelier Voyage Voyage - IF Lituanie","isPartOf":{"@id":"https:\/\/www.institutfrancais-lituanie.com\/fr\/#website"},"primaryImageOfPage":{"@id":"https:\/\/www.institutfrancais-lituanie.com\/fr\/cours-francais\/cours-thematiques\/atelier-voyage-voyage\/#primaryimage"},"image":{"@id":"https:\/\/www.institutfrancais-lituanie.com\/fr\/cours-francais\/cours-thematiques\/atelier-voyage-voyage\/#primaryimage"},"thumbnailUrl":"https:\/\/www.institutfrancais-lituanie.com\/wp-content\/uploads\/2019\/01\/Atelier-voyage.jpg","datePublished":"2019-01-31T08:49:31+00:00","dateModified":"2019-02-25T14:16:19+00:00","breadcrumb":{"@id":"https:\/\/www.institutfrancais-lituanie.com\/fr\/cours-francais\/cours-thematiques\/atelier-voyage-voyage\/#breadcrumb"},"inLanguage":"fr-FR","potentialAction":[{"@type":"ReadAction","target":["https:\/\/www.institutfrancais-lituanie.com\/fr\/cours-francais\/cours-thematiques\/atelier-voyage-voyage\/"]}]},{"@type":"ImageObject","inLanguage":"fr-FR","@id":"https:\/\/www.institutfrancais-lituanie.com\/fr\/cours-francais\/cours-thematiques\/atelier-voyage-voyage\/#primaryimage","url":"https:\/\/www.institutfrancais-lituanie.com\/wp-content\/uploads\/2019\/01\/Atelier-voyage.jpg","contentUrl":"https:\/\/www.institutfrancais-lituanie.com\/wp-content\/uploads\/2019\/01\/Atelier-voyage.jpg","width":1170,"height":585},{"@type":"BreadcrumbList","@id":"https:\/\/www.institutfrancais-lituanie.com\/fr\/cours-francais\/cours-thematiques\/atelier-voyage-voyage\/#breadcrumb","itemListElement":[{"@type":"ListItem","position":1,"name":"Home","item":"https:\/\/www.institutfrancais-lituanie.com\/fr\/"},{"@type":"ListItem","position":2,"name":"Cours et examens","item":"https:\/\/www.institutfrancais-lituanie.com\/fr\/cours-francais\/"},{"@type":"ListItem","position":3,"name":"Cours th\u00e9matiques de fran\u00e7ais","item":"https:\/\/www.institutfrancais-lituanie.com\/fr\/cours-francais\/cours-thematiques\/"},{"@type":"ListItem","position":4,"name":"Atelier Voyage Voyage"}]},{"@type":"WebSite","@id":"https:\/\/www.institutfrancais-lituanie.com\/fr\/#website","url":"https:\/\/www.institutfrancais-lituanie.com\/fr\/","name":"IF Lituanie","description":"Pranc\u016bz\u0173 kalbos kursai, kult\u016bra, mediateka...","publisher":{"@id":"https:\/\/www.institutfrancais-lituanie.com\/fr\/#organization"},"potentialAction":[{"@type":"SearchAction","target":{"@type":"EntryPoint","urlTemplate":"https:\/\/www.institutfrancais-lituanie.com\/fr\/?s={search_term_string}"},"query-input":"required name=search_term_string"}],"inLanguage":"fr-FR"},{"@type":"Organization","@id":"https:\/\/www.institutfrancais-lituanie.com\/fr\/#organization","name":"Pranc\u016bz\u0173 institutas","url":"https:\/\/www.institutfrancais-lituanie.com\/fr\/","logo":{"@type":"ImageObject","inLanguage":"fr-FR","@id":"https:\/\/www.institutfrancais-lituanie.com\/fr\/#\/schema\/logo\/image\/","url":"https:\/\/www.institutfrancais-lituanie.com\/wp-content\/uploads\/2023\/04\/IF_Logo-Lituanie-RVB.jpg","contentUrl":"https:\/\/www.institutfrancais-lituanie.com\/wp-content\/uploads\/2023\/04\/IF_Logo-Lituanie-RVB.jpg","width":827,"height":555,"caption":"Pranc\u016bz\u0173 institutas"},"image":{"@id":"https:\/\/www.institutfrancais-lituanie.com\/fr\/#\/schema\/logo\/image\/"},"sameAs":["https:\/\/www.facebook.com\/prancuzuinstitutas\/","https:\/\/www.instagram.com\/institut_francais_lituanie\/"]}]}},"_links":{"self":[{"href":"https:\/\/www.institutfrancais-lituanie.com\/fr\/wp-json\/wp\/v2\/pages\/3280"}],"collection":[{"href":"https:\/\/www.institutfrancais-lituanie.com\/fr\/wp-json\/wp\/v2\/pages"}],"about":[{"href":"https:\/\/www.institutfrancais-lituanie.com\/fr\/wp-json\/wp\/v2\/types\/page"}],"author":[{"embeddable":true,"href":"https:\/\/www.institutfrancais-lituanie.com\/fr\/wp-json\/wp\/v2\/users\/2"}],"replies":[{"embeddable":true,"href":"https:\/\/www.institutfrancais-lituanie.com\/fr\/wp-json\/wp\/v2\/comments?post=3280"}],"version-history":[{"count":6,"href":"https:\/\/www.institutfrancais-lituanie.com\/fr\/wp-json\/wp\/v2\/pages\/3280\/revisions"}],"predecessor-version":[{"id":4061,"href":"https:\/\/www.institutfrancais-lituanie.com\/fr\/wp-json\/wp\/v2\/pages\/3280\/revisions\/4061"}],"up":[{"embeddable":true,"href":"https:\/\/www.institutfrancais-lituanie.com\/fr\/wp-json\/wp\/v2\/pages\/1844"}],"wp:featuredmedia":[{"embeddable":true,"href":"https:\/\/www.institutfrancais-lituanie.com\/fr\/wp-json\/wp\/v2\/media\/3281"}],"wp:attachment":[{"href":"https:\/\/www.institutfrancais-lituanie.com\/fr\/wp-json\/wp\/v2\/media?parent=3280"}],"curies":[{"name":"wp","href":"https:\/\/api.w.org\/{rel}","templated":true}]}}