{"id":3174,"date":"2019-01-22T07:58:52","date_gmt":"2019-01-22T07:58:52","guid":{"rendered":"http:\/\/institutfrancais-lituanie.com\/?page_id=3174"},"modified":"2019-01-22T07:58:52","modified_gmt":"2019-01-22T07:58:52","slug":"mentions-legales","status":"publish","type":"page","link":"https:\/\/www.institutfrancais-lituanie.com\/fr\/mentions-legales\/","title":{"rendered":"Mentions l\u00e9gales"},"content":{"rendered":"<div class=\"wpb-content-wrapper\"><p>[vc_row][vc_column][vc_column_text]<span style=\"color: #008ac9;\"><strong>INSTITUT FRAN\u00c7AIS DE LITUANIE &#8211;\u00a0<\/strong><strong>POLITIQUE DE CONFIDENTIALIT\u00c9 ET DE COOKIES<\/strong><\/span><\/p>\n<hr \/>\n<p>Vous avez peut-\u00eatre entendu parler du nouveau r\u00e8glement g\u00e9n\u00e9ral sur la protection des donn\u00e9es (GDPR) entr\u00e9 en vigueur le 25 mai 2018. La politique de confidentialit\u00e9 de l\u2019Institut fran\u00e7ais de Lituanie fait directement r\u00e9f\u00e9rence \u00e0 ce nouveau r\u00e8glement.<\/p>\n<p>Nous ne changerons pas la mani\u00e8re dont nous utilisons vos informations personnelles, mais la nouvelle politique de confidentialit\u00e9 vous fournit des informations suppl\u00e9mentaires telles que :<\/p>\n<ul>\n<li>vos droits, en vertu du RGPD, par rapport aux informations que nous d\u00e9tenons sur vous ;<\/li>\n<li>la fa\u00e7on dont nous recueillons vos donn\u00e9es personnelles ;<\/li>\n<li>le type d&#8217;informations que nous recueillons \u00e0 votre sujet ;<\/li>\n<li>la base l\u00e9gale pour le traitement de vos donn\u00e9es personnelles et comment nous utilisons ces derni\u00e8res.<\/li>\n<\/ul>\n<p><span style=\"color: #008ac9;\">1 &#8211; INTRODUCTION<\/span><\/p>\n<p>Nous sommes reconnaissants de la confiance que vous nous accordez lorsque vous partagez vos donn\u00e9es personnelles. La s\u00e9curit\u00e9 de ces donn\u00e9es est tr\u00e8s importante pour nous. Dans ce document, nous expliquerons comment nous recueillons, utilisons et prot\u00e9geons vos donn\u00e9es personnelles.<\/p>\n<p>Nous vous expliquerons \u00e9galement quels sont vos droits sur vos donn\u00e9es personnelles et comment vous pouvez les exercer.<\/p>\n<p><span style=\"color: #008ac9;\">2. QUI SOMMES-NOUS ?<\/span><\/p>\n<p>Nous faisons partie du r\u00e9seau mondial de l&#8217;Institut fran\u00e7ais pour la promotion de la langue et de la culture fran\u00e7aises et l&#8217;encouragement des \u00e9changes interculturels et de la diversit\u00e9 culturelle.<\/p>\n<p>Nous avons nomm\u00e9 un responsable de la protection des donn\u00e9es charg\u00e9 de surveiller le respect des r\u00e8gles de protection des donn\u00e9es.<\/p>\n<p>Si vous avez des questions sur la mani\u00e8re dont nous traitons les donn\u00e9es \u00e0 caract\u00e8re personnel, ou souhaitez exercer vos droits sur la personne concern\u00e9e, veuillez nous contacter par e-mail \u00e0 l&#8217;adresse stephanie1.desbois@diplomatie.gouv.fr<\/p>\n<p><span style=\"color: #008ac9;\">3. COLLECTE DE DONN\u00c9ES PERSONNELLES<\/span><\/p>\n<p>Nous recueillons vos donn\u00e9es personnelles pour un ou plusieurs des objectifs suivants:<\/p>\n<ul>\n<li>pour fournir un niveau \u00e9lev\u00e9 de service \u00e0 notre client\u00e8le et pour vous informer de toute alerte et atteinte \u00e0 la s\u00e9curit\u00e9 des donn\u00e9es, ainsi que des avis techniques ;<\/li>\n<li>pour communiquer avec vous au sujet de nos offres, promotions, \u00e9v\u00e9nements \u00e0 venir, critiques et autres actualit\u00e9s ou de celles de nos partenaires s\u00e9lectionn\u00e9s (par e-mail, t\u00e9l\u00e9phone, SMS ou notification push), vous pouvez modifier vos pr\u00e9f\u00e9rences marketing ;<\/li>\n<li>faciliter le profilage, la segmentation et la personnalisation &#8211; ceux-ci peuvent \u00eatre bas\u00e9s sur l&#8217;emplacement, les pr\u00e9f\u00e9rences, les int\u00e9r\u00eats et les actions pass\u00e9es ;<\/li>\n<li>initier et finaliser des transactions commerciales avec vous, ou avec l&#8217;entit\u00e9 que vous repr\u00e9sentez, pour l&#8217;achat de produits et \/ ou de services ;<\/li>\n<li>remplir un contrat que nous avons conclu avec vous ou avec l&#8217;entit\u00e9 que vous repr\u00e9sentez ;<\/li>\n<li>pour g\u00e9rer toute communication entre vous et nous.<\/li>\n<\/ul>\n<p><span style=\"color: #008ac9;\">4 &#8211; INFORMATIONS TECHNIQUES<\/span><\/p>\n<p>De plus, afin de nous assurer que chaque visiteur de notre site Web peut l&#8217;utiliser et naviguer dessus efficacement, nous recueillons les informations suivantes :<\/p>\n<ul>\n<li>informations techniques, y compris l&#8217;adresse IP (Internet Protocol) utilis\u00e9e pour connecter votre appareil \u00e0 Internet ;<\/li>\n<li>vos informations de connexion, le type et la version du navigateur, le r\u00e9glage du fuseau horaire, les types et les versions de plug-in du navigateur ;<\/li>\n<li>syst\u00e8me d&#8217;exploitation et plateforme ;<\/li>\n<li>des informations sur votre visite, y compris le flux de clics d&#8217;Uniform Resource Locator (URL) vers, via et depuis notre site.<\/li>\n<\/ul>\n<p><em><span style=\"color: #008ac9;\">\u00c0 propos des cookies<\/span><\/em><\/p>\n<ul>\n<li>Que sont les cookies ?<\/li>\n<\/ul>\n<p>Un cookie est un petit fichier qui est t\u00e9l\u00e9charg\u00e9 sur votre appareil lorsque vous visitez un site Web. Les cookies sont utilis\u00e9s par beaucoup de sites Web pour diff\u00e9rentes raisons. Ils pourraient vous aider \u00e0 vous souvenir de votre pr\u00e9f\u00e9rence de langue, \u00e0 naviguer entre les pages de mani\u00e8re transparente ou \u00e0 compter le nombre de vues d&#8217;une page\u2026 g\u00e9n\u00e9ralement pour am\u00e9liorer l&#8217;exp\u00e9rience de l\u2019utilisateur.<\/p>\n<ul>\n<li>Comment utilisons-nous les cookies ?<\/li>\n<\/ul>\n<p>Nous utilisons 2 types de cookies :<\/p>\n<p><span style=\"color: #008ac9;\">COOKIE DE SESSION<\/span><\/p>\n<p>Ce cookie vous permet de naviguer correctement sur le site. Il ne stockera aucune information \u00e0 des fins de marketing et sera automatiquement supprim\u00e9 \u00e0 la fermeture de votre navigateur.<\/p>\n<p><span style=\"color: #008ac9;\">COOKIES ANALYTIQUES<\/span><\/p>\n<p>Ces cookies nous permettent de collecter des informations sur la mani\u00e8re dont les visiteurs utilisent notre site Web (telles que les pages les plus consult\u00e9es, le nombre de visiteurs venus le mois dernier, s\u2019ils ont utilis\u00e9 un moteur de recherche pour trouver le site Web\u2026). Les donn\u00e9es sont collect\u00e9es anonymement et nous aident \u00e0 am\u00e9liorer le site.<\/p>\n<p><span style=\"color: #008ac9;\">4 &#8211; BASE JURIDIQUE POUR LE TRAITEMENT DE VOS DONN\u00c9ES PERSONNELLES<\/span><\/p>\n<p>Nous traiterons vos donn\u00e9es personnelles si n\u00e9cessaire :<\/p>\n<ul>\n<li>pour l&#8217;ex\u00e9cution ou la conclusion d&#8217;un contrat avec vous, y compris pour fournir notre offre, traiter votre paiement et r\u00e9pondre aux demandes de renseignements et aux r\u00e9servations que vous avez effectu\u00e9es ;<\/li>\n<li>pour le respect de nos obligations l\u00e9gales\u00a0;<\/li>\n<li>pour promouvoir nos int\u00e9r\u00eats l\u00e9gitimes, notamment :<\/li>\n<li>faire de la publicit\u00e9 comportementale<\/li>\n<li>pr\u00e9venir, d\u00e9tecter et enqu\u00eater sur les fraudes ou les activit\u00e9s ill\u00e9gales<\/li>\n<\/ul>\n<p>Nous pouvons \u00e9galement traiter vos donn\u00e9es personnelles sur la base de tout consentement que vous avez donn\u00e9.<\/p>\n<p><span style=\"color: #008ac9;\">5 &#8211; PROTECTION DE VOS DONN\u00c9ES PERSONNELLES<\/span><\/p>\n<p>Nous nous engageons \u00e0 prot\u00e9ger vos donn\u00e9es personnelles et \u00e0 les garder en s\u00e9curit\u00e9 et confidentielles. Nous veillerons donc \u00e0 ce que des protections techniques, organisationnelles, \u00e9lectroniques et proc\u00e9durales appropri\u00e9es soient mises en place pour les prot\u00e9ger. L&#8217;acc\u00e8s \u00e0 vos donn\u00e9es personnelles sera \u00e9galement limit\u00e9 \u00e0 nos employ\u00e9s et \u00e0 certains tiers qui les traitent en notre nom. Nous ne vendons pas, ne louons pas et ne partageons pas d&#8217;informations personnelles avec des tiers.<\/p>\n<p>Toutefois, nous n\u2019avons aucun contr\u00f4le sur ce qui se passe entre votre appareil et les limites de notre infrastructure d\u2019information. Vous devez \u00eatre conscient des nombreux risques de s\u00e9curit\u00e9 des informations existants et prendre les mesures appropri\u00e9es pour prot\u00e9ger vos propres informations. Nous d\u00e9clinons toute responsabilit\u00e9 quant aux violations se produisant hors de notre contr\u00f4le.<\/p>\n<p><span style=\"color: #008ac9;\">6 &#8211; VOS DROITS EN TANT QUE SUJET DE DONN\u00c9ES<\/span><\/p>\n<p>En tant que personne concern\u00e9e par les donn\u00e9es personnelles que nous poss\u00e9dons, vous disposez de certains droits. Si vous souhaitez exercer l&#8217;un de ces droits, veuillez envoyer un courrier \u00e9lectronique \u00e0 <a href=\"mailto:stephanie1.desbois@diplomatie.fr\">stephanie1.desbois@diplomatie.fr<\/a> . Vos droits sont les suivants :<\/p>\n<ul>\n<li>le droit d&#8217;\u00eatre inform\u00e9<\/li>\n<\/ul>\n<p>En tant que responsable du traitement des donn\u00e9es, nous sommes oblig\u00e9s de fournir des informations claires et transparentes sur nos activit\u00e9s de traitement de donn\u00e9es. Ces informations sont fournies par cette politique de confidentialit\u00e9 et toutes les communications connexes que nous pouvons vous envoyer.<\/p>\n<ul>\n<li>le droit d&#8217;acc\u00e8s<\/li>\n<\/ul>\n<p>Vous pouvez demander gratuitement une copie des donn\u00e9es personnelles que nous d\u00e9tenons \u00e0 votre sujet. Une fois que nous aurons v\u00e9rifi\u00e9 votre identit\u00e9 et, le cas \u00e9ch\u00e9ant, l&#8217;autorit\u00e9 de tout tiers demandeur, nous vous donnerons acc\u00e8s aux donn\u00e9es personnelles que nous d\u00e9tenons \u00e0 votre sujet.<\/p>\n<ul>\n<li>le droit de rectification<\/li>\n<\/ul>\n<p>Lorsque vous pensez que nous d\u00e9tenons des informations personnelles inexactes ou incompl\u00e8tes \u00e0 votre sujet, vous pouvez exercer votre droit de corriger ou de compl\u00e9ter ces informations. Cela peut \u00eatre utilis\u00e9 avec le droit de restreindre le traitement pour s&#8217;assurer que les informations incorrectes \/ incompl\u00e8tes ne sont pas trait\u00e9es jusqu&#8217;\u00e0 ce qu&#8217;elles soient corrig\u00e9es.<\/p>\n<ul>\n<li>Le droit \u00e0 l\u2019effacement (le \u00abdroit \u00e0 l\u2019oubli\u00bb)<\/li>\n<\/ul>\n<p>Si aucune base l\u00e9gale ni raison l\u00e9gitime ne subsiste pour le traitement de donn\u00e9es \u00e0 caract\u00e8re personnel, vous pouvez demander la suppression de ces donn\u00e9es. Nous prendrons toutes les mesures raisonnables pour assurer leur effacement.<\/p>\n<ul>\n<li>le droit de limiter le traitement<\/li>\n<\/ul>\n<p>Vous pouvez nous demander de cesser de traiter vos donn\u00e9es personnelles. Nous conserverons les donn\u00e9es mais ne les traiterons plus. Ce droit est une alternative au droit d&#8217;effacer.<\/p>\n<ul>\n<li>le droit \u00e0 la portabilit\u00e9 des donn\u00e9es<\/li>\n<\/ul>\n<p>Vous pouvez demander que vos donn\u00e9es personnelles soient transf\u00e9r\u00e9es \u00e0 un autre contr\u00f4leur ou processeur, dans un format couramment utilis\u00e9 et lisible par une machine. Ce droit n\u2019est disponible que si le traitement initial s\u2019appuyait sur le consentement, si le traitement en \u00e9tait automatis\u00e9 et s\u2019il reposait sur l\u2019ex\u00e9cution d\u2019une obligation contractuelle.<\/p>\n<ul>\n<li>le droit de s\u2019opposer<\/li>\n<\/ul>\n<p>Vous avez le droit de vous opposer au traitement de vos donn\u00e9es lorsque<\/p>\n<ul>\n<li>le traitement est bas\u00e9 sur un int\u00e9r\u00eat l\u00e9gitime ;<\/li>\n<li>le traitement vise le marketing direct ;<\/li>\n<li>le traitement est destin\u00e9 \u00e0 des fins de recherche scientifique ou historique ;<\/li>\n<li>le traitement implique une prise de d\u00e9cision et un profilage automatis\u00e9s.<\/li>\n<\/ul>\n<p><span style=\"color: #008ac9;\">7 &#8211; CONTACTEZ-NOUS<\/span><\/p>\n<p>Tous les commentaires, questions ou suggestions concernant cette politique de confidentialit\u00e9 ou le traitement de vos donn\u00e9es personnelles doivent \u00eatre adress\u00e9s par courrier \u00e9lectronique \u00e0 <a href=\"mailto:stephanie1.desbois@diplomatie.fr\">stephanie1.desbois@diplomatie.fr<\/a> :<\/p>\n<p>Vous pouvez \u00e9galement nous contacter en utilisant l\u2019adresse postale ou le num\u00e9ro de t\u00e9l\u00e9phone suivant:<\/p>\n<p>Adresse :<\/p>\n<p>Institut fran\u00e7ais de Lituanie<\/p>\n<p>Did\u017eioji 1,\u00a001128 Vilnius,\u00a0Lituanie<\/p>\n<p>T\u00e9l\u00e9phone\u00a0:\u00a0+370 (5) 219 96 96<\/p>\n<p>[\/vc_column_text][\/vc_column][\/vc_row]<\/p>\n<\/div>","protected":false},"excerpt":{"rendered":"[vc_row][vc_column][vc_column_text]INSTITUT FRAN\u00c7AIS DE LITUANIE -\u00a0POLITIQUE DE CONFIDENTIALIT\u00c9 ET DE COOKIES Vous avez peut-\u00eatre entendu parler&hellip;","protected":false},"author":2,"featured_media":0,"parent":0,"menu_order":0,"comment_status":"closed","ping_status":"closed","template":"","meta":{"footnotes":""},"class_list":["post-3174","page","type-page","status-publish","hentry"],"yoast_head":"<!-- This site is optimized with the Yoast SEO plugin v23.2 - https:\/\/yoast.com\/wordpress\/plugins\/seo\/ -->\n<title>Mentions l\u00e9gales - IF Lituanie<\/title>\n<meta name=\"robots\" content=\"index, follow, max-snippet:-1, max-image-preview:large, max-video-preview:-1\" \/>\n<link rel=\"canonical\" href=\"https:\/\/www.institutfrancais-lituanie.com\/fr\/mentions-legales\/\" \/>\n<meta property=\"og:locale\" content=\"fr_FR\" \/>\n<meta property=\"og:type\" content=\"article\" \/>\n<meta property=\"og:title\" content=\"Mentions l\u00e9gales - IF Lituanie\" \/>\n<meta property=\"og:url\" content=\"https:\/\/www.institutfrancais-lituanie.com\/fr\/mentions-legales\/\" \/>\n<meta property=\"og:site_name\" content=\"IF Lituanie\" \/>\n<meta property=\"article:publisher\" content=\"https:\/\/www.facebook.com\/prancuzuinstitutas\/\" \/>\n<meta name=\"twitter:card\" content=\"summary_large_image\" \/>\n<meta name=\"twitter:label1\" content=\"Est. reading time\" \/>\n\t<meta name=\"twitter:data1\" content=\"8 minutes\" \/>\n<script type=\"application\/ld+json\" class=\"yoast-schema-graph\">{\"@context\":\"https:\/\/schema.org\",\"@graph\":[{\"@type\":\"WebPage\",\"@id\":\"https:\/\/www.institutfrancais-lituanie.com\/fr\/mentions-legales\/\",\"url\":\"https:\/\/www.institutfrancais-lituanie.com\/fr\/mentions-legales\/\",\"name\":\"Mentions l\u00e9gales - IF Lituanie\",\"isPartOf\":{\"@id\":\"https:\/\/www.institutfrancais-lituanie.com\/fr\/#website\"},\"datePublished\":\"2019-01-22T07:58:52+00:00\",\"dateModified\":\"2019-01-22T07:58:52+00:00\",\"breadcrumb\":{\"@id\":\"https:\/\/www.institutfrancais-lituanie.com\/fr\/mentions-legales\/#breadcrumb\"},\"inLanguage\":\"fr-FR\",\"potentialAction\":[{\"@type\":\"ReadAction\",\"target\":[\"https:\/\/www.institutfrancais-lituanie.com\/fr\/mentions-legales\/\"]}]},{\"@type\":\"BreadcrumbList\",\"@id\":\"https:\/\/www.institutfrancais-lituanie.com\/fr\/mentions-legales\/#breadcrumb\",\"itemListElement\":[{\"@type\":\"ListItem\",\"position\":1,\"name\":\"Home\",\"item\":\"https:\/\/www.institutfrancais-lituanie.com\/fr\/\"},{\"@type\":\"ListItem\",\"position\":2,\"name\":\"Mentions l\u00e9gales\"}]},{\"@type\":\"WebSite\",\"@id\":\"https:\/\/www.institutfrancais-lituanie.com\/fr\/#website\",\"url\":\"https:\/\/www.institutfrancais-lituanie.com\/fr\/\",\"name\":\"IF Lituanie\",\"description\":\"Pranc\u016bz\u0173 kalbos kursai, kult\u016bra, mediateka...\",\"publisher\":{\"@id\":\"https:\/\/www.institutfrancais-lituanie.com\/fr\/#organization\"},\"potentialAction\":[{\"@type\":\"SearchAction\",\"target\":{\"@type\":\"EntryPoint\",\"urlTemplate\":\"https:\/\/www.institutfrancais-lituanie.com\/fr\/?s={search_term_string}\"},\"query-input\":\"required name=search_term_string\"}],\"inLanguage\":\"fr-FR\"},{\"@type\":\"Organization\",\"@id\":\"https:\/\/www.institutfrancais-lituanie.com\/fr\/#organization\",\"name\":\"Pranc\u016bz\u0173 institutas\",\"url\":\"https:\/\/www.institutfrancais-lituanie.com\/fr\/\",\"logo\":{\"@type\":\"ImageObject\",\"inLanguage\":\"fr-FR\",\"@id\":\"https:\/\/www.institutfrancais-lituanie.com\/fr\/#\/schema\/logo\/image\/\",\"url\":\"https:\/\/www.institutfrancais-lituanie.com\/wp-content\/uploads\/2023\/04\/IF_Logo-Lituanie-RVB.jpg\",\"contentUrl\":\"https:\/\/www.institutfrancais-lituanie.com\/wp-content\/uploads\/2023\/04\/IF_Logo-Lituanie-RVB.jpg\",\"width\":827,\"height\":555,\"caption\":\"Pranc\u016bz\u0173 institutas\"},\"image\":{\"@id\":\"https:\/\/www.institutfrancais-lituanie.com\/fr\/#\/schema\/logo\/image\/\"},\"sameAs\":[\"https:\/\/www.facebook.com\/prancuzuinstitutas\/\",\"https:\/\/www.instagram.com\/institut_francais_lituanie\/\"]}]}<\/script>\n<!-- \/ Yoast SEO plugin. -->","yoast_head_json":{"title":"Mentions l\u00e9gales - IF Lituanie","robots":{"index":"index","follow":"follow","max-snippet":"max-snippet:-1","max-image-preview":"max-image-preview:large","max-video-preview":"max-video-preview:-1"},"canonical":"https:\/\/www.institutfrancais-lituanie.com\/fr\/mentions-legales\/","og_locale":"fr_FR","og_type":"article","og_title":"Mentions l\u00e9gales - IF Lituanie","og_url":"https:\/\/www.institutfrancais-lituanie.com\/fr\/mentions-legales\/","og_site_name":"IF Lituanie","article_publisher":"https:\/\/www.facebook.com\/prancuzuinstitutas\/","twitter_card":"summary_large_image","twitter_misc":{"Est. reading time":"8 minutes"},"schema":{"@context":"https:\/\/schema.org","@graph":[{"@type":"WebPage","@id":"https:\/\/www.institutfrancais-lituanie.com\/fr\/mentions-legales\/","url":"https:\/\/www.institutfrancais-lituanie.com\/fr\/mentions-legales\/","name":"Mentions l\u00e9gales - IF Lituanie","isPartOf":{"@id":"https:\/\/www.institutfrancais-lituanie.com\/fr\/#website"},"datePublished":"2019-01-22T07:58:52+00:00","dateModified":"2019-01-22T07:58:52+00:00","breadcrumb":{"@id":"https:\/\/www.institutfrancais-lituanie.com\/fr\/mentions-legales\/#breadcrumb"},"inLanguage":"fr-FR","potentialAction":[{"@type":"ReadAction","target":["https:\/\/www.institutfrancais-lituanie.com\/fr\/mentions-legales\/"]}]},{"@type":"BreadcrumbList","@id":"https:\/\/www.institutfrancais-lituanie.com\/fr\/mentions-legales\/#breadcrumb","itemListElement":[{"@type":"ListItem","position":1,"name":"Home","item":"https:\/\/www.institutfrancais-lituanie.com\/fr\/"},{"@type":"ListItem","position":2,"name":"Mentions l\u00e9gales"}]},{"@type":"WebSite","@id":"https:\/\/www.institutfrancais-lituanie.com\/fr\/#website","url":"https:\/\/www.institutfrancais-lituanie.com\/fr\/","name":"IF Lituanie","description":"Pranc\u016bz\u0173 kalbos kursai, kult\u016bra, mediateka...","publisher":{"@id":"https:\/\/www.institutfrancais-lituanie.com\/fr\/#organization"},"potentialAction":[{"@type":"SearchAction","target":{"@type":"EntryPoint","urlTemplate":"https:\/\/www.institutfrancais-lituanie.com\/fr\/?s={search_term_string}"},"query-input":"required name=search_term_string"}],"inLanguage":"fr-FR"},{"@type":"Organization","@id":"https:\/\/www.institutfrancais-lituanie.com\/fr\/#organization","name":"Pranc\u016bz\u0173 institutas","url":"https:\/\/www.institutfrancais-lituanie.com\/fr\/","logo":{"@type":"ImageObject","inLanguage":"fr-FR","@id":"https:\/\/www.institutfrancais-lituanie.com\/fr\/#\/schema\/logo\/image\/","url":"https:\/\/www.institutfrancais-lituanie.com\/wp-content\/uploads\/2023\/04\/IF_Logo-Lituanie-RVB.jpg","contentUrl":"https:\/\/www.institutfrancais-lituanie.com\/wp-content\/uploads\/2023\/04\/IF_Logo-Lituanie-RVB.jpg","width":827,"height":555,"caption":"Pranc\u016bz\u0173 institutas"},"image":{"@id":"https:\/\/www.institutfrancais-lituanie.com\/fr\/#\/schema\/logo\/image\/"},"sameAs":["https:\/\/www.facebook.com\/prancuzuinstitutas\/","https:\/\/www.instagram.com\/institut_francais_lituanie\/"]}]}},"_links":{"self":[{"href":"https:\/\/www.institutfrancais-lituanie.com\/fr\/wp-json\/wp\/v2\/pages\/3174"}],"collection":[{"href":"https:\/\/www.institutfrancais-lituanie.com\/fr\/wp-json\/wp\/v2\/pages"}],"about":[{"href":"https:\/\/www.institutfrancais-lituanie.com\/fr\/wp-json\/wp\/v2\/types\/page"}],"author":[{"embeddable":true,"href":"https:\/\/www.institutfrancais-lituanie.com\/fr\/wp-json\/wp\/v2\/users\/2"}],"replies":[{"embeddable":true,"href":"https:\/\/www.institutfrancais-lituanie.com\/fr\/wp-json\/wp\/v2\/comments?post=3174"}],"version-history":[{"count":1,"href":"https:\/\/www.institutfrancais-lituanie.com\/fr\/wp-json\/wp\/v2\/pages\/3174\/revisions"}],"predecessor-version":[{"id":3175,"href":"https:\/\/www.institutfrancais-lituanie.com\/fr\/wp-json\/wp\/v2\/pages\/3174\/revisions\/3175"}],"wp:attachment":[{"href":"https:\/\/www.institutfrancais-lituanie.com\/fr\/wp-json\/wp\/v2\/media?parent=3174"}],"curies":[{"name":"wp","href":"https:\/\/api.w.org\/{rel}","templated":true}]}}