{"id":3054,"date":"2019-01-10T14:32:21","date_gmt":"2019-01-10T14:32:21","guid":{"rendered":"http:\/\/institutfrancais-lituanie.com\/?page_id=3054"},"modified":"2024-03-01T10:48:59","modified_gmt":"2024-03-01T10:48:59","slug":"programme-daide-a-la-publication-oscar-milosz-p-a-p","status":"publish","type":"page","link":"https:\/\/www.institutfrancais-lituanie.com\/fr\/mediatheque\/livre-et-ecrit\/programme-daide-a-la-publication-oscar-milosz-p-a-p\/","title":{"rendered":"Programme d\u2019Aide \u00e0 la Publication \u00ab\u00a0Oscar Milosz\u00a0\u00bb (P.A.P)"},"content":{"rendered":"<div class=\"wpb-content-wrapper\"><p>[vc_row][vc_column][vc_column_text]<span style=\"color: #008ac9;\"><b><big>Programme d\u2019Aide \u00e0 la Publication \u00ab\u00a0Oscar Milosz\u00a0\u00bb (P.A.P)<\/big><\/b><\/span><\/p>\n<hr \/>\n<p>Le Programme d\u2019Aide \u00e0 la Publication (P.A.P) est destin\u00e9 \u00e0 apporter un soutien \u00e0 des \u00e9diteurs locaux qui ont une v\u00e9ritable politique \u00e9ditoriale et qui manifestent une volont\u00e9 de publier dans une langue locale des ouvrages d\u00e9j\u00e0 publi\u00e9s en France et non diffus\u00e9s en Lituanie dans toutes les disciplines, litt\u00e9rature, philosophie, art, sciences humaines et sociales, sciences et techniques, en donnant une priorit\u00e9 aux \u00e9crits contemporains.<\/p>\n<p><span style=\"color: #313131;\">Plus de 230 publications d\u2019ouvrages d\u2019auteurs francophones ont \u00e9t\u00e9 soutenues dans le cadre du Programme d\u2019Aide \u00e0 la publication \u00ab Oscar Milosz \u00bb depuis 1998.\u00a0<a href=\"http:\/\/institutfrancais-lituanie.com\/wp-content\/uploads\/2019\/04\/katalogas_web150.pdf\" target=\"_blank\" rel=\"noopener noreferrer\"><u>Catalogue des publications soutenus de 1998 \u00e0 2018.<\/u><\/a><\/span><\/p>\n<p><span style=\"color: #008ac9;\"><b><big>Nature d\u2019aide et paiement :<\/big><\/b><\/span><\/p>\n<p>Les droits ne doivent pas avoir \u00e9t\u00e9 pay\u00e9s au moment de l\u2019appel \u00e0 projet, en revanche, le contrat de cession des droits devra obligatoirement avoir d\u00e9j\u00e0 \u00e9t\u00e9 conclu et sign\u00e9 de part et d\u2019autre. Les \u00e9diteurs lituaniens doivent pr\u00e9venir les \u00e9diteurs fran\u00e7ais de leur d\u00e9p\u00f4t d\u2019une demande d\u2019aide. Le paiement de l\u2019\u00e9diteur fran\u00e7ais pour la cession des droits sera directement effectu\u00e9 par l\u2019Institut fran\u00e7ais \u00e0 Paris. Le paiement de l\u2019\u00e9diteur lituanien pour l\u2019aide \u00e0 la publication par l\u2019Ambassade de France en Lituanie se fera au moment de la publication et apr\u00e8s la signature du contrat portant sur cette aide.<\/p>\n<p><span style=\"color: #008ac9;\"><b><big>Calendrier :<\/big><\/b><\/span><\/p>\n<p>Le d\u00e9p\u00f4t de dossier se passe en deux sessions par an. Les deux dates limites de d\u00e9p\u00f4t des dossiers \u00e0 l\u2019Institut fran\u00e7ais de Lituanie sont :<\/p>\n<p><strong>\u2022 janvier-f\u00e9vrier pour la session de mars (sous r\u00e9serve de modification)<\/strong><br \/>\n<strong>\u2022 mai-juin pour la session d\u2019aout (sous r\u00e9serve de modification)<\/strong><\/p>\n<p><span style=\"color: #008ac9;\"><b><big>Documents \u00e0 pr\u00e9senter :<\/big><\/b><\/span><\/p>\n<p>Pour pouvoir \u00eatre \u00e9tudi\u00e9 en commission, chaque dossier doit imp\u00e9rativement contenir les \u00e9l\u00e9ments suivants :<\/p>\n<p>*\u00a0<a href=\"https:\/\/www.institutfrancais-lituanie.com\/wp-content\/uploads\/2019\/10\/Anketa.docx\" target=\"_blank\" rel=\"noopener noreferrer\">Formulaire<\/a>\u00a0rempli en lituanien ou en fran\u00e7ais ;<br \/>\n* Copie du contrat de cession des droits sign\u00e9 par les \u00e9diteurs fran\u00e7ais et lituanien ;<br \/>\n* Curriculum vitae du traducteur : traductions pr\u00e9c\u00e9dentes, comp\u00e9tences, r\u00e9f\u00e9rences etc. ;<br \/>\n* Budget pr\u00e9visionnel \u00e9quilibr\u00e9 en d\u00e9penses et recettes, exprim\u00e9 en euros, dat\u00e9 et sign\u00e9 par l\u2019\u00e9diteur lituanien en\u00a0<a href=\"https:\/\/www.institutfrancais-lituanie.com\/wp-content\/uploads\/2019\/10\/PAP-budget-vierge-FR.xls\" target=\"_blank\" rel=\"noopener noreferrer\">fran\u00e7ais<\/a>\u00a0ou en\u00a0<a href=\"https:\/\/www.institutfrancais-lituanie.com\/wp-content\/uploads\/2019\/10\/PAP-budget-vierge-ENG.xls\" target=\"_blank\" rel=\"noopener noreferrer\">anglais<\/a>\u00a0;<br \/>\n*\u00a0<a href=\"https:\/\/www.institutfrancais-lituanie.com\/wp-content\/uploads\/2019\/10\/Convention-FR-2019.docx\" target=\"_blank\" rel=\"noopener noreferrer\">Convention<\/a>\u00a0\u00e9tablie par l\u2019Institut fran\u00e7ais \u00e0 Paris, pr\u00e9-remplie et sign\u00e9e par l\u2019\u00e9diteur letton, en deux exemplaires originaux.<\/p>\n<p>Les documents doivent nous \u00eatre envoy\u00e9s (scann\u00e9s) \u00e0 l\u2019adresse\u00a0<a href=\"mailto:publications@prancuzuinstitutas.lt\">publications@prancuzuinstitutas.lt<\/a>. La convention avec l\u2019Institut fran\u00e7ais \u00e0 Paris, doit \u00eatre quand \u00e0 elle pr\u00e9sent\u00e9e en deux exemplaires originaux \u00e0 l\u2019Institut fran\u00e7ais de Lituanie \u00e0 l\u2019attention d\u2019Agn\u0117 Jud\u017eentyt\u0117-\u017dalguvien\u0117.<\/p>\n<p><span style=\"color: #008ac9;\"><b><big>Obligation des \u00e9diteurs :<\/big><\/b><\/span><\/p>\n<p>Les ouvrages ayant obtenu l\u2019aide lors de la session de f\u00e9vrier-mars, doivent para\u00eetre\u00a0<strong>avant le 20 novembre de la m\u00eame ann\u00e9e<\/strong>\u00a0et les ouvrages ayant obtenu l\u2019aide lors de la session de juin-juillet, doivent para\u00eetre\u00a0<strong>avant le 31 mars de l\u2019ann\u00e9e suivante<\/strong>.<\/p>\n<p>L\u2019ouvrage publi\u00e9 doit comporter la mention sur l\u2019aide ainsi que le(s) logo(s) correspondant \u00e0 la nature de l\u2019aide. Pour obtenir le texte de la mention d\u2019aide et le(s) logo(s) s\u2019adresser \u00e0 l\u2019Institut fran\u00e7ais de Lituanie<\/p>\n<p><span style=\"color: #008ac9;\"><b><big>Contacts :<\/big><\/b><\/span><\/p>\n<p><strong>Agn\u0117 Jud\u017eentyt\u0117-\u017dalguvien\u0117<\/strong><br \/>\nT\u00e9l. : (+370 5) 219 96 57 ; (+370 5) 219 96 96<br \/>\n<a href=\"mailto:publications@institutfrancais-lituanie.com\">publications@institutfrancais-lituanie.com<\/a>[\/vc_column_text][\/vc_column][\/vc_row][vc_row][vc_column][vc_basic_grid post_type=&#8221;ids&#8221; element_width=&#8221;6&#8243; grid_id=&#8221;vc_gid:1709290115029-e0114650-dbe0-10&#8243; include=&#8221;11666&#8243;][\/vc_column][\/vc_row]<\/p>\n<\/div>","protected":false},"excerpt":{"rendered":"[vc_row][vc_column][vc_column_text]Programme d\u2019Aide \u00e0 la Publication \u00ab\u00a0Oscar Milosz\u00a0\u00bb (P.A.P) Le Programme d\u2019Aide \u00e0 la Publication (P.A.P)&hellip;","protected":false},"author":2,"featured_media":3080,"parent":2126,"menu_order":0,"comment_status":"closed","ping_status":"closed","template":"page-sidebar.php","meta":{"footnotes":""},"class_list":["post-3054","page","type-page","status-publish","has-post-thumbnail","hentry"],"yoast_head":"<!-- This site is optimized with the Yoast SEO plugin v23.2 - https:\/\/yoast.com\/wordpress\/plugins\/seo\/ -->\n<title>Programme d\u2019Aide \u00e0 la Publication \u00ab\u00a0Oscar Milosz\u00a0\u00bb (P.A.P) - IF Lituanie<\/title>\n<meta name=\"robots\" content=\"index, follow, max-snippet:-1, max-image-preview:large, max-video-preview:-1\" \/>\n<link rel=\"canonical\" href=\"https:\/\/www.institutfrancais-lituanie.com\/fr\/mediatheque\/livre-et-ecrit\/programme-daide-a-la-publication-oscar-milosz-p-a-p\/\" \/>\n<meta property=\"og:locale\" content=\"fr_FR\" \/>\n<meta property=\"og:type\" content=\"article\" \/>\n<meta property=\"og:title\" content=\"Programme d\u2019Aide \u00e0 la Publication \u00ab\u00a0Oscar Milosz\u00a0\u00bb (P.A.P) - IF Lituanie\" \/>\n<meta property=\"og:url\" content=\"https:\/\/www.institutfrancais-lituanie.com\/fr\/mediatheque\/livre-et-ecrit\/programme-daide-a-la-publication-oscar-milosz-p-a-p\/\" \/>\n<meta property=\"og:site_name\" content=\"IF Lituanie\" \/>\n<meta property=\"article:publisher\" content=\"https:\/\/www.facebook.com\/prancuzuinstitutas\/\" \/>\n<meta property=\"article:modified_time\" content=\"2024-03-01T10:48:59+00:00\" \/>\n<meta property=\"og:image\" content=\"https:\/\/www.institutfrancais-lituanie.com\/wp-content\/uploads\/2019\/01\/pap2.jpg\" \/>\n\t<meta property=\"og:image:width\" content=\"1170\" \/>\n\t<meta property=\"og:image:height\" content=\"585\" \/>\n\t<meta property=\"og:image:type\" content=\"image\/jpeg\" \/>\n<meta name=\"twitter:card\" content=\"summary_large_image\" \/>\n<meta name=\"twitter:label1\" content=\"Est. reading time\" \/>\n\t<meta name=\"twitter:data1\" content=\"3 minutes\" \/>\n<script type=\"application\/ld+json\" class=\"yoast-schema-graph\">{\"@context\":\"https:\/\/schema.org\",\"@graph\":[{\"@type\":\"WebPage\",\"@id\":\"https:\/\/www.institutfrancais-lituanie.com\/fr\/mediatheque\/livre-et-ecrit\/programme-daide-a-la-publication-oscar-milosz-p-a-p\/\",\"url\":\"https:\/\/www.institutfrancais-lituanie.com\/fr\/mediatheque\/livre-et-ecrit\/programme-daide-a-la-publication-oscar-milosz-p-a-p\/\",\"name\":\"Programme d\u2019Aide \u00e0 la Publication \u00ab\u00a0Oscar Milosz\u00a0\u00bb (P.A.P) - IF Lituanie\",\"isPartOf\":{\"@id\":\"https:\/\/www.institutfrancais-lituanie.com\/fr\/#website\"},\"primaryImageOfPage\":{\"@id\":\"https:\/\/www.institutfrancais-lituanie.com\/fr\/mediatheque\/livre-et-ecrit\/programme-daide-a-la-publication-oscar-milosz-p-a-p\/#primaryimage\"},\"image\":{\"@id\":\"https:\/\/www.institutfrancais-lituanie.com\/fr\/mediatheque\/livre-et-ecrit\/programme-daide-a-la-publication-oscar-milosz-p-a-p\/#primaryimage\"},\"thumbnailUrl\":\"https:\/\/www.institutfrancais-lituanie.com\/wp-content\/uploads\/2019\/01\/pap2.jpg\",\"datePublished\":\"2019-01-10T14:32:21+00:00\",\"dateModified\":\"2024-03-01T10:48:59+00:00\",\"breadcrumb\":{\"@id\":\"https:\/\/www.institutfrancais-lituanie.com\/fr\/mediatheque\/livre-et-ecrit\/programme-daide-a-la-publication-oscar-milosz-p-a-p\/#breadcrumb\"},\"inLanguage\":\"fr-FR\",\"potentialAction\":[{\"@type\":\"ReadAction\",\"target\":[\"https:\/\/www.institutfrancais-lituanie.com\/fr\/mediatheque\/livre-et-ecrit\/programme-daide-a-la-publication-oscar-milosz-p-a-p\/\"]}]},{\"@type\":\"ImageObject\",\"inLanguage\":\"fr-FR\",\"@id\":\"https:\/\/www.institutfrancais-lituanie.com\/fr\/mediatheque\/livre-et-ecrit\/programme-daide-a-la-publication-oscar-milosz-p-a-p\/#primaryimage\",\"url\":\"https:\/\/www.institutfrancais-lituanie.com\/wp-content\/uploads\/2019\/01\/pap2.jpg\",\"contentUrl\":\"https:\/\/www.institutfrancais-lituanie.com\/wp-content\/uploads\/2019\/01\/pap2.jpg\",\"width\":1170,\"height\":585},{\"@type\":\"BreadcrumbList\",\"@id\":\"https:\/\/www.institutfrancais-lituanie.com\/fr\/mediatheque\/livre-et-ecrit\/programme-daide-a-la-publication-oscar-milosz-p-a-p\/#breadcrumb\",\"itemListElement\":[{\"@type\":\"ListItem\",\"position\":1,\"name\":\"Home\",\"item\":\"https:\/\/www.institutfrancais-lituanie.com\/fr\/\"},{\"@type\":\"ListItem\",\"position\":2,\"name\":\"M\u00e9diath\u00e8que\",\"item\":\"https:\/\/www.institutfrancais-lituanie.com\/fr\/mediatheque\/\"},{\"@type\":\"ListItem\",\"position\":3,\"name\":\"Livre et \u00e9crit\",\"item\":\"https:\/\/www.institutfrancais-lituanie.com\/fr\/mediatheque\/livre-et-ecrit\/\"},{\"@type\":\"ListItem\",\"position\":4,\"name\":\"Programme d\u2019Aide \u00e0 la Publication \u00ab\u00a0Oscar Milosz\u00a0\u00bb (P.A.P)\"}]},{\"@type\":\"WebSite\",\"@id\":\"https:\/\/www.institutfrancais-lituanie.com\/fr\/#website\",\"url\":\"https:\/\/www.institutfrancais-lituanie.com\/fr\/\",\"name\":\"IF Lituanie\",\"description\":\"Pranc\u016bz\u0173 kalbos kursai, kult\u016bra, mediateka...\",\"publisher\":{\"@id\":\"https:\/\/www.institutfrancais-lituanie.com\/fr\/#organization\"},\"potentialAction\":[{\"@type\":\"SearchAction\",\"target\":{\"@type\":\"EntryPoint\",\"urlTemplate\":\"https:\/\/www.institutfrancais-lituanie.com\/fr\/?s={search_term_string}\"},\"query-input\":\"required name=search_term_string\"}],\"inLanguage\":\"fr-FR\"},{\"@type\":\"Organization\",\"@id\":\"https:\/\/www.institutfrancais-lituanie.com\/fr\/#organization\",\"name\":\"Pranc\u016bz\u0173 institutas\",\"url\":\"https:\/\/www.institutfrancais-lituanie.com\/fr\/\",\"logo\":{\"@type\":\"ImageObject\",\"inLanguage\":\"fr-FR\",\"@id\":\"https:\/\/www.institutfrancais-lituanie.com\/fr\/#\/schema\/logo\/image\/\",\"url\":\"https:\/\/www.institutfrancais-lituanie.com\/wp-content\/uploads\/2023\/04\/IF_Logo-Lituanie-RVB.jpg\",\"contentUrl\":\"https:\/\/www.institutfrancais-lituanie.com\/wp-content\/uploads\/2023\/04\/IF_Logo-Lituanie-RVB.jpg\",\"width\":827,\"height\":555,\"caption\":\"Pranc\u016bz\u0173 institutas\"},\"image\":{\"@id\":\"https:\/\/www.institutfrancais-lituanie.com\/fr\/#\/schema\/logo\/image\/\"},\"sameAs\":[\"https:\/\/www.facebook.com\/prancuzuinstitutas\/\",\"https:\/\/www.instagram.com\/institut_francais_lituanie\/\"]}]}<\/script>\n<!-- \/ Yoast SEO plugin. -->","yoast_head_json":{"title":"Programme d\u2019Aide \u00e0 la Publication \u00ab\u00a0Oscar Milosz\u00a0\u00bb (P.A.P) - IF Lituanie","robots":{"index":"index","follow":"follow","max-snippet":"max-snippet:-1","max-image-preview":"max-image-preview:large","max-video-preview":"max-video-preview:-1"},"canonical":"https:\/\/www.institutfrancais-lituanie.com\/fr\/mediatheque\/livre-et-ecrit\/programme-daide-a-la-publication-oscar-milosz-p-a-p\/","og_locale":"fr_FR","og_type":"article","og_title":"Programme d\u2019Aide \u00e0 la Publication \u00ab\u00a0Oscar Milosz\u00a0\u00bb (P.A.P) - IF Lituanie","og_url":"https:\/\/www.institutfrancais-lituanie.com\/fr\/mediatheque\/livre-et-ecrit\/programme-daide-a-la-publication-oscar-milosz-p-a-p\/","og_site_name":"IF Lituanie","article_publisher":"https:\/\/www.facebook.com\/prancuzuinstitutas\/","article_modified_time":"2024-03-01T10:48:59+00:00","og_image":[{"width":1170,"height":585,"url":"https:\/\/www.institutfrancais-lituanie.com\/wp-content\/uploads\/2019\/01\/pap2.jpg","type":"image\/jpeg"}],"twitter_card":"summary_large_image","twitter_misc":{"Est. reading time":"3 minutes"},"schema":{"@context":"https:\/\/schema.org","@graph":[{"@type":"WebPage","@id":"https:\/\/www.institutfrancais-lituanie.com\/fr\/mediatheque\/livre-et-ecrit\/programme-daide-a-la-publication-oscar-milosz-p-a-p\/","url":"https:\/\/www.institutfrancais-lituanie.com\/fr\/mediatheque\/livre-et-ecrit\/programme-daide-a-la-publication-oscar-milosz-p-a-p\/","name":"Programme d\u2019Aide \u00e0 la Publication \u00ab\u00a0Oscar Milosz\u00a0\u00bb (P.A.P) - IF Lituanie","isPartOf":{"@id":"https:\/\/www.institutfrancais-lituanie.com\/fr\/#website"},"primaryImageOfPage":{"@id":"https:\/\/www.institutfrancais-lituanie.com\/fr\/mediatheque\/livre-et-ecrit\/programme-daide-a-la-publication-oscar-milosz-p-a-p\/#primaryimage"},"image":{"@id":"https:\/\/www.institutfrancais-lituanie.com\/fr\/mediatheque\/livre-et-ecrit\/programme-daide-a-la-publication-oscar-milosz-p-a-p\/#primaryimage"},"thumbnailUrl":"https:\/\/www.institutfrancais-lituanie.com\/wp-content\/uploads\/2019\/01\/pap2.jpg","datePublished":"2019-01-10T14:32:21+00:00","dateModified":"2024-03-01T10:48:59+00:00","breadcrumb":{"@id":"https:\/\/www.institutfrancais-lituanie.com\/fr\/mediatheque\/livre-et-ecrit\/programme-daide-a-la-publication-oscar-milosz-p-a-p\/#breadcrumb"},"inLanguage":"fr-FR","potentialAction":[{"@type":"ReadAction","target":["https:\/\/www.institutfrancais-lituanie.com\/fr\/mediatheque\/livre-et-ecrit\/programme-daide-a-la-publication-oscar-milosz-p-a-p\/"]}]},{"@type":"ImageObject","inLanguage":"fr-FR","@id":"https:\/\/www.institutfrancais-lituanie.com\/fr\/mediatheque\/livre-et-ecrit\/programme-daide-a-la-publication-oscar-milosz-p-a-p\/#primaryimage","url":"https:\/\/www.institutfrancais-lituanie.com\/wp-content\/uploads\/2019\/01\/pap2.jpg","contentUrl":"https:\/\/www.institutfrancais-lituanie.com\/wp-content\/uploads\/2019\/01\/pap2.jpg","width":1170,"height":585},{"@type":"BreadcrumbList","@id":"https:\/\/www.institutfrancais-lituanie.com\/fr\/mediatheque\/livre-et-ecrit\/programme-daide-a-la-publication-oscar-milosz-p-a-p\/#breadcrumb","itemListElement":[{"@type":"ListItem","position":1,"name":"Home","item":"https:\/\/www.institutfrancais-lituanie.com\/fr\/"},{"@type":"ListItem","position":2,"name":"M\u00e9diath\u00e8que","item":"https:\/\/www.institutfrancais-lituanie.com\/fr\/mediatheque\/"},{"@type":"ListItem","position":3,"name":"Livre et \u00e9crit","item":"https:\/\/www.institutfrancais-lituanie.com\/fr\/mediatheque\/livre-et-ecrit\/"},{"@type":"ListItem","position":4,"name":"Programme d\u2019Aide \u00e0 la Publication \u00ab\u00a0Oscar Milosz\u00a0\u00bb (P.A.P)"}]},{"@type":"WebSite","@id":"https:\/\/www.institutfrancais-lituanie.com\/fr\/#website","url":"https:\/\/www.institutfrancais-lituanie.com\/fr\/","name":"IF Lituanie","description":"Pranc\u016bz\u0173 kalbos kursai, kult\u016bra, mediateka...","publisher":{"@id":"https:\/\/www.institutfrancais-lituanie.com\/fr\/#organization"},"potentialAction":[{"@type":"SearchAction","target":{"@type":"EntryPoint","urlTemplate":"https:\/\/www.institutfrancais-lituanie.com\/fr\/?s={search_term_string}"},"query-input":"required name=search_term_string"}],"inLanguage":"fr-FR"},{"@type":"Organization","@id":"https:\/\/www.institutfrancais-lituanie.com\/fr\/#organization","name":"Pranc\u016bz\u0173 institutas","url":"https:\/\/www.institutfrancais-lituanie.com\/fr\/","logo":{"@type":"ImageObject","inLanguage":"fr-FR","@id":"https:\/\/www.institutfrancais-lituanie.com\/fr\/#\/schema\/logo\/image\/","url":"https:\/\/www.institutfrancais-lituanie.com\/wp-content\/uploads\/2023\/04\/IF_Logo-Lituanie-RVB.jpg","contentUrl":"https:\/\/www.institutfrancais-lituanie.com\/wp-content\/uploads\/2023\/04\/IF_Logo-Lituanie-RVB.jpg","width":827,"height":555,"caption":"Pranc\u016bz\u0173 institutas"},"image":{"@id":"https:\/\/www.institutfrancais-lituanie.com\/fr\/#\/schema\/logo\/image\/"},"sameAs":["https:\/\/www.facebook.com\/prancuzuinstitutas\/","https:\/\/www.instagram.com\/institut_francais_lituanie\/"]}]}},"_links":{"self":[{"href":"https:\/\/www.institutfrancais-lituanie.com\/fr\/wp-json\/wp\/v2\/pages\/3054"}],"collection":[{"href":"https:\/\/www.institutfrancais-lituanie.com\/fr\/wp-json\/wp\/v2\/pages"}],"about":[{"href":"https:\/\/www.institutfrancais-lituanie.com\/fr\/wp-json\/wp\/v2\/types\/page"}],"author":[{"embeddable":true,"href":"https:\/\/www.institutfrancais-lituanie.com\/fr\/wp-json\/wp\/v2\/users\/2"}],"replies":[{"embeddable":true,"href":"https:\/\/www.institutfrancais-lituanie.com\/fr\/wp-json\/wp\/v2\/comments?post=3054"}],"version-history":[{"count":8,"href":"https:\/\/www.institutfrancais-lituanie.com\/fr\/wp-json\/wp\/v2\/pages\/3054\/revisions"}],"predecessor-version":[{"id":14592,"href":"https:\/\/www.institutfrancais-lituanie.com\/fr\/wp-json\/wp\/v2\/pages\/3054\/revisions\/14592"}],"up":[{"embeddable":true,"href":"https:\/\/www.institutfrancais-lituanie.com\/fr\/wp-json\/wp\/v2\/pages\/2126"}],"wp:featuredmedia":[{"embeddable":true,"href":"https:\/\/www.institutfrancais-lituanie.com\/fr\/wp-json\/wp\/v2\/media\/3080"}],"wp:attachment":[{"href":"https:\/\/www.institutfrancais-lituanie.com\/fr\/wp-json\/wp\/v2\/media?parent=3054"}],"curies":[{"name":"wp","href":"https:\/\/api.w.org\/{rel}","templated":true}]}}