{"id":2251,"date":"2019-01-02T14:49:41","date_gmt":"2019-01-02T14:49:41","guid":{"rendered":"http:\/\/institutfrancais-lituanie.com\/?page_id=2251"},"modified":"2021-10-13T06:29:09","modified_gmt":"2021-10-13T06:29:09","slug":"good-france","status":"publish","type":"page","link":"https:\/\/www.institutfrancais-lituanie.com\/fr\/evenements\/good-france\/","title":{"rendered":"Go\u00fbt de France"},"content":{"rendered":"<div class=\"wpb-content-wrapper\"><p>[vc_row][vc_column][vc_column_text]<\/p>\n<h5><strong>Go\u00fbt de France du 14 au 22 octobre 2021<\/strong><\/h5>\n<p>Go\u00fbt de\/Good France, grande c\u00e9l\u00e9bration de la gastronomie fran\u00e7aise dans l\u2019hexagone et dans le monde entier, revient pour une sixi\u00e8me \u00e9dition ! L\u2019\u00e9v\u00e9nement fera une nouvelle fois rayonner la France sur les 5 continents en liant l\u2019attractivit\u00e9 touristique \u00e0 la valorisation internationale des produits, embl\u00e8mes du patrimoine culinaire fran\u00e7ais.<\/p>\n<p>C\u00e9l\u00e9brant l\u2019univers de la gastronomie, Go\u00fbt de\/Good France 2021 aura l\u2019honneur de mettre la France en lumi\u00e8re \u00e0 travers le monde et plus particuli\u00e8rement le patrimoine culturel et culinaire de l<strong>a r\u00e9gion Centre-Val de Loire.<\/strong><\/p>\n<p>Chef doublement \u00e9toil\u00e9 de La Maison d\u2019\u00e0 c\u00f4t\u00e9 \u00e0 Montlivault, dans le Loir-et-Cher, <strong>Christophe Hay<\/strong> est cette ann\u00e9e l\u2019ambassadeur de Go\u00fbt de\/Good France, dont la 6e \u00e9dition met en valeur et \u00e0 l\u2019honneur la gastronomie en r\u00e9gion Centre-Val de Loire. Form\u00e9 aupr\u00e8s de Paul Bocuse dont il a port\u00e9 la fiert\u00e9 de la cuisine fran\u00e7aise aux Etats-Unis pendant cinq ans, v\u00e9ritable passeur, tr\u00e8s attach\u00e9 \u00e0 la transmission de la culture culinaire, Christophe Hay est le chef de file d\u2019une gastronomie durable et sensible, qui puise son inspiration dans la terre nourrici\u00e8re.<\/p>\n<p>Un \u00e9v\u00e9nement \u00e0 l\u2019initiative du Minist\u00e8re de l\u2019Europe et des Affaires \u00e9trang\u00e8res et d\u2019Alain Ducasse.<\/p>\n<h5><strong>Venue en Lituanie du chef fran\u00e7ais Thomas Parnaud<\/strong><\/h5>\n<p>Le chef Thomas Parnaud est aux commandes des cuisines du Grand Monarque \u00e0 Chartres et notamment du restaurant \u00e9toil\u00e9 le Georges. Le Grand Monarque est plus qu\u2018un h\u00f4tel-restaurant, il s\u2018agit d\u2018une institution. La cr\u00e9ation du lieu remonte \u00e0 1634 o\u00f9 il porte alors le nom de l\u2018Auberge Sainte-Barbe. Le restaurant gastronomique, le Georges, apparait dans le Guide Michelin en 1900 et est \u00e9toil\u00e9 depuis 2009. Thomas Parnaud, aux commandes de la cuisine n\u2019est arriv\u00e9 qu\u2019il y a 2 ans et a su conserver l\u2019\u00e9toile acquise par son pr\u00e9d\u00e9cesseur.<\/p>\n<p><img loading=\"lazy\" decoding=\"async\" class=\"alignnone wp-image-8693 size-medium\" src=\"https:\/\/www.institutfrancais-lituanie.com\/wp-content\/uploads\/2021\/10\/Thomas-Parnaud-300x300.jpg\" alt=\"\" width=\"300\" height=\"300\" srcset=\"https:\/\/www.institutfrancais-lituanie.com\/wp-content\/uploads\/2021\/10\/Thomas-Parnaud-300x300.jpg 300w, https:\/\/www.institutfrancais-lituanie.com\/wp-content\/uploads\/2021\/10\/Thomas-Parnaud-150x150.jpg 150w, https:\/\/www.institutfrancais-lituanie.com\/wp-content\/uploads\/2021\/10\/Thomas-Parnaud.jpg 395w\" sizes=\"(max-width: 300px) 100vw, 300px\" \/><\/p>\n<p>Ce jeune chef de 30 ans tout juste a une enfance atypique. Fils d\u2019un commandant des affaires maritimes, il a toujours voyag\u00e9 au gr\u00e9 des mutations professionnelles de son p\u00e8re (mais toujours en bord de mer). Sa famille est originaire du sud de la France, Bordeaux d\u2019un c\u00f4t\u00e9 et la r\u00e9gion de Perpignan-Collioure de l\u2019autre. D\u2019ailleurs c\u2019est \u00e0 Perpignan qu\u2019il suit les cours de l\u2019\u00c9cole h\u00f4teli\u00e8re. A la sortie, il travaille dans la r\u00e9gion quelques ann\u00e9es notamment chez Lionel Giraud (2 **) qu\u2019il seconde puis passe par Paris chez Jo\u00ebl Robuchon (atelier \u00e9toile) et chez Eric Fr\u00e9chon (Le Bristol et Epicure). Et puis il reprend la cuisine du Grand Monarque \u00e0 la demande des propri\u00e9taires actuels. Il est choisi alors que les 2 autres candidats au poste sont d\u00e9j\u00e0 \u00e9toil\u00e9s.<\/p>\n<h5><strong>Le restaurant &#8220;Med\u017eiotoj\u0173 u\u017eeiga&#8221; \u00e0 Kaunas vous invite au d\u00eener de d\u00e9gustation<\/strong><\/h5>\n<p><strong>Le 21 octobre \u00e0 19 h<\/strong><\/p>\n<p><strong>Restaurant &#8220;<a href=\"https:\/\/www.facebook.com\/medziotojuuzeiga\" target=\"_blank\" rel=\"noopener\">Med\u017eiotoj\u0173 u\u017eeiga<\/a>&#8221; (Rotu\u0161\u0117s a. 10, Kaunas)<\/strong><\/p>\n<p><strong>Menu :<\/strong> D\u00eener d\u00e9gustation de cinq plats (musique et boissons inclus) :<\/p>\n<ul>\n<li>Galantine de canard, mousse de c\u00e8pes<\/li>\n<li>C\u0153ur de cerf, sauce au gorgonzola<\/li>\n<li>Jarret de chevreuil confit aux choux de Bruxelles<\/li>\n<li>Fromages fermiers affin\u00e9s avec confiture de fruits maison<\/li>\n<li>Parfait aux prune et le cognac<\/li>\n<\/ul>\n<h5><a href=\"https:\/\/www.institutfrancais-lituanie.com\/fr\/en-cours\/gout-de-france-2021-films-sur-la-gastronomie\/\" target=\"_blank\" rel=\"noopener\"><strong>Films sur la gastronomie <\/strong><\/a><\/h5>\n<p><strong>Salle de projection de l\u2019Institut fran\u00e7ais<\/strong><\/p>\n<p><strong>Le 20 octobre 2021 \u00e0 18h \u00ab\u00a0\u00c0 la recherche des femmes chefs\u00a0\u00bb, 2016<\/strong><\/p>\n<p>V\u00e9rane Fr\u00e9diani est partie aux quatre coins de la plan\u00e8te \u00e0 la rencontre de femmes chefs qui innovent dans la haute gastronomie, dans la restauration et dans les m\u00e9tiers de bouche. Tout au long du film, on suit ces femmes dans les cuisines des grands restaurants, au sein des \u00e9coles, mais aussi dans la rue avec la street-food qui a le vent en poupe. On croise aussi des sommeli\u00e8res, des activistes, des femmes entrepreneuses qui managent des brigades et se battent au quotidien pour exister dans des sph\u00e8res d\u2019hommes, qui pr\u00f4nent le d\u00e9veloppement durable, l\u2019\u00e9galit\u00e9 et qui souhaitent changer le monde \u00e0 travers leur vision de la gastronomie.<\/p>\n<p><strong><img loading=\"lazy\" decoding=\"async\" class=\"alignnone size-full wp-image-8697\" src=\"https:\/\/www.institutfrancais-lituanie.com\/wp-content\/uploads\/2021\/10\/A-la-recherche-des-femmes-chefs-Affiche.jpg\" alt=\"\" width=\"278\" height=\"371\" srcset=\"https:\/\/www.institutfrancais-lituanie.com\/wp-content\/uploads\/2021\/10\/A-la-recherche-des-femmes-chefs-Affiche.jpg 278w, https:\/\/www.institutfrancais-lituanie.com\/wp-content\/uploads\/2021\/10\/A-la-recherche-des-femmes-chefs-Affiche-225x300.jpg 225w\" sizes=\"(max-width: 278px) 100vw, 278px\" \/><\/strong><\/p>\n<p><strong>Le 21 octobre 2021 \u00e0 18h \u00ab\u00a0Michel Bras\u00a0\u00bb, 2000<\/strong><\/p>\n<p>Laguiole, dans l&#8217;Aveyron, se trouve le restaurant de Michel Bras, l&#8217;un des plus grands cuisiniers fran\u00e7ais. Profond\u00e9ment attach\u00e9 \u00e0 sa terre, l&#8217;Aubrac, ce chef utilise les paysages, les formes et les couleurs de sa r\u00e9gion natale comme source d&#8217;inspiration. Tandis qu&#8217;il livre ses recettes, des similitudes apparaissent entre ses plats et la nature, \u00e0 savoir les grands plateaux verdoyants de l&#8217;Aubrac. Michel Bras se fait po\u00e8te, peintre, musicien lorsqu&#8217;il parle de sa cuisine, de son \u0153uvre. Novatrice, elle ressemble \u00e0 un laboratoire avec toutes les herbes pr\u00e9sentes et les exp\u00e9riences culinaires qui y sont faites mais elle garde toujours un fort rapport au terroir. Chaque assiette transmet une \u00e9motion forte comme la fra\u00eecheur d&#8217;une prairie ou un souvenir d&#8217;enfance.<\/p>\n<p><strong><img loading=\"lazy\" decoding=\"async\" class=\"alignnone size-full wp-image-8695\" src=\"https:\/\/www.institutfrancais-lituanie.com\/wp-content\/uploads\/2021\/10\/Michel-bras-Affiche.jpg\" alt=\"\" width=\"278\" height=\"371\" srcset=\"https:\/\/www.institutfrancais-lituanie.com\/wp-content\/uploads\/2021\/10\/Michel-bras-Affiche.jpg 278w, https:\/\/www.institutfrancais-lituanie.com\/wp-content\/uploads\/2021\/10\/Michel-bras-Affiche-225x300.jpg 225w\" sizes=\"(max-width: 278px) 100vw, 278px\" \/><\/strong><\/p>\n<p><strong>Le\u00a0 23 octobre 2021 \u00e0 12h \u00ab\u00a0Pierre Gagnaire\u00a0\u00bb, 2001<\/strong><\/p>\n<p>Pierre Gagnaire, install\u00e9 rue Balzac \u00e0 Paris, est un cuisinier hors normes. Ce grand Chef cuisinier nous propose une s\u00e9rie d&#8217;improvisations o\u00f9 s&#8217;expriment l&#8217;imagination et la cr\u00e9ation d&#8217;\u0153uvres d&#8217;art culinaires. Nous assistons \u00e0 une v\u00e9ritable performance, pleine de couleurs, de formes et de mati\u00e8res vari\u00e9es. Puis, la course est lanc\u00e9e, en salle les clients commandent, en cuisine le chef et ses cuisiniers s&#8217;activent. Pierre Gagnaire n&#8217;est pas qu&#8217;un cuisinier, il est \u00e0 la fois peintre, sculpteur, travaille \u00e0 la fois le fond et la forme de ses cr\u00e9ations. Il donne une dimension ludique et artistique \u00e0 ses plats, des r\u00e9alisations que l&#8217;on appr\u00e9cie avec une sensibilit\u00e9 proche du regard que l&#8217;on porte sur l&#8217;Art contemporain.<\/p>\n<p><img loading=\"lazy\" decoding=\"async\" class=\"alignnone size-full wp-image-8699\" src=\"https:\/\/www.institutfrancais-lituanie.com\/wp-content\/uploads\/2021\/10\/gagnaire.jpg\" alt=\"\" width=\"192\" height=\"262\" \/>[\/vc_column_text][\/vc_column][\/vc_row][vc_row][vc_column][vc_raw_html]JTNDZGl2JTIwY2xhc3MlM0QlMjJwZW5jaS1ob21lLXBvcHVsYXItcG9zdHMlMjIlM0UlMDklMDklMDklMDklMDklMDklMDklM0NoMiUyMGNsYXNzJTNEJTIyaG9tZS1wdXB1bGFyLXBvc3RzLXRpdGxlJTIyJTNFJTBBJTNDc3BhbiUzRUFyY2hpdmVzJTNDJTJGc3BhbiUzRSUzQyUyRmgyJTNFJTBBJTNDJTJGZGl2JTNF[\/vc_raw_html][\/vc_column][\/vc_row][vc_row][vc_column][vc_basic_grid post_type=&#8221;post&#8221; max_items=&#8221;10&#8243; element_width=&#8221;6&#8243; order=&#8221;ASC&#8221; item=&#8221;3470&#8243; grid_id=&#8221;vc_gid:1634106441562-08338c72-4c29-5&#8243; taxonomies=&#8221;59&#8243;][\/vc_column][\/vc_row]<\/p>\n<\/div>","protected":false},"excerpt":{"rendered":"[vc_row][vc_column][vc_column_text] Go\u00fbt de France du 14 au 22 octobre 2021 Go\u00fbt de\/Good France, grande c\u00e9l\u00e9bration&hellip;","protected":false},"author":2,"featured_media":8796,"parent":2249,"menu_order":0,"comment_status":"closed","ping_status":"closed","template":"page-sidebar.php","meta":{"footnotes":""},"class_list":["post-2251","page","type-page","status-publish","has-post-thumbnail","hentry"],"yoast_head":"<!-- This site is optimized with the Yoast SEO plugin v23.2 - https:\/\/yoast.com\/wordpress\/plugins\/seo\/ -->\n<title>Go\u00fbt de France - IF Lituanie<\/title>\n<meta name=\"robots\" content=\"index, follow, max-snippet:-1, max-image-preview:large, max-video-preview:-1\" \/>\n<link rel=\"canonical\" href=\"https:\/\/www.institutfrancais-lituanie.com\/fr\/evenements\/good-france\/\" \/>\n<meta property=\"og:locale\" content=\"fr_FR\" \/>\n<meta property=\"og:type\" content=\"article\" \/>\n<meta property=\"og:title\" content=\"Go\u00fbt de France - IF Lituanie\" \/>\n<meta property=\"og:url\" content=\"https:\/\/www.institutfrancais-lituanie.com\/fr\/evenements\/good-france\/\" \/>\n<meta property=\"og:site_name\" content=\"IF Lituanie\" \/>\n<meta property=\"article:publisher\" content=\"https:\/\/www.facebook.com\/prancuzuinstitutas\/\" \/>\n<meta property=\"article:modified_time\" content=\"2021-10-13T06:29:09+00:00\" \/>\n<meta property=\"og:image\" content=\"https:\/\/www.institutfrancais-lituanie.com\/wp-content\/uploads\/2021\/10\/Gout-de-France_web-01.jpg\" \/>\n\t<meta property=\"og:image:width\" content=\"1191\" \/>\n\t<meta property=\"og:image:height\" content=\"654\" \/>\n\t<meta property=\"og:image:type\" content=\"image\/jpeg\" \/>\n<meta name=\"twitter:card\" content=\"summary_large_image\" \/>\n<meta name=\"twitter:label1\" content=\"Est. reading time\" \/>\n\t<meta name=\"twitter:data1\" content=\"5 minutes\" \/>\n<script type=\"application\/ld+json\" class=\"yoast-schema-graph\">{\"@context\":\"https:\/\/schema.org\",\"@graph\":[{\"@type\":\"WebPage\",\"@id\":\"https:\/\/www.institutfrancais-lituanie.com\/fr\/evenements\/good-france\/\",\"url\":\"https:\/\/www.institutfrancais-lituanie.com\/fr\/evenements\/good-france\/\",\"name\":\"Go\u00fbt de France - IF Lituanie\",\"isPartOf\":{\"@id\":\"https:\/\/www.institutfrancais-lituanie.com\/fr\/#website\"},\"primaryImageOfPage\":{\"@id\":\"https:\/\/www.institutfrancais-lituanie.com\/fr\/evenements\/good-france\/#primaryimage\"},\"image\":{\"@id\":\"https:\/\/www.institutfrancais-lituanie.com\/fr\/evenements\/good-france\/#primaryimage\"},\"thumbnailUrl\":\"https:\/\/www.institutfrancais-lituanie.com\/wp-content\/uploads\/2021\/10\/Gout-de-France_web-01.jpg\",\"datePublished\":\"2019-01-02T14:49:41+00:00\",\"dateModified\":\"2021-10-13T06:29:09+00:00\",\"breadcrumb\":{\"@id\":\"https:\/\/www.institutfrancais-lituanie.com\/fr\/evenements\/good-france\/#breadcrumb\"},\"inLanguage\":\"fr-FR\",\"potentialAction\":[{\"@type\":\"ReadAction\",\"target\":[\"https:\/\/www.institutfrancais-lituanie.com\/fr\/evenements\/good-france\/\"]}]},{\"@type\":\"ImageObject\",\"inLanguage\":\"fr-FR\",\"@id\":\"https:\/\/www.institutfrancais-lituanie.com\/fr\/evenements\/good-france\/#primaryimage\",\"url\":\"https:\/\/www.institutfrancais-lituanie.com\/wp-content\/uploads\/2021\/10\/Gout-de-France_web-01.jpg\",\"contentUrl\":\"https:\/\/www.institutfrancais-lituanie.com\/wp-content\/uploads\/2021\/10\/Gout-de-France_web-01.jpg\",\"width\":1191,\"height\":654},{\"@type\":\"BreadcrumbList\",\"@id\":\"https:\/\/www.institutfrancais-lituanie.com\/fr\/evenements\/good-france\/#breadcrumb\",\"itemListElement\":[{\"@type\":\"ListItem\",\"position\":1,\"name\":\"Home\",\"item\":\"https:\/\/www.institutfrancais-lituanie.com\/fr\/\"},{\"@type\":\"ListItem\",\"position\":2,\"name\":\"\u00c9v\u00e9nements\",\"item\":\"https:\/\/www.institutfrancais-lituanie.com\/fr\/evenements\/\"},{\"@type\":\"ListItem\",\"position\":3,\"name\":\"Go\u00fbt de France\"}]},{\"@type\":\"WebSite\",\"@id\":\"https:\/\/www.institutfrancais-lituanie.com\/fr\/#website\",\"url\":\"https:\/\/www.institutfrancais-lituanie.com\/fr\/\",\"name\":\"IF Lituanie\",\"description\":\"Pranc\u016bz\u0173 kalbos kursai, kult\u016bra, mediateka...\",\"publisher\":{\"@id\":\"https:\/\/www.institutfrancais-lituanie.com\/fr\/#organization\"},\"potentialAction\":[{\"@type\":\"SearchAction\",\"target\":{\"@type\":\"EntryPoint\",\"urlTemplate\":\"https:\/\/www.institutfrancais-lituanie.com\/fr\/?s={search_term_string}\"},\"query-input\":\"required name=search_term_string\"}],\"inLanguage\":\"fr-FR\"},{\"@type\":\"Organization\",\"@id\":\"https:\/\/www.institutfrancais-lituanie.com\/fr\/#organization\",\"name\":\"Pranc\u016bz\u0173 institutas\",\"url\":\"https:\/\/www.institutfrancais-lituanie.com\/fr\/\",\"logo\":{\"@type\":\"ImageObject\",\"inLanguage\":\"fr-FR\",\"@id\":\"https:\/\/www.institutfrancais-lituanie.com\/fr\/#\/schema\/logo\/image\/\",\"url\":\"https:\/\/www.institutfrancais-lituanie.com\/wp-content\/uploads\/2023\/04\/IF_Logo-Lituanie-RVB.jpg\",\"contentUrl\":\"https:\/\/www.institutfrancais-lituanie.com\/wp-content\/uploads\/2023\/04\/IF_Logo-Lituanie-RVB.jpg\",\"width\":827,\"height\":555,\"caption\":\"Pranc\u016bz\u0173 institutas\"},\"image\":{\"@id\":\"https:\/\/www.institutfrancais-lituanie.com\/fr\/#\/schema\/logo\/image\/\"},\"sameAs\":[\"https:\/\/www.facebook.com\/prancuzuinstitutas\/\",\"https:\/\/www.instagram.com\/institut_francais_lituanie\/\"]}]}<\/script>\n<!-- \/ Yoast SEO plugin. -->","yoast_head_json":{"title":"Go\u00fbt de France - IF Lituanie","robots":{"index":"index","follow":"follow","max-snippet":"max-snippet:-1","max-image-preview":"max-image-preview:large","max-video-preview":"max-video-preview:-1"},"canonical":"https:\/\/www.institutfrancais-lituanie.com\/fr\/evenements\/good-france\/","og_locale":"fr_FR","og_type":"article","og_title":"Go\u00fbt de France - IF Lituanie","og_url":"https:\/\/www.institutfrancais-lituanie.com\/fr\/evenements\/good-france\/","og_site_name":"IF Lituanie","article_publisher":"https:\/\/www.facebook.com\/prancuzuinstitutas\/","article_modified_time":"2021-10-13T06:29:09+00:00","og_image":[{"width":1191,"height":654,"url":"https:\/\/www.institutfrancais-lituanie.com\/wp-content\/uploads\/2021\/10\/Gout-de-France_web-01.jpg","type":"image\/jpeg"}],"twitter_card":"summary_large_image","twitter_misc":{"Est. reading time":"5 minutes"},"schema":{"@context":"https:\/\/schema.org","@graph":[{"@type":"WebPage","@id":"https:\/\/www.institutfrancais-lituanie.com\/fr\/evenements\/good-france\/","url":"https:\/\/www.institutfrancais-lituanie.com\/fr\/evenements\/good-france\/","name":"Go\u00fbt de France - IF Lituanie","isPartOf":{"@id":"https:\/\/www.institutfrancais-lituanie.com\/fr\/#website"},"primaryImageOfPage":{"@id":"https:\/\/www.institutfrancais-lituanie.com\/fr\/evenements\/good-france\/#primaryimage"},"image":{"@id":"https:\/\/www.institutfrancais-lituanie.com\/fr\/evenements\/good-france\/#primaryimage"},"thumbnailUrl":"https:\/\/www.institutfrancais-lituanie.com\/wp-content\/uploads\/2021\/10\/Gout-de-France_web-01.jpg","datePublished":"2019-01-02T14:49:41+00:00","dateModified":"2021-10-13T06:29:09+00:00","breadcrumb":{"@id":"https:\/\/www.institutfrancais-lituanie.com\/fr\/evenements\/good-france\/#breadcrumb"},"inLanguage":"fr-FR","potentialAction":[{"@type":"ReadAction","target":["https:\/\/www.institutfrancais-lituanie.com\/fr\/evenements\/good-france\/"]}]},{"@type":"ImageObject","inLanguage":"fr-FR","@id":"https:\/\/www.institutfrancais-lituanie.com\/fr\/evenements\/good-france\/#primaryimage","url":"https:\/\/www.institutfrancais-lituanie.com\/wp-content\/uploads\/2021\/10\/Gout-de-France_web-01.jpg","contentUrl":"https:\/\/www.institutfrancais-lituanie.com\/wp-content\/uploads\/2021\/10\/Gout-de-France_web-01.jpg","width":1191,"height":654},{"@type":"BreadcrumbList","@id":"https:\/\/www.institutfrancais-lituanie.com\/fr\/evenements\/good-france\/#breadcrumb","itemListElement":[{"@type":"ListItem","position":1,"name":"Home","item":"https:\/\/www.institutfrancais-lituanie.com\/fr\/"},{"@type":"ListItem","position":2,"name":"\u00c9v\u00e9nements","item":"https:\/\/www.institutfrancais-lituanie.com\/fr\/evenements\/"},{"@type":"ListItem","position":3,"name":"Go\u00fbt de France"}]},{"@type":"WebSite","@id":"https:\/\/www.institutfrancais-lituanie.com\/fr\/#website","url":"https:\/\/www.institutfrancais-lituanie.com\/fr\/","name":"IF Lituanie","description":"Pranc\u016bz\u0173 kalbos kursai, kult\u016bra, mediateka...","publisher":{"@id":"https:\/\/www.institutfrancais-lituanie.com\/fr\/#organization"},"potentialAction":[{"@type":"SearchAction","target":{"@type":"EntryPoint","urlTemplate":"https:\/\/www.institutfrancais-lituanie.com\/fr\/?s={search_term_string}"},"query-input":"required name=search_term_string"}],"inLanguage":"fr-FR"},{"@type":"Organization","@id":"https:\/\/www.institutfrancais-lituanie.com\/fr\/#organization","name":"Pranc\u016bz\u0173 institutas","url":"https:\/\/www.institutfrancais-lituanie.com\/fr\/","logo":{"@type":"ImageObject","inLanguage":"fr-FR","@id":"https:\/\/www.institutfrancais-lituanie.com\/fr\/#\/schema\/logo\/image\/","url":"https:\/\/www.institutfrancais-lituanie.com\/wp-content\/uploads\/2023\/04\/IF_Logo-Lituanie-RVB.jpg","contentUrl":"https:\/\/www.institutfrancais-lituanie.com\/wp-content\/uploads\/2023\/04\/IF_Logo-Lituanie-RVB.jpg","width":827,"height":555,"caption":"Pranc\u016bz\u0173 institutas"},"image":{"@id":"https:\/\/www.institutfrancais-lituanie.com\/fr\/#\/schema\/logo\/image\/"},"sameAs":["https:\/\/www.facebook.com\/prancuzuinstitutas\/","https:\/\/www.instagram.com\/institut_francais_lituanie\/"]}]}},"_links":{"self":[{"href":"https:\/\/www.institutfrancais-lituanie.com\/fr\/wp-json\/wp\/v2\/pages\/2251"}],"collection":[{"href":"https:\/\/www.institutfrancais-lituanie.com\/fr\/wp-json\/wp\/v2\/pages"}],"about":[{"href":"https:\/\/www.institutfrancais-lituanie.com\/fr\/wp-json\/wp\/v2\/types\/page"}],"author":[{"embeddable":true,"href":"https:\/\/www.institutfrancais-lituanie.com\/fr\/wp-json\/wp\/v2\/users\/2"}],"replies":[{"embeddable":true,"href":"https:\/\/www.institutfrancais-lituanie.com\/fr\/wp-json\/wp\/v2\/comments?post=2251"}],"version-history":[{"count":20,"href":"https:\/\/www.institutfrancais-lituanie.com\/fr\/wp-json\/wp\/v2\/pages\/2251\/revisions"}],"predecessor-version":[{"id":8805,"href":"https:\/\/www.institutfrancais-lituanie.com\/fr\/wp-json\/wp\/v2\/pages\/2251\/revisions\/8805"}],"up":[{"embeddable":true,"href":"https:\/\/www.institutfrancais-lituanie.com\/fr\/wp-json\/wp\/v2\/pages\/2249"}],"wp:featuredmedia":[{"embeddable":true,"href":"https:\/\/www.institutfrancais-lituanie.com\/fr\/wp-json\/wp\/v2\/media\/8796"}],"wp:attachment":[{"href":"https:\/\/www.institutfrancais-lituanie.com\/fr\/wp-json\/wp\/v2\/media?parent=2251"}],"curies":[{"name":"wp","href":"https:\/\/api.w.org\/{rel}","templated":true}]}}