{"id":2196,"date":"2018-12-21T12:28:25","date_gmt":"2018-12-21T12:28:25","guid":{"rendered":"http:\/\/institutfrancais-lituanie.com\/?page_id=2196"},"modified":"2023-09-04T05:44:50","modified_gmt":"2023-09-04T05:44:50","slug":"bourses-pour-les-doctorants","status":"publish","type":"page","link":"https:\/\/www.institutfrancais-lituanie.com\/fr\/universite-et-recherche-2\/bourses\/bourses-pour-les-doctorants\/","title":{"rendered":"Bourses pour les doctorants"},"content":{"rendered":"<div class=\"wpb-content-wrapper\"><p>[vc_row][vc_column][vc_column_text]<b><big>Objectif :<\/big><\/b><\/p>\n<p>Ces bourses sont destin\u00e9es \u00e0 financer les th\u00e8ses, de pr\u00e9f\u00e9rence en cotutelle. Celles-ci pr\u00e9supposent la d\u00e9signation pr\u00e9alable d\u2019un directeur fran\u00e7ais et d\u2019un directeur lituanien, et, de pr\u00e9f\u00e9rence, un accord interuniversitaire entre \u00e9tablissement lituanien et fran\u00e7ais.<br \/>\nNature de la bourse :<\/p>\n<p>Les bourses pour les doctorants sont de 3 mois par an pendant trois ans. Ces dur\u00e9es peuvent \u00eatre n\u00e9goci\u00e9es en fonction de situations sp\u00e9cifiques. Le montant de la bourse pour le Doctorat est de 770 euros mensuels. Les bourses sont g\u00e9r\u00e9es par Campus France.<\/p>\n<p>Ce type de bourse comprend une couverture sociale, et, s\u2019il y a lieu, le remboursement du billet Paris-Province-Paris. A la demande du boursier, Campus France peut proposer un logement en r\u00e9sidences universitaires. Les frais de transport entre les deux pays restent \u00e0 la charge des boursiers.<\/p>\n<p><b><big>Conditions d\u2019\u00e9ligibilit\u00e9 :<\/big><\/b><\/p>\n<p>\u2022 avoir la nationalit\u00e9 lituanienne<br \/>\n\u2022 pour les doctorants, pr\u00e9f\u00e9rence sera donn\u00e9e \u00e0 ceux qui disposent l\u2019accord de cotutelle sign\u00e9 entre l\u2019institution d\u2019enseignement et\/ou de recherche fran\u00e7aise et lituanienne<br \/>\n\u2022 ne pas \u00eatre d\u00e9j\u00e0 boursier du Gouvernement fran\u00e7ais et ne pas avoir b\u00e9n\u00e9fici\u00e9 d\u2019une bourse du Gouvernement fran\u00e7ais au cours des 2 derni\u00e8res ann\u00e9es.<\/p>\n<p><b><big>Crit\u00e8res d\u2019attribution :<\/big><\/b><\/p>\n<p>Les dossiers sont examin\u00e9s par une Commission de s\u00e9lection qui s\u2019attachera notamment \u00e0 prendre en compte les \u00e9l\u00e9ments suivants :<br \/>\n\u2022 excellence acad\u00e9mique du candidat et qualit\u00e9 du projet de recherche ;<br \/>\n\u2022 plus-value du s\u00e9jour en France pour l\u2019avancement du projet de recherche ;<br \/>\n\u2022 contribution du s\u00e9jour au d\u00e9veloppement de la coop\u00e9ration franco-lituanienne.<\/p>\n<p><b><big>Proc\u00e9dure :<\/big><\/b><\/p>\n<p>Le dossier de candidature se compose des pi\u00e8ces suivantes :<br \/>\n\u2022\u00a0<a href=\"http:\/\/institutfrancais-lituanie.com\/wp-content\/uploads\/2015\/03\/fiche-de-candidature-bgf.doc\" target=\"_blank\" rel=\"noopener\">fiche de candidature<\/a>\u00a0;<br \/>\n\u2022 un curriculum vitae ;<br \/>\n\u2022 deux recommandations d\u2019enseignants ;<br \/>\n\u2022 une attestation du niveau de connaissance du fran\u00e7ais (DALF, TCF, TEF) ;<br \/>\n\u2022 attestation de pr\u00e9-inscription universitaire ou une copie de correspondance attestant de contacts et d\u2019engagements ;<br \/>\n\u2022 les copies des principaux dipl\u00f4mes obtenus.<\/p>\n<p>Le dossier est \u00e0 r\u00e9diger en fran\u00e7ais et \u00e0 renvoyer par courrier \u00e9lectronique ou par envoi postal.<\/p>\n<p><b><big>Calendrier :<\/big><\/b><\/p>\n<p>Les dossiers complets sont \u00e0 renvoyer avant le 1er juin.<\/p>\n<p><b><big>Obligation des candidats :<\/big><\/b><\/p>\n<p>En contrepartie de l\u2019aide accord\u00e9e, les boursiers devront adresser \u00e0 l\u2019Ambassade de France en Lituanie, dans le mois suivant leur retour en France, un compte-rendu \u00e9crit de leur s\u00e9jour en faisant mention, outre de l\u2019avancement de leur projet de recherche, des d\u00e9veloppements attendus de la coop\u00e9ration entre leur \u00e9tablissement lituanien d\u2019origine et fran\u00e7ais d\u2019accueil.[\/vc_column_text][\/vc_column][\/vc_row][vc_row][vc_column][vc_separator][\/vc_column][\/vc_row][vc_row color=&#8221;&#8221; message_box_style=&#8221;standard&#8221; style=&#8221;rounded&#8221; message_box_color=&#8221;info&#8221; icon_type=&#8221;fontawesome&#8221; icon_fontawesome=&#8221;fa fa-envelope&#8221; icon_monosocial=&#8221;vc-mono vc-mono-fivehundredpx&#8221; icon_openiconic=&#8221;&#8221; icon_typicons=&#8221;&#8221; icon_entypo=&#8221;&#8221; icon_linecons=&#8221;&#8221; icon_pixelicons=&#8221;&#8221;][vc_column][vc_message icon_fontawesome=&#8221;&#8221;]<strong>Viktorija Jurkevic-Chiaese<\/strong><br \/>\nviktorija.jurkevic-chiaese@diplomatie.gouv.fr<br \/>\nTel. : + 370 6 530 66 20[\/vc_message][\/vc_column][\/vc_row]<\/p>\n<\/div>","protected":false},"excerpt":{"rendered":"[vc_row][vc_column][vc_column_text]Objectif : Ces bourses sont destin\u00e9es \u00e0 financer les th\u00e8ses, de pr\u00e9f\u00e9rence en cotutelle. Celles-ci&hellip;","protected":false},"author":2,"featured_media":3031,"parent":2188,"menu_order":0,"comment_status":"closed","ping_status":"closed","template":"page-sidebar.php","meta":{"footnotes":""},"class_list":["post-2196","page","type-page","status-publish","has-post-thumbnail","hentry"],"yoast_head":"<!-- This site is optimized with the Yoast SEO plugin v23.2 - https:\/\/yoast.com\/wordpress\/plugins\/seo\/ -->\n<title>Bourses pour les doctorants - IF Lituanie<\/title>\n<meta name=\"robots\" content=\"index, follow, max-snippet:-1, max-image-preview:large, max-video-preview:-1\" \/>\n<link rel=\"canonical\" href=\"https:\/\/www.institutfrancais-lituanie.com\/fr\/universite-et-recherche-2\/bourses\/bourses-pour-les-doctorants\/\" \/>\n<meta property=\"og:locale\" content=\"fr_FR\" \/>\n<meta property=\"og:type\" content=\"article\" \/>\n<meta property=\"og:title\" content=\"Bourses pour les doctorants - IF Lituanie\" \/>\n<meta property=\"og:url\" content=\"https:\/\/www.institutfrancais-lituanie.com\/fr\/universite-et-recherche-2\/bourses\/bourses-pour-les-doctorants\/\" \/>\n<meta property=\"og:site_name\" content=\"IF Lituanie\" \/>\n<meta property=\"article:publisher\" content=\"https:\/\/www.facebook.com\/prancuzuinstitutas\/\" \/>\n<meta property=\"article:modified_time\" content=\"2023-09-04T05:44:50+00:00\" \/>\n<meta property=\"og:image\" content=\"https:\/\/www.institutfrancais-lituanie.com\/wp-content\/uploads\/2019\/01\/doctorants.jpg\" \/>\n\t<meta property=\"og:image:width\" content=\"1170\" \/>\n\t<meta property=\"og:image:height\" content=\"585\" \/>\n\t<meta property=\"og:image:type\" content=\"image\/jpeg\" \/>\n<meta name=\"twitter:card\" content=\"summary_large_image\" \/>\n<meta name=\"twitter:label1\" content=\"Est. reading time\" \/>\n\t<meta name=\"twitter:data1\" content=\"2 minutes\" \/>\n<script type=\"application\/ld+json\" class=\"yoast-schema-graph\">{\"@context\":\"https:\/\/schema.org\",\"@graph\":[{\"@type\":\"WebPage\",\"@id\":\"https:\/\/www.institutfrancais-lituanie.com\/fr\/universite-et-recherche-2\/bourses\/bourses-pour-les-doctorants\/\",\"url\":\"https:\/\/www.institutfrancais-lituanie.com\/fr\/universite-et-recherche-2\/bourses\/bourses-pour-les-doctorants\/\",\"name\":\"Bourses pour les doctorants - IF Lituanie\",\"isPartOf\":{\"@id\":\"https:\/\/www.institutfrancais-lituanie.com\/fr\/#website\"},\"primaryImageOfPage\":{\"@id\":\"https:\/\/www.institutfrancais-lituanie.com\/fr\/universite-et-recherche-2\/bourses\/bourses-pour-les-doctorants\/#primaryimage\"},\"image\":{\"@id\":\"https:\/\/www.institutfrancais-lituanie.com\/fr\/universite-et-recherche-2\/bourses\/bourses-pour-les-doctorants\/#primaryimage\"},\"thumbnailUrl\":\"https:\/\/www.institutfrancais-lituanie.com\/wp-content\/uploads\/2019\/01\/doctorants.jpg\",\"datePublished\":\"2018-12-21T12:28:25+00:00\",\"dateModified\":\"2023-09-04T05:44:50+00:00\",\"breadcrumb\":{\"@id\":\"https:\/\/www.institutfrancais-lituanie.com\/fr\/universite-et-recherche-2\/bourses\/bourses-pour-les-doctorants\/#breadcrumb\"},\"inLanguage\":\"fr-FR\",\"potentialAction\":[{\"@type\":\"ReadAction\",\"target\":[\"https:\/\/www.institutfrancais-lituanie.com\/fr\/universite-et-recherche-2\/bourses\/bourses-pour-les-doctorants\/\"]}]},{\"@type\":\"ImageObject\",\"inLanguage\":\"fr-FR\",\"@id\":\"https:\/\/www.institutfrancais-lituanie.com\/fr\/universite-et-recherche-2\/bourses\/bourses-pour-les-doctorants\/#primaryimage\",\"url\":\"https:\/\/www.institutfrancais-lituanie.com\/wp-content\/uploads\/2019\/01\/doctorants.jpg\",\"contentUrl\":\"https:\/\/www.institutfrancais-lituanie.com\/wp-content\/uploads\/2019\/01\/doctorants.jpg\",\"width\":1170,\"height\":585},{\"@type\":\"BreadcrumbList\",\"@id\":\"https:\/\/www.institutfrancais-lituanie.com\/fr\/universite-et-recherche-2\/bourses\/bourses-pour-les-doctorants\/#breadcrumb\",\"itemListElement\":[{\"@type\":\"ListItem\",\"position\":1,\"name\":\"Home\",\"item\":\"https:\/\/www.institutfrancais-lituanie.com\/fr\/\"},{\"@type\":\"ListItem\",\"position\":2,\"name\":\"Universit\u00e9 et Recherche\",\"item\":\"https:\/\/www.institutfrancais-lituanie.com\/fr\/universite-et-recherche-2\/\"},{\"@type\":\"ListItem\",\"position\":3,\"name\":\"Bourses d&#8217;\u00e9tudes\",\"item\":\"https:\/\/www.institutfrancais-lituanie.com\/fr\/universite-et-recherche-2\/bourses\/\"},{\"@type\":\"ListItem\",\"position\":4,\"name\":\"Bourses pour les doctorants\"}]},{\"@type\":\"WebSite\",\"@id\":\"https:\/\/www.institutfrancais-lituanie.com\/fr\/#website\",\"url\":\"https:\/\/www.institutfrancais-lituanie.com\/fr\/\",\"name\":\"IF Lituanie\",\"description\":\"Pranc\u016bz\u0173 kalbos kursai, kult\u016bra, mediateka...\",\"publisher\":{\"@id\":\"https:\/\/www.institutfrancais-lituanie.com\/fr\/#organization\"},\"potentialAction\":[{\"@type\":\"SearchAction\",\"target\":{\"@type\":\"EntryPoint\",\"urlTemplate\":\"https:\/\/www.institutfrancais-lituanie.com\/fr\/?s={search_term_string}\"},\"query-input\":\"required name=search_term_string\"}],\"inLanguage\":\"fr-FR\"},{\"@type\":\"Organization\",\"@id\":\"https:\/\/www.institutfrancais-lituanie.com\/fr\/#organization\",\"name\":\"Pranc\u016bz\u0173 institutas\",\"url\":\"https:\/\/www.institutfrancais-lituanie.com\/fr\/\",\"logo\":{\"@type\":\"ImageObject\",\"inLanguage\":\"fr-FR\",\"@id\":\"https:\/\/www.institutfrancais-lituanie.com\/fr\/#\/schema\/logo\/image\/\",\"url\":\"https:\/\/www.institutfrancais-lituanie.com\/wp-content\/uploads\/2023\/04\/IF_Logo-Lituanie-RVB.jpg\",\"contentUrl\":\"https:\/\/www.institutfrancais-lituanie.com\/wp-content\/uploads\/2023\/04\/IF_Logo-Lituanie-RVB.jpg\",\"width\":827,\"height\":555,\"caption\":\"Pranc\u016bz\u0173 institutas\"},\"image\":{\"@id\":\"https:\/\/www.institutfrancais-lituanie.com\/fr\/#\/schema\/logo\/image\/\"},\"sameAs\":[\"https:\/\/www.facebook.com\/prancuzuinstitutas\/\",\"https:\/\/www.instagram.com\/institut_francais_lituanie\/\"]}]}<\/script>\n<!-- \/ Yoast SEO plugin. -->","yoast_head_json":{"title":"Bourses pour les doctorants - IF Lituanie","robots":{"index":"index","follow":"follow","max-snippet":"max-snippet:-1","max-image-preview":"max-image-preview:large","max-video-preview":"max-video-preview:-1"},"canonical":"https:\/\/www.institutfrancais-lituanie.com\/fr\/universite-et-recherche-2\/bourses\/bourses-pour-les-doctorants\/","og_locale":"fr_FR","og_type":"article","og_title":"Bourses pour les doctorants - IF Lituanie","og_url":"https:\/\/www.institutfrancais-lituanie.com\/fr\/universite-et-recherche-2\/bourses\/bourses-pour-les-doctorants\/","og_site_name":"IF Lituanie","article_publisher":"https:\/\/www.facebook.com\/prancuzuinstitutas\/","article_modified_time":"2023-09-04T05:44:50+00:00","og_image":[{"width":1170,"height":585,"url":"https:\/\/www.institutfrancais-lituanie.com\/wp-content\/uploads\/2019\/01\/doctorants.jpg","type":"image\/jpeg"}],"twitter_card":"summary_large_image","twitter_misc":{"Est. reading time":"2 minutes"},"schema":{"@context":"https:\/\/schema.org","@graph":[{"@type":"WebPage","@id":"https:\/\/www.institutfrancais-lituanie.com\/fr\/universite-et-recherche-2\/bourses\/bourses-pour-les-doctorants\/","url":"https:\/\/www.institutfrancais-lituanie.com\/fr\/universite-et-recherche-2\/bourses\/bourses-pour-les-doctorants\/","name":"Bourses pour les doctorants - IF Lituanie","isPartOf":{"@id":"https:\/\/www.institutfrancais-lituanie.com\/fr\/#website"},"primaryImageOfPage":{"@id":"https:\/\/www.institutfrancais-lituanie.com\/fr\/universite-et-recherche-2\/bourses\/bourses-pour-les-doctorants\/#primaryimage"},"image":{"@id":"https:\/\/www.institutfrancais-lituanie.com\/fr\/universite-et-recherche-2\/bourses\/bourses-pour-les-doctorants\/#primaryimage"},"thumbnailUrl":"https:\/\/www.institutfrancais-lituanie.com\/wp-content\/uploads\/2019\/01\/doctorants.jpg","datePublished":"2018-12-21T12:28:25+00:00","dateModified":"2023-09-04T05:44:50+00:00","breadcrumb":{"@id":"https:\/\/www.institutfrancais-lituanie.com\/fr\/universite-et-recherche-2\/bourses\/bourses-pour-les-doctorants\/#breadcrumb"},"inLanguage":"fr-FR","potentialAction":[{"@type":"ReadAction","target":["https:\/\/www.institutfrancais-lituanie.com\/fr\/universite-et-recherche-2\/bourses\/bourses-pour-les-doctorants\/"]}]},{"@type":"ImageObject","inLanguage":"fr-FR","@id":"https:\/\/www.institutfrancais-lituanie.com\/fr\/universite-et-recherche-2\/bourses\/bourses-pour-les-doctorants\/#primaryimage","url":"https:\/\/www.institutfrancais-lituanie.com\/wp-content\/uploads\/2019\/01\/doctorants.jpg","contentUrl":"https:\/\/www.institutfrancais-lituanie.com\/wp-content\/uploads\/2019\/01\/doctorants.jpg","width":1170,"height":585},{"@type":"BreadcrumbList","@id":"https:\/\/www.institutfrancais-lituanie.com\/fr\/universite-et-recherche-2\/bourses\/bourses-pour-les-doctorants\/#breadcrumb","itemListElement":[{"@type":"ListItem","position":1,"name":"Home","item":"https:\/\/www.institutfrancais-lituanie.com\/fr\/"},{"@type":"ListItem","position":2,"name":"Universit\u00e9 et Recherche","item":"https:\/\/www.institutfrancais-lituanie.com\/fr\/universite-et-recherche-2\/"},{"@type":"ListItem","position":3,"name":"Bourses d&#8217;\u00e9tudes","item":"https:\/\/www.institutfrancais-lituanie.com\/fr\/universite-et-recherche-2\/bourses\/"},{"@type":"ListItem","position":4,"name":"Bourses pour les doctorants"}]},{"@type":"WebSite","@id":"https:\/\/www.institutfrancais-lituanie.com\/fr\/#website","url":"https:\/\/www.institutfrancais-lituanie.com\/fr\/","name":"IF Lituanie","description":"Pranc\u016bz\u0173 kalbos kursai, kult\u016bra, mediateka...","publisher":{"@id":"https:\/\/www.institutfrancais-lituanie.com\/fr\/#organization"},"potentialAction":[{"@type":"SearchAction","target":{"@type":"EntryPoint","urlTemplate":"https:\/\/www.institutfrancais-lituanie.com\/fr\/?s={search_term_string}"},"query-input":"required name=search_term_string"}],"inLanguage":"fr-FR"},{"@type":"Organization","@id":"https:\/\/www.institutfrancais-lituanie.com\/fr\/#organization","name":"Pranc\u016bz\u0173 institutas","url":"https:\/\/www.institutfrancais-lituanie.com\/fr\/","logo":{"@type":"ImageObject","inLanguage":"fr-FR","@id":"https:\/\/www.institutfrancais-lituanie.com\/fr\/#\/schema\/logo\/image\/","url":"https:\/\/www.institutfrancais-lituanie.com\/wp-content\/uploads\/2023\/04\/IF_Logo-Lituanie-RVB.jpg","contentUrl":"https:\/\/www.institutfrancais-lituanie.com\/wp-content\/uploads\/2023\/04\/IF_Logo-Lituanie-RVB.jpg","width":827,"height":555,"caption":"Pranc\u016bz\u0173 institutas"},"image":{"@id":"https:\/\/www.institutfrancais-lituanie.com\/fr\/#\/schema\/logo\/image\/"},"sameAs":["https:\/\/www.facebook.com\/prancuzuinstitutas\/","https:\/\/www.instagram.com\/institut_francais_lituanie\/"]}]}},"_links":{"self":[{"href":"https:\/\/www.institutfrancais-lituanie.com\/fr\/wp-json\/wp\/v2\/pages\/2196"}],"collection":[{"href":"https:\/\/www.institutfrancais-lituanie.com\/fr\/wp-json\/wp\/v2\/pages"}],"about":[{"href":"https:\/\/www.institutfrancais-lituanie.com\/fr\/wp-json\/wp\/v2\/types\/page"}],"author":[{"embeddable":true,"href":"https:\/\/www.institutfrancais-lituanie.com\/fr\/wp-json\/wp\/v2\/users\/2"}],"replies":[{"embeddable":true,"href":"https:\/\/www.institutfrancais-lituanie.com\/fr\/wp-json\/wp\/v2\/comments?post=2196"}],"version-history":[{"count":6,"href":"https:\/\/www.institutfrancais-lituanie.com\/fr\/wp-json\/wp\/v2\/pages\/2196\/revisions"}],"predecessor-version":[{"id":14131,"href":"https:\/\/www.institutfrancais-lituanie.com\/fr\/wp-json\/wp\/v2\/pages\/2196\/revisions\/14131"}],"up":[{"embeddable":true,"href":"https:\/\/www.institutfrancais-lituanie.com\/fr\/wp-json\/wp\/v2\/pages\/2188"}],"wp:featuredmedia":[{"embeddable":true,"href":"https:\/\/www.institutfrancais-lituanie.com\/fr\/wp-json\/wp\/v2\/media\/3031"}],"wp:attachment":[{"href":"https:\/\/www.institutfrancais-lituanie.com\/fr\/wp-json\/wp\/v2\/media?parent=2196"}],"curies":[{"name":"wp","href":"https:\/\/api.w.org\/{rel}","templated":true}]}}