{"id":2186,"date":"2018-12-21T12:21:52","date_gmt":"2018-12-21T12:21:52","guid":{"rendered":"http:\/\/institutfrancais-lituanie.com\/?page_id=2186"},"modified":"2024-12-19T08:39:15","modified_gmt":"2024-12-19T08:39:15","slug":"etudier-en-france","status":"publish","type":"page","link":"https:\/\/www.institutfrancais-lituanie.com\/fr\/universite-et-recherche-2\/etudier-en-france\/","title":{"rendered":"Etudes en France"},"content":{"rendered":"<div class=\"wpb-content-wrapper\"><p>[vc_row][vc_column][vc_column_text]<strong>L\u2019excellence, la vari\u00e9t\u00e9 et le faible co\u00fbt des \u00e9tudes en France\u00a0 est largement reconnue \u00e0 travers le monde. La France est le quatri\u00e8me pays d\u2019accueil d\u2019\u00e9tudiants \u00e9trangers. On peut y poursuivre des \u00e9tudes en fran\u00e7ais bien entendu mais aussi, dans des disciplines et \u00e0 des niveaux de plus en plus larges, en anglais.<\/strong>[\/vc_column_text][vc_message icon_fontawesome=&#8221;&#8221; css=&#8221;&#8221;]<strong>Viktorija Jurkevic-Chiaese<\/strong><br \/>\n<a href=\"mailto:viktorija.jurkevic-chiaese@institutfrancais-lituanie.com\">viktorija.jurkevic-chiaese@institutfrancais-lituanie.com<\/a><br \/>\nTel. : + 370 6 530 66 20[\/vc_message][\/vc_column][\/vc_row][vc_row][vc_column width=&#8221;1\/2&#8243;][vc_btn title=&#8221;INSCRIPTIONS 1\u00e8re ANN\u00c9E&#8221; shape=&#8221;square&#8221; color=&#8221;juicy-pink&#8221; align=&#8221;center&#8221; button_block=&#8221;true&#8221; src=&#8221;&#8220;http:\/\/institutfrancais-lituanie.com\/wp-content\/uploads\/2019\/02\/icon-arrow-list-white.svg&#8220;&#8221; width=&#8221;&#8220;20&#8220;&#8221; link=&#8221;url:https%3A%2F%2Fwww.parcoursup.fr||target:%20_blank|&#8221;][vc_btn title=&#8221;TROUVER SA FORMATION&#8221; shape=&#8221;square&#8221; color=&#8221;juicy-pink&#8221; align=&#8221;center&#8221; button_block=&#8221;true&#8221; link=&#8221;url:https%3A%2F%2Fwww.campusfrance.org%2Ffr%2Ftrouver-formation-universitaire-France%20||target:%20_blank|&#8221;][\/vc_column][vc_column width=&#8221;1\/2&#8243;][vc_column_text]Le site de r\u00e9f\u00e9rence pour les \u00e9tudes en France est celui de Campus France: <a href=\"http:\/\/www.campusfrance.org\" target=\"_blank\" rel=\"noopener noreferrer\">www.campusfrance.org<\/a>. Vous y trouverez par exemple des fiches explicatives sur les diff\u00e9rents \u00e9tablissements et types de dipl\u00f4mes d\u00e9livr\u00e9s dans les \u00e9tablissements sup\u00e9rieurs fran\u00e7ais.<\/p>\n<p>Et apr\u00e8s vos \u00e9tudes en France&#8230; Rejoignez le r\u00e9seau ! France Alumni (<a href=\"http:\/\/www.francealumni.fr\" target=\"_blank\" rel=\"noopener noreferrer\">http:\/\/www.francealumni.fr<\/a>) , pour les anciens \u00e9tudiants internationaux de l&#8217;enseignement sup\u00e9rieur fran\u00e7ais.<\/p>\n<p>L\u2019Institut fran\u00e7ais en Lituanie est \u00e0 votre disposition pour plus d\u2019informations, prenez rendez-vous avec votre correspondant Campus France.[\/vc_column_text][\/vc_column][\/vc_row][vc_row][vc_column][vc_separator][\/vc_column][\/vc_row][vc_row][vc_column][\/vc_column][\/vc_row][vc_row][vc_column width=&#8221;2\/3&#8243;][vc_single_image image=&#8221;3668&#8243; img_size=&#8221;full&#8221;][\/vc_column][vc_column width=&#8221;1\/3&#8243;][vc_column_text]<\/p>\n<h2>Depuis 25 ans, la France est la premi\u00e8re destination touristique au monde.<\/h2>\n<p>Chaque r\u00e9gion fran\u00e7aise a ses sp\u00e9cificit\u00e9s. En \u00e9tudiant en France, vous pourrez d\u00e9couvrir un pays tr\u00e8s vari\u00e9 au\u00a0 patrimoine riche et multi-culturel.[\/vc_column_text][\/vc_column][\/vc_row][vc_row][vc_column][vc_raw_html]JTNDZGl2JTIwaWQlM0QlMjJzaWRlYmFyJTIyJTIwY2xhc3MlM0QlMjJwZW5jaS1zaWRlYmFyLWNvbnRlbnQlMjBwZW5jaS1zaWRlYmFyLWNvbnRlbnQlMjBwZW5jaS1zaWRlYmFyLWNvbnRlbnQtdmMlMjBzdHlsZS01JTIwcGNhbGlnbi1sZWZ0JTIyJTIwc3R5bGUlM0QlMjJwb3NpdGlvbiUzQSUyMHJlbGF0aXZlJTNCJTIwb3ZlcmZsb3clM0ElMjB2aXNpYmxlJTNCJTIwYm94LXNpemluZyUzQSUyMGJvcmRlci1ib3glM0IlMjBtaW4taGVpZ2h0JTNBJTIwMXB4JTNCJTIyJTNFJTBBJTNDaDQlMjBjbGFzcyUzRCUyMndpZGdldC10aXRsZSUyMHBlbmNpLWJvcmRlci1hcnJvdyUyMiUzRSUzQ3NwYW4lMjBjbGFzcyUzRCUyMmlubmVyLWFycm93JTIyJTNFU2Fsb24lMjBkZSUyMGxhJTIwem9uZSUyMGJhbHRlJTNDJTJGc3BhbiUzRSUzQyUyRmg0JTNFJTBBJTNDJTJGZGl2JTNF[\/vc_raw_html][\/vc_column][\/vc_row][vc_row][vc_column][vc_basic_grid post_type=&#8221;ids&#8221; element_width=&#8221;12&#8243; item=&#8221;3470&#8243; grid_id=&#8221;vc_gid:1734596091037-e298d77a-063f-0&#8243; include=&#8221;7863&#8243;][\/vc_column][\/vc_row][vc_row][vc_column][vc_raw_html]JTNDZGl2JTIwaWQlM0QlMjJzaWRlYmFyJTIyJTIwY2xhc3MlM0QlMjJwZW5jaS1zaWRlYmFyLWNvbnRlbnQlMjBwZW5jaS1zaWRlYmFyLWNvbnRlbnQlMjBwZW5jaS1zaWRlYmFyLWNvbnRlbnQtdmMlMjBzdHlsZS01JTIwcGNhbGlnbi1sZWZ0JTIyJTIwc3R5bGUlM0QlMjJwb3NpdGlvbiUzQSUyMHJlbGF0aXZlJTNCJTIwb3ZlcmZsb3clM0ElMjB2aXNpYmxlJTNCJTIwYm94LXNpemluZyUzQSUyMGJvcmRlci1ib3glM0IlMjBtaW4taGVpZ2h0JTNBJTIwMXB4JTNCJTIyJTNFJTBBJTNDaDQlMjBjbGFzcyUzRCUyMndpZGdldC10aXRsZSUyMHBlbmNpLWJvcmRlci1hcnJvdyUyMiUzRSUzQ3NwYW4lMjBjbGFzcyUzRCUyMmlubmVyLWFycm93JTIyJTNFRXR1ZGVzJTIwZCUyN2FydCUyMGVuJTIwRnJhbmNlJTNDJTJGc3BhbiUzRSUzQyUyRmg0JTNFJTBBJTNDJTJGZGl2JTNF[\/vc_raw_html][\/vc_column][\/vc_row][vc_row][vc_column][vc_single_image image=&#8221;5625&#8243; img_size=&#8221;full&#8221; add_caption=&#8221;yes&#8221; alignment=&#8221;center&#8221; onclick=&#8221;custom_link&#8221; img_link_target=&#8221;_blank&#8221; link=&#8221;https:\/\/www.institutfrancais-lituanie.info\/Art&#8221;][\/vc_column][\/vc_row][vc_row][vc_column][vc_raw_html]JTNDZGl2JTIwaWQlM0QlMjJzaWRlYmFyJTIyJTIwY2xhc3MlM0QlMjJwZW5jaS1zaWRlYmFyLWNvbnRlbnQlMjBwZW5jaS1zaWRlYmFyLWNvbnRlbnQlMjBwZW5jaS1zaWRlYmFyLWNvbnRlbnQtdmMlMjBzdHlsZS01JTIwcGNhbGlnbi1sZWZ0JTIyJTIwc3R5bGUlM0QlMjJwb3NpdGlvbiUzQSUyMHJlbGF0aXZlJTNCJTIwb3ZlcmZsb3clM0ElMjB2aXNpYmxlJTNCJTIwYm94LXNpemluZyUzQSUyMGJvcmRlci1ib3glM0IlMjBtaW4taGVpZ2h0JTNBJTIwMXB4JTNCJTIyJTNFJTBBJTNDaDQlMjBjbGFzcyUzRCUyMndpZGdldC10aXRsZSUyMHBlbmNpLWJvcmRlci1hcnJvdyUyMiUzRSUzQ3NwYW4lMjBjbGFzcyUzRCUyMmlubmVyLWFycm93JTIyJTNFRXR1ZGVzJTIwZGUlMjBnYXN0cm9ub21pZSUyMGVuJTIwRnJhbmNlJTNDJTJGc3BhbiUzRSUzQyUyRmg0JTNFJTBBJTNDJTJGZGl2JTNF[\/vc_raw_html][\/vc_column][\/vc_row][vc_row][vc_column][vc_single_image image=&#8221;3686&#8243; img_size=&#8221;full&#8221; add_caption=&#8221;yes&#8221; alignment=&#8221;center&#8221; onclick=&#8221;custom_link&#8221; img_link_target=&#8221;_blank&#8221; link=&#8221;https:\/\/www.institutfrancais-lituanie.info\/gastronomie&#8221;][\/vc_column][\/vc_row][vc_row][vc_column][vc_raw_html]JTNDZGl2JTIwaWQlM0QlMjJzaWRlYmFyJTIyJTIwY2xhc3MlM0QlMjJwZW5jaS1zaWRlYmFyLWNvbnRlbnQlMjBwZW5jaS1zaWRlYmFyLWNvbnRlbnQlMjBwZW5jaS1zaWRlYmFyLWNvbnRlbnQtdmMlMjBzdHlsZS01JTIwcGNhbGlnbi1sZWZ0JTIyJTIwc3R5bGUlM0QlMjJwb3NpdGlvbiUzQSUyMHJlbGF0aXZlJTNCJTIwb3ZlcmZsb3clM0ElMjB2aXNpYmxlJTNCJTIwYm94LXNpemluZyUzQSUyMGJvcmRlci1ib3glM0IlMjBtaW4taGVpZ2h0JTNBJTIwMXB4JTNCJTIyJTNFJTBBJTNDaDQlMjBjbGFzcyUzRCUyMndpZGdldC10aXRsZSUyMHBlbmNpLWJvcmRlci1hcnJvdyUyMiUzRSUzQ3NwYW4lMjBjbGFzcyUzRCUyMmlubmVyLWFycm93JTIyJTNFVCVDMyVBOW1vaWduYWdlcyUzQyUyRnNwYW4lM0UlM0MlMkZoNCUzRSUwQSUzQyUyRmRpdiUzRQ==[\/vc_raw_html][\/vc_column][\/vc_row]<\/p>\n<\/div>","protected":false},"excerpt":{"rendered":"[vc_row][vc_column][vc_column_text]L\u2019excellence, la vari\u00e9t\u00e9 et le faible co\u00fbt des \u00e9tudes en France\u00a0 est largement reconnue \u00e0&hellip;","protected":false},"author":2,"featured_media":3018,"parent":2176,"menu_order":0,"comment_status":"closed","ping_status":"closed","template":"page-sidebar.php","meta":{"footnotes":""},"class_list":["post-2186","page","type-page","status-publish","has-post-thumbnail","hentry"],"yoast_head":"<!-- This site is optimized with the Yoast SEO plugin v23.2 - https:\/\/yoast.com\/wordpress\/plugins\/seo\/ -->\n<title>Etudes en France - IF Lituanie<\/title>\n<meta name=\"robots\" content=\"index, follow, max-snippet:-1, max-image-preview:large, max-video-preview:-1\" \/>\n<link rel=\"canonical\" href=\"https:\/\/www.institutfrancais-lituanie.com\/fr\/universite-et-recherche-2\/etudier-en-france\/\" \/>\n<meta property=\"og:locale\" content=\"fr_FR\" \/>\n<meta property=\"og:type\" content=\"article\" \/>\n<meta property=\"og:title\" content=\"Etudes en France - IF Lituanie\" \/>\n<meta property=\"og:url\" content=\"https:\/\/www.institutfrancais-lituanie.com\/fr\/universite-et-recherche-2\/etudier-en-france\/\" \/>\n<meta property=\"og:site_name\" content=\"IF Lituanie\" \/>\n<meta property=\"article:publisher\" content=\"https:\/\/www.facebook.com\/prancuzuinstitutas\/\" \/>\n<meta property=\"article:modified_time\" content=\"2024-12-19T08:39:15+00:00\" \/>\n<meta property=\"og:image\" content=\"https:\/\/www.institutfrancais-lituanie.com\/wp-content\/uploads\/2019\/01\/EtudesFrance.jpg\" \/>\n\t<meta property=\"og:image:width\" content=\"1170\" \/>\n\t<meta property=\"og:image:height\" content=\"585\" \/>\n\t<meta property=\"og:image:type\" content=\"image\/jpeg\" \/>\n<meta name=\"twitter:card\" content=\"summary_large_image\" \/>\n<meta name=\"twitter:label1\" content=\"Est. reading time\" \/>\n\t<meta name=\"twitter:data1\" content=\"2 minutes\" \/>\n<script type=\"application\/ld+json\" class=\"yoast-schema-graph\">{\"@context\":\"https:\/\/schema.org\",\"@graph\":[{\"@type\":\"WebPage\",\"@id\":\"https:\/\/www.institutfrancais-lituanie.com\/fr\/universite-et-recherche-2\/etudier-en-france\/\",\"url\":\"https:\/\/www.institutfrancais-lituanie.com\/fr\/universite-et-recherche-2\/etudier-en-france\/\",\"name\":\"Etudes en France - IF Lituanie\",\"isPartOf\":{\"@id\":\"https:\/\/www.institutfrancais-lituanie.com\/fr\/#website\"},\"primaryImageOfPage\":{\"@id\":\"https:\/\/www.institutfrancais-lituanie.com\/fr\/universite-et-recherche-2\/etudier-en-france\/#primaryimage\"},\"image\":{\"@id\":\"https:\/\/www.institutfrancais-lituanie.com\/fr\/universite-et-recherche-2\/etudier-en-france\/#primaryimage\"},\"thumbnailUrl\":\"https:\/\/www.institutfrancais-lituanie.com\/wp-content\/uploads\/2019\/01\/EtudesFrance.jpg\",\"datePublished\":\"2018-12-21T12:21:52+00:00\",\"dateModified\":\"2024-12-19T08:39:15+00:00\",\"breadcrumb\":{\"@id\":\"https:\/\/www.institutfrancais-lituanie.com\/fr\/universite-et-recherche-2\/etudier-en-france\/#breadcrumb\"},\"inLanguage\":\"fr-FR\",\"potentialAction\":[{\"@type\":\"ReadAction\",\"target\":[\"https:\/\/www.institutfrancais-lituanie.com\/fr\/universite-et-recherche-2\/etudier-en-france\/\"]}]},{\"@type\":\"ImageObject\",\"inLanguage\":\"fr-FR\",\"@id\":\"https:\/\/www.institutfrancais-lituanie.com\/fr\/universite-et-recherche-2\/etudier-en-france\/#primaryimage\",\"url\":\"https:\/\/www.institutfrancais-lituanie.com\/wp-content\/uploads\/2019\/01\/EtudesFrance.jpg\",\"contentUrl\":\"https:\/\/www.institutfrancais-lituanie.com\/wp-content\/uploads\/2019\/01\/EtudesFrance.jpg\",\"width\":1170,\"height\":585},{\"@type\":\"BreadcrumbList\",\"@id\":\"https:\/\/www.institutfrancais-lituanie.com\/fr\/universite-et-recherche-2\/etudier-en-france\/#breadcrumb\",\"itemListElement\":[{\"@type\":\"ListItem\",\"position\":1,\"name\":\"Home\",\"item\":\"https:\/\/www.institutfrancais-lituanie.com\/fr\/\"},{\"@type\":\"ListItem\",\"position\":2,\"name\":\"Universit\u00e9 et Recherche\",\"item\":\"https:\/\/www.institutfrancais-lituanie.com\/fr\/universite-et-recherche-2\/\"},{\"@type\":\"ListItem\",\"position\":3,\"name\":\"Etudes en France\"}]},{\"@type\":\"WebSite\",\"@id\":\"https:\/\/www.institutfrancais-lituanie.com\/fr\/#website\",\"url\":\"https:\/\/www.institutfrancais-lituanie.com\/fr\/\",\"name\":\"IF Lituanie\",\"description\":\"Pranc\u016bz\u0173 kalbos kursai, kult\u016bra, mediateka...\",\"publisher\":{\"@id\":\"https:\/\/www.institutfrancais-lituanie.com\/fr\/#organization\"},\"potentialAction\":[{\"@type\":\"SearchAction\",\"target\":{\"@type\":\"EntryPoint\",\"urlTemplate\":\"https:\/\/www.institutfrancais-lituanie.com\/fr\/?s={search_term_string}\"},\"query-input\":\"required name=search_term_string\"}],\"inLanguage\":\"fr-FR\"},{\"@type\":\"Organization\",\"@id\":\"https:\/\/www.institutfrancais-lituanie.com\/fr\/#organization\",\"name\":\"Pranc\u016bz\u0173 institutas\",\"url\":\"https:\/\/www.institutfrancais-lituanie.com\/fr\/\",\"logo\":{\"@type\":\"ImageObject\",\"inLanguage\":\"fr-FR\",\"@id\":\"https:\/\/www.institutfrancais-lituanie.com\/fr\/#\/schema\/logo\/image\/\",\"url\":\"https:\/\/www.institutfrancais-lituanie.com\/wp-content\/uploads\/2023\/04\/IF_Logo-Lituanie-RVB.jpg\",\"contentUrl\":\"https:\/\/www.institutfrancais-lituanie.com\/wp-content\/uploads\/2023\/04\/IF_Logo-Lituanie-RVB.jpg\",\"width\":827,\"height\":555,\"caption\":\"Pranc\u016bz\u0173 institutas\"},\"image\":{\"@id\":\"https:\/\/www.institutfrancais-lituanie.com\/fr\/#\/schema\/logo\/image\/\"},\"sameAs\":[\"https:\/\/www.facebook.com\/prancuzuinstitutas\/\",\"https:\/\/www.instagram.com\/institut_francais_lituanie\/\"]}]}<\/script>\n<!-- \/ Yoast SEO plugin. -->","yoast_head_json":{"title":"Etudes en France - IF Lituanie","robots":{"index":"index","follow":"follow","max-snippet":"max-snippet:-1","max-image-preview":"max-image-preview:large","max-video-preview":"max-video-preview:-1"},"canonical":"https:\/\/www.institutfrancais-lituanie.com\/fr\/universite-et-recherche-2\/etudier-en-france\/","og_locale":"fr_FR","og_type":"article","og_title":"Etudes en France - IF Lituanie","og_url":"https:\/\/www.institutfrancais-lituanie.com\/fr\/universite-et-recherche-2\/etudier-en-france\/","og_site_name":"IF Lituanie","article_publisher":"https:\/\/www.facebook.com\/prancuzuinstitutas\/","article_modified_time":"2024-12-19T08:39:15+00:00","og_image":[{"width":1170,"height":585,"url":"https:\/\/www.institutfrancais-lituanie.com\/wp-content\/uploads\/2019\/01\/EtudesFrance.jpg","type":"image\/jpeg"}],"twitter_card":"summary_large_image","twitter_misc":{"Est. reading time":"2 minutes"},"schema":{"@context":"https:\/\/schema.org","@graph":[{"@type":"WebPage","@id":"https:\/\/www.institutfrancais-lituanie.com\/fr\/universite-et-recherche-2\/etudier-en-france\/","url":"https:\/\/www.institutfrancais-lituanie.com\/fr\/universite-et-recherche-2\/etudier-en-france\/","name":"Etudes en France - IF Lituanie","isPartOf":{"@id":"https:\/\/www.institutfrancais-lituanie.com\/fr\/#website"},"primaryImageOfPage":{"@id":"https:\/\/www.institutfrancais-lituanie.com\/fr\/universite-et-recherche-2\/etudier-en-france\/#primaryimage"},"image":{"@id":"https:\/\/www.institutfrancais-lituanie.com\/fr\/universite-et-recherche-2\/etudier-en-france\/#primaryimage"},"thumbnailUrl":"https:\/\/www.institutfrancais-lituanie.com\/wp-content\/uploads\/2019\/01\/EtudesFrance.jpg","datePublished":"2018-12-21T12:21:52+00:00","dateModified":"2024-12-19T08:39:15+00:00","breadcrumb":{"@id":"https:\/\/www.institutfrancais-lituanie.com\/fr\/universite-et-recherche-2\/etudier-en-france\/#breadcrumb"},"inLanguage":"fr-FR","potentialAction":[{"@type":"ReadAction","target":["https:\/\/www.institutfrancais-lituanie.com\/fr\/universite-et-recherche-2\/etudier-en-france\/"]}]},{"@type":"ImageObject","inLanguage":"fr-FR","@id":"https:\/\/www.institutfrancais-lituanie.com\/fr\/universite-et-recherche-2\/etudier-en-france\/#primaryimage","url":"https:\/\/www.institutfrancais-lituanie.com\/wp-content\/uploads\/2019\/01\/EtudesFrance.jpg","contentUrl":"https:\/\/www.institutfrancais-lituanie.com\/wp-content\/uploads\/2019\/01\/EtudesFrance.jpg","width":1170,"height":585},{"@type":"BreadcrumbList","@id":"https:\/\/www.institutfrancais-lituanie.com\/fr\/universite-et-recherche-2\/etudier-en-france\/#breadcrumb","itemListElement":[{"@type":"ListItem","position":1,"name":"Home","item":"https:\/\/www.institutfrancais-lituanie.com\/fr\/"},{"@type":"ListItem","position":2,"name":"Universit\u00e9 et Recherche","item":"https:\/\/www.institutfrancais-lituanie.com\/fr\/universite-et-recherche-2\/"},{"@type":"ListItem","position":3,"name":"Etudes en France"}]},{"@type":"WebSite","@id":"https:\/\/www.institutfrancais-lituanie.com\/fr\/#website","url":"https:\/\/www.institutfrancais-lituanie.com\/fr\/","name":"IF Lituanie","description":"Pranc\u016bz\u0173 kalbos kursai, kult\u016bra, mediateka...","publisher":{"@id":"https:\/\/www.institutfrancais-lituanie.com\/fr\/#organization"},"potentialAction":[{"@type":"SearchAction","target":{"@type":"EntryPoint","urlTemplate":"https:\/\/www.institutfrancais-lituanie.com\/fr\/?s={search_term_string}"},"query-input":"required name=search_term_string"}],"inLanguage":"fr-FR"},{"@type":"Organization","@id":"https:\/\/www.institutfrancais-lituanie.com\/fr\/#organization","name":"Pranc\u016bz\u0173 institutas","url":"https:\/\/www.institutfrancais-lituanie.com\/fr\/","logo":{"@type":"ImageObject","inLanguage":"fr-FR","@id":"https:\/\/www.institutfrancais-lituanie.com\/fr\/#\/schema\/logo\/image\/","url":"https:\/\/www.institutfrancais-lituanie.com\/wp-content\/uploads\/2023\/04\/IF_Logo-Lituanie-RVB.jpg","contentUrl":"https:\/\/www.institutfrancais-lituanie.com\/wp-content\/uploads\/2023\/04\/IF_Logo-Lituanie-RVB.jpg","width":827,"height":555,"caption":"Pranc\u016bz\u0173 institutas"},"image":{"@id":"https:\/\/www.institutfrancais-lituanie.com\/fr\/#\/schema\/logo\/image\/"},"sameAs":["https:\/\/www.facebook.com\/prancuzuinstitutas\/","https:\/\/www.instagram.com\/institut_francais_lituanie\/"]}]}},"_links":{"self":[{"href":"https:\/\/www.institutfrancais-lituanie.com\/fr\/wp-json\/wp\/v2\/pages\/2186"}],"collection":[{"href":"https:\/\/www.institutfrancais-lituanie.com\/fr\/wp-json\/wp\/v2\/pages"}],"about":[{"href":"https:\/\/www.institutfrancais-lituanie.com\/fr\/wp-json\/wp\/v2\/types\/page"}],"author":[{"embeddable":true,"href":"https:\/\/www.institutfrancais-lituanie.com\/fr\/wp-json\/wp\/v2\/users\/2"}],"replies":[{"embeddable":true,"href":"https:\/\/www.institutfrancais-lituanie.com\/fr\/wp-json\/wp\/v2\/comments?post=2186"}],"version-history":[{"count":49,"href":"https:\/\/www.institutfrancais-lituanie.com\/fr\/wp-json\/wp\/v2\/pages\/2186\/revisions"}],"predecessor-version":[{"id":15846,"href":"https:\/\/www.institutfrancais-lituanie.com\/fr\/wp-json\/wp\/v2\/pages\/2186\/revisions\/15846"}],"up":[{"embeddable":true,"href":"https:\/\/www.institutfrancais-lituanie.com\/fr\/wp-json\/wp\/v2\/pages\/2176"}],"wp:featuredmedia":[{"embeddable":true,"href":"https:\/\/www.institutfrancais-lituanie.com\/fr\/wp-json\/wp\/v2\/media\/3018"}],"wp:attachment":[{"href":"https:\/\/www.institutfrancais-lituanie.com\/fr\/wp-json\/wp\/v2\/media?parent=2186"}],"curies":[{"name":"wp","href":"https:\/\/api.w.org\/{rel}","templated":true}]}}