{"id":2103,"date":"2018-12-05T12:07:09","date_gmt":"2018-12-05T12:07:09","guid":{"rendered":"http:\/\/institutfrancais-lituanie.com\/?page_id=2103"},"modified":"2019-04-04T13:40:13","modified_gmt":"2019-04-04T13:40:13","slug":"expositions-itinerantes","status":"publish","type":"page","link":"https:\/\/www.institutfrancais-lituanie.com\/fr\/mediatheque\/fonds-et-expositions-itinerants\/expositions-itinerantes\/","title":{"rendered":"Expositions itin\u00e9rantes"},"content":{"rendered":"<div class=\"wpb-content-wrapper\"><p>[vc_row][vc_column][vc_column_text]L&#8217;Institut fran\u00e7ais propose p\u00e9riodiquement aux biblioth\u00e8ques lituaniennes des expositions itin\u00e9rantes sur la culture, la litt\u00e9rature, l\u2019art de la France. Ainsi, les biblioth\u00e8ques lituaniennes ont d\u00e9j\u00e0 accueilli les expositions suivantes\u00a0: \u00ab\u00a0Collages de Jacques Pr\u00e9vert \u00bb\u00a0; \u00ab Cyclocolor \u00bb d\u2019Alexandre Cl\u00e9risse\u00a0; exposition de BD de Chlo\u00e9 Cruchaudet\u00a0; \u00ab Guy Delisle, un candide au pays de l\u2019autofiction \u00bb\u00a0; exposition \u00ab Ecole des loisirs \u00bb\u00a0; \u00abLes Hypoth\u00e8ses Astronomiques de Louis-Auguste Blanqui \u00bb etc.[\/vc_column_text][\/vc_column][\/vc_row][vc_row][vc_column][vc_basic_grid post_type=&#8221;ids&#8221; element_width=&#8221;12&#8243; item=&#8221;3470&#8243; grid_id=&#8221;vc_gid:1554377266211-b9576855-1a6f-6&#8243; include=&#8221;4482&#8243;][\/vc_column][\/vc_row][vc_row][vc_column][vc_raw_html]JTNDZGl2JTIwY2xhc3MlM0QlMjJwZW5jaS1ob21lLXBvcHVsYXItcG9zdHMlMjIlM0UlMDklMDklMDklMDklMDklMDklMDklM0NoMiUyMGNsYXNzJTNEJTIyaG9tZS1wdXB1bGFyLXBvc3RzLXRpdGxlJTIyJTNFJTBBJTNDc3BhbiUzRUFyY2hpdmVzJTNDJTJGc3BhbiUzRSUzQyUyRmgyJTNFJTBBJTNDJTJGZGl2JTNF[\/vc_raw_html][\/vc_column][\/vc_row][vc_row][vc_column][vc_basic_grid post_type=&#8221;post&#8221; max_items=&#8221;10&#8243; item=&#8221;1756&#8243; grid_id=&#8221;vc_gid:1554377266213-04897950-a949-5&#8243; taxonomies=&#8221;120&#8243;][\/vc_column][\/vc_row]<\/p>\n<\/div>","protected":false},"excerpt":{"rendered":"[vc_row][vc_column][vc_column_text]L'Institut fran\u00e7ais propose p\u00e9riodiquement aux biblioth\u00e8ques lituaniennes des expositions itin\u00e9rantes sur la culture, la litt\u00e9rature,&hellip;","protected":false},"author":2,"featured_media":4480,"parent":2095,"menu_order":0,"comment_status":"closed","ping_status":"closed","template":"page-sidebar.php","meta":{"footnotes":""},"class_list":["post-2103","page","type-page","status-publish","has-post-thumbnail","hentry"],"yoast_head":"<!-- This site is optimized with the Yoast SEO plugin v23.2 - https:\/\/yoast.com\/wordpress\/plugins\/seo\/ -->\n<title>Expositions itin\u00e9rantes - IF Lituanie<\/title>\n<meta name=\"robots\" content=\"index, follow, max-snippet:-1, max-image-preview:large, max-video-preview:-1\" \/>\n<link rel=\"canonical\" href=\"https:\/\/www.institutfrancais-lituanie.com\/fr\/mediatheque\/fonds-et-expositions-itinerants\/expositions-itinerantes\/\" \/>\n<meta property=\"og:locale\" content=\"fr_FR\" \/>\n<meta property=\"og:type\" content=\"article\" \/>\n<meta property=\"og:title\" content=\"Expositions itin\u00e9rantes - IF Lituanie\" \/>\n<meta property=\"og:url\" content=\"https:\/\/www.institutfrancais-lituanie.com\/fr\/mediatheque\/fonds-et-expositions-itinerants\/expositions-itinerantes\/\" \/>\n<meta property=\"og:site_name\" content=\"IF Lituanie\" \/>\n<meta property=\"article:publisher\" content=\"https:\/\/www.facebook.com\/prancuzuinstitutas\/\" \/>\n<meta property=\"article:modified_time\" content=\"2019-04-04T13:40:13+00:00\" \/>\n<meta property=\"og:image\" content=\"https:\/\/www.institutfrancais-lituanie.com\/wp-content\/uploads\/2019\/04\/perlstein-expo.jpg\" \/>\n\t<meta property=\"og:image:width\" content=\"1170\" \/>\n\t<meta property=\"og:image:height\" content=\"585\" \/>\n\t<meta property=\"og:image:type\" content=\"image\/jpeg\" \/>\n<meta name=\"twitter:card\" content=\"summary_large_image\" \/>\n<meta name=\"twitter:label1\" content=\"Est. reading time\" \/>\n\t<meta name=\"twitter:data1\" content=\"1 minute\" \/>\n<script type=\"application\/ld+json\" class=\"yoast-schema-graph\">{\"@context\":\"https:\/\/schema.org\",\"@graph\":[{\"@type\":\"WebPage\",\"@id\":\"https:\/\/www.institutfrancais-lituanie.com\/fr\/mediatheque\/fonds-et-expositions-itinerants\/expositions-itinerantes\/\",\"url\":\"https:\/\/www.institutfrancais-lituanie.com\/fr\/mediatheque\/fonds-et-expositions-itinerants\/expositions-itinerantes\/\",\"name\":\"Expositions itin\u00e9rantes - IF Lituanie\",\"isPartOf\":{\"@id\":\"https:\/\/www.institutfrancais-lituanie.com\/fr\/#website\"},\"primaryImageOfPage\":{\"@id\":\"https:\/\/www.institutfrancais-lituanie.com\/fr\/mediatheque\/fonds-et-expositions-itinerants\/expositions-itinerantes\/#primaryimage\"},\"image\":{\"@id\":\"https:\/\/www.institutfrancais-lituanie.com\/fr\/mediatheque\/fonds-et-expositions-itinerants\/expositions-itinerantes\/#primaryimage\"},\"thumbnailUrl\":\"https:\/\/www.institutfrancais-lituanie.com\/wp-content\/uploads\/2019\/04\/perlstein-expo.jpg\",\"datePublished\":\"2018-12-05T12:07:09+00:00\",\"dateModified\":\"2019-04-04T13:40:13+00:00\",\"breadcrumb\":{\"@id\":\"https:\/\/www.institutfrancais-lituanie.com\/fr\/mediatheque\/fonds-et-expositions-itinerants\/expositions-itinerantes\/#breadcrumb\"},\"inLanguage\":\"fr-FR\",\"potentialAction\":[{\"@type\":\"ReadAction\",\"target\":[\"https:\/\/www.institutfrancais-lituanie.com\/fr\/mediatheque\/fonds-et-expositions-itinerants\/expositions-itinerantes\/\"]}]},{\"@type\":\"ImageObject\",\"inLanguage\":\"fr-FR\",\"@id\":\"https:\/\/www.institutfrancais-lituanie.com\/fr\/mediatheque\/fonds-et-expositions-itinerants\/expositions-itinerantes\/#primaryimage\",\"url\":\"https:\/\/www.institutfrancais-lituanie.com\/wp-content\/uploads\/2019\/04\/perlstein-expo.jpg\",\"contentUrl\":\"https:\/\/www.institutfrancais-lituanie.com\/wp-content\/uploads\/2019\/04\/perlstein-expo.jpg\",\"width\":1170,\"height\":585},{\"@type\":\"BreadcrumbList\",\"@id\":\"https:\/\/www.institutfrancais-lituanie.com\/fr\/mediatheque\/fonds-et-expositions-itinerants\/expositions-itinerantes\/#breadcrumb\",\"itemListElement\":[{\"@type\":\"ListItem\",\"position\":1,\"name\":\"Home\",\"item\":\"https:\/\/www.institutfrancais-lituanie.com\/fr\/\"},{\"@type\":\"ListItem\",\"position\":2,\"name\":\"M\u00e9diath\u00e8que\",\"item\":\"https:\/\/www.institutfrancais-lituanie.com\/fr\/mediatheque\/\"},{\"@type\":\"ListItem\",\"position\":3,\"name\":\"Fonds et expositions itin\u00e9rants\",\"item\":\"https:\/\/www.institutfrancais-lituanie.com\/fr\/mediatheque\/fonds-et-expositions-itinerants\/\"},{\"@type\":\"ListItem\",\"position\":4,\"name\":\"Expositions itin\u00e9rantes\"}]},{\"@type\":\"WebSite\",\"@id\":\"https:\/\/www.institutfrancais-lituanie.com\/fr\/#website\",\"url\":\"https:\/\/www.institutfrancais-lituanie.com\/fr\/\",\"name\":\"IF Lituanie\",\"description\":\"Pranc\u016bz\u0173 kalbos kursai, kult\u016bra, mediateka...\",\"publisher\":{\"@id\":\"https:\/\/www.institutfrancais-lituanie.com\/fr\/#organization\"},\"potentialAction\":[{\"@type\":\"SearchAction\",\"target\":{\"@type\":\"EntryPoint\",\"urlTemplate\":\"https:\/\/www.institutfrancais-lituanie.com\/fr\/?s={search_term_string}\"},\"query-input\":\"required name=search_term_string\"}],\"inLanguage\":\"fr-FR\"},{\"@type\":\"Organization\",\"@id\":\"https:\/\/www.institutfrancais-lituanie.com\/fr\/#organization\",\"name\":\"Pranc\u016bz\u0173 institutas\",\"url\":\"https:\/\/www.institutfrancais-lituanie.com\/fr\/\",\"logo\":{\"@type\":\"ImageObject\",\"inLanguage\":\"fr-FR\",\"@id\":\"https:\/\/www.institutfrancais-lituanie.com\/fr\/#\/schema\/logo\/image\/\",\"url\":\"https:\/\/www.institutfrancais-lituanie.com\/wp-content\/uploads\/2023\/04\/IF_Logo-Lituanie-RVB.jpg\",\"contentUrl\":\"https:\/\/www.institutfrancais-lituanie.com\/wp-content\/uploads\/2023\/04\/IF_Logo-Lituanie-RVB.jpg\",\"width\":827,\"height\":555,\"caption\":\"Pranc\u016bz\u0173 institutas\"},\"image\":{\"@id\":\"https:\/\/www.institutfrancais-lituanie.com\/fr\/#\/schema\/logo\/image\/\"},\"sameAs\":[\"https:\/\/www.facebook.com\/prancuzuinstitutas\/\",\"https:\/\/www.instagram.com\/institut_francais_lituanie\/\"]}]}<\/script>\n<!-- \/ Yoast SEO plugin. -->","yoast_head_json":{"title":"Expositions itin\u00e9rantes - IF Lituanie","robots":{"index":"index","follow":"follow","max-snippet":"max-snippet:-1","max-image-preview":"max-image-preview:large","max-video-preview":"max-video-preview:-1"},"canonical":"https:\/\/www.institutfrancais-lituanie.com\/fr\/mediatheque\/fonds-et-expositions-itinerants\/expositions-itinerantes\/","og_locale":"fr_FR","og_type":"article","og_title":"Expositions itin\u00e9rantes - IF Lituanie","og_url":"https:\/\/www.institutfrancais-lituanie.com\/fr\/mediatheque\/fonds-et-expositions-itinerants\/expositions-itinerantes\/","og_site_name":"IF Lituanie","article_publisher":"https:\/\/www.facebook.com\/prancuzuinstitutas\/","article_modified_time":"2019-04-04T13:40:13+00:00","og_image":[{"width":1170,"height":585,"url":"https:\/\/www.institutfrancais-lituanie.com\/wp-content\/uploads\/2019\/04\/perlstein-expo.jpg","type":"image\/jpeg"}],"twitter_card":"summary_large_image","twitter_misc":{"Est. reading time":"1 minute"},"schema":{"@context":"https:\/\/schema.org","@graph":[{"@type":"WebPage","@id":"https:\/\/www.institutfrancais-lituanie.com\/fr\/mediatheque\/fonds-et-expositions-itinerants\/expositions-itinerantes\/","url":"https:\/\/www.institutfrancais-lituanie.com\/fr\/mediatheque\/fonds-et-expositions-itinerants\/expositions-itinerantes\/","name":"Expositions itin\u00e9rantes - IF Lituanie","isPartOf":{"@id":"https:\/\/www.institutfrancais-lituanie.com\/fr\/#website"},"primaryImageOfPage":{"@id":"https:\/\/www.institutfrancais-lituanie.com\/fr\/mediatheque\/fonds-et-expositions-itinerants\/expositions-itinerantes\/#primaryimage"},"image":{"@id":"https:\/\/www.institutfrancais-lituanie.com\/fr\/mediatheque\/fonds-et-expositions-itinerants\/expositions-itinerantes\/#primaryimage"},"thumbnailUrl":"https:\/\/www.institutfrancais-lituanie.com\/wp-content\/uploads\/2019\/04\/perlstein-expo.jpg","datePublished":"2018-12-05T12:07:09+00:00","dateModified":"2019-04-04T13:40:13+00:00","breadcrumb":{"@id":"https:\/\/www.institutfrancais-lituanie.com\/fr\/mediatheque\/fonds-et-expositions-itinerants\/expositions-itinerantes\/#breadcrumb"},"inLanguage":"fr-FR","potentialAction":[{"@type":"ReadAction","target":["https:\/\/www.institutfrancais-lituanie.com\/fr\/mediatheque\/fonds-et-expositions-itinerants\/expositions-itinerantes\/"]}]},{"@type":"ImageObject","inLanguage":"fr-FR","@id":"https:\/\/www.institutfrancais-lituanie.com\/fr\/mediatheque\/fonds-et-expositions-itinerants\/expositions-itinerantes\/#primaryimage","url":"https:\/\/www.institutfrancais-lituanie.com\/wp-content\/uploads\/2019\/04\/perlstein-expo.jpg","contentUrl":"https:\/\/www.institutfrancais-lituanie.com\/wp-content\/uploads\/2019\/04\/perlstein-expo.jpg","width":1170,"height":585},{"@type":"BreadcrumbList","@id":"https:\/\/www.institutfrancais-lituanie.com\/fr\/mediatheque\/fonds-et-expositions-itinerants\/expositions-itinerantes\/#breadcrumb","itemListElement":[{"@type":"ListItem","position":1,"name":"Home","item":"https:\/\/www.institutfrancais-lituanie.com\/fr\/"},{"@type":"ListItem","position":2,"name":"M\u00e9diath\u00e8que","item":"https:\/\/www.institutfrancais-lituanie.com\/fr\/mediatheque\/"},{"@type":"ListItem","position":3,"name":"Fonds et expositions itin\u00e9rants","item":"https:\/\/www.institutfrancais-lituanie.com\/fr\/mediatheque\/fonds-et-expositions-itinerants\/"},{"@type":"ListItem","position":4,"name":"Expositions itin\u00e9rantes"}]},{"@type":"WebSite","@id":"https:\/\/www.institutfrancais-lituanie.com\/fr\/#website","url":"https:\/\/www.institutfrancais-lituanie.com\/fr\/","name":"IF Lituanie","description":"Pranc\u016bz\u0173 kalbos kursai, kult\u016bra, mediateka...","publisher":{"@id":"https:\/\/www.institutfrancais-lituanie.com\/fr\/#organization"},"potentialAction":[{"@type":"SearchAction","target":{"@type":"EntryPoint","urlTemplate":"https:\/\/www.institutfrancais-lituanie.com\/fr\/?s={search_term_string}"},"query-input":"required name=search_term_string"}],"inLanguage":"fr-FR"},{"@type":"Organization","@id":"https:\/\/www.institutfrancais-lituanie.com\/fr\/#organization","name":"Pranc\u016bz\u0173 institutas","url":"https:\/\/www.institutfrancais-lituanie.com\/fr\/","logo":{"@type":"ImageObject","inLanguage":"fr-FR","@id":"https:\/\/www.institutfrancais-lituanie.com\/fr\/#\/schema\/logo\/image\/","url":"https:\/\/www.institutfrancais-lituanie.com\/wp-content\/uploads\/2023\/04\/IF_Logo-Lituanie-RVB.jpg","contentUrl":"https:\/\/www.institutfrancais-lituanie.com\/wp-content\/uploads\/2023\/04\/IF_Logo-Lituanie-RVB.jpg","width":827,"height":555,"caption":"Pranc\u016bz\u0173 institutas"},"image":{"@id":"https:\/\/www.institutfrancais-lituanie.com\/fr\/#\/schema\/logo\/image\/"},"sameAs":["https:\/\/www.facebook.com\/prancuzuinstitutas\/","https:\/\/www.instagram.com\/institut_francais_lituanie\/"]}]}},"_links":{"self":[{"href":"https:\/\/www.institutfrancais-lituanie.com\/fr\/wp-json\/wp\/v2\/pages\/2103"}],"collection":[{"href":"https:\/\/www.institutfrancais-lituanie.com\/fr\/wp-json\/wp\/v2\/pages"}],"about":[{"href":"https:\/\/www.institutfrancais-lituanie.com\/fr\/wp-json\/wp\/v2\/types\/page"}],"author":[{"embeddable":true,"href":"https:\/\/www.institutfrancais-lituanie.com\/fr\/wp-json\/wp\/v2\/users\/2"}],"replies":[{"embeddable":true,"href":"https:\/\/www.institutfrancais-lituanie.com\/fr\/wp-json\/wp\/v2\/comments?post=2103"}],"version-history":[{"count":7,"href":"https:\/\/www.institutfrancais-lituanie.com\/fr\/wp-json\/wp\/v2\/pages\/2103\/revisions"}],"predecessor-version":[{"id":4492,"href":"https:\/\/www.institutfrancais-lituanie.com\/fr\/wp-json\/wp\/v2\/pages\/2103\/revisions\/4492"}],"up":[{"embeddable":true,"href":"https:\/\/www.institutfrancais-lituanie.com\/fr\/wp-json\/wp\/v2\/pages\/2095"}],"wp:featuredmedia":[{"embeddable":true,"href":"https:\/\/www.institutfrancais-lituanie.com\/fr\/wp-json\/wp\/v2\/media\/4480"}],"wp:attachment":[{"href":"https:\/\/www.institutfrancais-lituanie.com\/fr\/wp-json\/wp\/v2\/media?parent=2103"}],"curies":[{"name":"wp","href":"https:\/\/api.w.org\/{rel}","templated":true}]}}