{"id":2101,"date":"2018-12-05T11:59:30","date_gmt":"2018-12-05T11:59:30","guid":{"rendered":"http:\/\/institutfrancais-lituanie.com\/?page_id=2101"},"modified":"2019-04-26T13:28:20","modified_gmt":"2019-04-26T13:28:20","slug":"bibliotheque-itinerante","status":"publish","type":"page","link":"https:\/\/www.institutfrancais-lituanie.com\/fr\/mediatheque\/fonds-et-expositions-itinerants\/bibliotheque-itinerante\/","title":{"rendered":"Biblioth\u00e8que itin\u00e9rante"},"content":{"rendered":"<div class=\"wpb-content-wrapper\"><p>[vc_row][vc_column][vc_column_text]<span style=\"color: #008ac9; font-size: 12pt;\"><strong>UN FONDS DE 700 OUVRAGES EN LANGUE FRAN\u00c7AISE<\/strong><\/span><\/p>\n<hr \/>\n<p>\u00ab La Biblioth\u00e8que itin\u00e9rante \u00bb de l\u2019Institut fran\u00e7ais a \u00e9t\u00e9 mis en place en 2008. Tous les ans, son fonds compos\u00e9 de plus de 700 documents en fran\u00e7ais est install\u00e9 dans une ville diff\u00e9rente.<\/p>\n<p>Elle est compos\u00e9e d\u2019ouvrages de th\u00e9matiques diverses et englobant tous les domaines, destin\u00e9s aux personnes apprenant le fran\u00e7ais et francophones. Ce fonds comporte aussi des ouvrages sp\u00e9cialis\u00e9s, destin\u00e9s aux professeurs de fran\u00e7ais. Tous les ouvrages peuvent \u00eatre emprunt\u00e9s.<\/p>\n<p>Jusqu&#8217;au 25 janvier 2020, la Biblioth\u00e8que itin\u00e9rante est de nouveau install\u00e9e dans la Biblioth\u00e8que r\u00e9gionale de Klaip\u0117da I. Simonaityt\u0117 (Herkaus Manto g. 25, Klaip\u0117da). <a href=\"http:\/\/www.klavb.lt\/naujienos\/915-kilnojamoji-knygu-ekspozicija-keliaujanti-prancuzu-biblioteka.html\" target=\"_blank\" rel=\"noopener\">Plus d&#8217;infos<\/a><\/p>\n<p>La BI a d\u00e9j\u00e0 \u00e9t\u00e9 install\u00e9 dans la Biblioth\u00e8que r\u00e9gionale publique de Kaunas, la Biblioth\u00e8que publique d\u2019Alytus Jurgis Kun\u010dinas, la Biblioth\u00e8que r\u00e9gionale publique de Panev\u0117\u017eys Gabriel\u0117 Petkevi\u010dait\u0117-Bit\u0117, la Biblioth\u00e8que r\u00e9gionale publique de Klaip\u0117da Ieva Simonaityt\u0117, la Biblioth\u00e8que r\u00e9gionale publique de \u0160iauliai Povilas Vi\u0161inskis.[\/vc_column_text][\/vc_column][\/vc_row][vc_row][vc_column][vc_single_image image=&#8221;4472&#8243; img_size=&#8221;full&#8221;][\/vc_column][\/vc_row]<\/p>\n<\/div>","protected":false},"excerpt":{"rendered":"[vc_row][vc_column][vc_column_text]UN FONDS DE 700 OUVRAGES EN LANGUE FRAN\u00c7AISE \u00ab La Biblioth\u00e8que itin\u00e9rante \u00bb de l\u2019Institut&hellip;","protected":false},"author":2,"featured_media":4469,"parent":2095,"menu_order":0,"comment_status":"closed","ping_status":"closed","template":"page-sidebar.php","meta":{"footnotes":""},"class_list":["post-2101","page","type-page","status-publish","has-post-thumbnail","hentry"],"yoast_head":"<!-- This site is optimized with the Yoast SEO plugin v23.2 - https:\/\/yoast.com\/wordpress\/plugins\/seo\/ -->\n<title>Biblioth\u00e8que itin\u00e9rante - IF Lituanie<\/title>\n<meta name=\"robots\" content=\"index, follow, max-snippet:-1, max-image-preview:large, max-video-preview:-1\" \/>\n<link rel=\"canonical\" href=\"https:\/\/www.institutfrancais-lituanie.com\/fr\/mediatheque\/fonds-et-expositions-itinerants\/bibliotheque-itinerante\/\" \/>\n<meta property=\"og:locale\" content=\"fr_FR\" \/>\n<meta property=\"og:type\" content=\"article\" \/>\n<meta property=\"og:title\" content=\"Biblioth\u00e8que itin\u00e9rante - IF Lituanie\" \/>\n<meta property=\"og:url\" content=\"https:\/\/www.institutfrancais-lituanie.com\/fr\/mediatheque\/fonds-et-expositions-itinerants\/bibliotheque-itinerante\/\" \/>\n<meta property=\"og:site_name\" content=\"IF Lituanie\" \/>\n<meta property=\"article:publisher\" content=\"https:\/\/www.facebook.com\/prancuzuinstitutas\/\" \/>\n<meta property=\"article:modified_time\" content=\"2019-04-26T13:28:20+00:00\" \/>\n<meta property=\"og:image\" content=\"https:\/\/www.institutfrancais-lituanie.com\/wp-content\/uploads\/2019\/04\/Bib-itinerante.jpg\" \/>\n\t<meta property=\"og:image:width\" content=\"1170\" \/>\n\t<meta property=\"og:image:height\" content=\"585\" \/>\n\t<meta property=\"og:image:type\" content=\"image\/jpeg\" \/>\n<meta name=\"twitter:card\" content=\"summary_large_image\" \/>\n<meta name=\"twitter:label1\" content=\"Est. reading time\" \/>\n\t<meta name=\"twitter:data1\" content=\"1 minute\" \/>\n<script type=\"application\/ld+json\" class=\"yoast-schema-graph\">{\"@context\":\"https:\/\/schema.org\",\"@graph\":[{\"@type\":\"WebPage\",\"@id\":\"https:\/\/www.institutfrancais-lituanie.com\/fr\/mediatheque\/fonds-et-expositions-itinerants\/bibliotheque-itinerante\/\",\"url\":\"https:\/\/www.institutfrancais-lituanie.com\/fr\/mediatheque\/fonds-et-expositions-itinerants\/bibliotheque-itinerante\/\",\"name\":\"Biblioth\u00e8que itin\u00e9rante - IF Lituanie\",\"isPartOf\":{\"@id\":\"https:\/\/www.institutfrancais-lituanie.com\/fr\/#website\"},\"primaryImageOfPage\":{\"@id\":\"https:\/\/www.institutfrancais-lituanie.com\/fr\/mediatheque\/fonds-et-expositions-itinerants\/bibliotheque-itinerante\/#primaryimage\"},\"image\":{\"@id\":\"https:\/\/www.institutfrancais-lituanie.com\/fr\/mediatheque\/fonds-et-expositions-itinerants\/bibliotheque-itinerante\/#primaryimage\"},\"thumbnailUrl\":\"https:\/\/www.institutfrancais-lituanie.com\/wp-content\/uploads\/2019\/04\/Bib-itinerante.jpg\",\"datePublished\":\"2018-12-05T11:59:30+00:00\",\"dateModified\":\"2019-04-26T13:28:20+00:00\",\"breadcrumb\":{\"@id\":\"https:\/\/www.institutfrancais-lituanie.com\/fr\/mediatheque\/fonds-et-expositions-itinerants\/bibliotheque-itinerante\/#breadcrumb\"},\"inLanguage\":\"fr-FR\",\"potentialAction\":[{\"@type\":\"ReadAction\",\"target\":[\"https:\/\/www.institutfrancais-lituanie.com\/fr\/mediatheque\/fonds-et-expositions-itinerants\/bibliotheque-itinerante\/\"]}]},{\"@type\":\"ImageObject\",\"inLanguage\":\"fr-FR\",\"@id\":\"https:\/\/www.institutfrancais-lituanie.com\/fr\/mediatheque\/fonds-et-expositions-itinerants\/bibliotheque-itinerante\/#primaryimage\",\"url\":\"https:\/\/www.institutfrancais-lituanie.com\/wp-content\/uploads\/2019\/04\/Bib-itinerante.jpg\",\"contentUrl\":\"https:\/\/www.institutfrancais-lituanie.com\/wp-content\/uploads\/2019\/04\/Bib-itinerante.jpg\",\"width\":1170,\"height\":585},{\"@type\":\"BreadcrumbList\",\"@id\":\"https:\/\/www.institutfrancais-lituanie.com\/fr\/mediatheque\/fonds-et-expositions-itinerants\/bibliotheque-itinerante\/#breadcrumb\",\"itemListElement\":[{\"@type\":\"ListItem\",\"position\":1,\"name\":\"Home\",\"item\":\"https:\/\/www.institutfrancais-lituanie.com\/fr\/\"},{\"@type\":\"ListItem\",\"position\":2,\"name\":\"M\u00e9diath\u00e8que\",\"item\":\"https:\/\/www.institutfrancais-lituanie.com\/fr\/mediatheque\/\"},{\"@type\":\"ListItem\",\"position\":3,\"name\":\"Fonds et expositions itin\u00e9rants\",\"item\":\"https:\/\/www.institutfrancais-lituanie.com\/fr\/mediatheque\/fonds-et-expositions-itinerants\/\"},{\"@type\":\"ListItem\",\"position\":4,\"name\":\"Biblioth\u00e8que itin\u00e9rante\"}]},{\"@type\":\"WebSite\",\"@id\":\"https:\/\/www.institutfrancais-lituanie.com\/fr\/#website\",\"url\":\"https:\/\/www.institutfrancais-lituanie.com\/fr\/\",\"name\":\"IF Lituanie\",\"description\":\"Pranc\u016bz\u0173 kalbos kursai, kult\u016bra, mediateka...\",\"publisher\":{\"@id\":\"https:\/\/www.institutfrancais-lituanie.com\/fr\/#organization\"},\"potentialAction\":[{\"@type\":\"SearchAction\",\"target\":{\"@type\":\"EntryPoint\",\"urlTemplate\":\"https:\/\/www.institutfrancais-lituanie.com\/fr\/?s={search_term_string}\"},\"query-input\":\"required name=search_term_string\"}],\"inLanguage\":\"fr-FR\"},{\"@type\":\"Organization\",\"@id\":\"https:\/\/www.institutfrancais-lituanie.com\/fr\/#organization\",\"name\":\"Pranc\u016bz\u0173 institutas\",\"url\":\"https:\/\/www.institutfrancais-lituanie.com\/fr\/\",\"logo\":{\"@type\":\"ImageObject\",\"inLanguage\":\"fr-FR\",\"@id\":\"https:\/\/www.institutfrancais-lituanie.com\/fr\/#\/schema\/logo\/image\/\",\"url\":\"https:\/\/www.institutfrancais-lituanie.com\/wp-content\/uploads\/2023\/04\/IF_Logo-Lituanie-RVB.jpg\",\"contentUrl\":\"https:\/\/www.institutfrancais-lituanie.com\/wp-content\/uploads\/2023\/04\/IF_Logo-Lituanie-RVB.jpg\",\"width\":827,\"height\":555,\"caption\":\"Pranc\u016bz\u0173 institutas\"},\"image\":{\"@id\":\"https:\/\/www.institutfrancais-lituanie.com\/fr\/#\/schema\/logo\/image\/\"},\"sameAs\":[\"https:\/\/www.facebook.com\/prancuzuinstitutas\/\",\"https:\/\/www.instagram.com\/institut_francais_lituanie\/\"]}]}<\/script>\n<!-- \/ Yoast SEO plugin. -->","yoast_head_json":{"title":"Biblioth\u00e8que itin\u00e9rante - IF Lituanie","robots":{"index":"index","follow":"follow","max-snippet":"max-snippet:-1","max-image-preview":"max-image-preview:large","max-video-preview":"max-video-preview:-1"},"canonical":"https:\/\/www.institutfrancais-lituanie.com\/fr\/mediatheque\/fonds-et-expositions-itinerants\/bibliotheque-itinerante\/","og_locale":"fr_FR","og_type":"article","og_title":"Biblioth\u00e8que itin\u00e9rante - IF Lituanie","og_url":"https:\/\/www.institutfrancais-lituanie.com\/fr\/mediatheque\/fonds-et-expositions-itinerants\/bibliotheque-itinerante\/","og_site_name":"IF Lituanie","article_publisher":"https:\/\/www.facebook.com\/prancuzuinstitutas\/","article_modified_time":"2019-04-26T13:28:20+00:00","og_image":[{"width":1170,"height":585,"url":"https:\/\/www.institutfrancais-lituanie.com\/wp-content\/uploads\/2019\/04\/Bib-itinerante.jpg","type":"image\/jpeg"}],"twitter_card":"summary_large_image","twitter_misc":{"Est. reading time":"1 minute"},"schema":{"@context":"https:\/\/schema.org","@graph":[{"@type":"WebPage","@id":"https:\/\/www.institutfrancais-lituanie.com\/fr\/mediatheque\/fonds-et-expositions-itinerants\/bibliotheque-itinerante\/","url":"https:\/\/www.institutfrancais-lituanie.com\/fr\/mediatheque\/fonds-et-expositions-itinerants\/bibliotheque-itinerante\/","name":"Biblioth\u00e8que itin\u00e9rante - IF Lituanie","isPartOf":{"@id":"https:\/\/www.institutfrancais-lituanie.com\/fr\/#website"},"primaryImageOfPage":{"@id":"https:\/\/www.institutfrancais-lituanie.com\/fr\/mediatheque\/fonds-et-expositions-itinerants\/bibliotheque-itinerante\/#primaryimage"},"image":{"@id":"https:\/\/www.institutfrancais-lituanie.com\/fr\/mediatheque\/fonds-et-expositions-itinerants\/bibliotheque-itinerante\/#primaryimage"},"thumbnailUrl":"https:\/\/www.institutfrancais-lituanie.com\/wp-content\/uploads\/2019\/04\/Bib-itinerante.jpg","datePublished":"2018-12-05T11:59:30+00:00","dateModified":"2019-04-26T13:28:20+00:00","breadcrumb":{"@id":"https:\/\/www.institutfrancais-lituanie.com\/fr\/mediatheque\/fonds-et-expositions-itinerants\/bibliotheque-itinerante\/#breadcrumb"},"inLanguage":"fr-FR","potentialAction":[{"@type":"ReadAction","target":["https:\/\/www.institutfrancais-lituanie.com\/fr\/mediatheque\/fonds-et-expositions-itinerants\/bibliotheque-itinerante\/"]}]},{"@type":"ImageObject","inLanguage":"fr-FR","@id":"https:\/\/www.institutfrancais-lituanie.com\/fr\/mediatheque\/fonds-et-expositions-itinerants\/bibliotheque-itinerante\/#primaryimage","url":"https:\/\/www.institutfrancais-lituanie.com\/wp-content\/uploads\/2019\/04\/Bib-itinerante.jpg","contentUrl":"https:\/\/www.institutfrancais-lituanie.com\/wp-content\/uploads\/2019\/04\/Bib-itinerante.jpg","width":1170,"height":585},{"@type":"BreadcrumbList","@id":"https:\/\/www.institutfrancais-lituanie.com\/fr\/mediatheque\/fonds-et-expositions-itinerants\/bibliotheque-itinerante\/#breadcrumb","itemListElement":[{"@type":"ListItem","position":1,"name":"Home","item":"https:\/\/www.institutfrancais-lituanie.com\/fr\/"},{"@type":"ListItem","position":2,"name":"M\u00e9diath\u00e8que","item":"https:\/\/www.institutfrancais-lituanie.com\/fr\/mediatheque\/"},{"@type":"ListItem","position":3,"name":"Fonds et expositions itin\u00e9rants","item":"https:\/\/www.institutfrancais-lituanie.com\/fr\/mediatheque\/fonds-et-expositions-itinerants\/"},{"@type":"ListItem","position":4,"name":"Biblioth\u00e8que itin\u00e9rante"}]},{"@type":"WebSite","@id":"https:\/\/www.institutfrancais-lituanie.com\/fr\/#website","url":"https:\/\/www.institutfrancais-lituanie.com\/fr\/","name":"IF Lituanie","description":"Pranc\u016bz\u0173 kalbos kursai, kult\u016bra, mediateka...","publisher":{"@id":"https:\/\/www.institutfrancais-lituanie.com\/fr\/#organization"},"potentialAction":[{"@type":"SearchAction","target":{"@type":"EntryPoint","urlTemplate":"https:\/\/www.institutfrancais-lituanie.com\/fr\/?s={search_term_string}"},"query-input":"required name=search_term_string"}],"inLanguage":"fr-FR"},{"@type":"Organization","@id":"https:\/\/www.institutfrancais-lituanie.com\/fr\/#organization","name":"Pranc\u016bz\u0173 institutas","url":"https:\/\/www.institutfrancais-lituanie.com\/fr\/","logo":{"@type":"ImageObject","inLanguage":"fr-FR","@id":"https:\/\/www.institutfrancais-lituanie.com\/fr\/#\/schema\/logo\/image\/","url":"https:\/\/www.institutfrancais-lituanie.com\/wp-content\/uploads\/2023\/04\/IF_Logo-Lituanie-RVB.jpg","contentUrl":"https:\/\/www.institutfrancais-lituanie.com\/wp-content\/uploads\/2023\/04\/IF_Logo-Lituanie-RVB.jpg","width":827,"height":555,"caption":"Pranc\u016bz\u0173 institutas"},"image":{"@id":"https:\/\/www.institutfrancais-lituanie.com\/fr\/#\/schema\/logo\/image\/"},"sameAs":["https:\/\/www.facebook.com\/prancuzuinstitutas\/","https:\/\/www.instagram.com\/institut_francais_lituanie\/"]}]}},"_links":{"self":[{"href":"https:\/\/www.institutfrancais-lituanie.com\/fr\/wp-json\/wp\/v2\/pages\/2101"}],"collection":[{"href":"https:\/\/www.institutfrancais-lituanie.com\/fr\/wp-json\/wp\/v2\/pages"}],"about":[{"href":"https:\/\/www.institutfrancais-lituanie.com\/fr\/wp-json\/wp\/v2\/types\/page"}],"author":[{"embeddable":true,"href":"https:\/\/www.institutfrancais-lituanie.com\/fr\/wp-json\/wp\/v2\/users\/2"}],"replies":[{"embeddable":true,"href":"https:\/\/www.institutfrancais-lituanie.com\/fr\/wp-json\/wp\/v2\/comments?post=2101"}],"version-history":[{"count":4,"href":"https:\/\/www.institutfrancais-lituanie.com\/fr\/wp-json\/wp\/v2\/pages\/2101\/revisions"}],"predecessor-version":[{"id":4582,"href":"https:\/\/www.institutfrancais-lituanie.com\/fr\/wp-json\/wp\/v2\/pages\/2101\/revisions\/4582"}],"up":[{"embeddable":true,"href":"https:\/\/www.institutfrancais-lituanie.com\/fr\/wp-json\/wp\/v2\/pages\/2095"}],"wp:featuredmedia":[{"embeddable":true,"href":"https:\/\/www.institutfrancais-lituanie.com\/fr\/wp-json\/wp\/v2\/media\/4469"}],"wp:attachment":[{"href":"https:\/\/www.institutfrancais-lituanie.com\/fr\/wp-json\/wp\/v2\/media?parent=2101"}],"curies":[{"name":"wp","href":"https:\/\/api.w.org\/{rel}","templated":true}]}}