{"id":2089,"date":"2018-12-05T10:30:56","date_gmt":"2018-12-05T10:30:56","guid":{"rendered":"http:\/\/institutfrancais-lituanie.com\/?page_id=2089"},"modified":"2026-01-20T09:04:21","modified_gmt":"2026-01-20T09:04:21","slug":"infos-pratiques","status":"publish","type":"page","link":"https:\/\/www.institutfrancais-lituanie.com\/fr\/mediatheque\/infos-pratiques\/","title":{"rendered":"Infos pratiques"},"content":{"rendered":"<div class=\"wpb-content-wrapper\"><p>[vc_row][vc_column][vc_column_text css=&#8221;&#8221;]<span style=\"font-size: 12pt; color: #008ac9;\"><strong>La salle de lecture est libre d\u2019acc\u00e8s \u00e0 tous<\/strong>. <\/span><\/p>\n<hr \/>\n<p>Vous pouvez gratuitement lire les livres, les revues, regarder des films, \u00e9couter de la musique, d\u00e9couvrir les nouveaut\u00e9s de la m\u00e9diath\u00e8que, avoir un acc\u00e8s libre \u00e0 Internet.<\/p>\n<p class=\"spip\"><span style=\"color: #008ac9;\"><b><big>Inscriptions <\/big><\/b><\/span><\/p>\n<p>La carte d\u2019adh\u00e9rent est n\u00e9cessaire pour emprunter des documents et pour obtenir des codes d\u2019acc\u00e8s \u00e0 <a href=\"http:\/\/www.culturetheque.com\" target=\"_blank\" rel=\"noopener\">Cultureth\u00e8que<\/a>. L\u2019inscription se fait \u00e0 l\u2019accueil avec une pi\u00e8ce d\u2019identit\u00e9. Une fiche de renseignement est \u00e0 remplir.<\/p>\n<p class=\"spip\"><span style=\"color: #4b4b4b;\"><b><span style=\"color: #008ac9;\">Les tarifs : <\/span><\/b><\/span><\/p>\n<table style=\"border-style: solid; border-color: #cccccc; width: 100%; height: 173px;\">\n<tbody>\n<tr>\n<td style=\"border-style: solid; border-color: #d1d1d1;\"><span style=\"color: #4b4b4b;\"><span style=\"color: #008ac9;\"><strong class=\"spip\">Tarifs d\u2019inscriptions<\/strong><\/span><\/span><\/td>\n<td style=\"border-style: solid; border-color: #d1d1d1;\"><\/td>\n<\/tr>\n<tr>\n<td style=\"border-style: solid; border-color: #d1d1d1;\"><span style=\"color: #4b4b4b;\">Plein tarif<\/span><\/td>\n<td style=\"border-style: solid; border-color: #d1d1d1;\"><span style=\"color: #4b4b4b;\"><span style=\"color: #4b4b4b;\">15 \u20ac<\/span><\/span><\/td>\n<\/tr>\n<tr>\n<td style=\"border-style: solid; border-color: #d1d1d1;\"><span style=\"color: #4b4b4b;\">\u00c9l\u00e8ves, \u00e9tudiants, professeurs de fran\u00e7ais et retrait\u00e9s <\/span><\/td>\n<td style=\"border-style: solid; border-color: #d1d1d1;\"><span style=\"color: #4b4b4b;\">7,5 \u20ac<\/span><\/td>\n<\/tr>\n<tr>\n<td style=\"border-style: solid; border-color: #d1d1d1;\"><span style=\"color: #4b4b4b;\">Apprenants de fran\u00e7ais inscrits aux sessions de l\u2019Institut<\/span><\/td>\n<td style=\"border-style: solid; border-color: #d1d1d1;\"><span style=\"color: #4b4b4b;\">Gratuit<\/span><\/td>\n<\/tr>\n<tr>\n<td style=\"border-style: solid; border-color: #d1d1d1;\"><\/td>\n<td style=\"border-style: solid; border-color: #d1d1d1;\"><\/td>\n<\/tr>\n<\/tbody>\n<\/table>\n<p>L\u2019inscription, individuelle et nominative, est valable un an \u00e0 partir de la date d\u2019inscription. La perte de la carte d\u2019adh\u00e9rent doit \u00eatre imm\u00e9diatement signal\u00e9e. Toute carte perdue sera factur\u00e9e 2 \u20ac.<\/p>\n<p class=\"spip\"><span style=\"color: #008ac9;\"><b><big>Conditions de pr\u00eat<\/big><\/b><\/span><\/p>\n<p>Tous les documents peuvent \u00eatre emprunt\u00e9s except\u00e9 les dictionnaires, et les documents ayant la mention \u00ab consultation sur place \u00bb comme les magazines du mois en cours et certains livres fragiles (La Pl\u00e9iade).<\/p>\n<p class=\"spip\">Vous avez le droit d\u2019emprunter :<\/p>\n<table style=\"border-style: solid; border-color: #d6d6d6;\">\n<tbody>\n<tr>\n<td style=\"border-style: solid; border-color: #b8b8b8;\"><span style=\"color: #4b4b4b;\"><span style=\"color: #008ac9;\"><strong class=\"spip\">Type de support<\/strong><\/span><\/span><\/td>\n<td style=\"border-style: solid; border-color: #b8b8b8;\"><span style=\"color: #4b4b4b;\"><span style=\"color: #008ac9;\"><strong class=\"spip\">Quantit\u00e9<\/strong><\/span><\/span><\/td>\n<td style=\"border-style: solid; border-color: #b8b8b8;\"><span style=\"color: #4b4b4b;\"><span style=\"color: #008ac9;\"><strong class=\"spip\">Temps de pr\u00eat<\/strong><\/span><\/span><\/td>\n<\/tr>\n<tr>\n<td style=\"border-style: solid; border-color: #b8b8b8;\"><span style=\"color: #4b4b4b;\">Livres<\/span><\/td>\n<td style=\"border-style: solid; border-color: #b8b8b8;\">5<\/td>\n<td style=\"border-style: solid; border-color: #b8b8b8;\"><span style=\"color: #4b4b4b;\">3 semaines<\/span><\/td>\n<\/tr>\n<tr>\n<td style=\"border-style: solid; border-color: #b8b8b8;\"><span style=\"color: #4b4b4b;\">Magazines<\/span><\/td>\n<td style=\"border-style: solid; border-color: #b8b8b8;\">5<\/td>\n<td style=\"border-style: solid; border-color: #b8b8b8;\"><span style=\"color: #4b4b4b;\">1 semaine<\/span><\/td>\n<\/tr>\n<tr>\n<td style=\"border-style: solid; border-color: #b8b8b8;\"><span style=\"color: #4b4b4b;\">Partitions<\/span><\/td>\n<td style=\"border-style: solid; border-color: #b8b8b8;\">1<\/td>\n<td style=\"border-style: solid; border-color: #b8b8b8;\"><span style=\"color: #4b4b4b;\">3 semaines<\/span><\/td>\n<\/tr>\n<tr>\n<td style=\"border-style: solid; border-color: #b8b8b8;\"><span style=\"color: #4b4b4b;\">CD musicaux<br \/>\n<\/span><\/td>\n<td style=\"border-style: solid; border-color: #b8b8b8;\">5<\/td>\n<td style=\"border-style: solid; border-color: #b8b8b8;\"><span style=\"color: #4b4b4b;\">3 semaines<\/span><\/td>\n<\/tr>\n<tr>\n<td style=\"border-style: solid; border-color: #b8b8b8;\"><span style=\"color: #4b4b4b;\">Vid\u00e9os<\/span><\/td>\n<td style=\"border-style: solid; border-color: #b8b8b8;\">5<\/td>\n<td style=\"border-style: solid; border-color: #b8b8b8;\"><span style=\"color: #4b4b4b;\">3 semaines<\/span><\/td>\n<\/tr>\n<tr>\n<td style=\"border-style: solid; border-color: #b8b8b8;\"><span style=\"color: #4b4b4b;\">DVD<\/span><\/td>\n<td style=\"border-style: solid; border-color: #b8b8b8;\">3<\/td>\n<td style=\"border-style: solid; border-color: #b8b8b8;\"><span style=\"color: #4b4b4b;\">3 semaines<\/span><\/td>\n<\/tr>\n<\/tbody>\n<\/table>\n<p>R\u00e9servation et prolongation du pr\u00eat des documents possible par le compte lecteur <em>via<\/em> le portail de la m\u00e9diath\u00e8que\u00a0 <a href=\"https:\/\/prancuzuinstitutas-mediateka.lt\/\">https:\/\/prancuzuinstitutas-mediateka.lt\/<\/a>. Possibilit\u00e9 de prolonger tout document par t\u00e9l\u00e9phone (8 5\u00a0219 96 57), courriel (<a href=\"mailto:biblio@institutfrancais-lituanie.com\">biblio@institutfrancais-lituanie.com<\/a>) ou sur place. Tout retard sera sanctionn\u00e9 d\u2019une impossibilit\u00e9 de pr\u00eat \u00e9quivalent \u00e0 la dur\u00e9e du retard.<\/p>\n<p>Tout document d\u00e9t\u00e9rior\u00e9 ou perdu devra \u00eatre rembours\u00e9.<\/p>\n<p class=\"spip\"><span style=\"color: #008ac9;\"><b><big>Espace enfants<\/big><\/b><\/span><\/p>\n<p>Les enfants ont aussi leur salle de lecture, o\u00f9 ils pourront trouver livres, albums, bandes dessin\u00e9s, films DVD, enregistrements (contes, comptines, chansons) et la presse fran\u00e7aise enfantine. Dans la salle il est possible de lire, regarder des dessins anim\u00e9s sans l\u2019inscription \u00e0 la m\u00e9diath\u00e8que.<\/p>\n<p>Les conditions du pr\u00eat sont les m\u00eames que pour les adultes. La fiche de renseignement doit \u00eatre remplie par les parents pour les enfants de moins de seize ans.<\/p>\n<p class=\"spip\"><span style=\"color: #008ac9;\"><b><big>Autres services<\/big><\/b><\/span><\/p>\n<p>Les ordinateurs de la salle de lecture sont reli\u00e9s \u00e0 une imprimante. Il est possible d\u2019imprimer des documents au tarif de 0,1 \u20ac la feuille. Une photocopieuse est \u00e9galement disponible en libre service. Les cartes de photocopies sont en vente \u00e0 l\u2019accueil.[\/vc_column_text][\/vc_column][\/vc_row][vc_row color=&#8221;&#8221; message_box_style=&#8221;standard&#8221; style=&#8221;rounded&#8221; message_box_color=&#8221;info&#8221; icon_type=&#8221;fontawesome&#8221; icon_fontawesome=&#8221;fa fa-clock-o&#8221; icon_monosocial=&#8221;vc-mono vc-mono-fivehundredpx&#8221; icon_openiconic=&#8221;&#8221; icon_typicons=&#8221;&#8221; icon_entypo=&#8221;&#8221; icon_linecons=&#8221;&#8221; icon_pixelicons=&#8221;&#8221;][vc_column][vc_message message_box_color=&#8221;grey&#8221; icon_fontawesome=&#8221;far fa-clock&#8221;]<span style=\"color: #808080;\"><strong>Horaires d\u2019ouverture<\/strong><\/span><\/p>\n<p><span style=\"color: #808080;\">I : ferm\u00e9e<br \/>\nII &#8211; IV: 13h &#8211; 18h30<\/span><br \/>\n<span style=\"color: #808080;\">V : 13h &#8211; 18h<br \/>\nVI: 10h &#8211; 14h<br \/>\n<\/span>[\/vc_message][\/vc_column][\/vc_row][vc_row][vc_column][vc_separator][\/vc_column][\/vc_row][vc_row color=&#8221;&#8221; message_box_style=&#8221;standard&#8221; style=&#8221;rounded&#8221; message_box_color=&#8221;info&#8221; icon_type=&#8221;fontawesome&#8221; icon_fontawesome=&#8221;fa fa-envelope&#8221; icon_monosocial=&#8221;vc-mono vc-mono-fivehundredpx&#8221; icon_openiconic=&#8221;&#8221; icon_typicons=&#8221;&#8221; icon_entypo=&#8221;&#8221; icon_linecons=&#8221;&#8221; icon_pixelicons=&#8221;&#8221;][vc_column][vc_message icon_fontawesome=&#8221;fa fa-envelope&#8221;]<strong>M\u00e9diath\u00e8que<\/strong><br \/>\nT\u00e9l. : (8 5) 219 96 57<br \/>\nbiblio@institutfrancais-lituanie.com[\/vc_message][\/vc_column][\/vc_row]<\/p>\n<\/div>","protected":false},"excerpt":{"rendered":"[vc_row][vc_column][vc_column_text css=\"\"]La salle de lecture est libre d\u2019acc\u00e8s \u00e0 tous. Vous pouvez gratuitement lire les&hellip;","protected":false},"author":2,"featured_media":3039,"parent":2080,"menu_order":0,"comment_status":"closed","ping_status":"closed","template":"page-sidebar.php","meta":{"footnotes":""},"class_list":["post-2089","page","type-page","status-publish","has-post-thumbnail","hentry"],"yoast_head":"<!-- This site is optimized with the Yoast SEO plugin v23.2 - https:\/\/yoast.com\/wordpress\/plugins\/seo\/ -->\n<title>Infos pratiques - IF Lituanie<\/title>\n<meta name=\"robots\" content=\"index, follow, max-snippet:-1, max-image-preview:large, max-video-preview:-1\" \/>\n<link rel=\"canonical\" href=\"https:\/\/www.institutfrancais-lituanie.com\/fr\/mediatheque\/infos-pratiques\/\" \/>\n<meta property=\"og:locale\" content=\"fr_FR\" \/>\n<meta property=\"og:type\" content=\"article\" \/>\n<meta property=\"og:title\" content=\"Infos pratiques - IF Lituanie\" \/>\n<meta property=\"og:url\" content=\"https:\/\/www.institutfrancais-lituanie.com\/fr\/mediatheque\/infos-pratiques\/\" \/>\n<meta property=\"og:site_name\" content=\"IF Lituanie\" \/>\n<meta property=\"article:publisher\" content=\"https:\/\/www.facebook.com\/prancuzuinstitutas\/\" \/>\n<meta property=\"article:modified_time\" content=\"2026-01-20T09:04:21+00:00\" \/>\n<meta property=\"og:image\" content=\"https:\/\/www.institutfrancais-lituanie.com\/wp-content\/uploads\/2019\/01\/mediatheque.jpg\" \/>\n\t<meta property=\"og:image:width\" content=\"1170\" \/>\n\t<meta property=\"og:image:height\" content=\"585\" \/>\n\t<meta property=\"og:image:type\" content=\"image\/jpeg\" \/>\n<meta name=\"twitter:card\" content=\"summary_large_image\" \/>\n<meta name=\"twitter:label1\" content=\"Est. reading time\" \/>\n\t<meta name=\"twitter:data1\" content=\"3 minutes\" \/>\n<script type=\"application\/ld+json\" class=\"yoast-schema-graph\">{\"@context\":\"https:\/\/schema.org\",\"@graph\":[{\"@type\":\"WebPage\",\"@id\":\"https:\/\/www.institutfrancais-lituanie.com\/fr\/mediatheque\/infos-pratiques\/\",\"url\":\"https:\/\/www.institutfrancais-lituanie.com\/fr\/mediatheque\/infos-pratiques\/\",\"name\":\"Infos pratiques - IF Lituanie\",\"isPartOf\":{\"@id\":\"https:\/\/www.institutfrancais-lituanie.com\/fr\/#website\"},\"primaryImageOfPage\":{\"@id\":\"https:\/\/www.institutfrancais-lituanie.com\/fr\/mediatheque\/infos-pratiques\/#primaryimage\"},\"image\":{\"@id\":\"https:\/\/www.institutfrancais-lituanie.com\/fr\/mediatheque\/infos-pratiques\/#primaryimage\"},\"thumbnailUrl\":\"https:\/\/www.institutfrancais-lituanie.com\/wp-content\/uploads\/2019\/01\/mediatheque.jpg\",\"datePublished\":\"2018-12-05T10:30:56+00:00\",\"dateModified\":\"2026-01-20T09:04:21+00:00\",\"breadcrumb\":{\"@id\":\"https:\/\/www.institutfrancais-lituanie.com\/fr\/mediatheque\/infos-pratiques\/#breadcrumb\"},\"inLanguage\":\"fr-FR\",\"potentialAction\":[{\"@type\":\"ReadAction\",\"target\":[\"https:\/\/www.institutfrancais-lituanie.com\/fr\/mediatheque\/infos-pratiques\/\"]}]},{\"@type\":\"ImageObject\",\"inLanguage\":\"fr-FR\",\"@id\":\"https:\/\/www.institutfrancais-lituanie.com\/fr\/mediatheque\/infos-pratiques\/#primaryimage\",\"url\":\"https:\/\/www.institutfrancais-lituanie.com\/wp-content\/uploads\/2019\/01\/mediatheque.jpg\",\"contentUrl\":\"https:\/\/www.institutfrancais-lituanie.com\/wp-content\/uploads\/2019\/01\/mediatheque.jpg\",\"width\":1170,\"height\":585},{\"@type\":\"BreadcrumbList\",\"@id\":\"https:\/\/www.institutfrancais-lituanie.com\/fr\/mediatheque\/infos-pratiques\/#breadcrumb\",\"itemListElement\":[{\"@type\":\"ListItem\",\"position\":1,\"name\":\"Home\",\"item\":\"https:\/\/www.institutfrancais-lituanie.com\/fr\/\"},{\"@type\":\"ListItem\",\"position\":2,\"name\":\"M\u00e9diath\u00e8que\",\"item\":\"https:\/\/www.institutfrancais-lituanie.com\/fr\/mediatheque\/\"},{\"@type\":\"ListItem\",\"position\":3,\"name\":\"Infos pratiques\"}]},{\"@type\":\"WebSite\",\"@id\":\"https:\/\/www.institutfrancais-lituanie.com\/fr\/#website\",\"url\":\"https:\/\/www.institutfrancais-lituanie.com\/fr\/\",\"name\":\"IF Lituanie\",\"description\":\"Pranc\u016bz\u0173 kalbos kursai, kult\u016bra, mediateka...\",\"publisher\":{\"@id\":\"https:\/\/www.institutfrancais-lituanie.com\/fr\/#organization\"},\"potentialAction\":[{\"@type\":\"SearchAction\",\"target\":{\"@type\":\"EntryPoint\",\"urlTemplate\":\"https:\/\/www.institutfrancais-lituanie.com\/fr\/?s={search_term_string}\"},\"query-input\":\"required name=search_term_string\"}],\"inLanguage\":\"fr-FR\"},{\"@type\":\"Organization\",\"@id\":\"https:\/\/www.institutfrancais-lituanie.com\/fr\/#organization\",\"name\":\"Pranc\u016bz\u0173 institutas\",\"url\":\"https:\/\/www.institutfrancais-lituanie.com\/fr\/\",\"logo\":{\"@type\":\"ImageObject\",\"inLanguage\":\"fr-FR\",\"@id\":\"https:\/\/www.institutfrancais-lituanie.com\/fr\/#\/schema\/logo\/image\/\",\"url\":\"https:\/\/www.institutfrancais-lituanie.com\/wp-content\/uploads\/2023\/04\/IF_Logo-Lituanie-RVB.jpg\",\"contentUrl\":\"https:\/\/www.institutfrancais-lituanie.com\/wp-content\/uploads\/2023\/04\/IF_Logo-Lituanie-RVB.jpg\",\"width\":827,\"height\":555,\"caption\":\"Pranc\u016bz\u0173 institutas\"},\"image\":{\"@id\":\"https:\/\/www.institutfrancais-lituanie.com\/fr\/#\/schema\/logo\/image\/\"},\"sameAs\":[\"https:\/\/www.facebook.com\/prancuzuinstitutas\/\",\"https:\/\/www.instagram.com\/institut_francais_lituanie\/\"]}]}<\/script>\n<!-- \/ Yoast SEO plugin. -->","yoast_head_json":{"title":"Infos pratiques - IF Lituanie","robots":{"index":"index","follow":"follow","max-snippet":"max-snippet:-1","max-image-preview":"max-image-preview:large","max-video-preview":"max-video-preview:-1"},"canonical":"https:\/\/www.institutfrancais-lituanie.com\/fr\/mediatheque\/infos-pratiques\/","og_locale":"fr_FR","og_type":"article","og_title":"Infos pratiques - IF Lituanie","og_url":"https:\/\/www.institutfrancais-lituanie.com\/fr\/mediatheque\/infos-pratiques\/","og_site_name":"IF Lituanie","article_publisher":"https:\/\/www.facebook.com\/prancuzuinstitutas\/","article_modified_time":"2026-01-20T09:04:21+00:00","og_image":[{"width":1170,"height":585,"url":"https:\/\/www.institutfrancais-lituanie.com\/wp-content\/uploads\/2019\/01\/mediatheque.jpg","type":"image\/jpeg"}],"twitter_card":"summary_large_image","twitter_misc":{"Est. reading time":"3 minutes"},"schema":{"@context":"https:\/\/schema.org","@graph":[{"@type":"WebPage","@id":"https:\/\/www.institutfrancais-lituanie.com\/fr\/mediatheque\/infos-pratiques\/","url":"https:\/\/www.institutfrancais-lituanie.com\/fr\/mediatheque\/infos-pratiques\/","name":"Infos pratiques - IF Lituanie","isPartOf":{"@id":"https:\/\/www.institutfrancais-lituanie.com\/fr\/#website"},"primaryImageOfPage":{"@id":"https:\/\/www.institutfrancais-lituanie.com\/fr\/mediatheque\/infos-pratiques\/#primaryimage"},"image":{"@id":"https:\/\/www.institutfrancais-lituanie.com\/fr\/mediatheque\/infos-pratiques\/#primaryimage"},"thumbnailUrl":"https:\/\/www.institutfrancais-lituanie.com\/wp-content\/uploads\/2019\/01\/mediatheque.jpg","datePublished":"2018-12-05T10:30:56+00:00","dateModified":"2026-01-20T09:04:21+00:00","breadcrumb":{"@id":"https:\/\/www.institutfrancais-lituanie.com\/fr\/mediatheque\/infos-pratiques\/#breadcrumb"},"inLanguage":"fr-FR","potentialAction":[{"@type":"ReadAction","target":["https:\/\/www.institutfrancais-lituanie.com\/fr\/mediatheque\/infos-pratiques\/"]}]},{"@type":"ImageObject","inLanguage":"fr-FR","@id":"https:\/\/www.institutfrancais-lituanie.com\/fr\/mediatheque\/infos-pratiques\/#primaryimage","url":"https:\/\/www.institutfrancais-lituanie.com\/wp-content\/uploads\/2019\/01\/mediatheque.jpg","contentUrl":"https:\/\/www.institutfrancais-lituanie.com\/wp-content\/uploads\/2019\/01\/mediatheque.jpg","width":1170,"height":585},{"@type":"BreadcrumbList","@id":"https:\/\/www.institutfrancais-lituanie.com\/fr\/mediatheque\/infos-pratiques\/#breadcrumb","itemListElement":[{"@type":"ListItem","position":1,"name":"Home","item":"https:\/\/www.institutfrancais-lituanie.com\/fr\/"},{"@type":"ListItem","position":2,"name":"M\u00e9diath\u00e8que","item":"https:\/\/www.institutfrancais-lituanie.com\/fr\/mediatheque\/"},{"@type":"ListItem","position":3,"name":"Infos pratiques"}]},{"@type":"WebSite","@id":"https:\/\/www.institutfrancais-lituanie.com\/fr\/#website","url":"https:\/\/www.institutfrancais-lituanie.com\/fr\/","name":"IF Lituanie","description":"Pranc\u016bz\u0173 kalbos kursai, kult\u016bra, mediateka...","publisher":{"@id":"https:\/\/www.institutfrancais-lituanie.com\/fr\/#organization"},"potentialAction":[{"@type":"SearchAction","target":{"@type":"EntryPoint","urlTemplate":"https:\/\/www.institutfrancais-lituanie.com\/fr\/?s={search_term_string}"},"query-input":"required name=search_term_string"}],"inLanguage":"fr-FR"},{"@type":"Organization","@id":"https:\/\/www.institutfrancais-lituanie.com\/fr\/#organization","name":"Pranc\u016bz\u0173 institutas","url":"https:\/\/www.institutfrancais-lituanie.com\/fr\/","logo":{"@type":"ImageObject","inLanguage":"fr-FR","@id":"https:\/\/www.institutfrancais-lituanie.com\/fr\/#\/schema\/logo\/image\/","url":"https:\/\/www.institutfrancais-lituanie.com\/wp-content\/uploads\/2023\/04\/IF_Logo-Lituanie-RVB.jpg","contentUrl":"https:\/\/www.institutfrancais-lituanie.com\/wp-content\/uploads\/2023\/04\/IF_Logo-Lituanie-RVB.jpg","width":827,"height":555,"caption":"Pranc\u016bz\u0173 institutas"},"image":{"@id":"https:\/\/www.institutfrancais-lituanie.com\/fr\/#\/schema\/logo\/image\/"},"sameAs":["https:\/\/www.facebook.com\/prancuzuinstitutas\/","https:\/\/www.instagram.com\/institut_francais_lituanie\/"]}]}},"_links":{"self":[{"href":"https:\/\/www.institutfrancais-lituanie.com\/fr\/wp-json\/wp\/v2\/pages\/2089"}],"collection":[{"href":"https:\/\/www.institutfrancais-lituanie.com\/fr\/wp-json\/wp\/v2\/pages"}],"about":[{"href":"https:\/\/www.institutfrancais-lituanie.com\/fr\/wp-json\/wp\/v2\/types\/page"}],"author":[{"embeddable":true,"href":"https:\/\/www.institutfrancais-lituanie.com\/fr\/wp-json\/wp\/v2\/users\/2"}],"replies":[{"embeddable":true,"href":"https:\/\/www.institutfrancais-lituanie.com\/fr\/wp-json\/wp\/v2\/comments?post=2089"}],"version-history":[{"count":17,"href":"https:\/\/www.institutfrancais-lituanie.com\/fr\/wp-json\/wp\/v2\/pages\/2089\/revisions"}],"predecessor-version":[{"id":18129,"href":"https:\/\/www.institutfrancais-lituanie.com\/fr\/wp-json\/wp\/v2\/pages\/2089\/revisions\/18129"}],"up":[{"embeddable":true,"href":"https:\/\/www.institutfrancais-lituanie.com\/fr\/wp-json\/wp\/v2\/pages\/2080"}],"wp:featuredmedia":[{"embeddable":true,"href":"https:\/\/www.institutfrancais-lituanie.com\/fr\/wp-json\/wp\/v2\/media\/3039"}],"wp:attachment":[{"href":"https:\/\/www.institutfrancais-lituanie.com\/fr\/wp-json\/wp\/v2\/media?parent=2089"}],"curies":[{"name":"wp","href":"https:\/\/api.w.org\/{rel}","templated":true}]}}