{"id":2042,"date":"2018-12-04T15:56:34","date_gmt":"2018-12-04T15:56:34","guid":{"rendered":"http:\/\/institutfrancais-lituanie.com\/?page_id=2042"},"modified":"2019-02-06T13:47:47","modified_gmt":"2019-02-06T13:47:47","slug":"les-webdoc-de-linstitut-francais-de-lituanie","status":"publish","type":"page","link":"https:\/\/www.institutfrancais-lituanie.com\/fr\/les-webdoc-de-linstitut-francais-de-lituanie\/","title":{"rendered":"Les Webdocs de l&#8217;institut fran\u00e7ais de Lituanie"},"content":{"rendered":"<div class=\"wpb-content-wrapper\"><p>[vc_row][vc_column][vc_column_text]<span style=\"font-size: 12pt; color: #008ac9;\"><strong>Les Webdocs de l&#8217;institut fran\u00e7ais de Lituanie<\/strong><\/span><\/p>\n<hr \/>\n<p><strong>Dans le cadre de la cr\u00e9ation num\u00e9rique et des d\u00e9bats d\u2019id\u00e9es, l&#8217;institut fran\u00e7ais de Lituanie produit r\u00e9guli\u00e8rement depuis 2014 plusieurs webdocumentaires par an.<\/strong>[\/vc_column_text][\/vc_column][\/vc_row][vc_row][vc_column]\t\t\t<div id=\"pencifeatured_cat_19034\" class=\"penci-featured-cat-sc\">\r\n\t\t\t\t\t\t\t<section class=\"home-featured-cat mag-cat-style-8\">\r\n\t\t\t\t\t\t\t\t\t\t\t<div class=\"penci-border-arrow penci-homepage-title penci-magazine-title style-5 pcalign-left\">\r\n\t\t\t\t\t<h3 class=\"inner-arrow\">\r\n\t\t\t\t\t\t<a href=\"https:\/\/www.institutfrancais-lituanie.com\/fr\/category\/web-documentaires\/\">Web-documentaires<\/a>\t\t\t\t\t<\/h3>\r\n\t\t\t\t<\/div>\r\n\t\t\t\t\t\t\t\t<div class=\"home-featured-cat-content style-8\">\r\n\t\t\t\t\t\t\t\t\t\t\t\t\t\t<ul class=\"penci-grid penci-grid-maglayout penci-fea-cat-style-8\">\r\n\t\t\t\t\t\t\t<li class=\"list-post\">\r\n\t<article id=\"post-5624\" class=\"item hentry\">\r\n\t\t\t\t\t<div class=\"thumbnail\">\r\n\t\t\t\t\r\n\t\t\t\t\t\t\t\t\t<a class=\"penci-image-holder penci-lazy\" data-src=\"https:\/\/www.institutfrancais-lituanie.com\/wp-content\/uploads\/2020\/01\/landscape-site-585x390.jpg\" href=\"https:\/\/www.institutfrancais-lituanie.com\/fr\/web-documentaires\/les-etudes-dart-en-france\/\" title=\"Les \u00e9tudes d&#8217;art en France\">\r\n\t\t\t\t\t<\/a>\r\n\t\t\t\t\r\n\t\t\t\t\t\t\t\t\t\t\t\t\t\t\t\t\t\t\t\t\t\t\t\t\t\t\t\t\t\t\t<\/div>\r\n\t\t\r\n\t\t<div class=\"content-list-right content-list-center\">\r\n\t\t\t<div class=\"header-list-style\">\r\n\t\t\t\t\t\t\t\t\t<span class=\"cat\"><a class=\"penci-cat-name penci-cat-123\" href=\"https:\/\/www.institutfrancais-lituanie.com\/fr\/category\/web-documentaires\/\"  rel=\"category tag\">Web-documentaires<\/a><\/span>\r\n\t\t\t\t\r\n\t\t\t\t<h2 class=\"grid-title entry-title\"><a href=\"https:\/\/www.institutfrancais-lituanie.com\/fr\/web-documentaires\/les-etudes-dart-en-france\/\">Les \u00e9tudes d&#8217;art en France<\/a><\/h2>\r\n\r\n\t\t\t\t\t\t\t\t\t<div class=\"grid-post-box-meta\">\r\n\t\t\t\t\t\t\t\t\t\t\t\t\t<span class=\"author-italic author\">by <a class=\"url fn n\" href=\"https:\/\/www.institutfrancais-lituanie.com\/fr\/author\/loic\/\">Loic<\/a><\/span>\r\n\t\t\t\t\t\t\t\t\t\t\t\t\t\t\t\t\t\t\t<span><time class=\"entry-date published\" datetime=\"2020-01-27T09:52:12+00:00\">January 27, 2020<\/time><\/span>\r\n\t\t\t\t\t\t\t\t\t\t\t\t\t\t\t\t\t<\/div>\r\n\t\t\t\t\t\t\t<\/div>\r\n\r\n\t\t\t\t\t\t<div class=\"item-content entry-content\">\r\n\t\t\t\t<p>Webdocumentaire : \u00ab Les \u00e9tudes d&#8217;art en France \u00bb L&#8217;Institut fran\u00e7ais de Lituanie et Campus France Lituanie ont produit et r\u00e9alis\u00e9 un webdocumentaire sur les &#8230;<\/p>\n\t\t\t<\/div>\r\n\t\t\t\r\n\t\t<\/div>\r\n\t\t\t\t<div class=\"penci-hide-tagupdated\">\r\n\t\t\t<span class=\"author-italic author vcard\">by <a class=\"url fn n\" href=\"https:\/\/www.institutfrancais-lituanie.com\/fr\/author\/loic\/\">Loic<\/a><\/span>\r\n\t\t\t<time class=\"entry-date published\" datetime=\"2020-01-27T09:52:12+00:00\">January 27, 2020<\/time>\t\t<\/div>\r\n\t\t\t<\/article>\r\n<\/li><li class=\"list-post\">\r\n\t<article id=\"post-3383\" class=\"item hentry\">\r\n\t\t\t\t\t<div class=\"thumbnail\">\r\n\t\t\t\t\r\n\t\t\t\t\t\t\t\t\t<a class=\"penci-image-holder penci-lazy\" data-src=\"https:\/\/www.institutfrancais-lituanie.com\/wp-content\/uploads\/2019\/02\/Site-orsay-fr-585x390.jpg\" href=\"https:\/\/www.institutfrancais-lituanie.com\/fr\/web-documentaires\/rencontres-imprevues\/\" title=\"Rencontres (Im)pr\u00e9vues\">\r\n\t\t\t\t\t<\/a>\r\n\t\t\t\t\r\n\t\t\t\t\t\t\t\t\t\t\t\t\t\t\t\t\t\t\t\t\t\t\t\t\t\t\t\t\t\t\t<\/div>\r\n\t\t\r\n\t\t<div class=\"content-list-right content-list-center\">\r\n\t\t\t<div class=\"header-list-style\">\r\n\t\t\t\t\t\t\t\t\t<span class=\"cat\"><a class=\"penci-cat-name penci-cat-123\" href=\"https:\/\/www.institutfrancais-lituanie.com\/fr\/category\/web-documentaires\/\"  rel=\"category tag\">Web-documentaires<\/a><\/span>\r\n\t\t\t\t\r\n\t\t\t\t<h2 class=\"grid-title entry-title\"><a href=\"https:\/\/www.institutfrancais-lituanie.com\/fr\/web-documentaires\/rencontres-imprevues\/\">Rencontres (Im)pr\u00e9vues<\/a><\/h2>\r\n\r\n\t\t\t\t\t\t\t\t\t<div class=\"grid-post-box-meta\">\r\n\t\t\t\t\t\t\t\t\t\t\t\t\t<span class=\"author-italic author\">by <a class=\"url fn n\" href=\"https:\/\/www.institutfrancais-lituanie.com\/fr\/author\/loic\/\">Loic<\/a><\/span>\r\n\t\t\t\t\t\t\t\t\t\t\t\t\t\t\t\t\t\t\t<span><time class=\"entry-date published\" datetime=\"2019-02-06T13:39:21+00:00\">February 6, 2019<\/time><\/span>\r\n\t\t\t\t\t\t\t\t\t\t\t\t\t\t\t\t\t<\/div>\r\n\t\t\t\t\t\t\t<\/div>\r\n\r\n\t\t\t\t\t\t<div class=\"item-content entry-content\">\r\n\t\t\t\t<p>Rencontres (Im)pr\u00e9vues autour de l\u2019exposition \u00ab\u00a0\u00c2mes sauvages. Le symbolisme dans les pays baltes\u00a0\u00bb Webdocumentaire r\u00e9alis\u00e9 dans le cadre de l\u2019exposition \u00ab \u00c2mes sauvages. Le symbolisme &#8230;<\/p>\n\t\t\t<\/div>\r\n\t\t\t\r\n\t\t<\/div>\r\n\t\t\t\t<div class=\"penci-hide-tagupdated\">\r\n\t\t\t<span class=\"author-italic author vcard\">by <a class=\"url fn n\" href=\"https:\/\/www.institutfrancais-lituanie.com\/fr\/author\/loic\/\">Loic<\/a><\/span>\r\n\t\t\t<time class=\"entry-date published\" datetime=\"2019-02-06T13:39:21+00:00\">February 6, 2019<\/time>\t\t<\/div>\r\n\t\t\t<\/article>\r\n<\/li><li class=\"list-post\">\r\n\t<article id=\"post-3365\" class=\"item hentry\">\r\n\t\t\t\t\t<div class=\"thumbnail\">\r\n\t\t\t\t\r\n\t\t\t\t\t\t\t\t\t<a class=\"penci-image-holder penci-lazy\" data-src=\"https:\/\/www.institutfrancais-lituanie.com\/wp-content\/uploads\/2019\/02\/Site-crise-585x390.jpg\" href=\"https:\/\/www.institutfrancais-lituanie.com\/fr\/web-documentaires\/la-crise-migratoire-et-nous\/\" title=\"La crise migratoire et nous\">\r\n\t\t\t\t\t<\/a>\r\n\t\t\t\t\r\n\t\t\t\t\t\t\t\t\t\t\t\t\t\t\t\t\t\t\t\t\t\t\t\t\t\t\t\t\t\t\t<\/div>\r\n\t\t\r\n\t\t<div class=\"content-list-right content-list-center\">\r\n\t\t\t<div class=\"header-list-style\">\r\n\t\t\t\t\t\t\t\t\t<span class=\"cat\"><a class=\"penci-cat-name penci-cat-123\" href=\"https:\/\/www.institutfrancais-lituanie.com\/fr\/category\/web-documentaires\/\"  rel=\"category tag\">Web-documentaires<\/a><\/span>\r\n\t\t\t\t\r\n\t\t\t\t<h2 class=\"grid-title entry-title\"><a href=\"https:\/\/www.institutfrancais-lituanie.com\/fr\/web-documentaires\/la-crise-migratoire-et-nous\/\">La crise migratoire et nous<\/a><\/h2>\r\n\r\n\t\t\t\t\t\t\t\t\t<div class=\"grid-post-box-meta\">\r\n\t\t\t\t\t\t\t\t\t\t\t\t\t<span class=\"author-italic author\">by <a class=\"url fn n\" href=\"https:\/\/www.institutfrancais-lituanie.com\/fr\/author\/loic\/\">Loic<\/a><\/span>\r\n\t\t\t\t\t\t\t\t\t\t\t\t\t\t\t\t\t\t\t<span><time class=\"entry-date published\" datetime=\"2019-02-06T12:31:15+00:00\">February 6, 2019<\/time><\/span>\r\n\t\t\t\t\t\t\t\t\t\t\t\t\t\t\t\t\t<\/div>\r\n\t\t\t\t\t\t\t<\/div>\r\n\r\n\t\t\t\t\t\t<div class=\"item-content entry-content\">\r\n\t\t\t\t<p>Webdocumentaire : \u00ab\u00a0La crise migratoire et nous\u00a0\u00bb Dans le cadre de sa mission de diffusion du d\u00e9bat d\u2019id\u00e9es, l\u2019Institut fran\u00e7ais de Lituanie a produit et &#8230;<\/p>\n\t\t\t<\/div>\r\n\t\t\t\r\n\t\t<\/div>\r\n\t\t\t\t<div class=\"penci-hide-tagupdated\">\r\n\t\t\t<span class=\"author-italic author vcard\">by <a class=\"url fn n\" href=\"https:\/\/www.institutfrancais-lituanie.com\/fr\/author\/loic\/\">Loic<\/a><\/span>\r\n\t\t\t<time class=\"entry-date published\" datetime=\"2019-02-06T12:31:15+00:00\">February 6, 2019<\/time>\t\t<\/div>\r\n\t\t\t<\/article>\r\n<\/li><li class=\"list-post\">\r\n\t<article id=\"post-3363\" class=\"item hentry\">\r\n\t\t\t\t\t<div class=\"thumbnail\">\r\n\t\t\t\t\r\n\t\t\t\t\t\t\t\t\t<a class=\"penci-image-holder penci-lazy\" data-src=\"https:\/\/www.institutfrancais-lituanie.com\/wp-content\/uploads\/2019\/02\/Site-Cop21-585x390.jpg\" href=\"https:\/\/www.institutfrancais-lituanie.com\/fr\/web-documentaires\/le-changement-climatique-vu-de-lituanie\/\" title=\"Le changement climatique vu de Lituanie\">\r\n\t\t\t\t\t<\/a>\r\n\t\t\t\t\r\n\t\t\t\t\t\t\t\t\t\t\t\t\t\t\t\t\t\t\t\t\t\t\t\t\t\t\t\t\t\t\t<\/div>\r\n\t\t\r\n\t\t<div class=\"content-list-right content-list-center\">\r\n\t\t\t<div class=\"header-list-style\">\r\n\t\t\t\t\t\t\t\t\t<span class=\"cat\"><a class=\"penci-cat-name penci-cat-123\" href=\"https:\/\/www.institutfrancais-lituanie.com\/fr\/category\/web-documentaires\/\"  rel=\"category tag\">Web-documentaires<\/a><\/span>\r\n\t\t\t\t\r\n\t\t\t\t<h2 class=\"grid-title entry-title\"><a href=\"https:\/\/www.institutfrancais-lituanie.com\/fr\/web-documentaires\/le-changement-climatique-vu-de-lituanie\/\">Le changement climatique vu de Lituanie<\/a><\/h2>\r\n\r\n\t\t\t\t\t\t\t\t\t<div class=\"grid-post-box-meta\">\r\n\t\t\t\t\t\t\t\t\t\t\t\t\t<span class=\"author-italic author\">by <a class=\"url fn n\" href=\"https:\/\/www.institutfrancais-lituanie.com\/fr\/author\/loic\/\">Loic<\/a><\/span>\r\n\t\t\t\t\t\t\t\t\t\t\t\t\t\t\t\t\t\t\t<span><time class=\"entry-date published\" datetime=\"2019-02-06T12:24:36+00:00\">February 6, 2019<\/time><\/span>\r\n\t\t\t\t\t\t\t\t\t\t\t\t\t\t\t\t\t<\/div>\r\n\t\t\t\t\t\t\t<\/div>\r\n\r\n\t\t\t\t\t\t<div class=\"item-content entry-content\">\r\n\t\t\t\t<p>Le changement climatique vu de Lituanie Webdoc produit dans le cadre de la Conf\u00e9rence\u00a0de Paris sur le climat (COP-21). Webdocumentaire r\u00e9alis\u00e9 avec l&#8217;aide des \u00e9tudiants &#8230;<\/p>\n\t\t\t<\/div>\r\n\t\t\t\r\n\t\t<\/div>\r\n\t\t\t\t<div class=\"penci-hide-tagupdated\">\r\n\t\t\t<span class=\"author-italic author vcard\">by <a class=\"url fn n\" href=\"https:\/\/www.institutfrancais-lituanie.com\/fr\/author\/loic\/\">Loic<\/a><\/span>\r\n\t\t\t<time class=\"entry-date published\" datetime=\"2019-02-06T12:24:36+00:00\">February 6, 2019<\/time>\t\t<\/div>\r\n\t\t\t<\/article>\r\n<\/li><li class=\"list-post\">\r\n\t<article id=\"post-3356\" class=\"item hentry\">\r\n\t\t\t\t\t<div class=\"thumbnail\">\r\n\t\t\t\t\r\n\t\t\t\t\t\t\t\t\t<a class=\"penci-image-holder penci-lazy\" data-src=\"https:\/\/www.institutfrancais-lituanie.com\/wp-content\/uploads\/2019\/02\/Site-Gary-585x390.jpg\" href=\"https:\/\/www.institutfrancais-lituanie.com\/fr\/web-documentaires\/romain-gary-1914-1980\/\" title=\"Romain Gary (1914-1980)\">\r\n\t\t\t\t\t<\/a>\r\n\t\t\t\t\r\n\t\t\t\t\t\t\t\t\t\t\t\t\t\t\t\t\t\t\t\t\t\t\t\t\t\t\t\t\t\t\t<\/div>\r\n\t\t\r\n\t\t<div class=\"content-list-right content-list-center\">\r\n\t\t\t<div class=\"header-list-style\">\r\n\t\t\t\t\t\t\t\t\t<span class=\"cat\"><a class=\"penci-cat-name penci-cat-123\" href=\"https:\/\/www.institutfrancais-lituanie.com\/fr\/category\/web-documentaires\/\"  rel=\"category tag\">Web-documentaires<\/a><\/span>\r\n\t\t\t\t\r\n\t\t\t\t<h2 class=\"grid-title entry-title\"><a href=\"https:\/\/www.institutfrancais-lituanie.com\/fr\/web-documentaires\/romain-gary-1914-1980\/\">Romain Gary (1914-1980)<\/a><\/h2>\r\n\r\n\t\t\t\t\t\t\t\t\t<div class=\"grid-post-box-meta\">\r\n\t\t\t\t\t\t\t\t\t\t\t\t\t<span class=\"author-italic author\">by <a class=\"url fn n\" href=\"https:\/\/www.institutfrancais-lituanie.com\/fr\/author\/loic\/\">Loic<\/a><\/span>\r\n\t\t\t\t\t\t\t\t\t\t\t\t\t\t\t\t\t\t\t<span><time class=\"entry-date published\" datetime=\"2019-02-06T12:02:30+00:00\">February 6, 2019<\/time><\/span>\r\n\t\t\t\t\t\t\t\t\t\t\t\t\t\t\t\t\t<\/div>\r\n\t\t\t\t\t\t\t<\/div>\r\n\r\n\t\t\t\t\t\t<div class=\"item-content entry-content\">\r\n\t\t\t\t<p>Romain Gary (1914-1980) Webdoc produit dans le cadre du centenaire de la naissance de l\u2019\u00e9crivain Romain Gary \u00e0 Vilnius en 1914. Le but de ce &#8230;<\/p>\n\t\t\t<\/div>\r\n\t\t\t\r\n\t\t<\/div>\r\n\t\t\t\t<div class=\"penci-hide-tagupdated\">\r\n\t\t\t<span class=\"author-italic author vcard\">by <a class=\"url fn n\" href=\"https:\/\/www.institutfrancais-lituanie.com\/fr\/author\/loic\/\">Loic<\/a><\/span>\r\n\t\t\t<time class=\"entry-date published\" datetime=\"2019-02-06T12:02:30+00:00\">February 6, 2019<\/time>\t\t<\/div>\r\n\t\t\t<\/article>\r\n<\/li>\t\t\t\t\t\t\t<\/ul>\r\n\t\t\t\t\t\t\t\t\t\t\t\t\t<\/div>\r\n\t\t\t\t\r\n\t\t\t\r\n\t\t\t\t\t\t<\/section>\r\n\t\t\t\t\t\t<\/div><!-- penci-featured-cat-sc -->\r\n\t\t\t\t\t\t<style>\r\n\t\t\t\t\t\t\t<\/style>\r\n\t\t\t[\/vc_column][\/vc_row]<\/p>\n<\/div>","protected":false},"excerpt":{"rendered":"Romain Gary (1914-1980) Webdoc produit dans le cadre du centenaire de la naissance de l\u2019\u00e9crivain&hellip;","protected":false},"author":2,"featured_media":0,"parent":0,"menu_order":0,"comment_status":"closed","ping_status":"closed","template":"page-sidebar.php","meta":{"footnotes":""},"class_list":["post-2042","page","type-page","status-publish","hentry"],"yoast_head":"<!-- This site is optimized with the Yoast SEO plugin v23.2 - https:\/\/yoast.com\/wordpress\/plugins\/seo\/ -->\n<title>Les Webdocs de l&#039;institut fran\u00e7ais de Lituanie - IF Lituanie<\/title>\n<meta name=\"robots\" content=\"index, follow, max-snippet:-1, max-image-preview:large, max-video-preview:-1\" \/>\n<link rel=\"canonical\" href=\"https:\/\/www.institutfrancais-lituanie.com\/fr\/les-webdoc-de-linstitut-francais-de-lituanie\/\" \/>\n<meta property=\"og:locale\" content=\"fr_FR\" \/>\n<meta property=\"og:type\" content=\"article\" \/>\n<meta property=\"og:title\" content=\"Les Webdocs de l&#039;institut fran\u00e7ais de Lituanie - IF Lituanie\" \/>\n<meta property=\"og:url\" content=\"https:\/\/www.institutfrancais-lituanie.com\/fr\/les-webdoc-de-linstitut-francais-de-lituanie\/\" \/>\n<meta property=\"og:site_name\" content=\"IF Lituanie\" \/>\n<meta property=\"article:publisher\" content=\"https:\/\/www.facebook.com\/prancuzuinstitutas\/\" \/>\n<meta property=\"article:modified_time\" content=\"2019-02-06T13:47:47+00:00\" \/>\n<meta name=\"twitter:card\" content=\"summary_large_image\" \/>\n<script type=\"application\/ld+json\" class=\"yoast-schema-graph\">{\"@context\":\"https:\/\/schema.org\",\"@graph\":[{\"@type\":\"WebPage\",\"@id\":\"https:\/\/www.institutfrancais-lituanie.com\/fr\/les-webdoc-de-linstitut-francais-de-lituanie\/\",\"url\":\"https:\/\/www.institutfrancais-lituanie.com\/fr\/les-webdoc-de-linstitut-francais-de-lituanie\/\",\"name\":\"Les Webdocs de l'institut fran\u00e7ais de Lituanie - IF Lituanie\",\"isPartOf\":{\"@id\":\"https:\/\/www.institutfrancais-lituanie.com\/fr\/#website\"},\"datePublished\":\"2018-12-04T15:56:34+00:00\",\"dateModified\":\"2019-02-06T13:47:47+00:00\",\"breadcrumb\":{\"@id\":\"https:\/\/www.institutfrancais-lituanie.com\/fr\/les-webdoc-de-linstitut-francais-de-lituanie\/#breadcrumb\"},\"inLanguage\":\"fr-FR\",\"potentialAction\":[{\"@type\":\"ReadAction\",\"target\":[\"https:\/\/www.institutfrancais-lituanie.com\/fr\/les-webdoc-de-linstitut-francais-de-lituanie\/\"]}]},{\"@type\":\"BreadcrumbList\",\"@id\":\"https:\/\/www.institutfrancais-lituanie.com\/fr\/les-webdoc-de-linstitut-francais-de-lituanie\/#breadcrumb\",\"itemListElement\":[{\"@type\":\"ListItem\",\"position\":1,\"name\":\"Home\",\"item\":\"https:\/\/www.institutfrancais-lituanie.com\/fr\/\"},{\"@type\":\"ListItem\",\"position\":2,\"name\":\"Les Webdocs de l&#8217;institut fran\u00e7ais de Lituanie\"}]},{\"@type\":\"WebSite\",\"@id\":\"https:\/\/www.institutfrancais-lituanie.com\/fr\/#website\",\"url\":\"https:\/\/www.institutfrancais-lituanie.com\/fr\/\",\"name\":\"IF Lituanie\",\"description\":\"Pranc\u016bz\u0173 kalbos kursai, kult\u016bra, mediateka...\",\"publisher\":{\"@id\":\"https:\/\/www.institutfrancais-lituanie.com\/fr\/#organization\"},\"potentialAction\":[{\"@type\":\"SearchAction\",\"target\":{\"@type\":\"EntryPoint\",\"urlTemplate\":\"https:\/\/www.institutfrancais-lituanie.com\/fr\/?s={search_term_string}\"},\"query-input\":\"required name=search_term_string\"}],\"inLanguage\":\"fr-FR\"},{\"@type\":\"Organization\",\"@id\":\"https:\/\/www.institutfrancais-lituanie.com\/fr\/#organization\",\"name\":\"Pranc\u016bz\u0173 institutas\",\"url\":\"https:\/\/www.institutfrancais-lituanie.com\/fr\/\",\"logo\":{\"@type\":\"ImageObject\",\"inLanguage\":\"fr-FR\",\"@id\":\"https:\/\/www.institutfrancais-lituanie.com\/fr\/#\/schema\/logo\/image\/\",\"url\":\"https:\/\/www.institutfrancais-lituanie.com\/wp-content\/uploads\/2023\/04\/IF_Logo-Lituanie-RVB.jpg\",\"contentUrl\":\"https:\/\/www.institutfrancais-lituanie.com\/wp-content\/uploads\/2023\/04\/IF_Logo-Lituanie-RVB.jpg\",\"width\":827,\"height\":555,\"caption\":\"Pranc\u016bz\u0173 institutas\"},\"image\":{\"@id\":\"https:\/\/www.institutfrancais-lituanie.com\/fr\/#\/schema\/logo\/image\/\"},\"sameAs\":[\"https:\/\/www.facebook.com\/prancuzuinstitutas\/\",\"https:\/\/www.instagram.com\/institut_francais_lituanie\/\"]}]}<\/script>\n<!-- \/ Yoast SEO plugin. -->","yoast_head_json":{"title":"Les Webdocs de l'institut fran\u00e7ais de Lituanie - IF Lituanie","robots":{"index":"index","follow":"follow","max-snippet":"max-snippet:-1","max-image-preview":"max-image-preview:large","max-video-preview":"max-video-preview:-1"},"canonical":"https:\/\/www.institutfrancais-lituanie.com\/fr\/les-webdoc-de-linstitut-francais-de-lituanie\/","og_locale":"fr_FR","og_type":"article","og_title":"Les Webdocs de l'institut fran\u00e7ais de Lituanie - IF Lituanie","og_url":"https:\/\/www.institutfrancais-lituanie.com\/fr\/les-webdoc-de-linstitut-francais-de-lituanie\/","og_site_name":"IF Lituanie","article_publisher":"https:\/\/www.facebook.com\/prancuzuinstitutas\/","article_modified_time":"2019-02-06T13:47:47+00:00","twitter_card":"summary_large_image","schema":{"@context":"https:\/\/schema.org","@graph":[{"@type":"WebPage","@id":"https:\/\/www.institutfrancais-lituanie.com\/fr\/les-webdoc-de-linstitut-francais-de-lituanie\/","url":"https:\/\/www.institutfrancais-lituanie.com\/fr\/les-webdoc-de-linstitut-francais-de-lituanie\/","name":"Les Webdocs de l'institut fran\u00e7ais de Lituanie - IF Lituanie","isPartOf":{"@id":"https:\/\/www.institutfrancais-lituanie.com\/fr\/#website"},"datePublished":"2018-12-04T15:56:34+00:00","dateModified":"2019-02-06T13:47:47+00:00","breadcrumb":{"@id":"https:\/\/www.institutfrancais-lituanie.com\/fr\/les-webdoc-de-linstitut-francais-de-lituanie\/#breadcrumb"},"inLanguage":"fr-FR","potentialAction":[{"@type":"ReadAction","target":["https:\/\/www.institutfrancais-lituanie.com\/fr\/les-webdoc-de-linstitut-francais-de-lituanie\/"]}]},{"@type":"BreadcrumbList","@id":"https:\/\/www.institutfrancais-lituanie.com\/fr\/les-webdoc-de-linstitut-francais-de-lituanie\/#breadcrumb","itemListElement":[{"@type":"ListItem","position":1,"name":"Home","item":"https:\/\/www.institutfrancais-lituanie.com\/fr\/"},{"@type":"ListItem","position":2,"name":"Les Webdocs de l&#8217;institut fran\u00e7ais de Lituanie"}]},{"@type":"WebSite","@id":"https:\/\/www.institutfrancais-lituanie.com\/fr\/#website","url":"https:\/\/www.institutfrancais-lituanie.com\/fr\/","name":"IF Lituanie","description":"Pranc\u016bz\u0173 kalbos kursai, kult\u016bra, mediateka...","publisher":{"@id":"https:\/\/www.institutfrancais-lituanie.com\/fr\/#organization"},"potentialAction":[{"@type":"SearchAction","target":{"@type":"EntryPoint","urlTemplate":"https:\/\/www.institutfrancais-lituanie.com\/fr\/?s={search_term_string}"},"query-input":"required name=search_term_string"}],"inLanguage":"fr-FR"},{"@type":"Organization","@id":"https:\/\/www.institutfrancais-lituanie.com\/fr\/#organization","name":"Pranc\u016bz\u0173 institutas","url":"https:\/\/www.institutfrancais-lituanie.com\/fr\/","logo":{"@type":"ImageObject","inLanguage":"fr-FR","@id":"https:\/\/www.institutfrancais-lituanie.com\/fr\/#\/schema\/logo\/image\/","url":"https:\/\/www.institutfrancais-lituanie.com\/wp-content\/uploads\/2023\/04\/IF_Logo-Lituanie-RVB.jpg","contentUrl":"https:\/\/www.institutfrancais-lituanie.com\/wp-content\/uploads\/2023\/04\/IF_Logo-Lituanie-RVB.jpg","width":827,"height":555,"caption":"Pranc\u016bz\u0173 institutas"},"image":{"@id":"https:\/\/www.institutfrancais-lituanie.com\/fr\/#\/schema\/logo\/image\/"},"sameAs":["https:\/\/www.facebook.com\/prancuzuinstitutas\/","https:\/\/www.instagram.com\/institut_francais_lituanie\/"]}]}},"_links":{"self":[{"href":"https:\/\/www.institutfrancais-lituanie.com\/fr\/wp-json\/wp\/v2\/pages\/2042"}],"collection":[{"href":"https:\/\/www.institutfrancais-lituanie.com\/fr\/wp-json\/wp\/v2\/pages"}],"about":[{"href":"https:\/\/www.institutfrancais-lituanie.com\/fr\/wp-json\/wp\/v2\/types\/page"}],"author":[{"embeddable":true,"href":"https:\/\/www.institutfrancais-lituanie.com\/fr\/wp-json\/wp\/v2\/users\/2"}],"replies":[{"embeddable":true,"href":"https:\/\/www.institutfrancais-lituanie.com\/fr\/wp-json\/wp\/v2\/comments?post=2042"}],"version-history":[{"count":5,"href":"https:\/\/www.institutfrancais-lituanie.com\/fr\/wp-json\/wp\/v2\/pages\/2042\/revisions"}],"predecessor-version":[{"id":3390,"href":"https:\/\/www.institutfrancais-lituanie.com\/fr\/wp-json\/wp\/v2\/pages\/2042\/revisions\/3390"}],"wp:attachment":[{"href":"https:\/\/www.institutfrancais-lituanie.com\/fr\/wp-json\/wp\/v2\/media?parent=2042"}],"curies":[{"name":"wp","href":"https:\/\/api.w.org\/{rel}","templated":true}]}}