{"id":1971,"date":"2018-12-04T13:10:10","date_gmt":"2018-12-04T13:10:10","guid":{"rendered":"http:\/\/institutfrancais-lituanie.com\/?page_id=1971"},"modified":"2026-01-20T08:56:56","modified_gmt":"2026-01-20T08:56:56","slug":"tarifs-2020","status":"publish","type":"page","link":"https:\/\/www.institutfrancais-lituanie.com\/fr\/cours-francais\/tarifs-2020\/","title":{"rendered":"Tarifs des cours de fran\u00e7ais"},"content":{"rendered":"<div class=\"wpb-content-wrapper\"><p>[vc_row][vc_column][vc_column_text css=&#8221;&#8221;]<\/p>\n<table class=\"spip\" style=\"width: 100%; border-style: solid; border-color: #c9c7c7; height: 630px;\">\n<tbody>\n<tr class=\"row_even\" style=\"height: 21px;\">\n<td style=\"width: 351.5px; border-color: #b8b8b8; border-style: solid; height: 21px;\"><span style=\"color: #008ac9;\"><strong class=\"spip\">TYPE DE COURS <\/strong><\/span><\/td>\n<td style=\"width: 154.5px; border-color: #b8b8b8; border-style: solid; height: 21px;\"><center><strong class=\"spip\">TARIF PLEIN<\/strong><\/center><\/td>\n<\/tr>\n<tr class=\"row_odd\" style=\"height: 21px;\">\n<td style=\"width: 531px; border-color: #b8b8b8; border-style: solid; height: 21px;\" colspan=\"2\"><span style=\"color: #008ac9;\">COURS EXTENSIFS ET INTENSIFS (30 h)<\/span><\/td>\n<\/tr>\n<tr class=\"row_even\" style=\"height: 21px;\">\n<td style=\"width: 351.5px; border-color: #b8b8b8; border-style: solid; height: 21px;\">Tarifs standard<\/td>\n<td style=\"width: 154.5px; border-color: #b8b8b8; border-style: solid; height: 21px;\"><center>290 \u20ac<\/center><\/td>\n<\/tr>\n<tr class=\"row_even\" style=\"height: 21px;\">\n<td style=\"width: 531px; border-color: #b8b8b8; border-style: solid; height: 21px;\" colspan=\"2\"><span style=\"color: #008ac9;\">COURS POUR ADOLESCENTS (12-15 ans) (30 h)<\/span><\/td>\n<\/tr>\n<tr class=\"row_odd\" style=\"height: 21px;\">\n<td style=\"width: 351.5px; border-color: #b8b8b8; border-style: solid; height: 21px;\">Tarifs standard<\/td>\n<td style=\"width: 154.5px; border-color: #b8b8b8; border-style: solid; height: 21px;\"><center>290 \u20ac<\/center><\/td>\n<\/tr>\n<tr class=\"row_even\" style=\"height: 21px;\">\n<td style=\"width: 531px; border-color: #b8b8b8; border-style: solid; height: 21px;\" colspan=\"2\"><span style=\"color: #008ac9;\">COURS POUR ENFANTS (7-10 ans) (40 h acad\u00e9miques)<\/span><\/td>\n<\/tr>\n<tr class=\"row_odd\" style=\"height: 21px;\">\n<td style=\"width: 351.5px; border-color: #b8b8b8; border-style: solid; height: 21px;\">Tarifs standard<\/td>\n<td style=\"width: 154.5px; border-color: #b8b8b8; border-style: solid; height: 21px;\"><center>210 \u20ac<\/center><\/td>\n<\/tr>\n<tr class=\"row_even\" style=\"height: 21px;\">\n<td style=\"width: 531px; border-color: #b8b8b8; border-style: solid; height: 21px;\" colspan=\"2\"><span style=\"color: #008ac9;\">CLUB DES TOUT-PETITS (4\u20136 ans) (20 h acad\u00e9miques)<\/span><\/td>\n<\/tr>\n<tr class=\"row_odd\" style=\"height: 21px;\">\n<td style=\"width: 351.5px; border-color: #b8b8b8; border-style: solid; height: 21px;\">Tarif unique<\/td>\n<td style=\"width: 154.5px; border-color: #b8b8b8; border-style: solid; height: 21px;\"><center>140 \u20ac<\/center><\/td>\n<\/tr>\n<tr class=\"row_odd\" style=\"height: 21px;\">\n<td style=\"width: 531px; border-color: #b8b8b8; border-style: solid; height: 21px;\" colspan=\"2\"><span style=\"color: #008ac9;\">ATELIERS (16 h acad\u00e9miques)<\/span><\/td>\n<\/tr>\n<tr class=\"row_even\" style=\"height: 21px;\">\n<td style=\"width: 351.5px; border-color: #b8b8b8; border-style: solid; height: 21px;\">Tarif unique<\/td>\n<td style=\"width: 154.5px; border-color: #b8b8b8; border-style: solid; height: 21px;\"><center>110 \u20ac<\/center><\/td>\n<\/tr>\n<tr class=\"row_even\" style=\"height: 21px;\">\n<td style=\"width: 531px; border-color: #b8b8b8; border-style: solid; height: 21px;\" colspan=\"2\"><span style=\"color: #008ac9;\">COURS INDIVIDUELS<\/span><\/td>\n<\/tr>\n<tr class=\"row_odd\" style=\"height: 21px;\">\n<td style=\"width: 351.5px; border-color: #b8b8b8; border-style: solid; height: 21px;\">Tarifs pour 1 personne (60 min.)<\/td>\n<td style=\"width: 154.5px; border-color: #b8b8b8; border-style: solid; height: 21px;\"><center>40 \u20ac<\/center><\/td>\n<\/tr>\n<tr class=\"row_even\" style=\"height: 21px;\">\n<td style=\"width: 351.5px; border-color: #b8b8b8; border-style: solid; height: 21px;\">Tarifs pour 2 ou 3 personnes (60 min.)<\/td>\n<td style=\"width: 154.5px; border-color: #b8b8b8; border-style: solid; height: 21px;\"><center>52 \u20ac<\/center><\/td>\n<\/tr>\n<tr class=\"row_even\" style=\"height: 21px;\">\n<td style=\"width: 351.5px; border-color: #b8b8b8; border-style: solid; height: 21px;\">Tarifs pour 4 ou 5 personnes (60 min.)<\/td>\n<td style=\"width: 154.5px; border-color: #b8b8b8; border-style: solid; height: 21px;\"><center>70 \u20ac<\/center><\/td>\n<\/tr>\n<tr class=\"row_odd\" style=\"height: 21px;\">\n<td style=\"height: 21px; width: 425px; border-style: solid; border-color: #c9c9c9;\" colspan=\"2\"><span style=\"color: #008ac9;\">EXAMENS<\/span><\/td>\n<\/tr>\n<tr class=\"row_even\" style=\"height: 21px;\">\n<td style=\"height: 21px; width: 227px; border-style: solid; border-color: #c9c9c9;\">DELF A1<\/td>\n<td style=\"height: 21px; width: 173px; border-style: solid; border-color: #c9c9c9;\"><center>80 \u20ac<\/center><\/td>\n<\/tr>\n<tr>\n<td style=\"width: 227px; border-style: solid; border-color: #c9c9c9;\">DELF A2<\/td>\n<td style=\"width: 173px; border-style: solid; border-color: #c9c9c9; text-align: center;\">85 \u20ac<\/td>\n<\/tr>\n<tr class=\"row_even\" style=\"height: 21px;\">\n<td style=\"height: 21px; width: 227px; border-style: solid; border-color: #c9c9c9;\">DELF B1<\/td>\n<td style=\"height: 21px; width: 173px; border-style: solid; border-color: #c9c9c9;\"><center>130 \u20ac<\/center><\/td>\n<\/tr>\n<tr class=\"row_even\" style=\"height: 21px;\">\n<td style=\"height: 21px; width: 227px; border-style: solid; border-color: #c9c9c9;\">DELF B2<\/td>\n<td style=\"height: 21px; width: 173px; border-style: solid; border-color: #c9c9c9;\"><center>170 \u20ac<\/center><\/td>\n<\/tr>\n<tr>\n<td style=\"width: 227px; border-style: solid; border-color: #c9c9c9;\">DALF C1 \/ DALF C2<\/td>\n<td style=\"width: 173px; border-style: solid; border-color: #c9c9c9; text-align: center;\">190 \u20ac<\/td>\n<\/tr>\n<tr class=\"row_even\" style=\"height: 21px;\">\n<td style=\"height: 21px; width: 227px; border-style: solid; border-color: #c9c9c9;\">TCF Tout public (\u00e9preuves obligatoires)<\/td>\n<td style=\"height: 21px; width: 173px; border-style: solid; border-color: #c9c9c9;\"><center>105 \u20ac<\/center><\/td>\n<\/tr>\n<tr class=\"row_even\" style=\"height: 21px;\">\n<td style=\"height: 21px; width: 227px; border-style: solid; border-color: #c9c9c9;\">TCF Tout public (expression \u00e9crite \/ expression orale)<\/td>\n<td style=\"height: 21px; width: 173px; border-style: solid; border-color: #c9c9c9;\"><center>80 \u20ac chacune<\/center><\/td>\n<\/tr>\n<tr class=\"row_even\" style=\"height: 21px;\">\n<td style=\"height: 21px; width: 227px; border-style: solid; border-color: #c9c9c9;\">TCF Qu\u00e9bec (4 \u00e9preuves au choix : compr\u00e9hension \u00e9crite, compr\u00e9hension orale, expression \u00e9crite, expression orale)<\/td>\n<td style=\"height: 21px; width: 173px; border-style: solid; border-color: #c9c9c9;\"><center>70 \u20ac chacune<\/center><\/td>\n<\/tr>\n<tr class=\"row_even\" style=\"height: 21px;\">\n<td style=\"height: 21px; width: 227px; border-style: solid; border-color: #c9c9c9;\">TCF Canada (test int\u00e9gral)<\/td>\n<td style=\"height: 21px; width: 173px; border-style: solid; border-color: #c9c9c9;\"><center>210 \u20ac<\/center><\/td>\n<\/tr>\n<tr class=\"row_even\" style=\"height: 21px;\">\n<td style=\"height: 21px; width: 227px; border-style: solid; border-color: #c9c9c9;\">DFP A1 \/ A2<\/td>\n<td style=\"height: 21px; width: 173px; border-style: solid; border-color: #c9c9c9; text-align: center;\">95 \u20ac<\/td>\n<\/tr>\n<tr class=\"row_even\" style=\"height: 21px;\">\n<td style=\"height: 21px; width: 227px; border-style: solid; border-color: #c9c9c9;\">DFP B1 \/ C1<\/td>\n<td style=\"height: 21px; width: 173px; border-style: solid; border-color: #c9c9c9;\"><center>120 \u20ac<\/center><\/td>\n<\/tr>\n<tr class=\"row_odd\" style=\"height: 21px;\">\n<td style=\"width: 531px; border-color: #b8b8b8; border-style: solid; height: 21px;\" colspan=\"2\"><span style=\"color: #008ac9;\">COURS DE PREPARATION AU DELF\/DALF (12 h acad\u00e9miques)<\/span><\/td>\n<\/tr>\n<tr class=\"row_even\" style=\"height: 21px;\">\n<td style=\"width: 351.5px; border-color: #b8b8b8; border-style: solid; height: 21px;\">Tarifs unique<\/td>\n<td style=\"width: 154.5px; border-color: #b8b8b8; border-style: solid; height: 21px;\"><center>110 \u20ac<\/center><\/td>\n<\/tr>\n<tr class=\"row_even\" style=\"height: 21px;\">\n<td style=\"width: 531px; border-color: #b8b8b8; border-style: solid; height: 21px;\" colspan=\"2\"><span style=\"color: #008ac9;\">ABONNEMENT A LA MEDIATHEQUE POUR 1 AN<\/span><\/td>\n<\/tr>\n<tr class=\"row_odd\" style=\"height: 21px;\">\n<td style=\"width: 351.5px; border-color: #b8b8b8; border-style: solid; height: 21px;\">Tarif standard<\/td>\n<td style=\"width: 154.5px; border-color: #b8b8b8; border-style: solid; height: 21px;\"><center>15 \u20ac<\/center><\/td>\n<\/tr>\n<tr class=\"row_even\" style=\"height: 21px;\">\n<td style=\"width: 351.5px; border-color: #b8b8b8; border-style: solid; height: 21px;\">Pour les inscrits aux cours<\/td>\n<td style=\"width: 154.5px; border-color: #b8b8b8; border-style: solid; height: 21px;\"><center>GRATUIT<\/center><\/td>\n<\/tr>\n<\/tbody>\n<\/table>\n<p>[\/vc_column_text][\/vc_column][\/vc_row][vc_row][vc_column][vc_separator][\/vc_column][\/vc_row][vc_row color=&#8221;&#8221; message_box_style=&#8221;standard&#8221; style=&#8221;rounded&#8221; message_box_color=&#8221;grey&#8221; icon_type=&#8221;fontawesome&#8221; icon_fontawesome=&#8221;fa fa-info-circle&#8221; icon_monosocial=&#8221;vc-mono vc-mono-fivehundredpx&#8221; icon_openiconic=&#8221;&#8221; icon_typicons=&#8221;&#8221; icon_entypo=&#8221;&#8221; icon_linecons=&#8221;&#8221; icon_pixelicons=&#8221;&#8221;][vc_column][vc_message message_box_color=&#8221;grey&#8221;]<span style=\"font-size: 12pt;\"><strong><span style=\"color: #008ac9;\">R\u00c9DUCTIONS<\/span><\/strong><\/span><\/p>\n<p>Tarif r\u00e9duit (scolaires, \u00e9tudiants, ch\u00f4meurs) : <strong>&#8211; 10 %<\/strong><\/p>\n<p>&nbsp;<\/p>\n<p><span style=\"font-size: 12pt;\"><strong><span style=\"color: #008ac9;\">REMARQUES<\/span><\/strong><\/span><br \/>\n&#8211; Le manuel n\u2019est pas inclus dans le prix des cours.<br \/>\n&#8211; Le test d\u2019orientation lors de l\u2019inscription aux cours est gratuit.<br \/>\n&#8211; L\u2019abonnement pour un an \u00e0 la m\u00e9diath\u00e8que de l\u2019Institut fran\u00e7ais est gratuite pour tous les inscrits aux cours. L\u2019inscription se fait \u00e0 l\u2019accueil de la m\u00e9diath\u00e8que.[\/vc_message][\/vc_column][\/vc_row][vc_row][vc_column][vc_message]<a href=\"https:\/\/www.institutfrancais-lituanie.com\/fr\/cours-francais\/reglement-des-cours-de-francais\/\" target=\"_blank\" rel=\"noopener noreferrer\">R\u00c8GLEMENT DES COURS<\/a>[\/vc_message][\/vc_column][\/vc_row][vc_row color=&#8221;&#8221; message_box_style=&#8221;standard&#8221; style=&#8221;rounded&#8221; message_box_color=&#8221;info&#8221; icon_type=&#8221;fontawesome&#8221; icon_fontawesome=&#8221;fas fa-envelope&#8221; icon_monosocial=&#8221;vc-mono vc-mono-fivehundredpx&#8221; icon_openiconic=&#8221;&#8221; icon_typicons=&#8221;&#8221; icon_entypo=&#8221;&#8221; icon_linecons=&#8221;&#8221; icon_pixelicons=&#8221;&#8221;][vc_column][vc_message icon_fontawesome=&#8221;fas fa-envelope&#8221; css=&#8221;&#8221;]<strong>Service des cours de fran\u00e7ais<\/strong><br \/>\n<strong>Pour toute demande :<\/strong><br \/>\nMeda Zabala\u00a0<strong>+370 5 219 9655\u00a0 \u00a0<\/strong><br \/>\nmeda.zabala@institutfrancais-lituanie.com<br \/>\n<strong>Accueil t\u00e9l\u00e9phonique de l\u2019Institut :\u00a0<\/strong><br \/>\nDu lundi au vendredi de 9h \u00e0 16h30 :\u00a0<strong>+370 5 219 96 96<\/strong>[\/vc_message][\/vc_column][\/vc_row]<\/p>\n<\/div>","protected":false},"excerpt":{"rendered":"[vc_row][vc_column][vc_column_text css=\"\"] TYPE DE COURS TARIF PLEIN COURS EXTENSIFS ET INTENSIFS (30 h) Tarifs standard&hellip;","protected":false},"author":2,"featured_media":3130,"parent":1736,"menu_order":0,"comment_status":"closed","ping_status":"closed","template":"page-sidebar.php","meta":{"footnotes":""},"class_list":["post-1971","page","type-page","status-publish","has-post-thumbnail","hentry"],"yoast_head":"<!-- This site is optimized with the Yoast SEO plugin v23.2 - https:\/\/yoast.com\/wordpress\/plugins\/seo\/ -->\n<title>Tarifs des cours de fran\u00e7ais - IF Lituanie<\/title>\n<meta name=\"robots\" content=\"index, follow, max-snippet:-1, max-image-preview:large, max-video-preview:-1\" \/>\n<link rel=\"canonical\" href=\"https:\/\/www.institutfrancais-lituanie.com\/fr\/cours-francais\/tarifs-2020\/\" \/>\n<meta property=\"og:locale\" content=\"fr_FR\" \/>\n<meta property=\"og:type\" content=\"article\" \/>\n<meta property=\"og:title\" content=\"Tarifs des cours de fran\u00e7ais - IF Lituanie\" \/>\n<meta property=\"og:url\" content=\"https:\/\/www.institutfrancais-lituanie.com\/fr\/cours-francais\/tarifs-2020\/\" \/>\n<meta property=\"og:site_name\" content=\"IF Lituanie\" \/>\n<meta property=\"article:publisher\" content=\"https:\/\/www.facebook.com\/prancuzuinstitutas\/\" \/>\n<meta property=\"article:modified_time\" content=\"2026-01-20T08:56:56+00:00\" \/>\n<meta property=\"og:image\" content=\"https:\/\/www.institutfrancais-lituanie.com\/wp-content\/uploads\/2019\/01\/Kainos.jpg\" \/>\n\t<meta property=\"og:image:width\" content=\"1170\" \/>\n\t<meta property=\"og:image:height\" content=\"585\" \/>\n\t<meta property=\"og:image:type\" content=\"image\/jpeg\" \/>\n<meta name=\"twitter:card\" content=\"summary_large_image\" \/>\n<meta name=\"twitter:label1\" content=\"Est. reading time\" \/>\n\t<meta name=\"twitter:data1\" content=\"2 minutes\" \/>\n<script type=\"application\/ld+json\" class=\"yoast-schema-graph\">{\"@context\":\"https:\/\/schema.org\",\"@graph\":[{\"@type\":\"WebPage\",\"@id\":\"https:\/\/www.institutfrancais-lituanie.com\/fr\/cours-francais\/tarifs-2020\/\",\"url\":\"https:\/\/www.institutfrancais-lituanie.com\/fr\/cours-francais\/tarifs-2020\/\",\"name\":\"Tarifs des cours de fran\u00e7ais - IF Lituanie\",\"isPartOf\":{\"@id\":\"https:\/\/www.institutfrancais-lituanie.com\/fr\/#website\"},\"primaryImageOfPage\":{\"@id\":\"https:\/\/www.institutfrancais-lituanie.com\/fr\/cours-francais\/tarifs-2020\/#primaryimage\"},\"image\":{\"@id\":\"https:\/\/www.institutfrancais-lituanie.com\/fr\/cours-francais\/tarifs-2020\/#primaryimage\"},\"thumbnailUrl\":\"https:\/\/www.institutfrancais-lituanie.com\/wp-content\/uploads\/2019\/01\/Kainos.jpg\",\"datePublished\":\"2018-12-04T13:10:10+00:00\",\"dateModified\":\"2026-01-20T08:56:56+00:00\",\"breadcrumb\":{\"@id\":\"https:\/\/www.institutfrancais-lituanie.com\/fr\/cours-francais\/tarifs-2020\/#breadcrumb\"},\"inLanguage\":\"fr-FR\",\"potentialAction\":[{\"@type\":\"ReadAction\",\"target\":[\"https:\/\/www.institutfrancais-lituanie.com\/fr\/cours-francais\/tarifs-2020\/\"]}]},{\"@type\":\"ImageObject\",\"inLanguage\":\"fr-FR\",\"@id\":\"https:\/\/www.institutfrancais-lituanie.com\/fr\/cours-francais\/tarifs-2020\/#primaryimage\",\"url\":\"https:\/\/www.institutfrancais-lituanie.com\/wp-content\/uploads\/2019\/01\/Kainos.jpg\",\"contentUrl\":\"https:\/\/www.institutfrancais-lituanie.com\/wp-content\/uploads\/2019\/01\/Kainos.jpg\",\"width\":1170,\"height\":585},{\"@type\":\"BreadcrumbList\",\"@id\":\"https:\/\/www.institutfrancais-lituanie.com\/fr\/cours-francais\/tarifs-2020\/#breadcrumb\",\"itemListElement\":[{\"@type\":\"ListItem\",\"position\":1,\"name\":\"Home\",\"item\":\"https:\/\/www.institutfrancais-lituanie.com\/fr\/\"},{\"@type\":\"ListItem\",\"position\":2,\"name\":\"Cours et examens\",\"item\":\"https:\/\/www.institutfrancais-lituanie.com\/fr\/cours-francais\/\"},{\"@type\":\"ListItem\",\"position\":3,\"name\":\"Tarifs des cours de fran\u00e7ais\"}]},{\"@type\":\"WebSite\",\"@id\":\"https:\/\/www.institutfrancais-lituanie.com\/fr\/#website\",\"url\":\"https:\/\/www.institutfrancais-lituanie.com\/fr\/\",\"name\":\"IF Lituanie\",\"description\":\"Pranc\u016bz\u0173 kalbos kursai, kult\u016bra, mediateka...\",\"publisher\":{\"@id\":\"https:\/\/www.institutfrancais-lituanie.com\/fr\/#organization\"},\"potentialAction\":[{\"@type\":\"SearchAction\",\"target\":{\"@type\":\"EntryPoint\",\"urlTemplate\":\"https:\/\/www.institutfrancais-lituanie.com\/fr\/?s={search_term_string}\"},\"query-input\":\"required name=search_term_string\"}],\"inLanguage\":\"fr-FR\"},{\"@type\":\"Organization\",\"@id\":\"https:\/\/www.institutfrancais-lituanie.com\/fr\/#organization\",\"name\":\"Pranc\u016bz\u0173 institutas\",\"url\":\"https:\/\/www.institutfrancais-lituanie.com\/fr\/\",\"logo\":{\"@type\":\"ImageObject\",\"inLanguage\":\"fr-FR\",\"@id\":\"https:\/\/www.institutfrancais-lituanie.com\/fr\/#\/schema\/logo\/image\/\",\"url\":\"https:\/\/www.institutfrancais-lituanie.com\/wp-content\/uploads\/2023\/04\/IF_Logo-Lituanie-RVB.jpg\",\"contentUrl\":\"https:\/\/www.institutfrancais-lituanie.com\/wp-content\/uploads\/2023\/04\/IF_Logo-Lituanie-RVB.jpg\",\"width\":827,\"height\":555,\"caption\":\"Pranc\u016bz\u0173 institutas\"},\"image\":{\"@id\":\"https:\/\/www.institutfrancais-lituanie.com\/fr\/#\/schema\/logo\/image\/\"},\"sameAs\":[\"https:\/\/www.facebook.com\/prancuzuinstitutas\/\",\"https:\/\/www.instagram.com\/institut_francais_lituanie\/\"]}]}<\/script>\n<!-- \/ Yoast SEO plugin. -->","yoast_head_json":{"title":"Tarifs des cours de fran\u00e7ais - IF Lituanie","robots":{"index":"index","follow":"follow","max-snippet":"max-snippet:-1","max-image-preview":"max-image-preview:large","max-video-preview":"max-video-preview:-1"},"canonical":"https:\/\/www.institutfrancais-lituanie.com\/fr\/cours-francais\/tarifs-2020\/","og_locale":"fr_FR","og_type":"article","og_title":"Tarifs des cours de fran\u00e7ais - IF Lituanie","og_url":"https:\/\/www.institutfrancais-lituanie.com\/fr\/cours-francais\/tarifs-2020\/","og_site_name":"IF Lituanie","article_publisher":"https:\/\/www.facebook.com\/prancuzuinstitutas\/","article_modified_time":"2026-01-20T08:56:56+00:00","og_image":[{"width":1170,"height":585,"url":"https:\/\/www.institutfrancais-lituanie.com\/wp-content\/uploads\/2019\/01\/Kainos.jpg","type":"image\/jpeg"}],"twitter_card":"summary_large_image","twitter_misc":{"Est. reading time":"2 minutes"},"schema":{"@context":"https:\/\/schema.org","@graph":[{"@type":"WebPage","@id":"https:\/\/www.institutfrancais-lituanie.com\/fr\/cours-francais\/tarifs-2020\/","url":"https:\/\/www.institutfrancais-lituanie.com\/fr\/cours-francais\/tarifs-2020\/","name":"Tarifs des cours de fran\u00e7ais - IF Lituanie","isPartOf":{"@id":"https:\/\/www.institutfrancais-lituanie.com\/fr\/#website"},"primaryImageOfPage":{"@id":"https:\/\/www.institutfrancais-lituanie.com\/fr\/cours-francais\/tarifs-2020\/#primaryimage"},"image":{"@id":"https:\/\/www.institutfrancais-lituanie.com\/fr\/cours-francais\/tarifs-2020\/#primaryimage"},"thumbnailUrl":"https:\/\/www.institutfrancais-lituanie.com\/wp-content\/uploads\/2019\/01\/Kainos.jpg","datePublished":"2018-12-04T13:10:10+00:00","dateModified":"2026-01-20T08:56:56+00:00","breadcrumb":{"@id":"https:\/\/www.institutfrancais-lituanie.com\/fr\/cours-francais\/tarifs-2020\/#breadcrumb"},"inLanguage":"fr-FR","potentialAction":[{"@type":"ReadAction","target":["https:\/\/www.institutfrancais-lituanie.com\/fr\/cours-francais\/tarifs-2020\/"]}]},{"@type":"ImageObject","inLanguage":"fr-FR","@id":"https:\/\/www.institutfrancais-lituanie.com\/fr\/cours-francais\/tarifs-2020\/#primaryimage","url":"https:\/\/www.institutfrancais-lituanie.com\/wp-content\/uploads\/2019\/01\/Kainos.jpg","contentUrl":"https:\/\/www.institutfrancais-lituanie.com\/wp-content\/uploads\/2019\/01\/Kainos.jpg","width":1170,"height":585},{"@type":"BreadcrumbList","@id":"https:\/\/www.institutfrancais-lituanie.com\/fr\/cours-francais\/tarifs-2020\/#breadcrumb","itemListElement":[{"@type":"ListItem","position":1,"name":"Home","item":"https:\/\/www.institutfrancais-lituanie.com\/fr\/"},{"@type":"ListItem","position":2,"name":"Cours et examens","item":"https:\/\/www.institutfrancais-lituanie.com\/fr\/cours-francais\/"},{"@type":"ListItem","position":3,"name":"Tarifs des cours de fran\u00e7ais"}]},{"@type":"WebSite","@id":"https:\/\/www.institutfrancais-lituanie.com\/fr\/#website","url":"https:\/\/www.institutfrancais-lituanie.com\/fr\/","name":"IF Lituanie","description":"Pranc\u016bz\u0173 kalbos kursai, kult\u016bra, mediateka...","publisher":{"@id":"https:\/\/www.institutfrancais-lituanie.com\/fr\/#organization"},"potentialAction":[{"@type":"SearchAction","target":{"@type":"EntryPoint","urlTemplate":"https:\/\/www.institutfrancais-lituanie.com\/fr\/?s={search_term_string}"},"query-input":"required name=search_term_string"}],"inLanguage":"fr-FR"},{"@type":"Organization","@id":"https:\/\/www.institutfrancais-lituanie.com\/fr\/#organization","name":"Pranc\u016bz\u0173 institutas","url":"https:\/\/www.institutfrancais-lituanie.com\/fr\/","logo":{"@type":"ImageObject","inLanguage":"fr-FR","@id":"https:\/\/www.institutfrancais-lituanie.com\/fr\/#\/schema\/logo\/image\/","url":"https:\/\/www.institutfrancais-lituanie.com\/wp-content\/uploads\/2023\/04\/IF_Logo-Lituanie-RVB.jpg","contentUrl":"https:\/\/www.institutfrancais-lituanie.com\/wp-content\/uploads\/2023\/04\/IF_Logo-Lituanie-RVB.jpg","width":827,"height":555,"caption":"Pranc\u016bz\u0173 institutas"},"image":{"@id":"https:\/\/www.institutfrancais-lituanie.com\/fr\/#\/schema\/logo\/image\/"},"sameAs":["https:\/\/www.facebook.com\/prancuzuinstitutas\/","https:\/\/www.instagram.com\/institut_francais_lituanie\/"]}]}},"_links":{"self":[{"href":"https:\/\/www.institutfrancais-lituanie.com\/fr\/wp-json\/wp\/v2\/pages\/1971"}],"collection":[{"href":"https:\/\/www.institutfrancais-lituanie.com\/fr\/wp-json\/wp\/v2\/pages"}],"about":[{"href":"https:\/\/www.institutfrancais-lituanie.com\/fr\/wp-json\/wp\/v2\/types\/page"}],"author":[{"embeddable":true,"href":"https:\/\/www.institutfrancais-lituanie.com\/fr\/wp-json\/wp\/v2\/users\/2"}],"replies":[{"embeddable":true,"href":"https:\/\/www.institutfrancais-lituanie.com\/fr\/wp-json\/wp\/v2\/comments?post=1971"}],"version-history":[{"count":36,"href":"https:\/\/www.institutfrancais-lituanie.com\/fr\/wp-json\/wp\/v2\/pages\/1971\/revisions"}],"predecessor-version":[{"id":18127,"href":"https:\/\/www.institutfrancais-lituanie.com\/fr\/wp-json\/wp\/v2\/pages\/1971\/revisions\/18127"}],"up":[{"embeddable":true,"href":"https:\/\/www.institutfrancais-lituanie.com\/fr\/wp-json\/wp\/v2\/pages\/1736"}],"wp:featuredmedia":[{"embeddable":true,"href":"https:\/\/www.institutfrancais-lituanie.com\/fr\/wp-json\/wp\/v2\/media\/3130"}],"wp:attachment":[{"href":"https:\/\/www.institutfrancais-lituanie.com\/fr\/wp-json\/wp\/v2\/media?parent=1971"}],"curies":[{"name":"wp","href":"https:\/\/api.w.org\/{rel}","templated":true}]}}