{"id":1961,"date":"2018-12-04T11:57:26","date_gmt":"2018-12-04T11:57:26","guid":{"rendered":"http:\/\/institutfrancais-lituanie.com\/?page_id=1961"},"modified":"2026-04-07T14:01:33","modified_gmt":"2026-04-07T14:01:33","slug":"calendrier-2019","status":"publish","type":"page","link":"https:\/\/www.institutfrancais-lituanie.com\/fr\/cours-francais\/calendrier-2019\/","title":{"rendered":"Calendrier"},"content":{"rendered":"<div class=\"wpb-content-wrapper\"><p>[vc_row][vc_column][vc_message css=&#8221;&#8221;]<\/p>\n<h4><strong>CALENDRIER 2025<\/strong><\/h4>\n<p>[\/vc_message][vc_message message_box_color=&#8221;alert-danger&#8221;]<span style=\"font-size: 12pt;\"><strong>L&#8217;inscription aux cours et aux examens commence 1 mois avant le d\u00e9but des cours et des examens.<\/strong><\/span>[\/vc_message][vc_column_text css=&#8221;&#8221;]<\/p>\n<table class=\" alignleft\" style=\"width: 100%; border-color: #bfbfbf;\">\n<tbody>\n<tr>\n<td style=\"width: 100%;\">\n<h3><span style=\"color: #008ac9;\"><strong>COURS DE FRAN\u00c7AIS POUR ADULTES<\/strong><\/span><\/h3>\n<\/td>\n<\/tr>\n<tr>\n<td style=\"width: 100%;\">\n<h3><a href=\"https:\/\/www.institutfrancais-lituanie.com\/fr\/cours-francais\/cours-generaux\/cours-extensifs-25-mois\/\" target=\"_blank\" rel=\"noopener\"><span style=\"color: #008ac9;\"><strong>Cours de fran\u00e7ais en groupe ( 2 mois )\u00a0\u00a0<\/strong><\/span><\/a><\/h3>\n<\/td>\n<\/tr>\n<tr>\n<td style=\"width: 100%;\">\n<ul>\n<li>04\/05 \u2013 28\/06\/2026<\/li>\n<\/ul>\n<\/td>\n<\/tr>\n<tr>\n<td style=\"width: 100%;\">\n<h3><a href=\"https:\/\/www.institutfrancais-lituanie.com\/prancuzu-kalbos-kursai-ir-egzaminai\/kursai-sestadieniais\/bendrieji-kursai-sestadieniais\/\" target=\"_blank\" rel=\"noopener\"><span style=\"color: #008ac9;\"><strong>Cours de fran\u00e7ais en groupe &#8211; samedi (2.5 mois)<\/strong><\/span><\/a><\/h3>\n<\/td>\n<\/tr>\n<tr>\n<td style=\"width: 100%;\">\n<ul>\n<li>09\/05 \u2013 11\/07\/2026<\/li>\n<\/ul>\n<\/td>\n<\/tr>\n<tr>\n<td style=\"width: 100%;\">\n<h3><a href=\"https:\/\/www.institutfrancais-lituanie.com\/prancuzu-kalbos-kursai-ir-egzaminai\/bendrieji-kursai\/3-savaiciu-intensyvus-kursai\/\" target=\"_blank\" rel=\"noopener\"><span style=\"color: #008ac9;\"><strong>Cours de fran\u00e7ais intensifs (3 sem.)<\/strong><\/span><\/a><\/h3>\n<\/td>\n<\/tr>\n<tr>\n<td style=\"width: 100%;\">\n<ul>\n<li>23\/05 \u2013\u00a0 31\/07\/2026<\/li>\n<li>29\/06 \u2013 16\/08\/2026<\/li>\n<\/ul>\n<\/td>\n<\/tr>\n<tr>\n<td style=\"width: 100%;\">\n<h3><a href=\"https:\/\/www.institutfrancais-lituanie.com\/prancuzu-kalbos-kursai-ir-egzaminai\/prancuzu-kalbos-kursai-nuotoliniu-budu\/pkkursai\/\" target=\"_blank\" rel=\"noopener\"><span style=\"color: #008ac9;\"><strong>Cours de fran\u00e7ais semi-intensifs (8 sem.)<\/strong><\/span><\/a><\/h3>\n<\/td>\n<\/tr>\n<tr>\n<td style=\"width: 100%;\">\n<ul>\n<li>Plus d&#8217;informations \u00e0 venir prochainement<\/li>\n<\/ul>\n<\/td>\n<\/tr>\n<tr>\n<td style=\"width: 100%;\">\n<h3><a href=\"https:\/\/www.institutfrancais-lituanie.com\/prancuzu-kalbos-kursai-ir-egzaminai\/tematiniai-kursai\/\" target=\"_blank\" rel=\"noopener\"><span style=\"color: #008ac9;\"><strong>Cours thematiques<\/strong><\/span><\/a><\/h3>\n<\/td>\n<\/tr>\n<tr>\n<td style=\"width: 100%;\">\n<ul>\n<li>Plus d&#8217;informations \u00e0 venir prochainement<\/li>\n<\/ul>\n<\/td>\n<\/tr>\n<tr>\n<td style=\"width: 100%;\">\n<h3><a href=\"https:\/\/www.institutfrancais-lituanie.com\/prancuzu-kalbos-kursai-ir-egzaminai\/tematiniai-kursai\/\" target=\"_blank\" rel=\"noopener\"><span style=\"color: #008ac9;\"><strong>Cours de pr\u00e9paration au test de DELF<\/strong><\/span><\/a><\/h3>\n<\/td>\n<\/tr>\n<tr>\n<td style=\"width: 100%;\">\n<ul>\n<li>1er et 8 f\u00e9vrier (uniquement pour le B2), 2026<\/li>\n<\/ul>\n<\/td>\n<\/tr>\n<\/tbody>\n<\/table>\n<p>[\/vc_column_text][vc_column_text css=&#8221;&#8221;]<\/p>\n<table class=\" alignleft\" style=\"width: 100%; border-color: #bfbfbf; height: 924px;\">\n<tbody>\n<tr style=\"height: 63px;\">\n<td style=\"width: 100%; height: 63px;\">\n<h3><span style=\"color: #008ac9;\"><strong>COURS ENFANTS ET ADOLESCENTS<\/strong><\/span><\/h3>\n<\/td>\n<\/tr>\n<tr style=\"height: 63px;\">\n<td style=\"width: 100%; height: 63px;\">\n<h3><a href=\"https:\/\/www.institutfrancais-lituanie.com\/prancuzu-kalbos-kursai-ir-egzaminai\/kursai-vaikams-ir-paaugliams\/\" target=\"_blank\" rel=\"noopener\"><span style=\"color: #008ac9;\"><strong>Cours jeune public<\/strong><\/span><\/a><\/h3>\n<\/td>\n<\/tr>\n<tr style=\"height: 104px;\">\n<td style=\"width: 100%; height: 104px;\">\n<ul>\n<li>04\/05 \u2013 28\/06\/2026<\/li>\n<\/ul>\n<\/td>\n<\/tr>\n<tr style=\"height: 63px;\">\n<td style=\"width: 100%; height: 63px;\">\n<h3><a href=\"https:\/\/www.institutfrancais-lituanie.com\/prancuzu-kalbos-kursai-ir-egzaminai\/kursai-vaikams-ir-paaugliams\/\" target=\"_blank\" rel=\"noopener\"><span style=\"color: #008ac9;\"><strong>Cours jeune public &#8211; samedi<\/strong><\/span><\/a><\/h3>\n<\/td>\n<\/tr>\n<tr style=\"height: 104px;\">\n<td style=\"width: 100%; height: 104px;\">\n<ul>\n<li>09\/05 \u2013 11\/07\/2026<\/li>\n<\/ul>\n<\/td>\n<\/tr>\n<tr style=\"height: 63px;\">\n<td style=\"width: 100%; height: 63px;\">\n<h3><a href=\"https:\/\/www.institutfrancais-lituanie.com\/prancuzu-kalbos-kursai-ir-egzaminai\/kursai-vaikams-ir-paaugliams\/vasaros-dienos-stovykla-vaikams-ir-paaugliams-vilniuje\/\" target=\"_blank\" rel=\"noopener\"><span style=\"color: #008ac9;\"><strong>Camps d&#8217;\u00e9t\u00e9<\/strong><\/span><\/a><\/h3>\n<\/td>\n<\/tr>\n<tr style=\"height: 21px;\">\n<td style=\"width: 100%; height: 21px;\">\n<ul>\n<li>29\/06 \u2013 16\/08\/2026<\/li>\n<\/ul>\n<\/td>\n<\/tr>\n<tr style=\"height: 63px;\">\n<td style=\"width: 100%; height: 63px;\">\n<h3><a href=\"https:\/\/www.institutfrancais-lituanie.com\/fr\/cours-francais\/examens\/\"><span style=\"color: #008ac9;\"><strong><b>EXAMENS ET TESTS DE FRANCAIS<\/b><\/strong><\/span><\/a><\/h3>\n<\/td>\n<\/tr>\n<tr style=\"height: 63px;\">\n<td style=\"width: 100%; height: 63px;\">\n<h3><a href=\"https:\/\/www.institutfrancais-lituanie.com\/fr\/cours-francais\/examens\/delf-dalf\/\" target=\"_blank\" rel=\"noopener\"><span style=\"color: #008ac9;\"><strong>DELF-DALF<\/strong><\/span><\/a><\/h3>\n<\/td>\n<\/tr>\n<tr style=\"height: 149px;\">\n<td style=\"width: 100%; height: 149px;\">19\/06\/2026 et 20\/06\/2026\u00a0DELF DALF TP et DELF Junior \u00a0\u00e0 l\u2019IFL \/ Kaunas VDU \/ \u0160iauliai Julius Janonis Gymnasium<\/p>\n<p>11\/09\/2026 DELF DALF TP \u00e0 l\u2019IFL<\/p>\n<p>13-14\/11\/2026 DELF DALF TP et DELF Junior \u00a0\u00e0 l\u2019IFL \/ Kaunas VDU \/ \u0160iauliai Julius Janonis Gymnasium<\/td>\n<\/tr>\n<tr style=\"height: 63px;\">\n<td style=\"width: 100%; height: 63px;\">\n<h3><a href=\"https:\/\/www.institutfrancais-lituanie.com\/fr\/cours-francais\/examens\/delf-prim\/\" target=\"_blank\" rel=\"noopener\"><span style=\"color: #008ac9;\"><strong>Delf Prim<\/strong><\/span><\/a><\/h3>\n<ul>\n<li>15\/05\/2026<\/li>\n<\/ul>\n<\/td>\n<\/tr>\n<tr style=\"height: 21px;\">\n<td style=\"width: 100%; height: 21px;\"><\/td>\n<\/tr>\n<tr style=\"height: 63px;\">\n<td style=\"width: 100%; height: 63px;\">\n<h3><a href=\"https:\/\/www.institutfrancais-lituanie.com\/fr\/cours-francais\/examens\/tcf-tests\/\" target=\"_blank\" rel=\"noopener\"><span style=\"color: #008ac9;\"><strong>TCF<\/strong><\/span><\/a><\/h3>\n<\/td>\n<\/tr>\n<tr style=\"height: 21px;\">\n<td style=\"width: 100%; height: 21px;\">Sur demande :\u00a0<span class=\"ContentPasted0 ContentPasted6\"><a href=\"mailto:edouard.farina@institutfrancais-lituanie.com\">coralie.krener@institutfrancais-lituanie.com\u00a0 \u00a0\u00a0<\/a><\/span><\/p>\n<p>A l&#8217;exception des p\u00e9riodes suivantes :<\/p>\n<ul>\n<li>du 10 mai au 24 mai<\/li>\n<li>tout le mois d&#8217;ao\u00fbt<\/li>\n<li>du 10 au 27 novembre<\/li>\n<\/ul>\n<\/td>\n<\/tr>\n<\/tbody>\n<\/table>\n<p>[\/vc_column_text][vc_column_text]<\/p>\n<table class=\" alignleft\" style=\"width: 100%; border-color: #bfbfbf;\">\n<tbody>\n<tr>\n<td style=\"width: 100%;\">\n<h3><span style=\"color: #008ac9;\"><strong>JOURS F\u00c9RI\u00c9S 2024<\/strong><\/span><\/h3>\n<\/td>\n<\/tr>\n<tr>\n<td style=\"width: 100%;\">\n<ul>\n<li>1 janvier<\/li>\n<li>16 f\u00e9vrier<\/li>\n<li>11 mars<\/li>\n<li>1er avril<\/li>\n<li>1 mai<\/li>\n<li>24 juin<\/li>\n<li>15 ao\u00fbt<\/li>\n<li>1 novembre<\/li>\n<li>24-25-26 d\u00e9cembre<\/li>\n<\/ul>\n<\/td>\n<\/tr>\n<\/tbody>\n<\/table>\n<p>[\/vc_column_text][\/vc_column][\/vc_row][vc_row][vc_column][vc_separator][\/vc_column][\/vc_row][vc_row color=&#8221;&#8221; message_box_style=&#8221;standard&#8221; style=&#8221;rounded&#8221; message_box_color=&#8221;info&#8221; icon_type=&#8221;fontawesome&#8221; icon_fontawesome=&#8221;fas fa-envelope&#8221; icon_monosocial=&#8221;vc-mono vc-mono-fivehundredpx&#8221; icon_openiconic=&#8221;&#8221; icon_typicons=&#8221;&#8221; icon_entypo=&#8221;&#8221; icon_linecons=&#8221;&#8221; icon_pixelicons=&#8221;&#8221;][vc_column][vc_message icon_fontawesome=&#8221;fas fa-envelope&#8221; css=&#8221;&#8221;]<strong>Service des cours de fran\u00e7ais<\/strong><br \/>\n<strong>Pour toute demande :<\/strong><br \/>\nMeda Zabala\u00a0<strong>+370 5 219 9655\u00a0 \u00a0<\/strong><br \/>\nmeda.zabala@institutfrancais-lituanie.com<br \/>\n<strong>Accueil t\u00e9l\u00e9phonique de l\u2019Institut :\u00a0<\/strong><br \/>\nDu lundi au vendredi de 9h \u00e0 16h30 :\u00a0<strong>+370 5 219 96 96<\/strong>[\/vc_message][\/vc_column][\/vc_row]<\/p>\n<\/div>","protected":false},"excerpt":{"rendered":"[vc_row][vc_column][vc_message css=\"\"] CALENDRIER 2025 [\/vc_message][vc_message message_box_color=\"alert-danger\"]L'inscription aux cours et aux examens commence 1 mois avant&hellip;","protected":false},"author":2,"featured_media":10558,"parent":1736,"menu_order":0,"comment_status":"closed","ping_status":"closed","template":"page-sidebar.php","meta":{"footnotes":""},"class_list":["post-1961","page","type-page","status-publish","has-post-thumbnail","hentry"],"yoast_head":"<!-- This site is optimized with the Yoast SEO plugin v23.2 - https:\/\/yoast.com\/wordpress\/plugins\/seo\/ -->\n<title>Calendrier - IF Lituanie<\/title>\n<meta name=\"robots\" content=\"index, follow, max-snippet:-1, max-image-preview:large, max-video-preview:-1\" \/>\n<link rel=\"canonical\" href=\"https:\/\/www.institutfrancais-lituanie.com\/fr\/cours-francais\/calendrier-2019\/\" \/>\n<meta property=\"og:locale\" content=\"fr_FR\" \/>\n<meta property=\"og:type\" content=\"article\" \/>\n<meta property=\"og:title\" content=\"Calendrier - IF Lituanie\" \/>\n<meta property=\"og:url\" content=\"https:\/\/www.institutfrancais-lituanie.com\/fr\/cours-francais\/calendrier-2019\/\" \/>\n<meta property=\"og:site_name\" content=\"IF Lituanie\" \/>\n<meta property=\"article:publisher\" content=\"https:\/\/www.facebook.com\/prancuzuinstitutas\/\" \/>\n<meta property=\"article:modified_time\" content=\"2026-04-07T14:01:33+00:00\" \/>\n<meta property=\"og:image\" content=\"https:\/\/www.institutfrancais-lituanie.com\/wp-content\/uploads\/2022\/02\/stil-Fj1aWk4LcNg-unsplash_web-01.jpg\" \/>\n\t<meta property=\"og:image:width\" content=\"1191\" \/>\n\t<meta property=\"og:image:height\" content=\"654\" \/>\n\t<meta property=\"og:image:type\" content=\"image\/jpeg\" \/>\n<meta name=\"twitter:card\" content=\"summary_large_image\" \/>\n<meta name=\"twitter:label1\" content=\"Est. reading time\" \/>\n\t<meta name=\"twitter:data1\" content=\"2 minutes\" \/>\n<script type=\"application\/ld+json\" class=\"yoast-schema-graph\">{\"@context\":\"https:\/\/schema.org\",\"@graph\":[{\"@type\":\"WebPage\",\"@id\":\"https:\/\/www.institutfrancais-lituanie.com\/fr\/cours-francais\/calendrier-2019\/\",\"url\":\"https:\/\/www.institutfrancais-lituanie.com\/fr\/cours-francais\/calendrier-2019\/\",\"name\":\"Calendrier - IF Lituanie\",\"isPartOf\":{\"@id\":\"https:\/\/www.institutfrancais-lituanie.com\/fr\/#website\"},\"primaryImageOfPage\":{\"@id\":\"https:\/\/www.institutfrancais-lituanie.com\/fr\/cours-francais\/calendrier-2019\/#primaryimage\"},\"image\":{\"@id\":\"https:\/\/www.institutfrancais-lituanie.com\/fr\/cours-francais\/calendrier-2019\/#primaryimage\"},\"thumbnailUrl\":\"https:\/\/www.institutfrancais-lituanie.com\/wp-content\/uploads\/2022\/02\/stil-Fj1aWk4LcNg-unsplash_web-01.jpg\",\"datePublished\":\"2018-12-04T11:57:26+00:00\",\"dateModified\":\"2026-04-07T14:01:33+00:00\",\"breadcrumb\":{\"@id\":\"https:\/\/www.institutfrancais-lituanie.com\/fr\/cours-francais\/calendrier-2019\/#breadcrumb\"},\"inLanguage\":\"fr-FR\",\"potentialAction\":[{\"@type\":\"ReadAction\",\"target\":[\"https:\/\/www.institutfrancais-lituanie.com\/fr\/cours-francais\/calendrier-2019\/\"]}]},{\"@type\":\"ImageObject\",\"inLanguage\":\"fr-FR\",\"@id\":\"https:\/\/www.institutfrancais-lituanie.com\/fr\/cours-francais\/calendrier-2019\/#primaryimage\",\"url\":\"https:\/\/www.institutfrancais-lituanie.com\/wp-content\/uploads\/2022\/02\/stil-Fj1aWk4LcNg-unsplash_web-01.jpg\",\"contentUrl\":\"https:\/\/www.institutfrancais-lituanie.com\/wp-content\/uploads\/2022\/02\/stil-Fj1aWk4LcNg-unsplash_web-01.jpg\",\"width\":1191,\"height\":654},{\"@type\":\"BreadcrumbList\",\"@id\":\"https:\/\/www.institutfrancais-lituanie.com\/fr\/cours-francais\/calendrier-2019\/#breadcrumb\",\"itemListElement\":[{\"@type\":\"ListItem\",\"position\":1,\"name\":\"Home\",\"item\":\"https:\/\/www.institutfrancais-lituanie.com\/fr\/\"},{\"@type\":\"ListItem\",\"position\":2,\"name\":\"Cours et examens\",\"item\":\"https:\/\/www.institutfrancais-lituanie.com\/fr\/cours-francais\/\"},{\"@type\":\"ListItem\",\"position\":3,\"name\":\"Calendrier\"}]},{\"@type\":\"WebSite\",\"@id\":\"https:\/\/www.institutfrancais-lituanie.com\/fr\/#website\",\"url\":\"https:\/\/www.institutfrancais-lituanie.com\/fr\/\",\"name\":\"IF Lituanie\",\"description\":\"Pranc\u016bz\u0173 kalbos kursai, kult\u016bra, mediateka...\",\"publisher\":{\"@id\":\"https:\/\/www.institutfrancais-lituanie.com\/fr\/#organization\"},\"potentialAction\":[{\"@type\":\"SearchAction\",\"target\":{\"@type\":\"EntryPoint\",\"urlTemplate\":\"https:\/\/www.institutfrancais-lituanie.com\/fr\/?s={search_term_string}\"},\"query-input\":\"required name=search_term_string\"}],\"inLanguage\":\"fr-FR\"},{\"@type\":\"Organization\",\"@id\":\"https:\/\/www.institutfrancais-lituanie.com\/fr\/#organization\",\"name\":\"Pranc\u016bz\u0173 institutas\",\"url\":\"https:\/\/www.institutfrancais-lituanie.com\/fr\/\",\"logo\":{\"@type\":\"ImageObject\",\"inLanguage\":\"fr-FR\",\"@id\":\"https:\/\/www.institutfrancais-lituanie.com\/fr\/#\/schema\/logo\/image\/\",\"url\":\"https:\/\/www.institutfrancais-lituanie.com\/wp-content\/uploads\/2023\/04\/IF_Logo-Lituanie-RVB.jpg\",\"contentUrl\":\"https:\/\/www.institutfrancais-lituanie.com\/wp-content\/uploads\/2023\/04\/IF_Logo-Lituanie-RVB.jpg\",\"width\":827,\"height\":555,\"caption\":\"Pranc\u016bz\u0173 institutas\"},\"image\":{\"@id\":\"https:\/\/www.institutfrancais-lituanie.com\/fr\/#\/schema\/logo\/image\/\"},\"sameAs\":[\"https:\/\/www.facebook.com\/prancuzuinstitutas\/\",\"https:\/\/www.instagram.com\/institut_francais_lituanie\/\"]}]}<\/script>\n<!-- \/ Yoast SEO plugin. -->","yoast_head_json":{"title":"Calendrier - IF Lituanie","robots":{"index":"index","follow":"follow","max-snippet":"max-snippet:-1","max-image-preview":"max-image-preview:large","max-video-preview":"max-video-preview:-1"},"canonical":"https:\/\/www.institutfrancais-lituanie.com\/fr\/cours-francais\/calendrier-2019\/","og_locale":"fr_FR","og_type":"article","og_title":"Calendrier - IF Lituanie","og_url":"https:\/\/www.institutfrancais-lituanie.com\/fr\/cours-francais\/calendrier-2019\/","og_site_name":"IF Lituanie","article_publisher":"https:\/\/www.facebook.com\/prancuzuinstitutas\/","article_modified_time":"2026-04-07T14:01:33+00:00","og_image":[{"width":1191,"height":654,"url":"https:\/\/www.institutfrancais-lituanie.com\/wp-content\/uploads\/2022\/02\/stil-Fj1aWk4LcNg-unsplash_web-01.jpg","type":"image\/jpeg"}],"twitter_card":"summary_large_image","twitter_misc":{"Est. reading time":"2 minutes"},"schema":{"@context":"https:\/\/schema.org","@graph":[{"@type":"WebPage","@id":"https:\/\/www.institutfrancais-lituanie.com\/fr\/cours-francais\/calendrier-2019\/","url":"https:\/\/www.institutfrancais-lituanie.com\/fr\/cours-francais\/calendrier-2019\/","name":"Calendrier - IF Lituanie","isPartOf":{"@id":"https:\/\/www.institutfrancais-lituanie.com\/fr\/#website"},"primaryImageOfPage":{"@id":"https:\/\/www.institutfrancais-lituanie.com\/fr\/cours-francais\/calendrier-2019\/#primaryimage"},"image":{"@id":"https:\/\/www.institutfrancais-lituanie.com\/fr\/cours-francais\/calendrier-2019\/#primaryimage"},"thumbnailUrl":"https:\/\/www.institutfrancais-lituanie.com\/wp-content\/uploads\/2022\/02\/stil-Fj1aWk4LcNg-unsplash_web-01.jpg","datePublished":"2018-12-04T11:57:26+00:00","dateModified":"2026-04-07T14:01:33+00:00","breadcrumb":{"@id":"https:\/\/www.institutfrancais-lituanie.com\/fr\/cours-francais\/calendrier-2019\/#breadcrumb"},"inLanguage":"fr-FR","potentialAction":[{"@type":"ReadAction","target":["https:\/\/www.institutfrancais-lituanie.com\/fr\/cours-francais\/calendrier-2019\/"]}]},{"@type":"ImageObject","inLanguage":"fr-FR","@id":"https:\/\/www.institutfrancais-lituanie.com\/fr\/cours-francais\/calendrier-2019\/#primaryimage","url":"https:\/\/www.institutfrancais-lituanie.com\/wp-content\/uploads\/2022\/02\/stil-Fj1aWk4LcNg-unsplash_web-01.jpg","contentUrl":"https:\/\/www.institutfrancais-lituanie.com\/wp-content\/uploads\/2022\/02\/stil-Fj1aWk4LcNg-unsplash_web-01.jpg","width":1191,"height":654},{"@type":"BreadcrumbList","@id":"https:\/\/www.institutfrancais-lituanie.com\/fr\/cours-francais\/calendrier-2019\/#breadcrumb","itemListElement":[{"@type":"ListItem","position":1,"name":"Home","item":"https:\/\/www.institutfrancais-lituanie.com\/fr\/"},{"@type":"ListItem","position":2,"name":"Cours et examens","item":"https:\/\/www.institutfrancais-lituanie.com\/fr\/cours-francais\/"},{"@type":"ListItem","position":3,"name":"Calendrier"}]},{"@type":"WebSite","@id":"https:\/\/www.institutfrancais-lituanie.com\/fr\/#website","url":"https:\/\/www.institutfrancais-lituanie.com\/fr\/","name":"IF Lituanie","description":"Pranc\u016bz\u0173 kalbos kursai, kult\u016bra, mediateka...","publisher":{"@id":"https:\/\/www.institutfrancais-lituanie.com\/fr\/#organization"},"potentialAction":[{"@type":"SearchAction","target":{"@type":"EntryPoint","urlTemplate":"https:\/\/www.institutfrancais-lituanie.com\/fr\/?s={search_term_string}"},"query-input":"required name=search_term_string"}],"inLanguage":"fr-FR"},{"@type":"Organization","@id":"https:\/\/www.institutfrancais-lituanie.com\/fr\/#organization","name":"Pranc\u016bz\u0173 institutas","url":"https:\/\/www.institutfrancais-lituanie.com\/fr\/","logo":{"@type":"ImageObject","inLanguage":"fr-FR","@id":"https:\/\/www.institutfrancais-lituanie.com\/fr\/#\/schema\/logo\/image\/","url":"https:\/\/www.institutfrancais-lituanie.com\/wp-content\/uploads\/2023\/04\/IF_Logo-Lituanie-RVB.jpg","contentUrl":"https:\/\/www.institutfrancais-lituanie.com\/wp-content\/uploads\/2023\/04\/IF_Logo-Lituanie-RVB.jpg","width":827,"height":555,"caption":"Pranc\u016bz\u0173 institutas"},"image":{"@id":"https:\/\/www.institutfrancais-lituanie.com\/fr\/#\/schema\/logo\/image\/"},"sameAs":["https:\/\/www.facebook.com\/prancuzuinstitutas\/","https:\/\/www.instagram.com\/institut_francais_lituanie\/"]}]}},"_links":{"self":[{"href":"https:\/\/www.institutfrancais-lituanie.com\/fr\/wp-json\/wp\/v2\/pages\/1961"}],"collection":[{"href":"https:\/\/www.institutfrancais-lituanie.com\/fr\/wp-json\/wp\/v2\/pages"}],"about":[{"href":"https:\/\/www.institutfrancais-lituanie.com\/fr\/wp-json\/wp\/v2\/types\/page"}],"author":[{"embeddable":true,"href":"https:\/\/www.institutfrancais-lituanie.com\/fr\/wp-json\/wp\/v2\/users\/2"}],"replies":[{"embeddable":true,"href":"https:\/\/www.institutfrancais-lituanie.com\/fr\/wp-json\/wp\/v2\/comments?post=1961"}],"version-history":[{"count":74,"href":"https:\/\/www.institutfrancais-lituanie.com\/fr\/wp-json\/wp\/v2\/pages\/1961\/revisions"}],"predecessor-version":[{"id":18851,"href":"https:\/\/www.institutfrancais-lituanie.com\/fr\/wp-json\/wp\/v2\/pages\/1961\/revisions\/18851"}],"up":[{"embeddable":true,"href":"https:\/\/www.institutfrancais-lituanie.com\/fr\/wp-json\/wp\/v2\/pages\/1736"}],"wp:featuredmedia":[{"embeddable":true,"href":"https:\/\/www.institutfrancais-lituanie.com\/fr\/wp-json\/wp\/v2\/media\/10558"}],"wp:attachment":[{"href":"https:\/\/www.institutfrancais-lituanie.com\/fr\/wp-json\/wp\/v2\/media?parent=1961"}],"curies":[{"name":"wp","href":"https:\/\/api.w.org\/{rel}","templated":true}]}}