{"id":1914,"date":"2018-12-04T10:51:56","date_gmt":"2018-12-04T10:51:56","guid":{"rendered":"http:\/\/institutfrancais-lituanie.com\/?page_id=1914"},"modified":"2025-10-28T12:34:53","modified_gmt":"2025-10-28T12:34:53","slug":"tcf-tests","status":"publish","type":"page","link":"https:\/\/www.institutfrancais-lituanie.com\/fr\/cours-francais\/examens\/tcf-tests\/","title":{"rendered":"TCF tests"},"content":{"rendered":"<div class=\"wpb-content-wrapper\"><p>[vc_row][vc_column][vc_column_text css=&#8221;&#8221;]Le <strong>TCF<\/strong> est un moyen rapide, fiable et simple d\u2019\u00e9valuer vos connaissances en fran\u00e7ais, \u00e0 des fins personnelles ou professionnelles.<\/p>\n<p>Ce test est \u00e9labor\u00e9 par le France Education Internationale (anciennement Centre international d\u2019\u00e9tudes p\u00e9dagogiques &#8211; CIEP), membre de l\u2019Association des centres d\u2019\u00e9valuation en langues en Europe (ALTE) : il respecte <strong>les standards les plus \u00e9lev\u00e9s<\/strong> en mati\u00e8re d\u2019\u00e9valuation.<\/p>\n<p>Le CIEP d\u00e9livre une attestation officielle du niveau en fran\u00e7ais atteint par le candidat, elle est reconnue dans le monde entier. Les r\u00e9sultats sont interpr\u00e9t\u00e9s de mani\u00e8re claire gr\u00e2ce \u00e0 la correspondance avec les 6 niveaux (A1 \u00e0 C2) du Cadre europ\u00e9en commun de r\u00e9f\u00e9rence pour les langues.<\/p>\n<p>L\u2019attestation du TCF a une <strong>dur\u00e9e de validit\u00e9 de 2 ans<\/strong>.<\/p>\n<p>Inscription : Meda Zabala\u00a0<strong>+370 5 219 9655\u00a0 \u00a0<\/strong><br \/>\nmeda.zabala@institutfrancais-lituanie.com[\/vc_column_text][\/vc_column][\/vc_row][vc_row][vc_column][vc_message css=&#8221;&#8221;]<b>TARIFS :\u00a0<\/b><\/p>\n<p>TCF Tout Public :<\/p>\n<ul>\n<li>Epreuves obligatoires : 105 \u20ac<\/li>\n<li>Epreuve facultative : (expression \u00e9crite ou orale) : 80 \u20ac<\/li>\n<\/ul>\n<p>TCF Canada : 210 \u20ac<\/p>\n<p>TCF Qu\u00e9bec : 70 \u20ac \/ comp\u00e9tence<\/p>\n<ul>\n<li>Compr\u00e9hension orale<\/li>\n<li>Expression orale<\/li>\n<li>Compr\u00e9hension \u00e9crite<\/li>\n<li>Expression \u00e9crite<\/li>\n<\/ul>\n<p>TCF IRN : 160 \u20ac[\/vc_message][\/vc_column][\/vc_row][vc_row][vc_column][vc_message css=&#8221;&#8221;]<strong>Important :<\/strong><br \/>\nLes tests TCF se font sur demande des candidats, selon les disponibilit\u00e9s des examinateurs et surveillants.<\/p>\n<p>L&#8217;inscription et le paiement doivent \u00eatre finalis\u00e9s, au minimum, <strong>deux semaines<\/strong>, avant le passage du test.<\/p>\n<p>L&#8217;Institut Fran\u00e7ais de Lituanie n&#8217;organise pas de TCF aux p\u00e9riodes suivantes :<\/p>\n<ul>\n<li>2025<\/li>\n<\/ul>\n<p>***<\/p>\n<p>Meda Zabala\u00a0<strong>+370 5 219 9655\u00a0 \u00a0<\/strong><br \/>\nmeda.zabala@institutfrancais-lituanie.com[\/vc_message][\/vc_column][\/vc_row][vc_row][vc_column][vc_message]<a href=\"https:\/\/www.institutfrancais-lituanie.com\/fr\/cours-francais\/calendrier-2019\/\" target=\"_blank\" rel=\"noopener\"><strong>CALENDRIER<\/strong><\/a>[\/vc_message][\/vc_column][\/vc_row][vc_row][vc_column][vc_column_text]<span style=\"color: #008ac9;\"><big><b>Pourquoi passer le TCF ?<\/b><\/big><\/span><\/p>\n<p><strong>&#8211; Une structure simple :<\/strong> les \u00e9preuves obligatoires sont constitu\u00e9es d\u2019un questionnaire \u00e0 choix multiple, l\u2019\u00e9preuve \u00e9crite se compose de brefs textes \u00e0 r\u00e9diger et l\u2019\u00e9preuve orale d\u2019un entretien sans pr\u00e9paration. La dur\u00e9e des \u00e9preuves est de 1 h 30 pour la partie obligatoire, et de 2 h pour les \u00e9preuves facultatives.<\/p>\n<p><strong>&#8211; Les avantages du TCF :<\/strong><\/p>\n<p><strong>&gt; Vous souhaitez poursuivre vos \u00e9tudes en France ?<\/strong><\/p>\n<p>La plupart des universit\u00e9s et grandes \u00e9coles fran\u00e7aises demandent une preuve de votre niveau en fran\u00e7ais : le TCF fait partie des certifications reconnues. Pour plus d\u2019informations, consultez l\u2019\u00e9tablissement o\u00f9 vous souhaitez postuler.<\/p>\n<p><strong>&gt; Vous souhaitez vous installer au Qu\u00e9bec ?<\/strong><\/p>\n<p>Les autorit\u00e9s qu\u00e9b\u00e9coises demandent une preuve de votre niveau en fran\u00e7ais, comme le TCF Qu\u00e9bec. Pour plus d\u2019informations, consultez le site du <a href=\"http:\/\/www.ciep.fr\/tcf-quebec]\" target=\"_blank\" rel=\"noopener\"><u>CIEP<\/u><\/a> et le site du <a href=\"http:\/\/www.immigration-quebec.gouv.qc.ca\/fr\/immigrer-installer\/travailleurs-permanents\/conditions-requises\/connaissances-linguistiques.html\" target=\"_blank\" rel=\"noopener\"><u>Minist\u00e8re de l\u2019Immigration et des Communaut\u00e9s culturelles<\/u><\/a>.<\/p>\n<p><strong>&gt; Pour d\u2018autres versions des tests TCF\/TEF, merci de nous contacter <\/strong>: <a href=\"mailto:cours@institutfrancais-lituanie.com\">cours@institutfrancais-lituanie.com<\/a><\/p>\n<p><span style=\"color: #008ac9;\"><big><b>Structure du TCF<\/b><\/big><\/span><\/p>\n<p>Le TCF s\u2019adresse aux adolescents \u00e0 partir de 16 ans et aux adultes.<br \/>\nNous proposons deux versions du TCF :<\/p>\n<p><strong>&#8211; TCF Tout public :<\/strong> pour \u00e9valuer son niveau \u00e0 des fins acad\u00e9miques, professionnelles ou personnelles.<br \/>\nCinq comp\u00e9tences sont \u00e9valu\u00e9es s\u00e9par\u00e9ment : compr\u00e9hension orale, ma\u00eetrise des structures de la langue, compr\u00e9hension \u00e9crite, expression orale et expression \u00e9crite.<\/p>\n<p><strong>&gt; 3 \u00e9preuves obligatoires :<\/strong> Un questionnaire \u00e0 choix multiple de 76 items \u00e9value les comp\u00e9tences par ordre croissant de difficult\u00e9, du niveau A1 au niveau C2.<\/p>\n<table class=\"spip\" summary=\"\">\n<tbody>\n<tr class=\"row_even\">\n<td><strong class=\"spip\">Compr\u00e9hension orale<\/strong><\/td>\n<td>29 items<\/td>\n<td>25 minutes<\/td>\n<\/tr>\n<tr class=\"row_odd\">\n<td><strong class=\"spip\">Ma\u00eetrise des structures de la langue<\/strong><\/td>\n<td>18 items<\/td>\n<td>15 minutes<\/td>\n<\/tr>\n<tr class=\"row_even\">\n<td><strong class=\"spip\">Compr\u00e9hension \u00e9crite<\/strong><\/td>\n<td>29 items<\/td>\n<td>45 minutes<\/td>\n<\/tr>\n<\/tbody>\n<\/table>\n<p><strong>&gt; 2 \u00e9preuves compl\u00e9mentaires :<\/strong> Les \u00e9preuves d\u2019expression \u00e9crite et orale sont facultatives. L\u2019\u00e9preuve d\u2019expression orale se fait individuellement sous la forme d\u2019un entretien, qui est enregistr\u00e9 puis \u00e9valu\u00e9 par des personnes habilit\u00e9es par le CIEP.<\/p>\n<table class=\"spip\" summary=\"\">\n<tbody>\n<tr class=\"row_even\">\n<td><strong class=\"spip\">Expression \u00e9crite<\/strong><\/td>\n<td>3 t\u00e2ches<\/td>\n<td>60 minutes<\/td>\n<\/tr>\n<tr class=\"row_odd\">\n<td><strong class=\"spip\">Expression orale<\/strong><\/td>\n<td>3 t\u00e2ches<\/td>\n<td>12 minutes<\/td>\n<\/tr>\n<\/tbody>\n<\/table>\n<p>&nbsp;<\/p>\n<p><strong>&#8211; TCF Qu\u00e9bec :<\/strong> pour les candidats \u00e0 l\u2019immigration au Qu\u00e9bec.<br \/>\nCette version se compose de quatre \u00e9preuves, au choix du candidat.<\/p>\n<table class=\"spip\" summary=\"\">\n<tbody>\n<tr class=\"row_even\">\n<td><strong class=\"spip\">Compr\u00e9hension orale<\/strong><\/td>\n<td>29 items<\/td>\n<td>25 minutes<\/td>\n<\/tr>\n<tr class=\"row_odd\">\n<td><strong class=\"spip\">Compr\u00e9hension \u00e9crite<\/strong><\/td>\n<td>29 items<\/td>\n<td>45 minutes<\/td>\n<\/tr>\n<tr class=\"row_even\">\n<td><strong class=\"spip\">Expression \u00e9crite<\/strong><\/td>\n<td>3 t\u00e2ches<\/td>\n<td>60 minutes<\/td>\n<\/tr>\n<tr class=\"row_odd\">\n<td><strong class=\"spip\">Expression orale<\/strong><\/td>\n<td>3 t\u00e2ches<\/td>\n<td>12 minutes<\/td>\n<\/tr>\n<\/tbody>\n<\/table>\n<p><span style=\"color: #008ac9;\"><big><b>Comment se pr\u00e9parer au TCF ?<\/b><\/big><\/span><\/p>\n<p>&#8211; Livres d\u2019entra\u00eenement et CD : disponibles \u00e0 la m\u00e9diath\u00e8que de l\u2019Institut fran\u00e7ais.<\/p>\n<p>&#8211; <a href=\"\/category\/lituanie\/cours-de-francais\/cours-individuels\/\" target=\"_blank\" rel=\"noopener\">Cours individuels<\/a> de pr\u00e9paration : sur demande \u00e0 l\u2019Institut fran\u00e7ais.<\/p>\n<p>&#8211; Manuel du candidat et exemples de sujets : sur le site du <a href=\"http:\/\/www.ciep.fr\/tcf-tout-public\/documents-telechargeables\" target=\"_blank\" rel=\"noopener\"><u>CIEP<\/u><\/a><\/p>\n<p>&#8211; Exercices d\u2019entra\u00eenement en ligne sur <a href=\"http:\/\/tcf.didierfle.com\/index.php\" target=\"_blank\" rel=\"noopener\"><u>Didier FLE<\/u><\/a>, <a href=\"https:\/\/savoirs.rfi.fr\/fr\/apprendre-enseigner\/langue-francaise\/tcf-test-de-connaissance-du-Fran%C3%A7ais\" target=\"_blank\" rel=\"noopener\"><u>RFI Savoirs<\/u><\/a> et <a href=\"http:\/\/apprendre.tv5monde.com\/fr\/apprendre-francais\/accueil-tcf\" target=\"_blank\" rel=\"noopener\">TV5 Monde<\/a>.[\/vc_column_text][\/vc_column][\/vc_row][vc_row][vc_column][vc_separator][\/vc_column][\/vc_row][vc_row color=&#8221;&#8221; message_box_style=&#8221;standard&#8221; style=&#8221;rounded&#8221; message_box_color=&#8221;info&#8221; icon_type=&#8221;fontawesome&#8221; icon_fontawesome=&#8221;fas fa-envelope&#8221; icon_monosocial=&#8221;vc-mono vc-mono-fivehundredpx&#8221; icon_openiconic=&#8221;&#8221; icon_typicons=&#8221;&#8221; icon_entypo=&#8221;&#8221; icon_linecons=&#8221;&#8221; icon_pixelicons=&#8221;&#8221;][vc_column][vc_message icon_fontawesome=&#8221;fas fa-envelope&#8221; css=&#8221;&#8221;]<strong>Service des cours de fran\u00e7ais<\/strong><br \/>\n<strong>Pour toute demande:\u00a0<\/strong><br \/>\nMeda Zabala <strong>+370 5 219 9655\u00a0 \u00a0<\/strong><br \/>\nmeda.zabala@institutfrancais-lituanie.com<br \/>\n<strong>Accueil t\u00e9l\u00e9phonique de l&#8217;Institut :\u00a0<\/strong><br \/>\nDu lundi au vendredi de 9h \u00e0 16h30 : <strong>+370 5 219 96 96<\/strong>[\/vc_message][\/vc_column][\/vc_row]<\/p>\n<\/div>","protected":false},"excerpt":{"rendered":"[vc_row][vc_column][vc_column_text css=\"\"]Le TCF est un moyen rapide, fiable et simple d\u2019\u00e9valuer vos connaissances en fran\u00e7ais,&hellip;","protected":false},"author":2,"featured_media":10095,"parent":1893,"menu_order":0,"comment_status":"closed","ping_status":"closed","template":"page-sidebar.php","meta":{"footnotes":""},"class_list":["post-1914","page","type-page","status-publish","has-post-thumbnail","hentry"],"yoast_head":"<!-- This site is optimized with the Yoast SEO plugin v23.2 - https:\/\/yoast.com\/wordpress\/plugins\/seo\/ -->\n<title>TCF tests - IF Lituanie<\/title>\n<meta name=\"robots\" content=\"index, follow, max-snippet:-1, max-image-preview:large, max-video-preview:-1\" \/>\n<link rel=\"canonical\" href=\"https:\/\/www.institutfrancais-lituanie.com\/fr\/cours-francais\/examens\/tcf-tests\/\" \/>\n<meta property=\"og:locale\" content=\"fr_FR\" \/>\n<meta property=\"og:type\" content=\"article\" \/>\n<meta property=\"og:title\" content=\"TCF tests - IF Lituanie\" \/>\n<meta property=\"og:url\" content=\"https:\/\/www.institutfrancais-lituanie.com\/fr\/cours-francais\/examens\/tcf-tests\/\" \/>\n<meta property=\"og:site_name\" content=\"IF Lituanie\" \/>\n<meta property=\"article:publisher\" content=\"https:\/\/www.facebook.com\/prancuzuinstitutas\/\" \/>\n<meta property=\"article:modified_time\" content=\"2025-10-28T12:34:53+00:00\" \/>\n<meta property=\"og:image\" content=\"https:\/\/www.institutfrancais-lituanie.com\/wp-content\/uploads\/2022\/01\/Capture.jpg\" \/>\n\t<meta property=\"og:image:width\" content=\"949\" \/>\n\t<meta property=\"og:image:height\" content=\"300\" \/>\n\t<meta property=\"og:image:type\" content=\"image\/jpeg\" \/>\n<meta name=\"twitter:card\" content=\"summary_large_image\" \/>\n<meta name=\"twitter:label1\" content=\"Est. reading time\" \/>\n\t<meta name=\"twitter:data1\" content=\"4 minutes\" \/>\n<script type=\"application\/ld+json\" class=\"yoast-schema-graph\">{\"@context\":\"https:\/\/schema.org\",\"@graph\":[{\"@type\":\"WebPage\",\"@id\":\"https:\/\/www.institutfrancais-lituanie.com\/fr\/cours-francais\/examens\/tcf-tests\/\",\"url\":\"https:\/\/www.institutfrancais-lituanie.com\/fr\/cours-francais\/examens\/tcf-tests\/\",\"name\":\"TCF tests - IF Lituanie\",\"isPartOf\":{\"@id\":\"https:\/\/www.institutfrancais-lituanie.com\/fr\/#website\"},\"primaryImageOfPage\":{\"@id\":\"https:\/\/www.institutfrancais-lituanie.com\/fr\/cours-francais\/examens\/tcf-tests\/#primaryimage\"},\"image\":{\"@id\":\"https:\/\/www.institutfrancais-lituanie.com\/fr\/cours-francais\/examens\/tcf-tests\/#primaryimage\"},\"thumbnailUrl\":\"https:\/\/www.institutfrancais-lituanie.com\/wp-content\/uploads\/2022\/01\/Capture.jpg\",\"datePublished\":\"2018-12-04T10:51:56+00:00\",\"dateModified\":\"2025-10-28T12:34:53+00:00\",\"breadcrumb\":{\"@id\":\"https:\/\/www.institutfrancais-lituanie.com\/fr\/cours-francais\/examens\/tcf-tests\/#breadcrumb\"},\"inLanguage\":\"fr-FR\",\"potentialAction\":[{\"@type\":\"ReadAction\",\"target\":[\"https:\/\/www.institutfrancais-lituanie.com\/fr\/cours-francais\/examens\/tcf-tests\/\"]}]},{\"@type\":\"ImageObject\",\"inLanguage\":\"fr-FR\",\"@id\":\"https:\/\/www.institutfrancais-lituanie.com\/fr\/cours-francais\/examens\/tcf-tests\/#primaryimage\",\"url\":\"https:\/\/www.institutfrancais-lituanie.com\/wp-content\/uploads\/2022\/01\/Capture.jpg\",\"contentUrl\":\"https:\/\/www.institutfrancais-lituanie.com\/wp-content\/uploads\/2022\/01\/Capture.jpg\",\"width\":949,\"height\":300},{\"@type\":\"BreadcrumbList\",\"@id\":\"https:\/\/www.institutfrancais-lituanie.com\/fr\/cours-francais\/examens\/tcf-tests\/#breadcrumb\",\"itemListElement\":[{\"@type\":\"ListItem\",\"position\":1,\"name\":\"Home\",\"item\":\"https:\/\/www.institutfrancais-lituanie.com\/fr\/\"},{\"@type\":\"ListItem\",\"position\":2,\"name\":\"Cours et examens\",\"item\":\"https:\/\/www.institutfrancais-lituanie.com\/fr\/cours-francais\/\"},{\"@type\":\"ListItem\",\"position\":3,\"name\":\"Examens internationaux de fran\u00e7ais\",\"item\":\"https:\/\/www.institutfrancais-lituanie.com\/fr\/cours-francais\/examens\/\"},{\"@type\":\"ListItem\",\"position\":4,\"name\":\"TCF tests\"}]},{\"@type\":\"WebSite\",\"@id\":\"https:\/\/www.institutfrancais-lituanie.com\/fr\/#website\",\"url\":\"https:\/\/www.institutfrancais-lituanie.com\/fr\/\",\"name\":\"IF Lituanie\",\"description\":\"Pranc\u016bz\u0173 kalbos kursai, kult\u016bra, mediateka...\",\"publisher\":{\"@id\":\"https:\/\/www.institutfrancais-lituanie.com\/fr\/#organization\"},\"potentialAction\":[{\"@type\":\"SearchAction\",\"target\":{\"@type\":\"EntryPoint\",\"urlTemplate\":\"https:\/\/www.institutfrancais-lituanie.com\/fr\/?s={search_term_string}\"},\"query-input\":\"required name=search_term_string\"}],\"inLanguage\":\"fr-FR\"},{\"@type\":\"Organization\",\"@id\":\"https:\/\/www.institutfrancais-lituanie.com\/fr\/#organization\",\"name\":\"Pranc\u016bz\u0173 institutas\",\"url\":\"https:\/\/www.institutfrancais-lituanie.com\/fr\/\",\"logo\":{\"@type\":\"ImageObject\",\"inLanguage\":\"fr-FR\",\"@id\":\"https:\/\/www.institutfrancais-lituanie.com\/fr\/#\/schema\/logo\/image\/\",\"url\":\"https:\/\/www.institutfrancais-lituanie.com\/wp-content\/uploads\/2023\/04\/IF_Logo-Lituanie-RVB.jpg\",\"contentUrl\":\"https:\/\/www.institutfrancais-lituanie.com\/wp-content\/uploads\/2023\/04\/IF_Logo-Lituanie-RVB.jpg\",\"width\":827,\"height\":555,\"caption\":\"Pranc\u016bz\u0173 institutas\"},\"image\":{\"@id\":\"https:\/\/www.institutfrancais-lituanie.com\/fr\/#\/schema\/logo\/image\/\"},\"sameAs\":[\"https:\/\/www.facebook.com\/prancuzuinstitutas\/\",\"https:\/\/www.instagram.com\/institut_francais_lituanie\/\"]}]}<\/script>\n<!-- \/ Yoast SEO plugin. -->","yoast_head_json":{"title":"TCF tests - IF Lituanie","robots":{"index":"index","follow":"follow","max-snippet":"max-snippet:-1","max-image-preview":"max-image-preview:large","max-video-preview":"max-video-preview:-1"},"canonical":"https:\/\/www.institutfrancais-lituanie.com\/fr\/cours-francais\/examens\/tcf-tests\/","og_locale":"fr_FR","og_type":"article","og_title":"TCF tests - IF Lituanie","og_url":"https:\/\/www.institutfrancais-lituanie.com\/fr\/cours-francais\/examens\/tcf-tests\/","og_site_name":"IF Lituanie","article_publisher":"https:\/\/www.facebook.com\/prancuzuinstitutas\/","article_modified_time":"2025-10-28T12:34:53+00:00","og_image":[{"width":949,"height":300,"url":"https:\/\/www.institutfrancais-lituanie.com\/wp-content\/uploads\/2022\/01\/Capture.jpg","type":"image\/jpeg"}],"twitter_card":"summary_large_image","twitter_misc":{"Est. reading time":"4 minutes"},"schema":{"@context":"https:\/\/schema.org","@graph":[{"@type":"WebPage","@id":"https:\/\/www.institutfrancais-lituanie.com\/fr\/cours-francais\/examens\/tcf-tests\/","url":"https:\/\/www.institutfrancais-lituanie.com\/fr\/cours-francais\/examens\/tcf-tests\/","name":"TCF tests - IF Lituanie","isPartOf":{"@id":"https:\/\/www.institutfrancais-lituanie.com\/fr\/#website"},"primaryImageOfPage":{"@id":"https:\/\/www.institutfrancais-lituanie.com\/fr\/cours-francais\/examens\/tcf-tests\/#primaryimage"},"image":{"@id":"https:\/\/www.institutfrancais-lituanie.com\/fr\/cours-francais\/examens\/tcf-tests\/#primaryimage"},"thumbnailUrl":"https:\/\/www.institutfrancais-lituanie.com\/wp-content\/uploads\/2022\/01\/Capture.jpg","datePublished":"2018-12-04T10:51:56+00:00","dateModified":"2025-10-28T12:34:53+00:00","breadcrumb":{"@id":"https:\/\/www.institutfrancais-lituanie.com\/fr\/cours-francais\/examens\/tcf-tests\/#breadcrumb"},"inLanguage":"fr-FR","potentialAction":[{"@type":"ReadAction","target":["https:\/\/www.institutfrancais-lituanie.com\/fr\/cours-francais\/examens\/tcf-tests\/"]}]},{"@type":"ImageObject","inLanguage":"fr-FR","@id":"https:\/\/www.institutfrancais-lituanie.com\/fr\/cours-francais\/examens\/tcf-tests\/#primaryimage","url":"https:\/\/www.institutfrancais-lituanie.com\/wp-content\/uploads\/2022\/01\/Capture.jpg","contentUrl":"https:\/\/www.institutfrancais-lituanie.com\/wp-content\/uploads\/2022\/01\/Capture.jpg","width":949,"height":300},{"@type":"BreadcrumbList","@id":"https:\/\/www.institutfrancais-lituanie.com\/fr\/cours-francais\/examens\/tcf-tests\/#breadcrumb","itemListElement":[{"@type":"ListItem","position":1,"name":"Home","item":"https:\/\/www.institutfrancais-lituanie.com\/fr\/"},{"@type":"ListItem","position":2,"name":"Cours et examens","item":"https:\/\/www.institutfrancais-lituanie.com\/fr\/cours-francais\/"},{"@type":"ListItem","position":3,"name":"Examens internationaux de fran\u00e7ais","item":"https:\/\/www.institutfrancais-lituanie.com\/fr\/cours-francais\/examens\/"},{"@type":"ListItem","position":4,"name":"TCF tests"}]},{"@type":"WebSite","@id":"https:\/\/www.institutfrancais-lituanie.com\/fr\/#website","url":"https:\/\/www.institutfrancais-lituanie.com\/fr\/","name":"IF Lituanie","description":"Pranc\u016bz\u0173 kalbos kursai, kult\u016bra, mediateka...","publisher":{"@id":"https:\/\/www.institutfrancais-lituanie.com\/fr\/#organization"},"potentialAction":[{"@type":"SearchAction","target":{"@type":"EntryPoint","urlTemplate":"https:\/\/www.institutfrancais-lituanie.com\/fr\/?s={search_term_string}"},"query-input":"required name=search_term_string"}],"inLanguage":"fr-FR"},{"@type":"Organization","@id":"https:\/\/www.institutfrancais-lituanie.com\/fr\/#organization","name":"Pranc\u016bz\u0173 institutas","url":"https:\/\/www.institutfrancais-lituanie.com\/fr\/","logo":{"@type":"ImageObject","inLanguage":"fr-FR","@id":"https:\/\/www.institutfrancais-lituanie.com\/fr\/#\/schema\/logo\/image\/","url":"https:\/\/www.institutfrancais-lituanie.com\/wp-content\/uploads\/2023\/04\/IF_Logo-Lituanie-RVB.jpg","contentUrl":"https:\/\/www.institutfrancais-lituanie.com\/wp-content\/uploads\/2023\/04\/IF_Logo-Lituanie-RVB.jpg","width":827,"height":555,"caption":"Pranc\u016bz\u0173 institutas"},"image":{"@id":"https:\/\/www.institutfrancais-lituanie.com\/fr\/#\/schema\/logo\/image\/"},"sameAs":["https:\/\/www.facebook.com\/prancuzuinstitutas\/","https:\/\/www.instagram.com\/institut_francais_lituanie\/"]}]}},"_links":{"self":[{"href":"https:\/\/www.institutfrancais-lituanie.com\/fr\/wp-json\/wp\/v2\/pages\/1914"}],"collection":[{"href":"https:\/\/www.institutfrancais-lituanie.com\/fr\/wp-json\/wp\/v2\/pages"}],"about":[{"href":"https:\/\/www.institutfrancais-lituanie.com\/fr\/wp-json\/wp\/v2\/types\/page"}],"author":[{"embeddable":true,"href":"https:\/\/www.institutfrancais-lituanie.com\/fr\/wp-json\/wp\/v2\/users\/2"}],"replies":[{"embeddable":true,"href":"https:\/\/www.institutfrancais-lituanie.com\/fr\/wp-json\/wp\/v2\/comments?post=1914"}],"version-history":[{"count":43,"href":"https:\/\/www.institutfrancais-lituanie.com\/fr\/wp-json\/wp\/v2\/pages\/1914\/revisions"}],"predecessor-version":[{"id":17764,"href":"https:\/\/www.institutfrancais-lituanie.com\/fr\/wp-json\/wp\/v2\/pages\/1914\/revisions\/17764"}],"up":[{"embeddable":true,"href":"https:\/\/www.institutfrancais-lituanie.com\/fr\/wp-json\/wp\/v2\/pages\/1893"}],"wp:featuredmedia":[{"embeddable":true,"href":"https:\/\/www.institutfrancais-lituanie.com\/fr\/wp-json\/wp\/v2\/media\/10095"}],"wp:attachment":[{"href":"https:\/\/www.institutfrancais-lituanie.com\/fr\/wp-json\/wp\/v2\/media?parent=1914"}],"curies":[{"name":"wp","href":"https:\/\/api.w.org\/{rel}","templated":true}]}}