{"id":18902,"date":"2026-04-23T09:25:47","date_gmt":"2026-04-23T09:25:47","guid":{"rendered":"https:\/\/www.institutfrancais-lituanie.com\/?page_id=18902"},"modified":"2026-04-23T11:59:20","modified_gmt":"2026-04-23T11:59:20","slug":"programmation-culturelle-mai-2026","status":"publish","type":"page","link":"https:\/\/www.institutfrancais-lituanie.com\/fr\/programmation-culturelle-mai-2026\/","title":{"rendered":"PROGRAMMATION CULTURELLE : MAI 2026"},"content":{"rendered":"<div class=\"penci-page-header\">\n<p><strong>Le programme culturel du mois de mai 2026 est d\u00e9sormais disponible :\u00a0<\/strong><\/p>\n<\/div>\n<div class=\"post-entry blockquote-style-1\">\n<div class=\"inner-post-entry entry-content\">\n<div class=\"post-entry blockquote-style-1\">\n<div class=\"inner-post-entry entry-content\">\n<p style=\"text-align: left;\">05.05_<a href=\"https:\/\/www.institutfrancais-lituanie.com\/fr\/en-cours\/cinema\/cine-club\/cine-club-de-mai-cycle-de-films-claude-chabrol\/\">Cin\u00e9-club \u00ab La C\u00e9r\u00e9monie \u00bb de\u00a0Claude Chabrol<\/a><\/p>\n<p>06.05_<a href=\"https:\/\/www.institutfrancais-lituanie.com\/fr\/en-cours\/club-de-conversation\/\">Club de conversation<\/a><\/p>\n<p>12.05_<a href=\"https:\/\/www.institutfrancais-lituanie.com\/fr\/en-cours\/cinema\/cine-club\/cine-club-de-mai-cycle-de-films-claude-chabrol\/\">Cin\u00e9-club \u00ab Le Beau Serge \u00bb de Claude Chabrol<\/a><\/p>\n<p>13.05_<a href=\"https:\/\/www.institutfrancais-lituanie.com\/fr\/en-cours\/club-de-conversation\/\">Club de conversation<\/a><\/p>\n<p>14-15.05_Conf\u00e9rence interdisciplinaire organis\u00e9e par l&#8217;Institut d&#8217;histoire de l&#8217;art de l&#8217;Acad\u00e9mie des Beaux-Arts de Vilnius : \u00ab 700 ans de dialogue : les relations culturelles entre la Lituanie et la France \u00bb<\/p>\n<p>14.05_<a href=\"https:\/\/www.institutfrancais-lituanie.com\/fr\/en-cours\/atelier-creatif-pour-les-enfants-avec-lina-itagaki-dans-le-ventre-de-bob\/\">Atelier cr\u00e9atif pour les enfants avec Lina Itagaki\u00a0: \u00ab Dans le ventre de Bob \u00bb<\/a><\/p>\n<\/div>\n<div class=\"inner-post-entry entry-content\">\n<p>19.05_<a href=\"https:\/\/www.institutfrancais-lituanie.com\/fr\/en-cours\/cinema\/cine-club\/cine-club-de-mai-cycle-de-films-claude-chabrol\/\">Cin\u00e9-club \u00ab Que la b\u00eate meure \u00bb de Claude Chabrol<\/a><\/p>\n<p>20.05_<a href=\"https:\/\/www.institutfrancais-lituanie.com\/fr\/non-classifiee\/club-de-lectures-animees\/\">Club de lectures anim\u00e9es\u00a0<\/a><\/p>\n<p>23.05_<a href=\"https:\/\/www.institutfrancais-lituanie.com\/fr\/en-cours\/lheure-du-conte-a-linstitut-francais-de-lituanie\/\">L\u2019heure du conte<\/a><\/p>\n<p>28.05_<a href=\"https:\/\/www.institutfrancais-lituanie.com\/fr\/en-cours\/cinema\/cine-club\/cine-club-de-mai-cycle-de-films-claude-chabrol\/\">Cin\u00e9-club \u00ab La Femme infid\u00e8le \u00bb de Claude Chabrol\u00a0<\/a><\/p>\n<p>27.05_<a href=\"https:\/\/www.institutfrancais-lituanie.com\/fr\/en-cours\/soiree-de-lecture-avec-la-poetesse-francaise-marie-ginet-dans-le-cadre-du-festival-international-printemps-de-la-poesie\/\">Soir\u00e9e de lecture avec la po\u00e9tesse fran\u00e7aise Marie Ginet dans le cadre du festival international \u00ab Printemps de la po\u00e9sie \u00bb<\/a><\/p>\n<p>28.05_<a href=\"https:\/\/www.institutfrancais-lituanie.com\/fr\/en-cours\/soiree-jeux-de-societe\/\">Soir\u00e9e jeux de soci\u00e9t\u00e9<\/a><\/p>\n<p>30.05_<a href=\"https:\/\/www.institutfrancais-lituanie.com\/siuo-metu\/kinas\/balandzio-vaiku-kino-klubas-cine-gouter\/\">Cin\u00e9-go\u00fbter<\/a><\/p>\n<\/div>\n<\/div>\n<p>&nbsp;<\/p>\n<\/div>\n<\/div>\n","protected":false},"excerpt":{"rendered":"<p>Le programme culturel du mois de mai 2026 est d\u00e9sormais disponible :\u00a0 05.05_Cin\u00e9-club \u00ab La&hellip;<\/p>\n","protected":false},"author":13,"featured_media":0,"parent":0,"menu_order":0,"comment_status":"closed","ping_status":"closed","template":"","meta":{"footnotes":""},"class_list":["post-18902","page","type-page","status-publish","hentry"],"yoast_head":"<!-- This site is optimized with the Yoast SEO plugin v23.2 - https:\/\/yoast.com\/wordpress\/plugins\/seo\/ -->\n<title>PROGRAMMATION CULTURELLE : MAI 2026 - IF Lituanie<\/title>\n<meta name=\"robots\" content=\"index, follow, max-snippet:-1, max-image-preview:large, max-video-preview:-1\" \/>\n<link rel=\"canonical\" href=\"https:\/\/www.institutfrancais-lituanie.com\/fr\/programmation-culturelle-mai-2026\/\" \/>\n<meta property=\"og:locale\" content=\"fr_FR\" \/>\n<meta property=\"og:type\" content=\"article\" \/>\n<meta property=\"og:title\" content=\"PROGRAMMATION CULTURELLE : MAI 2026 - IF Lituanie\" \/>\n<meta property=\"og:description\" content=\"Le programme culturel du mois de mai 2026 est d\u00e9sormais disponible :\u00a0 05.05_Cin\u00e9-club \u00ab La&hellip;\" \/>\n<meta property=\"og:url\" content=\"https:\/\/www.institutfrancais-lituanie.com\/fr\/programmation-culturelle-mai-2026\/\" \/>\n<meta property=\"og:site_name\" content=\"IF Lituanie\" \/>\n<meta property=\"article:publisher\" content=\"https:\/\/www.facebook.com\/prancuzuinstitutas\/\" \/>\n<meta property=\"article:modified_time\" content=\"2026-04-23T11:59:20+00:00\" \/>\n<meta name=\"twitter:card\" content=\"summary_large_image\" \/>\n<meta name=\"twitter:label1\" content=\"Est. reading time\" \/>\n\t<meta name=\"twitter:data1\" content=\"1 minute\" \/>\n<script type=\"application\/ld+json\" class=\"yoast-schema-graph\">{\"@context\":\"https:\/\/schema.org\",\"@graph\":[{\"@type\":\"WebPage\",\"@id\":\"https:\/\/www.institutfrancais-lituanie.com\/fr\/programmation-culturelle-mai-2026\/\",\"url\":\"https:\/\/www.institutfrancais-lituanie.com\/fr\/programmation-culturelle-mai-2026\/\",\"name\":\"PROGRAMMATION CULTURELLE : MAI 2026 - IF Lituanie\",\"isPartOf\":{\"@id\":\"https:\/\/www.institutfrancais-lituanie.com\/fr\/#website\"},\"datePublished\":\"2026-04-23T09:25:47+00:00\",\"dateModified\":\"2026-04-23T11:59:20+00:00\",\"breadcrumb\":{\"@id\":\"https:\/\/www.institutfrancais-lituanie.com\/fr\/programmation-culturelle-mai-2026\/#breadcrumb\"},\"inLanguage\":\"fr-FR\",\"potentialAction\":[{\"@type\":\"ReadAction\",\"target\":[\"https:\/\/www.institutfrancais-lituanie.com\/fr\/programmation-culturelle-mai-2026\/\"]}]},{\"@type\":\"BreadcrumbList\",\"@id\":\"https:\/\/www.institutfrancais-lituanie.com\/fr\/programmation-culturelle-mai-2026\/#breadcrumb\",\"itemListElement\":[{\"@type\":\"ListItem\",\"position\":1,\"name\":\"Home\",\"item\":\"https:\/\/www.institutfrancais-lituanie.com\/fr\/\"},{\"@type\":\"ListItem\",\"position\":2,\"name\":\"PROGRAMMATION CULTURELLE : MAI 2026\"}]},{\"@type\":\"WebSite\",\"@id\":\"https:\/\/www.institutfrancais-lituanie.com\/fr\/#website\",\"url\":\"https:\/\/www.institutfrancais-lituanie.com\/fr\/\",\"name\":\"IF Lituanie\",\"description\":\"Pranc\u016bz\u0173 kalbos kursai, kult\u016bra, mediateka...\",\"publisher\":{\"@id\":\"https:\/\/www.institutfrancais-lituanie.com\/fr\/#organization\"},\"potentialAction\":[{\"@type\":\"SearchAction\",\"target\":{\"@type\":\"EntryPoint\",\"urlTemplate\":\"https:\/\/www.institutfrancais-lituanie.com\/fr\/?s={search_term_string}\"},\"query-input\":\"required name=search_term_string\"}],\"inLanguage\":\"fr-FR\"},{\"@type\":\"Organization\",\"@id\":\"https:\/\/www.institutfrancais-lituanie.com\/fr\/#organization\",\"name\":\"Pranc\u016bz\u0173 institutas\",\"url\":\"https:\/\/www.institutfrancais-lituanie.com\/fr\/\",\"logo\":{\"@type\":\"ImageObject\",\"inLanguage\":\"fr-FR\",\"@id\":\"https:\/\/www.institutfrancais-lituanie.com\/fr\/#\/schema\/logo\/image\/\",\"url\":\"https:\/\/www.institutfrancais-lituanie.com\/wp-content\/uploads\/2023\/04\/IF_Logo-Lituanie-RVB.jpg\",\"contentUrl\":\"https:\/\/www.institutfrancais-lituanie.com\/wp-content\/uploads\/2023\/04\/IF_Logo-Lituanie-RVB.jpg\",\"width\":827,\"height\":555,\"caption\":\"Pranc\u016bz\u0173 institutas\"},\"image\":{\"@id\":\"https:\/\/www.institutfrancais-lituanie.com\/fr\/#\/schema\/logo\/image\/\"},\"sameAs\":[\"https:\/\/www.facebook.com\/prancuzuinstitutas\/\",\"https:\/\/www.instagram.com\/institut_francais_lituanie\/\"]}]}<\/script>\n<!-- \/ Yoast SEO plugin. -->","yoast_head_json":{"title":"PROGRAMMATION CULTURELLE : MAI 2026 - IF Lituanie","robots":{"index":"index","follow":"follow","max-snippet":"max-snippet:-1","max-image-preview":"max-image-preview:large","max-video-preview":"max-video-preview:-1"},"canonical":"https:\/\/www.institutfrancais-lituanie.com\/fr\/programmation-culturelle-mai-2026\/","og_locale":"fr_FR","og_type":"article","og_title":"PROGRAMMATION CULTURELLE : MAI 2026 - IF Lituanie","og_description":"Le programme culturel du mois de mai 2026 est d\u00e9sormais disponible :\u00a0 05.05_Cin\u00e9-club \u00ab La&hellip;","og_url":"https:\/\/www.institutfrancais-lituanie.com\/fr\/programmation-culturelle-mai-2026\/","og_site_name":"IF Lituanie","article_publisher":"https:\/\/www.facebook.com\/prancuzuinstitutas\/","article_modified_time":"2026-04-23T11:59:20+00:00","twitter_card":"summary_large_image","twitter_misc":{"Est. reading time":"1 minute"},"schema":{"@context":"https:\/\/schema.org","@graph":[{"@type":"WebPage","@id":"https:\/\/www.institutfrancais-lituanie.com\/fr\/programmation-culturelle-mai-2026\/","url":"https:\/\/www.institutfrancais-lituanie.com\/fr\/programmation-culturelle-mai-2026\/","name":"PROGRAMMATION CULTURELLE : MAI 2026 - IF Lituanie","isPartOf":{"@id":"https:\/\/www.institutfrancais-lituanie.com\/fr\/#website"},"datePublished":"2026-04-23T09:25:47+00:00","dateModified":"2026-04-23T11:59:20+00:00","breadcrumb":{"@id":"https:\/\/www.institutfrancais-lituanie.com\/fr\/programmation-culturelle-mai-2026\/#breadcrumb"},"inLanguage":"fr-FR","potentialAction":[{"@type":"ReadAction","target":["https:\/\/www.institutfrancais-lituanie.com\/fr\/programmation-culturelle-mai-2026\/"]}]},{"@type":"BreadcrumbList","@id":"https:\/\/www.institutfrancais-lituanie.com\/fr\/programmation-culturelle-mai-2026\/#breadcrumb","itemListElement":[{"@type":"ListItem","position":1,"name":"Home","item":"https:\/\/www.institutfrancais-lituanie.com\/fr\/"},{"@type":"ListItem","position":2,"name":"PROGRAMMATION CULTURELLE : MAI 2026"}]},{"@type":"WebSite","@id":"https:\/\/www.institutfrancais-lituanie.com\/fr\/#website","url":"https:\/\/www.institutfrancais-lituanie.com\/fr\/","name":"IF Lituanie","description":"Pranc\u016bz\u0173 kalbos kursai, kult\u016bra, mediateka...","publisher":{"@id":"https:\/\/www.institutfrancais-lituanie.com\/fr\/#organization"},"potentialAction":[{"@type":"SearchAction","target":{"@type":"EntryPoint","urlTemplate":"https:\/\/www.institutfrancais-lituanie.com\/fr\/?s={search_term_string}"},"query-input":"required name=search_term_string"}],"inLanguage":"fr-FR"},{"@type":"Organization","@id":"https:\/\/www.institutfrancais-lituanie.com\/fr\/#organization","name":"Pranc\u016bz\u0173 institutas","url":"https:\/\/www.institutfrancais-lituanie.com\/fr\/","logo":{"@type":"ImageObject","inLanguage":"fr-FR","@id":"https:\/\/www.institutfrancais-lituanie.com\/fr\/#\/schema\/logo\/image\/","url":"https:\/\/www.institutfrancais-lituanie.com\/wp-content\/uploads\/2023\/04\/IF_Logo-Lituanie-RVB.jpg","contentUrl":"https:\/\/www.institutfrancais-lituanie.com\/wp-content\/uploads\/2023\/04\/IF_Logo-Lituanie-RVB.jpg","width":827,"height":555,"caption":"Pranc\u016bz\u0173 institutas"},"image":{"@id":"https:\/\/www.institutfrancais-lituanie.com\/fr\/#\/schema\/logo\/image\/"},"sameAs":["https:\/\/www.facebook.com\/prancuzuinstitutas\/","https:\/\/www.instagram.com\/institut_francais_lituanie\/"]}]}},"_links":{"self":[{"href":"https:\/\/www.institutfrancais-lituanie.com\/fr\/wp-json\/wp\/v2\/pages\/18902"}],"collection":[{"href":"https:\/\/www.institutfrancais-lituanie.com\/fr\/wp-json\/wp\/v2\/pages"}],"about":[{"href":"https:\/\/www.institutfrancais-lituanie.com\/fr\/wp-json\/wp\/v2\/types\/page"}],"author":[{"embeddable":true,"href":"https:\/\/www.institutfrancais-lituanie.com\/fr\/wp-json\/wp\/v2\/users\/13"}],"replies":[{"embeddable":true,"href":"https:\/\/www.institutfrancais-lituanie.com\/fr\/wp-json\/wp\/v2\/comments?post=18902"}],"version-history":[{"count":3,"href":"https:\/\/www.institutfrancais-lituanie.com\/fr\/wp-json\/wp\/v2\/pages\/18902\/revisions"}],"predecessor-version":[{"id":18930,"href":"https:\/\/www.institutfrancais-lituanie.com\/fr\/wp-json\/wp\/v2\/pages\/18902\/revisions\/18930"}],"wp:attachment":[{"href":"https:\/\/www.institutfrancais-lituanie.com\/fr\/wp-json\/wp\/v2\/media?parent=18902"}],"curies":[{"name":"wp","href":"https:\/\/api.w.org\/{rel}","templated":true}]}}