{"id":18703,"date":"2026-03-27T08:46:23","date_gmt":"2026-03-27T08:46:23","guid":{"rendered":"https:\/\/www.institutfrancais-lituanie.com\/?page_id=18703"},"modified":"2026-04-21T14:12:35","modified_gmt":"2026-04-21T14:12:35","slug":"programmation-culturelle-avril-2026-2","status":"publish","type":"page","link":"https:\/\/www.institutfrancais-lituanie.com\/fr\/programmation-culturelle-avril-2026-2\/","title":{"rendered":"PROGRAMMATION CULTURELLE : AVRIL 2026"},"content":{"rendered":"<p><strong>Le programme culturel du mois d&#8217;avril 2026 est d\u00e9sormais disponible :\u00a0<\/strong><\/p>\n<p>01.04_<a href=\"https:\/\/www.institutfrancais-lituanie.com\/fr\/en-cours\/club-de-conversation\/\">Club de conversation<\/a><\/p>\n<p>07.04_<a href=\"https:\/\/www.institutfrancais-lituanie.com\/fr\/en-cours\/cine-club-davril-cycle-de-films-pionnieres-du-cinema\/\">Cin\u00e9-club \u00ab Cr\u00e9atures \u00bb de Agn\u00e8s Varda<\/a><\/p>\n<p>09.04_<a href=\"https:\/\/www.institutfrancais-lituanie.com\/fr\/en-cours\/paskaita-ar-tvari-taika-yra-imanoma-ukrainoje\/\">Conf\u00e9rence \u00ab Une paix durable est-elle possible en Ukraine ? \u00bb<\/a> d&#8217;Emilija Pundzi\u016bt\u0117-Gallois, Ma\u00eetre de conf\u00e9rences Universit\u00e9 Vytautas Magnus, Lituanie, Charg\u00e9e de cours \u00e0 Sciences Po<\/p>\n<p>14.04_<a href=\"https:\/\/www.institutfrancais-lituanie.com\/fr\/en-cours\/cine-club-davril-cycle-de-films-pionnieres-du-cinema\/\">Cin\u00e9-club \u00ab Cl\u00e9o de 5 \u00e0 7 \u00bb de Agn\u00e8s Varda<\/a><\/p>\n<p>15.04_<a href=\"https:\/\/www.institutfrancais-lituanie.com\/fr\/en-cours\/club-de-conversation\/\">Club de conversation<\/a><\/p>\n<p>16.04_<a href=\"https:\/\/www.institutfrancais-lituanie.com\/fr\/en-cours\/conference-le-corps-la-norme-et-la-proprete-un-regard-francais\/\">Conf\u00e9rence \u00ab Le corps, la norme et la propret\u00e9 : un regard fran\u00e7ais \u00bb<\/a><\/p>\n<p>18.04_<a href=\"https:\/\/www.institutfrancais-lituanie.com\/fr\/en-cours\/lheure-du-conte-a-linstitut-francais-de-lituanie\/\">L\u2019heure du conte<\/a><\/p>\n<p>21.04_<a href=\"https:\/\/www.institutfrancais-lituanie.com\/fr\/en-cours\/cine-club-davril-cycle-de-films-pionnieres-du-cinema\/\">Cin\u00e9-club \u00ab Paris 1900 \u00bb de Nicole Vedr\u00e8s<\/a><\/p>\n<p>24.04 et 25.04_<a href=\"https:\/\/www.institutfrancais-lituanie.com\/fr\/en-cours\/cycle-de-concerts-communs-de-choeurs-et-dorchestres-des-universites-de-vilnius-et-de-la-sorbonne-vilnius-paris\/\">Concert chorale de la Sorbonne<\/a><\/p>\n<p>25.04_<a href=\"https:\/\/www.institutfrancais-lituanie.com\/siuo-metu\/kinas\/balandzio-vaiku-kino-klubas-cine-gouter\/\">Cin\u00e9-go\u00fbter<\/a><\/p>\n<p>28.04_<a href=\"https:\/\/www.institutfrancais-lituanie.com\/fr\/en-cours\/cine-club-davril-cycle-de-films-pionnieres-du-cinema\/\">Cin\u00e9-club \u00ab Sois belle et tais-toi \u00bb de Delphine Seyring<\/a><\/p>\n<p>29.04_<a href=\"https:\/\/www.institutfrancais-lituanie.com\/fr\/en-cours\/soiree-jeux-de-societe\/\">Soir\u00e9e jeux de soci\u00e9t\u00e9<\/a><\/p>\n","protected":false},"excerpt":{"rendered":"<p>Le programme culturel du mois d&#8217;avril 2026 est d\u00e9sormais disponible :\u00a0 01.04_Club de conversation 07.04_Cin\u00e9-club&hellip;<\/p>\n","protected":false},"author":13,"featured_media":0,"parent":0,"menu_order":0,"comment_status":"closed","ping_status":"closed","template":"","meta":{"footnotes":""},"class_list":["post-18703","page","type-page","status-publish","hentry"],"yoast_head":"<!-- This site is optimized with the Yoast SEO plugin v23.2 - https:\/\/yoast.com\/wordpress\/plugins\/seo\/ -->\n<title>PROGRAMMATION CULTURELLE : AVRIL 2026 - IF Lituanie<\/title>\n<meta name=\"robots\" content=\"index, follow, max-snippet:-1, max-image-preview:large, max-video-preview:-1\" \/>\n<link rel=\"canonical\" href=\"https:\/\/www.institutfrancais-lituanie.com\/fr\/programmation-culturelle-avril-2026-2\/\" \/>\n<meta property=\"og:locale\" content=\"fr_FR\" \/>\n<meta property=\"og:type\" content=\"article\" \/>\n<meta property=\"og:title\" content=\"PROGRAMMATION CULTURELLE : AVRIL 2026 - IF Lituanie\" \/>\n<meta property=\"og:description\" content=\"Le programme culturel du mois d&#8217;avril 2026 est d\u00e9sormais disponible :\u00a0 01.04_Club de conversation 07.04_Cin\u00e9-club&hellip;\" \/>\n<meta property=\"og:url\" content=\"https:\/\/www.institutfrancais-lituanie.com\/fr\/programmation-culturelle-avril-2026-2\/\" \/>\n<meta property=\"og:site_name\" content=\"IF Lituanie\" \/>\n<meta property=\"article:publisher\" content=\"https:\/\/www.facebook.com\/prancuzuinstitutas\/\" \/>\n<meta property=\"article:modified_time\" content=\"2026-04-21T14:12:35+00:00\" \/>\n<meta name=\"twitter:card\" content=\"summary_large_image\" \/>\n<meta name=\"twitter:label1\" content=\"Est. reading time\" \/>\n\t<meta name=\"twitter:data1\" content=\"1 minute\" \/>\n<script type=\"application\/ld+json\" class=\"yoast-schema-graph\">{\"@context\":\"https:\/\/schema.org\",\"@graph\":[{\"@type\":\"WebPage\",\"@id\":\"https:\/\/www.institutfrancais-lituanie.com\/fr\/programmation-culturelle-avril-2026-2\/\",\"url\":\"https:\/\/www.institutfrancais-lituanie.com\/fr\/programmation-culturelle-avril-2026-2\/\",\"name\":\"PROGRAMMATION CULTURELLE : AVRIL 2026 - IF Lituanie\",\"isPartOf\":{\"@id\":\"https:\/\/www.institutfrancais-lituanie.com\/fr\/#website\"},\"datePublished\":\"2026-03-27T08:46:23+00:00\",\"dateModified\":\"2026-04-21T14:12:35+00:00\",\"breadcrumb\":{\"@id\":\"https:\/\/www.institutfrancais-lituanie.com\/fr\/programmation-culturelle-avril-2026-2\/#breadcrumb\"},\"inLanguage\":\"fr-FR\",\"potentialAction\":[{\"@type\":\"ReadAction\",\"target\":[\"https:\/\/www.institutfrancais-lituanie.com\/fr\/programmation-culturelle-avril-2026-2\/\"]}]},{\"@type\":\"BreadcrumbList\",\"@id\":\"https:\/\/www.institutfrancais-lituanie.com\/fr\/programmation-culturelle-avril-2026-2\/#breadcrumb\",\"itemListElement\":[{\"@type\":\"ListItem\",\"position\":1,\"name\":\"Home\",\"item\":\"https:\/\/www.institutfrancais-lituanie.com\/fr\/\"},{\"@type\":\"ListItem\",\"position\":2,\"name\":\"PROGRAMMATION CULTURELLE : AVRIL 2026\"}]},{\"@type\":\"WebSite\",\"@id\":\"https:\/\/www.institutfrancais-lituanie.com\/fr\/#website\",\"url\":\"https:\/\/www.institutfrancais-lituanie.com\/fr\/\",\"name\":\"IF Lituanie\",\"description\":\"Pranc\u016bz\u0173 kalbos kursai, kult\u016bra, mediateka...\",\"publisher\":{\"@id\":\"https:\/\/www.institutfrancais-lituanie.com\/fr\/#organization\"},\"potentialAction\":[{\"@type\":\"SearchAction\",\"target\":{\"@type\":\"EntryPoint\",\"urlTemplate\":\"https:\/\/www.institutfrancais-lituanie.com\/fr\/?s={search_term_string}\"},\"query-input\":\"required name=search_term_string\"}],\"inLanguage\":\"fr-FR\"},{\"@type\":\"Organization\",\"@id\":\"https:\/\/www.institutfrancais-lituanie.com\/fr\/#organization\",\"name\":\"Pranc\u016bz\u0173 institutas\",\"url\":\"https:\/\/www.institutfrancais-lituanie.com\/fr\/\",\"logo\":{\"@type\":\"ImageObject\",\"inLanguage\":\"fr-FR\",\"@id\":\"https:\/\/www.institutfrancais-lituanie.com\/fr\/#\/schema\/logo\/image\/\",\"url\":\"https:\/\/www.institutfrancais-lituanie.com\/wp-content\/uploads\/2023\/04\/IF_Logo-Lituanie-RVB.jpg\",\"contentUrl\":\"https:\/\/www.institutfrancais-lituanie.com\/wp-content\/uploads\/2023\/04\/IF_Logo-Lituanie-RVB.jpg\",\"width\":827,\"height\":555,\"caption\":\"Pranc\u016bz\u0173 institutas\"},\"image\":{\"@id\":\"https:\/\/www.institutfrancais-lituanie.com\/fr\/#\/schema\/logo\/image\/\"},\"sameAs\":[\"https:\/\/www.facebook.com\/prancuzuinstitutas\/\",\"https:\/\/www.instagram.com\/institut_francais_lituanie\/\"]}]}<\/script>\n<!-- \/ Yoast SEO plugin. -->","yoast_head_json":{"title":"PROGRAMMATION CULTURELLE : AVRIL 2026 - IF Lituanie","robots":{"index":"index","follow":"follow","max-snippet":"max-snippet:-1","max-image-preview":"max-image-preview:large","max-video-preview":"max-video-preview:-1"},"canonical":"https:\/\/www.institutfrancais-lituanie.com\/fr\/programmation-culturelle-avril-2026-2\/","og_locale":"fr_FR","og_type":"article","og_title":"PROGRAMMATION CULTURELLE : AVRIL 2026 - IF Lituanie","og_description":"Le programme culturel du mois d&#8217;avril 2026 est d\u00e9sormais disponible :\u00a0 01.04_Club de conversation 07.04_Cin\u00e9-club&hellip;","og_url":"https:\/\/www.institutfrancais-lituanie.com\/fr\/programmation-culturelle-avril-2026-2\/","og_site_name":"IF Lituanie","article_publisher":"https:\/\/www.facebook.com\/prancuzuinstitutas\/","article_modified_time":"2026-04-21T14:12:35+00:00","twitter_card":"summary_large_image","twitter_misc":{"Est. reading time":"1 minute"},"schema":{"@context":"https:\/\/schema.org","@graph":[{"@type":"WebPage","@id":"https:\/\/www.institutfrancais-lituanie.com\/fr\/programmation-culturelle-avril-2026-2\/","url":"https:\/\/www.institutfrancais-lituanie.com\/fr\/programmation-culturelle-avril-2026-2\/","name":"PROGRAMMATION CULTURELLE : AVRIL 2026 - IF Lituanie","isPartOf":{"@id":"https:\/\/www.institutfrancais-lituanie.com\/fr\/#website"},"datePublished":"2026-03-27T08:46:23+00:00","dateModified":"2026-04-21T14:12:35+00:00","breadcrumb":{"@id":"https:\/\/www.institutfrancais-lituanie.com\/fr\/programmation-culturelle-avril-2026-2\/#breadcrumb"},"inLanguage":"fr-FR","potentialAction":[{"@type":"ReadAction","target":["https:\/\/www.institutfrancais-lituanie.com\/fr\/programmation-culturelle-avril-2026-2\/"]}]},{"@type":"BreadcrumbList","@id":"https:\/\/www.institutfrancais-lituanie.com\/fr\/programmation-culturelle-avril-2026-2\/#breadcrumb","itemListElement":[{"@type":"ListItem","position":1,"name":"Home","item":"https:\/\/www.institutfrancais-lituanie.com\/fr\/"},{"@type":"ListItem","position":2,"name":"PROGRAMMATION CULTURELLE : AVRIL 2026"}]},{"@type":"WebSite","@id":"https:\/\/www.institutfrancais-lituanie.com\/fr\/#website","url":"https:\/\/www.institutfrancais-lituanie.com\/fr\/","name":"IF Lituanie","description":"Pranc\u016bz\u0173 kalbos kursai, kult\u016bra, mediateka...","publisher":{"@id":"https:\/\/www.institutfrancais-lituanie.com\/fr\/#organization"},"potentialAction":[{"@type":"SearchAction","target":{"@type":"EntryPoint","urlTemplate":"https:\/\/www.institutfrancais-lituanie.com\/fr\/?s={search_term_string}"},"query-input":"required name=search_term_string"}],"inLanguage":"fr-FR"},{"@type":"Organization","@id":"https:\/\/www.institutfrancais-lituanie.com\/fr\/#organization","name":"Pranc\u016bz\u0173 institutas","url":"https:\/\/www.institutfrancais-lituanie.com\/fr\/","logo":{"@type":"ImageObject","inLanguage":"fr-FR","@id":"https:\/\/www.institutfrancais-lituanie.com\/fr\/#\/schema\/logo\/image\/","url":"https:\/\/www.institutfrancais-lituanie.com\/wp-content\/uploads\/2023\/04\/IF_Logo-Lituanie-RVB.jpg","contentUrl":"https:\/\/www.institutfrancais-lituanie.com\/wp-content\/uploads\/2023\/04\/IF_Logo-Lituanie-RVB.jpg","width":827,"height":555,"caption":"Pranc\u016bz\u0173 institutas"},"image":{"@id":"https:\/\/www.institutfrancais-lituanie.com\/fr\/#\/schema\/logo\/image\/"},"sameAs":["https:\/\/www.facebook.com\/prancuzuinstitutas\/","https:\/\/www.instagram.com\/institut_francais_lituanie\/"]}]}},"_links":{"self":[{"href":"https:\/\/www.institutfrancais-lituanie.com\/fr\/wp-json\/wp\/v2\/pages\/18703"}],"collection":[{"href":"https:\/\/www.institutfrancais-lituanie.com\/fr\/wp-json\/wp\/v2\/pages"}],"about":[{"href":"https:\/\/www.institutfrancais-lituanie.com\/fr\/wp-json\/wp\/v2\/types\/page"}],"author":[{"embeddable":true,"href":"https:\/\/www.institutfrancais-lituanie.com\/fr\/wp-json\/wp\/v2\/users\/13"}],"replies":[{"embeddable":true,"href":"https:\/\/www.institutfrancais-lituanie.com\/fr\/wp-json\/wp\/v2\/comments?post=18703"}],"version-history":[{"count":10,"href":"https:\/\/www.institutfrancais-lituanie.com\/fr\/wp-json\/wp\/v2\/pages\/18703\/revisions"}],"predecessor-version":[{"id":18883,"href":"https:\/\/www.institutfrancais-lituanie.com\/fr\/wp-json\/wp\/v2\/pages\/18703\/revisions\/18883"}],"wp:attachment":[{"href":"https:\/\/www.institutfrancais-lituanie.com\/fr\/wp-json\/wp\/v2\/media?parent=18703"}],"curies":[{"name":"wp","href":"https:\/\/api.w.org\/{rel}","templated":true}]}}