{"id":1856,"date":"2018-12-03T15:20:22","date_gmt":"2018-12-03T15:20:22","guid":{"rendered":"http:\/\/institutfrancais-lituanie.com\/?page_id=1856"},"modified":"2025-10-28T12:14:28","modified_gmt":"2025-10-28T12:14:28","slug":"entreprises","status":"publish","type":"page","link":"https:\/\/www.institutfrancais-lituanie.com\/fr\/cours-francais\/entreprises\/","title":{"rendered":"Entreprises"},"content":{"rendered":"<div class=\"wpb-content-wrapper\"><p>[vc_row][vc_column][vc_message]Votre parcours en 5 \u00e9tapes<\/p>\n<p>1. Un premier entretien pour comprendre vos objectifs et vos attentes<br \/>\n2. Une analyse des besoins des participants (\u00e9valuation du niveau linguistique)<br \/>\n3. Le d\u00e9veloppement d&#8217;un programme de formation adapt\u00e9 \u00e0 vos besoins et objectifs<br \/>\n4. Un suivi r\u00e9gulier et personnalis\u00e9 pendant le d\u00e9roulement de la formation, sur place ou dans nos locaux<br \/>\n5. Une \u00e9valuation finale et un bilan de formation personnalis\u00e9s<\/p>\n<p>Pour d\u00e9marrer vos cours en entreprise avec l&#8217;Institut fran\u00e7ais de Lituanie, contactez-nous \u00e0 l&#8217;adresse mokymai@institutfrancais-lituanie.com[\/vc_message][\/vc_column][\/vc_row][vc_row][vc_column][vc_column_text]<span style=\"color: #008ac9; font-size: 12pt;\"><b><strong>La langue fran\u00e7aise<\/strong> en quelques chiffres<\/b><\/span><\/p>\n<hr \/>\n<ul>\n<li><strong>274 millions de francophones<\/strong> r\u00e9partis sur les cinq continents<\/li>\n<li>20% des \u00e9changes commerciaux dans le monde entre pays membres de l&#8217;Organisation internationale de la francophonie<\/li>\n<li><strong>la 3<sup>e<\/sup> langue des affaires<\/strong><\/li>\n<li>la 4<sup>e<\/sup> langue d&#8217;Internet<\/li>\n<li><strong>la 5<sup>e<\/sup> langue la plus parl\u00e9e dans le monde<\/strong><\/li>\n<\/ul>\n<p><span style=\"color: #008ac9; font-size: 12pt;\"><b>L&#8217;Institut fran\u00e7ais<\/b><\/span><\/p>\n<hr \/>\n<p><strong>L\u2018Institut fran\u00e7ais<\/strong> est un service de l&#8217;Ambassade de France, reconnu pour <strong>l&#8217;excellence de ses formations de langue fran\u00e7aise<\/strong>. Ses actions s&#8217;inscrivent dans des secteurs aussi vari\u00e9s que l&#8217;universitaire et le scientifique, le linguistique et l&#8217;\u00e9ducatif, l&#8217;artistique et l&#8217;audiovisuel. Son statut diplomatique en fait un <strong>interlocuteur privil\u00e9gi\u00e9<\/strong> des institutions lituaniennes publiques comme des entreprises priv\u00e9es, ainsi que des organisations internationales pr\u00e9sentes en Lituanie.<\/p>\n<p>Notre \u00e9quipe p\u00e9dagogique comprend <strong>21 enseignants dipl\u00f4m\u00e9s et exp\u00e9riment\u00e9s<\/strong> dans le domaine de l&#8217;enseignement du fran\u00e7ais langue \u00e9trang\u00e8re, \u00e0 votre service pour une formation sur mesure r\u00e9pondant \u00e0 vos besoins. Nous formons <strong>plus d\u2018un millier d\u2018apprenants<\/strong> <strong>chaque ann\u00e9e<\/strong> et d\u00e9livrons <strong>150 certifications officielles<\/strong> en fran\u00e7ais.<\/p>\n<p><span style=\"color: #008ac9;\"><b><span style=\"font-size: 12pt;\">Pourquoi la langue fran\u00e7aise ?<\/span><br \/>\n<\/b><\/span><\/p>\n<hr \/>\n<ul>\n<li>pour <strong>d\u00e9velopper votre activit\u00e9 \u00e0 l&#8217;international<\/strong><\/li>\n<li>pour <strong>favoriser votre mobilit\u00e9<\/strong> et\/ou celle de vos employ\u00e9s<\/li>\n<li>pour <strong>offrir \u00e0 votre \u00e9quipe une opportunit\u00e9 de formation<\/strong> et <strong>am\u00e9liorer la communication au sein de vos \u00e9quipes<\/strong> bilingues<\/li>\n<li>pour <strong>acqu\u00e9rir des comp\u00e9tences sp\u00e9cialis\u00e9es en fran\u00e7ais<\/strong> et pour <strong>approfondir vos connaissances des diff\u00e9rences culturelles et des particularit\u00e9s professionnelles entre la Lituanie et la France<\/strong><\/li>\n<\/ul>\n<p><span style=\"color: #008ac9;\"><b><span style=\"font-size: 12pt;\">Nous vous proposons diff\u00e9rents types de formations<\/span><br \/>\n<\/b><\/span><\/p>\n<hr \/>\n<ul>\n<li><strong>formations collectives sur mesure<\/strong> : nous construisons avec vous le programme de formation correspondant \u00e0 vos besoins et assurons les cours dans vos locaux, selon vos horaires, \u00e0 votre rythme<\/li>\n<li><strong>formations individuelles<\/strong> : des formations individualis\u00e9es et tr\u00e8s flexibles adapt\u00e9es aux professionnels dont l\u2018agenda ne permet pas de suivre une programmation r\u00e9guli\u00e8re<\/li>\n<li><strong>s\u00e9minaires professionnels<\/strong> : pour une plus grande efficacit\u00e9 professionnelle, nous vous proposons des formations courtes sur des points-cl\u00e9s tels que la communication t\u00e9l\u00e9phonique, la r\u00e9daction de documents d\u2018entreprise, la conduite de r\u00e9union<\/li>\n<li><strong>formations g\u00e9n\u00e9ralistes<\/strong> : conseill\u00e9es aux d\u00e9butants en langue fran\u00e7aise, ces formations ont lieu \u00e0 l&#8217;Institut fran\u00e7ais dans nos groupes grand public, pour une premi\u00e8re sensibilisation au fran\u00e7ais<\/li>\n<li>nous proposons encore des <strong>certifications officielles<\/strong> comme le <a href=\"http:\/\/institutfrancais-lituanie.com\/category\/lituanie\/cours-de-francais\/examens\/tcf\/?lang=fr\" target=\"_blank\" rel=\"noopener noreferrer\"><span style=\"text-decoration: underline;\">Test de connaissance du fran\u00e7ais<\/span><\/a>, les Dipl\u00f4mes de langue fran\u00e7aise <a href=\"http:\/\/institutfrancais-lituanie.com\/category\/lituanie\/cours-de-francais\/examens\/delf-dalf\/?lang=fr\" target=\"_blank\" rel=\"noopener noreferrer\"><span style=\"text-decoration: underline;\">DELF-DALF<\/span><\/a> ou les <span style=\"text-decoration: underline;\">Dipl\u00f4mes de fran\u00e7ais professionnel<\/span> pour valider vos comp\u00e9tences en fran\u00e7ais.<\/li>\n<\/ul>\n<p>Pour un rendez-vous, une \u00e9valuation de vos \u00e9quipes, une analyse de vos besoins, un devis, contactez-nous ![\/vc_column_text][\/vc_column][\/vc_row][vc_row][vc_column][vc_separator][\/vc_column][\/vc_row][vc_row color=&#8221;&#8221; message_box_style=&#8221;standard&#8221; style=&#8221;rounded&#8221; message_box_color=&#8221;info&#8221; icon_type=&#8221;fontawesome&#8221; icon_fontawesome=&#8221;fas fa-envelope&#8221; icon_monosocial=&#8221;vc-mono vc-mono-fivehundredpx&#8221; icon_openiconic=&#8221;&#8221; icon_typicons=&#8221;&#8221; icon_entypo=&#8221;&#8221; icon_linecons=&#8221;&#8221; icon_pixelicons=&#8221;&#8221;][vc_column][vc_message icon_fontawesome=&#8221;fas fa-envelope&#8221; css=&#8221;&#8221;]<strong>Service des cours de fran\u00e7ais<\/strong><br \/>\n<strong>Pour toute demande :<\/strong><br \/>\nMeda Zabala\u00a0<strong>+370 5 219 9655\u00a0 \u00a0<\/strong><br \/>\nmeda.zabala@institutfrancais-lituanie.com<br \/>\n<strong>Accueil t\u00e9l\u00e9phonique de l\u2019Institut :\u00a0<\/strong><br \/>\nDu lundi au vendredi de 9h \u00e0 16h30 :\u00a0<strong>+370 5 219 96 96<\/strong>[\/vc_message][\/vc_column][\/vc_row]<\/p>\n<\/div>","protected":false},"excerpt":{"rendered":"[vc_row][vc_column][vc_message]Votre parcours en 5 \u00e9tapes 1. Un premier entretien pour comprendre vos objectifs et vos&hellip;","protected":false},"author":2,"featured_media":3560,"parent":1736,"menu_order":0,"comment_status":"closed","ping_status":"closed","template":"page-sidebar.php","meta":{"footnotes":""},"class_list":["post-1856","page","type-page","status-publish","has-post-thumbnail","hentry"],"yoast_head":"<!-- This site is optimized with the Yoast SEO plugin v23.2 - https:\/\/yoast.com\/wordpress\/plugins\/seo\/ -->\n<title>Entreprises - IF Lituanie<\/title>\n<meta name=\"robots\" content=\"index, follow, max-snippet:-1, max-image-preview:large, max-video-preview:-1\" \/>\n<link rel=\"canonical\" href=\"https:\/\/www.institutfrancais-lituanie.com\/fr\/cours-francais\/entreprises\/\" \/>\n<meta property=\"og:locale\" content=\"fr_FR\" \/>\n<meta property=\"og:type\" content=\"article\" \/>\n<meta property=\"og:title\" content=\"Entreprises - IF Lituanie\" \/>\n<meta property=\"og:url\" content=\"https:\/\/www.institutfrancais-lituanie.com\/fr\/cours-francais\/entreprises\/\" \/>\n<meta property=\"og:site_name\" content=\"IF Lituanie\" \/>\n<meta property=\"article:publisher\" content=\"https:\/\/www.facebook.com\/prancuzuinstitutas\/\" \/>\n<meta property=\"article:modified_time\" content=\"2025-10-28T12:14:28+00:00\" \/>\n<meta property=\"og:image\" content=\"https:\/\/www.institutfrancais-lituanie.com\/wp-content\/uploads\/2019\/02\/entreprises.jpg\" \/>\n\t<meta property=\"og:image:width\" content=\"1170\" \/>\n\t<meta property=\"og:image:height\" content=\"585\" \/>\n\t<meta property=\"og:image:type\" content=\"image\/jpeg\" \/>\n<meta name=\"twitter:card\" content=\"summary_large_image\" \/>\n<meta name=\"twitter:label1\" content=\"Est. reading time\" \/>\n\t<meta name=\"twitter:data1\" content=\"4 minutes\" \/>\n<script type=\"application\/ld+json\" class=\"yoast-schema-graph\">{\"@context\":\"https:\/\/schema.org\",\"@graph\":[{\"@type\":\"WebPage\",\"@id\":\"https:\/\/www.institutfrancais-lituanie.com\/fr\/cours-francais\/entreprises\/\",\"url\":\"https:\/\/www.institutfrancais-lituanie.com\/fr\/cours-francais\/entreprises\/\",\"name\":\"Entreprises - IF Lituanie\",\"isPartOf\":{\"@id\":\"https:\/\/www.institutfrancais-lituanie.com\/fr\/#website\"},\"primaryImageOfPage\":{\"@id\":\"https:\/\/www.institutfrancais-lituanie.com\/fr\/cours-francais\/entreprises\/#primaryimage\"},\"image\":{\"@id\":\"https:\/\/www.institutfrancais-lituanie.com\/fr\/cours-francais\/entreprises\/#primaryimage\"},\"thumbnailUrl\":\"https:\/\/www.institutfrancais-lituanie.com\/wp-content\/uploads\/2019\/02\/entreprises.jpg\",\"datePublished\":\"2018-12-03T15:20:22+00:00\",\"dateModified\":\"2025-10-28T12:14:28+00:00\",\"breadcrumb\":{\"@id\":\"https:\/\/www.institutfrancais-lituanie.com\/fr\/cours-francais\/entreprises\/#breadcrumb\"},\"inLanguage\":\"fr-FR\",\"potentialAction\":[{\"@type\":\"ReadAction\",\"target\":[\"https:\/\/www.institutfrancais-lituanie.com\/fr\/cours-francais\/entreprises\/\"]}]},{\"@type\":\"ImageObject\",\"inLanguage\":\"fr-FR\",\"@id\":\"https:\/\/www.institutfrancais-lituanie.com\/fr\/cours-francais\/entreprises\/#primaryimage\",\"url\":\"https:\/\/www.institutfrancais-lituanie.com\/wp-content\/uploads\/2019\/02\/entreprises.jpg\",\"contentUrl\":\"https:\/\/www.institutfrancais-lituanie.com\/wp-content\/uploads\/2019\/02\/entreprises.jpg\",\"width\":1170,\"height\":585},{\"@type\":\"BreadcrumbList\",\"@id\":\"https:\/\/www.institutfrancais-lituanie.com\/fr\/cours-francais\/entreprises\/#breadcrumb\",\"itemListElement\":[{\"@type\":\"ListItem\",\"position\":1,\"name\":\"Home\",\"item\":\"https:\/\/www.institutfrancais-lituanie.com\/fr\/\"},{\"@type\":\"ListItem\",\"position\":2,\"name\":\"Cours et examens\",\"item\":\"https:\/\/www.institutfrancais-lituanie.com\/fr\/cours-francais\/\"},{\"@type\":\"ListItem\",\"position\":3,\"name\":\"Entreprises\"}]},{\"@type\":\"WebSite\",\"@id\":\"https:\/\/www.institutfrancais-lituanie.com\/fr\/#website\",\"url\":\"https:\/\/www.institutfrancais-lituanie.com\/fr\/\",\"name\":\"IF Lituanie\",\"description\":\"Pranc\u016bz\u0173 kalbos kursai, kult\u016bra, mediateka...\",\"publisher\":{\"@id\":\"https:\/\/www.institutfrancais-lituanie.com\/fr\/#organization\"},\"potentialAction\":[{\"@type\":\"SearchAction\",\"target\":{\"@type\":\"EntryPoint\",\"urlTemplate\":\"https:\/\/www.institutfrancais-lituanie.com\/fr\/?s={search_term_string}\"},\"query-input\":\"required name=search_term_string\"}],\"inLanguage\":\"fr-FR\"},{\"@type\":\"Organization\",\"@id\":\"https:\/\/www.institutfrancais-lituanie.com\/fr\/#organization\",\"name\":\"Pranc\u016bz\u0173 institutas\",\"url\":\"https:\/\/www.institutfrancais-lituanie.com\/fr\/\",\"logo\":{\"@type\":\"ImageObject\",\"inLanguage\":\"fr-FR\",\"@id\":\"https:\/\/www.institutfrancais-lituanie.com\/fr\/#\/schema\/logo\/image\/\",\"url\":\"https:\/\/www.institutfrancais-lituanie.com\/wp-content\/uploads\/2023\/04\/IF_Logo-Lituanie-RVB.jpg\",\"contentUrl\":\"https:\/\/www.institutfrancais-lituanie.com\/wp-content\/uploads\/2023\/04\/IF_Logo-Lituanie-RVB.jpg\",\"width\":827,\"height\":555,\"caption\":\"Pranc\u016bz\u0173 institutas\"},\"image\":{\"@id\":\"https:\/\/www.institutfrancais-lituanie.com\/fr\/#\/schema\/logo\/image\/\"},\"sameAs\":[\"https:\/\/www.facebook.com\/prancuzuinstitutas\/\",\"https:\/\/www.instagram.com\/institut_francais_lituanie\/\"]}]}<\/script>\n<!-- \/ Yoast SEO plugin. -->","yoast_head_json":{"title":"Entreprises - IF Lituanie","robots":{"index":"index","follow":"follow","max-snippet":"max-snippet:-1","max-image-preview":"max-image-preview:large","max-video-preview":"max-video-preview:-1"},"canonical":"https:\/\/www.institutfrancais-lituanie.com\/fr\/cours-francais\/entreprises\/","og_locale":"fr_FR","og_type":"article","og_title":"Entreprises - IF Lituanie","og_url":"https:\/\/www.institutfrancais-lituanie.com\/fr\/cours-francais\/entreprises\/","og_site_name":"IF Lituanie","article_publisher":"https:\/\/www.facebook.com\/prancuzuinstitutas\/","article_modified_time":"2025-10-28T12:14:28+00:00","og_image":[{"width":1170,"height":585,"url":"https:\/\/www.institutfrancais-lituanie.com\/wp-content\/uploads\/2019\/02\/entreprises.jpg","type":"image\/jpeg"}],"twitter_card":"summary_large_image","twitter_misc":{"Est. reading time":"4 minutes"},"schema":{"@context":"https:\/\/schema.org","@graph":[{"@type":"WebPage","@id":"https:\/\/www.institutfrancais-lituanie.com\/fr\/cours-francais\/entreprises\/","url":"https:\/\/www.institutfrancais-lituanie.com\/fr\/cours-francais\/entreprises\/","name":"Entreprises - IF Lituanie","isPartOf":{"@id":"https:\/\/www.institutfrancais-lituanie.com\/fr\/#website"},"primaryImageOfPage":{"@id":"https:\/\/www.institutfrancais-lituanie.com\/fr\/cours-francais\/entreprises\/#primaryimage"},"image":{"@id":"https:\/\/www.institutfrancais-lituanie.com\/fr\/cours-francais\/entreprises\/#primaryimage"},"thumbnailUrl":"https:\/\/www.institutfrancais-lituanie.com\/wp-content\/uploads\/2019\/02\/entreprises.jpg","datePublished":"2018-12-03T15:20:22+00:00","dateModified":"2025-10-28T12:14:28+00:00","breadcrumb":{"@id":"https:\/\/www.institutfrancais-lituanie.com\/fr\/cours-francais\/entreprises\/#breadcrumb"},"inLanguage":"fr-FR","potentialAction":[{"@type":"ReadAction","target":["https:\/\/www.institutfrancais-lituanie.com\/fr\/cours-francais\/entreprises\/"]}]},{"@type":"ImageObject","inLanguage":"fr-FR","@id":"https:\/\/www.institutfrancais-lituanie.com\/fr\/cours-francais\/entreprises\/#primaryimage","url":"https:\/\/www.institutfrancais-lituanie.com\/wp-content\/uploads\/2019\/02\/entreprises.jpg","contentUrl":"https:\/\/www.institutfrancais-lituanie.com\/wp-content\/uploads\/2019\/02\/entreprises.jpg","width":1170,"height":585},{"@type":"BreadcrumbList","@id":"https:\/\/www.institutfrancais-lituanie.com\/fr\/cours-francais\/entreprises\/#breadcrumb","itemListElement":[{"@type":"ListItem","position":1,"name":"Home","item":"https:\/\/www.institutfrancais-lituanie.com\/fr\/"},{"@type":"ListItem","position":2,"name":"Cours et examens","item":"https:\/\/www.institutfrancais-lituanie.com\/fr\/cours-francais\/"},{"@type":"ListItem","position":3,"name":"Entreprises"}]},{"@type":"WebSite","@id":"https:\/\/www.institutfrancais-lituanie.com\/fr\/#website","url":"https:\/\/www.institutfrancais-lituanie.com\/fr\/","name":"IF Lituanie","description":"Pranc\u016bz\u0173 kalbos kursai, kult\u016bra, mediateka...","publisher":{"@id":"https:\/\/www.institutfrancais-lituanie.com\/fr\/#organization"},"potentialAction":[{"@type":"SearchAction","target":{"@type":"EntryPoint","urlTemplate":"https:\/\/www.institutfrancais-lituanie.com\/fr\/?s={search_term_string}"},"query-input":"required name=search_term_string"}],"inLanguage":"fr-FR"},{"@type":"Organization","@id":"https:\/\/www.institutfrancais-lituanie.com\/fr\/#organization","name":"Pranc\u016bz\u0173 institutas","url":"https:\/\/www.institutfrancais-lituanie.com\/fr\/","logo":{"@type":"ImageObject","inLanguage":"fr-FR","@id":"https:\/\/www.institutfrancais-lituanie.com\/fr\/#\/schema\/logo\/image\/","url":"https:\/\/www.institutfrancais-lituanie.com\/wp-content\/uploads\/2023\/04\/IF_Logo-Lituanie-RVB.jpg","contentUrl":"https:\/\/www.institutfrancais-lituanie.com\/wp-content\/uploads\/2023\/04\/IF_Logo-Lituanie-RVB.jpg","width":827,"height":555,"caption":"Pranc\u016bz\u0173 institutas"},"image":{"@id":"https:\/\/www.institutfrancais-lituanie.com\/fr\/#\/schema\/logo\/image\/"},"sameAs":["https:\/\/www.facebook.com\/prancuzuinstitutas\/","https:\/\/www.instagram.com\/institut_francais_lituanie\/"]}]}},"_links":{"self":[{"href":"https:\/\/www.institutfrancais-lituanie.com\/fr\/wp-json\/wp\/v2\/pages\/1856"}],"collection":[{"href":"https:\/\/www.institutfrancais-lituanie.com\/fr\/wp-json\/wp\/v2\/pages"}],"about":[{"href":"https:\/\/www.institutfrancais-lituanie.com\/fr\/wp-json\/wp\/v2\/types\/page"}],"author":[{"embeddable":true,"href":"https:\/\/www.institutfrancais-lituanie.com\/fr\/wp-json\/wp\/v2\/users\/2"}],"replies":[{"embeddable":true,"href":"https:\/\/www.institutfrancais-lituanie.com\/fr\/wp-json\/wp\/v2\/comments?post=1856"}],"version-history":[{"count":11,"href":"https:\/\/www.institutfrancais-lituanie.com\/fr\/wp-json\/wp\/v2\/pages\/1856\/revisions"}],"predecessor-version":[{"id":17745,"href":"https:\/\/www.institutfrancais-lituanie.com\/fr\/wp-json\/wp\/v2\/pages\/1856\/revisions\/17745"}],"up":[{"embeddable":true,"href":"https:\/\/www.institutfrancais-lituanie.com\/fr\/wp-json\/wp\/v2\/pages\/1736"}],"wp:featuredmedia":[{"embeddable":true,"href":"https:\/\/www.institutfrancais-lituanie.com\/fr\/wp-json\/wp\/v2\/media\/3560"}],"wp:attachment":[{"href":"https:\/\/www.institutfrancais-lituanie.com\/fr\/wp-json\/wp\/v2\/media?parent=1856"}],"curies":[{"name":"wp","href":"https:\/\/api.w.org\/{rel}","templated":true}]}}