{"id":1850,"date":"2018-12-03T15:01:03","date_gmt":"2018-12-03T15:01:03","guid":{"rendered":"http:\/\/institutfrancais-lituanie.com\/?page_id=1850"},"modified":"2025-10-28T11:45:06","modified_gmt":"2025-10-28T11:45:06","slug":"cours-individuels","status":"publish","type":"page","link":"https:\/\/www.institutfrancais-lituanie.com\/fr\/cours-francais\/cours-individuels\/","title":{"rendered":"Cours individuels"},"content":{"rendered":"<div class=\"wpb-content-wrapper\"><p>[vc_row][vc_column][vc_column_text css=&#8221;&#8221;]<span style=\"font-size: 12pt; color: #008ac9;\"><strong>Cours individuels de fran\u00e7ais\u00a0<\/strong><\/span><\/p>\n<hr \/>\n<p><span style=\"color: #000000;\"><strong>Apprenez le fran\u00e7ais \u00e0 votre propre rythme gr\u00e2ce \u00e0 nos cours individuels en pr\u00e9sentiel ou \u00e0 distance. Ainsi, que vous soyez \u00e0 Vilnius o\u00f9 en Lituanie, ou encore \u00e0 l\u2019\u00e9tranger, apprenez le fran\u00e7ais \u00e0 votre rythme et suivez vos propres objectifs gr\u00e2ce \u00e0 notre offre de cours individuels sur mesure.<\/strong><\/span><\/p>\n<p>Fran\u00e7ais g\u00e9n\u00e9ral, fran\u00e7ais professionnel ou de sp\u00e9cialit\u00e9, pr\u00e9paration aux examens, concours, entretiens d\u2019embauche\u2026 Notre \u00e9quipe p\u00e9dagogique est pr\u00eate \u00e0 r\u00e9pondre \u00e0 toutes vos demandes, du niveau A1 au niveau C2. Nous convenons avec vous d\u2019un programme r\u00e9pondant \u00e0 vos besoins et nous adaptons \u00e0 vos horaires.<\/p>\n<p>Les cours se d\u00e9roulent\u00a0en ligne\u00a0<em>via<\/em>\u00a0Skype\u00a0ou Zoom selon le nombre de participants\u00a0(et\u00a0de pr\u00e9f\u00e9rence sur ordinateur plut\u00f4t que sur smartphone).<\/p>\n<p>Vous souhaitez suivre un cours individuel \u00e0 deux\u00a0? Aucun probl\u00e8me, nous vous proposons un tarif pr\u00e9f\u00e9rentiel pour des cours en mini-groupe \u00e0 2-3 personnes ou en mini-groupe 4-5 personnes avec vos amis, vos coll\u00e8gues ou des membres de votre famille.<\/p>\n<p><strong>TARIFS\u00a0:<\/strong><\/p>\n<div class=\"x_elementToProof\" data-olk-copy-source=\"MessageBody\">Tarif plein pour 1 personne (60 min.) :\u00a040\u00a0\u20ac<br \/>\nTarif plein pour 2-3 personnes (60 min.) :\u00a052\u00a0\u20ac<br \/>\nTarif plein pour 4-5 personnes (60 min.) :\u00a070\u00a0\u20ac<\/div>\n<div class=\"x_elementToProof\"><\/div>\n<p><strong>R\u00c9DUCTIONS :<\/strong><br \/>\n-10% \u00e0 partir de 20 heures achet\u00e9es<\/p>\n<p><strong>Validit\u00e9 de l&#8217;achat:<\/strong><br \/>\nLes cours individuels sont valable un an \u00e0 partir de la date d &#8216;achat.[\/vc_column_text][\/vc_column][\/vc_row][vc_row title=&#8221;Inscription&#8221; style=&#8221;modern&#8221; gradient_color_1=&#8221;turquoise&#8221; gradient_color_2=&#8221;blue&#8221; gradient_custom_color_1=&#8221;#dd3333&#8243; gradient_custom_color_2=&#8221;#eeee22&#8243; gradient_text_color=&#8221;#ffffff&#8221; custom_background=&#8221;#ededed&#8221; custom_text=&#8221;#666666&#8243; outline_custom_color=&#8221;#666666&#8243; outline_custom_hover_background=&#8221;#666666&#8243; outline_custom_hover_text=&#8221;#ffffff&#8221; shape=&#8221;square&#8221; color=&#8221;danger&#8221; size=&#8221;lg&#8221; align=&#8221;inline&#8221; button_block=&#8221;&#8221; add_icon=&#8221;&#8221; i_align=&#8221;left&#8221; i_type=&#8221;fontawesome&#8221; i_icon_fontawesome=&#8221;fa fa-adjust&#8221; i_icon_openiconic=&#8221;vc-oi vc-oi-dial&#8221; i_icon_typicons=&#8221;typcn typcn-adjust-brightness&#8221; i_icon_entypo=&#8221;entypo-icon entypo-icon-note&#8221; i_icon_linecons=&#8221;vc_li vc_li-heart&#8221; i_icon_monosocial=&#8221;vc-mono vc-mono-fivehundredpx&#8221; i_icon_material=&#8221;vc-material vc-material-cake&#8221; i_icon_pixelicons=&#8221;vc_pixel_icon vc_pixel_icon-alert&#8221; custom_onclick=&#8221;&#8221; link=&#8221;url:http%3A%2F%2Finscrire.hanaf.net%2Fvilnius.php||target:%20_blank|&#8221; custom_onclick_code=&#8221;&#8221;][vc_column][vc_btn title=&#8221;Inscription&#8221; shape=&#8221;square&#8221; color=&#8221;danger&#8221; size=&#8221;lg&#8221; link=&#8221;url:https%3A%2F%2Fdocs.google.com%2Fforms%2Fd%2Fe%2F1FAIpQLSdo8qrU7dWBBois_LXu2yNJvSnA492C17wcu7PQC5gq96zxPQ%2Fviewform%3Fembedded%3Dtrue||target:%20_blank|&#8221;][\/vc_column][\/vc_row][vc_row][vc_column][vc_separator][\/vc_column][\/vc_row][vc_row color=&#8221;&#8221; message_box_style=&#8221;standard&#8221; style=&#8221;rounded&#8221; message_box_color=&#8221;grey&#8221; icon_type=&#8221;fontawesome&#8221; icon_fontawesome=&#8221;fa fa-info-circle&#8221; icon_monosocial=&#8221;vc-mono vc-mono-fivehundredpx&#8221; icon_openiconic=&#8221;&#8221; icon_typicons=&#8221;&#8221; icon_entypo=&#8221;&#8221; icon_linecons=&#8221;&#8221; icon_pixelicons=&#8221;&#8221;][vc_column][vc_message message_box_color=&#8221;alert-info&#8221;]<a href=\"https:\/\/www.institutfrancais-lituanie.com\/wp-content\/uploads\/2022\/08\/Reglement_cours_2022_FR.pdf\" target=\"_blank\" rel=\"noopener\">R\u00c8GLEMENT DES COURS<\/a>[\/vc_message][\/vc_column][\/vc_row][vc_row color=&#8221;&#8221; message_box_style=&#8221;standard&#8221; style=&#8221;rounded&#8221; message_box_color=&#8221;grey&#8221; icon_type=&#8221;fontawesome&#8221; icon_fontawesome=&#8221;fa fa-info-circle&#8221; icon_monosocial=&#8221;vc-mono vc-mono-fivehundredpx&#8221; icon_openiconic=&#8221;&#8221; icon_typicons=&#8221;&#8221; icon_entypo=&#8221;&#8221; icon_linecons=&#8221;&#8221; icon_pixelicons=&#8221;&#8221;][vc_column][vc_message message_box_color=&#8221;alert-info&#8221;]Afin de tester votre installation informatique et de vous pr\u00e9parer \u00e0 votre cours dans les meilleures conditions possibles, vous pouvez aller sur\u00a0<a href=\"https:\/\/www.onlinemictest.com\/\">https:\/\/www.onlinemictest.com\/<\/a>\u00a0pour tester votre son, votre micro et votre webcam (menu en haut \u00e0 gauche : TOOLS &gt; Microphone Test \/ Webcam Test \/ Sound Test). Nous pourrons vous fournir un bref tutoriel pour le logiciel de visioconf\u00e9rence Zoom si n\u00e9cessaire.[\/vc_message][\/vc_column][\/vc_row][vc_row color=&#8221;&#8221; message_box_style=&#8221;standard&#8221; style=&#8221;rounded&#8221; message_box_color=&#8221;info&#8221; icon_type=&#8221;fontawesome&#8221; icon_fontawesome=&#8221;fas fa-envelope&#8221; icon_monosocial=&#8221;vc-mono vc-mono-fivehundredpx&#8221; icon_openiconic=&#8221;&#8221; icon_typicons=&#8221;&#8221; icon_entypo=&#8221;&#8221; icon_linecons=&#8221;&#8221; icon_pixelicons=&#8221;&#8221;][vc_column][vc_message icon_fontawesome=&#8221;fas fa-envelope&#8221; css=&#8221;&#8221;]<strong>Service des cours de fran\u00e7ais<\/strong><br \/>\n<strong>Pour toute demande :<\/strong><br \/>\nMeda Zabala\u00a0<strong>+370 5 219 9655\u00a0 \u00a0<\/strong><br \/>\nmeda.zabala@institutfrancais-lituanie.com<br \/>\n<strong>Accueil t\u00e9l\u00e9phonique de l\u2019Institut :\u00a0<\/strong><br \/>\nDu lundi au vendredi de 9h \u00e0 16h30 :\u00a0<strong>+370 5 219 96 96<\/strong>[\/vc_message][\/vc_column][\/vc_row]<\/p>\n<\/div>","protected":false},"excerpt":{"rendered":"[vc_row][vc_column][vc_column_text css=\"\"]Cours individuels de fran\u00e7ais\u00a0 Apprenez le fran\u00e7ais \u00e0 votre propre rythme gr\u00e2ce \u00e0 nos&hellip;","protected":false},"author":2,"featured_media":3123,"parent":1736,"menu_order":0,"comment_status":"closed","ping_status":"closed","template":"page-sidebar.php","meta":{"footnotes":""},"class_list":["post-1850","page","type-page","status-publish","has-post-thumbnail","hentry"],"yoast_head":"<!-- This site is optimized with the Yoast SEO plugin v23.2 - https:\/\/yoast.com\/wordpress\/plugins\/seo\/ -->\n<title>Cours individuels - IF Lituanie<\/title>\n<meta name=\"robots\" content=\"index, follow, max-snippet:-1, max-image-preview:large, max-video-preview:-1\" \/>\n<link rel=\"canonical\" href=\"https:\/\/www.institutfrancais-lituanie.com\/fr\/cours-francais\/cours-individuels\/\" \/>\n<meta property=\"og:locale\" content=\"fr_FR\" \/>\n<meta property=\"og:type\" content=\"article\" \/>\n<meta property=\"og:title\" content=\"Cours individuels - IF Lituanie\" \/>\n<meta property=\"og:url\" content=\"https:\/\/www.institutfrancais-lituanie.com\/fr\/cours-francais\/cours-individuels\/\" \/>\n<meta property=\"og:site_name\" content=\"IF Lituanie\" \/>\n<meta property=\"article:publisher\" content=\"https:\/\/www.facebook.com\/prancuzuinstitutas\/\" \/>\n<meta property=\"article:modified_time\" content=\"2025-10-28T11:45:06+00:00\" \/>\n<meta property=\"og:image\" content=\"https:\/\/www.institutfrancais-lituanie.com\/wp-content\/uploads\/2019\/01\/individuels.jpg\" \/>\n\t<meta property=\"og:image:width\" content=\"1170\" \/>\n\t<meta property=\"og:image:height\" content=\"585\" \/>\n\t<meta property=\"og:image:type\" content=\"image\/jpeg\" \/>\n<meta name=\"twitter:card\" content=\"summary_large_image\" \/>\n<meta name=\"twitter:label1\" content=\"Est. reading time\" \/>\n\t<meta name=\"twitter:data1\" content=\"3 minutes\" \/>\n<script type=\"application\/ld+json\" class=\"yoast-schema-graph\">{\"@context\":\"https:\/\/schema.org\",\"@graph\":[{\"@type\":\"WebPage\",\"@id\":\"https:\/\/www.institutfrancais-lituanie.com\/fr\/cours-francais\/cours-individuels\/\",\"url\":\"https:\/\/www.institutfrancais-lituanie.com\/fr\/cours-francais\/cours-individuels\/\",\"name\":\"Cours individuels - IF Lituanie\",\"isPartOf\":{\"@id\":\"https:\/\/www.institutfrancais-lituanie.com\/fr\/#website\"},\"primaryImageOfPage\":{\"@id\":\"https:\/\/www.institutfrancais-lituanie.com\/fr\/cours-francais\/cours-individuels\/#primaryimage\"},\"image\":{\"@id\":\"https:\/\/www.institutfrancais-lituanie.com\/fr\/cours-francais\/cours-individuels\/#primaryimage\"},\"thumbnailUrl\":\"https:\/\/www.institutfrancais-lituanie.com\/wp-content\/uploads\/2019\/01\/individuels.jpg\",\"datePublished\":\"2018-12-03T15:01:03+00:00\",\"dateModified\":\"2025-10-28T11:45:06+00:00\",\"breadcrumb\":{\"@id\":\"https:\/\/www.institutfrancais-lituanie.com\/fr\/cours-francais\/cours-individuels\/#breadcrumb\"},\"inLanguage\":\"fr-FR\",\"potentialAction\":[{\"@type\":\"ReadAction\",\"target\":[\"https:\/\/www.institutfrancais-lituanie.com\/fr\/cours-francais\/cours-individuels\/\"]}]},{\"@type\":\"ImageObject\",\"inLanguage\":\"fr-FR\",\"@id\":\"https:\/\/www.institutfrancais-lituanie.com\/fr\/cours-francais\/cours-individuels\/#primaryimage\",\"url\":\"https:\/\/www.institutfrancais-lituanie.com\/wp-content\/uploads\/2019\/01\/individuels.jpg\",\"contentUrl\":\"https:\/\/www.institutfrancais-lituanie.com\/wp-content\/uploads\/2019\/01\/individuels.jpg\",\"width\":1170,\"height\":585},{\"@type\":\"BreadcrumbList\",\"@id\":\"https:\/\/www.institutfrancais-lituanie.com\/fr\/cours-francais\/cours-individuels\/#breadcrumb\",\"itemListElement\":[{\"@type\":\"ListItem\",\"position\":1,\"name\":\"Home\",\"item\":\"https:\/\/www.institutfrancais-lituanie.com\/fr\/\"},{\"@type\":\"ListItem\",\"position\":2,\"name\":\"Cours et examens\",\"item\":\"https:\/\/www.institutfrancais-lituanie.com\/fr\/cours-francais\/\"},{\"@type\":\"ListItem\",\"position\":3,\"name\":\"Cours individuels\"}]},{\"@type\":\"WebSite\",\"@id\":\"https:\/\/www.institutfrancais-lituanie.com\/fr\/#website\",\"url\":\"https:\/\/www.institutfrancais-lituanie.com\/fr\/\",\"name\":\"IF Lituanie\",\"description\":\"Pranc\u016bz\u0173 kalbos kursai, kult\u016bra, mediateka...\",\"publisher\":{\"@id\":\"https:\/\/www.institutfrancais-lituanie.com\/fr\/#organization\"},\"potentialAction\":[{\"@type\":\"SearchAction\",\"target\":{\"@type\":\"EntryPoint\",\"urlTemplate\":\"https:\/\/www.institutfrancais-lituanie.com\/fr\/?s={search_term_string}\"},\"query-input\":\"required name=search_term_string\"}],\"inLanguage\":\"fr-FR\"},{\"@type\":\"Organization\",\"@id\":\"https:\/\/www.institutfrancais-lituanie.com\/fr\/#organization\",\"name\":\"Pranc\u016bz\u0173 institutas\",\"url\":\"https:\/\/www.institutfrancais-lituanie.com\/fr\/\",\"logo\":{\"@type\":\"ImageObject\",\"inLanguage\":\"fr-FR\",\"@id\":\"https:\/\/www.institutfrancais-lituanie.com\/fr\/#\/schema\/logo\/image\/\",\"url\":\"https:\/\/www.institutfrancais-lituanie.com\/wp-content\/uploads\/2023\/04\/IF_Logo-Lituanie-RVB.jpg\",\"contentUrl\":\"https:\/\/www.institutfrancais-lituanie.com\/wp-content\/uploads\/2023\/04\/IF_Logo-Lituanie-RVB.jpg\",\"width\":827,\"height\":555,\"caption\":\"Pranc\u016bz\u0173 institutas\"},\"image\":{\"@id\":\"https:\/\/www.institutfrancais-lituanie.com\/fr\/#\/schema\/logo\/image\/\"},\"sameAs\":[\"https:\/\/www.facebook.com\/prancuzuinstitutas\/\",\"https:\/\/www.instagram.com\/institut_francais_lituanie\/\"]}]}<\/script>\n<!-- \/ Yoast SEO plugin. -->","yoast_head_json":{"title":"Cours individuels - IF Lituanie","robots":{"index":"index","follow":"follow","max-snippet":"max-snippet:-1","max-image-preview":"max-image-preview:large","max-video-preview":"max-video-preview:-1"},"canonical":"https:\/\/www.institutfrancais-lituanie.com\/fr\/cours-francais\/cours-individuels\/","og_locale":"fr_FR","og_type":"article","og_title":"Cours individuels - IF Lituanie","og_url":"https:\/\/www.institutfrancais-lituanie.com\/fr\/cours-francais\/cours-individuels\/","og_site_name":"IF Lituanie","article_publisher":"https:\/\/www.facebook.com\/prancuzuinstitutas\/","article_modified_time":"2025-10-28T11:45:06+00:00","og_image":[{"width":1170,"height":585,"url":"https:\/\/www.institutfrancais-lituanie.com\/wp-content\/uploads\/2019\/01\/individuels.jpg","type":"image\/jpeg"}],"twitter_card":"summary_large_image","twitter_misc":{"Est. reading time":"3 minutes"},"schema":{"@context":"https:\/\/schema.org","@graph":[{"@type":"WebPage","@id":"https:\/\/www.institutfrancais-lituanie.com\/fr\/cours-francais\/cours-individuels\/","url":"https:\/\/www.institutfrancais-lituanie.com\/fr\/cours-francais\/cours-individuels\/","name":"Cours individuels - IF Lituanie","isPartOf":{"@id":"https:\/\/www.institutfrancais-lituanie.com\/fr\/#website"},"primaryImageOfPage":{"@id":"https:\/\/www.institutfrancais-lituanie.com\/fr\/cours-francais\/cours-individuels\/#primaryimage"},"image":{"@id":"https:\/\/www.institutfrancais-lituanie.com\/fr\/cours-francais\/cours-individuels\/#primaryimage"},"thumbnailUrl":"https:\/\/www.institutfrancais-lituanie.com\/wp-content\/uploads\/2019\/01\/individuels.jpg","datePublished":"2018-12-03T15:01:03+00:00","dateModified":"2025-10-28T11:45:06+00:00","breadcrumb":{"@id":"https:\/\/www.institutfrancais-lituanie.com\/fr\/cours-francais\/cours-individuels\/#breadcrumb"},"inLanguage":"fr-FR","potentialAction":[{"@type":"ReadAction","target":["https:\/\/www.institutfrancais-lituanie.com\/fr\/cours-francais\/cours-individuels\/"]}]},{"@type":"ImageObject","inLanguage":"fr-FR","@id":"https:\/\/www.institutfrancais-lituanie.com\/fr\/cours-francais\/cours-individuels\/#primaryimage","url":"https:\/\/www.institutfrancais-lituanie.com\/wp-content\/uploads\/2019\/01\/individuels.jpg","contentUrl":"https:\/\/www.institutfrancais-lituanie.com\/wp-content\/uploads\/2019\/01\/individuels.jpg","width":1170,"height":585},{"@type":"BreadcrumbList","@id":"https:\/\/www.institutfrancais-lituanie.com\/fr\/cours-francais\/cours-individuels\/#breadcrumb","itemListElement":[{"@type":"ListItem","position":1,"name":"Home","item":"https:\/\/www.institutfrancais-lituanie.com\/fr\/"},{"@type":"ListItem","position":2,"name":"Cours et examens","item":"https:\/\/www.institutfrancais-lituanie.com\/fr\/cours-francais\/"},{"@type":"ListItem","position":3,"name":"Cours individuels"}]},{"@type":"WebSite","@id":"https:\/\/www.institutfrancais-lituanie.com\/fr\/#website","url":"https:\/\/www.institutfrancais-lituanie.com\/fr\/","name":"IF Lituanie","description":"Pranc\u016bz\u0173 kalbos kursai, kult\u016bra, mediateka...","publisher":{"@id":"https:\/\/www.institutfrancais-lituanie.com\/fr\/#organization"},"potentialAction":[{"@type":"SearchAction","target":{"@type":"EntryPoint","urlTemplate":"https:\/\/www.institutfrancais-lituanie.com\/fr\/?s={search_term_string}"},"query-input":"required name=search_term_string"}],"inLanguage":"fr-FR"},{"@type":"Organization","@id":"https:\/\/www.institutfrancais-lituanie.com\/fr\/#organization","name":"Pranc\u016bz\u0173 institutas","url":"https:\/\/www.institutfrancais-lituanie.com\/fr\/","logo":{"@type":"ImageObject","inLanguage":"fr-FR","@id":"https:\/\/www.institutfrancais-lituanie.com\/fr\/#\/schema\/logo\/image\/","url":"https:\/\/www.institutfrancais-lituanie.com\/wp-content\/uploads\/2023\/04\/IF_Logo-Lituanie-RVB.jpg","contentUrl":"https:\/\/www.institutfrancais-lituanie.com\/wp-content\/uploads\/2023\/04\/IF_Logo-Lituanie-RVB.jpg","width":827,"height":555,"caption":"Pranc\u016bz\u0173 institutas"},"image":{"@id":"https:\/\/www.institutfrancais-lituanie.com\/fr\/#\/schema\/logo\/image\/"},"sameAs":["https:\/\/www.facebook.com\/prancuzuinstitutas\/","https:\/\/www.instagram.com\/institut_francais_lituanie\/"]}]}},"_links":{"self":[{"href":"https:\/\/www.institutfrancais-lituanie.com\/fr\/wp-json\/wp\/v2\/pages\/1850"}],"collection":[{"href":"https:\/\/www.institutfrancais-lituanie.com\/fr\/wp-json\/wp\/v2\/pages"}],"about":[{"href":"https:\/\/www.institutfrancais-lituanie.com\/fr\/wp-json\/wp\/v2\/types\/page"}],"author":[{"embeddable":true,"href":"https:\/\/www.institutfrancais-lituanie.com\/fr\/wp-json\/wp\/v2\/users\/2"}],"replies":[{"embeddable":true,"href":"https:\/\/www.institutfrancais-lituanie.com\/fr\/wp-json\/wp\/v2\/comments?post=1850"}],"version-history":[{"count":26,"href":"https:\/\/www.institutfrancais-lituanie.com\/fr\/wp-json\/wp\/v2\/pages\/1850\/revisions"}],"predecessor-version":[{"id":17725,"href":"https:\/\/www.institutfrancais-lituanie.com\/fr\/wp-json\/wp\/v2\/pages\/1850\/revisions\/17725"}],"up":[{"embeddable":true,"href":"https:\/\/www.institutfrancais-lituanie.com\/fr\/wp-json\/wp\/v2\/pages\/1736"}],"wp:featuredmedia":[{"embeddable":true,"href":"https:\/\/www.institutfrancais-lituanie.com\/fr\/wp-json\/wp\/v2\/media\/3123"}],"wp:attachment":[{"href":"https:\/\/www.institutfrancais-lituanie.com\/fr\/wp-json\/wp\/v2\/media?parent=1850"}],"curies":[{"name":"wp","href":"https:\/\/api.w.org\/{rel}","templated":true}]}}