{"id":18412,"date":"2026-02-24T14:14:58","date_gmt":"2026-02-24T14:14:58","guid":{"rendered":"https:\/\/www.institutfrancais-lituanie.com\/?page_id=18412"},"modified":"2026-03-23T11:37:47","modified_gmt":"2026-03-23T11:37:47","slug":"programmation-culturelle-mars-2026","status":"publish","type":"page","link":"https:\/\/www.institutfrancais-lituanie.com\/fr\/programmation-culturelle-mars-2026\/","title":{"rendered":"FRANCOPHONIE &#8211; PROGRAMMATION CULTURELLE : MARS 2026"},"content":{"rendered":"<div class=\"penci-page-header\">\n<h1 class=\"entry-title\"><\/h1>\n<\/div>\n<div class=\"post-entry blockquote-style-1\">\n<div class=\"inner-post-entry entry-content\">\n<ul>\n<li>28 f\u00e9vrier, Kaunas, <span class=\"a_GcMg font-feature-liga-off font-feature-clig-off font-feature-calt-off text-decoration-none text-strikethrough-none\">Mus\u00e9e M.K. \u010ciurlionis<\/span>\u00a0: <strong><span class=\"a_GcMg font-feature-liga-off font-feature-clig-off font-feature-calt-off text-decoration-none text-strikethrough-none\">Ouverture musicale du Mois de la Francophonie &#8220;<\/span><span class=\"a_GcMg font-feature-liga-off font-feature-clig-off font-feature-calt-off text-decoration-none text-strikethrough-none\">Sous le ciel de Paris&#8221;\u00a0<\/span><\/strong><\/li>\n<li><span class=\"a_GcMg font-feature-liga-off font-feature-clig-off font-feature-calt-off text-decoration-none text-strikethrough-none\">28 f\u00e9vrier, Vilnius, Salon du livre : <strong>Rencontre avec Jean-Baptiste Andrea pour \u201cVeiller sur elle\u201d<\/strong><\/span><\/li>\n<li>1 mars, Vilnius, Philharmonie : <a href=\"https:\/\/www.institutfrancais-lituanie.com\/fr\/en-cours\/koncertas-musica-humana-juventus-patirtis-ir-jaunyste\/\">Concert Musica humana juventus. Exp\u00e9rience et jeunesse<\/a><\/li>\n<li>Du 2 au 31 mars, Vilnius, IFL : <a href=\"https:\/\/www.institutfrancais-lituanie.com\/fr\/en-cours\/expositions\/exposition-ecrire-en-francais\/\">Exposition &#8220;Ecrire en fran\u00e7ais&#8221;<\/a><\/li>\n<li>Du 2 au 31 mars, Kaunas, <span class=\"a_GcMg font-feature-liga-off font-feature-clig-off font-feature-calt-off text-decoration-none text-strikethrough-none\">Laisv\u0117s al\u0117ja<\/span>\u00a0: <a href=\"https:\/\/www.institutfrancais-lituanie.com\/fr\/en-cours\/exposition-de-photographies-de-philippe-margeault-carnets-baltiques\/\">Exposition \u00ab Carnets Baltique \u00bb du photographe fran\u00e7ais Philippe Margeault<\/a><\/li>\n<li>3 mars, Kaunas, VDU : <strong>Conf\u00e9rence de Emilija Pundziute-Gallois &#8220;Vie politique en France: entre le pass\u00e9 et le futur&#8221;<\/strong><\/li>\n<li>4 mars, Vilnius, IFL : <a href=\"https:\/\/www.institutfrancais-lituanie.com\/fr\/en-cours\/club-de-conversation\/\">Club de conversation<\/a><\/li>\n<li>5 mars, Vilnius, IFL : <a href=\"https:\/\/www.institutfrancais-lituanie.com\/fr\/en-cours\/soiree-de-lecture-encore-une-fois-sur-lamour\/\">Soir\u00e9e de lectures francophones &#8220;Encore une fois sur l&#8217;amour&#8221;<\/a><\/li>\n<li>5 mars, Kaunas, VDU : <strong>Conf\u00e9rence de Gilles Dutertre &#8220;Louis XVIII en Courlande&#8221;<\/strong><\/li>\n<li>9 mars, Vilnius, IFL : <a href=\"https:\/\/www.institutfrancais-lituanie.com\/fr\/non-classifiee\/projection-du-film-a-loccasion-de-la-journee-internationale-des-droits-des-femmes\/\">Projection \u00e0 l\u2019occasion de la Journ\u00e9e internationale des droits des femmes: <em>L\u2019Une chante l\u2019autre pas<\/em> d&#8217;Agn\u00e8s Varda<\/a><\/li>\n<li>Du 9 au 22 mars :\u00a0<a href=\"https:\/\/www.institutfrancais-lituanie.com\/fr\/en-cours\/festival-kino-pavasaris\/\">Festival \u00ab Kino pavasaris \u00bb<\/a><\/li>\n<li>16 mars, Kaunas, KTU : <strong>Conf\u00e9rence de Gediminas Jankauskas &#8220;Jean Gabin : rebelle et patriarche&#8221; et projection du film &#8220;M\u00e9lodie au sous-sol&#8221; (Henri Verneuil)<\/strong><\/li>\n<li>18 mars, Vilnius, IFL : <a href=\"https:\/\/www.institutfrancais-lituanie.com\/fr\/en-cours\/club-de-conversation\/\">Club de conversation<\/a><\/li>\n<li>18 mars, Kaunas, KTU : <strong>Conf\u00e9rence du Dr. Au\u0161rin\u0117 Cemnolonske pour la Comm\u00e9moration du centenaire (1926-2026) &#8220;La puissance de l&#8217;instant. L&#8217;h\u00e9ritage de Claude Monet&#8221;<\/strong><\/li>\n<li>21 mars, Kaunas, Teatro Klubas : <a href=\"https:\/\/www.institutfrancais-lituanie.com\/fr\/en-cours\/concert-de-frederic-borey-butterflies-trio-et-wind-brass-ensembles\/\">Concert de Fr\u00e9d\u00e9ric Borey \u00ab BUTTERFLIES Trio \u00bb et Wind &amp; Brass Ensembles<\/a><\/li>\n<li>21 mars, Vilnius, IFL : <a href=\"https:\/\/www.institutfrancais-lituanie.com\/fr\/en-cours\/lheure-du-conte-a-linstitut-francais-de-lituanie\/\">L\u2019heure du conte<\/a><\/li>\n<li>23 mars, Kaunas, KTU : <strong>Pr\u00e9sentation d&#8217;\u00e9crits en lituanien (Maison d&#8217;\u00e9dition \u017dara) &#8220;La prose d&#8217;Oscar Milosz&#8221;<\/strong><\/li>\n<li>24 mars, Vilnius, Universit\u00e9 : <strong>Conf\u00e9rence de Gis\u00e8le Sapiro \u201cCan we dissociate the work from the author ? Culture and cancellation\u201d<\/strong><\/li>\n<li>Du 24 au 31 mars, Vilnius, IFL : <a href=\"https:\/\/www.institutfrancais-lituanie.com\/fr\/en-cours\/semaine-du-cinema-francophone\/\">Semaine du cin\u00e9ma francophone<\/a><\/li>\n<li>25 mars, Kaunas, KTU : <strong>Conf\u00e9rence du Prof. Dr. <span class=\"a_GcMg font-feature-liga-off font-feature-clig-off font-feature-calt-off text-decoration-none text-strikethrough-none\">Eugenijus Skerstonas <\/span><span class=\"a_GcMg font-feature-liga-off font-feature-clig-off font-feature-calt-off text-decoration-none text-strikethrough-none\">\u00ab Monsieur Yves Saint Laurent : Couleurs et nuances d&#8217;une vie cr\u00e9ative \u00bb<\/span><\/strong><\/li>\n<li>28 mars, Vilnius, IFL :\u00a0<a href=\"https:\/\/www.institutfrancais-lituanie.com\/siuo-metu\/kinas\/balandzio-vaiku-kino-klubas-cine-gouter\/\">Cin\u00e9-go\u00fbter<\/a><\/li>\n<li>31 mars, Vilnius, IFL : <a href=\"https:\/\/www.institutfrancais-lituanie.com\/fr\/en-cours\/soiree-jeux-de-societe\/\">Soir\u00e9e jeux de soci\u00e9t\u00e9<\/a><\/li>\n<li>31 mars, Kaunas, KTU : <strong>Cl\u00f4ture musicale\u00a0<\/strong><\/li>\n<\/ul>\n<div class=\"post-entry blockquote-style-1\">\n<div class=\"inner-post-entry entry-content\"><\/div>\n<\/div>\n<\/div>\n<\/div>\n","protected":false},"excerpt":{"rendered":"<p>28 f\u00e9vrier, Kaunas, Mus\u00e9e M.K. \u010ciurlionis\u00a0: Ouverture musicale du Mois de la Francophonie &#8220;Sous le&hellip;<\/p>\n","protected":false},"author":13,"featured_media":0,"parent":0,"menu_order":0,"comment_status":"closed","ping_status":"closed","template":"","meta":{"footnotes":""},"class_list":["post-18412","page","type-page","status-publish","hentry"],"yoast_head":"<!-- This site is optimized with the Yoast SEO plugin v23.2 - https:\/\/yoast.com\/wordpress\/plugins\/seo\/ -->\n<title>FRANCOPHONIE - PROGRAMMATION CULTURELLE : MARS 2026 - IF Lituanie<\/title>\n<meta name=\"robots\" content=\"index, follow, max-snippet:-1, max-image-preview:large, max-video-preview:-1\" \/>\n<link rel=\"canonical\" href=\"https:\/\/www.institutfrancais-lituanie.com\/fr\/programmation-culturelle-mars-2026\/\" \/>\n<meta property=\"og:locale\" content=\"fr_FR\" \/>\n<meta property=\"og:type\" content=\"article\" \/>\n<meta property=\"og:title\" content=\"FRANCOPHONIE - PROGRAMMATION CULTURELLE : MARS 2026 - IF Lituanie\" \/>\n<meta property=\"og:description\" content=\"28 f\u00e9vrier, Kaunas, Mus\u00e9e M.K. \u010ciurlionis\u00a0: Ouverture musicale du Mois de la Francophonie &#8220;Sous le&hellip;\" \/>\n<meta property=\"og:url\" content=\"https:\/\/www.institutfrancais-lituanie.com\/fr\/programmation-culturelle-mars-2026\/\" \/>\n<meta property=\"og:site_name\" content=\"IF Lituanie\" \/>\n<meta property=\"article:publisher\" content=\"https:\/\/www.facebook.com\/prancuzuinstitutas\/\" \/>\n<meta property=\"article:modified_time\" content=\"2026-03-23T11:37:47+00:00\" \/>\n<meta name=\"twitter:card\" content=\"summary_large_image\" \/>\n<meta name=\"twitter:label1\" content=\"Est. reading time\" \/>\n\t<meta name=\"twitter:data1\" content=\"2 minutes\" \/>\n<script type=\"application\/ld+json\" class=\"yoast-schema-graph\">{\"@context\":\"https:\/\/schema.org\",\"@graph\":[{\"@type\":\"WebPage\",\"@id\":\"https:\/\/www.institutfrancais-lituanie.com\/fr\/programmation-culturelle-mars-2026\/\",\"url\":\"https:\/\/www.institutfrancais-lituanie.com\/fr\/programmation-culturelle-mars-2026\/\",\"name\":\"FRANCOPHONIE - PROGRAMMATION CULTURELLE : MARS 2026 - IF Lituanie\",\"isPartOf\":{\"@id\":\"https:\/\/www.institutfrancais-lituanie.com\/fr\/#website\"},\"datePublished\":\"2026-02-24T14:14:58+00:00\",\"dateModified\":\"2026-03-23T11:37:47+00:00\",\"breadcrumb\":{\"@id\":\"https:\/\/www.institutfrancais-lituanie.com\/fr\/programmation-culturelle-mars-2026\/#breadcrumb\"},\"inLanguage\":\"fr-FR\",\"potentialAction\":[{\"@type\":\"ReadAction\",\"target\":[\"https:\/\/www.institutfrancais-lituanie.com\/fr\/programmation-culturelle-mars-2026\/\"]}]},{\"@type\":\"BreadcrumbList\",\"@id\":\"https:\/\/www.institutfrancais-lituanie.com\/fr\/programmation-culturelle-mars-2026\/#breadcrumb\",\"itemListElement\":[{\"@type\":\"ListItem\",\"position\":1,\"name\":\"Home\",\"item\":\"https:\/\/www.institutfrancais-lituanie.com\/fr\/\"},{\"@type\":\"ListItem\",\"position\":2,\"name\":\"FRANCOPHONIE &#8211; PROGRAMMATION CULTURELLE : MARS 2026\"}]},{\"@type\":\"WebSite\",\"@id\":\"https:\/\/www.institutfrancais-lituanie.com\/fr\/#website\",\"url\":\"https:\/\/www.institutfrancais-lituanie.com\/fr\/\",\"name\":\"IF Lituanie\",\"description\":\"Pranc\u016bz\u0173 kalbos kursai, kult\u016bra, mediateka...\",\"publisher\":{\"@id\":\"https:\/\/www.institutfrancais-lituanie.com\/fr\/#organization\"},\"potentialAction\":[{\"@type\":\"SearchAction\",\"target\":{\"@type\":\"EntryPoint\",\"urlTemplate\":\"https:\/\/www.institutfrancais-lituanie.com\/fr\/?s={search_term_string}\"},\"query-input\":\"required name=search_term_string\"}],\"inLanguage\":\"fr-FR\"},{\"@type\":\"Organization\",\"@id\":\"https:\/\/www.institutfrancais-lituanie.com\/fr\/#organization\",\"name\":\"Pranc\u016bz\u0173 institutas\",\"url\":\"https:\/\/www.institutfrancais-lituanie.com\/fr\/\",\"logo\":{\"@type\":\"ImageObject\",\"inLanguage\":\"fr-FR\",\"@id\":\"https:\/\/www.institutfrancais-lituanie.com\/fr\/#\/schema\/logo\/image\/\",\"url\":\"https:\/\/www.institutfrancais-lituanie.com\/wp-content\/uploads\/2023\/04\/IF_Logo-Lituanie-RVB.jpg\",\"contentUrl\":\"https:\/\/www.institutfrancais-lituanie.com\/wp-content\/uploads\/2023\/04\/IF_Logo-Lituanie-RVB.jpg\",\"width\":827,\"height\":555,\"caption\":\"Pranc\u016bz\u0173 institutas\"},\"image\":{\"@id\":\"https:\/\/www.institutfrancais-lituanie.com\/fr\/#\/schema\/logo\/image\/\"},\"sameAs\":[\"https:\/\/www.facebook.com\/prancuzuinstitutas\/\",\"https:\/\/www.instagram.com\/institut_francais_lituanie\/\"]}]}<\/script>\n<!-- \/ Yoast SEO plugin. -->","yoast_head_json":{"title":"FRANCOPHONIE - PROGRAMMATION CULTURELLE : MARS 2026 - IF Lituanie","robots":{"index":"index","follow":"follow","max-snippet":"max-snippet:-1","max-image-preview":"max-image-preview:large","max-video-preview":"max-video-preview:-1"},"canonical":"https:\/\/www.institutfrancais-lituanie.com\/fr\/programmation-culturelle-mars-2026\/","og_locale":"fr_FR","og_type":"article","og_title":"FRANCOPHONIE - PROGRAMMATION CULTURELLE : MARS 2026 - IF Lituanie","og_description":"28 f\u00e9vrier, Kaunas, Mus\u00e9e M.K. \u010ciurlionis\u00a0: Ouverture musicale du Mois de la Francophonie &#8220;Sous le&hellip;","og_url":"https:\/\/www.institutfrancais-lituanie.com\/fr\/programmation-culturelle-mars-2026\/","og_site_name":"IF Lituanie","article_publisher":"https:\/\/www.facebook.com\/prancuzuinstitutas\/","article_modified_time":"2026-03-23T11:37:47+00:00","twitter_card":"summary_large_image","twitter_misc":{"Est. reading time":"2 minutes"},"schema":{"@context":"https:\/\/schema.org","@graph":[{"@type":"WebPage","@id":"https:\/\/www.institutfrancais-lituanie.com\/fr\/programmation-culturelle-mars-2026\/","url":"https:\/\/www.institutfrancais-lituanie.com\/fr\/programmation-culturelle-mars-2026\/","name":"FRANCOPHONIE - PROGRAMMATION CULTURELLE : MARS 2026 - IF Lituanie","isPartOf":{"@id":"https:\/\/www.institutfrancais-lituanie.com\/fr\/#website"},"datePublished":"2026-02-24T14:14:58+00:00","dateModified":"2026-03-23T11:37:47+00:00","breadcrumb":{"@id":"https:\/\/www.institutfrancais-lituanie.com\/fr\/programmation-culturelle-mars-2026\/#breadcrumb"},"inLanguage":"fr-FR","potentialAction":[{"@type":"ReadAction","target":["https:\/\/www.institutfrancais-lituanie.com\/fr\/programmation-culturelle-mars-2026\/"]}]},{"@type":"BreadcrumbList","@id":"https:\/\/www.institutfrancais-lituanie.com\/fr\/programmation-culturelle-mars-2026\/#breadcrumb","itemListElement":[{"@type":"ListItem","position":1,"name":"Home","item":"https:\/\/www.institutfrancais-lituanie.com\/fr\/"},{"@type":"ListItem","position":2,"name":"FRANCOPHONIE &#8211; PROGRAMMATION CULTURELLE : MARS 2026"}]},{"@type":"WebSite","@id":"https:\/\/www.institutfrancais-lituanie.com\/fr\/#website","url":"https:\/\/www.institutfrancais-lituanie.com\/fr\/","name":"IF Lituanie","description":"Pranc\u016bz\u0173 kalbos kursai, kult\u016bra, mediateka...","publisher":{"@id":"https:\/\/www.institutfrancais-lituanie.com\/fr\/#organization"},"potentialAction":[{"@type":"SearchAction","target":{"@type":"EntryPoint","urlTemplate":"https:\/\/www.institutfrancais-lituanie.com\/fr\/?s={search_term_string}"},"query-input":"required name=search_term_string"}],"inLanguage":"fr-FR"},{"@type":"Organization","@id":"https:\/\/www.institutfrancais-lituanie.com\/fr\/#organization","name":"Pranc\u016bz\u0173 institutas","url":"https:\/\/www.institutfrancais-lituanie.com\/fr\/","logo":{"@type":"ImageObject","inLanguage":"fr-FR","@id":"https:\/\/www.institutfrancais-lituanie.com\/fr\/#\/schema\/logo\/image\/","url":"https:\/\/www.institutfrancais-lituanie.com\/wp-content\/uploads\/2023\/04\/IF_Logo-Lituanie-RVB.jpg","contentUrl":"https:\/\/www.institutfrancais-lituanie.com\/wp-content\/uploads\/2023\/04\/IF_Logo-Lituanie-RVB.jpg","width":827,"height":555,"caption":"Pranc\u016bz\u0173 institutas"},"image":{"@id":"https:\/\/www.institutfrancais-lituanie.com\/fr\/#\/schema\/logo\/image\/"},"sameAs":["https:\/\/www.facebook.com\/prancuzuinstitutas\/","https:\/\/www.instagram.com\/institut_francais_lituanie\/"]}]}},"_links":{"self":[{"href":"https:\/\/www.institutfrancais-lituanie.com\/fr\/wp-json\/wp\/v2\/pages\/18412"}],"collection":[{"href":"https:\/\/www.institutfrancais-lituanie.com\/fr\/wp-json\/wp\/v2\/pages"}],"about":[{"href":"https:\/\/www.institutfrancais-lituanie.com\/fr\/wp-json\/wp\/v2\/types\/page"}],"author":[{"embeddable":true,"href":"https:\/\/www.institutfrancais-lituanie.com\/fr\/wp-json\/wp\/v2\/users\/13"}],"replies":[{"embeddable":true,"href":"https:\/\/www.institutfrancais-lituanie.com\/fr\/wp-json\/wp\/v2\/comments?post=18412"}],"version-history":[{"count":27,"href":"https:\/\/www.institutfrancais-lituanie.com\/fr\/wp-json\/wp\/v2\/pages\/18412\/revisions"}],"predecessor-version":[{"id":18693,"href":"https:\/\/www.institutfrancais-lituanie.com\/fr\/wp-json\/wp\/v2\/pages\/18412\/revisions\/18693"}],"wp:attachment":[{"href":"https:\/\/www.institutfrancais-lituanie.com\/fr\/wp-json\/wp\/v2\/media?parent=18412"}],"curies":[{"name":"wp","href":"https:\/\/api.w.org\/{rel}","templated":true}]}}