{"id":18166,"date":"2026-01-21T14:50:10","date_gmt":"2026-01-21T14:50:10","guid":{"rendered":"https:\/\/www.institutfrancais-lituanie.com\/?page_id=18166"},"modified":"2026-01-26T15:14:55","modified_gmt":"2026-01-26T15:14:55","slug":"programmation-culturelle-fevrier-2026","status":"publish","type":"page","link":"https:\/\/www.institutfrancais-lituanie.com\/fr\/programmation-culturelle-fevrier-2026\/","title":{"rendered":"PROGRAMMATION CULTURELLE : F\u00c9VRIER 2026"},"content":{"rendered":"<p><strong>Le programme culturel du mois de f\u00e9vrier 2026 est d\u00e9sormais disponible :\u00a0<\/strong><\/p>\n<p>03.02_<a href=\"https:\/\/www.institutfrancais-lituanie.com\/siuo-metu\/kinas\/gruodzio-menesio-kino-klubas\/\">Cin\u00e9-club \u201c<em>La Bataille de Solf\u00e9rino<\/em><\/a><em><a href=\"https:\/\/www.institutfrancais-lituanie.com\/fr\/en-cours\/projection-du-film-au-revoir-les-enfants-de-louis-malle\/\">\u201d<\/a> <\/em>de Justine Triet<\/p>\n<p>04.02_<a href=\"https:\/\/www.institutfrancais-lituanie.com\/fr\/en-cours\/club-de-conversation\/\">Club de conversation<\/a><\/p>\n<p>Du 05.02 au 08.02_<a href=\"https:\/\/www.institutfrancais-lituanie.com\/fr\/non-classifiee\/festival-pirmoji-banga\/\">Festival &#8220;Pirmoji Banga&#8221;<\/a><\/p>\n<p>10.02_<a href=\"https:\/\/www.institutfrancais-lituanie.com\/siuo-metu\/kinas\/gruodzio-menesio-kino-klubas\/\">Cin\u00e9-club \u201c<em>Comme un fils<\/em><\/a><em><a href=\"https:\/\/www.institutfrancais-lituanie.com\/fr\/en-cours\/projection-du-film-au-revoir-les-enfants-de-louis-malle\/\">\u201d<\/a> , re\u017e. Nicolas<\/em><em> Boukhrief<\/em><\/p>\n<p>11.02__<a href=\"https:\/\/www.institutfrancais-lituanie.com\/fr\/non-classifiee\/club-de-lectures-animees\/\">Club de lectures anim\u00e9es<\/a><\/p>\n<p>17.02_<a href=\"https:\/\/www.institutfrancais-lituanie.com\/siuo-metu\/kinas\/gruodzio-menesio-kino-klubas\/\">Cin\u00e9-club \u201c<strong><em>Chien de la casse<\/em><\/strong><\/a><strong><em><a href=\"https:\/\/www.institutfrancais-lituanie.com\/fr\/en-cours\/projection-du-film-au-revoir-les-enfants-de-louis-malle\/\">\u201d<\/a><\/em><\/strong>de Jean-Baptiste Durand<\/p>\n<p>24.02 <a href=\"https:\/\/www.institutfrancais-lituanie.com\/siuo-metu\/kinas\/gruodzio-menesio-kino-klubas\/\">Cin\u00e9-club \u201c<strong><em>La Pampa<\/em><\/strong><\/a><strong><em><a href=\"https:\/\/www.institutfrancais-lituanie.com\/fr\/en-cours\/projection-du-film-au-revoir-les-enfants-de-louis-malle\/\">\u201d<\/a><\/em><\/strong>de Antoine Chevrollier<\/p>\n<p>26.02 et 27.02_<a href=\"https:\/\/www.institutfrancais-lituanie.com\/fr\/en-cours\/spectacles\/festival-de-danse-contemporaine-new-baltic-dance\/\">New Baltic Dance<\/a><\/p>\n<p>28.02_<a href=\"https:\/\/www.institutfrancais-lituanie.com\/fr\/en-cours\/litterature\/salon-du-livre-de-vilnius-rencontre-avec-jean-baptiste-andrea\/\">Salon de livre de Vilnius: rencontre avec Jean-Baptiste Andrea\u00a0<\/a><\/p>\n<p>28.02_<a href=\"https:\/\/www.institutfrancais-lituanie.com\/fr\/en-cours\/litterature\/salon-du-livre-de-vilnius-presentation-du-manuel-du-piano-hissons-les-voiles\/\">Salon du livre de Vilnius: pr\u00e9sentation du manuel du piano \u00ab Hissons les voiles ! \u00bb<\/a><\/p>\n<p>28.02_<a href=\"https:\/\/www.institutfrancais-lituanie.com\/fr\/en-cours\/lheure-du-conte-a-linstitut-francais-de-lituanie\/\">L\u2019heure du conte<\/a><\/p>\n<p>28.02_<a href=\"https:\/\/www.institutfrancais-lituanie.com\/siuo-metu\/kinas\/balandzio-vaiku-kino-klubas-cine-gouter\/\">Cin\u00e9-go\u00fbter <\/a><\/p>\n<p>&nbsp;<\/p>\n","protected":false},"excerpt":{"rendered":"<p>Le programme culturel du mois de f\u00e9vrier 2026 est d\u00e9sormais disponible :\u00a0 03.02_Cin\u00e9-club \u201cLa Bataille&hellip;<\/p>\n","protected":false},"author":13,"featured_media":0,"parent":0,"menu_order":0,"comment_status":"closed","ping_status":"closed","template":"","meta":{"footnotes":""},"class_list":["post-18166","page","type-page","status-publish","hentry"],"yoast_head":"<!-- This site is optimized with the Yoast SEO plugin v23.2 - https:\/\/yoast.com\/wordpress\/plugins\/seo\/ -->\n<title>PROGRAMMATION CULTURELLE : F\u00c9VRIER 2026 - IF Lituanie<\/title>\n<meta name=\"robots\" content=\"index, follow, max-snippet:-1, max-image-preview:large, max-video-preview:-1\" \/>\n<link rel=\"canonical\" href=\"https:\/\/www.institutfrancais-lituanie.com\/fr\/programmation-culturelle-fevrier-2026\/\" \/>\n<meta property=\"og:locale\" content=\"fr_FR\" \/>\n<meta property=\"og:type\" content=\"article\" \/>\n<meta property=\"og:title\" content=\"PROGRAMMATION CULTURELLE : F\u00c9VRIER 2026 - IF Lituanie\" \/>\n<meta property=\"og:description\" content=\"Le programme culturel du mois de f\u00e9vrier 2026 est d\u00e9sormais disponible :\u00a0 03.02_Cin\u00e9-club \u201cLa Bataille&hellip;\" \/>\n<meta property=\"og:url\" content=\"https:\/\/www.institutfrancais-lituanie.com\/fr\/programmation-culturelle-fevrier-2026\/\" \/>\n<meta property=\"og:site_name\" content=\"IF Lituanie\" \/>\n<meta property=\"article:publisher\" content=\"https:\/\/www.facebook.com\/prancuzuinstitutas\/\" \/>\n<meta property=\"article:modified_time\" content=\"2026-01-26T15:14:55+00:00\" \/>\n<meta name=\"twitter:card\" content=\"summary_large_image\" \/>\n<meta name=\"twitter:label1\" content=\"Est. reading time\" \/>\n\t<meta name=\"twitter:data1\" content=\"1 minute\" \/>\n<script type=\"application\/ld+json\" class=\"yoast-schema-graph\">{\"@context\":\"https:\/\/schema.org\",\"@graph\":[{\"@type\":\"WebPage\",\"@id\":\"https:\/\/www.institutfrancais-lituanie.com\/fr\/programmation-culturelle-fevrier-2026\/\",\"url\":\"https:\/\/www.institutfrancais-lituanie.com\/fr\/programmation-culturelle-fevrier-2026\/\",\"name\":\"PROGRAMMATION CULTURELLE : F\u00c9VRIER 2026 - IF Lituanie\",\"isPartOf\":{\"@id\":\"https:\/\/www.institutfrancais-lituanie.com\/fr\/#website\"},\"datePublished\":\"2026-01-21T14:50:10+00:00\",\"dateModified\":\"2026-01-26T15:14:55+00:00\",\"breadcrumb\":{\"@id\":\"https:\/\/www.institutfrancais-lituanie.com\/fr\/programmation-culturelle-fevrier-2026\/#breadcrumb\"},\"inLanguage\":\"fr-FR\",\"potentialAction\":[{\"@type\":\"ReadAction\",\"target\":[\"https:\/\/www.institutfrancais-lituanie.com\/fr\/programmation-culturelle-fevrier-2026\/\"]}]},{\"@type\":\"BreadcrumbList\",\"@id\":\"https:\/\/www.institutfrancais-lituanie.com\/fr\/programmation-culturelle-fevrier-2026\/#breadcrumb\",\"itemListElement\":[{\"@type\":\"ListItem\",\"position\":1,\"name\":\"Home\",\"item\":\"https:\/\/www.institutfrancais-lituanie.com\/fr\/\"},{\"@type\":\"ListItem\",\"position\":2,\"name\":\"PROGRAMMATION CULTURELLE : F\u00c9VRIER 2026\"}]},{\"@type\":\"WebSite\",\"@id\":\"https:\/\/www.institutfrancais-lituanie.com\/fr\/#website\",\"url\":\"https:\/\/www.institutfrancais-lituanie.com\/fr\/\",\"name\":\"IF Lituanie\",\"description\":\"Pranc\u016bz\u0173 kalbos kursai, kult\u016bra, mediateka...\",\"publisher\":{\"@id\":\"https:\/\/www.institutfrancais-lituanie.com\/fr\/#organization\"},\"potentialAction\":[{\"@type\":\"SearchAction\",\"target\":{\"@type\":\"EntryPoint\",\"urlTemplate\":\"https:\/\/www.institutfrancais-lituanie.com\/fr\/?s={search_term_string}\"},\"query-input\":\"required name=search_term_string\"}],\"inLanguage\":\"fr-FR\"},{\"@type\":\"Organization\",\"@id\":\"https:\/\/www.institutfrancais-lituanie.com\/fr\/#organization\",\"name\":\"Pranc\u016bz\u0173 institutas\",\"url\":\"https:\/\/www.institutfrancais-lituanie.com\/fr\/\",\"logo\":{\"@type\":\"ImageObject\",\"inLanguage\":\"fr-FR\",\"@id\":\"https:\/\/www.institutfrancais-lituanie.com\/fr\/#\/schema\/logo\/image\/\",\"url\":\"https:\/\/www.institutfrancais-lituanie.com\/wp-content\/uploads\/2023\/04\/IF_Logo-Lituanie-RVB.jpg\",\"contentUrl\":\"https:\/\/www.institutfrancais-lituanie.com\/wp-content\/uploads\/2023\/04\/IF_Logo-Lituanie-RVB.jpg\",\"width\":827,\"height\":555,\"caption\":\"Pranc\u016bz\u0173 institutas\"},\"image\":{\"@id\":\"https:\/\/www.institutfrancais-lituanie.com\/fr\/#\/schema\/logo\/image\/\"},\"sameAs\":[\"https:\/\/www.facebook.com\/prancuzuinstitutas\/\",\"https:\/\/www.instagram.com\/institut_francais_lituanie\/\"]}]}<\/script>\n<!-- \/ Yoast SEO plugin. -->","yoast_head_json":{"title":"PROGRAMMATION CULTURELLE : F\u00c9VRIER 2026 - IF Lituanie","robots":{"index":"index","follow":"follow","max-snippet":"max-snippet:-1","max-image-preview":"max-image-preview:large","max-video-preview":"max-video-preview:-1"},"canonical":"https:\/\/www.institutfrancais-lituanie.com\/fr\/programmation-culturelle-fevrier-2026\/","og_locale":"fr_FR","og_type":"article","og_title":"PROGRAMMATION CULTURELLE : F\u00c9VRIER 2026 - IF Lituanie","og_description":"Le programme culturel du mois de f\u00e9vrier 2026 est d\u00e9sormais disponible :\u00a0 03.02_Cin\u00e9-club \u201cLa Bataille&hellip;","og_url":"https:\/\/www.institutfrancais-lituanie.com\/fr\/programmation-culturelle-fevrier-2026\/","og_site_name":"IF Lituanie","article_publisher":"https:\/\/www.facebook.com\/prancuzuinstitutas\/","article_modified_time":"2026-01-26T15:14:55+00:00","twitter_card":"summary_large_image","twitter_misc":{"Est. reading time":"1 minute"},"schema":{"@context":"https:\/\/schema.org","@graph":[{"@type":"WebPage","@id":"https:\/\/www.institutfrancais-lituanie.com\/fr\/programmation-culturelle-fevrier-2026\/","url":"https:\/\/www.institutfrancais-lituanie.com\/fr\/programmation-culturelle-fevrier-2026\/","name":"PROGRAMMATION CULTURELLE : F\u00c9VRIER 2026 - IF Lituanie","isPartOf":{"@id":"https:\/\/www.institutfrancais-lituanie.com\/fr\/#website"},"datePublished":"2026-01-21T14:50:10+00:00","dateModified":"2026-01-26T15:14:55+00:00","breadcrumb":{"@id":"https:\/\/www.institutfrancais-lituanie.com\/fr\/programmation-culturelle-fevrier-2026\/#breadcrumb"},"inLanguage":"fr-FR","potentialAction":[{"@type":"ReadAction","target":["https:\/\/www.institutfrancais-lituanie.com\/fr\/programmation-culturelle-fevrier-2026\/"]}]},{"@type":"BreadcrumbList","@id":"https:\/\/www.institutfrancais-lituanie.com\/fr\/programmation-culturelle-fevrier-2026\/#breadcrumb","itemListElement":[{"@type":"ListItem","position":1,"name":"Home","item":"https:\/\/www.institutfrancais-lituanie.com\/fr\/"},{"@type":"ListItem","position":2,"name":"PROGRAMMATION CULTURELLE : F\u00c9VRIER 2026"}]},{"@type":"WebSite","@id":"https:\/\/www.institutfrancais-lituanie.com\/fr\/#website","url":"https:\/\/www.institutfrancais-lituanie.com\/fr\/","name":"IF Lituanie","description":"Pranc\u016bz\u0173 kalbos kursai, kult\u016bra, mediateka...","publisher":{"@id":"https:\/\/www.institutfrancais-lituanie.com\/fr\/#organization"},"potentialAction":[{"@type":"SearchAction","target":{"@type":"EntryPoint","urlTemplate":"https:\/\/www.institutfrancais-lituanie.com\/fr\/?s={search_term_string}"},"query-input":"required name=search_term_string"}],"inLanguage":"fr-FR"},{"@type":"Organization","@id":"https:\/\/www.institutfrancais-lituanie.com\/fr\/#organization","name":"Pranc\u016bz\u0173 institutas","url":"https:\/\/www.institutfrancais-lituanie.com\/fr\/","logo":{"@type":"ImageObject","inLanguage":"fr-FR","@id":"https:\/\/www.institutfrancais-lituanie.com\/fr\/#\/schema\/logo\/image\/","url":"https:\/\/www.institutfrancais-lituanie.com\/wp-content\/uploads\/2023\/04\/IF_Logo-Lituanie-RVB.jpg","contentUrl":"https:\/\/www.institutfrancais-lituanie.com\/wp-content\/uploads\/2023\/04\/IF_Logo-Lituanie-RVB.jpg","width":827,"height":555,"caption":"Pranc\u016bz\u0173 institutas"},"image":{"@id":"https:\/\/www.institutfrancais-lituanie.com\/fr\/#\/schema\/logo\/image\/"},"sameAs":["https:\/\/www.facebook.com\/prancuzuinstitutas\/","https:\/\/www.instagram.com\/institut_francais_lituanie\/"]}]}},"_links":{"self":[{"href":"https:\/\/www.institutfrancais-lituanie.com\/fr\/wp-json\/wp\/v2\/pages\/18166"}],"collection":[{"href":"https:\/\/www.institutfrancais-lituanie.com\/fr\/wp-json\/wp\/v2\/pages"}],"about":[{"href":"https:\/\/www.institutfrancais-lituanie.com\/fr\/wp-json\/wp\/v2\/types\/page"}],"author":[{"embeddable":true,"href":"https:\/\/www.institutfrancais-lituanie.com\/fr\/wp-json\/wp\/v2\/users\/13"}],"replies":[{"embeddable":true,"href":"https:\/\/www.institutfrancais-lituanie.com\/fr\/wp-json\/wp\/v2\/comments?post=18166"}],"version-history":[{"count":12,"href":"https:\/\/www.institutfrancais-lituanie.com\/fr\/wp-json\/wp\/v2\/pages\/18166\/revisions"}],"predecessor-version":[{"id":18265,"href":"https:\/\/www.institutfrancais-lituanie.com\/fr\/wp-json\/wp\/v2\/pages\/18166\/revisions\/18265"}],"wp:attachment":[{"href":"https:\/\/www.institutfrancais-lituanie.com\/fr\/wp-json\/wp\/v2\/media?parent=18166"}],"curies":[{"name":"wp","href":"https:\/\/api.w.org\/{rel}","templated":true}]}}