{"id":1808,"date":"2018-12-03T13:51:08","date_gmt":"2018-12-03T13:51:08","guid":{"rendered":"http:\/\/institutfrancais-lituanie.com\/?page_id=1808"},"modified":"2026-01-20T09:28:29","modified_gmt":"2026-01-20T09:28:29","slug":"cours-enfants-et-adolescents","status":"publish","type":"page","link":"https:\/\/www.institutfrancais-lituanie.com\/fr\/cours-francais\/cours-enfants-et-adolescents\/","title":{"rendered":"Cours Enfants et Adolescents"},"content":{"rendered":"<div class=\"wpb-content-wrapper\"><p>[vc_row][vc_column][vc_column_text css=&#8221;&#8221;]<span style=\"color: #008ac9;\"><b><big>Le fran\u00e7ais \u00e0 tout \u00e2ge<\/big><\/b><\/span><\/p>\n<hr \/>\n<p>Pour les francophones en herbe, nous vous proposons un\u00a0<a href=\"https:\/\/www.institutfrancais-lituanie.com\/fr\/cours-francais\/cours-enfants-et-adolescents\/club-des-tout-petits-3-6-ans\/\" target=\"_blank\" rel=\"noopener\"><strong>Club des tout-petits<\/strong><\/a> de 4 \u00e0 6 ans pour initier les plus jeunes \u00e0 la langue fran\u00e7aise \u00e0 travers jeux, comptines, dessins, histoires, chansons et autres rituels de classe.<\/p>\n<p>A partir de 7 ans et jusqu\u2018\u00e0 10 ans, pour les\u00a0<a href=\"https:\/\/www.institutfrancais-lituanie.com\/fr\/cours-francais\/cours-enfants-et-adolescents\/cours-enfants-7-10-ans\/\" target=\"_blank\" rel=\"noopener\"><strong>enfants<\/strong><\/a>\u00a0qui commencent d\u00e9j\u00e0 lire et \u00e9crire, l\u2018apprentissage du fran\u00e7ais est plus approfondi et pr\u00e9pare, tout en s\u2018amusant, aux niveaux de A1 et A2 du Cadre europ\u00e9en commun de r\u00e9f\u00e9rence. Les enfants apprennent \u00e0 parler d\u2018eux-m\u00eames, de leur famille, de leur environnement proche, de leurs go\u00fbts et activit\u00e9s pr\u00e9f\u00e9r\u00e9es.<\/p>\n<p>De 11 \u00e0 15 ans, nous proposons des cours\u00a0<a href=\"https:\/\/www.institutfrancais-lituanie.com\/fr\/cours-francais\/cours-enfants-et-adolescents\/cours-pour-adolescents-11-15-ans\/\" target=\"_blank\" rel=\"noopener\"><strong>Adolescents<\/strong><\/a>, du niveau d\u00e9butant \u00e0 B2. Les ados d\u00e9couvrent gr\u00e2ce \u00e0 notre \u00e9quipe la langue, la culture fran\u00e7aises mais aussi le quotidien des jeunes adolescents fran\u00e7ais. Les cours sont adapt\u00e9s aux th\u00e9matiques qui les int\u00e9ressent.<\/p>\n<p>En plus des cours classiques, l\u2018Institut fran\u00e7ais organise en \u00e9t\u00e9 un\u00a0<a href=\"https:\/\/www.institutfrancais-lituanie.com\/fr\/cours-francais\/cours-enfants-et-adolescents\/camps-dete-pour-enfants-et-adolescents\/\" target=\"_blank\" rel=\"noopener\"><strong>camp d\u2018\u00e9t\u00e9<\/strong><\/a>\u00a0\u00e0 Vilnius pour enfants et adolescents, du d\u00e9but du mois de juin au milieu du mois de juillet.[\/vc_column_text][vc_column_text css=&#8221;&#8221;]<strong>DATES:<\/strong><\/p>\n<hr \/>\n<p><strong>Cours Enfants et Adolescents en semaine: <\/strong>01\/12\/2025 &#8211; 08\/02\/2026<\/p>\n<p><strong>Cours Enfants et Adolescents du samedi:<\/strong> 06\/12\/2025 &#8211; 21\/02\/2026<\/p>\n<p><strong>Camps d\u2019\u00e9t\u00e9 pour enfants et adolescents: 2026<\/strong><\/p>\n<p>Prix :<\/p>\n<ul>\n<li>Adolescent : 290 eur.<\/li>\n<li>Enfants : 210 eur.<\/li>\n<li>Club (4-6 ans) : 140 eur.<\/li>\n<\/ul>\n<p>[\/vc_column_text][vc_btn title=&#8221;Inscription&#8221; shape=&#8221;square&#8221; color=&#8221;danger&#8221; size=&#8221;lg&#8221; css=&#8221;&#8221; link=&#8221;url:https%3A%2F%2Finscrire.hanaf.net%2Fvilnius.php|target:_blank&#8221;][\/vc_column][\/vc_row][vc_row][vc_column][vc_basic_grid post_type=&#8221;ids&#8221; item=&#8221;3470&#8243; grid_id=&#8221;vc_gid:1768901264208-2ce2ebc0-7643-9&#8243; include=&#8221;14322, 1827, 1818&#8243;][\/vc_column][\/vc_row][vc_row][vc_column][vc_basic_grid post_type=&#8221;ids&#8221; item=&#8221;3470&#8243; grid_id=&#8221;vc_gid:1768901264209-52fefc12-2001-2&#8243; include=&#8221;1784, 1793, 1800&#8243;][\/vc_column][\/vc_row][vc_row][vc_column][vc_message]<a href=\"https:\/\/www.institutfrancais-lituanie.com\/fr\/cours-francais\/reglement-des-cours-de-francais\/\" target=\"_blank\" rel=\"noopener\">R\u00c8GLEMENT DES COURS<\/a>[\/vc_message][vc_message]<\/p>\n<p class=\"entry-title\"><a href=\"https:\/\/www.institutfrancais-lituanie.com\/fr\/cours-francais\/calendrier-2019\/\" target=\"_blank\" rel=\"noopener\">CALENDRIER<\/a><\/p>\n<p>[\/vc_message][\/vc_column][\/vc_row][vc_row][vc_column][vc_message message_box_color=&#8221;green&#8221;]<strong><a href=\"https:\/\/www.institutfrancais-lituanie.com\/fr\/non-classifiee\/information-aux-personnes-souhaitant-suivre-des-cours-de-francais-en-presentiel-a-linstitut-francais\/\" target=\"_blank\" rel=\"noopener\">Information aux personnes souhaitant suivre des cours de fran\u00e7ais EN PRESENTIEL \u00e0 l\u2019Institut Fran\u00e7ais<\/a><\/strong>[\/vc_message][\/vc_column][\/vc_row][vc_row][vc_column][vc_message message_box_color=&#8221;grey&#8221; css=&#8221;&#8221;]<strong>R\u00e9ductions actuelles, <u>sur pr\u00e9sentation d\u2019un justification \u00e0 la confirmation de la pr\u00e9inscription<\/u>\u00a0:<\/strong><\/p>\n<p><strong>Applicable sur les cours collectifs g\u00e9n\u00e9raux uniquement\u00a0:<\/strong><\/p>\n<ul>\n<li>Etudiants et personnel de l\u2019universit\u00e9 KTU (partenaire de Kaunas) -10%<\/li>\n<li>Etudiants de l\u2019enseignement sup\u00e9rieur -10%<\/li>\n<li>Ch\u00f4meurs -10%<\/li>\n<li>Parents et personnel du lyc\u00e9e fran\u00e7ais -20%<\/li>\n<li>Professeurs de fran\u00e7ais des \u00e9coles publiques lituaniennes \u2013 20%<\/li>\n<\/ul>\n<p><strong>Applicable sur les camps d\u2019\u00e9t\u00e9 uniquement\u00a0:<\/strong><\/p>\n<ul>\n<li>D\u00e8s 2 enfants d\u2019une m\u00eame fratrie inscrits -10%<\/li>\n<li>El\u00e8ves du LIFV (de 6 \u00e0 16 ans.) -10%<\/li>\n<\/ul>\n<p><strong>R\u00e9duction non applicable au Club des tout-petits!<\/strong><\/p>\n<p><strong>REMARQUES<\/strong><br \/>\n\u2013 Le manuel n\u2019est pas inclus dans le prix des cours.<br \/>\n\u2013 Le test d\u2019orientation lors de l\u2019inscription aux cours est gratuit.<br \/>\n\u2013 L\u2019inscription annuelle \u00e0 la m\u00e9diath\u00e8que de l\u2019Institut fran\u00e7ais de Lituanie est gratuite pour les apprenants ainsi qu\u2019\u00e0 la biblioth\u00e8que num\u00e9rique\u00a0<a href=\"https:\/\/www.institutfrancais-lituanie.com\/mediateka\/naujas-pasiulymas-prieiga-prie-culturetheque-visiems\/\" target=\"_blank\" rel=\"noopener\">Cultureth\u00e8que<\/a>. La m\u00e9diath\u00e8que de l\u2019Institut fran\u00e7ais est ouverte, nous vous invitons \u00e0 faire la connaissance de son nouveau portail:\u00a0\u00a0<u><a href=\"https:\/\/prancuzuinstitutas-mediateka.lt\/\" target=\"_blank\" rel=\"noopener\">https:\/\/prancuzuinstitutas-mediateka.lt\/<\/a>.<\/u>[\/vc_message][\/vc_column][\/vc_row][vc_row][vc_column][vc_separator][\/vc_column][\/vc_row][vc_row color=&#8221;&#8221; message_box_style=&#8221;standard&#8221; style=&#8221;rounded&#8221; message_box_color=&#8221;info&#8221; icon_type=&#8221;fontawesome&#8221; icon_fontawesome=&#8221;fas fa-envelope&#8221; icon_monosocial=&#8221;vc-mono vc-mono-fivehundredpx&#8221; icon_openiconic=&#8221;&#8221; icon_typicons=&#8221;&#8221; icon_entypo=&#8221;&#8221; icon_linecons=&#8221;&#8221; icon_pixelicons=&#8221;&#8221;][vc_column][vc_message icon_fontawesome=&#8221;fas fa-envelope&#8221; css=&#8221;&#8221;]<strong>Service des cours de fran\u00e7ais<\/strong><br \/>\n<strong>Pour toute demande en fran\u00e7ais ou en anglais, <\/strong><strong>lituanien :<\/strong><br \/>\nMeda Zabala\u00a0<strong>+370 5 219 9655\u00a0 \u00a0<\/strong><br \/>\nmeda.zabala@institutfrancais-lituanie.com<br \/>\n<strong>Accueil t\u00e9l\u00e9phonique de l\u2019Institut :\u00a0<\/strong><br \/>\nDu lundi au vendredi de 9h \u00e0 16h30 :\u00a0<strong>+370 5 219 96 96<\/strong>[\/vc_message][\/vc_column][\/vc_row]<\/p>\n<\/div>","protected":false},"excerpt":{"rendered":"[vc_row][vc_column][vc_column_text css=\"\"]Le fran\u00e7ais \u00e0 tout \u00e2ge Pour les francophones en herbe, nous vous proposons un\u00a0Club&hellip;","protected":false},"author":2,"featured_media":17423,"parent":1736,"menu_order":0,"comment_status":"closed","ping_status":"closed","template":"page-sidebar.php","meta":{"footnotes":""},"class_list":["post-1808","page","type-page","status-publish","has-post-thumbnail","hentry"],"yoast_head":"<!-- This site is optimized with the Yoast SEO plugin v23.2 - https:\/\/yoast.com\/wordpress\/plugins\/seo\/ -->\n<title>Cours Enfants et Adolescents - IF Lituanie<\/title>\n<meta name=\"robots\" content=\"index, follow, max-snippet:-1, max-image-preview:large, max-video-preview:-1\" \/>\n<link rel=\"canonical\" href=\"https:\/\/www.institutfrancais-lituanie.com\/fr\/cours-francais\/cours-enfants-et-adolescents\/\" \/>\n<meta property=\"og:locale\" content=\"fr_FR\" \/>\n<meta property=\"og:type\" content=\"article\" \/>\n<meta property=\"og:title\" content=\"Cours Enfants et Adolescents - IF Lituanie\" \/>\n<meta property=\"og:url\" content=\"https:\/\/www.institutfrancais-lituanie.com\/fr\/cours-francais\/cours-enfants-et-adolescents\/\" \/>\n<meta property=\"og:site_name\" content=\"IF Lituanie\" \/>\n<meta property=\"article:publisher\" content=\"https:\/\/www.facebook.com\/prancuzuinstitutas\/\" \/>\n<meta property=\"article:modified_time\" content=\"2026-01-20T09:28:29+00:00\" \/>\n<meta property=\"og:image\" content=\"https:\/\/www.institutfrancais-lituanie.com\/wp-content\/uploads\/2025\/09\/dreamstime_xxl_48859145-scaled.jpg\" \/>\n\t<meta property=\"og:image:width\" content=\"2560\" \/>\n\t<meta property=\"og:image:height\" content=\"1630\" \/>\n\t<meta property=\"og:image:type\" content=\"image\/jpeg\" \/>\n<meta name=\"twitter:card\" content=\"summary_large_image\" \/>\n<meta name=\"twitter:label1\" content=\"Est. reading time\" \/>\n\t<meta name=\"twitter:data1\" content=\"3 minutes\" \/>\n<script type=\"application\/ld+json\" class=\"yoast-schema-graph\">{\"@context\":\"https:\/\/schema.org\",\"@graph\":[{\"@type\":\"WebPage\",\"@id\":\"https:\/\/www.institutfrancais-lituanie.com\/fr\/cours-francais\/cours-enfants-et-adolescents\/\",\"url\":\"https:\/\/www.institutfrancais-lituanie.com\/fr\/cours-francais\/cours-enfants-et-adolescents\/\",\"name\":\"Cours Enfants et Adolescents - IF Lituanie\",\"isPartOf\":{\"@id\":\"https:\/\/www.institutfrancais-lituanie.com\/fr\/#website\"},\"primaryImageOfPage\":{\"@id\":\"https:\/\/www.institutfrancais-lituanie.com\/fr\/cours-francais\/cours-enfants-et-adolescents\/#primaryimage\"},\"image\":{\"@id\":\"https:\/\/www.institutfrancais-lituanie.com\/fr\/cours-francais\/cours-enfants-et-adolescents\/#primaryimage\"},\"thumbnailUrl\":\"https:\/\/www.institutfrancais-lituanie.com\/wp-content\/uploads\/2025\/09\/dreamstime_xxl_48859145-scaled.jpg\",\"datePublished\":\"2018-12-03T13:51:08+00:00\",\"dateModified\":\"2026-01-20T09:28:29+00:00\",\"breadcrumb\":{\"@id\":\"https:\/\/www.institutfrancais-lituanie.com\/fr\/cours-francais\/cours-enfants-et-adolescents\/#breadcrumb\"},\"inLanguage\":\"fr-FR\",\"potentialAction\":[{\"@type\":\"ReadAction\",\"target\":[\"https:\/\/www.institutfrancais-lituanie.com\/fr\/cours-francais\/cours-enfants-et-adolescents\/\"]}]},{\"@type\":\"ImageObject\",\"inLanguage\":\"fr-FR\",\"@id\":\"https:\/\/www.institutfrancais-lituanie.com\/fr\/cours-francais\/cours-enfants-et-adolescents\/#primaryimage\",\"url\":\"https:\/\/www.institutfrancais-lituanie.com\/wp-content\/uploads\/2025\/09\/dreamstime_xxl_48859145-scaled.jpg\",\"contentUrl\":\"https:\/\/www.institutfrancais-lituanie.com\/wp-content\/uploads\/2025\/09\/dreamstime_xxl_48859145-scaled.jpg\",\"width\":2560,\"height\":1630},{\"@type\":\"BreadcrumbList\",\"@id\":\"https:\/\/www.institutfrancais-lituanie.com\/fr\/cours-francais\/cours-enfants-et-adolescents\/#breadcrumb\",\"itemListElement\":[{\"@type\":\"ListItem\",\"position\":1,\"name\":\"Home\",\"item\":\"https:\/\/www.institutfrancais-lituanie.com\/fr\/\"},{\"@type\":\"ListItem\",\"position\":2,\"name\":\"Cours et examens\",\"item\":\"https:\/\/www.institutfrancais-lituanie.com\/fr\/cours-francais\/\"},{\"@type\":\"ListItem\",\"position\":3,\"name\":\"Cours Enfants et Adolescents\"}]},{\"@type\":\"WebSite\",\"@id\":\"https:\/\/www.institutfrancais-lituanie.com\/fr\/#website\",\"url\":\"https:\/\/www.institutfrancais-lituanie.com\/fr\/\",\"name\":\"IF Lituanie\",\"description\":\"Pranc\u016bz\u0173 kalbos kursai, kult\u016bra, mediateka...\",\"publisher\":{\"@id\":\"https:\/\/www.institutfrancais-lituanie.com\/fr\/#organization\"},\"potentialAction\":[{\"@type\":\"SearchAction\",\"target\":{\"@type\":\"EntryPoint\",\"urlTemplate\":\"https:\/\/www.institutfrancais-lituanie.com\/fr\/?s={search_term_string}\"},\"query-input\":\"required name=search_term_string\"}],\"inLanguage\":\"fr-FR\"},{\"@type\":\"Organization\",\"@id\":\"https:\/\/www.institutfrancais-lituanie.com\/fr\/#organization\",\"name\":\"Pranc\u016bz\u0173 institutas\",\"url\":\"https:\/\/www.institutfrancais-lituanie.com\/fr\/\",\"logo\":{\"@type\":\"ImageObject\",\"inLanguage\":\"fr-FR\",\"@id\":\"https:\/\/www.institutfrancais-lituanie.com\/fr\/#\/schema\/logo\/image\/\",\"url\":\"https:\/\/www.institutfrancais-lituanie.com\/wp-content\/uploads\/2023\/04\/IF_Logo-Lituanie-RVB.jpg\",\"contentUrl\":\"https:\/\/www.institutfrancais-lituanie.com\/wp-content\/uploads\/2023\/04\/IF_Logo-Lituanie-RVB.jpg\",\"width\":827,\"height\":555,\"caption\":\"Pranc\u016bz\u0173 institutas\"},\"image\":{\"@id\":\"https:\/\/www.institutfrancais-lituanie.com\/fr\/#\/schema\/logo\/image\/\"},\"sameAs\":[\"https:\/\/www.facebook.com\/prancuzuinstitutas\/\",\"https:\/\/www.instagram.com\/institut_francais_lituanie\/\"]}]}<\/script>\n<!-- \/ Yoast SEO plugin. -->","yoast_head_json":{"title":"Cours Enfants et Adolescents - IF Lituanie","robots":{"index":"index","follow":"follow","max-snippet":"max-snippet:-1","max-image-preview":"max-image-preview:large","max-video-preview":"max-video-preview:-1"},"canonical":"https:\/\/www.institutfrancais-lituanie.com\/fr\/cours-francais\/cours-enfants-et-adolescents\/","og_locale":"fr_FR","og_type":"article","og_title":"Cours Enfants et Adolescents - IF Lituanie","og_url":"https:\/\/www.institutfrancais-lituanie.com\/fr\/cours-francais\/cours-enfants-et-adolescents\/","og_site_name":"IF Lituanie","article_publisher":"https:\/\/www.facebook.com\/prancuzuinstitutas\/","article_modified_time":"2026-01-20T09:28:29+00:00","og_image":[{"width":2560,"height":1630,"url":"https:\/\/www.institutfrancais-lituanie.com\/wp-content\/uploads\/2025\/09\/dreamstime_xxl_48859145-scaled.jpg","type":"image\/jpeg"}],"twitter_card":"summary_large_image","twitter_misc":{"Est. reading time":"3 minutes"},"schema":{"@context":"https:\/\/schema.org","@graph":[{"@type":"WebPage","@id":"https:\/\/www.institutfrancais-lituanie.com\/fr\/cours-francais\/cours-enfants-et-adolescents\/","url":"https:\/\/www.institutfrancais-lituanie.com\/fr\/cours-francais\/cours-enfants-et-adolescents\/","name":"Cours Enfants et Adolescents - IF Lituanie","isPartOf":{"@id":"https:\/\/www.institutfrancais-lituanie.com\/fr\/#website"},"primaryImageOfPage":{"@id":"https:\/\/www.institutfrancais-lituanie.com\/fr\/cours-francais\/cours-enfants-et-adolescents\/#primaryimage"},"image":{"@id":"https:\/\/www.institutfrancais-lituanie.com\/fr\/cours-francais\/cours-enfants-et-adolescents\/#primaryimage"},"thumbnailUrl":"https:\/\/www.institutfrancais-lituanie.com\/wp-content\/uploads\/2025\/09\/dreamstime_xxl_48859145-scaled.jpg","datePublished":"2018-12-03T13:51:08+00:00","dateModified":"2026-01-20T09:28:29+00:00","breadcrumb":{"@id":"https:\/\/www.institutfrancais-lituanie.com\/fr\/cours-francais\/cours-enfants-et-adolescents\/#breadcrumb"},"inLanguage":"fr-FR","potentialAction":[{"@type":"ReadAction","target":["https:\/\/www.institutfrancais-lituanie.com\/fr\/cours-francais\/cours-enfants-et-adolescents\/"]}]},{"@type":"ImageObject","inLanguage":"fr-FR","@id":"https:\/\/www.institutfrancais-lituanie.com\/fr\/cours-francais\/cours-enfants-et-adolescents\/#primaryimage","url":"https:\/\/www.institutfrancais-lituanie.com\/wp-content\/uploads\/2025\/09\/dreamstime_xxl_48859145-scaled.jpg","contentUrl":"https:\/\/www.institutfrancais-lituanie.com\/wp-content\/uploads\/2025\/09\/dreamstime_xxl_48859145-scaled.jpg","width":2560,"height":1630},{"@type":"BreadcrumbList","@id":"https:\/\/www.institutfrancais-lituanie.com\/fr\/cours-francais\/cours-enfants-et-adolescents\/#breadcrumb","itemListElement":[{"@type":"ListItem","position":1,"name":"Home","item":"https:\/\/www.institutfrancais-lituanie.com\/fr\/"},{"@type":"ListItem","position":2,"name":"Cours et examens","item":"https:\/\/www.institutfrancais-lituanie.com\/fr\/cours-francais\/"},{"@type":"ListItem","position":3,"name":"Cours Enfants et Adolescents"}]},{"@type":"WebSite","@id":"https:\/\/www.institutfrancais-lituanie.com\/fr\/#website","url":"https:\/\/www.institutfrancais-lituanie.com\/fr\/","name":"IF Lituanie","description":"Pranc\u016bz\u0173 kalbos kursai, kult\u016bra, mediateka...","publisher":{"@id":"https:\/\/www.institutfrancais-lituanie.com\/fr\/#organization"},"potentialAction":[{"@type":"SearchAction","target":{"@type":"EntryPoint","urlTemplate":"https:\/\/www.institutfrancais-lituanie.com\/fr\/?s={search_term_string}"},"query-input":"required name=search_term_string"}],"inLanguage":"fr-FR"},{"@type":"Organization","@id":"https:\/\/www.institutfrancais-lituanie.com\/fr\/#organization","name":"Pranc\u016bz\u0173 institutas","url":"https:\/\/www.institutfrancais-lituanie.com\/fr\/","logo":{"@type":"ImageObject","inLanguage":"fr-FR","@id":"https:\/\/www.institutfrancais-lituanie.com\/fr\/#\/schema\/logo\/image\/","url":"https:\/\/www.institutfrancais-lituanie.com\/wp-content\/uploads\/2023\/04\/IF_Logo-Lituanie-RVB.jpg","contentUrl":"https:\/\/www.institutfrancais-lituanie.com\/wp-content\/uploads\/2023\/04\/IF_Logo-Lituanie-RVB.jpg","width":827,"height":555,"caption":"Pranc\u016bz\u0173 institutas"},"image":{"@id":"https:\/\/www.institutfrancais-lituanie.com\/fr\/#\/schema\/logo\/image\/"},"sameAs":["https:\/\/www.facebook.com\/prancuzuinstitutas\/","https:\/\/www.instagram.com\/institut_francais_lituanie\/"]}]}},"_links":{"self":[{"href":"https:\/\/www.institutfrancais-lituanie.com\/fr\/wp-json\/wp\/v2\/pages\/1808"}],"collection":[{"href":"https:\/\/www.institutfrancais-lituanie.com\/fr\/wp-json\/wp\/v2\/pages"}],"about":[{"href":"https:\/\/www.institutfrancais-lituanie.com\/fr\/wp-json\/wp\/v2\/types\/page"}],"author":[{"embeddable":true,"href":"https:\/\/www.institutfrancais-lituanie.com\/fr\/wp-json\/wp\/v2\/users\/2"}],"replies":[{"embeddable":true,"href":"https:\/\/www.institutfrancais-lituanie.com\/fr\/wp-json\/wp\/v2\/comments?post=1808"}],"version-history":[{"count":50,"href":"https:\/\/www.institutfrancais-lituanie.com\/fr\/wp-json\/wp\/v2\/pages\/1808\/revisions"}],"predecessor-version":[{"id":18134,"href":"https:\/\/www.institutfrancais-lituanie.com\/fr\/wp-json\/wp\/v2\/pages\/1808\/revisions\/18134"}],"up":[{"embeddable":true,"href":"https:\/\/www.institutfrancais-lituanie.com\/fr\/wp-json\/wp\/v2\/pages\/1736"}],"wp:featuredmedia":[{"embeddable":true,"href":"https:\/\/www.institutfrancais-lituanie.com\/fr\/wp-json\/wp\/v2\/media\/17423"}],"wp:attachment":[{"href":"https:\/\/www.institutfrancais-lituanie.com\/fr\/wp-json\/wp\/v2\/media?parent=1808"}],"curies":[{"name":"wp","href":"https:\/\/api.w.org\/{rel}","templated":true}]}}