{"id":17708,"date":"2025-10-28T09:50:44","date_gmt":"2025-10-28T09:50:44","guid":{"rendered":"https:\/\/www.institutfrancais-lituanie.com\/?page_id=17708"},"modified":"2026-01-20T09:29:29","modified_gmt":"2026-01-20T09:29:29","slug":"cours-de-lituanien-2","status":"publish","type":"page","link":"https:\/\/www.institutfrancais-lituanie.com\/fr\/cours-de-lituanien-2\/","title":{"rendered":"Cours de lituanien"},"content":{"rendered":"<p><strong>Vous vivez en Lituanie et souhaitez mieux comprendre et vous faire comprendre dans votre quotidien ? Vous \u00eates francophone ou anglophone et souhaitez vous initier au lituanien dans un cadre structur\u00e9 et bienveillant ?<\/strong><\/p>\n<p>L\u2019Institut fran\u00e7ais de Lituanie a le plaisir de vous proposer, pour la premi\u00e8re fois, des\u00a0<strong>cours de lituanien\u00a0!<\/strong><\/p>\n<p>Destin\u00e9 au public\u00a0<strong>francophone et anglophone<\/strong>, ces cours sont con\u00e7us pour vous permettre d\u2019acqu\u00e9rir les bases n\u00e9cessaires \u00e0 une\u00a0<strong>communication simple et efficace dans la vie quotidienne<\/strong>.<\/p>\n<p><strong>Format et organisation :<\/strong><\/p>\n<ul>\n<li><b>23\/02\/2025<\/b><strong> &#8211; 19\/04\/2026<\/strong><\/li>\n<li>Des sessions de<strong>\u00a030 heures<\/strong><\/li>\n<li><strong>En matin\u00e9e, en soir\u00e9e ou le weekend<\/strong><\/li>\n<li>En\u00a0<strong>pr\u00e9sentiel\u00a0<\/strong>ou\u00a0<strong>\u00e0 distance<\/strong><\/li>\n<li><strong>M\u00e9thode communicative<\/strong>, adapt\u00e9e aux grands d\u00e9butants<\/li>\n<li>Petits groupes pour un accompagnement personnalis\u00e9<\/li>\n<\/ul>\n<p><strong>Des enseignants experts :<\/strong>\u00a0Les cours sont assur\u00e9s par des\u00a0<strong>enseignants natifs lituaniens<\/strong>, ma\u00eetrisant parfaitement le\u00a0<strong>fran\u00e7ais et l\u2019anglais<\/strong>,\u00a0<strong>form\u00e9s \u00e0 l\u2019enseignement des langues \u00e9trang\u00e8res<\/strong>.<\/p>\n<p><strong>Tarifs :<\/strong><\/p>\n<ul>\n<li><strong>Tarif standard : 290 \u20ac<\/strong><\/li>\n<li>Inscriptions d\u00e8s maintenant \u2013 d\u00e9but des cours en decembre<\/li>\n<li>Nombre de places limit\u00e9<\/li>\n<li><a href=\"https:\/\/inscrire.hanaf.net\/vilnius.php\">Inscription : https:\/\/inscrire.hanaf.net\/vilnius.php\u00a0<\/a><\/li>\n<\/ul>\n","protected":false},"excerpt":{"rendered":"<p>Vous vivez en Lituanie et souhaitez mieux comprendre et vous faire comprendre dans votre quotidien&hellip;<\/p>\n","protected":false},"author":13,"featured_media":17713,"parent":0,"menu_order":0,"comment_status":"closed","ping_status":"closed","template":"","meta":{"footnotes":""},"class_list":["post-17708","page","type-page","status-publish","has-post-thumbnail","hentry"],"yoast_head":"<!-- This site is optimized with the Yoast SEO plugin v23.2 - https:\/\/yoast.com\/wordpress\/plugins\/seo\/ -->\n<title>Cours de lituanien - IF Lituanie<\/title>\n<meta name=\"robots\" content=\"index, follow, max-snippet:-1, max-image-preview:large, max-video-preview:-1\" \/>\n<link rel=\"canonical\" href=\"https:\/\/www.institutfrancais-lituanie.com\/fr\/cours-de-lituanien-2\/\" \/>\n<meta property=\"og:locale\" content=\"fr_FR\" \/>\n<meta property=\"og:type\" content=\"article\" \/>\n<meta property=\"og:title\" content=\"Cours de lituanien - IF Lituanie\" \/>\n<meta property=\"og:description\" content=\"Vous vivez en Lituanie et souhaitez mieux comprendre et vous faire comprendre dans votre quotidien&hellip;\" \/>\n<meta property=\"og:url\" content=\"https:\/\/www.institutfrancais-lituanie.com\/fr\/cours-de-lituanien-2\/\" \/>\n<meta property=\"og:site_name\" content=\"IF Lituanie\" \/>\n<meta property=\"article:publisher\" content=\"https:\/\/www.facebook.com\/prancuzuinstitutas\/\" \/>\n<meta property=\"article:modified_time\" content=\"2026-01-20T09:29:29+00:00\" \/>\n<meta property=\"og:image\" content=\"https:\/\/www.institutfrancais-lituanie.com\/wp-content\/uploads\/2025\/10\/Blue-Modern-Illustrated-Movie-Cinema-Poster-43-scaled.jpg\" \/>\n\t<meta property=\"og:image:width\" content=\"2560\" \/>\n\t<meta property=\"og:image:height\" content=\"1816\" \/>\n\t<meta property=\"og:image:type\" content=\"image\/jpeg\" \/>\n<meta name=\"twitter:card\" content=\"summary_large_image\" \/>\n<meta name=\"twitter:label1\" content=\"Est. reading time\" \/>\n\t<meta name=\"twitter:data1\" content=\"2 minutes\" \/>\n<script type=\"application\/ld+json\" class=\"yoast-schema-graph\">{\"@context\":\"https:\/\/schema.org\",\"@graph\":[{\"@type\":\"WebPage\",\"@id\":\"https:\/\/www.institutfrancais-lituanie.com\/fr\/cours-de-lituanien-2\/\",\"url\":\"https:\/\/www.institutfrancais-lituanie.com\/fr\/cours-de-lituanien-2\/\",\"name\":\"Cours de lituanien - IF Lituanie\",\"isPartOf\":{\"@id\":\"https:\/\/www.institutfrancais-lituanie.com\/fr\/#website\"},\"primaryImageOfPage\":{\"@id\":\"https:\/\/www.institutfrancais-lituanie.com\/fr\/cours-de-lituanien-2\/#primaryimage\"},\"image\":{\"@id\":\"https:\/\/www.institutfrancais-lituanie.com\/fr\/cours-de-lituanien-2\/#primaryimage\"},\"thumbnailUrl\":\"https:\/\/www.institutfrancais-lituanie.com\/wp-content\/uploads\/2025\/10\/Blue-Modern-Illustrated-Movie-Cinema-Poster-43-scaled.jpg\",\"datePublished\":\"2025-10-28T09:50:44+00:00\",\"dateModified\":\"2026-01-20T09:29:29+00:00\",\"breadcrumb\":{\"@id\":\"https:\/\/www.institutfrancais-lituanie.com\/fr\/cours-de-lituanien-2\/#breadcrumb\"},\"inLanguage\":\"fr-FR\",\"potentialAction\":[{\"@type\":\"ReadAction\",\"target\":[\"https:\/\/www.institutfrancais-lituanie.com\/fr\/cours-de-lituanien-2\/\"]}]},{\"@type\":\"ImageObject\",\"inLanguage\":\"fr-FR\",\"@id\":\"https:\/\/www.institutfrancais-lituanie.com\/fr\/cours-de-lituanien-2\/#primaryimage\",\"url\":\"https:\/\/www.institutfrancais-lituanie.com\/wp-content\/uploads\/2025\/10\/Blue-Modern-Illustrated-Movie-Cinema-Poster-43-scaled.jpg\",\"contentUrl\":\"https:\/\/www.institutfrancais-lituanie.com\/wp-content\/uploads\/2025\/10\/Blue-Modern-Illustrated-Movie-Cinema-Poster-43-scaled.jpg\",\"width\":2560,\"height\":1816},{\"@type\":\"BreadcrumbList\",\"@id\":\"https:\/\/www.institutfrancais-lituanie.com\/fr\/cours-de-lituanien-2\/#breadcrumb\",\"itemListElement\":[{\"@type\":\"ListItem\",\"position\":1,\"name\":\"Home\",\"item\":\"https:\/\/www.institutfrancais-lituanie.com\/fr\/\"},{\"@type\":\"ListItem\",\"position\":2,\"name\":\"Cours de lituanien\"}]},{\"@type\":\"WebSite\",\"@id\":\"https:\/\/www.institutfrancais-lituanie.com\/fr\/#website\",\"url\":\"https:\/\/www.institutfrancais-lituanie.com\/fr\/\",\"name\":\"IF Lituanie\",\"description\":\"Pranc\u016bz\u0173 kalbos kursai, kult\u016bra, mediateka...\",\"publisher\":{\"@id\":\"https:\/\/www.institutfrancais-lituanie.com\/fr\/#organization\"},\"potentialAction\":[{\"@type\":\"SearchAction\",\"target\":{\"@type\":\"EntryPoint\",\"urlTemplate\":\"https:\/\/www.institutfrancais-lituanie.com\/fr\/?s={search_term_string}\"},\"query-input\":\"required name=search_term_string\"}],\"inLanguage\":\"fr-FR\"},{\"@type\":\"Organization\",\"@id\":\"https:\/\/www.institutfrancais-lituanie.com\/fr\/#organization\",\"name\":\"Pranc\u016bz\u0173 institutas\",\"url\":\"https:\/\/www.institutfrancais-lituanie.com\/fr\/\",\"logo\":{\"@type\":\"ImageObject\",\"inLanguage\":\"fr-FR\",\"@id\":\"https:\/\/www.institutfrancais-lituanie.com\/fr\/#\/schema\/logo\/image\/\",\"url\":\"https:\/\/www.institutfrancais-lituanie.com\/wp-content\/uploads\/2023\/04\/IF_Logo-Lituanie-RVB.jpg\",\"contentUrl\":\"https:\/\/www.institutfrancais-lituanie.com\/wp-content\/uploads\/2023\/04\/IF_Logo-Lituanie-RVB.jpg\",\"width\":827,\"height\":555,\"caption\":\"Pranc\u016bz\u0173 institutas\"},\"image\":{\"@id\":\"https:\/\/www.institutfrancais-lituanie.com\/fr\/#\/schema\/logo\/image\/\"},\"sameAs\":[\"https:\/\/www.facebook.com\/prancuzuinstitutas\/\",\"https:\/\/www.instagram.com\/institut_francais_lituanie\/\"]}]}<\/script>\n<!-- \/ Yoast SEO plugin. -->","yoast_head_json":{"title":"Cours de lituanien - IF Lituanie","robots":{"index":"index","follow":"follow","max-snippet":"max-snippet:-1","max-image-preview":"max-image-preview:large","max-video-preview":"max-video-preview:-1"},"canonical":"https:\/\/www.institutfrancais-lituanie.com\/fr\/cours-de-lituanien-2\/","og_locale":"fr_FR","og_type":"article","og_title":"Cours de lituanien - IF Lituanie","og_description":"Vous vivez en Lituanie et souhaitez mieux comprendre et vous faire comprendre dans votre quotidien&hellip;","og_url":"https:\/\/www.institutfrancais-lituanie.com\/fr\/cours-de-lituanien-2\/","og_site_name":"IF Lituanie","article_publisher":"https:\/\/www.facebook.com\/prancuzuinstitutas\/","article_modified_time":"2026-01-20T09:29:29+00:00","og_image":[{"width":2560,"height":1816,"url":"https:\/\/www.institutfrancais-lituanie.com\/wp-content\/uploads\/2025\/10\/Blue-Modern-Illustrated-Movie-Cinema-Poster-43-scaled.jpg","type":"image\/jpeg"}],"twitter_card":"summary_large_image","twitter_misc":{"Est. reading time":"2 minutes"},"schema":{"@context":"https:\/\/schema.org","@graph":[{"@type":"WebPage","@id":"https:\/\/www.institutfrancais-lituanie.com\/fr\/cours-de-lituanien-2\/","url":"https:\/\/www.institutfrancais-lituanie.com\/fr\/cours-de-lituanien-2\/","name":"Cours de lituanien - IF Lituanie","isPartOf":{"@id":"https:\/\/www.institutfrancais-lituanie.com\/fr\/#website"},"primaryImageOfPage":{"@id":"https:\/\/www.institutfrancais-lituanie.com\/fr\/cours-de-lituanien-2\/#primaryimage"},"image":{"@id":"https:\/\/www.institutfrancais-lituanie.com\/fr\/cours-de-lituanien-2\/#primaryimage"},"thumbnailUrl":"https:\/\/www.institutfrancais-lituanie.com\/wp-content\/uploads\/2025\/10\/Blue-Modern-Illustrated-Movie-Cinema-Poster-43-scaled.jpg","datePublished":"2025-10-28T09:50:44+00:00","dateModified":"2026-01-20T09:29:29+00:00","breadcrumb":{"@id":"https:\/\/www.institutfrancais-lituanie.com\/fr\/cours-de-lituanien-2\/#breadcrumb"},"inLanguage":"fr-FR","potentialAction":[{"@type":"ReadAction","target":["https:\/\/www.institutfrancais-lituanie.com\/fr\/cours-de-lituanien-2\/"]}]},{"@type":"ImageObject","inLanguage":"fr-FR","@id":"https:\/\/www.institutfrancais-lituanie.com\/fr\/cours-de-lituanien-2\/#primaryimage","url":"https:\/\/www.institutfrancais-lituanie.com\/wp-content\/uploads\/2025\/10\/Blue-Modern-Illustrated-Movie-Cinema-Poster-43-scaled.jpg","contentUrl":"https:\/\/www.institutfrancais-lituanie.com\/wp-content\/uploads\/2025\/10\/Blue-Modern-Illustrated-Movie-Cinema-Poster-43-scaled.jpg","width":2560,"height":1816},{"@type":"BreadcrumbList","@id":"https:\/\/www.institutfrancais-lituanie.com\/fr\/cours-de-lituanien-2\/#breadcrumb","itemListElement":[{"@type":"ListItem","position":1,"name":"Home","item":"https:\/\/www.institutfrancais-lituanie.com\/fr\/"},{"@type":"ListItem","position":2,"name":"Cours de lituanien"}]},{"@type":"WebSite","@id":"https:\/\/www.institutfrancais-lituanie.com\/fr\/#website","url":"https:\/\/www.institutfrancais-lituanie.com\/fr\/","name":"IF Lituanie","description":"Pranc\u016bz\u0173 kalbos kursai, kult\u016bra, mediateka...","publisher":{"@id":"https:\/\/www.institutfrancais-lituanie.com\/fr\/#organization"},"potentialAction":[{"@type":"SearchAction","target":{"@type":"EntryPoint","urlTemplate":"https:\/\/www.institutfrancais-lituanie.com\/fr\/?s={search_term_string}"},"query-input":"required name=search_term_string"}],"inLanguage":"fr-FR"},{"@type":"Organization","@id":"https:\/\/www.institutfrancais-lituanie.com\/fr\/#organization","name":"Pranc\u016bz\u0173 institutas","url":"https:\/\/www.institutfrancais-lituanie.com\/fr\/","logo":{"@type":"ImageObject","inLanguage":"fr-FR","@id":"https:\/\/www.institutfrancais-lituanie.com\/fr\/#\/schema\/logo\/image\/","url":"https:\/\/www.institutfrancais-lituanie.com\/wp-content\/uploads\/2023\/04\/IF_Logo-Lituanie-RVB.jpg","contentUrl":"https:\/\/www.institutfrancais-lituanie.com\/wp-content\/uploads\/2023\/04\/IF_Logo-Lituanie-RVB.jpg","width":827,"height":555,"caption":"Pranc\u016bz\u0173 institutas"},"image":{"@id":"https:\/\/www.institutfrancais-lituanie.com\/fr\/#\/schema\/logo\/image\/"},"sameAs":["https:\/\/www.facebook.com\/prancuzuinstitutas\/","https:\/\/www.instagram.com\/institut_francais_lituanie\/"]}]}},"_links":{"self":[{"href":"https:\/\/www.institutfrancais-lituanie.com\/fr\/wp-json\/wp\/v2\/pages\/17708"}],"collection":[{"href":"https:\/\/www.institutfrancais-lituanie.com\/fr\/wp-json\/wp\/v2\/pages"}],"about":[{"href":"https:\/\/www.institutfrancais-lituanie.com\/fr\/wp-json\/wp\/v2\/types\/page"}],"author":[{"embeddable":true,"href":"https:\/\/www.institutfrancais-lituanie.com\/fr\/wp-json\/wp\/v2\/users\/13"}],"replies":[{"embeddable":true,"href":"https:\/\/www.institutfrancais-lituanie.com\/fr\/wp-json\/wp\/v2\/comments?post=17708"}],"version-history":[{"count":6,"href":"https:\/\/www.institutfrancais-lituanie.com\/fr\/wp-json\/wp\/v2\/pages\/17708\/revisions"}],"predecessor-version":[{"id":18135,"href":"https:\/\/www.institutfrancais-lituanie.com\/fr\/wp-json\/wp\/v2\/pages\/17708\/revisions\/18135"}],"wp:featuredmedia":[{"embeddable":true,"href":"https:\/\/www.institutfrancais-lituanie.com\/fr\/wp-json\/wp\/v2\/media\/17713"}],"wp:attachment":[{"href":"https:\/\/www.institutfrancais-lituanie.com\/fr\/wp-json\/wp\/v2\/media?parent=17708"}],"curies":[{"name":"wp","href":"https:\/\/api.w.org\/{rel}","templated":true}]}}