{"id":1750,"date":"2018-12-03T12:17:26","date_gmt":"2018-12-03T12:17:26","guid":{"rendered":"http:\/\/institutfrancais-lituanie.com\/?page_id=1750"},"modified":"2026-04-07T12:36:43","modified_gmt":"2026-04-07T12:36:43","slug":"cours-extensifs-25-mois","status":"publish","type":"page","link":"https:\/\/www.institutfrancais-lituanie.com\/fr\/cours-francais\/cours-generaux\/cours-extensifs-25-mois\/","title":{"rendered":"Cours collectifs (semaine)"},"content":{"rendered":"<div class=\"wpb-content-wrapper\"><p>[vc_row][vc_column][vc_column_text css=&#8221;&#8221;]<span style=\"color: #008ac9;\"><span style=\"font-size: 12pt;\"><span style=\"color: #008ac9; font-size: 12pt;\"><b>Cours <\/b><\/span><span style=\"color: #008ac9; font-size: 12pt;\"><b>de fran\u00e7ais en groupe<\/b><\/span><\/span><\/span><\/p>\n<hr \/>\n<p><b>DATES : 04\/05\/2026<\/b><strong> &#8211; 28\/06\/2026<\/strong><\/p>\n<p><strong>GROUPES : <\/strong>7\u00a0\u00e0 12 personnes<br \/>\n<strong>VOLUME :\u00a0<\/strong>30 heures<br \/>\n<strong>RYTHME :\u00a0<\/strong>2 s\u00e9ances par semaine \u00e0 l&#8217;Institut fran\u00e7ais de 2h<b>\u00a0<\/b><strong>ou <\/strong>2 s\u00e9ances par semaine de 2h en ligne<br \/>\n<strong>TARIF<\/strong> : 290\u00a0 \u20ac<\/p>\n<p><img loading=\"lazy\" decoding=\"async\" class=\"alignnone size-medium wp-image-12717\" src=\"https:\/\/www.institutfrancais-lituanie.com\/wp-content\/uploads\/2022\/11\/Screenshot-2022-11-30-at-14.02.32-300x121.png\" alt=\"\" width=\"300\" height=\"121\" srcset=\"https:\/\/www.institutfrancais-lituanie.com\/wp-content\/uploads\/2022\/11\/Screenshot-2022-11-30-at-14.02.32-300x121.png 300w, https:\/\/www.institutfrancais-lituanie.com\/wp-content\/uploads\/2022\/11\/Screenshot-2022-11-30-at-14.02.32-1024x414.png 1024w, https:\/\/www.institutfrancais-lituanie.com\/wp-content\/uploads\/2022\/11\/Screenshot-2022-11-30-at-14.02.32-768x311.png 768w, https:\/\/www.institutfrancais-lituanie.com\/wp-content\/uploads\/2022\/11\/Screenshot-2022-11-30-at-14.02.32-1536x621.png 1536w, https:\/\/www.institutfrancais-lituanie.com\/wp-content\/uploads\/2022\/11\/Screenshot-2022-11-30-at-14.02.32-1170x473.png 1170w, https:\/\/www.institutfrancais-lituanie.com\/wp-content\/uploads\/2022\/11\/Screenshot-2022-11-30-at-14.02.32-585x237.png 585w, https:\/\/www.institutfrancais-lituanie.com\/wp-content\/uploads\/2022\/11\/Screenshot-2022-11-30-at-14.02.32-1320x534.png 1320w, https:\/\/www.institutfrancais-lituanie.com\/wp-content\/uploads\/2022\/11\/Screenshot-2022-11-30-at-14.02.32.png 1770w\" sizes=\"(max-width: 300px) 100vw, 300px\" \/>[\/vc_column_text][\/vc_column][\/vc_row][vc_row title=&#8221;Registruotis&#8221; style=&#8221;modern&#8221; gradient_color_1=&#8221;turquoise&#8221; gradient_color_2=&#8221;blue&#8221; gradient_custom_color_1=&#8221;#dd3333&#8243; gradient_custom_color_2=&#8221;#eeee22&#8243; gradient_text_color=&#8221;#ffffff&#8221; custom_background=&#8221;#ededed&#8221; custom_text=&#8221;#666666&#8243; outline_custom_color=&#8221;#666666&#8243; outline_custom_hover_background=&#8221;#666666&#8243; outline_custom_hover_text=&#8221;#ffffff&#8221; shape=&#8221;square&#8221; color=&#8221;primary&#8221; size=&#8221;lg&#8221; align=&#8221;inline&#8221; button_block=&#8221;&#8221; add_icon=&#8221;&#8221; i_align=&#8221;left&#8221; i_type=&#8221;fontawesome&#8221; i_icon_fontawesome=&#8221;fa fa-adjust&#8221; i_icon_openiconic=&#8221;vc-oi vc-oi-dial&#8221; i_icon_typicons=&#8221;typcn typcn-adjust-brightness&#8221; i_icon_entypo=&#8221;entypo-icon entypo-icon-note&#8221; i_icon_linecons=&#8221;vc_li vc_li-heart&#8221; i_icon_monosocial=&#8221;vc-mono vc-mono-fivehundredpx&#8221; i_icon_material=&#8221;vc-material vc-material-cake&#8221; i_icon_pixelicons=&#8221;vc_pixel_icon vc_pixel_icon-alert&#8221; custom_onclick=&#8221;&#8221; link=&#8221;url:http%3A%2F%2Finscrire.hanaf.net%2Fvilnius.php||target:%20_blank|&#8221; custom_onclick_code=&#8221;&#8221;][vc_column][vc_btn title=&#8221;Inscription&#8221; shape=&#8221;square&#8221; color=&#8221;danger&#8221; size=&#8221;lg&#8221; css=&#8221;&#8221; link=&#8221;url:https%3A%2F%2Finscrire.hanaf.net%2Fvilnius.php|target:_blank&#8221;][vc_message message_box_color=&#8221;danger&#8221;]<strong>L&#8217;inscription au cours commence un mois avant le d\u00e9but du cours!<\/strong>[\/vc_message][\/vc_column][\/vc_row][vc_row][vc_column][vc_message]<a href=\"https:\/\/www.institutfrancais-lituanie.com\/fr\/cours-francais\/reglement-des-cours-de-francais\/\" target=\"_blank\" rel=\"noopener\">R\u00c8GLEMENT DES COURS<\/a>[\/vc_message][vc_message]<a href=\"https:\/\/www.institutfrancais-lituanie.com\/fr\/cours-francais\/calendrier-2019\/\" target=\"_blank\" rel=\"noopener\">CALENDRIER<\/a>[\/vc_message][\/vc_column][\/vc_row][vc_row color=&#8221;&#8221; message_box_style=&#8221;standard&#8221; style=&#8221;rounded&#8221; message_box_color=&#8221;white&#8221; icon_type=&#8221;fontawesome&#8221; icon_fontawesome=&#8221;fa fa-info-circle&#8221; icon_monosocial=&#8221;vc-mono vc-mono-fivehundredpx&#8221; icon_openiconic=&#8221;&#8221; icon_typicons=&#8221;&#8221; icon_entypo=&#8221;&#8221; icon_linecons=&#8221;&#8221; icon_pixelicons=&#8221;&#8221;][vc_column][vc_message message_box_color=&#8221;white&#8221;]Lorsqu\u2019un groupe n\u2019est pas complet (moins de 8 participants), l\u2019Institut fran\u00e7ais vous propose un minigroupe de 30h (40 h\/aca) pour le m\u00eame tarif. Un groupe plus restreint permet \u00e0 chacun de recevoir davantage d\u2019attention individuelle de la part de l\u2019enseignant et un apprentissage plus rapide, permettant d\u2019atteindre un niveau donn\u00e9 en moins de temps.[\/vc_message][\/vc_column][\/vc_row][vc_row][vc_column][vc_separator][\/vc_column][\/vc_row][vc_row][vc_column][vc_message message_box_color=&#8221;grey&#8221;]<span style=\"font-size: 12pt;\"><strong><span style=\"color: #008ac9;\">R\u00c9DUCTIONS<\/span><\/strong><\/span><\/p>\n<p>Tarif r\u00e9duit (scolaires, \u00e9tudiants, retrait\u00e9s, personnes handicap\u00e9es) \u00a0: <strong>&#8211; 10 % \u00a0sur demande et pr\u00e9sentation d\u2019un justificatif par email<\/strong><\/p>\n<p><span style=\"font-size: 12pt;\"><strong><span style=\"color: #008ac9;\">REMARQUES<\/span><\/strong><\/span><br \/>\n&#8211; Le manuel n\u2019est pas inclus dans le prix des cours.<br \/>\n&#8211; Le test d\u2019orientation lors de l\u2019inscription aux cours est gratuit.<br \/>\n&#8211; L\u2019inscription annuelle \u00e0 la m\u00e9diath\u00e8que de l\u2019Institut fran\u00e7ais de Lituanie est gratuite pour les apprenants ainsi qu\u2019\u00e0 la biblioth\u00e8que num\u00e9rique <a href=\"https:\/\/www.institutfrancais-lituanie.com\/mediateka\/naujas-pasiulymas-prieiga-prie-culturetheque-visiems\/\" target=\"_blank\" rel=\"noopener\">Cultureth\u00e8que<\/a>. La m\u00e9diath\u00e8que de l\u2019Institut fran\u00e7ais est ouverte, nous vous invitons \u00e0 faire la connaissance de son nouveau portail:\u00a0\u00a0<u><a href=\"https:\/\/prancuzuinstitutas-mediateka.lt\/\" target=\"_blank\" rel=\"noopener\">https:\/\/prancuzuinstitutas-mediateka.lt\/<\/a>.<\/u>[\/vc_message][\/vc_column][\/vc_row][vc_row color=&#8221;&#8221; message_box_style=&#8221;standard&#8221; style=&#8221;rounded&#8221; message_box_color=&#8221;info&#8221; icon_type=&#8221;fontawesome&#8221; icon_fontawesome=&#8221;fas fa-envelope&#8221; icon_monosocial=&#8221;vc-mono vc-mono-fivehundredpx&#8221; icon_openiconic=&#8221;&#8221; icon_typicons=&#8221;&#8221; icon_entypo=&#8221;&#8221; icon_linecons=&#8221;&#8221; icon_pixelicons=&#8221;&#8221;][vc_column][vc_message icon_fontawesome=&#8221;fas fa-envelope&#8221; css=&#8221;&#8221;]<strong>Service des cours de fran\u00e7ais<\/strong><br \/>\n<strong>Pour toute demande en fran\u00e7ais ou en anglais, <\/strong><strong>en lituanien :<\/strong><br \/>\nMeda Zabala\u00a0<strong>+370 5 219 9655\u00a0 \u00a0<\/strong><br \/>\nmeda.zabala@institutfrancais-lituanie.com<br \/>\n<strong>Accueil t\u00e9l\u00e9phonique de l\u2019Institut :\u00a0<\/strong><br \/>\nDu lundi au vendredi de 9h \u00e0 16h30 :\u00a0<strong>+370 5 219 96 96<\/strong>[\/vc_message][\/vc_column][\/vc_row]<\/p>\n<\/div>","protected":false},"excerpt":{"rendered":"[vc_row][vc_column][vc_column_text css=\"\"]Cours de fran\u00e7ais en groupe DATES : 04\/05\/2026 - 28\/06\/2026 GROUPES : 7\u00a0\u00e0 12&hellip;","protected":false},"author":2,"featured_media":15170,"parent":1745,"menu_order":1,"comment_status":"closed","ping_status":"closed","template":"page-sidebar.php","meta":{"footnotes":""},"class_list":["post-1750","page","type-page","status-publish","has-post-thumbnail","hentry"],"yoast_head":"<!-- This site is optimized with the Yoast SEO plugin v23.2 - https:\/\/yoast.com\/wordpress\/plugins\/seo\/ -->\n<title>Cours collectifs (semaine) - IF Lituanie<\/title>\n<meta name=\"robots\" content=\"index, follow, max-snippet:-1, max-image-preview:large, max-video-preview:-1\" \/>\n<link rel=\"canonical\" href=\"https:\/\/www.institutfrancais-lituanie.com\/fr\/cours-francais\/cours-generaux\/cours-extensifs-25-mois\/\" \/>\n<meta property=\"og:locale\" content=\"fr_FR\" \/>\n<meta property=\"og:type\" content=\"article\" \/>\n<meta property=\"og:title\" content=\"Cours collectifs (semaine) - IF Lituanie\" \/>\n<meta property=\"og:url\" content=\"https:\/\/www.institutfrancais-lituanie.com\/fr\/cours-francais\/cours-generaux\/cours-extensifs-25-mois\/\" \/>\n<meta property=\"og:site_name\" content=\"IF Lituanie\" \/>\n<meta property=\"article:publisher\" content=\"https:\/\/www.facebook.com\/prancuzuinstitutas\/\" \/>\n<meta property=\"article:modified_time\" content=\"2026-04-07T12:36:43+00:00\" \/>\n<meta property=\"og:image\" content=\"https:\/\/www.institutfrancais-lituanie.com\/wp-content\/uploads\/2024\/08\/shutterstock_1962197602-scaled-e1733077307148.jpg\" \/>\n\t<meta property=\"og:image:width\" content=\"2560\" \/>\n\t<meta property=\"og:image:height\" content=\"1361\" \/>\n\t<meta property=\"og:image:type\" content=\"image\/jpeg\" \/>\n<meta name=\"twitter:card\" content=\"summary_large_image\" \/>\n<meta name=\"twitter:label1\" content=\"Est. reading time\" \/>\n\t<meta name=\"twitter:data1\" content=\"3 minutes\" \/>\n<script type=\"application\/ld+json\" class=\"yoast-schema-graph\">{\"@context\":\"https:\/\/schema.org\",\"@graph\":[{\"@type\":\"WebPage\",\"@id\":\"https:\/\/www.institutfrancais-lituanie.com\/fr\/cours-francais\/cours-generaux\/cours-extensifs-25-mois\/\",\"url\":\"https:\/\/www.institutfrancais-lituanie.com\/fr\/cours-francais\/cours-generaux\/cours-extensifs-25-mois\/\",\"name\":\"Cours collectifs (semaine) - IF Lituanie\",\"isPartOf\":{\"@id\":\"https:\/\/www.institutfrancais-lituanie.com\/fr\/#website\"},\"primaryImageOfPage\":{\"@id\":\"https:\/\/www.institutfrancais-lituanie.com\/fr\/cours-francais\/cours-generaux\/cours-extensifs-25-mois\/#primaryimage\"},\"image\":{\"@id\":\"https:\/\/www.institutfrancais-lituanie.com\/fr\/cours-francais\/cours-generaux\/cours-extensifs-25-mois\/#primaryimage\"},\"thumbnailUrl\":\"https:\/\/www.institutfrancais-lituanie.com\/wp-content\/uploads\/2024\/08\/shutterstock_1962197602-scaled-e1733077307148.jpg\",\"datePublished\":\"2018-12-03T12:17:26+00:00\",\"dateModified\":\"2026-04-07T12:36:43+00:00\",\"breadcrumb\":{\"@id\":\"https:\/\/www.institutfrancais-lituanie.com\/fr\/cours-francais\/cours-generaux\/cours-extensifs-25-mois\/#breadcrumb\"},\"inLanguage\":\"fr-FR\",\"potentialAction\":[{\"@type\":\"ReadAction\",\"target\":[\"https:\/\/www.institutfrancais-lituanie.com\/fr\/cours-francais\/cours-generaux\/cours-extensifs-25-mois\/\"]}]},{\"@type\":\"ImageObject\",\"inLanguage\":\"fr-FR\",\"@id\":\"https:\/\/www.institutfrancais-lituanie.com\/fr\/cours-francais\/cours-generaux\/cours-extensifs-25-mois\/#primaryimage\",\"url\":\"https:\/\/www.institutfrancais-lituanie.com\/wp-content\/uploads\/2024\/08\/shutterstock_1962197602-scaled-e1733077307148.jpg\",\"contentUrl\":\"https:\/\/www.institutfrancais-lituanie.com\/wp-content\/uploads\/2024\/08\/shutterstock_1962197602-scaled-e1733077307148.jpg\",\"width\":2560,\"height\":1361},{\"@type\":\"BreadcrumbList\",\"@id\":\"https:\/\/www.institutfrancais-lituanie.com\/fr\/cours-francais\/cours-generaux\/cours-extensifs-25-mois\/#breadcrumb\",\"itemListElement\":[{\"@type\":\"ListItem\",\"position\":1,\"name\":\"Home\",\"item\":\"https:\/\/www.institutfrancais-lituanie.com\/fr\/\"},{\"@type\":\"ListItem\",\"position\":2,\"name\":\"Cours et examens\",\"item\":\"https:\/\/www.institutfrancais-lituanie.com\/fr\/cours-francais\/\"},{\"@type\":\"ListItem\",\"position\":3,\"name\":\"Cours de fran\u00e7ais\",\"item\":\"https:\/\/www.institutfrancais-lituanie.com\/fr\/cours-francais\/cours-generaux\/\"},{\"@type\":\"ListItem\",\"position\":4,\"name\":\"Cours collectifs (semaine)\"}]},{\"@type\":\"WebSite\",\"@id\":\"https:\/\/www.institutfrancais-lituanie.com\/fr\/#website\",\"url\":\"https:\/\/www.institutfrancais-lituanie.com\/fr\/\",\"name\":\"IF Lituanie\",\"description\":\"Pranc\u016bz\u0173 kalbos kursai, kult\u016bra, mediateka...\",\"publisher\":{\"@id\":\"https:\/\/www.institutfrancais-lituanie.com\/fr\/#organization\"},\"potentialAction\":[{\"@type\":\"SearchAction\",\"target\":{\"@type\":\"EntryPoint\",\"urlTemplate\":\"https:\/\/www.institutfrancais-lituanie.com\/fr\/?s={search_term_string}\"},\"query-input\":\"required name=search_term_string\"}],\"inLanguage\":\"fr-FR\"},{\"@type\":\"Organization\",\"@id\":\"https:\/\/www.institutfrancais-lituanie.com\/fr\/#organization\",\"name\":\"Pranc\u016bz\u0173 institutas\",\"url\":\"https:\/\/www.institutfrancais-lituanie.com\/fr\/\",\"logo\":{\"@type\":\"ImageObject\",\"inLanguage\":\"fr-FR\",\"@id\":\"https:\/\/www.institutfrancais-lituanie.com\/fr\/#\/schema\/logo\/image\/\",\"url\":\"https:\/\/www.institutfrancais-lituanie.com\/wp-content\/uploads\/2023\/04\/IF_Logo-Lituanie-RVB.jpg\",\"contentUrl\":\"https:\/\/www.institutfrancais-lituanie.com\/wp-content\/uploads\/2023\/04\/IF_Logo-Lituanie-RVB.jpg\",\"width\":827,\"height\":555,\"caption\":\"Pranc\u016bz\u0173 institutas\"},\"image\":{\"@id\":\"https:\/\/www.institutfrancais-lituanie.com\/fr\/#\/schema\/logo\/image\/\"},\"sameAs\":[\"https:\/\/www.facebook.com\/prancuzuinstitutas\/\",\"https:\/\/www.instagram.com\/institut_francais_lituanie\/\"]}]}<\/script>\n<!-- \/ Yoast SEO plugin. -->","yoast_head_json":{"title":"Cours collectifs (semaine) - IF Lituanie","robots":{"index":"index","follow":"follow","max-snippet":"max-snippet:-1","max-image-preview":"max-image-preview:large","max-video-preview":"max-video-preview:-1"},"canonical":"https:\/\/www.institutfrancais-lituanie.com\/fr\/cours-francais\/cours-generaux\/cours-extensifs-25-mois\/","og_locale":"fr_FR","og_type":"article","og_title":"Cours collectifs (semaine) - IF Lituanie","og_url":"https:\/\/www.institutfrancais-lituanie.com\/fr\/cours-francais\/cours-generaux\/cours-extensifs-25-mois\/","og_site_name":"IF Lituanie","article_publisher":"https:\/\/www.facebook.com\/prancuzuinstitutas\/","article_modified_time":"2026-04-07T12:36:43+00:00","og_image":[{"width":2560,"height":1361,"url":"https:\/\/www.institutfrancais-lituanie.com\/wp-content\/uploads\/2024\/08\/shutterstock_1962197602-scaled-e1733077307148.jpg","type":"image\/jpeg"}],"twitter_card":"summary_large_image","twitter_misc":{"Est. reading time":"3 minutes"},"schema":{"@context":"https:\/\/schema.org","@graph":[{"@type":"WebPage","@id":"https:\/\/www.institutfrancais-lituanie.com\/fr\/cours-francais\/cours-generaux\/cours-extensifs-25-mois\/","url":"https:\/\/www.institutfrancais-lituanie.com\/fr\/cours-francais\/cours-generaux\/cours-extensifs-25-mois\/","name":"Cours collectifs (semaine) - IF Lituanie","isPartOf":{"@id":"https:\/\/www.institutfrancais-lituanie.com\/fr\/#website"},"primaryImageOfPage":{"@id":"https:\/\/www.institutfrancais-lituanie.com\/fr\/cours-francais\/cours-generaux\/cours-extensifs-25-mois\/#primaryimage"},"image":{"@id":"https:\/\/www.institutfrancais-lituanie.com\/fr\/cours-francais\/cours-generaux\/cours-extensifs-25-mois\/#primaryimage"},"thumbnailUrl":"https:\/\/www.institutfrancais-lituanie.com\/wp-content\/uploads\/2024\/08\/shutterstock_1962197602-scaled-e1733077307148.jpg","datePublished":"2018-12-03T12:17:26+00:00","dateModified":"2026-04-07T12:36:43+00:00","breadcrumb":{"@id":"https:\/\/www.institutfrancais-lituanie.com\/fr\/cours-francais\/cours-generaux\/cours-extensifs-25-mois\/#breadcrumb"},"inLanguage":"fr-FR","potentialAction":[{"@type":"ReadAction","target":["https:\/\/www.institutfrancais-lituanie.com\/fr\/cours-francais\/cours-generaux\/cours-extensifs-25-mois\/"]}]},{"@type":"ImageObject","inLanguage":"fr-FR","@id":"https:\/\/www.institutfrancais-lituanie.com\/fr\/cours-francais\/cours-generaux\/cours-extensifs-25-mois\/#primaryimage","url":"https:\/\/www.institutfrancais-lituanie.com\/wp-content\/uploads\/2024\/08\/shutterstock_1962197602-scaled-e1733077307148.jpg","contentUrl":"https:\/\/www.institutfrancais-lituanie.com\/wp-content\/uploads\/2024\/08\/shutterstock_1962197602-scaled-e1733077307148.jpg","width":2560,"height":1361},{"@type":"BreadcrumbList","@id":"https:\/\/www.institutfrancais-lituanie.com\/fr\/cours-francais\/cours-generaux\/cours-extensifs-25-mois\/#breadcrumb","itemListElement":[{"@type":"ListItem","position":1,"name":"Home","item":"https:\/\/www.institutfrancais-lituanie.com\/fr\/"},{"@type":"ListItem","position":2,"name":"Cours et examens","item":"https:\/\/www.institutfrancais-lituanie.com\/fr\/cours-francais\/"},{"@type":"ListItem","position":3,"name":"Cours de fran\u00e7ais","item":"https:\/\/www.institutfrancais-lituanie.com\/fr\/cours-francais\/cours-generaux\/"},{"@type":"ListItem","position":4,"name":"Cours collectifs (semaine)"}]},{"@type":"WebSite","@id":"https:\/\/www.institutfrancais-lituanie.com\/fr\/#website","url":"https:\/\/www.institutfrancais-lituanie.com\/fr\/","name":"IF Lituanie","description":"Pranc\u016bz\u0173 kalbos kursai, kult\u016bra, mediateka...","publisher":{"@id":"https:\/\/www.institutfrancais-lituanie.com\/fr\/#organization"},"potentialAction":[{"@type":"SearchAction","target":{"@type":"EntryPoint","urlTemplate":"https:\/\/www.institutfrancais-lituanie.com\/fr\/?s={search_term_string}"},"query-input":"required name=search_term_string"}],"inLanguage":"fr-FR"},{"@type":"Organization","@id":"https:\/\/www.institutfrancais-lituanie.com\/fr\/#organization","name":"Pranc\u016bz\u0173 institutas","url":"https:\/\/www.institutfrancais-lituanie.com\/fr\/","logo":{"@type":"ImageObject","inLanguage":"fr-FR","@id":"https:\/\/www.institutfrancais-lituanie.com\/fr\/#\/schema\/logo\/image\/","url":"https:\/\/www.institutfrancais-lituanie.com\/wp-content\/uploads\/2023\/04\/IF_Logo-Lituanie-RVB.jpg","contentUrl":"https:\/\/www.institutfrancais-lituanie.com\/wp-content\/uploads\/2023\/04\/IF_Logo-Lituanie-RVB.jpg","width":827,"height":555,"caption":"Pranc\u016bz\u0173 institutas"},"image":{"@id":"https:\/\/www.institutfrancais-lituanie.com\/fr\/#\/schema\/logo\/image\/"},"sameAs":["https:\/\/www.facebook.com\/prancuzuinstitutas\/","https:\/\/www.instagram.com\/institut_francais_lituanie\/"]}]}},"_links":{"self":[{"href":"https:\/\/www.institutfrancais-lituanie.com\/fr\/wp-json\/wp\/v2\/pages\/1750"}],"collection":[{"href":"https:\/\/www.institutfrancais-lituanie.com\/fr\/wp-json\/wp\/v2\/pages"}],"about":[{"href":"https:\/\/www.institutfrancais-lituanie.com\/fr\/wp-json\/wp\/v2\/types\/page"}],"author":[{"embeddable":true,"href":"https:\/\/www.institutfrancais-lituanie.com\/fr\/wp-json\/wp\/v2\/users\/2"}],"replies":[{"embeddable":true,"href":"https:\/\/www.institutfrancais-lituanie.com\/fr\/wp-json\/wp\/v2\/comments?post=1750"}],"version-history":[{"count":84,"href":"https:\/\/www.institutfrancais-lituanie.com\/fr\/wp-json\/wp\/v2\/pages\/1750\/revisions"}],"predecessor-version":[{"id":18831,"href":"https:\/\/www.institutfrancais-lituanie.com\/fr\/wp-json\/wp\/v2\/pages\/1750\/revisions\/18831"}],"up":[{"embeddable":true,"href":"https:\/\/www.institutfrancais-lituanie.com\/fr\/wp-json\/wp\/v2\/pages\/1745"}],"wp:featuredmedia":[{"embeddable":true,"href":"https:\/\/www.institutfrancais-lituanie.com\/fr\/wp-json\/wp\/v2\/media\/15170"}],"wp:attachment":[{"href":"https:\/\/www.institutfrancais-lituanie.com\/fr\/wp-json\/wp\/v2\/media?parent=1750"}],"curies":[{"name":"wp","href":"https:\/\/api.w.org\/{rel}","templated":true}]}}