{"id":1748,"date":"2018-12-03T12:12:14","date_gmt":"2018-12-03T12:12:14","guid":{"rendered":"http:\/\/institutfrancais-lituanie.com\/?page_id=1748"},"modified":"2026-02-23T10:58:26","modified_gmt":"2026-02-23T10:58:26","slug":"cours-intensifs-3-semaines","status":"publish","type":"page","link":"https:\/\/www.institutfrancais-lituanie.com\/fr\/cours-francais\/cours-generaux\/cours-intensifs-3-semaines\/","title":{"rendered":"Cours intensifs (3 semaines)"},"content":{"rendered":"<div class=\"wpb-content-wrapper\"><p>[vc_row][vc_column][vc_column_text css=&#8221;&#8221;]<span style=\"color: #008ac9;\"><strong><span style=\"font-size: 12pt;\">Cours intensifs de fran\u00e7ais (3 semaines)<\/span><\/strong><\/span><\/p>\n<hr \/>\n<p><strong>DATES :<br \/>\n<\/strong>2026<\/p>\n<p><strong>GROUPES: <\/strong>5\u00a0\u00e0 12 personnes<br \/>\n<strong>VOLUME: <\/strong>30 (40 heures acad\u00e9miques)<br \/>\n<strong>RYTHME:<\/strong> 5 s\u00e9ances par semaine de 2h30 en pr\u00e9sentiel<\/p>\n<p><strong>TARIF<\/strong> : 290 \u20ac<\/p>\n<p><strong>EMPLOI DU TEMPS : <a href=\"http:\/\/inscrire.hanaf.net\/vilnius.php\">http:\/\/inscrire.hanaf.net\/vilnius.php\u00a0<\/a><\/strong>[\/vc_column_text][\/vc_column][\/vc_row][vc_row title=&#8221;Inscription&#8221; style=&#8221;modern&#8221; gradient_color_1=&#8221;turquoise&#8221; gradient_color_2=&#8221;blue&#8221; gradient_custom_color_1=&#8221;#dd3333&#8243; gradient_custom_color_2=&#8221;#eeee22&#8243; gradient_text_color=&#8221;#ffffff&#8221; custom_background=&#8221;#ededed&#8221; custom_text=&#8221;#666666&#8243; outline_custom_color=&#8221;#666666&#8243; outline_custom_hover_background=&#8221;#666666&#8243; outline_custom_hover_text=&#8221;#ffffff&#8221; shape=&#8221;square&#8221; color=&#8221;danger&#8221; size=&#8221;lg&#8221; align=&#8221;inline&#8221; button_block=&#8221;&#8221; add_icon=&#8221;&#8221; i_align=&#8221;left&#8221; i_type=&#8221;fontawesome&#8221; i_icon_fontawesome=&#8221;fa fa-adjust&#8221; i_icon_openiconic=&#8221;vc-oi vc-oi-dial&#8221; i_icon_typicons=&#8221;typcn typcn-adjust-brightness&#8221; i_icon_entypo=&#8221;entypo-icon entypo-icon-note&#8221; i_icon_linecons=&#8221;vc_li vc_li-heart&#8221; i_icon_monosocial=&#8221;vc-mono vc-mono-fivehundredpx&#8221; i_icon_material=&#8221;vc-material vc-material-cake&#8221; i_icon_pixelicons=&#8221;vc_pixel_icon vc_pixel_icon-alert&#8221; custom_onclick=&#8221;&#8221; link=&#8221;url:http%3A%2F%2Finscrire.hanaf.net%2Fvilnius.php||target:%20_blank|&#8221; custom_onclick_code=&#8221;&#8221;][vc_column][vc_btn title=&#8221;Inscription&#8221; shape=&#8221;square&#8221; color=&#8221;danger&#8221; size=&#8221;lg&#8221; link=&#8221;url:http%3A%2F%2Finscrire.hanaf.net%2Fvilnius.php||target:%20_blank|&#8221;][vc_message message_box_color=&#8221;danger&#8221;]<strong>L&#8217;inscription au cours commence un mois avant le d\u00e9but du cours!<\/strong>[\/vc_message][\/vc_column][\/vc_row][vc_row][vc_column][vc_message]<a href=\"https:\/\/www.institutfrancais-lituanie.com\/fr\/cours-francais\/reglement-des-cours-de-francais\/\" target=\"_blank\" rel=\"noopener noreferrer\">R\u00c8GLEMENT DES COURS<\/a>[\/vc_message][vc_message]<a href=\"https:\/\/www.institutfrancais-lituanie.com\/fr\/cours-francais\/calendrier-2019\/\" target=\"_blank\" rel=\"noopener\">CALENDRIER<\/a>[\/vc_message][\/vc_column][\/vc_row][vc_row color=&#8221;&#8221; message_box_style=&#8221;standard&#8221; style=&#8221;rounded&#8221; message_box_color=&#8221;white&#8221; icon_type=&#8221;fontawesome&#8221; icon_fontawesome=&#8221;fa fa-info-circle&#8221; icon_monosocial=&#8221;vc-mono vc-mono-fivehundredpx&#8221; icon_openiconic=&#8221;&#8221; icon_typicons=&#8221;&#8221; icon_entypo=&#8221;&#8221; icon_linecons=&#8221;&#8221; icon_pixelicons=&#8221;&#8221;][vc_column][vc_message message_box_color=&#8221;white&#8221;]Lorsqu\u2019un groupe n\u2019est pas complet (moins de 8 participants), l\u2019Institut fran\u00e7ais vous propose un minigroupe de 30h (40 h\/aca) pour le m\u00eame tarif. Un groupe plus restreint permet \u00e0 chacun de recevoir davantage d\u2019attention individuelle de la part de l\u2019enseignant et un apprentissage plus rapide, permettant d\u2019atteindre un niveau donn\u00e9 en moins de temps.[\/vc_message][\/vc_column][\/vc_row][vc_row][vc_column][vc_separator][\/vc_column][\/vc_row][vc_row color=&#8221;&#8221; message_box_style=&#8221;standard&#8221; style=&#8221;rounded&#8221; message_box_color=&#8221;grey&#8221; icon_type=&#8221;fontawesome&#8221; icon_fontawesome=&#8221;fa fa-info-circle&#8221; icon_monosocial=&#8221;vc-mono vc-mono-fivehundredpx&#8221; icon_openiconic=&#8221;&#8221; icon_typicons=&#8221;&#8221; icon_entypo=&#8221;&#8221; icon_linecons=&#8221;&#8221; icon_pixelicons=&#8221;&#8221;][vc_column][vc_message message_box_color=&#8221;grey&#8221;]<span style=\"font-size: 12pt;\"><strong><span style=\"color: #008ac9;\">R\u00c9DUCTIONS<\/span><\/strong><\/span><\/p>\n<p>Tarif r\u00e9duit (scolaires, \u00e9tudiants, retrait\u00e9s, personnes handicap\u00e9es) \u00a0: <strong>&#8211; 10 % \u00a0sur demande et pr\u00e9sentation d\u2019un justificatif par email<\/strong><\/p>\n<p><span style=\"font-size: 12pt;\"><strong><span style=\"color: #008ac9;\">REMARQUES<\/span><\/strong><\/span><br \/>\n&#8211; Le manuel n\u2019est pas inclus dans le prix des cours.<br \/>\n&#8211; Le test d\u2019orientation lors de l\u2019inscription aux cours est gratuit.<br \/>\n&#8211; L\u2019inscription annuelle \u00e0 la m\u00e9diath\u00e8que de l\u2019Institut fran\u00e7ais de Lituanie est gratuite pour les apprenants ainsi qu\u2019\u00e0 la biblioth\u00e8que num\u00e9rique <a href=\"https:\/\/www.institutfrancais-lituanie.com\/mediateka\/naujas-pasiulymas-prieiga-prie-culturetheque-visiems\/\" target=\"_blank\" rel=\"noopener\">Cultureth\u00e8que<\/a>. La m\u00e9diath\u00e8que de l\u2019Institut fran\u00e7ais est ouverte, nous vous invitons \u00e0 faire la connaissance de son nouveau portail:\u00a0\u00a0<u><a href=\"https:\/\/prancuzuinstitutas-mediateka.lt\/\" target=\"_blank\" rel=\"noopener\">https:\/\/prancuzuinstitutas-mediateka.lt\/<\/a>.<\/u>[\/vc_message][\/vc_column][\/vc_row][vc_row][vc_column][vc_separator][\/vc_column][\/vc_row][vc_row color=&#8221;&#8221; message_box_style=&#8221;standard&#8221; style=&#8221;rounded&#8221; message_box_color=&#8221;info&#8221; icon_type=&#8221;fontawesome&#8221; icon_fontawesome=&#8221;fa fa-envelope&#8221; icon_monosocial=&#8221;vc-mono vc-mono-fivehundredpx&#8221; icon_openiconic=&#8221;&#8221; icon_typicons=&#8221;&#8221; icon_entypo=&#8221;&#8221; icon_linecons=&#8221;&#8221; icon_pixelicons=&#8221;&#8221;][vc_column][vc_message icon_fontawesome=&#8221;fas fa-envelope&#8221; css=&#8221;&#8221;]<strong>Service des cours de fran\u00e7ais<\/strong><br \/>\n<strong>Pour toute demande :<\/strong><br \/>\nMeda Zabala <strong>+370 5 219 9655\u00a0 \u00a0<\/strong><br \/>\nmeda.zabala@institutfrancais-lituanie.com<br \/>\n<strong>Accueil t\u00e9l\u00e9phonique de l\u2019Institut :\u00a0<\/strong><br \/>\nDu lundi au vendredi de 9h \u00e0 16h30 :\u00a0<strong>+370 5 219 96 96<\/strong>[\/vc_message][\/vc_column][\/vc_row]<\/p>\n<\/div>","protected":false},"excerpt":{"rendered":"[vc_row][vc_column][vc_column_text css=\"\"]Cours intensifs de fran\u00e7ais (3 semaines) DATES : 2026 GROUPES: 5\u00a0\u00e0 12 personnes VOLUME:&hellip;","protected":false},"author":2,"featured_media":16836,"parent":1745,"menu_order":0,"comment_status":"closed","ping_status":"closed","template":"page-sidebar.php","meta":{"footnotes":""},"class_list":["post-1748","page","type-page","status-publish","has-post-thumbnail","hentry"],"yoast_head":"<!-- This site is optimized with the Yoast SEO plugin v23.2 - https:\/\/yoast.com\/wordpress\/plugins\/seo\/ -->\n<title>Cours intensifs (3 semaines) - IF Lituanie<\/title>\n<meta name=\"robots\" content=\"index, follow, max-snippet:-1, max-image-preview:large, max-video-preview:-1\" \/>\n<link rel=\"canonical\" href=\"https:\/\/www.institutfrancais-lituanie.com\/fr\/cours-francais\/cours-generaux\/cours-intensifs-3-semaines\/\" \/>\n<meta property=\"og:locale\" content=\"fr_FR\" \/>\n<meta property=\"og:type\" content=\"article\" \/>\n<meta property=\"og:title\" content=\"Cours intensifs (3 semaines) - IF Lituanie\" \/>\n<meta property=\"og:url\" content=\"https:\/\/www.institutfrancais-lituanie.com\/fr\/cours-francais\/cours-generaux\/cours-intensifs-3-semaines\/\" \/>\n<meta property=\"og:site_name\" content=\"IF Lituanie\" \/>\n<meta property=\"article:publisher\" content=\"https:\/\/www.facebook.com\/prancuzuinstitutas\/\" \/>\n<meta property=\"article:modified_time\" content=\"2026-02-23T10:58:26+00:00\" \/>\n<meta property=\"og:image\" content=\"https:\/\/www.institutfrancais-lituanie.com\/wp-content\/uploads\/2025\/05\/shutterstock_1227133201-scaled-e1746528318727.jpg\" \/>\n\t<meta property=\"og:image:width\" content=\"2560\" \/>\n\t<meta property=\"og:image:height\" content=\"1386\" \/>\n\t<meta property=\"og:image:type\" content=\"image\/jpeg\" \/>\n<meta name=\"twitter:card\" content=\"summary_large_image\" \/>\n<meta name=\"twitter:label1\" content=\"Est. reading time\" \/>\n\t<meta name=\"twitter:data1\" content=\"2 minutes\" \/>\n<script type=\"application\/ld+json\" class=\"yoast-schema-graph\">{\"@context\":\"https:\/\/schema.org\",\"@graph\":[{\"@type\":\"WebPage\",\"@id\":\"https:\/\/www.institutfrancais-lituanie.com\/fr\/cours-francais\/cours-generaux\/cours-intensifs-3-semaines\/\",\"url\":\"https:\/\/www.institutfrancais-lituanie.com\/fr\/cours-francais\/cours-generaux\/cours-intensifs-3-semaines\/\",\"name\":\"Cours intensifs (3 semaines) - IF Lituanie\",\"isPartOf\":{\"@id\":\"https:\/\/www.institutfrancais-lituanie.com\/fr\/#website\"},\"primaryImageOfPage\":{\"@id\":\"https:\/\/www.institutfrancais-lituanie.com\/fr\/cours-francais\/cours-generaux\/cours-intensifs-3-semaines\/#primaryimage\"},\"image\":{\"@id\":\"https:\/\/www.institutfrancais-lituanie.com\/fr\/cours-francais\/cours-generaux\/cours-intensifs-3-semaines\/#primaryimage\"},\"thumbnailUrl\":\"https:\/\/www.institutfrancais-lituanie.com\/wp-content\/uploads\/2025\/05\/shutterstock_1227133201-scaled-e1746528318727.jpg\",\"datePublished\":\"2018-12-03T12:12:14+00:00\",\"dateModified\":\"2026-02-23T10:58:26+00:00\",\"breadcrumb\":{\"@id\":\"https:\/\/www.institutfrancais-lituanie.com\/fr\/cours-francais\/cours-generaux\/cours-intensifs-3-semaines\/#breadcrumb\"},\"inLanguage\":\"fr-FR\",\"potentialAction\":[{\"@type\":\"ReadAction\",\"target\":[\"https:\/\/www.institutfrancais-lituanie.com\/fr\/cours-francais\/cours-generaux\/cours-intensifs-3-semaines\/\"]}]},{\"@type\":\"ImageObject\",\"inLanguage\":\"fr-FR\",\"@id\":\"https:\/\/www.institutfrancais-lituanie.com\/fr\/cours-francais\/cours-generaux\/cours-intensifs-3-semaines\/#primaryimage\",\"url\":\"https:\/\/www.institutfrancais-lituanie.com\/wp-content\/uploads\/2025\/05\/shutterstock_1227133201-scaled-e1746528318727.jpg\",\"contentUrl\":\"https:\/\/www.institutfrancais-lituanie.com\/wp-content\/uploads\/2025\/05\/shutterstock_1227133201-scaled-e1746528318727.jpg\",\"width\":2560,\"height\":1386},{\"@type\":\"BreadcrumbList\",\"@id\":\"https:\/\/www.institutfrancais-lituanie.com\/fr\/cours-francais\/cours-generaux\/cours-intensifs-3-semaines\/#breadcrumb\",\"itemListElement\":[{\"@type\":\"ListItem\",\"position\":1,\"name\":\"Home\",\"item\":\"https:\/\/www.institutfrancais-lituanie.com\/fr\/\"},{\"@type\":\"ListItem\",\"position\":2,\"name\":\"Cours et examens\",\"item\":\"https:\/\/www.institutfrancais-lituanie.com\/fr\/cours-francais\/\"},{\"@type\":\"ListItem\",\"position\":3,\"name\":\"Cours de fran\u00e7ais\",\"item\":\"https:\/\/www.institutfrancais-lituanie.com\/fr\/cours-francais\/cours-generaux\/\"},{\"@type\":\"ListItem\",\"position\":4,\"name\":\"Cours intensifs (3 semaines)\"}]},{\"@type\":\"WebSite\",\"@id\":\"https:\/\/www.institutfrancais-lituanie.com\/fr\/#website\",\"url\":\"https:\/\/www.institutfrancais-lituanie.com\/fr\/\",\"name\":\"IF Lituanie\",\"description\":\"Pranc\u016bz\u0173 kalbos kursai, kult\u016bra, mediateka...\",\"publisher\":{\"@id\":\"https:\/\/www.institutfrancais-lituanie.com\/fr\/#organization\"},\"potentialAction\":[{\"@type\":\"SearchAction\",\"target\":{\"@type\":\"EntryPoint\",\"urlTemplate\":\"https:\/\/www.institutfrancais-lituanie.com\/fr\/?s={search_term_string}\"},\"query-input\":\"required name=search_term_string\"}],\"inLanguage\":\"fr-FR\"},{\"@type\":\"Organization\",\"@id\":\"https:\/\/www.institutfrancais-lituanie.com\/fr\/#organization\",\"name\":\"Pranc\u016bz\u0173 institutas\",\"url\":\"https:\/\/www.institutfrancais-lituanie.com\/fr\/\",\"logo\":{\"@type\":\"ImageObject\",\"inLanguage\":\"fr-FR\",\"@id\":\"https:\/\/www.institutfrancais-lituanie.com\/fr\/#\/schema\/logo\/image\/\",\"url\":\"https:\/\/www.institutfrancais-lituanie.com\/wp-content\/uploads\/2023\/04\/IF_Logo-Lituanie-RVB.jpg\",\"contentUrl\":\"https:\/\/www.institutfrancais-lituanie.com\/wp-content\/uploads\/2023\/04\/IF_Logo-Lituanie-RVB.jpg\",\"width\":827,\"height\":555,\"caption\":\"Pranc\u016bz\u0173 institutas\"},\"image\":{\"@id\":\"https:\/\/www.institutfrancais-lituanie.com\/fr\/#\/schema\/logo\/image\/\"},\"sameAs\":[\"https:\/\/www.facebook.com\/prancuzuinstitutas\/\",\"https:\/\/www.instagram.com\/institut_francais_lituanie\/\"]}]}<\/script>\n<!-- \/ Yoast SEO plugin. -->","yoast_head_json":{"title":"Cours intensifs (3 semaines) - IF Lituanie","robots":{"index":"index","follow":"follow","max-snippet":"max-snippet:-1","max-image-preview":"max-image-preview:large","max-video-preview":"max-video-preview:-1"},"canonical":"https:\/\/www.institutfrancais-lituanie.com\/fr\/cours-francais\/cours-generaux\/cours-intensifs-3-semaines\/","og_locale":"fr_FR","og_type":"article","og_title":"Cours intensifs (3 semaines) - IF Lituanie","og_url":"https:\/\/www.institutfrancais-lituanie.com\/fr\/cours-francais\/cours-generaux\/cours-intensifs-3-semaines\/","og_site_name":"IF Lituanie","article_publisher":"https:\/\/www.facebook.com\/prancuzuinstitutas\/","article_modified_time":"2026-02-23T10:58:26+00:00","og_image":[{"width":2560,"height":1386,"url":"https:\/\/www.institutfrancais-lituanie.com\/wp-content\/uploads\/2025\/05\/shutterstock_1227133201-scaled-e1746528318727.jpg","type":"image\/jpeg"}],"twitter_card":"summary_large_image","twitter_misc":{"Est. reading time":"2 minutes"},"schema":{"@context":"https:\/\/schema.org","@graph":[{"@type":"WebPage","@id":"https:\/\/www.institutfrancais-lituanie.com\/fr\/cours-francais\/cours-generaux\/cours-intensifs-3-semaines\/","url":"https:\/\/www.institutfrancais-lituanie.com\/fr\/cours-francais\/cours-generaux\/cours-intensifs-3-semaines\/","name":"Cours intensifs (3 semaines) - IF Lituanie","isPartOf":{"@id":"https:\/\/www.institutfrancais-lituanie.com\/fr\/#website"},"primaryImageOfPage":{"@id":"https:\/\/www.institutfrancais-lituanie.com\/fr\/cours-francais\/cours-generaux\/cours-intensifs-3-semaines\/#primaryimage"},"image":{"@id":"https:\/\/www.institutfrancais-lituanie.com\/fr\/cours-francais\/cours-generaux\/cours-intensifs-3-semaines\/#primaryimage"},"thumbnailUrl":"https:\/\/www.institutfrancais-lituanie.com\/wp-content\/uploads\/2025\/05\/shutterstock_1227133201-scaled-e1746528318727.jpg","datePublished":"2018-12-03T12:12:14+00:00","dateModified":"2026-02-23T10:58:26+00:00","breadcrumb":{"@id":"https:\/\/www.institutfrancais-lituanie.com\/fr\/cours-francais\/cours-generaux\/cours-intensifs-3-semaines\/#breadcrumb"},"inLanguage":"fr-FR","potentialAction":[{"@type":"ReadAction","target":["https:\/\/www.institutfrancais-lituanie.com\/fr\/cours-francais\/cours-generaux\/cours-intensifs-3-semaines\/"]}]},{"@type":"ImageObject","inLanguage":"fr-FR","@id":"https:\/\/www.institutfrancais-lituanie.com\/fr\/cours-francais\/cours-generaux\/cours-intensifs-3-semaines\/#primaryimage","url":"https:\/\/www.institutfrancais-lituanie.com\/wp-content\/uploads\/2025\/05\/shutterstock_1227133201-scaled-e1746528318727.jpg","contentUrl":"https:\/\/www.institutfrancais-lituanie.com\/wp-content\/uploads\/2025\/05\/shutterstock_1227133201-scaled-e1746528318727.jpg","width":2560,"height":1386},{"@type":"BreadcrumbList","@id":"https:\/\/www.institutfrancais-lituanie.com\/fr\/cours-francais\/cours-generaux\/cours-intensifs-3-semaines\/#breadcrumb","itemListElement":[{"@type":"ListItem","position":1,"name":"Home","item":"https:\/\/www.institutfrancais-lituanie.com\/fr\/"},{"@type":"ListItem","position":2,"name":"Cours et examens","item":"https:\/\/www.institutfrancais-lituanie.com\/fr\/cours-francais\/"},{"@type":"ListItem","position":3,"name":"Cours de fran\u00e7ais","item":"https:\/\/www.institutfrancais-lituanie.com\/fr\/cours-francais\/cours-generaux\/"},{"@type":"ListItem","position":4,"name":"Cours intensifs (3 semaines)"}]},{"@type":"WebSite","@id":"https:\/\/www.institutfrancais-lituanie.com\/fr\/#website","url":"https:\/\/www.institutfrancais-lituanie.com\/fr\/","name":"IF Lituanie","description":"Pranc\u016bz\u0173 kalbos kursai, kult\u016bra, mediateka...","publisher":{"@id":"https:\/\/www.institutfrancais-lituanie.com\/fr\/#organization"},"potentialAction":[{"@type":"SearchAction","target":{"@type":"EntryPoint","urlTemplate":"https:\/\/www.institutfrancais-lituanie.com\/fr\/?s={search_term_string}"},"query-input":"required name=search_term_string"}],"inLanguage":"fr-FR"},{"@type":"Organization","@id":"https:\/\/www.institutfrancais-lituanie.com\/fr\/#organization","name":"Pranc\u016bz\u0173 institutas","url":"https:\/\/www.institutfrancais-lituanie.com\/fr\/","logo":{"@type":"ImageObject","inLanguage":"fr-FR","@id":"https:\/\/www.institutfrancais-lituanie.com\/fr\/#\/schema\/logo\/image\/","url":"https:\/\/www.institutfrancais-lituanie.com\/wp-content\/uploads\/2023\/04\/IF_Logo-Lituanie-RVB.jpg","contentUrl":"https:\/\/www.institutfrancais-lituanie.com\/wp-content\/uploads\/2023\/04\/IF_Logo-Lituanie-RVB.jpg","width":827,"height":555,"caption":"Pranc\u016bz\u0173 institutas"},"image":{"@id":"https:\/\/www.institutfrancais-lituanie.com\/fr\/#\/schema\/logo\/image\/"},"sameAs":["https:\/\/www.facebook.com\/prancuzuinstitutas\/","https:\/\/www.instagram.com\/institut_francais_lituanie\/"]}]}},"_links":{"self":[{"href":"https:\/\/www.institutfrancais-lituanie.com\/fr\/wp-json\/wp\/v2\/pages\/1748"}],"collection":[{"href":"https:\/\/www.institutfrancais-lituanie.com\/fr\/wp-json\/wp\/v2\/pages"}],"about":[{"href":"https:\/\/www.institutfrancais-lituanie.com\/fr\/wp-json\/wp\/v2\/types\/page"}],"author":[{"embeddable":true,"href":"https:\/\/www.institutfrancais-lituanie.com\/fr\/wp-json\/wp\/v2\/users\/2"}],"replies":[{"embeddable":true,"href":"https:\/\/www.institutfrancais-lituanie.com\/fr\/wp-json\/wp\/v2\/comments?post=1748"}],"version-history":[{"count":70,"href":"https:\/\/www.institutfrancais-lituanie.com\/fr\/wp-json\/wp\/v2\/pages\/1748\/revisions"}],"predecessor-version":[{"id":18401,"href":"https:\/\/www.institutfrancais-lituanie.com\/fr\/wp-json\/wp\/v2\/pages\/1748\/revisions\/18401"}],"up":[{"embeddable":true,"href":"https:\/\/www.institutfrancais-lituanie.com\/fr\/wp-json\/wp\/v2\/pages\/1745"}],"wp:featuredmedia":[{"embeddable":true,"href":"https:\/\/www.institutfrancais-lituanie.com\/fr\/wp-json\/wp\/v2\/media\/16836"}],"wp:attachment":[{"href":"https:\/\/www.institutfrancais-lituanie.com\/fr\/wp-json\/wp\/v2\/media?parent=1748"}],"curies":[{"name":"wp","href":"https:\/\/api.w.org\/{rel}","templated":true}]}}