{"id":1745,"date":"2018-12-03T12:08:16","date_gmt":"2018-12-03T12:08:16","guid":{"rendered":"http:\/\/institutfrancais-lituanie.com\/?page_id=1745"},"modified":"2026-01-21T09:51:40","modified_gmt":"2026-01-21T09:51:40","slug":"cours-generaux","status":"publish","type":"page","link":"https:\/\/www.institutfrancais-lituanie.com\/fr\/cours-francais\/cours-generaux\/","title":{"rendered":"Cours de fran\u00e7ais"},"content":{"rendered":"<div class=\"wpb-content-wrapper\"><p>[vc_row][vc_column][vc_column_text]<span style=\"color: #008ac9;\"><strong><big>D\u00e9couvrez ou perfectionnez votre fran\u00e7ais gr\u00e2ce \u00e0 notre \u00e9quipe d\u2019enseignants qualifi\u00e9s !<\/big><\/strong><\/span><\/p>\n<hr \/>\n<p><strong>Nous vous proposons des cours de fran\u00e7ais g\u00e9n\u00e9ral tout au long de l\u2019ann\u00e9e et pour tous les niveaux de langue (A1 \u00e0 C1-C2).<\/strong><\/p>\n<p>Nous organisons 4 sessions extensives annuelles (2,5 mois), 3 sessions de cours du samedi (3 mois) et 5 sessions de cours intensifs (3 semaines\u00a0; en \u00e9t\u00e9 et au mois de janvier). Les cours sont assur\u00e9s par une \u00e9quipe p\u00e9dagogique compos\u00e9e d\u2019enseignants dipl\u00f4m\u00e9s francophones natifs et lituaniens, tous sp\u00e9cialistes du fran\u00e7ais langue \u00e9trang\u00e8re.<\/p>\n<p>Nous nous basons pour nos cours sur le Cadre europ\u00e9en commun de r\u00e9f\u00e9rence pour les langues, sur des m\u00e9thodes modernes d\u2019enseignement du fran\u00e7ais \u00e9dit\u00e9es en France (Edito, m\u00e9thodes en vente \u00e0 la Librairie fran\u00e7aise) et sur les principes de la p\u00e9dagogie communicative et des approches actionnelles.<\/p>\n<p>Cliquez\u00a0<a href=\"https:\/\/www.institutfrancais-lituanie.com\/wp-content\/uploads\/2019\/08\/lygiai.jpg\" target=\"_blank\" rel=\"noopener noreferrer\">ici<\/a>\u00a0pour consulter notre d\u00e9coupage des cours et n\u2019h\u00e9sitez pas \u00e0 nous \u00e9crire pour demander un r\u00e9f\u00e9rentiel de niveau.[\/vc_column_text][vc_message css=&#8221;&#8221;]<strong>Prochain d\u00e9but du cours:<\/strong><\/p>\n<hr \/>\n<p><strong>ADULTES<\/strong><\/p>\n<p><a href=\"https:\/\/www.institutfrancais-lituanie.com\/fr\/cours-francais\/cours-generaux\/cours-extensifs-25-mois\/\" target=\"_blank\" rel=\"noopener\"><strong>Cours de fran\u00e7ais<\/strong><\/a><\/p>\n<ul>\n<li>20\/02 \u2013 19\/04\/2026<\/li>\n<li>04\/05 \u2013 28\/06\/2026<\/li>\n<\/ul>\n<p><a href=\"https:\/\/www.institutfrancais-lituanie.com\/fr\/cours-francais\/cours-samedi\/cours-extensifs-du-samedi-3-mois\/\" target=\"_blank\" rel=\"noopener\"><strong>Cours de fran\u00e7ais<\/strong><\/a> (samedi)<\/p>\n<ul>\n<li>28\/02 \u2013 02\/05\/2026<\/li>\n<li>09\/05 \u2013 11\/07\/2026<\/li>\n<\/ul>\n<p><a href=\"https:\/\/www.institutfrancais-lituanie.com\/prancuzu-kalbos-kursai-ir-egzaminai\/bendrieji-kursai\/3-savaiciu-intensyvus-kursai\/\" target=\"_blank\" rel=\"noopener\"><strong>Cours de fran\u00e7ais intensifs<\/strong><\/a><\/p>\n<ul>\n<li>23\/05 \u2013\u00a0 31\/07\/2026<\/li>\n<li>29\/06 \u2013 16\/08\/2026<\/li>\n<\/ul>\n<p><a href=\"https:\/\/www.institutfrancais-lituanie.com\/fr\/cours-francais\/cours-en-ligne\/nouveau-cours-semi-intensifs-de-francais-a-distance\/\" target=\"_blank\" rel=\"noopener\"><strong>Cours de fran\u00e7aiss semi-intensifs<\/strong><\/a><\/p>\n<ul>\n<li>2026<\/li>\n<\/ul>\n<p>[\/vc_message][vc_message]<\/p>\n<p class=\"entry-title\"><span style=\"text-decoration: underline;\">Quel manuel de francais dois-je acheter ?<\/span><\/p>\n<ul>\n<li>A1.1, A1.2 et A2.1 : Edito A1 &#8211; 2e \u00e9dition<\/li>\n<li>A2.2, B1.1, B1.2 : Edito A2 &#8211; 2e \u00e9dition<\/li>\n<li>B1.3, B1.4, B2.1 : Edito B1 &#8211; 3e \u00e9dition<\/li>\n<li>B2.2, B2.3, B2.4 : Edito B2 &#8211; 4e \u00e9dition<\/li>\n<\/ul>\n<p>[\/vc_message][vc_btn title=&#8221;Inscription&#8221; shape=&#8221;square&#8221; color=&#8221;danger&#8221; size=&#8221;lg&#8221; css=&#8221;&#8221; link=&#8221;url:https%3A%2F%2Finscrire.hanaf.net%2Fvilnius.php|target:_blank&#8221;][vc_message message_box_color=&#8221;danger&#8221;]L&#8217;inscription au cours commence un mois avant le d\u00e9but du cours.[\/vc_message][\/vc_column][\/vc_row][vc_row][vc_column][\/vc_column][\/vc_row][vc_row][vc_column][vc_basic_grid post_type=&#8221;ids&#8221; element_width=&#8221;6&#8243; item=&#8221;3470&#8243; grid_id=&#8221;vc_gid:1768988875402-607ca6fb-9750-7&#8243; include=&#8221;1750, 1775&#8243;][\/vc_column][\/vc_row][vc_row][vc_column][vc_message]<\/p>\n<p class=\"entry-title\"><span style=\"font-size: 10pt;\"><a href=\"https:\/\/www.institutfrancais-lituanie.com\/fr\/cours-francais\/reglement-des-cours-de-francais\/\" target=\"_blank\" rel=\"noopener\">R\u00c8GLEMENT DES COURS<\/a><\/span><\/p>\n<p>[\/vc_message][vc_message]<\/p>\n<p class=\"entry-title\"><a href=\"https:\/\/www.institutfrancais-lituanie.com\/fr\/cours-francais\/calendrier-2019\/\" target=\"_blank\" rel=\"noopener\">CALENDRIER<\/a><\/p>\n<p>[\/vc_message][\/vc_column][\/vc_row][vc_row][vc_column][vc_separator][\/vc_column][\/vc_row][vc_row][vc_column][vc_message message_box_color=&#8221;alert-warning&#8221;]Le cours en ligne demande plus d\u2019attention, plus de concentration et une disponibilit\u00e9 constante. C\u2019est pourquoi le temps de cours en face \u00e0 face p\u00e9dagogique est diminu\u00e9 de 25% et est compl\u00e9t\u00e9 par une plateforme d\u2019apprentissage en ligne sur laquelle votre enseignant vous proposera des exercices en autoapprentissage et de production \u00e9crite.<\/p>\n<p class=\"entry-title\"><span style=\"text-decoration: underline;\"><a href=\"https:\/\/www.institutfrancais-lituanie.com\/fr\/cours-francais\/votre-cours-de-francais-continue-en-ligne\/\" target=\"_blank\" rel=\"noopener\">FICHE D\u2019INSTRUCTION : COMMENT UTILISER ZOOM ?<\/a><\/span><\/p>\n<p>[\/vc_message][\/vc_column][\/vc_row][vc_row color=&#8221;&#8221; message_box_style=&#8221;standard&#8221; style=&#8221;rounded&#8221; message_box_color=&#8221;info&#8221; icon_type=&#8221;fontawesome&#8221; icon_fontawesome=&#8221;fas fa-envelope&#8221; icon_monosocial=&#8221;vc-mono vc-mono-fivehundredpx&#8221; icon_openiconic=&#8221;&#8221; icon_typicons=&#8221;&#8221; icon_entypo=&#8221;&#8221; icon_linecons=&#8221;&#8221; icon_pixelicons=&#8221;&#8221;][vc_column][vc_message icon_fontawesome=&#8221;fas fa-envelope&#8221; css=&#8221;&#8221;]<strong>Service des cours de fran\u00e7ais<\/strong><br \/>\n<strong>Pour toute demande en fran\u00e7ais, en anglais ou e<\/strong><strong>n lituanien :<\/strong><br \/>\nMeda Zabala <strong>+370 5 219 9655\u00a0 \u00a0<\/strong><br \/>\nmeda.zabala@institutfrancais-lituanie.com<br \/>\n<strong>Accueil t\u00e9l\u00e9phonique de l&#8217;Institut :\u00a0<\/strong><br \/>\nDu lundi au vendredi de 9h \u00e0 16h30 : <strong>+370 5 219 96 96<\/strong>[\/vc_message][\/vc_column][\/vc_row]<\/p>\n<\/div>","protected":false},"excerpt":{"rendered":"[vc_row][vc_column][vc_column_text]D\u00e9couvrez ou perfectionnez votre fran\u00e7ais gr\u00e2ce \u00e0 notre \u00e9quipe d\u2019enseignants qualifi\u00e9s ! Nous vous proposons&hellip;","protected":false},"author":2,"featured_media":3472,"parent":1736,"menu_order":0,"comment_status":"closed","ping_status":"closed","template":"page-sidebar.php","meta":{"footnotes":""},"class_list":["post-1745","page","type-page","status-publish","has-post-thumbnail","hentry"],"yoast_head":"<!-- This site is optimized with the Yoast SEO plugin v23.2 - https:\/\/yoast.com\/wordpress\/plugins\/seo\/ -->\n<title>Cours de fran\u00e7ais - IF Lituanie<\/title>\n<meta name=\"robots\" content=\"index, follow, max-snippet:-1, max-image-preview:large, max-video-preview:-1\" \/>\n<link rel=\"canonical\" href=\"https:\/\/www.institutfrancais-lituanie.com\/fr\/cours-francais\/cours-generaux\/\" \/>\n<meta property=\"og:locale\" content=\"fr_FR\" \/>\n<meta property=\"og:type\" content=\"article\" \/>\n<meta property=\"og:title\" content=\"Cours de fran\u00e7ais - IF Lituanie\" \/>\n<meta property=\"og:url\" content=\"https:\/\/www.institutfrancais-lituanie.com\/fr\/cours-francais\/cours-generaux\/\" \/>\n<meta property=\"og:site_name\" content=\"IF Lituanie\" \/>\n<meta property=\"article:publisher\" content=\"https:\/\/www.facebook.com\/prancuzuinstitutas\/\" \/>\n<meta property=\"article:modified_time\" content=\"2026-01-21T09:51:40+00:00\" \/>\n<meta property=\"og:image\" content=\"https:\/\/www.institutfrancais-lituanie.com\/wp-content\/uploads\/2019\/02\/Cours-generaux.jpg\" \/>\n\t<meta property=\"og:image:width\" content=\"1170\" \/>\n\t<meta property=\"og:image:height\" content=\"585\" \/>\n\t<meta property=\"og:image:type\" content=\"image\/jpeg\" \/>\n<meta name=\"twitter:card\" content=\"summary_large_image\" \/>\n<meta name=\"twitter:label1\" content=\"Est. reading time\" \/>\n\t<meta name=\"twitter:data1\" content=\"3 minutes\" \/>\n<script type=\"application\/ld+json\" class=\"yoast-schema-graph\">{\"@context\":\"https:\/\/schema.org\",\"@graph\":[{\"@type\":\"WebPage\",\"@id\":\"https:\/\/www.institutfrancais-lituanie.com\/fr\/cours-francais\/cours-generaux\/\",\"url\":\"https:\/\/www.institutfrancais-lituanie.com\/fr\/cours-francais\/cours-generaux\/\",\"name\":\"Cours de fran\u00e7ais - IF Lituanie\",\"isPartOf\":{\"@id\":\"https:\/\/www.institutfrancais-lituanie.com\/fr\/#website\"},\"primaryImageOfPage\":{\"@id\":\"https:\/\/www.institutfrancais-lituanie.com\/fr\/cours-francais\/cours-generaux\/#primaryimage\"},\"image\":{\"@id\":\"https:\/\/www.institutfrancais-lituanie.com\/fr\/cours-francais\/cours-generaux\/#primaryimage\"},\"thumbnailUrl\":\"https:\/\/www.institutfrancais-lituanie.com\/wp-content\/uploads\/2019\/02\/Cours-generaux.jpg\",\"datePublished\":\"2018-12-03T12:08:16+00:00\",\"dateModified\":\"2026-01-21T09:51:40+00:00\",\"breadcrumb\":{\"@id\":\"https:\/\/www.institutfrancais-lituanie.com\/fr\/cours-francais\/cours-generaux\/#breadcrumb\"},\"inLanguage\":\"fr-FR\",\"potentialAction\":[{\"@type\":\"ReadAction\",\"target\":[\"https:\/\/www.institutfrancais-lituanie.com\/fr\/cours-francais\/cours-generaux\/\"]}]},{\"@type\":\"ImageObject\",\"inLanguage\":\"fr-FR\",\"@id\":\"https:\/\/www.institutfrancais-lituanie.com\/fr\/cours-francais\/cours-generaux\/#primaryimage\",\"url\":\"https:\/\/www.institutfrancais-lituanie.com\/wp-content\/uploads\/2019\/02\/Cours-generaux.jpg\",\"contentUrl\":\"https:\/\/www.institutfrancais-lituanie.com\/wp-content\/uploads\/2019\/02\/Cours-generaux.jpg\",\"width\":1170,\"height\":585},{\"@type\":\"BreadcrumbList\",\"@id\":\"https:\/\/www.institutfrancais-lituanie.com\/fr\/cours-francais\/cours-generaux\/#breadcrumb\",\"itemListElement\":[{\"@type\":\"ListItem\",\"position\":1,\"name\":\"Home\",\"item\":\"https:\/\/www.institutfrancais-lituanie.com\/fr\/\"},{\"@type\":\"ListItem\",\"position\":2,\"name\":\"Cours et examens\",\"item\":\"https:\/\/www.institutfrancais-lituanie.com\/fr\/cours-francais\/\"},{\"@type\":\"ListItem\",\"position\":3,\"name\":\"Cours de fran\u00e7ais\"}]},{\"@type\":\"WebSite\",\"@id\":\"https:\/\/www.institutfrancais-lituanie.com\/fr\/#website\",\"url\":\"https:\/\/www.institutfrancais-lituanie.com\/fr\/\",\"name\":\"IF Lituanie\",\"description\":\"Pranc\u016bz\u0173 kalbos kursai, kult\u016bra, mediateka...\",\"publisher\":{\"@id\":\"https:\/\/www.institutfrancais-lituanie.com\/fr\/#organization\"},\"potentialAction\":[{\"@type\":\"SearchAction\",\"target\":{\"@type\":\"EntryPoint\",\"urlTemplate\":\"https:\/\/www.institutfrancais-lituanie.com\/fr\/?s={search_term_string}\"},\"query-input\":\"required name=search_term_string\"}],\"inLanguage\":\"fr-FR\"},{\"@type\":\"Organization\",\"@id\":\"https:\/\/www.institutfrancais-lituanie.com\/fr\/#organization\",\"name\":\"Pranc\u016bz\u0173 institutas\",\"url\":\"https:\/\/www.institutfrancais-lituanie.com\/fr\/\",\"logo\":{\"@type\":\"ImageObject\",\"inLanguage\":\"fr-FR\",\"@id\":\"https:\/\/www.institutfrancais-lituanie.com\/fr\/#\/schema\/logo\/image\/\",\"url\":\"https:\/\/www.institutfrancais-lituanie.com\/wp-content\/uploads\/2023\/04\/IF_Logo-Lituanie-RVB.jpg\",\"contentUrl\":\"https:\/\/www.institutfrancais-lituanie.com\/wp-content\/uploads\/2023\/04\/IF_Logo-Lituanie-RVB.jpg\",\"width\":827,\"height\":555,\"caption\":\"Pranc\u016bz\u0173 institutas\"},\"image\":{\"@id\":\"https:\/\/www.institutfrancais-lituanie.com\/fr\/#\/schema\/logo\/image\/\"},\"sameAs\":[\"https:\/\/www.facebook.com\/prancuzuinstitutas\/\",\"https:\/\/www.instagram.com\/institut_francais_lituanie\/\"]}]}<\/script>\n<!-- \/ Yoast SEO plugin. -->","yoast_head_json":{"title":"Cours de fran\u00e7ais - IF Lituanie","robots":{"index":"index","follow":"follow","max-snippet":"max-snippet:-1","max-image-preview":"max-image-preview:large","max-video-preview":"max-video-preview:-1"},"canonical":"https:\/\/www.institutfrancais-lituanie.com\/fr\/cours-francais\/cours-generaux\/","og_locale":"fr_FR","og_type":"article","og_title":"Cours de fran\u00e7ais - IF Lituanie","og_url":"https:\/\/www.institutfrancais-lituanie.com\/fr\/cours-francais\/cours-generaux\/","og_site_name":"IF Lituanie","article_publisher":"https:\/\/www.facebook.com\/prancuzuinstitutas\/","article_modified_time":"2026-01-21T09:51:40+00:00","og_image":[{"width":1170,"height":585,"url":"https:\/\/www.institutfrancais-lituanie.com\/wp-content\/uploads\/2019\/02\/Cours-generaux.jpg","type":"image\/jpeg"}],"twitter_card":"summary_large_image","twitter_misc":{"Est. reading time":"3 minutes"},"schema":{"@context":"https:\/\/schema.org","@graph":[{"@type":"WebPage","@id":"https:\/\/www.institutfrancais-lituanie.com\/fr\/cours-francais\/cours-generaux\/","url":"https:\/\/www.institutfrancais-lituanie.com\/fr\/cours-francais\/cours-generaux\/","name":"Cours de fran\u00e7ais - IF Lituanie","isPartOf":{"@id":"https:\/\/www.institutfrancais-lituanie.com\/fr\/#website"},"primaryImageOfPage":{"@id":"https:\/\/www.institutfrancais-lituanie.com\/fr\/cours-francais\/cours-generaux\/#primaryimage"},"image":{"@id":"https:\/\/www.institutfrancais-lituanie.com\/fr\/cours-francais\/cours-generaux\/#primaryimage"},"thumbnailUrl":"https:\/\/www.institutfrancais-lituanie.com\/wp-content\/uploads\/2019\/02\/Cours-generaux.jpg","datePublished":"2018-12-03T12:08:16+00:00","dateModified":"2026-01-21T09:51:40+00:00","breadcrumb":{"@id":"https:\/\/www.institutfrancais-lituanie.com\/fr\/cours-francais\/cours-generaux\/#breadcrumb"},"inLanguage":"fr-FR","potentialAction":[{"@type":"ReadAction","target":["https:\/\/www.institutfrancais-lituanie.com\/fr\/cours-francais\/cours-generaux\/"]}]},{"@type":"ImageObject","inLanguage":"fr-FR","@id":"https:\/\/www.institutfrancais-lituanie.com\/fr\/cours-francais\/cours-generaux\/#primaryimage","url":"https:\/\/www.institutfrancais-lituanie.com\/wp-content\/uploads\/2019\/02\/Cours-generaux.jpg","contentUrl":"https:\/\/www.institutfrancais-lituanie.com\/wp-content\/uploads\/2019\/02\/Cours-generaux.jpg","width":1170,"height":585},{"@type":"BreadcrumbList","@id":"https:\/\/www.institutfrancais-lituanie.com\/fr\/cours-francais\/cours-generaux\/#breadcrumb","itemListElement":[{"@type":"ListItem","position":1,"name":"Home","item":"https:\/\/www.institutfrancais-lituanie.com\/fr\/"},{"@type":"ListItem","position":2,"name":"Cours et examens","item":"https:\/\/www.institutfrancais-lituanie.com\/fr\/cours-francais\/"},{"@type":"ListItem","position":3,"name":"Cours de fran\u00e7ais"}]},{"@type":"WebSite","@id":"https:\/\/www.institutfrancais-lituanie.com\/fr\/#website","url":"https:\/\/www.institutfrancais-lituanie.com\/fr\/","name":"IF Lituanie","description":"Pranc\u016bz\u0173 kalbos kursai, kult\u016bra, mediateka...","publisher":{"@id":"https:\/\/www.institutfrancais-lituanie.com\/fr\/#organization"},"potentialAction":[{"@type":"SearchAction","target":{"@type":"EntryPoint","urlTemplate":"https:\/\/www.institutfrancais-lituanie.com\/fr\/?s={search_term_string}"},"query-input":"required name=search_term_string"}],"inLanguage":"fr-FR"},{"@type":"Organization","@id":"https:\/\/www.institutfrancais-lituanie.com\/fr\/#organization","name":"Pranc\u016bz\u0173 institutas","url":"https:\/\/www.institutfrancais-lituanie.com\/fr\/","logo":{"@type":"ImageObject","inLanguage":"fr-FR","@id":"https:\/\/www.institutfrancais-lituanie.com\/fr\/#\/schema\/logo\/image\/","url":"https:\/\/www.institutfrancais-lituanie.com\/wp-content\/uploads\/2023\/04\/IF_Logo-Lituanie-RVB.jpg","contentUrl":"https:\/\/www.institutfrancais-lituanie.com\/wp-content\/uploads\/2023\/04\/IF_Logo-Lituanie-RVB.jpg","width":827,"height":555,"caption":"Pranc\u016bz\u0173 institutas"},"image":{"@id":"https:\/\/www.institutfrancais-lituanie.com\/fr\/#\/schema\/logo\/image\/"},"sameAs":["https:\/\/www.facebook.com\/prancuzuinstitutas\/","https:\/\/www.instagram.com\/institut_francais_lituanie\/"]}]}},"_links":{"self":[{"href":"https:\/\/www.institutfrancais-lituanie.com\/fr\/wp-json\/wp\/v2\/pages\/1745"}],"collection":[{"href":"https:\/\/www.institutfrancais-lituanie.com\/fr\/wp-json\/wp\/v2\/pages"}],"about":[{"href":"https:\/\/www.institutfrancais-lituanie.com\/fr\/wp-json\/wp\/v2\/types\/page"}],"author":[{"embeddable":true,"href":"https:\/\/www.institutfrancais-lituanie.com\/fr\/wp-json\/wp\/v2\/users\/2"}],"replies":[{"embeddable":true,"href":"https:\/\/www.institutfrancais-lituanie.com\/fr\/wp-json\/wp\/v2\/comments?post=1745"}],"version-history":[{"count":55,"href":"https:\/\/www.institutfrancais-lituanie.com\/fr\/wp-json\/wp\/v2\/pages\/1745\/revisions"}],"predecessor-version":[{"id":18145,"href":"https:\/\/www.institutfrancais-lituanie.com\/fr\/wp-json\/wp\/v2\/pages\/1745\/revisions\/18145"}],"up":[{"embeddable":true,"href":"https:\/\/www.institutfrancais-lituanie.com\/fr\/wp-json\/wp\/v2\/pages\/1736"}],"wp:featuredmedia":[{"embeddable":true,"href":"https:\/\/www.institutfrancais-lituanie.com\/fr\/wp-json\/wp\/v2\/media\/3472"}],"wp:attachment":[{"href":"https:\/\/www.institutfrancais-lituanie.com\/fr\/wp-json\/wp\/v2\/media?parent=1745"}],"curies":[{"name":"wp","href":"https:\/\/api.w.org\/{rel}","templated":true}]}}