{"id":1736,"date":"2018-12-03T11:40:34","date_gmt":"2018-12-03T11:40:34","guid":{"rendered":"http:\/\/institutfrancais-lituanie.com\/?page_id=1736"},"modified":"2025-10-28T09:48:00","modified_gmt":"2025-10-28T09:48:00","slug":"cours-francais","status":"publish","type":"page","link":"https:\/\/www.institutfrancais-lituanie.com\/fr\/cours-francais\/","title":{"rendered":"Cours et examens"},"content":{"rendered":"<div class=\"wpb-content-wrapper\"><p>[vc_row][vc_column][vc_separator][\/vc_column][\/vc_row][vc_row][vc_column][vc_single_image image=&#8221;14114&#8243; img_size=&#8221;full&#8221; css=&#8221;&#8221;][\/vc_column][\/vc_row][vc_row][vc_column][vc_separator][\/vc_column][\/vc_row][vc_row][vc_column][vc_raw_html css=&#8221;&#8221;]JTNDZGl2JTIwaWQlM0QlMjJzaWRlYmFyJTIyJTIwY2xhc3MlM0QlMjJwZW5jaS1zaWRlYmFyLWNvbnRlbnQlMjBwZW5jaS1zaWRlYmFyLWNvbnRlbnQlMjBwZW5jaS1zaWRlYmFyLWNvbnRlbnQtdmMlMjBzdHlsZS01JTIwcGNhbGlnbi1sZWZ0JTIyJTIwc3R5bGUlM0QlMjJwb3NpdGlvbiUzQSUyMHJlbGF0aXZlJTNCJTIwb3ZlcmZsb3clM0ElMjB2aXNpYmxlJTNCJTIwYm94LXNpemluZyUzQSUyMGJvcmRlci1ib3glM0IlMjBtaW4taGVpZ2h0JTNBJTIwMXB4JTNCJTIyJTNFJTBBJTNDaDQlMjBjbGFzcyUzRCUyMndpZGdldC10aXRsZSUyMHBlbmNpLWJvcmRlci1hcnJvdyUyMiUzRSUzQ3NwYW4lMjBjbGFzcyUzRCUyMmlubmVyLWFycm93JTIyJTNFQ09VUlMlMjBERSUyMEZSQU5DQUlTJTNDJTJGc3BhbiUzRSUzQyUyRmg0JTNFJTBBJTNDJTJGZGl2JTNF[\/vc_raw_html][vc_basic_grid post_type=&#8221;ids&#8221; item=&#8221;3470&#8243; css=&#8221;&#8221; grid_id=&#8221;vc_gid:1760014130715-8a44e2eb-a586-6&#8243; include=&#8221;1750, 5997, 1775&#8243;][\/vc_column][\/vc_row][vc_row][vc_column][vc_raw_html css=&#8221;&#8221;]JTNDZGl2JTIwaWQlM0QlMjJzaWRlYmFyJTIyJTIwY2xhc3MlM0QlMjJwZW5jaS1zaWRlYmFyLWNvbnRlbnQlMjBwZW5jaS1zaWRlYmFyLWNvbnRlbnQlMjBwZW5jaS1zaWRlYmFyLWNvbnRlbnQtdmMlMjBzdHlsZS01JTIwcGNhbGlnbi1sZWZ0JTIyJTIwc3R5bGUlM0QlMjJwb3NpdGlvbiUzQSUyMHJlbGF0aXZlJTNCJTIwb3ZlcmZsb3clM0ElMjB2aXNpYmxlJTNCJTIwYm94LXNpemluZyUzQSUyMGJvcmRlci1ib3glM0IlMjBtaW4taGVpZ2h0JTNBJTIwMXB4JTNCJTIyJTNFJTBBJTNDaDQlMjBjbGFzcyUzRCUyMndpZGdldC10aXRsZSUyMHBlbmNpLWJvcmRlci1hcnJvdyUyMiUzRSUzQ3NwYW4lMjBjbGFzcyUzRCUyMmlubmVyLWFycm93JTIyJTNFQ09VUlMlMjBERSUyMEZSQU5DQUlTJTIwUE9VUiUyMEVORkFOVFMlMjBFVCUyMEFET0xFU0NFTlRTJTNDJTJGc3BhbiUzRSUzQyUyRmg0JTNFJTBBJTNDJTJGZGl2JTNF[\/vc_raw_html][vc_basic_grid post_type=&#8221;ids&#8221; item=&#8221;3470&#8243; css=&#8221;&#8221; grid_id=&#8221;vc_gid:1760014130716-c054107b-ccd3-2&#8243; include=&#8221;14322, 1827, 1818&#8243;][\/vc_column][\/vc_row][vc_row color=&#8221;&#8221; message_box_style=&#8221;standard&#8221; style=&#8221;rounded&#8221; message_box_color=&#8221;info&#8221; icon_type=&#8221;fontawesome&#8221; icon_fontawesome=&#8221;fas fa-envelope&#8221; icon_monosocial=&#8221;vc-mono vc-mono-fivehundredpx&#8221; icon_openiconic=&#8221;&#8221; icon_typicons=&#8221;&#8221; icon_entypo=&#8221;&#8221; icon_linecons=&#8221;&#8221; icon_pixelicons=&#8221;&#8221;][vc_column][vc_message icon_fontawesome=&#8221;fas fa-envelope&#8221; css=&#8221;&#8221;]<strong>Service des cours de fran\u00e7ais<\/strong><br \/>\n<strong>Pour toute demande en fran\u00e7ais, anglais, <\/strong><strong>lituanien :<\/strong><br \/>\nMeda Zabala\u00a0<strong>+370 5 219 9655\u00a0 \u00a0<\/strong><br \/>\nmeda.zabala@institutfrancais-lituanie.com<br \/>\n<strong>Accueil t\u00e9l\u00e9phonique de l\u2019Institut :\u00a0<\/strong><br \/>\nDu lundi au vendredi de 9h \u00e0 16h30 :\u00a0<strong>+370 5 219 96 96<\/strong>[\/vc_message][\/vc_column][\/vc_row]<\/p>\n<\/div>","protected":false},"excerpt":{"rendered":"[vc_row][vc_column][vc_separator][\/vc_column][\/vc_row][vc_row][vc_column][vc_single_image image=\"14114\" img_size=\"full\" css=\"\"][\/vc_column][\/vc_row][vc_row][vc_column][vc_separator][\/vc_column][\/vc_row][vc_row][vc_column][vc_raw_html css=\"\"]JTNDZGl2JTIwaWQlM0QlMjJzaWRlYmFyJTIyJTIwY2xhc3MlM0QlMjJwZW5jaS1zaWRlYmFyLWNvbnRlbnQlMjBwZW5jaS1zaWRlYmFyLWNvbnRlbnQlMjBwZW5jaS1zaWRlYmFyLWNvbnRlbnQtdmMlMjBzdHlsZS01JTIwcGNhbGlnbi1sZWZ0JTIyJTIwc3R5bGUlM0QlMjJwb3NpdGlvbiUzQSUyMHJlbGF0aXZlJTNCJTIwb3ZlcmZsb3clM0ElMjB2aXNpYmxlJTNCJTIwYm94LXNpemluZyUzQSUyMGJvcmRlci1ib3glM0IlMjBtaW4taGVpZ2h0JTNBJTIwMXB4JTNCJTIyJTNFJTBBJTNDaDQlMjBjbGFzcyUzRCUyMndpZGdldC10aXRsZSUyMHBlbmNpLWJvcmRlci1hcnJvdyUyMiUzRSUzQ3NwYW4lMjBjbGFzcyUzRCUyMmlubmVyLWFycm93JTIyJTNFQ09VUlMlMjBERSUyMEZSQU5DQUlTJTNDJTJGc3BhbiUzRSUzQyUyRmg0JTNFJTBBJTNDJTJGZGl2JTNF[\/vc_raw_html][vc_basic_grid post_type=\"ids\" item=\"3470\" css=\"\" grid_id=\"vc_gid:1760014130715-8a44e2eb-a586-6\" include=\"1750, 5997, 1775\"][\/vc_column][\/vc_row][vc_row][vc_column][vc_raw_html css=\"\"]JTNDZGl2JTIwaWQlM0QlMjJzaWRlYmFyJTIyJTIwY2xhc3MlM0QlMjJwZW5jaS1zaWRlYmFyLWNvbnRlbnQlMjBwZW5jaS1zaWRlYmFyLWNvbnRlbnQlMjBwZW5jaS1zaWRlYmFyLWNvbnRlbnQtdmMlMjBzdHlsZS01JTIwcGNhbGlnbi1sZWZ0JTIyJTIwc3R5bGUlM0QlMjJwb3NpdGlvbiUzQSUyMHJlbGF0aXZlJTNCJTIwb3ZlcmZsb3clM0ElMjB2aXNpYmxlJTNCJTIwYm94LXNpemluZyUzQSUyMGJvcmRlci1ib3glM0IlMjBtaW4taGVpZ2h0JTNBJTIwMXB4JTNCJTIyJTNFJTBBJTNDaDQlMjBjbGFzcyUzRCUyMndpZGdldC10aXRsZSUyMHBlbmNpLWJvcmRlci1hcnJvdyUyMiUzRSUzQ3NwYW4lMjBjbGFzcyUzRCUyMmlubmVyLWFycm93JTIyJTNFQ09VUlMlMjBERSUyMEZSQU5DQUlTJTIwUE9VUiUyMEVORkFOVFMlMjBFVCUyMEFET0xFU0NFTlRTJTNDJTJGc3BhbiUzRSUzQyUyRmg0JTNFJTBBJTNDJTJGZGl2JTNF[\/vc_raw_html][vc_basic_grid post_type=\"ids\" item=\"3470\"&hellip;","protected":false},"author":2,"featured_media":0,"parent":0,"menu_order":0,"comment_status":"closed","ping_status":"closed","template":"page-sidebar.php","meta":{"footnotes":""},"class_list":["post-1736","page","type-page","status-publish","hentry"],"yoast_head":"<!-- This site is optimized with the Yoast SEO plugin v23.2 - https:\/\/yoast.com\/wordpress\/plugins\/seo\/ -->\n<title>Cours et examens - IF Lituanie<\/title>\n<meta name=\"robots\" content=\"index, follow, max-snippet:-1, max-image-preview:large, max-video-preview:-1\" \/>\n<link rel=\"canonical\" href=\"https:\/\/www.institutfrancais-lituanie.com\/fr\/cours-francais\/\" \/>\n<meta property=\"og:locale\" content=\"fr_FR\" \/>\n<meta property=\"og:type\" content=\"article\" \/>\n<meta property=\"og:title\" content=\"Cours et examens - IF Lituanie\" \/>\n<meta property=\"og:url\" content=\"https:\/\/www.institutfrancais-lituanie.com\/fr\/cours-francais\/\" \/>\n<meta property=\"og:site_name\" content=\"IF Lituanie\" \/>\n<meta property=\"article:publisher\" content=\"https:\/\/www.facebook.com\/prancuzuinstitutas\/\" \/>\n<meta property=\"article:modified_time\" content=\"2025-10-28T09:48:00+00:00\" \/>\n<meta name=\"twitter:card\" content=\"summary_large_image\" \/>\n<meta name=\"twitter:label1\" content=\"Est. reading time\" \/>\n\t<meta name=\"twitter:data1\" content=\"1 minute\" \/>\n<script type=\"application\/ld+json\" class=\"yoast-schema-graph\">{\"@context\":\"https:\/\/schema.org\",\"@graph\":[{\"@type\":\"WebPage\",\"@id\":\"https:\/\/www.institutfrancais-lituanie.com\/fr\/cours-francais\/\",\"url\":\"https:\/\/www.institutfrancais-lituanie.com\/fr\/cours-francais\/\",\"name\":\"Cours et examens - IF Lituanie\",\"isPartOf\":{\"@id\":\"https:\/\/www.institutfrancais-lituanie.com\/fr\/#website\"},\"datePublished\":\"2018-12-03T11:40:34+00:00\",\"dateModified\":\"2025-10-28T09:48:00+00:00\",\"breadcrumb\":{\"@id\":\"https:\/\/www.institutfrancais-lituanie.com\/fr\/cours-francais\/#breadcrumb\"},\"inLanguage\":\"fr-FR\",\"potentialAction\":[{\"@type\":\"ReadAction\",\"target\":[\"https:\/\/www.institutfrancais-lituanie.com\/fr\/cours-francais\/\"]}]},{\"@type\":\"BreadcrumbList\",\"@id\":\"https:\/\/www.institutfrancais-lituanie.com\/fr\/cours-francais\/#breadcrumb\",\"itemListElement\":[{\"@type\":\"ListItem\",\"position\":1,\"name\":\"Home\",\"item\":\"https:\/\/www.institutfrancais-lituanie.com\/fr\/\"},{\"@type\":\"ListItem\",\"position\":2,\"name\":\"Cours et examens\"}]},{\"@type\":\"WebSite\",\"@id\":\"https:\/\/www.institutfrancais-lituanie.com\/fr\/#website\",\"url\":\"https:\/\/www.institutfrancais-lituanie.com\/fr\/\",\"name\":\"IF Lituanie\",\"description\":\"Pranc\u016bz\u0173 kalbos kursai, kult\u016bra, mediateka...\",\"publisher\":{\"@id\":\"https:\/\/www.institutfrancais-lituanie.com\/fr\/#organization\"},\"potentialAction\":[{\"@type\":\"SearchAction\",\"target\":{\"@type\":\"EntryPoint\",\"urlTemplate\":\"https:\/\/www.institutfrancais-lituanie.com\/fr\/?s={search_term_string}\"},\"query-input\":\"required name=search_term_string\"}],\"inLanguage\":\"fr-FR\"},{\"@type\":\"Organization\",\"@id\":\"https:\/\/www.institutfrancais-lituanie.com\/fr\/#organization\",\"name\":\"Pranc\u016bz\u0173 institutas\",\"url\":\"https:\/\/www.institutfrancais-lituanie.com\/fr\/\",\"logo\":{\"@type\":\"ImageObject\",\"inLanguage\":\"fr-FR\",\"@id\":\"https:\/\/www.institutfrancais-lituanie.com\/fr\/#\/schema\/logo\/image\/\",\"url\":\"https:\/\/www.institutfrancais-lituanie.com\/wp-content\/uploads\/2023\/04\/IF_Logo-Lituanie-RVB.jpg\",\"contentUrl\":\"https:\/\/www.institutfrancais-lituanie.com\/wp-content\/uploads\/2023\/04\/IF_Logo-Lituanie-RVB.jpg\",\"width\":827,\"height\":555,\"caption\":\"Pranc\u016bz\u0173 institutas\"},\"image\":{\"@id\":\"https:\/\/www.institutfrancais-lituanie.com\/fr\/#\/schema\/logo\/image\/\"},\"sameAs\":[\"https:\/\/www.facebook.com\/prancuzuinstitutas\/\",\"https:\/\/www.instagram.com\/institut_francais_lituanie\/\"]}]}<\/script>\n<!-- \/ Yoast SEO plugin. -->","yoast_head_json":{"title":"Cours et examens - IF Lituanie","robots":{"index":"index","follow":"follow","max-snippet":"max-snippet:-1","max-image-preview":"max-image-preview:large","max-video-preview":"max-video-preview:-1"},"canonical":"https:\/\/www.institutfrancais-lituanie.com\/fr\/cours-francais\/","og_locale":"fr_FR","og_type":"article","og_title":"Cours et examens - IF Lituanie","og_url":"https:\/\/www.institutfrancais-lituanie.com\/fr\/cours-francais\/","og_site_name":"IF Lituanie","article_publisher":"https:\/\/www.facebook.com\/prancuzuinstitutas\/","article_modified_time":"2025-10-28T09:48:00+00:00","twitter_card":"summary_large_image","twitter_misc":{"Est. reading time":"1 minute"},"schema":{"@context":"https:\/\/schema.org","@graph":[{"@type":"WebPage","@id":"https:\/\/www.institutfrancais-lituanie.com\/fr\/cours-francais\/","url":"https:\/\/www.institutfrancais-lituanie.com\/fr\/cours-francais\/","name":"Cours et examens - IF Lituanie","isPartOf":{"@id":"https:\/\/www.institutfrancais-lituanie.com\/fr\/#website"},"datePublished":"2018-12-03T11:40:34+00:00","dateModified":"2025-10-28T09:48:00+00:00","breadcrumb":{"@id":"https:\/\/www.institutfrancais-lituanie.com\/fr\/cours-francais\/#breadcrumb"},"inLanguage":"fr-FR","potentialAction":[{"@type":"ReadAction","target":["https:\/\/www.institutfrancais-lituanie.com\/fr\/cours-francais\/"]}]},{"@type":"BreadcrumbList","@id":"https:\/\/www.institutfrancais-lituanie.com\/fr\/cours-francais\/#breadcrumb","itemListElement":[{"@type":"ListItem","position":1,"name":"Home","item":"https:\/\/www.institutfrancais-lituanie.com\/fr\/"},{"@type":"ListItem","position":2,"name":"Cours et examens"}]},{"@type":"WebSite","@id":"https:\/\/www.institutfrancais-lituanie.com\/fr\/#website","url":"https:\/\/www.institutfrancais-lituanie.com\/fr\/","name":"IF Lituanie","description":"Pranc\u016bz\u0173 kalbos kursai, kult\u016bra, mediateka...","publisher":{"@id":"https:\/\/www.institutfrancais-lituanie.com\/fr\/#organization"},"potentialAction":[{"@type":"SearchAction","target":{"@type":"EntryPoint","urlTemplate":"https:\/\/www.institutfrancais-lituanie.com\/fr\/?s={search_term_string}"},"query-input":"required name=search_term_string"}],"inLanguage":"fr-FR"},{"@type":"Organization","@id":"https:\/\/www.institutfrancais-lituanie.com\/fr\/#organization","name":"Pranc\u016bz\u0173 institutas","url":"https:\/\/www.institutfrancais-lituanie.com\/fr\/","logo":{"@type":"ImageObject","inLanguage":"fr-FR","@id":"https:\/\/www.institutfrancais-lituanie.com\/fr\/#\/schema\/logo\/image\/","url":"https:\/\/www.institutfrancais-lituanie.com\/wp-content\/uploads\/2023\/04\/IF_Logo-Lituanie-RVB.jpg","contentUrl":"https:\/\/www.institutfrancais-lituanie.com\/wp-content\/uploads\/2023\/04\/IF_Logo-Lituanie-RVB.jpg","width":827,"height":555,"caption":"Pranc\u016bz\u0173 institutas"},"image":{"@id":"https:\/\/www.institutfrancais-lituanie.com\/fr\/#\/schema\/logo\/image\/"},"sameAs":["https:\/\/www.facebook.com\/prancuzuinstitutas\/","https:\/\/www.instagram.com\/institut_francais_lituanie\/"]}]}},"_links":{"self":[{"href":"https:\/\/www.institutfrancais-lituanie.com\/fr\/wp-json\/wp\/v2\/pages\/1736"}],"collection":[{"href":"https:\/\/www.institutfrancais-lituanie.com\/fr\/wp-json\/wp\/v2\/pages"}],"about":[{"href":"https:\/\/www.institutfrancais-lituanie.com\/fr\/wp-json\/wp\/v2\/types\/page"}],"author":[{"embeddable":true,"href":"https:\/\/www.institutfrancais-lituanie.com\/fr\/wp-json\/wp\/v2\/users\/2"}],"replies":[{"embeddable":true,"href":"https:\/\/www.institutfrancais-lituanie.com\/fr\/wp-json\/wp\/v2\/comments?post=1736"}],"version-history":[{"count":82,"href":"https:\/\/www.institutfrancais-lituanie.com\/fr\/wp-json\/wp\/v2\/pages\/1736\/revisions"}],"predecessor-version":[{"id":17707,"href":"https:\/\/www.institutfrancais-lituanie.com\/fr\/wp-json\/wp\/v2\/pages\/1736\/revisions\/17707"}],"wp:attachment":[{"href":"https:\/\/www.institutfrancais-lituanie.com\/fr\/wp-json\/wp\/v2\/media?parent=1736"}],"curies":[{"name":"wp","href":"https:\/\/api.w.org\/{rel}","templated":true}]}}