{"id":16114,"date":"2025-02-17T08:50:09","date_gmt":"2025-02-17T08:50:09","guid":{"rendered":"https:\/\/www.institutfrancais-lituanie.com\/?page_id=16114"},"modified":"2025-03-06T21:21:48","modified_gmt":"2025-03-06T21:21:48","slug":"le-francais-par-le-theatre-a-partir-de-a1","status":"publish","type":"page","link":"https:\/\/www.institutfrancais-lituanie.com\/fr\/le-francais-par-le-theatre-a-partir-de-a1\/","title":{"rendered":"Le Fran\u00e7ais par le th\u00e9\u00e2tre (\u00e0 partir de A2)"},"content":{"rendered":"<p>L\u2019Institut Fran\u00e7ais propose des ateliers de th\u00e9\u00e2tre destin\u00e9s aux enfants de 7 \u00e0 14 ans. L\u2019atelier sera anim\u00e9 par l\u2019actrice et com\u00e9dienne franco-lituanienne Migl\u0117 Rim (Migl\u0117 Rimaityt\u0117), connue en France pour ses r\u00f4les \u00e0 la t\u00e9l\u00e9vision.<\/p>\n<p>Ces sessions offrent une approche ludique pour apprendre le fran\u00e7ais tout en s\u2019immergeant dans la culture francophone. Les participants am\u00e9lioreront leur voix, articulation et prononciation, et exprimeront leurs \u00e9motions \u00e0 travers des personnages, po\u00e8mes ou histoires. Des exercices tels que l\u2019improvisation, les jeux de r\u00f4le et l\u2019expression corporelle faciliteront un apprentissage dynamique de la langue.<\/p>\n<p class=\"x_MsoNormal\">Rejoignez nos ateliers <strong>\u00ab\u00a0<\/strong>Le fran\u00e7ais par le th\u00e9\u00e2tre <strong>\u00bb<\/strong> pour enrichir votre ma\u00eetrise du fran\u00e7ais et votre expression artistique.<\/p>\n<p>Les ateliers sont organis\u00e9s en deux groupes d\u2019\u00e2ge, chacun ayant une dur\u00e9e totale de 9 heures:<\/p>\n<ol>\n<li>groupe 7-10 ans;<\/li>\n<li>groupe 11-14 ans;<\/li>\n<\/ol>\n<table class=\"x_MsoNormalTable x_ContentPasted0\" width=\"678\">\n<tbody class=\"x_ContentPasted0\">\n<tr class=\"x_ContentPasted0\">\n<td class=\"x_ContentPasted0\" valign=\"top\" width=\"110\">\n<p class=\"x_MsoNormal\"><b><span class=\"x_ContentPasted0\" lang=\"FR\">Volume\u00a0<\/span><\/b><\/p>\n<\/td>\n<td class=\"x_ContentPasted0\" colspan=\"2\" valign=\"top\" width=\"568\">\n<p class=\"x_MsoNormal\"><span class=\"x_ContentPasted0\" lang=\"FR\"><span class=\"x_ContentPasted0\">9 heures en pr\u00e9sentiel<\/span><\/span><span lang=\"FR\">\u00a0<\/span><\/p>\n<\/td>\n<\/tr>\n<tr class=\"x_ContentPasted0\">\n<td class=\"x_ContentPasted0\" valign=\"top\" width=\"110\">\n<p class=\"x_MsoNormal\"><b><span class=\"x_ContentPasted0\" lang=\"FR\">Tarif\u00a0<\/span><\/b><\/p>\n<\/td>\n<td class=\"x_ContentPasted0\" colspan=\"2\" valign=\"top\" width=\"568\">\n<p class=\"x_MsoNormal\"><span class=\"x_ContentPasted0\" lang=\"FR\">110,00 \u20ac \u00a0<\/span><\/p>\n<\/td>\n<\/tr>\n<tr class=\"x_ContentPasted0\">\n<td class=\"x_ContentPasted0\" valign=\"top\" width=\"110\">\n<p class=\"x_MsoNormal\"><b><span class=\"x_ContentPasted0\" lang=\"FR\">Niveau\u00a0<\/span><\/b><\/p>\n<\/td>\n<td class=\"x_ContentPasted0\" colspan=\"2\" valign=\"top\" width=\"568\">\n<p class=\"x_MsoNormal\"><span class=\"x_ContentPasted0\" lang=\"FR\">A partir de A2<\/span><\/p>\n<\/td>\n<\/tr>\n<tr class=\"x_ContentPasted0\">\n<td class=\"x_ContentPasted0\" valign=\"top\" width=\"110\">\n<p class=\"x_MsoNormal\"><b><span class=\"x_ContentPasted0\" lang=\"FR\">Horaires\u00a0<\/span><\/b><\/p>\n<\/td>\n<td class=\"x_ContentPasted0\" colspan=\"2\" valign=\"top\" width=\"568\">Groupe 7-10 ans : les lundis de 16h \u00e0 17h30, \u00e0 partir du 17 mars 2025.<\/p>\n<p class=\"x_MsoNormal\">Groupe 11-14 ans : les mercredis de 16h \u00e0 17h30, \u00e0 partir du 19 mars 2025.<\/p>\n<\/td>\n<\/tr>\n<\/tbody>\n<\/table>\n<p class=\"x_MsoNormal\"><a href=\"http:\/\/inscrire.hanaf.net\/vilnius.php\"><span lang=\"LT\"> Inscription\u00a0<\/span><\/a><\/p>\n","protected":false},"excerpt":{"rendered":"<p>L\u2019Institut Fran\u00e7ais propose des ateliers de th\u00e9\u00e2tre destin\u00e9s aux enfants de 7 \u00e0 14 ans.&hellip;<\/p>\n","protected":false},"author":13,"featured_media":16127,"parent":0,"menu_order":0,"comment_status":"closed","ping_status":"closed","template":"","meta":{"footnotes":""},"class_list":["post-16114","page","type-page","status-publish","has-post-thumbnail","hentry"],"yoast_head":"<!-- This site is optimized with the Yoast SEO plugin v23.2 - https:\/\/yoast.com\/wordpress\/plugins\/seo\/ -->\n<title>Le Fran\u00e7ais par le th\u00e9\u00e2tre (\u00e0 partir de A2) - IF Lituanie<\/title>\n<meta name=\"robots\" content=\"index, follow, max-snippet:-1, max-image-preview:large, max-video-preview:-1\" \/>\n<link rel=\"canonical\" href=\"https:\/\/www.institutfrancais-lituanie.com\/fr\/le-francais-par-le-theatre-a-partir-de-a1\/\" \/>\n<meta property=\"og:locale\" content=\"fr_FR\" \/>\n<meta property=\"og:type\" content=\"article\" \/>\n<meta property=\"og:title\" content=\"Le Fran\u00e7ais par le th\u00e9\u00e2tre (\u00e0 partir de A2) - IF Lituanie\" \/>\n<meta property=\"og:description\" content=\"L\u2019Institut Fran\u00e7ais propose des ateliers de th\u00e9\u00e2tre destin\u00e9s aux enfants de 7 \u00e0 14 ans.&hellip;\" \/>\n<meta property=\"og:url\" content=\"https:\/\/www.institutfrancais-lituanie.com\/fr\/le-francais-par-le-theatre-a-partir-de-a1\/\" \/>\n<meta property=\"og:site_name\" content=\"IF Lituanie\" \/>\n<meta property=\"article:publisher\" content=\"https:\/\/www.facebook.com\/prancuzuinstitutas\/\" \/>\n<meta property=\"article:modified_time\" content=\"2025-03-06T21:21:48+00:00\" \/>\n<meta property=\"og:image\" content=\"https:\/\/www.institutfrancais-lituanie.com\/wp-content\/uploads\/2025\/02\/IMG_4301-scaled-e1741296099238.jpeg\" \/>\n\t<meta property=\"og:image:width\" content=\"2560\" \/>\n\t<meta property=\"og:image:height\" content=\"1420\" \/>\n\t<meta property=\"og:image:type\" content=\"image\/jpeg\" \/>\n<meta name=\"twitter:card\" content=\"summary_large_image\" \/>\n<meta name=\"twitter:label1\" content=\"Est. reading time\" \/>\n\t<meta name=\"twitter:data1\" content=\"2 minutes\" \/>\n<script type=\"application\/ld+json\" class=\"yoast-schema-graph\">{\"@context\":\"https:\/\/schema.org\",\"@graph\":[{\"@type\":\"WebPage\",\"@id\":\"https:\/\/www.institutfrancais-lituanie.com\/fr\/le-francais-par-le-theatre-a-partir-de-a1\/\",\"url\":\"https:\/\/www.institutfrancais-lituanie.com\/fr\/le-francais-par-le-theatre-a-partir-de-a1\/\",\"name\":\"Le Fran\u00e7ais par le th\u00e9\u00e2tre (\u00e0 partir de A2) - IF Lituanie\",\"isPartOf\":{\"@id\":\"https:\/\/www.institutfrancais-lituanie.com\/fr\/#website\"},\"primaryImageOfPage\":{\"@id\":\"https:\/\/www.institutfrancais-lituanie.com\/fr\/le-francais-par-le-theatre-a-partir-de-a1\/#primaryimage\"},\"image\":{\"@id\":\"https:\/\/www.institutfrancais-lituanie.com\/fr\/le-francais-par-le-theatre-a-partir-de-a1\/#primaryimage\"},\"thumbnailUrl\":\"https:\/\/www.institutfrancais-lituanie.com\/wp-content\/uploads\/2025\/02\/IMG_4301-scaled-e1741296099238.jpeg\",\"datePublished\":\"2025-02-17T08:50:09+00:00\",\"dateModified\":\"2025-03-06T21:21:48+00:00\",\"breadcrumb\":{\"@id\":\"https:\/\/www.institutfrancais-lituanie.com\/fr\/le-francais-par-le-theatre-a-partir-de-a1\/#breadcrumb\"},\"inLanguage\":\"fr-FR\",\"potentialAction\":[{\"@type\":\"ReadAction\",\"target\":[\"https:\/\/www.institutfrancais-lituanie.com\/fr\/le-francais-par-le-theatre-a-partir-de-a1\/\"]}]},{\"@type\":\"ImageObject\",\"inLanguage\":\"fr-FR\",\"@id\":\"https:\/\/www.institutfrancais-lituanie.com\/fr\/le-francais-par-le-theatre-a-partir-de-a1\/#primaryimage\",\"url\":\"https:\/\/www.institutfrancais-lituanie.com\/wp-content\/uploads\/2025\/02\/IMG_4301-scaled-e1741296099238.jpeg\",\"contentUrl\":\"https:\/\/www.institutfrancais-lituanie.com\/wp-content\/uploads\/2025\/02\/IMG_4301-scaled-e1741296099238.jpeg\",\"width\":2560,\"height\":1420},{\"@type\":\"BreadcrumbList\",\"@id\":\"https:\/\/www.institutfrancais-lituanie.com\/fr\/le-francais-par-le-theatre-a-partir-de-a1\/#breadcrumb\",\"itemListElement\":[{\"@type\":\"ListItem\",\"position\":1,\"name\":\"Home\",\"item\":\"https:\/\/www.institutfrancais-lituanie.com\/fr\/\"},{\"@type\":\"ListItem\",\"position\":2,\"name\":\"Le Fran\u00e7ais par le th\u00e9\u00e2tre (\u00e0 partir de A2)\"}]},{\"@type\":\"WebSite\",\"@id\":\"https:\/\/www.institutfrancais-lituanie.com\/fr\/#website\",\"url\":\"https:\/\/www.institutfrancais-lituanie.com\/fr\/\",\"name\":\"IF Lituanie\",\"description\":\"Pranc\u016bz\u0173 kalbos kursai, kult\u016bra, mediateka...\",\"publisher\":{\"@id\":\"https:\/\/www.institutfrancais-lituanie.com\/fr\/#organization\"},\"potentialAction\":[{\"@type\":\"SearchAction\",\"target\":{\"@type\":\"EntryPoint\",\"urlTemplate\":\"https:\/\/www.institutfrancais-lituanie.com\/fr\/?s={search_term_string}\"},\"query-input\":\"required name=search_term_string\"}],\"inLanguage\":\"fr-FR\"},{\"@type\":\"Organization\",\"@id\":\"https:\/\/www.institutfrancais-lituanie.com\/fr\/#organization\",\"name\":\"Pranc\u016bz\u0173 institutas\",\"url\":\"https:\/\/www.institutfrancais-lituanie.com\/fr\/\",\"logo\":{\"@type\":\"ImageObject\",\"inLanguage\":\"fr-FR\",\"@id\":\"https:\/\/www.institutfrancais-lituanie.com\/fr\/#\/schema\/logo\/image\/\",\"url\":\"https:\/\/www.institutfrancais-lituanie.com\/wp-content\/uploads\/2023\/04\/IF_Logo-Lituanie-RVB.jpg\",\"contentUrl\":\"https:\/\/www.institutfrancais-lituanie.com\/wp-content\/uploads\/2023\/04\/IF_Logo-Lituanie-RVB.jpg\",\"width\":827,\"height\":555,\"caption\":\"Pranc\u016bz\u0173 institutas\"},\"image\":{\"@id\":\"https:\/\/www.institutfrancais-lituanie.com\/fr\/#\/schema\/logo\/image\/\"},\"sameAs\":[\"https:\/\/www.facebook.com\/prancuzuinstitutas\/\",\"https:\/\/www.instagram.com\/institut_francais_lituanie\/\"]}]}<\/script>\n<!-- \/ Yoast SEO plugin. -->","yoast_head_json":{"title":"Le Fran\u00e7ais par le th\u00e9\u00e2tre (\u00e0 partir de A2) - IF Lituanie","robots":{"index":"index","follow":"follow","max-snippet":"max-snippet:-1","max-image-preview":"max-image-preview:large","max-video-preview":"max-video-preview:-1"},"canonical":"https:\/\/www.institutfrancais-lituanie.com\/fr\/le-francais-par-le-theatre-a-partir-de-a1\/","og_locale":"fr_FR","og_type":"article","og_title":"Le Fran\u00e7ais par le th\u00e9\u00e2tre (\u00e0 partir de A2) - IF Lituanie","og_description":"L\u2019Institut Fran\u00e7ais propose des ateliers de th\u00e9\u00e2tre destin\u00e9s aux enfants de 7 \u00e0 14 ans.&hellip;","og_url":"https:\/\/www.institutfrancais-lituanie.com\/fr\/le-francais-par-le-theatre-a-partir-de-a1\/","og_site_name":"IF Lituanie","article_publisher":"https:\/\/www.facebook.com\/prancuzuinstitutas\/","article_modified_time":"2025-03-06T21:21:48+00:00","og_image":[{"width":2560,"height":1420,"url":"https:\/\/www.institutfrancais-lituanie.com\/wp-content\/uploads\/2025\/02\/IMG_4301-scaled-e1741296099238.jpeg","type":"image\/jpeg"}],"twitter_card":"summary_large_image","twitter_misc":{"Est. reading time":"2 minutes"},"schema":{"@context":"https:\/\/schema.org","@graph":[{"@type":"WebPage","@id":"https:\/\/www.institutfrancais-lituanie.com\/fr\/le-francais-par-le-theatre-a-partir-de-a1\/","url":"https:\/\/www.institutfrancais-lituanie.com\/fr\/le-francais-par-le-theatre-a-partir-de-a1\/","name":"Le Fran\u00e7ais par le th\u00e9\u00e2tre (\u00e0 partir de A2) - IF Lituanie","isPartOf":{"@id":"https:\/\/www.institutfrancais-lituanie.com\/fr\/#website"},"primaryImageOfPage":{"@id":"https:\/\/www.institutfrancais-lituanie.com\/fr\/le-francais-par-le-theatre-a-partir-de-a1\/#primaryimage"},"image":{"@id":"https:\/\/www.institutfrancais-lituanie.com\/fr\/le-francais-par-le-theatre-a-partir-de-a1\/#primaryimage"},"thumbnailUrl":"https:\/\/www.institutfrancais-lituanie.com\/wp-content\/uploads\/2025\/02\/IMG_4301-scaled-e1741296099238.jpeg","datePublished":"2025-02-17T08:50:09+00:00","dateModified":"2025-03-06T21:21:48+00:00","breadcrumb":{"@id":"https:\/\/www.institutfrancais-lituanie.com\/fr\/le-francais-par-le-theatre-a-partir-de-a1\/#breadcrumb"},"inLanguage":"fr-FR","potentialAction":[{"@type":"ReadAction","target":["https:\/\/www.institutfrancais-lituanie.com\/fr\/le-francais-par-le-theatre-a-partir-de-a1\/"]}]},{"@type":"ImageObject","inLanguage":"fr-FR","@id":"https:\/\/www.institutfrancais-lituanie.com\/fr\/le-francais-par-le-theatre-a-partir-de-a1\/#primaryimage","url":"https:\/\/www.institutfrancais-lituanie.com\/wp-content\/uploads\/2025\/02\/IMG_4301-scaled-e1741296099238.jpeg","contentUrl":"https:\/\/www.institutfrancais-lituanie.com\/wp-content\/uploads\/2025\/02\/IMG_4301-scaled-e1741296099238.jpeg","width":2560,"height":1420},{"@type":"BreadcrumbList","@id":"https:\/\/www.institutfrancais-lituanie.com\/fr\/le-francais-par-le-theatre-a-partir-de-a1\/#breadcrumb","itemListElement":[{"@type":"ListItem","position":1,"name":"Home","item":"https:\/\/www.institutfrancais-lituanie.com\/fr\/"},{"@type":"ListItem","position":2,"name":"Le Fran\u00e7ais par le th\u00e9\u00e2tre (\u00e0 partir de A2)"}]},{"@type":"WebSite","@id":"https:\/\/www.institutfrancais-lituanie.com\/fr\/#website","url":"https:\/\/www.institutfrancais-lituanie.com\/fr\/","name":"IF Lituanie","description":"Pranc\u016bz\u0173 kalbos kursai, kult\u016bra, mediateka...","publisher":{"@id":"https:\/\/www.institutfrancais-lituanie.com\/fr\/#organization"},"potentialAction":[{"@type":"SearchAction","target":{"@type":"EntryPoint","urlTemplate":"https:\/\/www.institutfrancais-lituanie.com\/fr\/?s={search_term_string}"},"query-input":"required name=search_term_string"}],"inLanguage":"fr-FR"},{"@type":"Organization","@id":"https:\/\/www.institutfrancais-lituanie.com\/fr\/#organization","name":"Pranc\u016bz\u0173 institutas","url":"https:\/\/www.institutfrancais-lituanie.com\/fr\/","logo":{"@type":"ImageObject","inLanguage":"fr-FR","@id":"https:\/\/www.institutfrancais-lituanie.com\/fr\/#\/schema\/logo\/image\/","url":"https:\/\/www.institutfrancais-lituanie.com\/wp-content\/uploads\/2023\/04\/IF_Logo-Lituanie-RVB.jpg","contentUrl":"https:\/\/www.institutfrancais-lituanie.com\/wp-content\/uploads\/2023\/04\/IF_Logo-Lituanie-RVB.jpg","width":827,"height":555,"caption":"Pranc\u016bz\u0173 institutas"},"image":{"@id":"https:\/\/www.institutfrancais-lituanie.com\/fr\/#\/schema\/logo\/image\/"},"sameAs":["https:\/\/www.facebook.com\/prancuzuinstitutas\/","https:\/\/www.instagram.com\/institut_francais_lituanie\/"]}]}},"_links":{"self":[{"href":"https:\/\/www.institutfrancais-lituanie.com\/fr\/wp-json\/wp\/v2\/pages\/16114"}],"collection":[{"href":"https:\/\/www.institutfrancais-lituanie.com\/fr\/wp-json\/wp\/v2\/pages"}],"about":[{"href":"https:\/\/www.institutfrancais-lituanie.com\/fr\/wp-json\/wp\/v2\/types\/page"}],"author":[{"embeddable":true,"href":"https:\/\/www.institutfrancais-lituanie.com\/fr\/wp-json\/wp\/v2\/users\/13"}],"replies":[{"embeddable":true,"href":"https:\/\/www.institutfrancais-lituanie.com\/fr\/wp-json\/wp\/v2\/comments?post=16114"}],"version-history":[{"count":6,"href":"https:\/\/www.institutfrancais-lituanie.com\/fr\/wp-json\/wp\/v2\/pages\/16114\/revisions"}],"predecessor-version":[{"id":16169,"href":"https:\/\/www.institutfrancais-lituanie.com\/fr\/wp-json\/wp\/v2\/pages\/16114\/revisions\/16169"}],"wp:featuredmedia":[{"embeddable":true,"href":"https:\/\/www.institutfrancais-lituanie.com\/fr\/wp-json\/wp\/v2\/media\/16127"}],"wp:attachment":[{"href":"https:\/\/www.institutfrancais-lituanie.com\/fr\/wp-json\/wp\/v2\/media?parent=16114"}],"curies":[{"name":"wp","href":"https:\/\/api.w.org\/{rel}","templated":true}]}}