{"id":12614,"date":"2022-11-03T09:59:46","date_gmt":"2022-11-03T09:59:46","guid":{"rendered":"https:\/\/www.institutfrancais-lituanie.com\/?page_id=12614"},"modified":"2022-11-03T09:59:46","modified_gmt":"2022-11-03T09:59:46","slug":"cine-club-jai-aime-vivre-la","status":"publish","type":"page","link":"https:\/\/www.institutfrancais-lituanie.com\/fr\/evenements\/cinema\/cine-club\/cine-club-jai-aime-vivre-la\/","title":{"rendered":"Cin\u00e9-club : J\u2019ai aim\u00e9 vivre l\u00e0"},"content":{"rendered":"<div class=\"wpb-content-wrapper\"><p>[vc_row][vc_column][vc_column_text]<strong>Le 22 novembre, 18h<\/strong><\/p>\n<p><em>J\u2019ai aim\u00e9 vivre l\u00e0 <\/em>de R\u00e9gis Sauder<\/p>\n<p>Dans la Ville Nouvelle beaucoup arrivent d\u2019ailleurs, se m\u00e9langent, trouvent une place. Leurs histoires se croisent et s\u2019incarnent ici \u00e0 Cergy, o\u00f9 Annie Ernaux a \u00e9crit l\u2019essentiel de son \u0153uvre nourrie de l\u2019observation des autres et de son histoire intime.<\/p>\n<p>VO, sous-titres anglais<\/p>\n<p>Ann\u00e9e : 2021<\/p>\n<p>Dur\u00e9e : 1h30<\/p>\n<p><em>Les projections ont lieu \u00e0 l\u2019Institut fran\u00e7ais de Lituanie (Did\u017eioji g. 1, Vilnius).<\/em><\/p>\n<p><em>Entr\u00e9e libre.<\/em>[\/vc_column_text][\/vc_column][\/vc_row]<\/p>\n<\/div>","protected":false},"excerpt":{"rendered":"[vc_row][vc_column][vc_column_text]Le 22 novembre, 18h J\u2019ai aim\u00e9 vivre l\u00e0 de R\u00e9gis Sauder Dans la Ville Nouvelle&hellip;","protected":false},"author":8,"featured_media":12615,"parent":2807,"menu_order":0,"comment_status":"closed","ping_status":"closed","template":"","meta":{"footnotes":""},"class_list":["post-12614","page","type-page","status-publish","has-post-thumbnail","hentry"],"yoast_head":"<!-- This site is optimized with the Yoast SEO plugin v23.2 - https:\/\/yoast.com\/wordpress\/plugins\/seo\/ -->\n<title>Cin\u00e9-club : J\u2019ai aim\u00e9 vivre l\u00e0 - IF Lituanie<\/title>\n<meta name=\"robots\" content=\"index, follow, max-snippet:-1, max-image-preview:large, max-video-preview:-1\" \/>\n<link rel=\"canonical\" href=\"https:\/\/www.institutfrancais-lituanie.com\/fr\/evenements\/cinema\/cine-club\/cine-club-jai-aime-vivre-la\/\" \/>\n<meta property=\"og:locale\" content=\"fr_FR\" \/>\n<meta property=\"og:type\" content=\"article\" \/>\n<meta property=\"og:title\" content=\"Cin\u00e9-club : J\u2019ai aim\u00e9 vivre l\u00e0 - IF Lituanie\" \/>\n<meta property=\"og:url\" content=\"https:\/\/www.institutfrancais-lituanie.com\/fr\/evenements\/cinema\/cine-club\/cine-club-jai-aime-vivre-la\/\" \/>\n<meta property=\"og:site_name\" content=\"IF Lituanie\" \/>\n<meta property=\"article:publisher\" content=\"https:\/\/www.facebook.com\/prancuzuinstitutas\/\" \/>\n<meta property=\"og:image\" content=\"https:\/\/www.institutfrancais-lituanie.com\/wp-content\/uploads\/2022\/11\/Screenshot-2022-11-03-at-11.55.40-1024x564.png\" \/>\n\t<meta property=\"og:image:width\" content=\"1024\" \/>\n\t<meta property=\"og:image:height\" content=\"564\" \/>\n\t<meta property=\"og:image:type\" content=\"image\/png\" \/>\n<meta name=\"twitter:card\" content=\"summary_large_image\" \/>\n<meta name=\"twitter:label1\" content=\"Est. reading time\" \/>\n\t<meta name=\"twitter:data1\" content=\"1 minute\" \/>\n<script type=\"application\/ld+json\" class=\"yoast-schema-graph\">{\"@context\":\"https:\/\/schema.org\",\"@graph\":[{\"@type\":\"WebPage\",\"@id\":\"https:\/\/www.institutfrancais-lituanie.com\/fr\/evenements\/cinema\/cine-club\/cine-club-jai-aime-vivre-la\/\",\"url\":\"https:\/\/www.institutfrancais-lituanie.com\/fr\/evenements\/cinema\/cine-club\/cine-club-jai-aime-vivre-la\/\",\"name\":\"Cin\u00e9-club : J\u2019ai aim\u00e9 vivre l\u00e0 - IF Lituanie\",\"isPartOf\":{\"@id\":\"https:\/\/www.institutfrancais-lituanie.com\/fr\/#website\"},\"primaryImageOfPage\":{\"@id\":\"https:\/\/www.institutfrancais-lituanie.com\/fr\/evenements\/cinema\/cine-club\/cine-club-jai-aime-vivre-la\/#primaryimage\"},\"image\":{\"@id\":\"https:\/\/www.institutfrancais-lituanie.com\/fr\/evenements\/cinema\/cine-club\/cine-club-jai-aime-vivre-la\/#primaryimage\"},\"thumbnailUrl\":\"https:\/\/www.institutfrancais-lituanie.com\/wp-content\/uploads\/2022\/11\/Screenshot-2022-11-03-at-11.55.40.png\",\"datePublished\":\"2022-11-03T09:59:46+00:00\",\"dateModified\":\"2022-11-03T09:59:46+00:00\",\"breadcrumb\":{\"@id\":\"https:\/\/www.institutfrancais-lituanie.com\/fr\/evenements\/cinema\/cine-club\/cine-club-jai-aime-vivre-la\/#breadcrumb\"},\"inLanguage\":\"fr-FR\",\"potentialAction\":[{\"@type\":\"ReadAction\",\"target\":[\"https:\/\/www.institutfrancais-lituanie.com\/fr\/evenements\/cinema\/cine-club\/cine-club-jai-aime-vivre-la\/\"]}]},{\"@type\":\"ImageObject\",\"inLanguage\":\"fr-FR\",\"@id\":\"https:\/\/www.institutfrancais-lituanie.com\/fr\/evenements\/cinema\/cine-club\/cine-club-jai-aime-vivre-la\/#primaryimage\",\"url\":\"https:\/\/www.institutfrancais-lituanie.com\/wp-content\/uploads\/2022\/11\/Screenshot-2022-11-03-at-11.55.40.png\",\"contentUrl\":\"https:\/\/www.institutfrancais-lituanie.com\/wp-content\/uploads\/2022\/11\/Screenshot-2022-11-03-at-11.55.40.png\",\"width\":1652,\"height\":910},{\"@type\":\"BreadcrumbList\",\"@id\":\"https:\/\/www.institutfrancais-lituanie.com\/fr\/evenements\/cinema\/cine-club\/cine-club-jai-aime-vivre-la\/#breadcrumb\",\"itemListElement\":[{\"@type\":\"ListItem\",\"position\":1,\"name\":\"Home\",\"item\":\"https:\/\/www.institutfrancais-lituanie.com\/fr\/\"},{\"@type\":\"ListItem\",\"position\":2,\"name\":\"\u00c9v\u00e9nements\",\"item\":\"https:\/\/www.institutfrancais-lituanie.com\/fr\/evenements\/\"},{\"@type\":\"ListItem\",\"position\":3,\"name\":\"Cin\u00e9ma\",\"item\":\"https:\/\/www.institutfrancais-lituanie.com\/fr\/evenements\/cinema\/\"},{\"@type\":\"ListItem\",\"position\":4,\"name\":\"Cin\u00e9 club\",\"item\":\"https:\/\/www.institutfrancais-lituanie.com\/fr\/evenements\/cinema\/cine-club\/\"},{\"@type\":\"ListItem\",\"position\":5,\"name\":\"Cin\u00e9-club : J\u2019ai aim\u00e9 vivre l\u00e0\"}]},{\"@type\":\"WebSite\",\"@id\":\"https:\/\/www.institutfrancais-lituanie.com\/fr\/#website\",\"url\":\"https:\/\/www.institutfrancais-lituanie.com\/fr\/\",\"name\":\"IF Lituanie\",\"description\":\"Pranc\u016bz\u0173 kalbos kursai, kult\u016bra, mediateka...\",\"publisher\":{\"@id\":\"https:\/\/www.institutfrancais-lituanie.com\/fr\/#organization\"},\"potentialAction\":[{\"@type\":\"SearchAction\",\"target\":{\"@type\":\"EntryPoint\",\"urlTemplate\":\"https:\/\/www.institutfrancais-lituanie.com\/fr\/?s={search_term_string}\"},\"query-input\":\"required name=search_term_string\"}],\"inLanguage\":\"fr-FR\"},{\"@type\":\"Organization\",\"@id\":\"https:\/\/www.institutfrancais-lituanie.com\/fr\/#organization\",\"name\":\"Pranc\u016bz\u0173 institutas\",\"url\":\"https:\/\/www.institutfrancais-lituanie.com\/fr\/\",\"logo\":{\"@type\":\"ImageObject\",\"inLanguage\":\"fr-FR\",\"@id\":\"https:\/\/www.institutfrancais-lituanie.com\/fr\/#\/schema\/logo\/image\/\",\"url\":\"https:\/\/www.institutfrancais-lituanie.com\/wp-content\/uploads\/2023\/04\/IF_Logo-Lituanie-RVB.jpg\",\"contentUrl\":\"https:\/\/www.institutfrancais-lituanie.com\/wp-content\/uploads\/2023\/04\/IF_Logo-Lituanie-RVB.jpg\",\"width\":827,\"height\":555,\"caption\":\"Pranc\u016bz\u0173 institutas\"},\"image\":{\"@id\":\"https:\/\/www.institutfrancais-lituanie.com\/fr\/#\/schema\/logo\/image\/\"},\"sameAs\":[\"https:\/\/www.facebook.com\/prancuzuinstitutas\/\",\"https:\/\/www.instagram.com\/institut_francais_lituanie\/\"]}]}<\/script>\n<!-- \/ Yoast SEO plugin. -->","yoast_head_json":{"title":"Cin\u00e9-club : J\u2019ai aim\u00e9 vivre l\u00e0 - IF Lituanie","robots":{"index":"index","follow":"follow","max-snippet":"max-snippet:-1","max-image-preview":"max-image-preview:large","max-video-preview":"max-video-preview:-1"},"canonical":"https:\/\/www.institutfrancais-lituanie.com\/fr\/evenements\/cinema\/cine-club\/cine-club-jai-aime-vivre-la\/","og_locale":"fr_FR","og_type":"article","og_title":"Cin\u00e9-club : J\u2019ai aim\u00e9 vivre l\u00e0 - IF Lituanie","og_url":"https:\/\/www.institutfrancais-lituanie.com\/fr\/evenements\/cinema\/cine-club\/cine-club-jai-aime-vivre-la\/","og_site_name":"IF Lituanie","article_publisher":"https:\/\/www.facebook.com\/prancuzuinstitutas\/","og_image":[{"width":1024,"height":564,"url":"https:\/\/www.institutfrancais-lituanie.com\/wp-content\/uploads\/2022\/11\/Screenshot-2022-11-03-at-11.55.40-1024x564.png","type":"image\/png"}],"twitter_card":"summary_large_image","twitter_misc":{"Est. reading time":"1 minute"},"schema":{"@context":"https:\/\/schema.org","@graph":[{"@type":"WebPage","@id":"https:\/\/www.institutfrancais-lituanie.com\/fr\/evenements\/cinema\/cine-club\/cine-club-jai-aime-vivre-la\/","url":"https:\/\/www.institutfrancais-lituanie.com\/fr\/evenements\/cinema\/cine-club\/cine-club-jai-aime-vivre-la\/","name":"Cin\u00e9-club : J\u2019ai aim\u00e9 vivre l\u00e0 - IF Lituanie","isPartOf":{"@id":"https:\/\/www.institutfrancais-lituanie.com\/fr\/#website"},"primaryImageOfPage":{"@id":"https:\/\/www.institutfrancais-lituanie.com\/fr\/evenements\/cinema\/cine-club\/cine-club-jai-aime-vivre-la\/#primaryimage"},"image":{"@id":"https:\/\/www.institutfrancais-lituanie.com\/fr\/evenements\/cinema\/cine-club\/cine-club-jai-aime-vivre-la\/#primaryimage"},"thumbnailUrl":"https:\/\/www.institutfrancais-lituanie.com\/wp-content\/uploads\/2022\/11\/Screenshot-2022-11-03-at-11.55.40.png","datePublished":"2022-11-03T09:59:46+00:00","dateModified":"2022-11-03T09:59:46+00:00","breadcrumb":{"@id":"https:\/\/www.institutfrancais-lituanie.com\/fr\/evenements\/cinema\/cine-club\/cine-club-jai-aime-vivre-la\/#breadcrumb"},"inLanguage":"fr-FR","potentialAction":[{"@type":"ReadAction","target":["https:\/\/www.institutfrancais-lituanie.com\/fr\/evenements\/cinema\/cine-club\/cine-club-jai-aime-vivre-la\/"]}]},{"@type":"ImageObject","inLanguage":"fr-FR","@id":"https:\/\/www.institutfrancais-lituanie.com\/fr\/evenements\/cinema\/cine-club\/cine-club-jai-aime-vivre-la\/#primaryimage","url":"https:\/\/www.institutfrancais-lituanie.com\/wp-content\/uploads\/2022\/11\/Screenshot-2022-11-03-at-11.55.40.png","contentUrl":"https:\/\/www.institutfrancais-lituanie.com\/wp-content\/uploads\/2022\/11\/Screenshot-2022-11-03-at-11.55.40.png","width":1652,"height":910},{"@type":"BreadcrumbList","@id":"https:\/\/www.institutfrancais-lituanie.com\/fr\/evenements\/cinema\/cine-club\/cine-club-jai-aime-vivre-la\/#breadcrumb","itemListElement":[{"@type":"ListItem","position":1,"name":"Home","item":"https:\/\/www.institutfrancais-lituanie.com\/fr\/"},{"@type":"ListItem","position":2,"name":"\u00c9v\u00e9nements","item":"https:\/\/www.institutfrancais-lituanie.com\/fr\/evenements\/"},{"@type":"ListItem","position":3,"name":"Cin\u00e9ma","item":"https:\/\/www.institutfrancais-lituanie.com\/fr\/evenements\/cinema\/"},{"@type":"ListItem","position":4,"name":"Cin\u00e9 club","item":"https:\/\/www.institutfrancais-lituanie.com\/fr\/evenements\/cinema\/cine-club\/"},{"@type":"ListItem","position":5,"name":"Cin\u00e9-club : J\u2019ai aim\u00e9 vivre l\u00e0"}]},{"@type":"WebSite","@id":"https:\/\/www.institutfrancais-lituanie.com\/fr\/#website","url":"https:\/\/www.institutfrancais-lituanie.com\/fr\/","name":"IF Lituanie","description":"Pranc\u016bz\u0173 kalbos kursai, kult\u016bra, mediateka...","publisher":{"@id":"https:\/\/www.institutfrancais-lituanie.com\/fr\/#organization"},"potentialAction":[{"@type":"SearchAction","target":{"@type":"EntryPoint","urlTemplate":"https:\/\/www.institutfrancais-lituanie.com\/fr\/?s={search_term_string}"},"query-input":"required name=search_term_string"}],"inLanguage":"fr-FR"},{"@type":"Organization","@id":"https:\/\/www.institutfrancais-lituanie.com\/fr\/#organization","name":"Pranc\u016bz\u0173 institutas","url":"https:\/\/www.institutfrancais-lituanie.com\/fr\/","logo":{"@type":"ImageObject","inLanguage":"fr-FR","@id":"https:\/\/www.institutfrancais-lituanie.com\/fr\/#\/schema\/logo\/image\/","url":"https:\/\/www.institutfrancais-lituanie.com\/wp-content\/uploads\/2023\/04\/IF_Logo-Lituanie-RVB.jpg","contentUrl":"https:\/\/www.institutfrancais-lituanie.com\/wp-content\/uploads\/2023\/04\/IF_Logo-Lituanie-RVB.jpg","width":827,"height":555,"caption":"Pranc\u016bz\u0173 institutas"},"image":{"@id":"https:\/\/www.institutfrancais-lituanie.com\/fr\/#\/schema\/logo\/image\/"},"sameAs":["https:\/\/www.facebook.com\/prancuzuinstitutas\/","https:\/\/www.instagram.com\/institut_francais_lituanie\/"]}]}},"_links":{"self":[{"href":"https:\/\/www.institutfrancais-lituanie.com\/fr\/wp-json\/wp\/v2\/pages\/12614"}],"collection":[{"href":"https:\/\/www.institutfrancais-lituanie.com\/fr\/wp-json\/wp\/v2\/pages"}],"about":[{"href":"https:\/\/www.institutfrancais-lituanie.com\/fr\/wp-json\/wp\/v2\/types\/page"}],"author":[{"embeddable":true,"href":"https:\/\/www.institutfrancais-lituanie.com\/fr\/wp-json\/wp\/v2\/users\/8"}],"replies":[{"embeddable":true,"href":"https:\/\/www.institutfrancais-lituanie.com\/fr\/wp-json\/wp\/v2\/comments?post=12614"}],"version-history":[{"count":1,"href":"https:\/\/www.institutfrancais-lituanie.com\/fr\/wp-json\/wp\/v2\/pages\/12614\/revisions"}],"predecessor-version":[{"id":12617,"href":"https:\/\/www.institutfrancais-lituanie.com\/fr\/wp-json\/wp\/v2\/pages\/12614\/revisions\/12617"}],"up":[{"embeddable":true,"href":"https:\/\/www.institutfrancais-lituanie.com\/fr\/wp-json\/wp\/v2\/pages\/2807"}],"wp:featuredmedia":[{"embeddable":true,"href":"https:\/\/www.institutfrancais-lituanie.com\/fr\/wp-json\/wp\/v2\/media\/12615"}],"wp:attachment":[{"href":"https:\/\/www.institutfrancais-lituanie.com\/fr\/wp-json\/wp\/v2\/media?parent=12614"}],"curies":[{"name":"wp","href":"https:\/\/api.w.org\/{rel}","templated":true}]}}