{"id":12612,"date":"2022-11-03T09:57:47","date_gmt":"2022-11-03T09:57:47","guid":{"rendered":"https:\/\/www.institutfrancais-lituanie.com\/?page_id=12612"},"modified":"2022-11-03T09:57:47","modified_gmt":"2022-11-03T09:57:47","slug":"cine-club-retours-a-reims-fragments","status":"publish","type":"page","link":"https:\/\/www.institutfrancais-lituanie.com\/fr\/evenements\/cinema\/cine-club\/cine-club-retours-a-reims-fragments\/","title":{"rendered":"Cin\u00e9-club : Retours \u00e0 Reims (Fragments)"},"content":{"rendered":"<div class=\"wpb-content-wrapper\"><p>[vc_row][vc_column][vc_column_text]<strong>Le 15 novembre, 18h <\/strong><\/p>\n<p><em>Retours \u00e0 Reims (Fragments) <\/em>de Jean-Gabriel P\u00e9riot<\/p>\n<p>A travers le texte de Didier Eribon interpr\u00e9t\u00e9 par Ad\u00e8le Haenel, Retour \u00e0 Reims [Fragments] raconte en archives une histoire intime et politique du monde ouvrier fran\u00e7ais du d\u00e9but des ann\u00e9es 50 \u00e0 aujourd\u2019hui.<\/p>\n<p>VO, sous-titres anglais<\/p>\n<p>Ann\u00e9e : 2021<\/p>\n<p>Dur\u00e9e : 1h23<\/p>\n<p><em>Les projections ont lieu \u00e0 l\u2019Institut fran\u00e7ais de Lituanie (Did\u017eioji g. 1, Vilnius).<\/em><\/p>\n<p><em>Entr\u00e9e libre.<\/em>[\/vc_column_text][\/vc_column][\/vc_row]<\/p>\n<\/div>","protected":false},"excerpt":{"rendered":"[vc_row][vc_column][vc_column_text]Le 15 novembre, 18h Retours \u00e0 Reims (Fragments) de Jean-Gabriel P\u00e9riot A travers le texte&hellip;","protected":false},"author":8,"featured_media":12610,"parent":2807,"menu_order":0,"comment_status":"closed","ping_status":"closed","template":"","meta":{"footnotes":""},"class_list":["post-12612","page","type-page","status-publish","has-post-thumbnail","hentry"],"yoast_head":"<!-- This site is optimized with the Yoast SEO plugin v23.2 - https:\/\/yoast.com\/wordpress\/plugins\/seo\/ -->\n<title>Cin\u00e9-club : Retours \u00e0 Reims (Fragments) - IF Lituanie<\/title>\n<meta name=\"robots\" content=\"index, follow, max-snippet:-1, max-image-preview:large, max-video-preview:-1\" \/>\n<link rel=\"canonical\" href=\"https:\/\/www.institutfrancais-lituanie.com\/fr\/evenements\/cinema\/cine-club\/cine-club-retours-a-reims-fragments\/\" \/>\n<meta property=\"og:locale\" content=\"fr_FR\" \/>\n<meta property=\"og:type\" content=\"article\" \/>\n<meta property=\"og:title\" content=\"Cin\u00e9-club : Retours \u00e0 Reims (Fragments) - IF Lituanie\" \/>\n<meta property=\"og:url\" content=\"https:\/\/www.institutfrancais-lituanie.com\/fr\/evenements\/cinema\/cine-club\/cine-club-retours-a-reims-fragments\/\" \/>\n<meta property=\"og:site_name\" content=\"IF Lituanie\" \/>\n<meta property=\"article:publisher\" content=\"https:\/\/www.facebook.com\/prancuzuinstitutas\/\" \/>\n<meta property=\"og:image\" content=\"https:\/\/www.institutfrancais-lituanie.com\/wp-content\/uploads\/2022\/11\/Screenshot-2022-11-03-at-11.55.36-1024x564.png\" \/>\n\t<meta property=\"og:image:width\" content=\"1024\" \/>\n\t<meta property=\"og:image:height\" content=\"564\" \/>\n\t<meta property=\"og:image:type\" content=\"image\/png\" \/>\n<meta name=\"twitter:card\" content=\"summary_large_image\" \/>\n<meta name=\"twitter:label1\" content=\"Est. reading time\" \/>\n\t<meta name=\"twitter:data1\" content=\"1 minute\" \/>\n<script type=\"application\/ld+json\" class=\"yoast-schema-graph\">{\"@context\":\"https:\/\/schema.org\",\"@graph\":[{\"@type\":\"WebPage\",\"@id\":\"https:\/\/www.institutfrancais-lituanie.com\/fr\/evenements\/cinema\/cine-club\/cine-club-retours-a-reims-fragments\/\",\"url\":\"https:\/\/www.institutfrancais-lituanie.com\/fr\/evenements\/cinema\/cine-club\/cine-club-retours-a-reims-fragments\/\",\"name\":\"Cin\u00e9-club : Retours \u00e0 Reims (Fragments) - IF Lituanie\",\"isPartOf\":{\"@id\":\"https:\/\/www.institutfrancais-lituanie.com\/fr\/#website\"},\"primaryImageOfPage\":{\"@id\":\"https:\/\/www.institutfrancais-lituanie.com\/fr\/evenements\/cinema\/cine-club\/cine-club-retours-a-reims-fragments\/#primaryimage\"},\"image\":{\"@id\":\"https:\/\/www.institutfrancais-lituanie.com\/fr\/evenements\/cinema\/cine-club\/cine-club-retours-a-reims-fragments\/#primaryimage\"},\"thumbnailUrl\":\"https:\/\/www.institutfrancais-lituanie.com\/wp-content\/uploads\/2022\/11\/Screenshot-2022-11-03-at-11.55.36.png\",\"datePublished\":\"2022-11-03T09:57:47+00:00\",\"dateModified\":\"2022-11-03T09:57:47+00:00\",\"breadcrumb\":{\"@id\":\"https:\/\/www.institutfrancais-lituanie.com\/fr\/evenements\/cinema\/cine-club\/cine-club-retours-a-reims-fragments\/#breadcrumb\"},\"inLanguage\":\"fr-FR\",\"potentialAction\":[{\"@type\":\"ReadAction\",\"target\":[\"https:\/\/www.institutfrancais-lituanie.com\/fr\/evenements\/cinema\/cine-club\/cine-club-retours-a-reims-fragments\/\"]}]},{\"@type\":\"ImageObject\",\"inLanguage\":\"fr-FR\",\"@id\":\"https:\/\/www.institutfrancais-lituanie.com\/fr\/evenements\/cinema\/cine-club\/cine-club-retours-a-reims-fragments\/#primaryimage\",\"url\":\"https:\/\/www.institutfrancais-lituanie.com\/wp-content\/uploads\/2022\/11\/Screenshot-2022-11-03-at-11.55.36.png\",\"contentUrl\":\"https:\/\/www.institutfrancais-lituanie.com\/wp-content\/uploads\/2022\/11\/Screenshot-2022-11-03-at-11.55.36.png\",\"width\":1652,\"height\":910},{\"@type\":\"BreadcrumbList\",\"@id\":\"https:\/\/www.institutfrancais-lituanie.com\/fr\/evenements\/cinema\/cine-club\/cine-club-retours-a-reims-fragments\/#breadcrumb\",\"itemListElement\":[{\"@type\":\"ListItem\",\"position\":1,\"name\":\"Home\",\"item\":\"https:\/\/www.institutfrancais-lituanie.com\/fr\/\"},{\"@type\":\"ListItem\",\"position\":2,\"name\":\"\u00c9v\u00e9nements\",\"item\":\"https:\/\/www.institutfrancais-lituanie.com\/fr\/evenements\/\"},{\"@type\":\"ListItem\",\"position\":3,\"name\":\"Cin\u00e9ma\",\"item\":\"https:\/\/www.institutfrancais-lituanie.com\/fr\/evenements\/cinema\/\"},{\"@type\":\"ListItem\",\"position\":4,\"name\":\"Cin\u00e9 club\",\"item\":\"https:\/\/www.institutfrancais-lituanie.com\/fr\/evenements\/cinema\/cine-club\/\"},{\"@type\":\"ListItem\",\"position\":5,\"name\":\"Cin\u00e9-club : Retours \u00e0 Reims (Fragments)\"}]},{\"@type\":\"WebSite\",\"@id\":\"https:\/\/www.institutfrancais-lituanie.com\/fr\/#website\",\"url\":\"https:\/\/www.institutfrancais-lituanie.com\/fr\/\",\"name\":\"IF Lituanie\",\"description\":\"Pranc\u016bz\u0173 kalbos kursai, kult\u016bra, mediateka...\",\"publisher\":{\"@id\":\"https:\/\/www.institutfrancais-lituanie.com\/fr\/#organization\"},\"potentialAction\":[{\"@type\":\"SearchAction\",\"target\":{\"@type\":\"EntryPoint\",\"urlTemplate\":\"https:\/\/www.institutfrancais-lituanie.com\/fr\/?s={search_term_string}\"},\"query-input\":\"required name=search_term_string\"}],\"inLanguage\":\"fr-FR\"},{\"@type\":\"Organization\",\"@id\":\"https:\/\/www.institutfrancais-lituanie.com\/fr\/#organization\",\"name\":\"Pranc\u016bz\u0173 institutas\",\"url\":\"https:\/\/www.institutfrancais-lituanie.com\/fr\/\",\"logo\":{\"@type\":\"ImageObject\",\"inLanguage\":\"fr-FR\",\"@id\":\"https:\/\/www.institutfrancais-lituanie.com\/fr\/#\/schema\/logo\/image\/\",\"url\":\"https:\/\/www.institutfrancais-lituanie.com\/wp-content\/uploads\/2023\/04\/IF_Logo-Lituanie-RVB.jpg\",\"contentUrl\":\"https:\/\/www.institutfrancais-lituanie.com\/wp-content\/uploads\/2023\/04\/IF_Logo-Lituanie-RVB.jpg\",\"width\":827,\"height\":555,\"caption\":\"Pranc\u016bz\u0173 institutas\"},\"image\":{\"@id\":\"https:\/\/www.institutfrancais-lituanie.com\/fr\/#\/schema\/logo\/image\/\"},\"sameAs\":[\"https:\/\/www.facebook.com\/prancuzuinstitutas\/\",\"https:\/\/www.instagram.com\/institut_francais_lituanie\/\"]}]}<\/script>\n<!-- \/ Yoast SEO plugin. -->","yoast_head_json":{"title":"Cin\u00e9-club : Retours \u00e0 Reims (Fragments) - IF Lituanie","robots":{"index":"index","follow":"follow","max-snippet":"max-snippet:-1","max-image-preview":"max-image-preview:large","max-video-preview":"max-video-preview:-1"},"canonical":"https:\/\/www.institutfrancais-lituanie.com\/fr\/evenements\/cinema\/cine-club\/cine-club-retours-a-reims-fragments\/","og_locale":"fr_FR","og_type":"article","og_title":"Cin\u00e9-club : Retours \u00e0 Reims (Fragments) - IF Lituanie","og_url":"https:\/\/www.institutfrancais-lituanie.com\/fr\/evenements\/cinema\/cine-club\/cine-club-retours-a-reims-fragments\/","og_site_name":"IF Lituanie","article_publisher":"https:\/\/www.facebook.com\/prancuzuinstitutas\/","og_image":[{"width":1024,"height":564,"url":"https:\/\/www.institutfrancais-lituanie.com\/wp-content\/uploads\/2022\/11\/Screenshot-2022-11-03-at-11.55.36-1024x564.png","type":"image\/png"}],"twitter_card":"summary_large_image","twitter_misc":{"Est. reading time":"1 minute"},"schema":{"@context":"https:\/\/schema.org","@graph":[{"@type":"WebPage","@id":"https:\/\/www.institutfrancais-lituanie.com\/fr\/evenements\/cinema\/cine-club\/cine-club-retours-a-reims-fragments\/","url":"https:\/\/www.institutfrancais-lituanie.com\/fr\/evenements\/cinema\/cine-club\/cine-club-retours-a-reims-fragments\/","name":"Cin\u00e9-club : Retours \u00e0 Reims (Fragments) - IF Lituanie","isPartOf":{"@id":"https:\/\/www.institutfrancais-lituanie.com\/fr\/#website"},"primaryImageOfPage":{"@id":"https:\/\/www.institutfrancais-lituanie.com\/fr\/evenements\/cinema\/cine-club\/cine-club-retours-a-reims-fragments\/#primaryimage"},"image":{"@id":"https:\/\/www.institutfrancais-lituanie.com\/fr\/evenements\/cinema\/cine-club\/cine-club-retours-a-reims-fragments\/#primaryimage"},"thumbnailUrl":"https:\/\/www.institutfrancais-lituanie.com\/wp-content\/uploads\/2022\/11\/Screenshot-2022-11-03-at-11.55.36.png","datePublished":"2022-11-03T09:57:47+00:00","dateModified":"2022-11-03T09:57:47+00:00","breadcrumb":{"@id":"https:\/\/www.institutfrancais-lituanie.com\/fr\/evenements\/cinema\/cine-club\/cine-club-retours-a-reims-fragments\/#breadcrumb"},"inLanguage":"fr-FR","potentialAction":[{"@type":"ReadAction","target":["https:\/\/www.institutfrancais-lituanie.com\/fr\/evenements\/cinema\/cine-club\/cine-club-retours-a-reims-fragments\/"]}]},{"@type":"ImageObject","inLanguage":"fr-FR","@id":"https:\/\/www.institutfrancais-lituanie.com\/fr\/evenements\/cinema\/cine-club\/cine-club-retours-a-reims-fragments\/#primaryimage","url":"https:\/\/www.institutfrancais-lituanie.com\/wp-content\/uploads\/2022\/11\/Screenshot-2022-11-03-at-11.55.36.png","contentUrl":"https:\/\/www.institutfrancais-lituanie.com\/wp-content\/uploads\/2022\/11\/Screenshot-2022-11-03-at-11.55.36.png","width":1652,"height":910},{"@type":"BreadcrumbList","@id":"https:\/\/www.institutfrancais-lituanie.com\/fr\/evenements\/cinema\/cine-club\/cine-club-retours-a-reims-fragments\/#breadcrumb","itemListElement":[{"@type":"ListItem","position":1,"name":"Home","item":"https:\/\/www.institutfrancais-lituanie.com\/fr\/"},{"@type":"ListItem","position":2,"name":"\u00c9v\u00e9nements","item":"https:\/\/www.institutfrancais-lituanie.com\/fr\/evenements\/"},{"@type":"ListItem","position":3,"name":"Cin\u00e9ma","item":"https:\/\/www.institutfrancais-lituanie.com\/fr\/evenements\/cinema\/"},{"@type":"ListItem","position":4,"name":"Cin\u00e9 club","item":"https:\/\/www.institutfrancais-lituanie.com\/fr\/evenements\/cinema\/cine-club\/"},{"@type":"ListItem","position":5,"name":"Cin\u00e9-club : Retours \u00e0 Reims (Fragments)"}]},{"@type":"WebSite","@id":"https:\/\/www.institutfrancais-lituanie.com\/fr\/#website","url":"https:\/\/www.institutfrancais-lituanie.com\/fr\/","name":"IF Lituanie","description":"Pranc\u016bz\u0173 kalbos kursai, kult\u016bra, mediateka...","publisher":{"@id":"https:\/\/www.institutfrancais-lituanie.com\/fr\/#organization"},"potentialAction":[{"@type":"SearchAction","target":{"@type":"EntryPoint","urlTemplate":"https:\/\/www.institutfrancais-lituanie.com\/fr\/?s={search_term_string}"},"query-input":"required name=search_term_string"}],"inLanguage":"fr-FR"},{"@type":"Organization","@id":"https:\/\/www.institutfrancais-lituanie.com\/fr\/#organization","name":"Pranc\u016bz\u0173 institutas","url":"https:\/\/www.institutfrancais-lituanie.com\/fr\/","logo":{"@type":"ImageObject","inLanguage":"fr-FR","@id":"https:\/\/www.institutfrancais-lituanie.com\/fr\/#\/schema\/logo\/image\/","url":"https:\/\/www.institutfrancais-lituanie.com\/wp-content\/uploads\/2023\/04\/IF_Logo-Lituanie-RVB.jpg","contentUrl":"https:\/\/www.institutfrancais-lituanie.com\/wp-content\/uploads\/2023\/04\/IF_Logo-Lituanie-RVB.jpg","width":827,"height":555,"caption":"Pranc\u016bz\u0173 institutas"},"image":{"@id":"https:\/\/www.institutfrancais-lituanie.com\/fr\/#\/schema\/logo\/image\/"},"sameAs":["https:\/\/www.facebook.com\/prancuzuinstitutas\/","https:\/\/www.instagram.com\/institut_francais_lituanie\/"]}]}},"_links":{"self":[{"href":"https:\/\/www.institutfrancais-lituanie.com\/fr\/wp-json\/wp\/v2\/pages\/12612"}],"collection":[{"href":"https:\/\/www.institutfrancais-lituanie.com\/fr\/wp-json\/wp\/v2\/pages"}],"about":[{"href":"https:\/\/www.institutfrancais-lituanie.com\/fr\/wp-json\/wp\/v2\/types\/page"}],"author":[{"embeddable":true,"href":"https:\/\/www.institutfrancais-lituanie.com\/fr\/wp-json\/wp\/v2\/users\/8"}],"replies":[{"embeddable":true,"href":"https:\/\/www.institutfrancais-lituanie.com\/fr\/wp-json\/wp\/v2\/comments?post=12612"}],"version-history":[{"count":1,"href":"https:\/\/www.institutfrancais-lituanie.com\/fr\/wp-json\/wp\/v2\/pages\/12612\/revisions"}],"predecessor-version":[{"id":12613,"href":"https:\/\/www.institutfrancais-lituanie.com\/fr\/wp-json\/wp\/v2\/pages\/12612\/revisions\/12613"}],"up":[{"embeddable":true,"href":"https:\/\/www.institutfrancais-lituanie.com\/fr\/wp-json\/wp\/v2\/pages\/2807"}],"wp:featuredmedia":[{"embeddable":true,"href":"https:\/\/www.institutfrancais-lituanie.com\/fr\/wp-json\/wp\/v2\/media\/12610"}],"wp:attachment":[{"href":"https:\/\/www.institutfrancais-lituanie.com\/fr\/wp-json\/wp\/v2\/media?parent=12612"}],"curies":[{"name":"wp","href":"https:\/\/api.w.org\/{rel}","templated":true}]}}