{"id":12128,"date":"2022-07-18T09:36:21","date_gmt":"2022-07-18T09:36:21","guid":{"rendered":"https:\/\/www.institutfrancais-lituanie.com\/?page_id=12128"},"modified":"2022-07-18T09:36:21","modified_gmt":"2022-07-18T09:36:21","slug":"kaunas-2022-capitale-europeenne-de-la-culture-exposition-le-voyage-de-marilia-destot","status":"publish","type":"page","link":"https:\/\/www.institutfrancais-lituanie.com\/fr\/kaunas-2022-capitale-europeenne-de-la-culture-exposition-le-voyage-de-marilia-destot\/","title":{"rendered":"Kaunas 2022, capitale europ\u00e9enne de la culture\u00a0: exposition &#8220;Le voyage&#8221; de Marilia Destot"},"content":{"rendered":"<div class=\"wpb-content-wrapper\"><p>[vc_row][vc_column][vc_column_text]<strong>Kaunas 2022, capitale europ\u00e9enne de la culture\u00a0: exposition &#8220;Le voyage&#8221; de Marilia Destot. (du 14 juillet au 25 ao\u00fbt, Kaunas, LSMU, Putvinskio g. 14)<\/strong><\/p>\n<p>Dans \u00ab\u00a0Le Voyage\u00a0\u00bb, l&#8217;artiste fran\u00e7aise Marilia Destot parle de la m\u00e9moire, de sa nature po\u00e9tique et de sa fragilit\u00e9. L&#8217;exposition pr\u00e9sente des projets artistiques r\u00e9cents, ex\u00e9cut\u00e9s selon diverses techniques, dans lesquels l&#8217;artiste explore les racines historiques de sa famille en Lituanie et recr\u00e9e la m\u00e9moire activ\u00e9e par l&#8217;imagination.<\/p>\n<p>Marilia Destot a commenc\u00e9 \u00e0 s&#8217;int\u00e9resser \u00e0 ses racines lituaniennes et \u00e0 son h\u00e9ritage juif en 2001, lors de son premier s\u00e9jour en Lituanie. Depuis 2019, l&#8217;artiste d\u00e9veloppe le projet &#8220;Le voyage&#8221;, qu&#8217;elle a commenc\u00e9 pendant sa r\u00e9sidence \u00e0 la galerie de photographie de Kaunas, en combinant des documents d&#8217;archives avec les souvenirs et les histoires des membres de sa famille pour cr\u00e9er une biographie historique distinctive de plusieurs g\u00e9n\u00e9rations diff\u00e9rentes bas\u00e9e sur la m\u00e9moire.<\/p>\n<p>Marilia Destot (1977) est une photographe fran\u00e7aise qui vit et travaille \u00e0 New York, aux \u00c9tats-Unis. Ses s\u00e9ries de portraits, de danse et de photographies de paysages explorent la nature cyclique du temps, son passage et les traces que nous laissons derri\u00e8re nous.<\/p>\n<p>Ses travaux ont \u00e9t\u00e9 r\u00e9compens\u00e9s par de nombreux prix et expos\u00e9 dans de nombreuses institutions et festivals en Europe et aux \u00c9tats-Unis, notamment aux Recontres de la Photographie d&#8217;Arles, \u00e0 la Bourse du Talent\/BNF \u00e0 Paris et \u00e0 l\u2019Institut fran\u00e7ais de New York.<\/p>\n<p>L&#8217;exposition se tiendra jusqu&#8217;au 25 ao\u00fbt.<\/p>\n<p>Ouvert les mercredis et jeudis, de 11 h \u00e0 17 h.<\/p>\n<p>Pour visiter l&#8217;exposition \u00e0 d&#8217;autres moments, veuillez contacter : <a href=\"mailto:info@kaunasgallery.lt\">info@kaunasgallery.lt<\/a>.<\/p>\n<p>L&#8217;exposition est gratuite.<\/p>\n<p>L&#8217;exposition est organis\u00e9e par la galerie de photographie de Kaunas.<\/p>\n<p>L&#8217;exposition fait partie des programmes de Kaunas 2022 et du Festival des histoires 2022.<\/p>\n<p>L&#8217;exposition est soutenue par Kaunas 2022, le Conseil lituanien pour la culture, l&#8217;Institut fran\u00e7ais de Lituanie et la LSMU.<\/p>\n<p><a href=\"https:\/\/fb.me\/e\/7BHPwnGZY\">https:\/\/fb.me\/e\/7BHPwnGZY<\/a>[\/vc_column_text][\/vc_column][\/vc_row]<\/p>\n<\/div>","protected":false},"excerpt":{"rendered":"[vc_row][vc_column][vc_column_text]Kaunas 2022, capitale europ\u00e9enne de la culture\u00a0: exposition \"Le voyage\" de Marilia Destot. (du 14&hellip;","protected":false},"author":8,"featured_media":12126,"parent":0,"menu_order":0,"comment_status":"closed","ping_status":"closed","template":"","meta":{"footnotes":""},"class_list":["post-12128","page","type-page","status-publish","has-post-thumbnail","hentry"],"yoast_head":"<!-- This site is optimized with the Yoast SEO plugin v23.2 - https:\/\/yoast.com\/wordpress\/plugins\/seo\/ -->\n<title>Kaunas 2022, capitale europ\u00e9enne de la culture\u00a0: exposition &quot;Le voyage&quot; de Marilia Destot - IF Lituanie<\/title>\n<meta name=\"robots\" content=\"index, follow, max-snippet:-1, max-image-preview:large, max-video-preview:-1\" \/>\n<link rel=\"canonical\" href=\"https:\/\/www.institutfrancais-lituanie.com\/fr\/kaunas-2022-capitale-europeenne-de-la-culture-exposition-le-voyage-de-marilia-destot\/\" \/>\n<meta property=\"og:locale\" content=\"fr_FR\" \/>\n<meta property=\"og:type\" content=\"article\" \/>\n<meta property=\"og:title\" content=\"Kaunas 2022, capitale europ\u00e9enne de la culture\u00a0: exposition &quot;Le voyage&quot; de Marilia Destot - IF Lituanie\" \/>\n<meta property=\"og:url\" content=\"https:\/\/www.institutfrancais-lituanie.com\/fr\/kaunas-2022-capitale-europeenne-de-la-culture-exposition-le-voyage-de-marilia-destot\/\" \/>\n<meta property=\"og:site_name\" content=\"IF Lituanie\" \/>\n<meta property=\"article:publisher\" content=\"https:\/\/www.facebook.com\/prancuzuinstitutas\/\" \/>\n<meta property=\"og:image\" content=\"https:\/\/www.institutfrancais-lituanie.com\/wp-content\/uploads\/2022\/07\/Screenshot-2022-07-18-at-12.31.06.png\" \/>\n\t<meta property=\"og:image:width\" content=\"2550\" \/>\n\t<meta property=\"og:image:height\" content=\"1406\" \/>\n\t<meta property=\"og:image:type\" content=\"image\/png\" \/>\n<meta name=\"twitter:card\" content=\"summary_large_image\" \/>\n<meta name=\"twitter:label1\" content=\"Est. reading time\" \/>\n\t<meta name=\"twitter:data1\" content=\"2 minutes\" \/>\n<script type=\"application\/ld+json\" class=\"yoast-schema-graph\">{\"@context\":\"https:\/\/schema.org\",\"@graph\":[{\"@type\":\"WebPage\",\"@id\":\"https:\/\/www.institutfrancais-lituanie.com\/fr\/kaunas-2022-capitale-europeenne-de-la-culture-exposition-le-voyage-de-marilia-destot\/\",\"url\":\"https:\/\/www.institutfrancais-lituanie.com\/fr\/kaunas-2022-capitale-europeenne-de-la-culture-exposition-le-voyage-de-marilia-destot\/\",\"name\":\"Kaunas 2022, capitale europ\u00e9enne de la culture\u00a0: exposition \\\"Le voyage\\\" de Marilia Destot - IF Lituanie\",\"isPartOf\":{\"@id\":\"https:\/\/www.institutfrancais-lituanie.com\/fr\/#website\"},\"primaryImageOfPage\":{\"@id\":\"https:\/\/www.institutfrancais-lituanie.com\/fr\/kaunas-2022-capitale-europeenne-de-la-culture-exposition-le-voyage-de-marilia-destot\/#primaryimage\"},\"image\":{\"@id\":\"https:\/\/www.institutfrancais-lituanie.com\/fr\/kaunas-2022-capitale-europeenne-de-la-culture-exposition-le-voyage-de-marilia-destot\/#primaryimage\"},\"thumbnailUrl\":\"https:\/\/www.institutfrancais-lituanie.com\/wp-content\/uploads\/2022\/07\/Screenshot-2022-07-18-at-12.31.06.png\",\"datePublished\":\"2022-07-18T09:36:21+00:00\",\"dateModified\":\"2022-07-18T09:36:21+00:00\",\"breadcrumb\":{\"@id\":\"https:\/\/www.institutfrancais-lituanie.com\/fr\/kaunas-2022-capitale-europeenne-de-la-culture-exposition-le-voyage-de-marilia-destot\/#breadcrumb\"},\"inLanguage\":\"fr-FR\",\"potentialAction\":[{\"@type\":\"ReadAction\",\"target\":[\"https:\/\/www.institutfrancais-lituanie.com\/fr\/kaunas-2022-capitale-europeenne-de-la-culture-exposition-le-voyage-de-marilia-destot\/\"]}]},{\"@type\":\"ImageObject\",\"inLanguage\":\"fr-FR\",\"@id\":\"https:\/\/www.institutfrancais-lituanie.com\/fr\/kaunas-2022-capitale-europeenne-de-la-culture-exposition-le-voyage-de-marilia-destot\/#primaryimage\",\"url\":\"https:\/\/www.institutfrancais-lituanie.com\/wp-content\/uploads\/2022\/07\/Screenshot-2022-07-18-at-12.31.06.png\",\"contentUrl\":\"https:\/\/www.institutfrancais-lituanie.com\/wp-content\/uploads\/2022\/07\/Screenshot-2022-07-18-at-12.31.06.png\",\"width\":2550,\"height\":1406},{\"@type\":\"BreadcrumbList\",\"@id\":\"https:\/\/www.institutfrancais-lituanie.com\/fr\/kaunas-2022-capitale-europeenne-de-la-culture-exposition-le-voyage-de-marilia-destot\/#breadcrumb\",\"itemListElement\":[{\"@type\":\"ListItem\",\"position\":1,\"name\":\"Home\",\"item\":\"https:\/\/www.institutfrancais-lituanie.com\/fr\/\"},{\"@type\":\"ListItem\",\"position\":2,\"name\":\"Kaunas 2022, capitale europ\u00e9enne de la culture\u00a0: exposition &#8222;Le voyage&#8221; de Marilia Destot\"}]},{\"@type\":\"WebSite\",\"@id\":\"https:\/\/www.institutfrancais-lituanie.com\/fr\/#website\",\"url\":\"https:\/\/www.institutfrancais-lituanie.com\/fr\/\",\"name\":\"IF Lituanie\",\"description\":\"Pranc\u016bz\u0173 kalbos kursai, kult\u016bra, mediateka...\",\"publisher\":{\"@id\":\"https:\/\/www.institutfrancais-lituanie.com\/fr\/#organization\"},\"potentialAction\":[{\"@type\":\"SearchAction\",\"target\":{\"@type\":\"EntryPoint\",\"urlTemplate\":\"https:\/\/www.institutfrancais-lituanie.com\/fr\/?s={search_term_string}\"},\"query-input\":\"required name=search_term_string\"}],\"inLanguage\":\"fr-FR\"},{\"@type\":\"Organization\",\"@id\":\"https:\/\/www.institutfrancais-lituanie.com\/fr\/#organization\",\"name\":\"Pranc\u016bz\u0173 institutas\",\"url\":\"https:\/\/www.institutfrancais-lituanie.com\/fr\/\",\"logo\":{\"@type\":\"ImageObject\",\"inLanguage\":\"fr-FR\",\"@id\":\"https:\/\/www.institutfrancais-lituanie.com\/fr\/#\/schema\/logo\/image\/\",\"url\":\"https:\/\/www.institutfrancais-lituanie.com\/wp-content\/uploads\/2023\/04\/IF_Logo-Lituanie-RVB.jpg\",\"contentUrl\":\"https:\/\/www.institutfrancais-lituanie.com\/wp-content\/uploads\/2023\/04\/IF_Logo-Lituanie-RVB.jpg\",\"width\":827,\"height\":555,\"caption\":\"Pranc\u016bz\u0173 institutas\"},\"image\":{\"@id\":\"https:\/\/www.institutfrancais-lituanie.com\/fr\/#\/schema\/logo\/image\/\"},\"sameAs\":[\"https:\/\/www.facebook.com\/prancuzuinstitutas\/\",\"https:\/\/www.instagram.com\/institut_francais_lituanie\/\"]}]}<\/script>\n<!-- \/ Yoast SEO plugin. -->","yoast_head_json":{"title":"Kaunas 2022, capitale europ\u00e9enne de la culture\u00a0: exposition \"Le voyage\" de Marilia Destot - IF Lituanie","robots":{"index":"index","follow":"follow","max-snippet":"max-snippet:-1","max-image-preview":"max-image-preview:large","max-video-preview":"max-video-preview:-1"},"canonical":"https:\/\/www.institutfrancais-lituanie.com\/fr\/kaunas-2022-capitale-europeenne-de-la-culture-exposition-le-voyage-de-marilia-destot\/","og_locale":"fr_FR","og_type":"article","og_title":"Kaunas 2022, capitale europ\u00e9enne de la culture\u00a0: exposition \"Le voyage\" de Marilia Destot - IF Lituanie","og_url":"https:\/\/www.institutfrancais-lituanie.com\/fr\/kaunas-2022-capitale-europeenne-de-la-culture-exposition-le-voyage-de-marilia-destot\/","og_site_name":"IF Lituanie","article_publisher":"https:\/\/www.facebook.com\/prancuzuinstitutas\/","og_image":[{"width":2550,"height":1406,"url":"https:\/\/www.institutfrancais-lituanie.com\/wp-content\/uploads\/2022\/07\/Screenshot-2022-07-18-at-12.31.06.png","type":"image\/png"}],"twitter_card":"summary_large_image","twitter_misc":{"Est. reading time":"2 minutes"},"schema":{"@context":"https:\/\/schema.org","@graph":[{"@type":"WebPage","@id":"https:\/\/www.institutfrancais-lituanie.com\/fr\/kaunas-2022-capitale-europeenne-de-la-culture-exposition-le-voyage-de-marilia-destot\/","url":"https:\/\/www.institutfrancais-lituanie.com\/fr\/kaunas-2022-capitale-europeenne-de-la-culture-exposition-le-voyage-de-marilia-destot\/","name":"Kaunas 2022, capitale europ\u00e9enne de la culture\u00a0: exposition \"Le voyage\" de Marilia Destot - IF Lituanie","isPartOf":{"@id":"https:\/\/www.institutfrancais-lituanie.com\/fr\/#website"},"primaryImageOfPage":{"@id":"https:\/\/www.institutfrancais-lituanie.com\/fr\/kaunas-2022-capitale-europeenne-de-la-culture-exposition-le-voyage-de-marilia-destot\/#primaryimage"},"image":{"@id":"https:\/\/www.institutfrancais-lituanie.com\/fr\/kaunas-2022-capitale-europeenne-de-la-culture-exposition-le-voyage-de-marilia-destot\/#primaryimage"},"thumbnailUrl":"https:\/\/www.institutfrancais-lituanie.com\/wp-content\/uploads\/2022\/07\/Screenshot-2022-07-18-at-12.31.06.png","datePublished":"2022-07-18T09:36:21+00:00","dateModified":"2022-07-18T09:36:21+00:00","breadcrumb":{"@id":"https:\/\/www.institutfrancais-lituanie.com\/fr\/kaunas-2022-capitale-europeenne-de-la-culture-exposition-le-voyage-de-marilia-destot\/#breadcrumb"},"inLanguage":"fr-FR","potentialAction":[{"@type":"ReadAction","target":["https:\/\/www.institutfrancais-lituanie.com\/fr\/kaunas-2022-capitale-europeenne-de-la-culture-exposition-le-voyage-de-marilia-destot\/"]}]},{"@type":"ImageObject","inLanguage":"fr-FR","@id":"https:\/\/www.institutfrancais-lituanie.com\/fr\/kaunas-2022-capitale-europeenne-de-la-culture-exposition-le-voyage-de-marilia-destot\/#primaryimage","url":"https:\/\/www.institutfrancais-lituanie.com\/wp-content\/uploads\/2022\/07\/Screenshot-2022-07-18-at-12.31.06.png","contentUrl":"https:\/\/www.institutfrancais-lituanie.com\/wp-content\/uploads\/2022\/07\/Screenshot-2022-07-18-at-12.31.06.png","width":2550,"height":1406},{"@type":"BreadcrumbList","@id":"https:\/\/www.institutfrancais-lituanie.com\/fr\/kaunas-2022-capitale-europeenne-de-la-culture-exposition-le-voyage-de-marilia-destot\/#breadcrumb","itemListElement":[{"@type":"ListItem","position":1,"name":"Home","item":"https:\/\/www.institutfrancais-lituanie.com\/fr\/"},{"@type":"ListItem","position":2,"name":"Kaunas 2022, capitale europ\u00e9enne de la culture\u00a0: exposition &#8222;Le voyage&#8221; de Marilia Destot"}]},{"@type":"WebSite","@id":"https:\/\/www.institutfrancais-lituanie.com\/fr\/#website","url":"https:\/\/www.institutfrancais-lituanie.com\/fr\/","name":"IF Lituanie","description":"Pranc\u016bz\u0173 kalbos kursai, kult\u016bra, mediateka...","publisher":{"@id":"https:\/\/www.institutfrancais-lituanie.com\/fr\/#organization"},"potentialAction":[{"@type":"SearchAction","target":{"@type":"EntryPoint","urlTemplate":"https:\/\/www.institutfrancais-lituanie.com\/fr\/?s={search_term_string}"},"query-input":"required name=search_term_string"}],"inLanguage":"fr-FR"},{"@type":"Organization","@id":"https:\/\/www.institutfrancais-lituanie.com\/fr\/#organization","name":"Pranc\u016bz\u0173 institutas","url":"https:\/\/www.institutfrancais-lituanie.com\/fr\/","logo":{"@type":"ImageObject","inLanguage":"fr-FR","@id":"https:\/\/www.institutfrancais-lituanie.com\/fr\/#\/schema\/logo\/image\/","url":"https:\/\/www.institutfrancais-lituanie.com\/wp-content\/uploads\/2023\/04\/IF_Logo-Lituanie-RVB.jpg","contentUrl":"https:\/\/www.institutfrancais-lituanie.com\/wp-content\/uploads\/2023\/04\/IF_Logo-Lituanie-RVB.jpg","width":827,"height":555,"caption":"Pranc\u016bz\u0173 institutas"},"image":{"@id":"https:\/\/www.institutfrancais-lituanie.com\/fr\/#\/schema\/logo\/image\/"},"sameAs":["https:\/\/www.facebook.com\/prancuzuinstitutas\/","https:\/\/www.instagram.com\/institut_francais_lituanie\/"]}]}},"_links":{"self":[{"href":"https:\/\/www.institutfrancais-lituanie.com\/fr\/wp-json\/wp\/v2\/pages\/12128"}],"collection":[{"href":"https:\/\/www.institutfrancais-lituanie.com\/fr\/wp-json\/wp\/v2\/pages"}],"about":[{"href":"https:\/\/www.institutfrancais-lituanie.com\/fr\/wp-json\/wp\/v2\/types\/page"}],"author":[{"embeddable":true,"href":"https:\/\/www.institutfrancais-lituanie.com\/fr\/wp-json\/wp\/v2\/users\/8"}],"replies":[{"embeddable":true,"href":"https:\/\/www.institutfrancais-lituanie.com\/fr\/wp-json\/wp\/v2\/comments?post=12128"}],"version-history":[{"count":1,"href":"https:\/\/www.institutfrancais-lituanie.com\/fr\/wp-json\/wp\/v2\/pages\/12128\/revisions"}],"predecessor-version":[{"id":12129,"href":"https:\/\/www.institutfrancais-lituanie.com\/fr\/wp-json\/wp\/v2\/pages\/12128\/revisions\/12129"}],"wp:featuredmedia":[{"embeddable":true,"href":"https:\/\/www.institutfrancais-lituanie.com\/fr\/wp-json\/wp\/v2\/media\/12126"}],"wp:attachment":[{"href":"https:\/\/www.institutfrancais-lituanie.com\/fr\/wp-json\/wp\/v2\/media?parent=12128"}],"curies":[{"name":"wp","href":"https:\/\/api.w.org\/{rel}","templated":true}]}}