{"id":11293,"date":"2022-03-07T13:13:53","date_gmt":"2022-03-07T13:13:53","guid":{"rendered":"https:\/\/www.institutfrancais-lituanie.com\/?page_id=11293"},"modified":"2022-08-18T09:11:54","modified_gmt":"2022-08-18T09:11:54","slug":"francais-par-le-chant-a-partir-du-a2","status":"publish","type":"page","link":"https:\/\/www.institutfrancais-lituanie.com\/fr\/francais-par-le-chant-a-partir-du-a2\/","title":{"rendered":"Fran\u00e7ais par le chant (\u00e0 partir du A2)"},"content":{"rendered":"<div class=\"wpb-content-wrapper\"><p>[vc_row][vc_column][vc_column_text]<strong><span style=\"color: #008ac9;\"><span style=\"font-size: 12pt;\"><span style=\"font-size: 12pt;\">Atelier th\u00e9matique: f<\/span><\/span>ran\u00e7ais par le chant (A partir du A2)<\/span><\/strong><\/p>\n<hr \/>\n<p>Le chant est une pratique aux vertus illimit\u00e9es que l\u2019on veuille faciliter un apprentissage ou promouvoir le bien-\u00eatre des personnes.<\/p>\n<p>Le chant choral, pratiqu\u00e9 en groupe d\u2019un niveau homog\u00e8ne, permet par-dessus tout cette dynamique p\u00e9dagogique et sociale. Il suffit avant tout d\u2019aimer chanter, et de vouloir d\u00e9velopper son petit brin de voix que l\u2019on cache trop souvent par crainte de comparaison, par pudeur, par manque de confiance en soi. Et ensuite, le miracle se produit:<\/p>\n<p>&#8211; l\u2019apprentissage d\u2019une langue \u00e9trang\u00e8re passe notamment par la n\u00e9cessit\u00e9 de vaincre cette timidit\u00e9, pour am\u00e9liorer sa prise de parole en public, qui est un outil formateur essentiel;<\/p>\n<p>&#8211; la prononciation, si difficile \u00e0 ma\u00eetriser en fran\u00e7ais, semble couler plus facilement d\u00e8s lors que l\u2019on articule les paroles d\u2019une chanson, avec ses rimes et son rythme, et ses voisins de pupitre pour nous guider, ou nous rassurer;<\/p>\n<p>&#8211; la m\u00e9morisation rapide du texte favorise les r\u00e9flexes instinctifs de la construction grammaticale, de la conjugaison, des expressions, et bien entendu du vocabulaire;<\/p>\n<p>&#8211; sans parler de la joie simple de se retrouver pour chanter, sans pression ni jugement, pour progresser ensemble et parvenir \u00e0 un r\u00e9sultat commun qui implique la participation active des uns et des autres.<\/p>\n<p>En 6 semaines, l\u2019atelier peut aborder 3 ou 4 titres, qui seront choisis selon l\u2019\u00e9quilibre dans la difficult\u00e9 musicale, et la compl\u00e9mentarit\u00e9 dans la difficult\u00e9 linguistique. Certains peuvent se r\u00e9f\u00e9rer au jeu po\u00e9tique, d\u2019autres au challenge de la prononciation, d\u2019autres encore \u00e0 l\u2019interpr\u00e9tation d\u2019apr\u00e8s le th\u00e8me abord\u00e9 et le sens des mots.<\/p>\n<p><strong>Enseignant : <\/strong>Matthieu Bruyndonckx<\/p>\n<p><strong>RYTHME :<\/strong>\u00a06 rencontres de 1,5 h (12 heures acad\u00e9miques)<br \/>\n<strong>NIVEAUX :\u00a0<\/strong> \u00e0 partir de A2<br \/>\n<strong>EMPLOI DU TEMPS : Jeudi 18.30-20.00<\/strong><br \/>\n17, 24, 31 Mars et 07, 14, 21 Avril<\/p>\n<p><strong>TARIF<\/strong> : 90\u00a0 \u20ac[\/vc_column_text][\/vc_column][\/vc_row][vc_row title=&#8221;Inscription&#8221; style=&#8221;modern&#8221; gradient_color_1=&#8221;turquoise&#8221; gradient_color_2=&#8221;blue&#8221; gradient_custom_color_1=&#8221;#dd3333&#8243; gradient_custom_color_2=&#8221;#eeee22&#8243; gradient_text_color=&#8221;#ffffff&#8221; custom_background=&#8221;#ededed&#8221; custom_text=&#8221;#666666&#8243; outline_custom_color=&#8221;#666666&#8243; outline_custom_hover_background=&#8221;#666666&#8243; outline_custom_hover_text=&#8221;#ffffff&#8221; shape=&#8221;square&#8221; color=&#8221;danger&#8221; size=&#8221;lg&#8221; align=&#8221;inline&#8221; button_block=&#8221;&#8221; add_icon=&#8221;&#8221; i_align=&#8221;left&#8221; i_type=&#8221;fontawesome&#8221; i_icon_fontawesome=&#8221;fa fa-adjust&#8221; i_icon_openiconic=&#8221;vc-oi vc-oi-dial&#8221; i_icon_typicons=&#8221;typcn typcn-adjust-brightness&#8221; i_icon_entypo=&#8221;entypo-icon entypo-icon-note&#8221; i_icon_linecons=&#8221;vc_li vc_li-heart&#8221; i_icon_monosocial=&#8221;vc-mono vc-mono-fivehundredpx&#8221; i_icon_material=&#8221;vc-material vc-material-cake&#8221; i_icon_pixelicons=&#8221;vc_pixel_icon vc_pixel_icon-alert&#8221; custom_onclick=&#8221;&#8221; link=&#8221;url:http%3A%2F%2Finscrire.hanaf.net%2Fvilnius.php||target:%20_blank|&#8221; custom_onclick_code=&#8221;&#8221;][vc_column][vc_btn title=&#8221;Inscription&#8221; shape=&#8221;square&#8221; color=&#8221;danger&#8221; size=&#8221;lg&#8221; link=&#8221;url:http%3A%2F%2Finscrire.hanaf.net%2Fvilnius.php||target:%20_blank|&#8221;][\/vc_column][\/vc_row][vc_row][vc_column][vc_separator][\/vc_column][\/vc_row][vc_row][vc_column][vc_message icon_fontawesome=&#8221;fas fa-envelope&#8221;]<strong>Service des cours<\/strong><br \/>\nmokymai@institutfrancais-lituanie.com<br \/>\nt\u00e9l. +370 5 219 96 55, +370 5 219 96 54[\/vc_message][\/vc_column][\/vc_row]<\/p>\n<\/div>","protected":false},"excerpt":{"rendered":"[vc_row][vc_column][vc_column_text]Atelier th\u00e9matique: fran\u00e7ais par le chant (A partir du A2) Le chant est une pratique&hellip;","protected":false},"author":7,"featured_media":11308,"parent":0,"menu_order":0,"comment_status":"closed","ping_status":"closed","template":"","meta":{"footnotes":""},"class_list":["post-11293","page","type-page","status-publish","has-post-thumbnail","hentry"],"yoast_head":"<!-- This site is optimized with the Yoast SEO plugin v23.2 - https:\/\/yoast.com\/wordpress\/plugins\/seo\/ -->\n<title>Fran\u00e7ais par le chant (\u00e0 partir du A2) - IF Lituanie<\/title>\n<meta name=\"robots\" content=\"index, follow, max-snippet:-1, max-image-preview:large, max-video-preview:-1\" \/>\n<link rel=\"canonical\" href=\"https:\/\/www.institutfrancais-lituanie.com\/fr\/francais-par-le-chant-a-partir-du-a2\/\" \/>\n<meta property=\"og:locale\" content=\"fr_FR\" \/>\n<meta property=\"og:type\" content=\"article\" \/>\n<meta property=\"og:title\" content=\"Fran\u00e7ais par le chant (\u00e0 partir du A2) - IF Lituanie\" \/>\n<meta property=\"og:url\" content=\"https:\/\/www.institutfrancais-lituanie.com\/fr\/francais-par-le-chant-a-partir-du-a2\/\" \/>\n<meta property=\"og:site_name\" content=\"IF Lituanie\" \/>\n<meta property=\"article:publisher\" content=\"https:\/\/www.facebook.com\/prancuzuinstitutas\/\" \/>\n<meta property=\"article:modified_time\" content=\"2022-08-18T09:11:54+00:00\" \/>\n<meta property=\"og:image\" content=\"https:\/\/www.institutfrancais-lituanie.com\/wp-content\/uploads\/2022\/03\/Atelje_par-le-chant-01-01.jpg\" \/>\n\t<meta property=\"og:image:width\" content=\"1171\" \/>\n\t<meta property=\"og:image:height\" content=\"586\" \/>\n\t<meta property=\"og:image:type\" content=\"image\/jpeg\" \/>\n<meta name=\"twitter:card\" content=\"summary_large_image\" \/>\n<meta name=\"twitter:label1\" content=\"Est. reading time\" \/>\n\t<meta name=\"twitter:data1\" content=\"2 minutes\" \/>\n<script type=\"application\/ld+json\" class=\"yoast-schema-graph\">{\"@context\":\"https:\/\/schema.org\",\"@graph\":[{\"@type\":\"WebPage\",\"@id\":\"https:\/\/www.institutfrancais-lituanie.com\/fr\/francais-par-le-chant-a-partir-du-a2\/\",\"url\":\"https:\/\/www.institutfrancais-lituanie.com\/fr\/francais-par-le-chant-a-partir-du-a2\/\",\"name\":\"Fran\u00e7ais par le chant (\u00e0 partir du A2) - IF Lituanie\",\"isPartOf\":{\"@id\":\"https:\/\/www.institutfrancais-lituanie.com\/fr\/#website\"},\"primaryImageOfPage\":{\"@id\":\"https:\/\/www.institutfrancais-lituanie.com\/fr\/francais-par-le-chant-a-partir-du-a2\/#primaryimage\"},\"image\":{\"@id\":\"https:\/\/www.institutfrancais-lituanie.com\/fr\/francais-par-le-chant-a-partir-du-a2\/#primaryimage\"},\"thumbnailUrl\":\"https:\/\/www.institutfrancais-lituanie.com\/wp-content\/uploads\/2022\/03\/Atelje_par-le-chant-01-01.jpg\",\"datePublished\":\"2022-03-07T13:13:53+00:00\",\"dateModified\":\"2022-08-18T09:11:54+00:00\",\"breadcrumb\":{\"@id\":\"https:\/\/www.institutfrancais-lituanie.com\/fr\/francais-par-le-chant-a-partir-du-a2\/#breadcrumb\"},\"inLanguage\":\"fr-FR\",\"potentialAction\":[{\"@type\":\"ReadAction\",\"target\":[\"https:\/\/www.institutfrancais-lituanie.com\/fr\/francais-par-le-chant-a-partir-du-a2\/\"]}]},{\"@type\":\"ImageObject\",\"inLanguage\":\"fr-FR\",\"@id\":\"https:\/\/www.institutfrancais-lituanie.com\/fr\/francais-par-le-chant-a-partir-du-a2\/#primaryimage\",\"url\":\"https:\/\/www.institutfrancais-lituanie.com\/wp-content\/uploads\/2022\/03\/Atelje_par-le-chant-01-01.jpg\",\"contentUrl\":\"https:\/\/www.institutfrancais-lituanie.com\/wp-content\/uploads\/2022\/03\/Atelje_par-le-chant-01-01.jpg\",\"width\":1171,\"height\":586},{\"@type\":\"BreadcrumbList\",\"@id\":\"https:\/\/www.institutfrancais-lituanie.com\/fr\/francais-par-le-chant-a-partir-du-a2\/#breadcrumb\",\"itemListElement\":[{\"@type\":\"ListItem\",\"position\":1,\"name\":\"Home\",\"item\":\"https:\/\/www.institutfrancais-lituanie.com\/fr\/\"},{\"@type\":\"ListItem\",\"position\":2,\"name\":\"Fran\u00e7ais par le chant (\u00e0 partir du A2)\"}]},{\"@type\":\"WebSite\",\"@id\":\"https:\/\/www.institutfrancais-lituanie.com\/fr\/#website\",\"url\":\"https:\/\/www.institutfrancais-lituanie.com\/fr\/\",\"name\":\"IF Lituanie\",\"description\":\"Pranc\u016bz\u0173 kalbos kursai, kult\u016bra, mediateka...\",\"publisher\":{\"@id\":\"https:\/\/www.institutfrancais-lituanie.com\/fr\/#organization\"},\"potentialAction\":[{\"@type\":\"SearchAction\",\"target\":{\"@type\":\"EntryPoint\",\"urlTemplate\":\"https:\/\/www.institutfrancais-lituanie.com\/fr\/?s={search_term_string}\"},\"query-input\":\"required name=search_term_string\"}],\"inLanguage\":\"fr-FR\"},{\"@type\":\"Organization\",\"@id\":\"https:\/\/www.institutfrancais-lituanie.com\/fr\/#organization\",\"name\":\"Pranc\u016bz\u0173 institutas\",\"url\":\"https:\/\/www.institutfrancais-lituanie.com\/fr\/\",\"logo\":{\"@type\":\"ImageObject\",\"inLanguage\":\"fr-FR\",\"@id\":\"https:\/\/www.institutfrancais-lituanie.com\/fr\/#\/schema\/logo\/image\/\",\"url\":\"https:\/\/www.institutfrancais-lituanie.com\/wp-content\/uploads\/2023\/04\/IF_Logo-Lituanie-RVB.jpg\",\"contentUrl\":\"https:\/\/www.institutfrancais-lituanie.com\/wp-content\/uploads\/2023\/04\/IF_Logo-Lituanie-RVB.jpg\",\"width\":827,\"height\":555,\"caption\":\"Pranc\u016bz\u0173 institutas\"},\"image\":{\"@id\":\"https:\/\/www.institutfrancais-lituanie.com\/fr\/#\/schema\/logo\/image\/\"},\"sameAs\":[\"https:\/\/www.facebook.com\/prancuzuinstitutas\/\",\"https:\/\/www.instagram.com\/institut_francais_lituanie\/\"]}]}<\/script>\n<!-- \/ Yoast SEO plugin. -->","yoast_head_json":{"title":"Fran\u00e7ais par le chant (\u00e0 partir du A2) - IF Lituanie","robots":{"index":"index","follow":"follow","max-snippet":"max-snippet:-1","max-image-preview":"max-image-preview:large","max-video-preview":"max-video-preview:-1"},"canonical":"https:\/\/www.institutfrancais-lituanie.com\/fr\/francais-par-le-chant-a-partir-du-a2\/","og_locale":"fr_FR","og_type":"article","og_title":"Fran\u00e7ais par le chant (\u00e0 partir du A2) - IF Lituanie","og_url":"https:\/\/www.institutfrancais-lituanie.com\/fr\/francais-par-le-chant-a-partir-du-a2\/","og_site_name":"IF Lituanie","article_publisher":"https:\/\/www.facebook.com\/prancuzuinstitutas\/","article_modified_time":"2022-08-18T09:11:54+00:00","og_image":[{"width":1171,"height":586,"url":"https:\/\/www.institutfrancais-lituanie.com\/wp-content\/uploads\/2022\/03\/Atelje_par-le-chant-01-01.jpg","type":"image\/jpeg"}],"twitter_card":"summary_large_image","twitter_misc":{"Est. reading time":"2 minutes"},"schema":{"@context":"https:\/\/schema.org","@graph":[{"@type":"WebPage","@id":"https:\/\/www.institutfrancais-lituanie.com\/fr\/francais-par-le-chant-a-partir-du-a2\/","url":"https:\/\/www.institutfrancais-lituanie.com\/fr\/francais-par-le-chant-a-partir-du-a2\/","name":"Fran\u00e7ais par le chant (\u00e0 partir du A2) - IF Lituanie","isPartOf":{"@id":"https:\/\/www.institutfrancais-lituanie.com\/fr\/#website"},"primaryImageOfPage":{"@id":"https:\/\/www.institutfrancais-lituanie.com\/fr\/francais-par-le-chant-a-partir-du-a2\/#primaryimage"},"image":{"@id":"https:\/\/www.institutfrancais-lituanie.com\/fr\/francais-par-le-chant-a-partir-du-a2\/#primaryimage"},"thumbnailUrl":"https:\/\/www.institutfrancais-lituanie.com\/wp-content\/uploads\/2022\/03\/Atelje_par-le-chant-01-01.jpg","datePublished":"2022-03-07T13:13:53+00:00","dateModified":"2022-08-18T09:11:54+00:00","breadcrumb":{"@id":"https:\/\/www.institutfrancais-lituanie.com\/fr\/francais-par-le-chant-a-partir-du-a2\/#breadcrumb"},"inLanguage":"fr-FR","potentialAction":[{"@type":"ReadAction","target":["https:\/\/www.institutfrancais-lituanie.com\/fr\/francais-par-le-chant-a-partir-du-a2\/"]}]},{"@type":"ImageObject","inLanguage":"fr-FR","@id":"https:\/\/www.institutfrancais-lituanie.com\/fr\/francais-par-le-chant-a-partir-du-a2\/#primaryimage","url":"https:\/\/www.institutfrancais-lituanie.com\/wp-content\/uploads\/2022\/03\/Atelje_par-le-chant-01-01.jpg","contentUrl":"https:\/\/www.institutfrancais-lituanie.com\/wp-content\/uploads\/2022\/03\/Atelje_par-le-chant-01-01.jpg","width":1171,"height":586},{"@type":"BreadcrumbList","@id":"https:\/\/www.institutfrancais-lituanie.com\/fr\/francais-par-le-chant-a-partir-du-a2\/#breadcrumb","itemListElement":[{"@type":"ListItem","position":1,"name":"Home","item":"https:\/\/www.institutfrancais-lituanie.com\/fr\/"},{"@type":"ListItem","position":2,"name":"Fran\u00e7ais par le chant (\u00e0 partir du A2)"}]},{"@type":"WebSite","@id":"https:\/\/www.institutfrancais-lituanie.com\/fr\/#website","url":"https:\/\/www.institutfrancais-lituanie.com\/fr\/","name":"IF Lituanie","description":"Pranc\u016bz\u0173 kalbos kursai, kult\u016bra, mediateka...","publisher":{"@id":"https:\/\/www.institutfrancais-lituanie.com\/fr\/#organization"},"potentialAction":[{"@type":"SearchAction","target":{"@type":"EntryPoint","urlTemplate":"https:\/\/www.institutfrancais-lituanie.com\/fr\/?s={search_term_string}"},"query-input":"required name=search_term_string"}],"inLanguage":"fr-FR"},{"@type":"Organization","@id":"https:\/\/www.institutfrancais-lituanie.com\/fr\/#organization","name":"Pranc\u016bz\u0173 institutas","url":"https:\/\/www.institutfrancais-lituanie.com\/fr\/","logo":{"@type":"ImageObject","inLanguage":"fr-FR","@id":"https:\/\/www.institutfrancais-lituanie.com\/fr\/#\/schema\/logo\/image\/","url":"https:\/\/www.institutfrancais-lituanie.com\/wp-content\/uploads\/2023\/04\/IF_Logo-Lituanie-RVB.jpg","contentUrl":"https:\/\/www.institutfrancais-lituanie.com\/wp-content\/uploads\/2023\/04\/IF_Logo-Lituanie-RVB.jpg","width":827,"height":555,"caption":"Pranc\u016bz\u0173 institutas"},"image":{"@id":"https:\/\/www.institutfrancais-lituanie.com\/fr\/#\/schema\/logo\/image\/"},"sameAs":["https:\/\/www.facebook.com\/prancuzuinstitutas\/","https:\/\/www.instagram.com\/institut_francais_lituanie\/"]}]}},"_links":{"self":[{"href":"https:\/\/www.institutfrancais-lituanie.com\/fr\/wp-json\/wp\/v2\/pages\/11293"}],"collection":[{"href":"https:\/\/www.institutfrancais-lituanie.com\/fr\/wp-json\/wp\/v2\/pages"}],"about":[{"href":"https:\/\/www.institutfrancais-lituanie.com\/fr\/wp-json\/wp\/v2\/types\/page"}],"author":[{"embeddable":true,"href":"https:\/\/www.institutfrancais-lituanie.com\/fr\/wp-json\/wp\/v2\/users\/7"}],"replies":[{"embeddable":true,"href":"https:\/\/www.institutfrancais-lituanie.com\/fr\/wp-json\/wp\/v2\/comments?post=11293"}],"version-history":[{"count":2,"href":"https:\/\/www.institutfrancais-lituanie.com\/fr\/wp-json\/wp\/v2\/pages\/11293\/revisions"}],"predecessor-version":[{"id":12244,"href":"https:\/\/www.institutfrancais-lituanie.com\/fr\/wp-json\/wp\/v2\/pages\/11293\/revisions\/12244"}],"wp:featuredmedia":[{"embeddable":true,"href":"https:\/\/www.institutfrancais-lituanie.com\/fr\/wp-json\/wp\/v2\/media\/11308"}],"wp:attachment":[{"href":"https:\/\/www.institutfrancais-lituanie.com\/fr\/wp-json\/wp\/v2\/media?parent=11293"}],"curies":[{"name":"wp","href":"https:\/\/api.w.org\/{rel}","templated":true}]}}