{"id":10584,"date":"2022-02-17T13:22:52","date_gmt":"2022-02-17T13:22:52","guid":{"rendered":"https:\/\/www.institutfrancais-lituanie.com\/?page_id=10584"},"modified":"2022-02-17T13:23:15","modified_gmt":"2022-02-17T13:23:15","slug":"ifprofs-fr","status":"publish","type":"page","link":"https:\/\/www.institutfrancais-lituanie.com\/fr\/langue-education\/ifprofs-fr\/","title":{"rendered":"IFprofs"},"content":{"rendered":"<div class=\"wpb-content-wrapper\"><p>[vc_row][vc_column][vc_column_text]<\/p>\n<h4><span style=\"color: #198c57;\"><strong>IFprofs<\/strong><\/span><\/h4>\n<hr \/>\n<p><strong>C\u2018est le r\u00e9seau social mondial des professionnels exer\u00e7ant dans le domaine de l\u2019\u00e9ducation francophone<\/strong><\/p>\n<p>Vous \u00eates enseignant, formateur, coordinateur p\u00e9dagogique, chef d\u2019\u00e9tablissement ou jeune futur professionnel\u00a0?<\/p>\n<p>&#8211;&gt; Rejoignez la communaut\u00e9 mondiale des professionnels de l&#8217;\u00e9ducation francophone !<\/p>\n<p>Avec IFprofs, enrichissez vos pratiques professionnelles et \u00e9changez avec des coll\u00e8gues du monde entier.<\/p>\n<p>La communaut\u00e9 IFprofs aujourd\u2019hui, c\u2019est d\u00e9j\u00e0\u2026 52K membres, 23K publications et 127 pays repr\u00e9sent\u00e9s !<\/p>\n<p><strong>Cr\u00e9ez votre profil sur ce r\u00e9seau social d\u00e8s \u00e0 pr\u00e9sent et vous pourrez :<\/strong><\/p>\n<ul>\n<li><strong>TROUVER<\/strong> des ressources p\u00e9dagogiques, didactiques, brutes, des informations professionnelles, des retours d\u2019exp\u00e9riences, des vid\u00e9os, des photos et des enregistrements sonores sur les cultures francophones\u2026<\/li>\n<li><strong>DIALOGUER<\/strong> et \u00e9changer avec des coll\u00e8gues professionnels de Lituanie et du monde entier.<\/li>\n<li><strong>PARTAGER<\/strong> votre exp\u00e9rience professionnelle : d\u00e9poser en ligne des publications, vos t\u00e9moignages et opinions, des ressources que vous avez \u00e9labor\u00e9es, des messages utiles pour la communaut\u00e9.<\/li>\n<\/ul>\n<p><strong>IFprofs en 3\u00a0minutes<\/strong><\/p>\n<p>https:\/\/youtu.be\/wzIHDsnuDAE[\/vc_column_text][\/vc_column][\/vc_row][vc_row][vc_column][vc_message]<strong>IFprofs Lituanie<\/strong> : ifprofslituanie@gmail.com<br \/>\n<a href=\"https:\/\/ifprofs.org\/\" target=\"_blank\" rel=\"noopener\">ifprofs.org<\/a>[\/vc_message][\/vc_column][\/vc_row][vc_row][vc_column width=&#8221;1\/2&#8243;][vc_video link=&#8221;https:\/\/youtu.be\/fZMZYMsJEQY&#8221; title=&#8221;Webinaire IFprofs #23 &#8211; Les podcasts en classe de FLE&#8221;][\/vc_column][vc_column width=&#8221;1\/2&#8243;][vc_video link=&#8221;https:\/\/youtu.be\/KnFFMzEMtGY&#8221; title=&#8221;Webinaire IFprofs #20 &#8211; Les medias en classe de fran\u00e7ais&#8221;][\/vc_column][\/vc_row]<\/p>\n<\/div>","protected":false},"excerpt":{"rendered":"[vc_row][vc_column][vc_column_text] IFprofs C\u2018est le r\u00e9seau social mondial des professionnels exer\u00e7ant dans le domaine de l\u2019\u00e9ducation&hellip;","protected":false},"author":7,"featured_media":10581,"parent":8642,"menu_order":0,"comment_status":"closed","ping_status":"closed","template":"","meta":{"footnotes":""},"class_list":["post-10584","page","type-page","status-publish","has-post-thumbnail","hentry"],"yoast_head":"<!-- This site is optimized with the Yoast SEO plugin v23.2 - https:\/\/yoast.com\/wordpress\/plugins\/seo\/ -->\n<title>IFprofs - IF Lituanie<\/title>\n<meta name=\"robots\" content=\"index, follow, max-snippet:-1, max-image-preview:large, max-video-preview:-1\" \/>\n<link rel=\"canonical\" href=\"https:\/\/www.institutfrancais-lituanie.com\/fr\/langue-education\/ifprofs-fr\/\" \/>\n<meta property=\"og:locale\" content=\"fr_FR\" \/>\n<meta property=\"og:type\" content=\"article\" \/>\n<meta property=\"og:title\" content=\"IFprofs - IF Lituanie\" \/>\n<meta property=\"og:url\" content=\"https:\/\/www.institutfrancais-lituanie.com\/fr\/langue-education\/ifprofs-fr\/\" \/>\n<meta property=\"og:site_name\" content=\"IF Lituanie\" \/>\n<meta property=\"article:publisher\" content=\"https:\/\/www.facebook.com\/prancuzuinstitutas\/\" \/>\n<meta property=\"article:modified_time\" content=\"2022-02-17T13:23:15+00:00\" \/>\n<meta property=\"og:image\" content=\"https:\/\/www.institutfrancais-lituanie.com\/wp-content\/uploads\/2022\/02\/if-profs-web-01.jpg\" \/>\n\t<meta property=\"og:image:width\" content=\"1191\" \/>\n\t<meta property=\"og:image:height\" content=\"654\" \/>\n\t<meta property=\"og:image:type\" content=\"image\/jpeg\" \/>\n<meta name=\"twitter:card\" content=\"summary_large_image\" \/>\n<meta name=\"twitter:label1\" content=\"Est. reading time\" \/>\n\t<meta name=\"twitter:data1\" content=\"1 minute\" \/>\n<script type=\"application\/ld+json\" class=\"yoast-schema-graph\">{\"@context\":\"https:\/\/schema.org\",\"@graph\":[{\"@type\":\"WebPage\",\"@id\":\"https:\/\/www.institutfrancais-lituanie.com\/fr\/langue-education\/ifprofs-fr\/\",\"url\":\"https:\/\/www.institutfrancais-lituanie.com\/fr\/langue-education\/ifprofs-fr\/\",\"name\":\"IFprofs - IF Lituanie\",\"isPartOf\":{\"@id\":\"https:\/\/www.institutfrancais-lituanie.com\/fr\/#website\"},\"primaryImageOfPage\":{\"@id\":\"https:\/\/www.institutfrancais-lituanie.com\/fr\/langue-education\/ifprofs-fr\/#primaryimage\"},\"image\":{\"@id\":\"https:\/\/www.institutfrancais-lituanie.com\/fr\/langue-education\/ifprofs-fr\/#primaryimage\"},\"thumbnailUrl\":\"https:\/\/www.institutfrancais-lituanie.com\/wp-content\/uploads\/2022\/02\/if-profs-web-01.jpg\",\"datePublished\":\"2022-02-17T13:22:52+00:00\",\"dateModified\":\"2022-02-17T13:23:15+00:00\",\"breadcrumb\":{\"@id\":\"https:\/\/www.institutfrancais-lituanie.com\/fr\/langue-education\/ifprofs-fr\/#breadcrumb\"},\"inLanguage\":\"fr-FR\",\"potentialAction\":[{\"@type\":\"ReadAction\",\"target\":[\"https:\/\/www.institutfrancais-lituanie.com\/fr\/langue-education\/ifprofs-fr\/\"]}]},{\"@type\":\"ImageObject\",\"inLanguage\":\"fr-FR\",\"@id\":\"https:\/\/www.institutfrancais-lituanie.com\/fr\/langue-education\/ifprofs-fr\/#primaryimage\",\"url\":\"https:\/\/www.institutfrancais-lituanie.com\/wp-content\/uploads\/2022\/02\/if-profs-web-01.jpg\",\"contentUrl\":\"https:\/\/www.institutfrancais-lituanie.com\/wp-content\/uploads\/2022\/02\/if-profs-web-01.jpg\",\"width\":1191,\"height\":654},{\"@type\":\"BreadcrumbList\",\"@id\":\"https:\/\/www.institutfrancais-lituanie.com\/fr\/langue-education\/ifprofs-fr\/#breadcrumb\",\"itemListElement\":[{\"@type\":\"ListItem\",\"position\":1,\"name\":\"Home\",\"item\":\"https:\/\/www.institutfrancais-lituanie.com\/fr\/\"},{\"@type\":\"ListItem\",\"position\":2,\"name\":\"Langue et Education\",\"item\":\"https:\/\/www.institutfrancais-lituanie.com\/fr\/langue-education\/\"},{\"@type\":\"ListItem\",\"position\":3,\"name\":\"IFprofs\"}]},{\"@type\":\"WebSite\",\"@id\":\"https:\/\/www.institutfrancais-lituanie.com\/fr\/#website\",\"url\":\"https:\/\/www.institutfrancais-lituanie.com\/fr\/\",\"name\":\"IF Lituanie\",\"description\":\"Pranc\u016bz\u0173 kalbos kursai, kult\u016bra, mediateka...\",\"publisher\":{\"@id\":\"https:\/\/www.institutfrancais-lituanie.com\/fr\/#organization\"},\"potentialAction\":[{\"@type\":\"SearchAction\",\"target\":{\"@type\":\"EntryPoint\",\"urlTemplate\":\"https:\/\/www.institutfrancais-lituanie.com\/fr\/?s={search_term_string}\"},\"query-input\":\"required name=search_term_string\"}],\"inLanguage\":\"fr-FR\"},{\"@type\":\"Organization\",\"@id\":\"https:\/\/www.institutfrancais-lituanie.com\/fr\/#organization\",\"name\":\"Pranc\u016bz\u0173 institutas\",\"url\":\"https:\/\/www.institutfrancais-lituanie.com\/fr\/\",\"logo\":{\"@type\":\"ImageObject\",\"inLanguage\":\"fr-FR\",\"@id\":\"https:\/\/www.institutfrancais-lituanie.com\/fr\/#\/schema\/logo\/image\/\",\"url\":\"https:\/\/www.institutfrancais-lituanie.com\/wp-content\/uploads\/2023\/04\/IF_Logo-Lituanie-RVB.jpg\",\"contentUrl\":\"https:\/\/www.institutfrancais-lituanie.com\/wp-content\/uploads\/2023\/04\/IF_Logo-Lituanie-RVB.jpg\",\"width\":827,\"height\":555,\"caption\":\"Pranc\u016bz\u0173 institutas\"},\"image\":{\"@id\":\"https:\/\/www.institutfrancais-lituanie.com\/fr\/#\/schema\/logo\/image\/\"},\"sameAs\":[\"https:\/\/www.facebook.com\/prancuzuinstitutas\/\",\"https:\/\/www.instagram.com\/institut_francais_lituanie\/\"]}]}<\/script>\n<!-- \/ Yoast SEO plugin. -->","yoast_head_json":{"title":"IFprofs - IF Lituanie","robots":{"index":"index","follow":"follow","max-snippet":"max-snippet:-1","max-image-preview":"max-image-preview:large","max-video-preview":"max-video-preview:-1"},"canonical":"https:\/\/www.institutfrancais-lituanie.com\/fr\/langue-education\/ifprofs-fr\/","og_locale":"fr_FR","og_type":"article","og_title":"IFprofs - IF Lituanie","og_url":"https:\/\/www.institutfrancais-lituanie.com\/fr\/langue-education\/ifprofs-fr\/","og_site_name":"IF Lituanie","article_publisher":"https:\/\/www.facebook.com\/prancuzuinstitutas\/","article_modified_time":"2022-02-17T13:23:15+00:00","og_image":[{"width":1191,"height":654,"url":"https:\/\/www.institutfrancais-lituanie.com\/wp-content\/uploads\/2022\/02\/if-profs-web-01.jpg","type":"image\/jpeg"}],"twitter_card":"summary_large_image","twitter_misc":{"Est. reading time":"1 minute"},"schema":{"@context":"https:\/\/schema.org","@graph":[{"@type":"WebPage","@id":"https:\/\/www.institutfrancais-lituanie.com\/fr\/langue-education\/ifprofs-fr\/","url":"https:\/\/www.institutfrancais-lituanie.com\/fr\/langue-education\/ifprofs-fr\/","name":"IFprofs - IF Lituanie","isPartOf":{"@id":"https:\/\/www.institutfrancais-lituanie.com\/fr\/#website"},"primaryImageOfPage":{"@id":"https:\/\/www.institutfrancais-lituanie.com\/fr\/langue-education\/ifprofs-fr\/#primaryimage"},"image":{"@id":"https:\/\/www.institutfrancais-lituanie.com\/fr\/langue-education\/ifprofs-fr\/#primaryimage"},"thumbnailUrl":"https:\/\/www.institutfrancais-lituanie.com\/wp-content\/uploads\/2022\/02\/if-profs-web-01.jpg","datePublished":"2022-02-17T13:22:52+00:00","dateModified":"2022-02-17T13:23:15+00:00","breadcrumb":{"@id":"https:\/\/www.institutfrancais-lituanie.com\/fr\/langue-education\/ifprofs-fr\/#breadcrumb"},"inLanguage":"fr-FR","potentialAction":[{"@type":"ReadAction","target":["https:\/\/www.institutfrancais-lituanie.com\/fr\/langue-education\/ifprofs-fr\/"]}]},{"@type":"ImageObject","inLanguage":"fr-FR","@id":"https:\/\/www.institutfrancais-lituanie.com\/fr\/langue-education\/ifprofs-fr\/#primaryimage","url":"https:\/\/www.institutfrancais-lituanie.com\/wp-content\/uploads\/2022\/02\/if-profs-web-01.jpg","contentUrl":"https:\/\/www.institutfrancais-lituanie.com\/wp-content\/uploads\/2022\/02\/if-profs-web-01.jpg","width":1191,"height":654},{"@type":"BreadcrumbList","@id":"https:\/\/www.institutfrancais-lituanie.com\/fr\/langue-education\/ifprofs-fr\/#breadcrumb","itemListElement":[{"@type":"ListItem","position":1,"name":"Home","item":"https:\/\/www.institutfrancais-lituanie.com\/fr\/"},{"@type":"ListItem","position":2,"name":"Langue et Education","item":"https:\/\/www.institutfrancais-lituanie.com\/fr\/langue-education\/"},{"@type":"ListItem","position":3,"name":"IFprofs"}]},{"@type":"WebSite","@id":"https:\/\/www.institutfrancais-lituanie.com\/fr\/#website","url":"https:\/\/www.institutfrancais-lituanie.com\/fr\/","name":"IF Lituanie","description":"Pranc\u016bz\u0173 kalbos kursai, kult\u016bra, mediateka...","publisher":{"@id":"https:\/\/www.institutfrancais-lituanie.com\/fr\/#organization"},"potentialAction":[{"@type":"SearchAction","target":{"@type":"EntryPoint","urlTemplate":"https:\/\/www.institutfrancais-lituanie.com\/fr\/?s={search_term_string}"},"query-input":"required name=search_term_string"}],"inLanguage":"fr-FR"},{"@type":"Organization","@id":"https:\/\/www.institutfrancais-lituanie.com\/fr\/#organization","name":"Pranc\u016bz\u0173 institutas","url":"https:\/\/www.institutfrancais-lituanie.com\/fr\/","logo":{"@type":"ImageObject","inLanguage":"fr-FR","@id":"https:\/\/www.institutfrancais-lituanie.com\/fr\/#\/schema\/logo\/image\/","url":"https:\/\/www.institutfrancais-lituanie.com\/wp-content\/uploads\/2023\/04\/IF_Logo-Lituanie-RVB.jpg","contentUrl":"https:\/\/www.institutfrancais-lituanie.com\/wp-content\/uploads\/2023\/04\/IF_Logo-Lituanie-RVB.jpg","width":827,"height":555,"caption":"Pranc\u016bz\u0173 institutas"},"image":{"@id":"https:\/\/www.institutfrancais-lituanie.com\/fr\/#\/schema\/logo\/image\/"},"sameAs":["https:\/\/www.facebook.com\/prancuzuinstitutas\/","https:\/\/www.instagram.com\/institut_francais_lituanie\/"]}]}},"_links":{"self":[{"href":"https:\/\/www.institutfrancais-lituanie.com\/fr\/wp-json\/wp\/v2\/pages\/10584"}],"collection":[{"href":"https:\/\/www.institutfrancais-lituanie.com\/fr\/wp-json\/wp\/v2\/pages"}],"about":[{"href":"https:\/\/www.institutfrancais-lituanie.com\/fr\/wp-json\/wp\/v2\/types\/page"}],"author":[{"embeddable":true,"href":"https:\/\/www.institutfrancais-lituanie.com\/fr\/wp-json\/wp\/v2\/users\/7"}],"replies":[{"embeddable":true,"href":"https:\/\/www.institutfrancais-lituanie.com\/fr\/wp-json\/wp\/v2\/comments?post=10584"}],"version-history":[{"count":2,"href":"https:\/\/www.institutfrancais-lituanie.com\/fr\/wp-json\/wp\/v2\/pages\/10584\/revisions"}],"predecessor-version":[{"id":10586,"href":"https:\/\/www.institutfrancais-lituanie.com\/fr\/wp-json\/wp\/v2\/pages\/10584\/revisions\/10586"}],"up":[{"embeddable":true,"href":"https:\/\/www.institutfrancais-lituanie.com\/fr\/wp-json\/wp\/v2\/pages\/8642"}],"wp:featuredmedia":[{"embeddable":true,"href":"https:\/\/www.institutfrancais-lituanie.com\/fr\/wp-json\/wp\/v2\/media\/10581"}],"wp:attachment":[{"href":"https:\/\/www.institutfrancais-lituanie.com\/fr\/wp-json\/wp\/v2\/media?parent=10584"}],"curies":[{"name":"wp","href":"https:\/\/api.w.org\/{rel}","templated":true}]}}